{"id":9904,"date":"2023-04-30T11:57:24","date_gmt":"2023-04-30T09:57:24","guid":{"rendered":"https:\/\/locsshop.eu\/shop\/soelv-brillekaede\/"},"modified":"2025-03-11T19:07:22","modified_gmt":"2025-03-11T18:07:22","slug":"soelv-brillekaede","status":"publish","type":"product","link":"https:\/\/locsshop.eu\/en\/shop\/soelv-brillekaede\/","title":{"rendered":"Silver Glasses chain"},"content":{"rendered":"<h1>Silver Glasses chain<\/h1>\n<p>67.5 cm. long.<br \/>\n3 mm. thickness of the chain.<br \/>\nMaterial: Metal<\/p>\n<p>Suitable for both glasses and sunglasses<\/p>\n<p>A sunglasses chain \/ glasses chain is a safe way to wear your sunglasses and glasses. It helps you prevent the loss of your sunglasses and glasses and also ensures that they do not fall off when you are out sailing, for example.<br \/>\nIt is also a practical accessory for the beach so that you don&#039;t get sand on your sunglasses or glasses, so you never have to worry about having to keep an eye on your sunglasses or glasses and at the same time it looks really cool when you have the cord on your sunglasses .<\/p>\n<p>The glasses string is easily mounted by tightening the rubber rings at the end of the rod.<\/p>","protected":false},"excerpt":{"rendered":"<p>Silver metal eyeglass chain<br \/>\nFor glasses and sunglasses<br \/>\n67.5 cm.<\/p>","protected":false},"featured_media":9905,"comment_status":"closed","ping_status":"closed","template":"","meta":{"om_disable_all_campaigns":false,"_monsterinsights_skip_tracking":false,"_monsterinsights_sitenote_active":false,"_monsterinsights_sitenote_note":"","_monsterinsights_sitenote_category":0},"product_brand":[],"product_cat":[1041],"product_tag":[1285,572,483],"class_list":{"0":"post-9904","1":"product","2":"type-product","3":"status-publish","4":"has-post-thumbnail","6":"product_cat-etuier-tilbehoer","7":"product_tag-brillekaede","8":"product_tag-brillesnor","9":"product_tag-lyseroede","11":"first","12":"instock","13":"shipping-taxable","14":"purchasable","15":"product-type-simple"},"yoast_head":"<!-- This site is optimized with the Yoast SEO plugin v27.5 - https:\/\/yoast.com\/product\/yoast-seo-wordpress\/ -->\n<title>S\u00f8lv Brillek\u00e6de | K\u00f8b online her | LOCS<\/title>\n<meta name=\"description\" content=\"K\u00f8b S\u00f8lv Brillek\u00e6de her | EU&#039;s st\u00f8rste udvalg af LOCS solbriller | Vi sender fra EU - Ingen ekstra import udgifter\" \/>\n<meta name=\"robots\" content=\"index, follow, max-snippet:-1, max-image-preview:large, max-video-preview:-1\" \/>\n<link rel=\"canonical\" href=\"https:\/\/locsshop.eu\/en\/shop\/soelv-brillekaede\/\" \/>\n<meta property=\"og:locale\" content=\"en_GB\" \/>\n<meta property=\"og:type\" content=\"article\" \/>\n<meta property=\"og:title\" content=\"S\u00f8lv Brillek\u00e6de | K\u00f8b online her | LOCS\" \/>\n<meta property=\"og:description\" content=\"K\u00f8b S\u00f8lv Brillek\u00e6de her | EU&#039;s st\u00f8rste udvalg af LOCS solbriller | Vi sender fra EU - Ingen ekstra import udgifter\" \/>\n<meta property=\"og:url\" content=\"https:\/\/locsshop.eu\/en\/shop\/soelv-brillekaede\/\" \/>\n<meta property=\"og:site_name\" content=\"Locs Sunglasses - LOCS Supplier in EU\" \/>\n<meta property=\"article:modified_time\" content=\"2025-03-11T18:07:22+00:00\" \/>\n<meta property=\"og:image\" content=\"https:\/\/locsshop.eu\/wp-content\/uploads\/2023\/04\/soelv-brillekaede-2.jpg\" \/>\n\t<meta property=\"og:image:width\" content=\"800\" \/>\n\t<meta property=\"og:image:height\" content=\"800\" \/>\n\t<meta property=\"og:image:type\" content=\"image\/jpeg\" \/>\n<meta name=\"twitter:card\" content=\"summary_large_image\" \/>\n<meta name=\"twitter:label1\" content=\"Estimated reading time\" \/>\n\t<meta name=\"twitter:data1\" content=\"1 minute\" \/>\n<script type=\"application\/ld+json\" class=\"yoast-schema-graph\">{\"@context\":\"https:\\\/\\\/schema.org\",\"@graph\":[{\"@type\":\"WebPage\",\"@id\":\"https:\\\/\\\/locsshop.eu\\\/shop\\\/soelv-brillekaede\\\/\",\"url\":\"https:\\\/\\\/locsshop.eu\\\/shop\\\/soelv-brillekaede\\\/\",\"name\":\"S\u00f8lv Brillek\u00e6de | K\u00f8b online her | LOCS\",\"isPartOf\":{\"@id\":\"https:\\\/\\\/locsshop.eu\\\/#website\"},\"primaryImageOfPage\":{\"@id\":\"https:\\\/\\\/locsshop.eu\\\/shop\\\/soelv-brillekaede\\\/#primaryimage\"},\"image\":{\"@id\":\"https:\\\/\\\/locsshop.eu\\\/shop\\\/soelv-brillekaede\\\/#primaryimage\"},\"thumbnailUrl\":\"https:\\\/\\\/locsshop.eu\\\/wp-content\\\/uploads\\\/2023\\\/04\\\/soelv-brillekaede-2.jpg\",\"datePublished\":\"2023-04-30T09:57:24+00:00\",\"dateModified\":\"2025-03-11T18:07:22+00:00\",\"description\":\"K\u00f8b S\u00f8lv Brillek\u00e6de her | EU's st\u00f8rste udvalg af LOCS solbriller | Vi sender fra EU - Ingen ekstra import udgifter\",\"breadcrumb\":{\"@id\":\"https:\\\/\\\/locsshop.eu\\\/shop\\\/soelv-brillekaede\\\/#breadcrumb\"},\"inLanguage\":\"en-GB\",\"potentialAction\":[{\"@type\":\"ReadAction\",\"target\":[\"https:\\\/\\\/locsshop.eu\\\/shop\\\/soelv-brillekaede\\\/\"]}]},{\"@type\":\"ImageObject\",\"inLanguage\":\"en-GB\",\"@id\":\"https:\\\/\\\/locsshop.eu\\\/shop\\\/soelv-brillekaede\\\/#primaryimage\",\"url\":\"https:\\\/\\\/locsshop.eu\\\/wp-content\\\/uploads\\\/2023\\\/04\\\/soelv-brillekaede-2.jpg\",\"contentUrl\":\"https:\\\/\\\/locsshop.eu\\\/wp-content\\\/uploads\\\/2023\\\/04\\\/soelv-brillekaede-2.jpg\",\"width\":800,\"height\":800},{\"@type\":\"BreadcrumbList\",\"@id\":\"https:\\\/\\\/locsshop.eu\\\/shop\\\/soelv-brillekaede\\\/#breadcrumb\",\"itemListElement\":[{\"@type\":\"ListItem\",\"position\":1,\"name\":\"Hjem\",\"item\":\"https:\\\/\\\/locsshop.eu\\\/\"},{\"@type\":\"ListItem\",\"position\":2,\"name\":\"Shop\",\"item\":\"https:\\\/\\\/locsshop.eu\\\/shop\\\/\"},{\"@type\":\"ListItem\",\"position\":3,\"name\":\"S\u00f8lv Brillek\u00e6de\"}]},{\"@type\":\"WebSite\",\"@id\":\"https:\\\/\\\/locsshop.eu\\\/#website\",\"url\":\"https:\\\/\\\/locsshop.eu\\\/\",\"name\":\"Locs Sunglasses - LOCS Supplier in EU\",\"description\":\"We sell cheap LOCS Sunglasses\",\"publisher\":{\"@id\":\"https:\\\/\\\/locsshop.eu\\\/#organization\"},\"potentialAction\":[{\"@type\":\"SearchAction\",\"target\":{\"@type\":\"EntryPoint\",\"urlTemplate\":\"https:\\\/\\\/locsshop.eu\\\/?s={search_term_string}\"},\"query-input\":{\"@type\":\"PropertyValueSpecification\",\"valueRequired\":true,\"valueName\":\"search_term_string\"}}],\"inLanguage\":\"en-GB\"},{\"@type\":\"Organization\",\"@id\":\"https:\\\/\\\/locsshop.eu\\\/#organization\",\"name\":\"Locsshop.eu\",\"url\":\"https:\\\/\\\/locsshop.eu\\\/\",\"logo\":{\"@type\":\"ImageObject\",\"inLanguage\":\"en-GB\",\"@id\":\"https:\\\/\\\/locsshop.eu\\\/#\\\/schema\\\/logo\\\/image\\\/\",\"url\":\"https:\\\/\\\/locsshop.eu\\\/wp-content\\\/uploads\\\/2022\\\/02\\\/Locsshop-logo.png\",\"contentUrl\":\"https:\\\/\\\/locsshop.eu\\\/wp-content\\\/uploads\\\/2022\\\/02\\\/Locsshop-logo.png\",\"width\":930,\"height\":200,\"caption\":\"Locsshop.eu\"},\"image\":{\"@id\":\"https:\\\/\\\/locsshop.eu\\\/#\\\/schema\\\/logo\\\/image\\\/\"}}]}<\/script>\n<!-- \/ Yoast SEO plugin. -->","yoast_head_json":{"title":"Silver Glasses chain | Buy online here | LOCS","description":"Buy Silver Glasses Chain here | The EU&#039;s largest selection of LOCS sunglasses | We ship from the EU - No extra import costs","robots":{"index":"index","follow":"follow","max-snippet":"max-snippet:-1","max-image-preview":"max-image-preview:large","max-video-preview":"max-video-preview:-1"},"canonical":"https:\/\/locsshop.eu\/en\/shop\/soelv-brillekaede\/","og_locale":"en_GB","og_type":"article","og_title":"S\u00f8lv Brillek\u00e6de | K\u00f8b online her | LOCS","og_description":"K\u00f8b S\u00f8lv Brillek\u00e6de her | EU's st\u00f8rste udvalg af LOCS solbriller | Vi sender fra EU - Ingen ekstra import udgifter","og_url":"https:\/\/locsshop.eu\/en\/shop\/soelv-brillekaede\/","og_site_name":"Locs Sunglasses - LOCS Supplier in EU","article_modified_time":"2025-03-11T18:07:22+00:00","og_image":[{"width":800,"height":800,"url":"https:\/\/locsshop.eu\/wp-content\/uploads\/2023\/04\/soelv-brillekaede-2.jpg","type":"image\/jpeg"}],"twitter_card":"summary_large_image","twitter_misc":{"Estimated reading time":"1 minute"},"schema":{"@context":"https:\/\/schema.org","@graph":[{"@type":"WebPage","@id":"https:\/\/locsshop.eu\/shop\/soelv-brillekaede\/","url":"https:\/\/locsshop.eu\/shop\/soelv-brillekaede\/","name":"Silver Glasses chain | Buy online here | LOCS","isPartOf":{"@id":"https:\/\/locsshop.eu\/#website"},"primaryImageOfPage":{"@id":"https:\/\/locsshop.eu\/shop\/soelv-brillekaede\/#primaryimage"},"image":{"@id":"https:\/\/locsshop.eu\/shop\/soelv-brillekaede\/#primaryimage"},"thumbnailUrl":"https:\/\/locsshop.eu\/wp-content\/uploads\/2023\/04\/soelv-brillekaede-2.jpg","datePublished":"2023-04-30T09:57:24+00:00","dateModified":"2025-03-11T18:07:22+00:00","description":"Buy Silver Glasses Chain here | The EU&#039;s largest selection of LOCS sunglasses | We ship from the EU - No extra import costs","breadcrumb":{"@id":"https:\/\/locsshop.eu\/shop\/soelv-brillekaede\/#breadcrumb"},"inLanguage":"en-GB","potentialAction":[{"@type":"ReadAction","target":["https:\/\/locsshop.eu\/shop\/soelv-brillekaede\/"]}]},{"@type":"ImageObject","inLanguage":"en-GB","@id":"https:\/\/locsshop.eu\/shop\/soelv-brillekaede\/#primaryimage","url":"https:\/\/locsshop.eu\/wp-content\/uploads\/2023\/04\/soelv-brillekaede-2.jpg","contentUrl":"https:\/\/locsshop.eu\/wp-content\/uploads\/2023\/04\/soelv-brillekaede-2.jpg","width":800,"height":800},{"@type":"BreadcrumbList","@id":"https:\/\/locsshop.eu\/shop\/soelv-brillekaede\/#breadcrumb","itemListElement":[{"@type":"ListItem","position":1,"name":"Hjem","item":"https:\/\/locsshop.eu\/"},{"@type":"ListItem","position":2,"name":"Shop","item":"https:\/\/locsshop.eu\/shop\/"},{"@type":"ListItem","position":3,"name":"S\u00f8lv Brillek\u00e6de"}]},{"@type":"WebSite","@id":"https:\/\/locsshop.eu\/#website","url":"https:\/\/locsshop.eu\/","name":"Locs Sunglasses - LOCS Supplier in EU","description":"We sell cheap LOCS Sunglasses","publisher":{"@id":"https:\/\/locsshop.eu\/#organization"},"potentialAction":[{"@type":"SearchAction","target":{"@type":"EntryPoint","urlTemplate":"https:\/\/locsshop.eu\/?s={search_term_string}"},"query-input":{"@type":"PropertyValueSpecification","valueRequired":true,"valueName":"search_term_string"}}],"inLanguage":"en-GB"},{"@type":"Organization","@id":"https:\/\/locsshop.eu\/#organization","name":"Locsshop.eu","url":"https:\/\/locsshop.eu\/","logo":{"@type":"ImageObject","inLanguage":"en-GB","@id":"https:\/\/locsshop.eu\/#\/schema\/logo\/image\/","url":"https:\/\/locsshop.eu\/wp-content\/uploads\/2022\/02\/Locsshop-logo.png","contentUrl":"https:\/\/locsshop.eu\/wp-content\/uploads\/2022\/02\/Locsshop-logo.png","width":930,"height":200,"caption":"Locsshop.eu"},"image":{"@id":"https:\/\/locsshop.eu\/#\/schema\/logo\/image\/"}}]}},"_links":{"self":[{"href":"https:\/\/locsshop.eu\/en\/wp-json\/wp\/v2\/product\/9904","targetHints":{"allow":["GET"]}}],"collection":[{"href":"https:\/\/locsshop.eu\/en\/wp-json\/wp\/v2\/product"}],"about":[{"href":"https:\/\/locsshop.eu\/en\/wp-json\/wp\/v2\/types\/product"}],"replies":[{"embeddable":true,"href":"https:\/\/locsshop.eu\/en\/wp-json\/wp\/v2\/comments?post=9904"}],"wp:featuredmedia":[{"embeddable":true,"href":"https:\/\/locsshop.eu\/en\/wp-json\/wp\/v2\/media\/9905"}],"wp:attachment":[{"href":"https:\/\/locsshop.eu\/en\/wp-json\/wp\/v2\/media?parent=9904"}],"wp:term":[{"taxonomy":"product_brand","embeddable":true,"href":"https:\/\/locsshop.eu\/en\/wp-json\/wp\/v2\/product_brand?post=9904"},{"taxonomy":"product_cat","embeddable":true,"href":"https:\/\/locsshop.eu\/en\/wp-json\/wp\/v2\/product_cat?post=9904"},{"taxonomy":"product_tag","embeddable":true,"href":"https:\/\/locsshop.eu\/en\/wp-json\/wp\/v2\/product_tag?post=9904"}],"curies":[{"name":"wp","href":"https:\/\/api.w.org\/{rel}","templated":true}]}}