{"id":2,"date":"2020-07-02T23:43:32","date_gmt":"2020-07-02T21:43:32","guid":{"rendered":"https:\/\/locsshop.eu\/?page_id=2"},"modified":"2024-09-26T19:50:24","modified_gmt":"2024-09-26T17:50:24","slug":"terms","status":"publish","type":"page","link":"https:\/\/locsshop.eu\/es\/terms\/","title":{"rendered":"T\u00e9rminos y condiciones"},"content":{"rendered":"<section class=\"section\" id=\"section_284801912\">\n\t\t<div class=\"section-bg fill\" >\n\t\t\t\t\t\t\t\t\t\n\t\t\t\n\n\t\t<\/div>\n\n\t\t\n\n\t\t<div class=\"section-content relative\">\n\t\t\t\n\n<h1 class=\"uppercase\" style=\"text-align: center;\"><strong>T\u00e9rminos y condiciones<\/strong><\/h1>\n\n\t\t<\/div>\n\n\t\t\n<style>\n#section_284801912 {\n  padding-top: 30px;\n  padding-bottom: 30px;\n}\n<\/style>\n\t<\/section>\n\t\n<div class=\"column mcb-column mcb-item-e18585h4g one-third column_column\">\n<div class=\"column mcb-column mcb-item-e18585h4g one-third column_column\">\n<div class=\"column_attr clearfix\">\n<h4><b>T\u00e9rminos y condiciones de comercio<\/b><br \/><b>al comprar en Locsshop.eu<\/b><\/h4>\n<p>\u00a0<\/p>\n<p><i>V\u00e1lido desde el 3 de febrero de 2022<\/i><\/p>\n<p><strong style=\"font-size: 25.92px; color: #333333;\">COMPRA<\/strong><\/p>\n<\/div>\n<\/div>\n<div class=\"column mcb-column mcb-item-273curbib one column_column\">\n<div class=\"column_attr clearfix\">\n<p>Cuando acepta nuestros t\u00e9rminos y condiciones, tambi\u00e9n acepta los nuestros.\u00a0<a href=\"http:\/\/locs.dk\/privat-politik\/\" target=\"_blank\" rel=\"noopener noreferrer\">Pol\u00edtica privada<\/a><\/p>\n<p>\u00a0<\/p>\n<h1><strong>Marca LOCS<br \/><\/strong><\/h1>\n<p>Debe enfatizarse que somos solo un distribuidor de Locs\u00ae y no el fabricante.<\/p>\n<\/div>\n<\/div>\n<div class=\"column mcb-column mcb-item-bwrdid7u6 one column_column\">\n<div class=\"column_attr clearfix\">\n<h1>\u00a0<\/h1>\n<h1><strong>PAGO<\/strong><\/h1>\n<p>Todos nuestros precios est\u00e1n indicados en EURO (EUR). Sin embargo, tenga en cuenta que el flete y el env\u00edo solo se agregan al pedido total al final del proceso de pago.<\/p>\n<p>Ofrecemos comercio con\u00a0<b>Visa, Mastercard y American Express<\/b> a trav\u00e9s de una pasarela de pago de terceros.\u00a0<\/p>\n<p>Nunca podremos deducir un importe superior al que usted mismo solicit\u00f3. El pago es seguro y encriptado.<\/p>\n<\/div>\n<\/div>\n<div class=\"column mcb-column mcb-item-ncu7sfbwo one column_column\">\n<div class=\"column_attr clearfix\">\n<h1>\u00a0<\/h1>\n<h1><b>RETORNO A LA DERECHA<\/b><\/h1>\n<p>En Locsshop.eu tienes 14 d\u00edas completos de derecho de devoluci\u00f3n en todas tus compras. Si se arrepiente de la compra, cualquier art\u00edculo puede devolverse dentro de los 14 d\u00edas a partir de la fecha en que recibi\u00f3 el art\u00edculo. Luego tiene 14 d\u00edas para devolver el art\u00edculo. Si se arrepiente de su compra, debe devolver el art\u00edculo en las mismas condiciones y cantidad que cuando lo recibi\u00f3, y adjuntar una copia de la factura. Tambi\u00e9n debe comunicarse con nosotros a m\u00e1s tardar 14 d\u00edas despu\u00e9s de haber recibido el art\u00edculo para que sepamos que utilizar\u00e1 el derecho de devoluci\u00f3n. Siempre debe asegurarse de recibir una confirmaci\u00f3n nuestra y guardarla. Si el art\u00edculo ha sido usado o el embalaje original no est\u00e1 intacto, Locsshop.eu evaluar\u00e1 la disminuci\u00f3n de valor y posteriormente acreditar\u00e1 el monto restante en su cuenta. Solo est\u00e1 permitido probarse el art\u00edculo como lo har\u00eda en una tienda. Esto significa que si el art\u00edculo huele a humo, tiene pelo de animal, tiene manchas u otras cosas que hacen que el art\u00edculo no se considere nuevo, no podr\u00e1 recuperar su dinero o solo recuperar\u00e1 parte del monto como el art\u00edculo. ha disminuido de valor. Aqu\u00ed recibir\u00e1s lo que vale el art\u00edculo en el estado en que lo recibimos.<\/p>\n<p>El importe de la compra se deposita directamente en la tarjeta con la que pag\u00f3.<\/p>\n<p><b>Debe pagar el env\u00edo usted mismo para los productos que se devuelven<\/b>. Para que usted como cliente pueda documentar que el art\u00edculo ha sido devuelto a tiempo, debe recibir un recibo de env\u00edo.\u00a0<b>Al mismo tiempo, el producto es su responsabilidad durante el transporte.<\/b> y se realizar\u00e1 una evaluaci\u00f3n de deterioro si el art\u00edculo se rompe cuando recibimos el paquete. As\u00ed que aseg\u00farese de empacar el art\u00edculo correctamente. Le recomendamos que compre una etiqueta de paquete con seguimiento y seguro. No recomendamos devolver la mercanc\u00eda por carta, ya que la mercanc\u00eda no est\u00e1 asegurada en caso de p\u00e9rdida o rotura durante el transporte. Por lo tanto, siempre devuelva los productos como un paquete y obtenga un recibo de entrega. Entonces tienes prueba de env\u00edo.<br \/><b>Si ha comprado varios art\u00edculos en un pedido y se arrepiente solo de una parte de su compra, no le reembolsaremos los gastos de env\u00edo.<\/b>\u00a0En este caso, solo recibir\u00e1s el importe del art\u00edculo devuelto y no los gastos de env\u00edo.<br \/><b>Los paquetes enviados contra reembolso no ser\u00e1n aceptados y se le devolver\u00e1n como remitente.<\/b><\/p>\n<p><span style=\"font-size: 120%;\">\u00a1Cont\u00e1ctenos en info@locsshop.eu si necesita devolver sus productos!<\/span><\/p>\n<h4>\u00a0<\/h4>\n<\/div>\n<\/div>\n<div class=\"column mcb-column mcb-item-otdffack5 one column_column\">\n<div class=\"column_attr clearfix\">\n<h1><b>INTERCAMBIO<\/b><\/h1>\n<p>Para los cambios se aplican las mismas reglas que para el derecho de devoluci\u00f3n de 14 d\u00edas.<br \/>Si desea cambiar un art\u00edculo, debe devolver el art\u00edculo original y luego le pagaremos el monto total si, cuando hayamos procesado su devoluci\u00f3n.<br \/>Debe comprar el art\u00edculo deseado como compr\u00f3 el primer art\u00edculo.<\/p>\n<\/div>\n<div>\u00a0<\/div>\n<\/div>\n<div class=\"column mcb-column mcb-item-lsgzey4bn one column_column\">\n<div class=\"column_attr clearfix\">\n<h1>\u00a0<\/h1>\n<h1><b>BIENES DEFECTUOSOS Y BIENES INCORRECTOS<\/b><\/h1>\n<p>Si recibe un art\u00edculo incorrecto, simplemente env\u00edenos el art\u00edculo y le enviaremos un nuevo art\u00edculo sin cargo si tenemos el art\u00edculo en stock. Si el art\u00edculo est\u00e1 agotado, le devolveremos el monto total, a menos que desee otro art\u00edculo. En el caso de productos defectuosos, el env\u00edo de devoluci\u00f3n tambi\u00e9n es, por supuesto, gratuito para usted. P\u00f3ngase en contacto con nosotros de inmediato escribiendo un correo electr\u00f3nico a info@Locsshop.eu si ha recibido un art\u00edculo defectuoso o un art\u00edculo incorrecto, entonces podemos enviarle una etiqueta de env\u00edo de devoluci\u00f3n que debe usar cuando tenga que devolvernos los art\u00edculos. Recuerda enviar los productos tal y como los recibiste. Incluyendo todo lo que hab\u00eda en el paquete al recibirlo.<\/p>\n<\/div>\n<\/div>\n<div class=\"column mcb-column mcb-item-fw9ydm291 one column_column\">\n<div class=\"column_attr clearfix\">\n<h1>\u00a0<\/h1>\n<h1><b>QUEJA<\/b><\/h1>\n<p>Puede ocurrir que haya un error o la falta de alg\u00fan art\u00edculo. En esa situaci\u00f3n, es importante que se comunique con nosotros. Por supuesto, seremos \u00fatiles para remediar la queja. Como consumidor, tienes 2 a\u00f1os de derecho a reclamar. Es importante que se comunique con nosotros dentro de un tiempo razonable despu\u00e9s de haber descubierto el error o la deficiencia. Dependiendo de la magnitud del error\/deficiencia, se reparar\u00e1 el art\u00edculo, se cambiar\u00e1 o se le devolver\u00e1 el dinero.<\/p>\n<p>Para que podamos aprobar una queja, es una condici\u00f3n, por supuesto, que la queja est\u00e9 justificada y que el error no se haya producido porque haya utilizado el producto incorrectamente o haya tenido otro comportamiento que cause da\u00f1os. Es importante tener en cuenta que las brillantinas, las perlas, los bordados u otras decoraciones deben tratarse con cuidado. La mica y la plata\/oro eventualmente perder\u00e1n su brillo despu\u00e9s del lavado y uso. Tambi\u00e9n se denomina desgaste si los colores textiles pierden un poco de color despu\u00e9s de algunos lavados.<\/p>\n<p>\u00bfQu\u00e9 es un tiempo razonable? Si presenta una queja dentro de los 14 d\u00edas posteriores a haber descubierto el error\/deficiencia, la queja se considera oportuna. Una queja aprobada tambi\u00e9n significa que reembolsamos los costos razonables de env\u00edo. Los costos razonables son nuestra etiqueta de env\u00edo absolutamente m\u00e1s barata.<\/p>\n<p>Siempre cont\u00e1ctenos antes de enviar el art\u00edculo. Es posible que podamos encontrar una soluci\u00f3n basada en una imagen, lo que significa que no necesita enviarnos el art\u00edculo.<\/p>\n<\/div>\n<\/div>\n<div class=\"column mcb-column mcb-item-849gopkgq one column_column\">\n<div class=\"column_attr clearfix\">\n<h1>\u00a0<\/h1>\n<h1><b>ENTREGA<\/b><\/h1>\n<p><b>Cuando proporcionamos informaci\u00f3n sobre tiempos de entrega, estos son tiempos de entrega esperados<\/b>, que nos han informado los transportistas. Locsshop.eu no se hace responsable de los paquetes que excedan estos tiempos esperados. Durante las horas punta, es de esperar que se produzca un tiempo de entrega adicional.<\/p>\n<p>Si el Reenviador no se encuentra con nadie en la direcci\u00f3n del destinatario, entrega el paquete en un lugar de recolecci\u00f3n o en un dep\u00f3sito. Como destinatario, se le notificar\u00e1 de esto. Entonces es obligaci\u00f3n del destinatario ponerse en contacto con el transportista con respecto a una nueva entrega o recogida del paquete. Despu\u00e9s de 7 d\u00edas h\u00e1biles (dependiendo del transportista) devuelven el paquete al remitente (Locsshop.eu). Por ello, recomendamos recoger el paquete o ponerse en contacto con el transportista lo antes posible.<br \/>Lea los t\u00e9rminos exactos en el sitio web del transportista:<\/p>\n<\/div>\n<div>\u00a0<\/div>\n<\/div>\n<div class=\"column mcb-column mcb-item-w7ajprdoe one column_column\">\n<div class=\"column_attr clearfix\">\n<h1>\u00a0<\/h1>\n<h1><b>PAQUETES NO RECOGIDOS<\/b><\/h1>\n<p><b>B\u00e1sicamente tienes min. 7 d\u00edas para recoger tu paquete<\/b>. <br \/>Sin embargo, esto depende del transportista elegido.<\/p>\n<p>Compruebe siempre el plazo con el transportista (GLS, DHL, PostNord, Bring, CoolEurope, Coolrunner, DAO)<\/p>\n<p>Si no recoge su paquete dentro del plazo de recogida del transportista, el paquete nos ser\u00e1 devuelto. En este caso, no recuperar\u00e1 los gastos de env\u00edo, ya que ya hemos pagado al transportista por la entrega de su paquete. Por lo tanto, siempre recomendamos recoger el paquete lo antes posible. Adem\u00e1s, es su deber como cliente comprobar el plazo de recogida con el transportista elegido y cumplirlo.<\/p>\n<p><strong>Como se nos factura por la devoluci\u00f3n de los paquetes que no se recogen, este importe tambi\u00e9n se deduce de sus cuentas por cobrar, por lo que recomendamos encarecidamente que los paquetes se recojan antes de que se supere el plazo y antes de que nos devuelvan el paquete.<br \/>Tambi\u00e9n deducimos el doble de los costos de env\u00edo por env\u00edo gratuito, ya que tambi\u00e9n pagamos 2 veces los costos de env\u00edo, incluso si le hemos brindado env\u00edo gratuito en compras superiores a una determinada cantidad.<br \/>Es nuestro precio de coste el que deducimos, por lo que si su paquete ha sido m\u00e1s pesado que los paquetes peque\u00f1os y por lo tanto m\u00e1s costoso, le deduciremos nuestro precio de coste total en caso de que no recoja el paquete antes de la fecha l\u00edmite indicada por el transportista.<\/strong><\/p>\n<p>Si desea que reenviemos su paquete, debe comprar una nueva etiqueta de paquete. P\u00f3ngase en contacto con nosotros si desea esto.<\/p>\n<p>Si desea cancelar el pedido, le transferiremos el importe de la compra de la mercanc\u00eda cuando la hayamos recibido de vuelta, pero no el flete si el paquete ya ha sido enviado.<br \/>Adem\u00e1s, los costes de devoluci\u00f3n del paquete tambi\u00e9n se deducen de sus cuentas por cobrar.<br \/>Devolvemos su cuenta por cobrar a la tarjeta de pago que se utiliz\u00f3 para la compra.<\/p>\n<h5>\u00a1Tenga en cuenta que los paquetes no reclamados no est\u00e1n cubiertos por el derecho de cancelaci\u00f3n!<\/h5>\n<p>\u00a0<\/p>\n<\/div>\n<\/div>\n<div class=\"column mcb-column mcb-item-mllabdt30 one column_column\">\n<div class=\"column_attr clearfix\">\n<h1>\u00a0<\/h1>\n<h1><b>PRESENTACI\u00d3N DE PEDIDOS<\/b><\/h1>\n<p>Cuando realiza un pedido en Locsshop.eu, no es un acuerdo legalmente vinculante. Locsshop.eu puede cancelar el pedido en cualquier momento en caso de errores de impresi\u00f3n, problemas t\u00e9cnicos, fallas en la entrega, errores en el estado del stock y situaciones similares. El acuerdo entre usted como cliente y nosotros como vendedor solo ser\u00e1 vinculante cuando le hayamos notificado que su pedido ha sido enviado.<\/p>\n<p>\u00a0<\/p>\n<\/div>\n<\/div>\n<div class=\"column mcb-column mcb-item-55f1fs4ay one column_column\">\n<div class=\"column_attr clearfix\">\n<h1>\u00a0<\/h1>\n<h1><b>DESCARGO DE RESPONSABILIDAD Y DESCARGO DE RESPONSABILIDAD<\/b><\/h1>\n<p>Locsshop.eu se reserva el derecho de cualquier cambio de tarifa, errores de revisi\u00f3n y precio, errores t\u00e9cnicos, art\u00edculos agotados y fuerza mayor, incluidos los conflictos laborales y las deficiencias o retrasos en las entregas de los subproveedores.<br \/>Adem\u00e1s, se hacen reservas por desviaciones en los colores, etc. de las im\u00e1genes del producto que se muestran. El brillo, la configuraci\u00f3n del color y la selecci\u00f3n de pantalla tambi\u00e9n pueden contribuir a que la imagen se muestre incorrectamente.<br \/>Todos los derechos de propiedad intelectual, incluidos los textos, gr\u00e1ficos y logotipos, pertenecen a Locsshop.eu<br \/>No est\u00e1 permitido copiar, descargar, distribuir, publicar o reproducir material de cualquier otra forma sin un acuerdo previo al respecto.<br \/>La violaci\u00f3n de esto puede dar lugar a acciones legales.<\/p>\n<\/div>\n<div>\u00a0<\/div>\n<\/div>\n<div class=\"column mcb-column mcb-item-aogzkabz5 one column_column\">\n<div class=\"column_attr clearfix\">\n<h1>\u00a0<\/h1>\n<h1><b>ACCESO A QUEJAS<\/b><\/h1>\n<p>Si desea presentar una reclamaci\u00f3n sobre su compra, debe escribirnos a info@Locsshop.eu. Si no podemos encontrar una soluci\u00f3n juntos, puede enviar una queja al portal de quejas en l\u00ednea de la Comisi\u00f3n Europea: http:\/\/ec.europa.eu<\/p>\n<\/div>\n<\/div>\n<\/div>","protected":false},"excerpt":{"rendered":"","protected":false},"author":1,"featured_media":0,"parent":0,"menu_order":0,"comment_status":"closed","ping_status":"closed","template":"","meta":{"om_disable_all_campaigns":false,"_monsterinsights_skip_tracking":false,"_monsterinsights_sitenote_active":false,"_monsterinsights_sitenote_note":"","_monsterinsights_sitenote_category":0,"footnotes":""},"class_list":["post-2","page","type-page","status-publish","hentry"],"yoast_head":"<!-- This site is optimized with the Yoast SEO plugin v27.5 - https:\/\/yoast.com\/product\/yoast-seo-wordpress\/ -->\n<title>Locsshop.eu | L\u00e6s vores vilk\u00e5r og betingelser her<\/title>\n<meta name=\"description\" content=\"Vi l\u00e6gger v\u00e6gt p\u00e5 en god kundeoplevelse, og vi har alle vilk\u00e5rene anf\u00f8rt lige her. Hvis vi kan hj\u00e6lpe dig p\u00e5 nogen m\u00e5de, bedes du kontakte os.\" \/>\n<meta name=\"robots\" content=\"index, follow, max-snippet:-1, max-image-preview:large, max-video-preview:-1\" \/>\n<link rel=\"canonical\" href=\"https:\/\/locsshop.eu\/es\/terms\/\" \/>\n<meta property=\"og:locale\" content=\"es_ES\" \/>\n<meta property=\"og:type\" content=\"article\" \/>\n<meta property=\"og:title\" content=\"Locsshop.eu | L\u00e6s vores vilk\u00e5r og betingelser her\" \/>\n<meta property=\"og:description\" content=\"Vi l\u00e6gger v\u00e6gt p\u00e5 en god kundeoplevelse, og vi har alle vilk\u00e5rene anf\u00f8rt lige her. Hvis vi kan hj\u00e6lpe dig p\u00e5 nogen m\u00e5de, bedes du kontakte os.\" \/>\n<meta property=\"og:url\" content=\"https:\/\/locsshop.eu\/es\/terms\/\" \/>\n<meta property=\"og:site_name\" content=\"Locs Sunglasses - LOCS Supplier in EU\" \/>\n<meta property=\"article:modified_time\" content=\"2024-09-26T17:50:24+00:00\" \/>\n<meta property=\"og:image\" content=\"https:\/\/locsshop.eu\/wp-content\/uploads\/2022\/01\/Locs.png\" \/>\n\t<meta property=\"og:image:width\" content=\"600\" \/>\n\t<meta property=\"og:image:height\" content=\"200\" \/>\n\t<meta property=\"og:image:type\" content=\"image\/png\" \/>\n<meta name=\"twitter:card\" content=\"summary_large_image\" \/>\n<meta name=\"twitter:label1\" content=\"Tiempo de lectura\" \/>\n\t<meta name=\"twitter:data1\" content=\"8 minutos\" \/>\n<script type=\"application\/ld+json\" class=\"yoast-schema-graph\">{\"@context\":\"https:\\\/\\\/schema.org\",\"@graph\":[{\"@type\":\"WebPage\",\"@id\":\"https:\\\/\\\/locsshop.eu\\\/terms\\\/\",\"url\":\"https:\\\/\\\/locsshop.eu\\\/terms\\\/\",\"name\":\"Locsshop.eu | L\u00e6s vores vilk\u00e5r og betingelser her\",\"isPartOf\":{\"@id\":\"https:\\\/\\\/locsshop.eu\\\/#website\"},\"datePublished\":\"2020-07-02T21:43:32+00:00\",\"dateModified\":\"2024-09-26T17:50:24+00:00\",\"description\":\"Vi l\u00e6gger v\u00e6gt p\u00e5 en god kundeoplevelse, og vi har alle vilk\u00e5rene anf\u00f8rt lige her. Hvis vi kan hj\u00e6lpe dig p\u00e5 nogen m\u00e5de, bedes du kontakte os.\",\"breadcrumb\":{\"@id\":\"https:\\\/\\\/locsshop.eu\\\/terms\\\/#breadcrumb\"},\"inLanguage\":\"es\",\"potentialAction\":[{\"@type\":\"ReadAction\",\"target\":[\"https:\\\/\\\/locsshop.eu\\\/terms\\\/\"]}]},{\"@type\":\"BreadcrumbList\",\"@id\":\"https:\\\/\\\/locsshop.eu\\\/terms\\\/#breadcrumb\",\"itemListElement\":[{\"@type\":\"ListItem\",\"position\":1,\"name\":\"Hjem\",\"item\":\"https:\\\/\\\/locsshop.eu\\\/\"},{\"@type\":\"ListItem\",\"position\":2,\"name\":\"Vilk\u00e5r og betingelser\"}]},{\"@type\":\"WebSite\",\"@id\":\"https:\\\/\\\/locsshop.eu\\\/#website\",\"url\":\"https:\\\/\\\/locsshop.eu\\\/\",\"name\":\"Locs Sunglasses - LOCS Supplier in EU\",\"description\":\"We sell cheap LOCS Sunglasses\",\"publisher\":{\"@id\":\"https:\\\/\\\/locsshop.eu\\\/#organization\"},\"potentialAction\":[{\"@type\":\"SearchAction\",\"target\":{\"@type\":\"EntryPoint\",\"urlTemplate\":\"https:\\\/\\\/locsshop.eu\\\/?s={search_term_string}\"},\"query-input\":{\"@type\":\"PropertyValueSpecification\",\"valueRequired\":true,\"valueName\":\"search_term_string\"}}],\"inLanguage\":\"es\"},{\"@type\":\"Organization\",\"@id\":\"https:\\\/\\\/locsshop.eu\\\/#organization\",\"name\":\"Locsshop.eu\",\"url\":\"https:\\\/\\\/locsshop.eu\\\/\",\"logo\":{\"@type\":\"ImageObject\",\"inLanguage\":\"es\",\"@id\":\"https:\\\/\\\/locsshop.eu\\\/#\\\/schema\\\/logo\\\/image\\\/\",\"url\":\"https:\\\/\\\/locsshop.eu\\\/wp-content\\\/uploads\\\/2022\\\/02\\\/Locsshop-logo.png\",\"contentUrl\":\"https:\\\/\\\/locsshop.eu\\\/wp-content\\\/uploads\\\/2022\\\/02\\\/Locsshop-logo.png\",\"width\":930,\"height\":200,\"caption\":\"Locsshop.eu\"},\"image\":{\"@id\":\"https:\\\/\\\/locsshop.eu\\\/#\\\/schema\\\/logo\\\/image\\\/\"}}]}<\/script>\n<!-- \/ Yoast SEO plugin. -->","yoast_head_json":{"title":"Locsshop.es | Lea nuestros t\u00e9rminos y condiciones aqu\u00ed","description":"Hacemos hincapi\u00e9 en una buena experiencia del cliente, y hemos enumerado todos los t\u00e9rminos aqu\u00ed. Si podemos ayudarlo de alguna manera, por favor cont\u00e1ctenos.","robots":{"index":"index","follow":"follow","max-snippet":"max-snippet:-1","max-image-preview":"max-image-preview:large","max-video-preview":"max-video-preview:-1"},"canonical":"https:\/\/locsshop.eu\/es\/terms\/","og_locale":"es_ES","og_type":"article","og_title":"Locsshop.eu | L\u00e6s vores vilk\u00e5r og betingelser her","og_description":"Vi l\u00e6gger v\u00e6gt p\u00e5 en god kundeoplevelse, og vi har alle vilk\u00e5rene anf\u00f8rt lige her. Hvis vi kan hj\u00e6lpe dig p\u00e5 nogen m\u00e5de, bedes du kontakte os.","og_url":"https:\/\/locsshop.eu\/es\/terms\/","og_site_name":"Locs Sunglasses - LOCS Supplier in EU","article_modified_time":"2024-09-26T17:50:24+00:00","og_image":[{"width":600,"height":200,"url":"https:\/\/locsshop.eu\/wp-content\/uploads\/2022\/01\/Locs.png","type":"image\/png"}],"twitter_card":"summary_large_image","twitter_misc":{"Tiempo de lectura":"8 minutos"},"schema":{"@context":"https:\/\/schema.org","@graph":[{"@type":"WebPage","@id":"https:\/\/locsshop.eu\/terms\/","url":"https:\/\/locsshop.eu\/terms\/","name":"Locsshop.es | Lea nuestros t\u00e9rminos y condiciones aqu\u00ed","isPartOf":{"@id":"https:\/\/locsshop.eu\/#website"},"datePublished":"2020-07-02T21:43:32+00:00","dateModified":"2024-09-26T17:50:24+00:00","description":"Hacemos hincapi\u00e9 en una buena experiencia del cliente, y hemos enumerado todos los t\u00e9rminos aqu\u00ed. Si podemos ayudarlo de alguna manera, por favor cont\u00e1ctenos.","breadcrumb":{"@id":"https:\/\/locsshop.eu\/terms\/#breadcrumb"},"inLanguage":"es","potentialAction":[{"@type":"ReadAction","target":["https:\/\/locsshop.eu\/terms\/"]}]},{"@type":"BreadcrumbList","@id":"https:\/\/locsshop.eu\/terms\/#breadcrumb","itemListElement":[{"@type":"ListItem","position":1,"name":"Hjem","item":"https:\/\/locsshop.eu\/"},{"@type":"ListItem","position":2,"name":"Vilk\u00e5r og betingelser"}]},{"@type":"WebSite","@id":"https:\/\/locsshop.eu\/#website","url":"https:\/\/locsshop.eu\/","name":"Gafas de sol Locs - Proveedor LOCS en la UE","description":"Vendemos Gafas de Sol LOCS baratas","publisher":{"@id":"https:\/\/locsshop.eu\/#organization"},"potentialAction":[{"@type":"SearchAction","target":{"@type":"EntryPoint","urlTemplate":"https:\/\/locsshop.eu\/?s={search_term_string}"},"query-input":{"@type":"PropertyValueSpecification","valueRequired":true,"valueName":"search_term_string"}}],"inLanguage":"es"},{"@type":"Organization","@id":"https:\/\/locsshop.eu\/#organization","name":"Locsshop.eu","url":"https:\/\/locsshop.eu\/","logo":{"@type":"ImageObject","inLanguage":"es","@id":"https:\/\/locsshop.eu\/#\/schema\/logo\/image\/","url":"https:\/\/locsshop.eu\/wp-content\/uploads\/2022\/02\/Locsshop-logo.png","contentUrl":"https:\/\/locsshop.eu\/wp-content\/uploads\/2022\/02\/Locsshop-logo.png","width":930,"height":200,"caption":"Locsshop.eu"},"image":{"@id":"https:\/\/locsshop.eu\/#\/schema\/logo\/image\/"}}]}},"_links":{"self":[{"href":"https:\/\/locsshop.eu\/es\/wp-json\/wp\/v2\/pages\/2","targetHints":{"allow":["GET"]}}],"collection":[{"href":"https:\/\/locsshop.eu\/es\/wp-json\/wp\/v2\/pages"}],"about":[{"href":"https:\/\/locsshop.eu\/es\/wp-json\/wp\/v2\/types\/page"}],"author":[{"embeddable":true,"href":"https:\/\/locsshop.eu\/es\/wp-json\/wp\/v2\/users\/1"}],"replies":[{"embeddable":true,"href":"https:\/\/locsshop.eu\/es\/wp-json\/wp\/v2\/comments?post=2"}],"version-history":[{"count":48,"href":"https:\/\/locsshop.eu\/es\/wp-json\/wp\/v2\/pages\/2\/revisions"}],"predecessor-version":[{"id":13528,"href":"https:\/\/locsshop.eu\/es\/wp-json\/wp\/v2\/pages\/2\/revisions\/13528"}],"wp:attachment":[{"href":"https:\/\/locsshop.eu\/es\/wp-json\/wp\/v2\/media?parent=2"}],"curies":[{"name":"gracias","href":"https:\/\/api.w.org\/{rel}","templated":true}]}}