{"id":10000,"date":"2023-05-06T16:49:51","date_gmt":"2023-05-06T14:49:51","guid":{"rendered":"https:\/\/locsshop.eu\/shop\/sikkerhedssolbriller-med-justerbare-arme-moerke-glas\/"},"modified":"2026-03-17T17:03:41","modified_gmt":"2026-03-17T16:03:41","slug":"sikkerhedssolbriller-med-justerbare-arme-moerke-glas","status":"publish","type":"product","link":"https:\/\/locsshop.eu\/es\/shop\/sikkerhedssolbriller-med-justerbare-arme-moerke-glas\/","title":{"rendered":"Gafas de sol de seguridad con patillas ajustables | Lentes oscuros"},"content":{"rendered":"<h2>Gafas de sol de seguridad con patillas ajustables | Lentes oscuros<\/h2>\n<p>Estas gafas de seguridad son ideales para su uso al tornear, fresar, rectificar, montar, etc.<br \/>\nLas gafas de seguridad tienen patillas laterales ajustables - Campo de visi\u00f3n \u00f3ptimo - protecci\u00f3n lateral integrada y protector de cejas - lente con revestimiento duro especial.<\/p>\n<p>Hay peque\u00f1os agujeros al final de las varillas, donde puede, p. puede atar una cuerda para que pueda colgar las gafas alrededor de su cuello.<br \/>\nEst\u00e1n destinados a proteger los ojos de salpicaduras de sustancias s\u00f3lidas derivadas del procesamiento manual y mec\u00e1nico de metales, madera, pl\u00e1sticos, cer\u00e1mica, miner\u00eda, etc.<br \/>\ncumple con los requisitos de <strong>EN166<\/p>\n<p><\/strong>Altura: 5,1 cm.<br \/>\nAncho interior: 13,4 cm.<br \/>\nLongitud lateral: 11 cm. \u2013 13,15 cm.<\/p>\n<p><em>Los anteojos de seguridad son un tipo de anteojos protectores que se utilizan para proteger los ojos de materiales o actividades peligrosas. Est\u00e1n hechos de materiales amortiguadores y tienen lentes resistentes a impactos, rayones y productos qu\u00edmicos. Las gafas de seguridad se pueden utilizar en muchas situaciones diferentes, incluso en entornos industriales y de laboratorio, obras de construcci\u00f3n, actividades deportivas, fuegos artificiales e incluso en el hogar. <\/em><br \/>\n<em>Son esenciales para proteger la visi\u00f3n y prevenir lesiones oculares graves.<\/em><\/p>","protected":false},"excerpt":{"rendered":"<p><strong>Gafas de sol de seguridad con lentes oscuros<br \/>\n<\/strong>Protecci\u00f3n lateral<br \/>\nBarras ajustables<br \/>\ncumple con los requisitos de EN166 y EN172<br \/>\nCE aprobado<\/p>","protected":false},"featured_media":10001,"comment_status":"open","ping_status":"closed","template":"","meta":{"om_disable_all_campaigns":false,"_monsterinsights_skip_tracking":false,"_monsterinsights_sitenote_active":false,"_monsterinsights_sitenote_note":"","_monsterinsights_sitenote_category":0},"product_brand":[],"product_cat":[1026,1029,1027,1047,1025,1033,1050],"product_tag":[1303,653,1304],"class_list":{"0":"post-10000","1":"product","2":"type-product","3":"status-publish","4":"has-post-thumbnail","6":"product_cat-dame-solbriller","7":"product_cat-herre-solbriller","8":"product_cat-andre-dame-solbriller","9":"product_cat-andre-herre-solbriller","10":"product_cat-billige-solbriller","11":"product_cat-briller","12":"product_cat-sikkerhedsbriller","13":"product_tag-gog-framber-dark","14":"product_tag-sikkerhedsbriller","15":"product_tag-sikkerhedssolbriller","17":"first","18":"instock","19":"shipping-taxable","20":"purchasable","21":"product-type-simple"},"yoast_head":"<!-- This site is optimized with the Yoast SEO plugin v27.2 - https:\/\/yoast.com\/product\/yoast-seo-wordpress\/ -->\n<title>Sikkerhedssolbriller med justerbare arme | M\u00f8rke glas | K\u00f8b online her | LOCS<\/title>\n<meta name=\"description\" content=\"K\u00f8b Sikkerhedssolbriller med justerbare arme | M\u00f8rke glas her | EU&#039;s st\u00f8rste udvalg af LOCS solbriller | Vi sender fra EU - Ingen ekstra import udgifter\" \/>\n<meta name=\"robots\" content=\"index, follow, max-snippet:-1, max-image-preview:large, max-video-preview:-1\" \/>\n<link rel=\"canonical\" href=\"https:\/\/locsshop.eu\/es\/shop\/sikkerhedssolbriller-med-justerbare-arme-moerke-glas\/\" \/>\n<meta property=\"og:locale\" content=\"es_ES\" \/>\n<meta property=\"og:type\" content=\"article\" \/>\n<meta property=\"og:title\" content=\"Sikkerhedssolbriller med justerbare arme | M\u00f8rke glas | K\u00f8b online her | LOCS\" \/>\n<meta property=\"og:description\" content=\"K\u00f8b Sikkerhedssolbriller med justerbare arme | M\u00f8rke glas her | EU&#039;s st\u00f8rste udvalg af LOCS solbriller | Vi sender fra EU - Ingen ekstra import udgifter\" \/>\n<meta property=\"og:url\" content=\"https:\/\/locsshop.eu\/es\/shop\/sikkerhedssolbriller-med-justerbare-arme-moerke-glas\/\" \/>\n<meta property=\"og:site_name\" content=\"Locs Sunglasses - LOCS Supplier in EU\" \/>\n<meta property=\"article:modified_time\" content=\"2026-03-17T16:03:41+00:00\" \/>\n<meta property=\"og:image\" content=\"https:\/\/locsshop.eu\/wp-content\/uploads\/2023\/05\/085501.jpg\" \/>\n\t<meta property=\"og:image:width\" content=\"800\" \/>\n\t<meta property=\"og:image:height\" content=\"800\" \/>\n\t<meta property=\"og:image:type\" content=\"image\/jpeg\" \/>\n<meta name=\"twitter:card\" content=\"summary_large_image\" \/>\n<meta name=\"twitter:label1\" content=\"Tiempo de lectura\" \/>\n\t<meta name=\"twitter:data1\" content=\"1 minuto\" \/>\n<script type=\"application\/ld+json\" class=\"yoast-schema-graph\">{\"@context\":\"https:\/\/schema.org\",\"@graph\":[{\"@type\":\"WebPage\",\"@id\":\"https:\/\/locsshop.eu\/shop\/sikkerhedssolbriller-med-justerbare-arme-moerke-glas\/\",\"url\":\"https:\/\/locsshop.eu\/shop\/sikkerhedssolbriller-med-justerbare-arme-moerke-glas\/\",\"name\":\"Sikkerhedssolbriller med justerbare arme | M\u00f8rke glas | K\u00f8b online her | LOCS\",\"isPartOf\":{\"@id\":\"https:\/\/locsshop.eu\/#website\"},\"primaryImageOfPage\":{\"@id\":\"https:\/\/locsshop.eu\/shop\/sikkerhedssolbriller-med-justerbare-arme-moerke-glas\/#primaryimage\"},\"image\":{\"@id\":\"https:\/\/locsshop.eu\/shop\/sikkerhedssolbriller-med-justerbare-arme-moerke-glas\/#primaryimage\"},\"thumbnailUrl\":\"https:\/\/locsshop.eu\/wp-content\/uploads\/2023\/05\/085501.jpg\",\"datePublished\":\"2023-05-06T14:49:51+00:00\",\"dateModified\":\"2026-03-17T16:03:41+00:00\",\"description\":\"K\u00f8b Sikkerhedssolbriller med justerbare arme | M\u00f8rke glas her | EU's st\u00f8rste udvalg af LOCS solbriller | Vi sender fra EU - Ingen ekstra import udgifter\",\"breadcrumb\":{\"@id\":\"https:\/\/locsshop.eu\/shop\/sikkerhedssolbriller-med-justerbare-arme-moerke-glas\/#breadcrumb\"},\"inLanguage\":\"es\",\"potentialAction\":[{\"@type\":\"ReadAction\",\"target\":[\"https:\/\/locsshop.eu\/shop\/sikkerhedssolbriller-med-justerbare-arme-moerke-glas\/\"]}]},{\"@type\":\"ImageObject\",\"inLanguage\":\"es\",\"@id\":\"https:\/\/locsshop.eu\/shop\/sikkerhedssolbriller-med-justerbare-arme-moerke-glas\/#primaryimage\",\"url\":\"https:\/\/locsshop.eu\/wp-content\/uploads\/2023\/05\/085501.jpg\",\"contentUrl\":\"https:\/\/locsshop.eu\/wp-content\/uploads\/2023\/05\/085501.jpg\",\"width\":800,\"height\":800},{\"@type\":\"BreadcrumbList\",\"@id\":\"https:\/\/locsshop.eu\/shop\/sikkerhedssolbriller-med-justerbare-arme-moerke-glas\/#breadcrumb\",\"itemListElement\":[{\"@type\":\"ListItem\",\"position\":1,\"name\":\"Hjem\",\"item\":\"https:\/\/locsshop.eu\/\"},{\"@type\":\"ListItem\",\"position\":2,\"name\":\"Shop\",\"item\":\"https:\/\/locsshop.eu\/shop\/\"},{\"@type\":\"ListItem\",\"position\":3,\"name\":\"Sikkerhedssolbriller med justerbare arme | M\u00f8rke glas\"}]},{\"@type\":\"WebSite\",\"@id\":\"https:\/\/locsshop.eu\/#website\",\"url\":\"https:\/\/locsshop.eu\/\",\"name\":\"Locs Sunglasses - LOCS Supplier in EU\",\"description\":\"We sell cheap LOCS Sunglasses\",\"publisher\":{\"@id\":\"https:\/\/locsshop.eu\/#organization\"},\"potentialAction\":[{\"@type\":\"SearchAction\",\"target\":{\"@type\":\"EntryPoint\",\"urlTemplate\":\"https:\/\/locsshop.eu\/?s={search_term_string}\"},\"query-input\":{\"@type\":\"PropertyValueSpecification\",\"valueRequired\":true,\"valueName\":\"search_term_string\"}}],\"inLanguage\":\"es\"},{\"@type\":\"Organization\",\"@id\":\"https:\/\/locsshop.eu\/#organization\",\"name\":\"Locsshop.eu\",\"url\":\"https:\/\/locsshop.eu\/\",\"logo\":{\"@type\":\"ImageObject\",\"inLanguage\":\"es\",\"@id\":\"https:\/\/locsshop.eu\/#\/schema\/logo\/image\/\",\"url\":\"https:\/\/locsshop.eu\/wp-content\/uploads\/2022\/02\/Locsshop-logo.png\",\"contentUrl\":\"https:\/\/locsshop.eu\/wp-content\/uploads\/2022\/02\/Locsshop-logo.png\",\"width\":930,\"height\":200,\"caption\":\"Locsshop.eu\"},\"image\":{\"@id\":\"https:\/\/locsshop.eu\/#\/schema\/logo\/image\/\"}}]}<\/script>\n<!-- \/ Yoast SEO plugin. -->","yoast_head_json":{"title":"Gafas de sol de seguridad con patillas ajustables | Gafas oscuras | Compra online aqu\u00ed | LOC","description":"Comprar Gafas de sol de seguridad con patillas ajustables | Gafas oscuras aqu\u00ed | La mayor selecci\u00f3n de gafas de sol LOCS de la UE | Enviamos desde la UE - Sin costos adicionales de importaci\u00f3n","robots":{"index":"index","follow":"follow","max-snippet":"max-snippet:-1","max-image-preview":"max-image-preview:large","max-video-preview":"max-video-preview:-1"},"canonical":"https:\/\/locsshop.eu\/es\/shop\/sikkerhedssolbriller-med-justerbare-arme-moerke-glas\/","og_locale":"es_ES","og_type":"article","og_title":"Sikkerhedssolbriller med justerbare arme | M\u00f8rke glas | K\u00f8b online her | LOCS","og_description":"K\u00f8b Sikkerhedssolbriller med justerbare arme | M\u00f8rke glas her | EU's st\u00f8rste udvalg af LOCS solbriller | Vi sender fra EU - Ingen ekstra import udgifter","og_url":"https:\/\/locsshop.eu\/es\/shop\/sikkerhedssolbriller-med-justerbare-arme-moerke-glas\/","og_site_name":"Locs Sunglasses - LOCS Supplier in EU","article_modified_time":"2026-03-17T16:03:41+00:00","og_image":[{"width":800,"height":800,"url":"https:\/\/locsshop.eu\/wp-content\/uploads\/2023\/05\/085501.jpg","type":"image\/jpeg"}],"twitter_card":"summary_large_image","twitter_misc":{"Tiempo de lectura":"1 minuto"},"schema":{"@context":"https:\/\/schema.org","@graph":[{"@type":"WebPage","@id":"https:\/\/locsshop.eu\/shop\/sikkerhedssolbriller-med-justerbare-arme-moerke-glas\/","url":"https:\/\/locsshop.eu\/shop\/sikkerhedssolbriller-med-justerbare-arme-moerke-glas\/","name":"Gafas de sol de seguridad con patillas ajustables | Gafas oscuras | Compra online aqu\u00ed | LOC","isPartOf":{"@id":"https:\/\/locsshop.eu\/#website"},"primaryImageOfPage":{"@id":"https:\/\/locsshop.eu\/shop\/sikkerhedssolbriller-med-justerbare-arme-moerke-glas\/#primaryimage"},"image":{"@id":"https:\/\/locsshop.eu\/shop\/sikkerhedssolbriller-med-justerbare-arme-moerke-glas\/#primaryimage"},"thumbnailUrl":"https:\/\/locsshop.eu\/wp-content\/uploads\/2023\/05\/085501.jpg","datePublished":"2023-05-06T14:49:51+00:00","dateModified":"2026-03-17T16:03:41+00:00","description":"Comprar Gafas de sol de seguridad con patillas ajustables | Gafas oscuras aqu\u00ed | La mayor selecci\u00f3n de gafas de sol LOCS de la UE | Enviamos desde la UE - Sin costos adicionales de importaci\u00f3n","breadcrumb":{"@id":"https:\/\/locsshop.eu\/shop\/sikkerhedssolbriller-med-justerbare-arme-moerke-glas\/#breadcrumb"},"inLanguage":"es","potentialAction":[{"@type":"ReadAction","target":["https:\/\/locsshop.eu\/shop\/sikkerhedssolbriller-med-justerbare-arme-moerke-glas\/"]}]},{"@type":"ImageObject","inLanguage":"es","@id":"https:\/\/locsshop.eu\/shop\/sikkerhedssolbriller-med-justerbare-arme-moerke-glas\/#primaryimage","url":"https:\/\/locsshop.eu\/wp-content\/uploads\/2023\/05\/085501.jpg","contentUrl":"https:\/\/locsshop.eu\/wp-content\/uploads\/2023\/05\/085501.jpg","width":800,"height":800},{"@type":"BreadcrumbList","@id":"https:\/\/locsshop.eu\/shop\/sikkerhedssolbriller-med-justerbare-arme-moerke-glas\/#breadcrumb","itemListElement":[{"@type":"ListItem","position":1,"name":"Hjem","item":"https:\/\/locsshop.eu\/"},{"@type":"ListItem","position":2,"name":"Shop","item":"https:\/\/locsshop.eu\/shop\/"},{"@type":"ListItem","position":3,"name":"Sikkerhedssolbriller med justerbare arme | M\u00f8rke glas"}]},{"@type":"WebSite","@id":"https:\/\/locsshop.eu\/#website","url":"https:\/\/locsshop.eu\/","name":"Gafas de sol Locs - Proveedor LOCS en la UE","description":"Vendemos Gafas de Sol LOCS baratas","publisher":{"@id":"https:\/\/locsshop.eu\/#organization"},"potentialAction":[{"@type":"SearchAction","target":{"@type":"EntryPoint","urlTemplate":"https:\/\/locsshop.eu\/?s={search_term_string}"},"query-input":{"@type":"PropertyValueSpecification","valueRequired":true,"valueName":"search_term_string"}}],"inLanguage":"es"},{"@type":"Organization","@id":"https:\/\/locsshop.eu\/#organization","name":"Locsshop.eu","url":"https:\/\/locsshop.eu\/","logo":{"@type":"ImageObject","inLanguage":"es","@id":"https:\/\/locsshop.eu\/#\/schema\/logo\/image\/","url":"https:\/\/locsshop.eu\/wp-content\/uploads\/2022\/02\/Locsshop-logo.png","contentUrl":"https:\/\/locsshop.eu\/wp-content\/uploads\/2022\/02\/Locsshop-logo.png","width":930,"height":200,"caption":"Locsshop.eu"},"image":{"@id":"https:\/\/locsshop.eu\/#\/schema\/logo\/image\/"}}]}},"_links":{"self":[{"href":"https:\/\/locsshop.eu\/es\/wp-json\/wp\/v2\/product\/10000","targetHints":{"allow":["GET"]}}],"collection":[{"href":"https:\/\/locsshop.eu\/es\/wp-json\/wp\/v2\/product"}],"about":[{"href":"https:\/\/locsshop.eu\/es\/wp-json\/wp\/v2\/types\/product"}],"replies":[{"embeddable":true,"href":"https:\/\/locsshop.eu\/es\/wp-json\/wp\/v2\/comments?post=10000"}],"wp:featuredmedia":[{"embeddable":true,"href":"https:\/\/locsshop.eu\/es\/wp-json\/wp\/v2\/media\/10001"}],"wp:attachment":[{"href":"https:\/\/locsshop.eu\/es\/wp-json\/wp\/v2\/media?parent=10000"}],"wp:term":[{"taxonomy":"product_brand","embeddable":true,"href":"https:\/\/locsshop.eu\/es\/wp-json\/wp\/v2\/product_brand?post=10000"},{"taxonomy":"product_cat","embeddable":true,"href":"https:\/\/locsshop.eu\/es\/wp-json\/wp\/v2\/product_cat?post=10000"},{"taxonomy":"product_tag","embeddable":true,"href":"https:\/\/locsshop.eu\/es\/wp-json\/wp\/v2\/product_tag?post=10000"}],"curies":[{"name":"gracias","href":"https:\/\/api.w.org\/{rel}","templated":true}]}}