{"id":10891,"date":"2023-07-06T18:59:50","date_gmt":"2023-07-06T16:59:50","guid":{"rendered":"https:\/\/locsshop.eu\/da\/shop\/x-loop-solbriller-maple-creek-brune-glas\/"},"modified":"2023-08-31T14:33:22","modified_gmt":"2023-08-31T12:33:22","slug":"x-loop-solbriller-maple-creek-brune-glas","status":"publish","type":"product","link":"https:\/\/locsshop.eu\/es\/shop\/x-loop-solbriller-maple-creek-brune-glas\/","title":{"rendered":"Gafas de sol X-Loop \u2013 Maple Creek | Gafas marrones"},"content":{"rendered":"<h2><strong>Gafas de sol deportivas en negro mate con patillas de camuflaje<\/strong><\/h2>\n<h4>Gafas de sol geniales con superficie mate, logotipos X-Loop de metal y barras de camuflaje.<\/h4>\n<h4>Las gafas de sol tienen agarres de goma en la punta y al final de los polos, lo que hace que las gafas de sol sean c\u00f3modas de usar y que est\u00e9n optimizadas para permanecer donde deben estar, incluso cuando est\u00e1 activo.<br \/>\nLas gafas de sol con su camuflaje son perfectas para cazadores y otras personas que se mueven mucho en la naturaleza.<br \/>\nTambi\u00e9n son s\u00faper geniales si realmente te gustan las gafas de sol deportivas y el camuflaje.<\/h4>\n<p>Se adapta tanto a hombres como a mujeres. C\u00f3mpralos antes de que se agoten.<\/p>\n<h4><\/h4>\n<h4><img loading=\"lazy\" decoding=\"async\" class=\"alignnone wp-image-12490 size-full\" src=\"https:\/\/bazarsalg.dk\/wp-content\/uploads\/xloop_wholesale_sunglasses_logo.gif\" alt=\"\" width=\"150\" height=\"80\" \/><\/h4>\n<p>&nbsp;<\/p>\n<table style=\"width: 100%;border-collapse: collapse;border-style: dashed\" border=\"1\">\n<tbody>\n<tr>\n<td style=\"width: 100%\">\n<h2 style=\"text-align: center\"><strong>El tama\u00f1o de las gafas de sol.<\/strong><\/h2>\n<\/td>\n<\/tr>\n<\/tbody>\n<\/table>\n<table style=\"width: 100%;border-collapse: collapse;border-style: hidden;margin-left: auto;margin-right: auto\" border=\"1\" cellspacing=\"20\" cellpadding=\"20\">\n<tbody>\n<tr>\n<td style=\"width: 33.3333%;text-align: center\"><strong><img decoding=\"async\" src=\"https:\/\/bazarsalg.dk\/wp-content\/uploads\/bredde.png\" \/><\/strong><\/td>\n<td style=\"width: 33.3333%;text-align: center\"><strong>Ancho<\/strong><\/td>\n<td style=\"width: 33.3333%;text-align: center\"><strong>13,2 cm.<\/strong><\/td>\n<\/tr>\n<tr>\n<td style=\"width: 33.3333%;text-align: center\"><strong><img decoding=\"async\" src=\"https:\/\/bazarsalg.dk\/wp-content\/uploads\/hoejde.png\" \/><\/strong><\/td>\n<td style=\"width: 33.3333%;text-align: center\"><strong>Altura<\/strong><\/td>\n<td style=\"width: 33.3333%;text-align: center\"><strong>4,4 cm.<\/strong><\/td>\n<\/tr>\n<tr>\n<td style=\"width: 33.3333%;text-align: center\"><strong><img decoding=\"async\" src=\"https:\/\/bazarsalg.dk\/wp-content\/uploads\/stang.png\" \/><\/strong><\/td>\n<td style=\"width: 33.3333%;text-align: center\"><strong>Longitud de la lente<\/strong><\/td>\n<td style=\"width: 33.3333%;text-align: center\"><strong>14cm<\/strong><\/td>\n<\/tr>\n<tr>\n<td style=\"width: 33.3333%;text-align: center\"><strong><img decoding=\"async\" src=\"https:\/\/bazarsalg.dk\/wp-content\/uploads\/glas-bredde.png\" \/><\/strong><\/td>\n<td style=\"width: 33.3333%;text-align: center\"><strong>Ancho de vidrio<\/strong><\/td>\n<td style=\"width: 33.3333%;text-align: center\"><strong>6,7 cm.<\/strong><\/td>\n<\/tr>\n<tr>\n<td style=\"width: 33.3333%;text-align: center\"><strong><img decoding=\"async\" src=\"https:\/\/bazarsalg.dk\/wp-content\/uploads\/bredde-naese.png\" \/><\/strong><\/td>\n<td style=\"width: 33.3333%;text-align: center\"><strong>Espacio entre vidrio<\/strong><\/td>\n<td style=\"width: 33.3333%;text-align: center\"><strong>1,8 cm.<\/strong><\/td>\n<\/tr>\n<\/tbody>\n<\/table>\n<p>&nbsp;<\/p>\n<h4><em>Acerca de X-Loop<\/em><\/h4>\n<p>Las gafas de sol X-Loop son una marca exclusiva de gafas de sol deportivas. Todas las gafas de sol X-Loop est\u00e1n hechas de pl\u00e1sticos y metales de la m\u00e1s alta calidad. Muchos modelos de gafas de sol de dise\u00f1o X Loop tienen monturas envolventes y piezas nasales de goma antideslizantes. Las gafas de sol X-Loop son una opci\u00f3n popular para aquellos que buscan estilo y funcionalidad. Brindan un aspecto elegante y moderno, al tiempo que brindan la m\u00e1xima protecci\u00f3n contra los da\u00f1inos rayos UV.<br \/>\nLas gafas de sol X-Loop son perfectas para actividades al aire libre como la pesca, el esqu\u00ed o la vela. La montura de las gafas de sol X-Loop est\u00e1 fabricada con materiales ligeros y duraderos que garantizan un uso y una comodidad a largo plazo. Con diferentes colores y dise\u00f1os, hay un estilo X-Loop para cada personalidad y cada necesidad.<\/p>\n<table style=\"width: 100%;border-collapse: collapse;border-style: hidden;margin-left: auto;margin-right: auto\" border=\"1\" cellspacing=\"50\" cellpadding=\"20\">\n<caption>\u00a0<\/caption>\n<caption>\u00a0<\/caption>\n<tbody>\n<tr>\n<td style=\"width: 25%;text-align: center\"><img decoding=\"async\" class=\"aligncenter\" src=\"https:\/\/bazarsalg.dk\/wp-content\/uploads\/UV.png\" \/><\/td>\n<td style=\"width: 25%;text-align: center\"><img decoding=\"async\" src=\"https:\/\/bazarsalg.dk\/wp-content\/uploads\/ce.png\" \/><\/td>\n<td style=\"width: 25%;text-align: center\"><img decoding=\"async\" src=\"https:\/\/bazarsalg.dk\/wp-content\/uploads\/box.png\" \/><\/td>\n<\/tr>\n<tr>\n<td style=\"width: 25%;text-align: center\"><strong>Las gafas de sol tienen protecci\u00f3n UV400<\/strong><\/p>\n<p>Bloquea del 99 al 100 por ciento de todos los rayos UVA y UVB y protege sus ojos de los rayos del sol.<\/td>\n<td style=\"width: 25%;text-align: center\"><strong>CE aprobado <\/strong><\/p>\n<p>Las gafas de sol cumplen con todos los requisitos legales de la UE, lo que garantiza que sus gafas de sol est\u00e9n probadas y aprobadas.<\/td>\n<td style=\"width: 25%;text-align: center\"><strong>Enviado en caja de cart\u00f3n para que no se rompan <\/strong><\/p>\n<p>Siempre empaquetamos las gafas de sol de forma segura para que lleguen en buenas condiciones.<\/td>\n<\/tr>\n<\/tbody>\n<\/table>","protected":false},"excerpt":{"rendered":"<p><strong>X-LOOP \u2013 8X2575<\/strong><br \/>\n<img loading=\"lazy\" decoding=\"async\" class=\"alignnone size-full wp-image-12490\" src=\"https:\/\/bazarsalg.dk\/wp-content\/uploads\/xloop_wholesale_sunglasses_logo.gif\" alt=\"\" width=\"150\" height=\"80\" \/><br \/>\nUV400<br \/>\nCE aprobado<\/p>","protected":false},"featured_media":10892,"comment_status":"open","ping_status":"closed","template":"","meta":{"om_disable_all_campaigns":false,"_monsterinsights_skip_tracking":false,"_monsterinsights_sitenote_active":false,"_monsterinsights_sitenote_note":"","_monsterinsights_sitenote_category":0},"product_brand":[],"product_cat":[1049,1401],"product_tag":[1399,870,917,1400],"class_list":{"0":"post-10891","1":"product","2":"type-product","3":"status-publish","4":"has-post-thumbnail","6":"product_cat-premium-solbriller","7":"product_cat-xloop","8":"product_tag-8x2575","9":"product_tag-p693","10":"product_tag-stel","11":"product_tag-x-loop","13":"first","14":"instock","15":"shipping-taxable","16":"purchasable","17":"product-type-simple"},"yoast_head":"<!-- This site is optimized with the Yoast SEO plugin v27.5 - https:\/\/yoast.com\/product\/yoast-seo-wordpress\/ -->\n<title>X-Loop Solbriller - Maple Creek | Brune glas | K\u00f8b online her | LOCS<\/title>\n<meta name=\"description\" content=\"K\u00f8b X-Loop Solbriller - Maple Creek | Brune glas her | EU&#039;s st\u00f8rste udvalg af LOCS solbriller | Vi sender fra EU - Ingen ekstra import udgifter\" \/>\n<meta name=\"robots\" content=\"index, follow, max-snippet:-1, max-image-preview:large, max-video-preview:-1\" \/>\n<link rel=\"canonical\" href=\"https:\/\/locsshop.eu\/es\/shop\/x-loop-solbriller-maple-creek-brune-glas\/\" \/>\n<meta property=\"og:locale\" content=\"es_ES\" \/>\n<meta property=\"og:type\" content=\"article\" \/>\n<meta property=\"og:title\" content=\"X-Loop Solbriller - Maple Creek | Brune glas | K\u00f8b online her | LOCS\" \/>\n<meta property=\"og:description\" content=\"K\u00f8b X-Loop Solbriller - Maple Creek | Brune glas her | EU&#039;s st\u00f8rste udvalg af LOCS solbriller | Vi sender fra EU - Ingen ekstra import udgifter\" \/>\n<meta property=\"og:url\" content=\"https:\/\/locsshop.eu\/es\/shop\/x-loop-solbriller-maple-creek-brune-glas\/\" \/>\n<meta property=\"og:site_name\" content=\"Locs Sunglasses - LOCS Supplier in EU\" \/>\n<meta property=\"article:modified_time\" content=\"2023-08-31T12:33:22+00:00\" \/>\n<meta property=\"og:image\" content=\"https:\/\/locsshop.eu\/wp-content\/uploads\/2023\/07\/8X25756BN.jpg\" \/>\n\t<meta property=\"og:image:width\" content=\"800\" \/>\n\t<meta property=\"og:image:height\" content=\"800\" \/>\n\t<meta property=\"og:image:type\" content=\"image\/jpeg\" \/>\n<meta name=\"twitter:card\" content=\"summary_large_image\" \/>\n<meta name=\"twitter:label1\" content=\"Tiempo de lectura\" \/>\n\t<meta name=\"twitter:data1\" content=\"2 minutos\" \/>\n<script type=\"application\/ld+json\" class=\"yoast-schema-graph\">{\"@context\":\"https:\\\/\\\/schema.org\",\"@graph\":[{\"@type\":\"WebPage\",\"@id\":\"https:\\\/\\\/locsshop.eu\\\/shop\\\/x-loop-solbriller-maple-creek-brune-glas\\\/\",\"url\":\"https:\\\/\\\/locsshop.eu\\\/shop\\\/x-loop-solbriller-maple-creek-brune-glas\\\/\",\"name\":\"X-Loop Solbriller - Maple Creek | Brune glas | K\u00f8b online her | LOCS\",\"isPartOf\":{\"@id\":\"https:\\\/\\\/locsshop.eu\\\/#website\"},\"primaryImageOfPage\":{\"@id\":\"https:\\\/\\\/locsshop.eu\\\/shop\\\/x-loop-solbriller-maple-creek-brune-glas\\\/#primaryimage\"},\"image\":{\"@id\":\"https:\\\/\\\/locsshop.eu\\\/shop\\\/x-loop-solbriller-maple-creek-brune-glas\\\/#primaryimage\"},\"thumbnailUrl\":\"https:\\\/\\\/locsshop.eu\\\/wp-content\\\/uploads\\\/2023\\\/07\\\/8X25756BN.jpg\",\"datePublished\":\"2023-07-06T16:59:50+00:00\",\"dateModified\":\"2023-08-31T12:33:22+00:00\",\"description\":\"K\u00f8b X-Loop Solbriller - Maple Creek | Brune glas her | EU's st\u00f8rste udvalg af LOCS solbriller | Vi sender fra EU - Ingen ekstra import udgifter\",\"breadcrumb\":{\"@id\":\"https:\\\/\\\/locsshop.eu\\\/shop\\\/x-loop-solbriller-maple-creek-brune-glas\\\/#breadcrumb\"},\"inLanguage\":\"es\",\"potentialAction\":[{\"@type\":\"ReadAction\",\"target\":[\"https:\\\/\\\/locsshop.eu\\\/shop\\\/x-loop-solbriller-maple-creek-brune-glas\\\/\"]}]},{\"@type\":\"ImageObject\",\"inLanguage\":\"es\",\"@id\":\"https:\\\/\\\/locsshop.eu\\\/shop\\\/x-loop-solbriller-maple-creek-brune-glas\\\/#primaryimage\",\"url\":\"https:\\\/\\\/locsshop.eu\\\/wp-content\\\/uploads\\\/2023\\\/07\\\/8X25756BN.jpg\",\"contentUrl\":\"https:\\\/\\\/locsshop.eu\\\/wp-content\\\/uploads\\\/2023\\\/07\\\/8X25756BN.jpg\",\"width\":800,\"height\":800},{\"@type\":\"BreadcrumbList\",\"@id\":\"https:\\\/\\\/locsshop.eu\\\/shop\\\/x-loop-solbriller-maple-creek-brune-glas\\\/#breadcrumb\",\"itemListElement\":[{\"@type\":\"ListItem\",\"position\":1,\"name\":\"Hjem\",\"item\":\"https:\\\/\\\/locsshop.eu\\\/\"},{\"@type\":\"ListItem\",\"position\":2,\"name\":\"Shop\",\"item\":\"https:\\\/\\\/locsshop.eu\\\/shop\\\/\"},{\"@type\":\"ListItem\",\"position\":3,\"name\":\"X-Loop Solbriller &#8211; Maple Creek | Brune glas\"}]},{\"@type\":\"WebSite\",\"@id\":\"https:\\\/\\\/locsshop.eu\\\/#website\",\"url\":\"https:\\\/\\\/locsshop.eu\\\/\",\"name\":\"Locs Sunglasses - LOCS Supplier in EU\",\"description\":\"We sell cheap LOCS Sunglasses\",\"publisher\":{\"@id\":\"https:\\\/\\\/locsshop.eu\\\/#organization\"},\"potentialAction\":[{\"@type\":\"SearchAction\",\"target\":{\"@type\":\"EntryPoint\",\"urlTemplate\":\"https:\\\/\\\/locsshop.eu\\\/?s={search_term_string}\"},\"query-input\":{\"@type\":\"PropertyValueSpecification\",\"valueRequired\":true,\"valueName\":\"search_term_string\"}}],\"inLanguage\":\"es\"},{\"@type\":\"Organization\",\"@id\":\"https:\\\/\\\/locsshop.eu\\\/#organization\",\"name\":\"Locsshop.eu\",\"url\":\"https:\\\/\\\/locsshop.eu\\\/\",\"logo\":{\"@type\":\"ImageObject\",\"inLanguage\":\"es\",\"@id\":\"https:\\\/\\\/locsshop.eu\\\/#\\\/schema\\\/logo\\\/image\\\/\",\"url\":\"https:\\\/\\\/locsshop.eu\\\/wp-content\\\/uploads\\\/2022\\\/02\\\/Locsshop-logo.png\",\"contentUrl\":\"https:\\\/\\\/locsshop.eu\\\/wp-content\\\/uploads\\\/2022\\\/02\\\/Locsshop-logo.png\",\"width\":930,\"height\":200,\"caption\":\"Locsshop.eu\"},\"image\":{\"@id\":\"https:\\\/\\\/locsshop.eu\\\/#\\\/schema\\\/logo\\\/image\\\/\"}}]}<\/script>\n<!-- \/ Yoast SEO plugin. -->","yoast_head_json":{"title":"Gafas de sol X-Loop - Maple Creek | Gafas marrones | Compra online aqu\u00ed | LOC","description":"Comprar Gafas de sol X-Loop - Maple Creek | Gafas marrones aqu\u00ed | La mayor selecci\u00f3n de gafas de sol LOCS de la UE | Enviamos desde la UE - Sin costos adicionales de importaci\u00f3n","robots":{"index":"index","follow":"follow","max-snippet":"max-snippet:-1","max-image-preview":"max-image-preview:large","max-video-preview":"max-video-preview:-1"},"canonical":"https:\/\/locsshop.eu\/es\/shop\/x-loop-solbriller-maple-creek-brune-glas\/","og_locale":"es_ES","og_type":"article","og_title":"X-Loop Solbriller - Maple Creek | Brune glas | K\u00f8b online her | LOCS","og_description":"K\u00f8b X-Loop Solbriller - Maple Creek | Brune glas her | EU's st\u00f8rste udvalg af LOCS solbriller | Vi sender fra EU - Ingen ekstra import udgifter","og_url":"https:\/\/locsshop.eu\/es\/shop\/x-loop-solbriller-maple-creek-brune-glas\/","og_site_name":"Locs Sunglasses - LOCS Supplier in EU","article_modified_time":"2023-08-31T12:33:22+00:00","og_image":[{"width":800,"height":800,"url":"https:\/\/locsshop.eu\/wp-content\/uploads\/2023\/07\/8X25756BN.jpg","type":"image\/jpeg"}],"twitter_card":"summary_large_image","twitter_misc":{"Tiempo de lectura":"2 minutos"},"schema":{"@context":"https:\/\/schema.org","@graph":[{"@type":"WebPage","@id":"https:\/\/locsshop.eu\/shop\/x-loop-solbriller-maple-creek-brune-glas\/","url":"https:\/\/locsshop.eu\/shop\/x-loop-solbriller-maple-creek-brune-glas\/","name":"Gafas de sol X-Loop - Maple Creek | Gafas marrones | Compra online aqu\u00ed | LOC","isPartOf":{"@id":"https:\/\/locsshop.eu\/#website"},"primaryImageOfPage":{"@id":"https:\/\/locsshop.eu\/shop\/x-loop-solbriller-maple-creek-brune-glas\/#primaryimage"},"image":{"@id":"https:\/\/locsshop.eu\/shop\/x-loop-solbriller-maple-creek-brune-glas\/#primaryimage"},"thumbnailUrl":"https:\/\/locsshop.eu\/wp-content\/uploads\/2023\/07\/8X25756BN.jpg","datePublished":"2023-07-06T16:59:50+00:00","dateModified":"2023-08-31T12:33:22+00:00","description":"Comprar Gafas de sol X-Loop - Maple Creek | Gafas marrones aqu\u00ed | La mayor selecci\u00f3n de gafas de sol LOCS de la UE | Enviamos desde la UE - Sin costos adicionales de importaci\u00f3n","breadcrumb":{"@id":"https:\/\/locsshop.eu\/shop\/x-loop-solbriller-maple-creek-brune-glas\/#breadcrumb"},"inLanguage":"es","potentialAction":[{"@type":"ReadAction","target":["https:\/\/locsshop.eu\/shop\/x-loop-solbriller-maple-creek-brune-glas\/"]}]},{"@type":"ImageObject","inLanguage":"es","@id":"https:\/\/locsshop.eu\/shop\/x-loop-solbriller-maple-creek-brune-glas\/#primaryimage","url":"https:\/\/locsshop.eu\/wp-content\/uploads\/2023\/07\/8X25756BN.jpg","contentUrl":"https:\/\/locsshop.eu\/wp-content\/uploads\/2023\/07\/8X25756BN.jpg","width":800,"height":800},{"@type":"BreadcrumbList","@id":"https:\/\/locsshop.eu\/shop\/x-loop-solbriller-maple-creek-brune-glas\/#breadcrumb","itemListElement":[{"@type":"ListItem","position":1,"name":"Hjem","item":"https:\/\/locsshop.eu\/"},{"@type":"ListItem","position":2,"name":"Shop","item":"https:\/\/locsshop.eu\/shop\/"},{"@type":"ListItem","position":3,"name":"X-Loop Solbriller &#8211; Maple Creek | Brune glas"}]},{"@type":"WebSite","@id":"https:\/\/locsshop.eu\/#website","url":"https:\/\/locsshop.eu\/","name":"Gafas de sol Locs - Proveedor LOCS en la UE","description":"Vendemos Gafas de Sol LOCS baratas","publisher":{"@id":"https:\/\/locsshop.eu\/#organization"},"potentialAction":[{"@type":"SearchAction","target":{"@type":"EntryPoint","urlTemplate":"https:\/\/locsshop.eu\/?s={search_term_string}"},"query-input":{"@type":"PropertyValueSpecification","valueRequired":true,"valueName":"search_term_string"}}],"inLanguage":"es"},{"@type":"Organization","@id":"https:\/\/locsshop.eu\/#organization","name":"Locsshop.eu","url":"https:\/\/locsshop.eu\/","logo":{"@type":"ImageObject","inLanguage":"es","@id":"https:\/\/locsshop.eu\/#\/schema\/logo\/image\/","url":"https:\/\/locsshop.eu\/wp-content\/uploads\/2022\/02\/Locsshop-logo.png","contentUrl":"https:\/\/locsshop.eu\/wp-content\/uploads\/2022\/02\/Locsshop-logo.png","width":930,"height":200,"caption":"Locsshop.eu"},"image":{"@id":"https:\/\/locsshop.eu\/#\/schema\/logo\/image\/"}}]}},"_links":{"self":[{"href":"https:\/\/locsshop.eu\/es\/wp-json\/wp\/v2\/product\/10891","targetHints":{"allow":["GET"]}}],"collection":[{"href":"https:\/\/locsshop.eu\/es\/wp-json\/wp\/v2\/product"}],"about":[{"href":"https:\/\/locsshop.eu\/es\/wp-json\/wp\/v2\/types\/product"}],"replies":[{"embeddable":true,"href":"https:\/\/locsshop.eu\/es\/wp-json\/wp\/v2\/comments?post=10891"}],"wp:featuredmedia":[{"embeddable":true,"href":"https:\/\/locsshop.eu\/es\/wp-json\/wp\/v2\/media\/10892"}],"wp:attachment":[{"href":"https:\/\/locsshop.eu\/es\/wp-json\/wp\/v2\/media?parent=10891"}],"wp:term":[{"taxonomy":"product_brand","embeddable":true,"href":"https:\/\/locsshop.eu\/es\/wp-json\/wp\/v2\/product_brand?post=10891"},{"taxonomy":"product_cat","embeddable":true,"href":"https:\/\/locsshop.eu\/es\/wp-json\/wp\/v2\/product_cat?post=10891"},{"taxonomy":"product_tag","embeddable":true,"href":"https:\/\/locsshop.eu\/es\/wp-json\/wp\/v2\/product_tag?post=10891"}],"curies":[{"name":"gracias","href":"https:\/\/api.w.org\/{rel}","templated":true}]}}