{"id":12181,"date":"2024-03-03T13:25:35","date_gmt":"2024-03-03T12:25:35","guid":{"rendered":"https:\/\/locsshop.eu\/da\/shop\/oereringe-med-krans-og-sten-kirurgisk-staal-belagt-med-14-karat-guld\/"},"modified":"2025-04-29T07:29:03","modified_gmt":"2025-04-29T05:29:03","slug":"oereringe-med-krans-og-sten-kirurgisk-staal-belagt-med-14-karat-guld","status":"publish","type":"product","link":"https:\/\/locsshop.eu\/es\/shop\/oereringe-med-krans-og-sten-kirurgisk-staal-belagt-med-14-karat-guld\/","title":{"rendered":"Pendientes con corona y piedras negras | Acero quir\u00fargico recubierto de oro de 14 quilates."},"content":{"rendered":"<h1><strong>PENDIENTES DE MODA BA\u00d1OS EN ORO DE 14 QUILATES<\/strong><\/h1>\n<p>Son perfectos tanto para estilos elegantes como cotidianos.<\/p>\n<p>Un hermoso conjunto para cualquier ocasi\u00f3n.<\/p>\n<p><strong>Longitud: 2 cm<\/strong><\/p>\n<p><strong>di\u00e1metro del c\u00edrculo 1,4 cm<\/strong><\/p>\n<p><strong>tipo de bloqueo: pasador<\/strong><\/p>\n<h4><strong>El acero quir\u00fargico es resistente a las condiciones clim\u00e1ticas, no se corroe, no se oxida y no mancha.<\/strong><\/h4>\n<p>Nuestros anillos para los dedos est\u00e1n dise\u00f1ados para ser vers\u00e1tiles, lo que los convierte en el accesorio ideal tanto para el d\u00eda a d\u00eda como para momentos especiales. Est\u00e1n fabricados con materiales duraderos que garantizan un brillo y calidad duraderos. Ya sea usado solo o en combinaci\u00f3n con otras joyas, este anillo a\u00f1ade un toque de elegancia a cualquier conjunto.<\/p>\n<p>Resalte su individualidad y cree un estilo atemporal con estos hermosos aretes, que no son solo una pieza de joyer\u00eda, sino tambi\u00e9n una expresi\u00f3n de su elegancia personal.<\/p>\n<p><strong>Nuestras joyas<\/strong><\/p>\n<p><em>Bienvenido a nuestro exclusivo universo de joyer\u00eda, donde la belleza se encuentra con el prop\u00f3sito. Nuestra selecci\u00f3n de joyas es un tesoro de joyas \u00fanicas y encantadoras, creadas con pasi\u00f3n y experiencia. Con una amplia gama de joyer\u00eda artesanal, ofrecemos una experiencia que combina est\u00e9tica y calidad de una manera \u00fanica.<\/em><\/p>\n<p><em>Nuestras colecciones son cuidadosamente seleccionadas para ofrecer algo para cada gusto y ocasi\u00f3n. Desde cl\u00e1sicos atemporales hasta dise\u00f1os modernos y contempor\u00e1neos, nuestra selecci\u00f3n de joyas refleja una belleza que perdura a trav\u00e9s de las tendencias cambiantes del tiempo. Entendemos que una joya no es s\u00f3lo un accesorio, sino una historia de estilo, emoci\u00f3n y significado.<\/em><\/p>\n<p><em>Nuestra dedicaci\u00f3n a la calidad se extiende m\u00e1s all\u00e1 de lo visual. Nos centramos en materiales y artesan\u00eda de alto nivel, asegurando que cada pieza de joyer\u00eda sea una inversi\u00f3n tanto en belleza como en durabilidad.<\/em><\/p>\n<p><em>Explora nuestras joyas y sum\u00e9rgete en un mundo de elegancia, donde cada art\u00edculo es cuidadosamente seleccionado para agregar brillo y belleza a tu estilo personal.<\/em><\/p>\n<p>&nbsp;<\/p>\n<p>&nbsp;<\/p>\n<p><strong>\u00a0<\/strong><\/p>\n<table style=\"width: 100%;border-collapse: collapse;border-style: hidden;margin-left: auto;margin-right: auto\" border=\"1\" cellspacing=\"50\" cellpadding=\"20\">\n<caption>\u00a0<\/caption>\n<caption>\u00a0<\/caption>\n<tbody>\n<tr>\n<td style=\"width: 25%;text-align: center\"><img loading=\"lazy\" decoding=\"async\" class=\"alignnone size-full wp-image-13135\" src=\"https:\/\/bazarsalg.dk\/wp-content\/uploads\/gave-80x80-1.png\" alt=\"\" width=\"80\" height=\"80\" \/><\/td>\n<td style=\"width: 25%;text-align: center\"><img decoding=\"async\" src=\"https:\/\/bazarsalg.dk\/wp-content\/uploads\/ce.png\" \/><\/td>\n<td style=\"width: 25%;text-align: center\"><img decoding=\"async\" src=\"https:\/\/bazarsalg.dk\/wp-content\/uploads\/box.png\" \/><\/td>\n<\/tr>\n<tr>\n<td style=\"width: 25%;text-align: center\"><strong><span style=\"color: #333333\">Se entrega en un joyero o en una bolsa para joyas.<\/span><\/strong><\/p>\n<p><span style=\"color: #333333\">Cuando nos compras joyas, est\u00e1n listas para d\u00e1rselas a alguien que te importa, nuestras joyas se entregan en una bonita bolsa o joyero.<\/span><\/td>\n<td style=\"width: 25%;text-align: center\"><strong><span style=\"color: #333333\">CE aprobado <\/span><\/strong><\/p>\n<p><span style=\"color: #333333\">Nuestras joyas cumplen con todos los requisitos legales de la UE, lo que garantiza que sus joyas est\u00e9n probadas y aprobadas.<\/span><\/td>\n<td style=\"width: 25%;text-align: center\"><strong><span style=\"color: #333333\">Se env\u00eda en caja de cart\u00f3n para que tus joyas no se rompan <\/span><\/strong><\/p>\n<p><span style=\"color: #333333\">Siempre empaquetamos su pedido de forma segura para que llegue sano y salvo.<\/span><\/td>\n<\/tr>\n<\/tbody>\n<\/table>","protected":false},"excerpt":{"rendered":"<p><strong>Pendientes con corona y piedras negras | Acero quir\u00fargico recubierto de oro de 14 quilates.<\/strong><\/p>","protected":false},"featured_media":12179,"comment_status":"open","ping_status":"closed","template":"","meta":{"om_disable_all_campaigns":false,"_monsterinsights_skip_tracking":false,"_monsterinsights_sitenote_active":false,"_monsterinsights_sitenote_note":"","_monsterinsights_sitenote_category":0},"product_brand":[],"product_cat":[1530,1497],"product_tag":[652,654],"class_list":{"0":"post-12181","1":"product","2":"type-product","3":"status-publish","4":"has-post-thumbnail","6":"product_cat-oereringe","7":"product_cat-smykker","8":"product_tag-oereringe","9":"product_tag-smykker","11":"first","12":"instock","13":"shipping-taxable","14":"purchasable","15":"product-type-simple"},"yoast_head":"<!-- This site is optimized with the Yoast SEO plugin v27.2 - https:\/\/yoast.com\/product\/yoast-seo-wordpress\/ -->\n<title>\u00d8reringe med krans og sten | Kirurgisk st\u00e5l belagt med 14 karat guld | K\u00f8b online her | LOCS<\/title>\n<meta name=\"description\" content=\"K\u00f8b \u00d8reringe med krans og sten | Kirurgisk st\u00e5l belagt med 14 karat guld her | EU&#039;s st\u00f8rste udvalg af LOCS solbriller | Vi sender fra EU - Ingen ekstra import udgifter\" \/>\n<meta name=\"robots\" content=\"index, follow, max-snippet:-1, max-image-preview:large, max-video-preview:-1\" \/>\n<link rel=\"canonical\" href=\"https:\/\/locsshop.eu\/es\/shop\/oereringe-med-krans-og-sten-kirurgisk-staal-belagt-med-14-karat-guld\/\" \/>\n<meta property=\"og:locale\" content=\"es_ES\" \/>\n<meta property=\"og:type\" content=\"article\" \/>\n<meta property=\"og:title\" content=\"\u00d8reringe med krans og sten | Kirurgisk st\u00e5l belagt med 14 karat guld | K\u00f8b online her | LOCS\" \/>\n<meta property=\"og:description\" content=\"K\u00f8b \u00d8reringe med krans og sten | Kirurgisk st\u00e5l belagt med 14 karat guld her | EU&#039;s st\u00f8rste udvalg af LOCS solbriller | Vi sender fra EU - Ingen ekstra import udgifter\" \/>\n<meta property=\"og:url\" content=\"https:\/\/locsshop.eu\/es\/shop\/oereringe-med-krans-og-sten-kirurgisk-staal-belagt-med-14-karat-guld\/\" \/>\n<meta property=\"og:site_name\" content=\"Locs Sunglasses - LOCS Supplier in EU\" \/>\n<meta property=\"article:modified_time\" content=\"2025-04-29T05:29:03+00:00\" \/>\n<meta property=\"og:image\" content=\"https:\/\/locsshop.eu\/wp-content\/uploads\/2024\/03\/KST2931B-1.jpg\" \/>\n\t<meta property=\"og:image:width\" content=\"800\" \/>\n\t<meta property=\"og:image:height\" content=\"800\" \/>\n\t<meta property=\"og:image:type\" content=\"image\/jpeg\" \/>\n<meta name=\"twitter:card\" content=\"summary_large_image\" \/>\n<meta name=\"twitter:label1\" content=\"Tiempo de lectura\" \/>\n\t<meta name=\"twitter:data1\" content=\"2 minutos\" \/>\n<script type=\"application\/ld+json\" class=\"yoast-schema-graph\">{\"@context\":\"https:\/\/schema.org\",\"@graph\":[{\"@type\":\"WebPage\",\"@id\":\"https:\/\/locsshop.eu\/shop\/oereringe-med-krans-og-sten-kirurgisk-staal-belagt-med-14-karat-guld\/\",\"url\":\"https:\/\/locsshop.eu\/shop\/oereringe-med-krans-og-sten-kirurgisk-staal-belagt-med-14-karat-guld\/\",\"name\":\"\u00d8reringe med krans og sten | Kirurgisk st\u00e5l belagt med 14 karat guld | K\u00f8b online her | LOCS\",\"isPartOf\":{\"@id\":\"https:\/\/locsshop.eu\/#website\"},\"primaryImageOfPage\":{\"@id\":\"https:\/\/locsshop.eu\/shop\/oereringe-med-krans-og-sten-kirurgisk-staal-belagt-med-14-karat-guld\/#primaryimage\"},\"image\":{\"@id\":\"https:\/\/locsshop.eu\/shop\/oereringe-med-krans-og-sten-kirurgisk-staal-belagt-med-14-karat-guld\/#primaryimage\"},\"thumbnailUrl\":\"https:\/\/locsshop.eu\/wp-content\/uploads\/2024\/03\/KST2931B-1.jpg\",\"datePublished\":\"2024-03-03T12:25:35+00:00\",\"dateModified\":\"2025-04-29T05:29:03+00:00\",\"description\":\"K\u00f8b \u00d8reringe med krans og sten | Kirurgisk st\u00e5l belagt med 14 karat guld her | EU's st\u00f8rste udvalg af LOCS solbriller | Vi sender fra EU - Ingen ekstra import udgifter\",\"breadcrumb\":{\"@id\":\"https:\/\/locsshop.eu\/shop\/oereringe-med-krans-og-sten-kirurgisk-staal-belagt-med-14-karat-guld\/#breadcrumb\"},\"inLanguage\":\"es\",\"potentialAction\":[{\"@type\":\"ReadAction\",\"target\":[\"https:\/\/locsshop.eu\/shop\/oereringe-med-krans-og-sten-kirurgisk-staal-belagt-med-14-karat-guld\/\"]}]},{\"@type\":\"ImageObject\",\"inLanguage\":\"es\",\"@id\":\"https:\/\/locsshop.eu\/shop\/oereringe-med-krans-og-sten-kirurgisk-staal-belagt-med-14-karat-guld\/#primaryimage\",\"url\":\"https:\/\/locsshop.eu\/wp-content\/uploads\/2024\/03\/KST2931B-1.jpg\",\"contentUrl\":\"https:\/\/locsshop.eu\/wp-content\/uploads\/2024\/03\/KST2931B-1.jpg\",\"width\":800,\"height\":800},{\"@type\":\"BreadcrumbList\",\"@id\":\"https:\/\/locsshop.eu\/shop\/oereringe-med-krans-og-sten-kirurgisk-staal-belagt-med-14-karat-guld\/#breadcrumb\",\"itemListElement\":[{\"@type\":\"ListItem\",\"position\":1,\"name\":\"Hjem\",\"item\":\"https:\/\/locsshop.eu\/\"},{\"@type\":\"ListItem\",\"position\":2,\"name\":\"Shop\",\"item\":\"https:\/\/locsshop.eu\/shop\/\"},{\"@type\":\"ListItem\",\"position\":3,\"name\":\"\u00d8reringe med krans og sten | Kirurgisk st\u00e5l belagt med 14 karat guld\"}]},{\"@type\":\"WebSite\",\"@id\":\"https:\/\/locsshop.eu\/#website\",\"url\":\"https:\/\/locsshop.eu\/\",\"name\":\"Locs Sunglasses - LOCS Supplier in EU\",\"description\":\"We sell cheap LOCS Sunglasses\",\"publisher\":{\"@id\":\"https:\/\/locsshop.eu\/#organization\"},\"potentialAction\":[{\"@type\":\"SearchAction\",\"target\":{\"@type\":\"EntryPoint\",\"urlTemplate\":\"https:\/\/locsshop.eu\/?s={search_term_string}\"},\"query-input\":{\"@type\":\"PropertyValueSpecification\",\"valueRequired\":true,\"valueName\":\"search_term_string\"}}],\"inLanguage\":\"es\"},{\"@type\":\"Organization\",\"@id\":\"https:\/\/locsshop.eu\/#organization\",\"name\":\"Locsshop.eu\",\"url\":\"https:\/\/locsshop.eu\/\",\"logo\":{\"@type\":\"ImageObject\",\"inLanguage\":\"es\",\"@id\":\"https:\/\/locsshop.eu\/#\/schema\/logo\/image\/\",\"url\":\"https:\/\/locsshop.eu\/wp-content\/uploads\/2022\/02\/Locsshop-logo.png\",\"contentUrl\":\"https:\/\/locsshop.eu\/wp-content\/uploads\/2022\/02\/Locsshop-logo.png\",\"width\":930,\"height\":200,\"caption\":\"Locsshop.eu\"},\"image\":{\"@id\":\"https:\/\/locsshop.eu\/#\/schema\/logo\/image\/\"}}]}<\/script>\n<!-- \/ Yoast SEO plugin. -->","yoast_head_json":{"title":"Pendientes con corona y piedras | Acero quir\u00fargico ba\u00f1ado en oro de 14 quilates | Compre en l\u00ednea aqu\u00ed | LOC","description":"Comprar Pendientes con corona y piedras | Acero quir\u00fargico ba\u00f1ado en oro de 14 quilates aqu\u00ed | La mayor selecci\u00f3n de gafas de sol LOCS de la UE | Enviamos desde la UE: sin costes de importaci\u00f3n adicionales","robots":{"index":"index","follow":"follow","max-snippet":"max-snippet:-1","max-image-preview":"max-image-preview:large","max-video-preview":"max-video-preview:-1"},"canonical":"https:\/\/locsshop.eu\/es\/shop\/oereringe-med-krans-og-sten-kirurgisk-staal-belagt-med-14-karat-guld\/","og_locale":"es_ES","og_type":"article","og_title":"\u00d8reringe med krans og sten | Kirurgisk st\u00e5l belagt med 14 karat guld | K\u00f8b online her | LOCS","og_description":"K\u00f8b \u00d8reringe med krans og sten | Kirurgisk st\u00e5l belagt med 14 karat guld her | EU's st\u00f8rste udvalg af LOCS solbriller | Vi sender fra EU - Ingen ekstra import udgifter","og_url":"https:\/\/locsshop.eu\/es\/shop\/oereringe-med-krans-og-sten-kirurgisk-staal-belagt-med-14-karat-guld\/","og_site_name":"Locs Sunglasses - LOCS Supplier in EU","article_modified_time":"2025-04-29T05:29:03+00:00","og_image":[{"width":800,"height":800,"url":"https:\/\/locsshop.eu\/wp-content\/uploads\/2024\/03\/KST2931B-1.jpg","type":"image\/jpeg"}],"twitter_card":"summary_large_image","twitter_misc":{"Tiempo de lectura":"2 minutos"},"schema":{"@context":"https:\/\/schema.org","@graph":[{"@type":"WebPage","@id":"https:\/\/locsshop.eu\/shop\/oereringe-med-krans-og-sten-kirurgisk-staal-belagt-med-14-karat-guld\/","url":"https:\/\/locsshop.eu\/shop\/oereringe-med-krans-og-sten-kirurgisk-staal-belagt-med-14-karat-guld\/","name":"Pendientes con corona y piedras | Acero quir\u00fargico ba\u00f1ado en oro de 14 quilates | Compre en l\u00ednea aqu\u00ed | LOC","isPartOf":{"@id":"https:\/\/locsshop.eu\/#website"},"primaryImageOfPage":{"@id":"https:\/\/locsshop.eu\/shop\/oereringe-med-krans-og-sten-kirurgisk-staal-belagt-med-14-karat-guld\/#primaryimage"},"image":{"@id":"https:\/\/locsshop.eu\/shop\/oereringe-med-krans-og-sten-kirurgisk-staal-belagt-med-14-karat-guld\/#primaryimage"},"thumbnailUrl":"https:\/\/locsshop.eu\/wp-content\/uploads\/2024\/03\/KST2931B-1.jpg","datePublished":"2024-03-03T12:25:35+00:00","dateModified":"2025-04-29T05:29:03+00:00","description":"Comprar Pendientes con corona y piedras | Acero quir\u00fargico ba\u00f1ado en oro de 14 quilates aqu\u00ed | La mayor selecci\u00f3n de gafas de sol LOCS de la UE | Enviamos desde la UE: sin costes de importaci\u00f3n adicionales","breadcrumb":{"@id":"https:\/\/locsshop.eu\/shop\/oereringe-med-krans-og-sten-kirurgisk-staal-belagt-med-14-karat-guld\/#breadcrumb"},"inLanguage":"es","potentialAction":[{"@type":"ReadAction","target":["https:\/\/locsshop.eu\/shop\/oereringe-med-krans-og-sten-kirurgisk-staal-belagt-med-14-karat-guld\/"]}]},{"@type":"ImageObject","inLanguage":"es","@id":"https:\/\/locsshop.eu\/shop\/oereringe-med-krans-og-sten-kirurgisk-staal-belagt-med-14-karat-guld\/#primaryimage","url":"https:\/\/locsshop.eu\/wp-content\/uploads\/2024\/03\/KST2931B-1.jpg","contentUrl":"https:\/\/locsshop.eu\/wp-content\/uploads\/2024\/03\/KST2931B-1.jpg","width":800,"height":800},{"@type":"BreadcrumbList","@id":"https:\/\/locsshop.eu\/shop\/oereringe-med-krans-og-sten-kirurgisk-staal-belagt-med-14-karat-guld\/#breadcrumb","itemListElement":[{"@type":"ListItem","position":1,"name":"Hjem","item":"https:\/\/locsshop.eu\/"},{"@type":"ListItem","position":2,"name":"Shop","item":"https:\/\/locsshop.eu\/shop\/"},{"@type":"ListItem","position":3,"name":"\u00d8reringe med krans og sten | Kirurgisk st\u00e5l belagt med 14 karat guld"}]},{"@type":"WebSite","@id":"https:\/\/locsshop.eu\/#website","url":"https:\/\/locsshop.eu\/","name":"Gafas de sol Locs - Proveedor LOCS en la UE","description":"Vendemos Gafas de Sol LOCS baratas","publisher":{"@id":"https:\/\/locsshop.eu\/#organization"},"potentialAction":[{"@type":"SearchAction","target":{"@type":"EntryPoint","urlTemplate":"https:\/\/locsshop.eu\/?s={search_term_string}"},"query-input":{"@type":"PropertyValueSpecification","valueRequired":true,"valueName":"search_term_string"}}],"inLanguage":"es"},{"@type":"Organization","@id":"https:\/\/locsshop.eu\/#organization","name":"Locsshop.eu","url":"https:\/\/locsshop.eu\/","logo":{"@type":"ImageObject","inLanguage":"es","@id":"https:\/\/locsshop.eu\/#\/schema\/logo\/image\/","url":"https:\/\/locsshop.eu\/wp-content\/uploads\/2022\/02\/Locsshop-logo.png","contentUrl":"https:\/\/locsshop.eu\/wp-content\/uploads\/2022\/02\/Locsshop-logo.png","width":930,"height":200,"caption":"Locsshop.eu"},"image":{"@id":"https:\/\/locsshop.eu\/#\/schema\/logo\/image\/"}}]}},"_links":{"self":[{"href":"https:\/\/locsshop.eu\/es\/wp-json\/wp\/v2\/product\/12181","targetHints":{"allow":["GET"]}}],"collection":[{"href":"https:\/\/locsshop.eu\/es\/wp-json\/wp\/v2\/product"}],"about":[{"href":"https:\/\/locsshop.eu\/es\/wp-json\/wp\/v2\/types\/product"}],"replies":[{"embeddable":true,"href":"https:\/\/locsshop.eu\/es\/wp-json\/wp\/v2\/comments?post=12181"}],"wp:featuredmedia":[{"embeddable":true,"href":"https:\/\/locsshop.eu\/es\/wp-json\/wp\/v2\/media\/12179"}],"wp:attachment":[{"href":"https:\/\/locsshop.eu\/es\/wp-json\/wp\/v2\/media?parent=12181"}],"wp:term":[{"taxonomy":"product_brand","embeddable":true,"href":"https:\/\/locsshop.eu\/es\/wp-json\/wp\/v2\/product_brand?post=12181"},{"taxonomy":"product_cat","embeddable":true,"href":"https:\/\/locsshop.eu\/es\/wp-json\/wp\/v2\/product_cat?post=12181"},{"taxonomy":"product_tag","embeddable":true,"href":"https:\/\/locsshop.eu\/es\/wp-json\/wp\/v2\/product_tag?post=12181"}],"curies":[{"name":"gracias","href":"https:\/\/api.w.org\/{rel}","templated":true}]}}