{"id":12257,"date":"2024-03-20T22:35:19","date_gmt":"2024-03-20T21:35:19","guid":{"rendered":"https:\/\/locsshop.eu\/da\/shop\/matsorte-hurtigbriller-sportssolbriller-roed-detalje-trentino\/"},"modified":"2024-07-11T23:49:07","modified_gmt":"2024-07-11T21:49:07","slug":"matsorte-hurtigbriller-sportssolbriller-roed-detalje-trentino","status":"publish","type":"product","link":"https:\/\/locsshop.eu\/es\/shop\/matsorte-hurtigbriller-sportssolbriller-roed-detalje-trentino\/","title":{"rendered":"Gafas de velocidad negras mate \/ gafas de sol deportivas con detalle de cobre rojo | trentino"},"content":{"rendered":"<p><strong>Rendimiento \u00f3ptimo con nuestras gafas de sol deportivas: \u00a1visi\u00f3n perfecta dondequiera que vaya!<\/strong><\/p>\n<p>Prep\u00e1rese para llevar su rendimiento a nuevas alturas con nuestras gafas de sol deportivas de alta calidad. Ya sea que sea un atleta profesional, un \u00e1vido deportista o simplemente le gusten las actividades al aire libre, nuestras gafas de sol est\u00e1n dise\u00f1adas para ofrecer la mejor combinaci\u00f3n de estilo, protecci\u00f3n y rendimiento.<\/p>\n<p><strong>Por qu\u00e9 destacan nuestras gafas de sol deportivas:<\/strong><\/p>\n<ol>\n<li><strong>Protecci\u00f3n avanzada:<\/strong> Proteja sus ojos de los da\u00f1inos rayos UV, el viento, el polvo y los insectos con nuestras avanzadas gafas de sol deportivas. Priorizamos la seguridad y la salud de sus ojos, para que pueda concentrarse en su desempe\u00f1o sin interrupciones.<\/li>\n<li><strong>Construcci\u00f3n duradera:<\/strong> Entendemos la importancia de la durabilidad cuando se trata de equipamiento deportivo. Nuestras gafas de sol est\u00e1n fabricadas con materiales duraderos y un dise\u00f1o liviano que le brinda comodidad y confiabilidad durante todo el d\u00eda.<\/li>\n<li><strong>Dise\u00f1o elegante:<\/strong> Adem\u00e1s de ofrecer el m\u00e1ximo rendimiento, nuestras gafas de sol deportivas tambi\u00e9n est\u00e1n dise\u00f1adas para ser elegantes y modernas. Independientemente de tu estilo y preferencia, tenemos gafas de sol que combinan con tu personalidad y te dan un aspecto elegante durante el entrenamiento o en tu tiempo libre.<\/li>\n<\/ol>\n<p><strong>\u00bfPor qu\u00e9 elegir nuestras gafas de sol deportivas?<\/strong><\/p>\n<ul>\n<li><strong>Visi\u00f3n mejorada:<\/strong> Optimice su rendimiento con una visi\u00f3n n\u00edtida y reducci\u00f3n del deslumbramiento.<\/li>\n<li><strong>Proteccion:<\/strong> La seguridad es lo primero: proteja sus ojos de los rayos nocivos del sol y de los elementos externos.<\/li>\n<li><strong>Comodidad:<\/strong> El dise\u00f1o liviano y las caracter\u00edsticas ajustables garantizan un ajuste c\u00f3modo durante todo el d\u00eda.<\/li>\n<li><strong>Estilo:<\/strong> Haga una declaraci\u00f3n de moda con nuestras elegantes gafas de sol deportivas que se adaptan a su estilo de vida activo.<\/li>\n<\/ul>\n<p>Lleva tu entrenamiento y aventuras al aire libre al siguiente nivel con nuestras gafas de sol deportivas. \u00a1Experimente la combinaci\u00f3n perfecta de estilo, protecci\u00f3n y rendimiento y prep\u00e1rese para ver el mundo bajo una luz completamente nueva!<\/p>\n<p>&nbsp;<\/p>\n<h4>Material: <strong>Vidrio de pl\u00e1stico y policarbonato.<\/strong><\/h4>\n<p>&nbsp;<\/p>\n<h3><strong>Las gafas de sol son polarizadas.<br \/>\n<img loading=\"lazy\" decoding=\"async\" class=\"alignnone size-full wp-image-11712\" src=\"https:\/\/bazarsalg.dk\/wp-content\/uploads\/polarized-logo.jpg\" alt=\"\" width=\"200\" height=\"108\" \/><br \/>\n<\/strong><\/h3>\n<p><em>Las gafas de sol polarizadas son un tipo popular de gafas de sol dise\u00f1adas para reducir el resplandor de las superficies reflectantes, como el agua, la nieve o las superficies de las carreteras. Esto se logra utilizando una pel\u00edcula polarizadora que bloquea las ondas de luz que viajan en un eje espec\u00edfico. Esto reduce los reflejos y proporciona una vista m\u00e1s clara y detallada, especialmente a plena luz del sol. Es una buena idea elegir gafas de sol polarizadas si pasa mucho tiempo al aire libre, especialmente cerca del agua o en actividades como el esqu\u00ed o el ciclismo.<br \/>\nPor lo tanto, estas gafas de sol tambi\u00e9n son muy buenas para pescar ya que puedes ver el agua con mayor claridad y perfecta cuando remas en un kayak u otro tipo de navegaci\u00f3n.<\/em><\/p>\n<p>&nbsp;<\/p>\n<h3>Las gafas de sol son geniales durante todo el a\u00f1o y s\u00faper modernas.<br \/>\nGafas de sol de velocidad \u2013 Gafas de sol para bicicleta \u2013 Gafas de sol para pesca \u2013 Gafas de sol para festivales \u2013 Gafas de sol deportivas, s\u00ed, querido ni\u00f1o, tiene muchos nombres\u2026<\/h3>\n<p>&nbsp;<\/p>\n<p>&nbsp;<\/p>\n<table style=\"width: 100%;border-collapse: collapse;border-style: dashed\" border=\"1\">\n<tbody>\n<tr>\n<td style=\"width: 100%\">\n<h2 style=\"text-align: center\"><strong>El tama\u00f1o de las gafas de sol.<\/strong><\/h2>\n<\/td>\n<\/tr>\n<\/tbody>\n<\/table>\n<table style=\"width: 100%;border-collapse: collapse;border-style: hidden;margin-left: auto;margin-right: auto\" border=\"1\" cellspacing=\"20\" cellpadding=\"20\">\n<tbody>\n<tr>\n<td style=\"width: 33.3333%;text-align: center\"><strong><img decoding=\"async\" src=\"https:\/\/bazarsalg.dk\/wp-content\/uploads\/bredde.png\" \/><\/strong><\/td>\n<td style=\"width: 33.3333%;text-align: center\"><strong>Ancho<\/strong><\/td>\n<td style=\"width: 33.3333%;text-align: center\"><strong>13,7 cm.<\/strong><\/td>\n<\/tr>\n<tr>\n<td style=\"width: 33.3333%;text-align: center\"><strong><img decoding=\"async\" src=\"https:\/\/bazarsalg.dk\/wp-content\/uploads\/hoejde.png\" \/><\/strong><\/td>\n<td style=\"width: 33.3333%;text-align: center\"><strong>Altura<\/strong><\/td>\n<td style=\"width: 33.3333%;text-align: center\"><strong>4,2 cm.<\/strong><\/td>\n<\/tr>\n<tr>\n<td style=\"width: 33.3333%;text-align: center\"><strong><img decoding=\"async\" src=\"https:\/\/bazarsalg.dk\/wp-content\/uploads\/stang.png\" \/><\/strong><\/td>\n<td style=\"width: 33.3333%;text-align: center\"><strong>Longitud de la lente<\/strong><\/td>\n<td style=\"width: 33.3333%;text-align: center\"><strong>13cm<\/strong><\/td>\n<\/tr>\n<tr>\n<td style=\"width: 33.3333%;text-align: center\"><strong><img decoding=\"async\" src=\"https:\/\/bazarsalg.dk\/wp-content\/uploads\/glas-bredde.png\" \/><\/strong><\/td>\n<td style=\"width: 33.3333%;text-align: center\"><strong>Ancho de vidrio<\/strong><\/td>\n<td style=\"width: 33.3333%;text-align: center\"><strong>13,2 cm.<\/strong><\/td>\n<\/tr>\n<tr>\n<td style=\"width: 33.3333%;text-align: center\"><strong><img decoding=\"async\" src=\"https:\/\/bazarsalg.dk\/wp-content\/uploads\/bredde-naese.png\" \/><\/strong><\/td>\n<td style=\"width: 33.3333%;text-align: center\"><strong>Espacio entre vidrio<\/strong><\/td>\n<td style=\"width: 33.3333%;text-align: center\"><strong>Nada<\/strong><\/td>\n<\/tr>\n<\/tbody>\n<\/table>\n<p>&nbsp;<\/p>\n<p><strong>\u00a0<\/strong><\/p>\n<table style=\"width: 100%;border-collapse: collapse;border-style: hidden;margin-left: auto;margin-right: auto\" border=\"1\" cellspacing=\"50\" cellpadding=\"20\">\n<caption>\u00a0<\/caption>\n<caption>\u00a0<\/caption>\n<tbody>\n<tr>\n<td style=\"width: 25%;text-align: center\"><img decoding=\"async\" class=\"aligncenter\" src=\"https:\/\/bazarsalg.dk\/wp-content\/uploads\/UV.png\" \/><\/td>\n<td style=\"width: 25%;text-align: center\"><img decoding=\"async\" src=\"https:\/\/bazarsalg.dk\/wp-content\/uploads\/ce.png\" \/><\/td>\n<td style=\"width: 25%;text-align: center\"><img decoding=\"async\" src=\"https:\/\/bazarsalg.dk\/wp-content\/uploads\/box.png\" \/><\/td>\n<\/tr>\n<tr>\n<td style=\"width: 25%;text-align: center\"><strong>Las gafas de sol tienen protecci\u00f3n UV400<\/strong><\/p>\n<p>Bloquea del 99 al 100 por ciento de todos los rayos UVA y UVB y protege sus ojos de los rayos del sol.<\/td>\n<td style=\"width: 25%;text-align: center\"><strong>CE aprobado <\/strong><\/p>\n<p>Las gafas de sol cumplen con todos los requisitos legales de la UE, lo que garantiza que sus gafas de sol est\u00e9n probadas y aprobadas.<\/td>\n<td style=\"width: 25%;text-align: center\"><strong>Enviado en caja de cart\u00f3n para que no se rompan <\/strong><\/p>\n<p>Siempre empaquetamos las gafas de sol de forma segura para que lleguen en buenas condiciones.<\/td>\n<\/tr>\n<\/tbody>\n<\/table>","protected":false},"excerpt":{"rendered":"<p><strong>marco negro mate<\/strong><br \/>\n<strong>Goma en la barra para que se ajusten mejor<br \/>\nVidrio polarizado para una visibilidad \u00f3ptima<br \/>\nVidrio multicolor<\/strong><\/p>\n<p><em>CE aprobado<\/em><br \/>\n<em>Protecci\u00f3n UV400<\/em><\/p>","protected":false},"featured_media":12256,"comment_status":"open","ping_status":"closed","template":"","meta":{"om_disable_all_campaigns":false,"_monsterinsights_skip_tracking":false,"_monsterinsights_sitenote_active":false,"_monsterinsights_sitenote_note":"","_monsterinsights_sitenote_category":0},"product_brand":[],"product_cat":[1026,1029,1025,1046,1546],"product_tag":[1547,1548,870],"class_list":{"0":"post-12257","1":"product","2":"type-product","3":"status-publish","4":"has-post-thumbnail","6":"product_cat-dame-solbriller","7":"product_cat-herre-solbriller","8":"product_cat-billige-solbriller","9":"product_cat-cykelbriller","10":"product_cat-hurtigbriller","11":"product_tag-cykelsolbriller","12":"product_tag-hurtigbriller","13":"product_tag-p693","15":"first","16":"instock","17":"shipping-taxable","18":"purchasable","19":"product-type-simple"},"yoast_head":"<!-- This site is optimized with the Yoast SEO plugin v27.2 - https:\/\/yoast.com\/product\/yoast-seo-wordpress\/ -->\n<title>Matsorte hurtigbriller \/ sportssolbriller med r\u00f8d kobber detalje | Trentino | K\u00f8b online her | LOCS<\/title>\n<meta name=\"description\" content=\"K\u00f8b Matsorte hurtigbriller \/ sportssolbriller med r\u00f8d kobber detalje | Trentino her | EU&#039;s st\u00f8rste udvalg af LOCS solbriller | Vi sender fra EU - Ingen ekstra import udgifter\" \/>\n<meta name=\"robots\" content=\"index, follow, max-snippet:-1, max-image-preview:large, max-video-preview:-1\" \/>\n<link rel=\"canonical\" href=\"https:\/\/locsshop.eu\/es\/shop\/matsorte-hurtigbriller-sportssolbriller-roed-detalje-trentino\/\" \/>\n<meta property=\"og:locale\" content=\"es_ES\" \/>\n<meta property=\"og:type\" content=\"article\" \/>\n<meta property=\"og:title\" content=\"Matsorte hurtigbriller \/ sportssolbriller med r\u00f8d kobber detalje | Trentino | K\u00f8b online her | LOCS\" \/>\n<meta property=\"og:description\" content=\"K\u00f8b Matsorte hurtigbriller \/ sportssolbriller med r\u00f8d kobber detalje | Trentino her | EU&#039;s st\u00f8rste udvalg af LOCS solbriller | Vi sender fra EU - Ingen ekstra import udgifter\" \/>\n<meta property=\"og:url\" content=\"https:\/\/locsshop.eu\/es\/shop\/matsorte-hurtigbriller-sportssolbriller-roed-detalje-trentino\/\" \/>\n<meta property=\"og:site_name\" content=\"Locs Sunglasses - LOCS Supplier in EU\" \/>\n<meta property=\"article:modified_time\" content=\"2024-07-11T21:49:07+00:00\" \/>\n<meta property=\"og:image\" content=\"https:\/\/locsshop.eu\/wp-content\/uploads\/2024\/03\/BM6011-RD-polarized.jpg\" \/>\n\t<meta property=\"og:image:width\" content=\"800\" \/>\n\t<meta property=\"og:image:height\" content=\"800\" \/>\n\t<meta property=\"og:image:type\" content=\"image\/jpeg\" \/>\n<meta name=\"twitter:card\" content=\"summary_large_image\" \/>\n<meta name=\"twitter:label1\" content=\"Tiempo de lectura\" \/>\n\t<meta name=\"twitter:data1\" content=\"3 minutos\" \/>\n<script type=\"application\/ld+json\" class=\"yoast-schema-graph\">{\"@context\":\"https:\/\/schema.org\",\"@graph\":[{\"@type\":\"WebPage\",\"@id\":\"https:\/\/locsshop.eu\/shop\/matsorte-hurtigbriller-sportssolbriller-roed-detalje-trentino\/\",\"url\":\"https:\/\/locsshop.eu\/shop\/matsorte-hurtigbriller-sportssolbriller-roed-detalje-trentino\/\",\"name\":\"Matsorte hurtigbriller \/ sportssolbriller med r\u00f8d kobber detalje | Trentino | K\u00f8b online her | LOCS\",\"isPartOf\":{\"@id\":\"https:\/\/locsshop.eu\/#website\"},\"primaryImageOfPage\":{\"@id\":\"https:\/\/locsshop.eu\/shop\/matsorte-hurtigbriller-sportssolbriller-roed-detalje-trentino\/#primaryimage\"},\"image\":{\"@id\":\"https:\/\/locsshop.eu\/shop\/matsorte-hurtigbriller-sportssolbriller-roed-detalje-trentino\/#primaryimage\"},\"thumbnailUrl\":\"https:\/\/locsshop.eu\/wp-content\/uploads\/2024\/03\/BM6011-RD-polarized.jpg\",\"datePublished\":\"2024-03-20T21:35:19+00:00\",\"dateModified\":\"2024-07-11T21:49:07+00:00\",\"description\":\"K\u00f8b Matsorte hurtigbriller \/ sportssolbriller med r\u00f8d kobber detalje | Trentino her | EU's st\u00f8rste udvalg af LOCS solbriller | Vi sender fra EU - Ingen ekstra import udgifter\",\"breadcrumb\":{\"@id\":\"https:\/\/locsshop.eu\/shop\/matsorte-hurtigbriller-sportssolbriller-roed-detalje-trentino\/#breadcrumb\"},\"inLanguage\":\"es\",\"potentialAction\":[{\"@type\":\"ReadAction\",\"target\":[\"https:\/\/locsshop.eu\/shop\/matsorte-hurtigbriller-sportssolbriller-roed-detalje-trentino\/\"]}]},{\"@type\":\"ImageObject\",\"inLanguage\":\"es\",\"@id\":\"https:\/\/locsshop.eu\/shop\/matsorte-hurtigbriller-sportssolbriller-roed-detalje-trentino\/#primaryimage\",\"url\":\"https:\/\/locsshop.eu\/wp-content\/uploads\/2024\/03\/BM6011-RD-polarized.jpg\",\"contentUrl\":\"https:\/\/locsshop.eu\/wp-content\/uploads\/2024\/03\/BM6011-RD-polarized.jpg\",\"width\":800,\"height\":800},{\"@type\":\"BreadcrumbList\",\"@id\":\"https:\/\/locsshop.eu\/shop\/matsorte-hurtigbriller-sportssolbriller-roed-detalje-trentino\/#breadcrumb\",\"itemListElement\":[{\"@type\":\"ListItem\",\"position\":1,\"name\":\"Hjem\",\"item\":\"https:\/\/locsshop.eu\/\"},{\"@type\":\"ListItem\",\"position\":2,\"name\":\"Shop\",\"item\":\"https:\/\/locsshop.eu\/shop\/\"},{\"@type\":\"ListItem\",\"position\":3,\"name\":\"Matsorte hurtigbriller \/ sportssolbriller med r\u00f8d kobber detalje | Trentino\"}]},{\"@type\":\"WebSite\",\"@id\":\"https:\/\/locsshop.eu\/#website\",\"url\":\"https:\/\/locsshop.eu\/\",\"name\":\"Locs Sunglasses - LOCS Supplier in EU\",\"description\":\"We sell cheap LOCS Sunglasses\",\"publisher\":{\"@id\":\"https:\/\/locsshop.eu\/#organization\"},\"potentialAction\":[{\"@type\":\"SearchAction\",\"target\":{\"@type\":\"EntryPoint\",\"urlTemplate\":\"https:\/\/locsshop.eu\/?s={search_term_string}\"},\"query-input\":{\"@type\":\"PropertyValueSpecification\",\"valueRequired\":true,\"valueName\":\"search_term_string\"}}],\"inLanguage\":\"es\"},{\"@type\":\"Organization\",\"@id\":\"https:\/\/locsshop.eu\/#organization\",\"name\":\"Locsshop.eu\",\"url\":\"https:\/\/locsshop.eu\/\",\"logo\":{\"@type\":\"ImageObject\",\"inLanguage\":\"es\",\"@id\":\"https:\/\/locsshop.eu\/#\/schema\/logo\/image\/\",\"url\":\"https:\/\/locsshop.eu\/wp-content\/uploads\/2022\/02\/Locsshop-logo.png\",\"contentUrl\":\"https:\/\/locsshop.eu\/wp-content\/uploads\/2022\/02\/Locsshop-logo.png\",\"width\":930,\"height\":200,\"caption\":\"Locsshop.eu\"},\"image\":{\"@id\":\"https:\/\/locsshop.eu\/#\/schema\/logo\/image\/\"}}]}<\/script>\n<!-- \/ Yoast SEO plugin. -->","yoast_head_json":{"title":"Gafas de velocidad negras mate \/ gafas de sol deportivas con detalle de cobre rojo | Trentino | Compre en l\u00ednea aqu\u00ed | LOC","description":"Comprar Gafas speed\/gafas de sol deportivas en negro mate con detalle en cobre rojo | Trentino aqu\u00ed | La mayor selecci\u00f3n de gafas de sol LOCS de la UE | Enviamos desde la UE: sin costes de importaci\u00f3n adicionales","robots":{"index":"index","follow":"follow","max-snippet":"max-snippet:-1","max-image-preview":"max-image-preview:large","max-video-preview":"max-video-preview:-1"},"canonical":"https:\/\/locsshop.eu\/es\/shop\/matsorte-hurtigbriller-sportssolbriller-roed-detalje-trentino\/","og_locale":"es_ES","og_type":"article","og_title":"Matsorte hurtigbriller \/ sportssolbriller med r\u00f8d kobber detalje | Trentino | K\u00f8b online her | LOCS","og_description":"K\u00f8b Matsorte hurtigbriller \/ sportssolbriller med r\u00f8d kobber detalje | Trentino her | EU's st\u00f8rste udvalg af LOCS solbriller | Vi sender fra EU - Ingen ekstra import udgifter","og_url":"https:\/\/locsshop.eu\/es\/shop\/matsorte-hurtigbriller-sportssolbriller-roed-detalje-trentino\/","og_site_name":"Locs Sunglasses - LOCS Supplier in EU","article_modified_time":"2024-07-11T21:49:07+00:00","og_image":[{"width":800,"height":800,"url":"https:\/\/locsshop.eu\/wp-content\/uploads\/2024\/03\/BM6011-RD-polarized.jpg","type":"image\/jpeg"}],"twitter_card":"summary_large_image","twitter_misc":{"Tiempo de lectura":"3 minutos"},"schema":{"@context":"https:\/\/schema.org","@graph":[{"@type":"WebPage","@id":"https:\/\/locsshop.eu\/shop\/matsorte-hurtigbriller-sportssolbriller-roed-detalje-trentino\/","url":"https:\/\/locsshop.eu\/shop\/matsorte-hurtigbriller-sportssolbriller-roed-detalje-trentino\/","name":"Gafas de velocidad negras mate \/ gafas de sol deportivas con detalle de cobre rojo | Trentino | Compre en l\u00ednea aqu\u00ed | LOC","isPartOf":{"@id":"https:\/\/locsshop.eu\/#website"},"primaryImageOfPage":{"@id":"https:\/\/locsshop.eu\/shop\/matsorte-hurtigbriller-sportssolbriller-roed-detalje-trentino\/#primaryimage"},"image":{"@id":"https:\/\/locsshop.eu\/shop\/matsorte-hurtigbriller-sportssolbriller-roed-detalje-trentino\/#primaryimage"},"thumbnailUrl":"https:\/\/locsshop.eu\/wp-content\/uploads\/2024\/03\/BM6011-RD-polarized.jpg","datePublished":"2024-03-20T21:35:19+00:00","dateModified":"2024-07-11T21:49:07+00:00","description":"Comprar Gafas speed\/gafas de sol deportivas en negro mate con detalle en cobre rojo | Trentino aqu\u00ed | La mayor selecci\u00f3n de gafas de sol LOCS de la UE | Enviamos desde la UE: sin costes de importaci\u00f3n adicionales","breadcrumb":{"@id":"https:\/\/locsshop.eu\/shop\/matsorte-hurtigbriller-sportssolbriller-roed-detalje-trentino\/#breadcrumb"},"inLanguage":"es","potentialAction":[{"@type":"ReadAction","target":["https:\/\/locsshop.eu\/shop\/matsorte-hurtigbriller-sportssolbriller-roed-detalje-trentino\/"]}]},{"@type":"ImageObject","inLanguage":"es","@id":"https:\/\/locsshop.eu\/shop\/matsorte-hurtigbriller-sportssolbriller-roed-detalje-trentino\/#primaryimage","url":"https:\/\/locsshop.eu\/wp-content\/uploads\/2024\/03\/BM6011-RD-polarized.jpg","contentUrl":"https:\/\/locsshop.eu\/wp-content\/uploads\/2024\/03\/BM6011-RD-polarized.jpg","width":800,"height":800},{"@type":"BreadcrumbList","@id":"https:\/\/locsshop.eu\/shop\/matsorte-hurtigbriller-sportssolbriller-roed-detalje-trentino\/#breadcrumb","itemListElement":[{"@type":"ListItem","position":1,"name":"Hjem","item":"https:\/\/locsshop.eu\/"},{"@type":"ListItem","position":2,"name":"Shop","item":"https:\/\/locsshop.eu\/shop\/"},{"@type":"ListItem","position":3,"name":"Matsorte hurtigbriller \/ sportssolbriller med r\u00f8d kobber detalje | Trentino"}]},{"@type":"WebSite","@id":"https:\/\/locsshop.eu\/#website","url":"https:\/\/locsshop.eu\/","name":"Gafas de sol Locs - Proveedor LOCS en la UE","description":"Vendemos Gafas de Sol LOCS baratas","publisher":{"@id":"https:\/\/locsshop.eu\/#organization"},"potentialAction":[{"@type":"SearchAction","target":{"@type":"EntryPoint","urlTemplate":"https:\/\/locsshop.eu\/?s={search_term_string}"},"query-input":{"@type":"PropertyValueSpecification","valueRequired":true,"valueName":"search_term_string"}}],"inLanguage":"es"},{"@type":"Organization","@id":"https:\/\/locsshop.eu\/#organization","name":"Locsshop.eu","url":"https:\/\/locsshop.eu\/","logo":{"@type":"ImageObject","inLanguage":"es","@id":"https:\/\/locsshop.eu\/#\/schema\/logo\/image\/","url":"https:\/\/locsshop.eu\/wp-content\/uploads\/2022\/02\/Locsshop-logo.png","contentUrl":"https:\/\/locsshop.eu\/wp-content\/uploads\/2022\/02\/Locsshop-logo.png","width":930,"height":200,"caption":"Locsshop.eu"},"image":{"@id":"https:\/\/locsshop.eu\/#\/schema\/logo\/image\/"}}]}},"_links":{"self":[{"href":"https:\/\/locsshop.eu\/es\/wp-json\/wp\/v2\/product\/12257","targetHints":{"allow":["GET"]}}],"collection":[{"href":"https:\/\/locsshop.eu\/es\/wp-json\/wp\/v2\/product"}],"about":[{"href":"https:\/\/locsshop.eu\/es\/wp-json\/wp\/v2\/types\/product"}],"replies":[{"embeddable":true,"href":"https:\/\/locsshop.eu\/es\/wp-json\/wp\/v2\/comments?post=12257"}],"wp:featuredmedia":[{"embeddable":true,"href":"https:\/\/locsshop.eu\/es\/wp-json\/wp\/v2\/media\/12256"}],"wp:attachment":[{"href":"https:\/\/locsshop.eu\/es\/wp-json\/wp\/v2\/media?parent=12257"}],"wp:term":[{"taxonomy":"product_brand","embeddable":true,"href":"https:\/\/locsshop.eu\/es\/wp-json\/wp\/v2\/product_brand?post=12257"},{"taxonomy":"product_cat","embeddable":true,"href":"https:\/\/locsshop.eu\/es\/wp-json\/wp\/v2\/product_cat?post=12257"},{"taxonomy":"product_tag","embeddable":true,"href":"https:\/\/locsshop.eu\/es\/wp-json\/wp\/v2\/product_tag?post=12257"}],"curies":[{"name":"gracias","href":"https:\/\/api.w.org\/{rel}","templated":true}]}}