{"id":12274,"date":"2024-03-20T23:33:42","date_gmt":"2024-03-20T22:33:42","guid":{"rendered":"https:\/\/locsshop.eu\/da\/shop\/matsorte-fit-over-solbriller-der-kan-vippes-op-moerke-glas\/"},"modified":"2026-04-09T08:26:40","modified_gmt":"2026-04-09T06:26:40","slug":"matsorte-fit-over-solbriller-der-kan-vippes-op-moerke-glas","status":"publish","type":"product","link":"https:\/\/locsshop.eu\/es\/shop\/matsorte-fit-over-solbriller-der-kan-vippes-op-moerke-glas\/","title":{"rendered":"Gafas de sol Fit-Over en negro mate que se pueden inclinar hacia arriba - Lentes oscuras"},"content":{"rendered":"<h2>Gafas de sol negras Fit-Over que puedes usar fuera de tus limosnas. anteojos<\/h2>\n<p>Si usa anteojos y quiere anteojos de sol que pueda usar adem\u00e1s de sus anteojos, debe comprar un par de anteojos de sol ajustables.<br \/>\nTienen unas c\u00f3modas gafas marrones con una funci\u00f3n de inclinaci\u00f3n inteligente para que puedas abrir el cristal cuando no sea necesario el efecto de gafas de sol (cuando entras en una tienda, por ejemplo).<\/p>\n<p><strong>Las monturas sobre las gafas est\u00e1n dise\u00f1adas para que puedas llevarlas encima de tus gafas normales.<br \/>\nUse las medidas a continuaci\u00f3n y vea si se ajustan a sus anteojos<\/strong><\/p>\n<p>Ancho interior: 13,7 cm.<br \/>\nAltura interior: 4,1 cm.<br \/>\nLongitud del lado interior: 15,2 cm.<\/p>\n<p>Material marco: pl\u00e1stico<br \/>\nProtecci\u00f3n UV400<\/p>\n<h3><strong>Las gafas de sol son polarizadas.<br \/>\n<img loading=\"lazy\" decoding=\"async\" class=\"alignnone size-full wp-image-11712\" src=\"https:\/\/bazarsalg.dk\/wp-content\/uploads\/polarized-logo.jpg\" alt=\"\" width=\"200\" height=\"108\" \/><br \/>\n<\/strong><\/h3>\n<p><em>Las gafas de sol polarizadas son un tipo popular de gafas de sol dise\u00f1adas para reducir el resplandor de las superficies reflectantes, como el agua, la nieve o las superficies de las carreteras. Esto se logra utilizando una pel\u00edcula polarizadora que bloquea las ondas de luz que viajan en un eje espec\u00edfico. Esto reduce los reflejos y proporciona una vista m\u00e1s clara y detallada, especialmente a plena luz del sol. Es una buena idea elegir gafas de sol polarizadas si pasa mucho tiempo al aire libre, especialmente cerca del agua o en actividades como el esqu\u00ed o el ciclismo.<\/em><\/p>","protected":false},"excerpt":{"rendered":"<ul>\n<li><strong>Usado afuera en su general. lentes<\/strong><\/li>\n<li><strong>superficie mate<\/strong><\/li>\n<li><strong>Lentes polarizadas para una visibilidad \u00f3ptima<\/strong><\/li>\n<\/ul>","protected":false},"featured_media":12273,"comment_status":"open","ping_status":"closed","template":"","meta":{"om_disable_all_campaigns":false,"_monsterinsights_skip_tracking":false,"_monsterinsights_sitenote_active":false,"_monsterinsights_sitenote_note":"","_monsterinsights_sitenote_category":0},"product_brand":[],"product_cat":[1026,1029,1025,1032],"product_tag":[445,1297,447,870],"class_list":{"0":"post-12274","1":"product","2":"type-product","3":"status-publish","4":"has-post-thumbnail","6":"product_cat-dame-solbriller","7":"product_cat-herre-solbriller","8":"product_cat-billige-solbriller","9":"product_cat-fit-over-solbriller","10":"product_tag-fit","11":"product_tag-fit-over","12":"product_tag-over","13":"product_tag-p693","15":"first","16":"outofstock","17":"shipping-taxable","18":"purchasable","19":"product-type-simple"},"yoast_head":"<!-- This site is optimized with the Yoast SEO plugin v27.5 - https:\/\/yoast.com\/product\/yoast-seo-wordpress\/ -->\n<title>Matsorte Fit-Over solbriller der kan vippes op - M\u00f8rke glas | K\u00f8b online her | LOCS<\/title>\n<meta name=\"description\" content=\"K\u00f8b Matsorte Fit-Over solbriller der kan vippes op - M\u00f8rke glas her | EU&#039;s st\u00f8rste udvalg af LOCS solbriller | Vi sender fra EU - Ingen ekstra import udgifter\" \/>\n<meta name=\"robots\" content=\"index, follow, max-snippet:-1, max-image-preview:large, max-video-preview:-1\" \/>\n<link rel=\"canonical\" href=\"https:\/\/locsshop.eu\/es\/shop\/matsorte-fit-over-solbriller-der-kan-vippes-op-moerke-glas\/\" \/>\n<meta property=\"og:locale\" content=\"es_ES\" \/>\n<meta property=\"og:type\" content=\"article\" \/>\n<meta property=\"og:title\" content=\"Matsorte Fit-Over solbriller der kan vippes op - M\u00f8rke glas | K\u00f8b online her | LOCS\" \/>\n<meta property=\"og:description\" content=\"K\u00f8b Matsorte Fit-Over solbriller der kan vippes op - M\u00f8rke glas her | EU&#039;s st\u00f8rste udvalg af LOCS solbriller | Vi sender fra EU - Ingen ekstra import udgifter\" \/>\n<meta property=\"og:url\" content=\"https:\/\/locsshop.eu\/es\/shop\/matsorte-fit-over-solbriller-der-kan-vippes-op-moerke-glas\/\" \/>\n<meta property=\"og:site_name\" content=\"Locs Sunglasses - LOCS Supplier in EU\" \/>\n<meta property=\"article:modified_time\" content=\"2026-04-09T06:26:40+00:00\" \/>\n<meta property=\"og:image\" content=\"https:\/\/locsshop.eu\/wp-content\/uploads\/2024\/03\/Fit-over-Mat-sort.jpg\" \/>\n\t<meta property=\"og:image:width\" content=\"800\" \/>\n\t<meta property=\"og:image:height\" content=\"800\" \/>\n\t<meta property=\"og:image:type\" content=\"image\/jpeg\" \/>\n<meta name=\"twitter:card\" content=\"summary_large_image\" \/>\n<meta name=\"twitter:label1\" content=\"Tiempo de lectura\" \/>\n\t<meta name=\"twitter:data1\" content=\"1 minuto\" \/>\n<script type=\"application\/ld+json\" class=\"yoast-schema-graph\">{\"@context\":\"https:\\\/\\\/schema.org\",\"@graph\":[{\"@type\":\"WebPage\",\"@id\":\"https:\\\/\\\/locsshop.eu\\\/shop\\\/matsorte-fit-over-solbriller-der-kan-vippes-op-moerke-glas\\\/\",\"url\":\"https:\\\/\\\/locsshop.eu\\\/shop\\\/matsorte-fit-over-solbriller-der-kan-vippes-op-moerke-glas\\\/\",\"name\":\"Matsorte Fit-Over solbriller der kan vippes op - M\u00f8rke glas | K\u00f8b online her | LOCS\",\"isPartOf\":{\"@id\":\"https:\\\/\\\/locsshop.eu\\\/#website\"},\"primaryImageOfPage\":{\"@id\":\"https:\\\/\\\/locsshop.eu\\\/shop\\\/matsorte-fit-over-solbriller-der-kan-vippes-op-moerke-glas\\\/#primaryimage\"},\"image\":{\"@id\":\"https:\\\/\\\/locsshop.eu\\\/shop\\\/matsorte-fit-over-solbriller-der-kan-vippes-op-moerke-glas\\\/#primaryimage\"},\"thumbnailUrl\":\"https:\\\/\\\/locsshop.eu\\\/wp-content\\\/uploads\\\/2024\\\/03\\\/Fit-over-Mat-sort.jpg\",\"datePublished\":\"2024-03-20T22:33:42+00:00\",\"dateModified\":\"2026-04-09T06:26:40+00:00\",\"description\":\"K\u00f8b Matsorte Fit-Over solbriller der kan vippes op - M\u00f8rke glas her | EU's st\u00f8rste udvalg af LOCS solbriller | Vi sender fra EU - Ingen ekstra import udgifter\",\"breadcrumb\":{\"@id\":\"https:\\\/\\\/locsshop.eu\\\/shop\\\/matsorte-fit-over-solbriller-der-kan-vippes-op-moerke-glas\\\/#breadcrumb\"},\"inLanguage\":\"es\",\"potentialAction\":[{\"@type\":\"ReadAction\",\"target\":[\"https:\\\/\\\/locsshop.eu\\\/shop\\\/matsorte-fit-over-solbriller-der-kan-vippes-op-moerke-glas\\\/\"]}]},{\"@type\":\"ImageObject\",\"inLanguage\":\"es\",\"@id\":\"https:\\\/\\\/locsshop.eu\\\/shop\\\/matsorte-fit-over-solbriller-der-kan-vippes-op-moerke-glas\\\/#primaryimage\",\"url\":\"https:\\\/\\\/locsshop.eu\\\/wp-content\\\/uploads\\\/2024\\\/03\\\/Fit-over-Mat-sort.jpg\",\"contentUrl\":\"https:\\\/\\\/locsshop.eu\\\/wp-content\\\/uploads\\\/2024\\\/03\\\/Fit-over-Mat-sort.jpg\",\"width\":800,\"height\":800},{\"@type\":\"BreadcrumbList\",\"@id\":\"https:\\\/\\\/locsshop.eu\\\/shop\\\/matsorte-fit-over-solbriller-der-kan-vippes-op-moerke-glas\\\/#breadcrumb\",\"itemListElement\":[{\"@type\":\"ListItem\",\"position\":1,\"name\":\"Hjem\",\"item\":\"https:\\\/\\\/locsshop.eu\\\/\"},{\"@type\":\"ListItem\",\"position\":2,\"name\":\"Shop\",\"item\":\"https:\\\/\\\/locsshop.eu\\\/shop\\\/\"},{\"@type\":\"ListItem\",\"position\":3,\"name\":\"Matsorte Fit-Over solbriller der kan vippes op &#8211; M\u00f8rke glas\"}]},{\"@type\":\"WebSite\",\"@id\":\"https:\\\/\\\/locsshop.eu\\\/#website\",\"url\":\"https:\\\/\\\/locsshop.eu\\\/\",\"name\":\"Locs Sunglasses - LOCS Supplier in EU\",\"description\":\"We sell cheap LOCS Sunglasses\",\"publisher\":{\"@id\":\"https:\\\/\\\/locsshop.eu\\\/#organization\"},\"potentialAction\":[{\"@type\":\"SearchAction\",\"target\":{\"@type\":\"EntryPoint\",\"urlTemplate\":\"https:\\\/\\\/locsshop.eu\\\/?s={search_term_string}\"},\"query-input\":{\"@type\":\"PropertyValueSpecification\",\"valueRequired\":true,\"valueName\":\"search_term_string\"}}],\"inLanguage\":\"es\"},{\"@type\":\"Organization\",\"@id\":\"https:\\\/\\\/locsshop.eu\\\/#organization\",\"name\":\"Locsshop.eu\",\"url\":\"https:\\\/\\\/locsshop.eu\\\/\",\"logo\":{\"@type\":\"ImageObject\",\"inLanguage\":\"es\",\"@id\":\"https:\\\/\\\/locsshop.eu\\\/#\\\/schema\\\/logo\\\/image\\\/\",\"url\":\"https:\\\/\\\/locsshop.eu\\\/wp-content\\\/uploads\\\/2022\\\/02\\\/Locsshop-logo.png\",\"contentUrl\":\"https:\\\/\\\/locsshop.eu\\\/wp-content\\\/uploads\\\/2022\\\/02\\\/Locsshop-logo.png\",\"width\":930,\"height\":200,\"caption\":\"Locsshop.eu\"},\"image\":{\"@id\":\"https:\\\/\\\/locsshop.eu\\\/#\\\/schema\\\/logo\\\/image\\\/\"}}]}<\/script>\n<!-- \/ Yoast SEO plugin. -->","yoast_head_json":{"title":"Gafas de sol abatibles ajustables en negro mate - Lentes oscuras | Compre en l\u00ednea aqu\u00ed | LOC","description":"Compre aqu\u00ed gafas de sol abatibles en color negro mate - Lentes oscuras | La mayor selecci\u00f3n de gafas de sol LOCS de la UE | Enviamos desde la UE: sin costes de importaci\u00f3n adicionales","robots":{"index":"index","follow":"follow","max-snippet":"max-snippet:-1","max-image-preview":"max-image-preview:large","max-video-preview":"max-video-preview:-1"},"canonical":"https:\/\/locsshop.eu\/es\/shop\/matsorte-fit-over-solbriller-der-kan-vippes-op-moerke-glas\/","og_locale":"es_ES","og_type":"article","og_title":"Matsorte Fit-Over solbriller der kan vippes op - M\u00f8rke glas | K\u00f8b online her | LOCS","og_description":"K\u00f8b Matsorte Fit-Over solbriller der kan vippes op - M\u00f8rke glas her | EU's st\u00f8rste udvalg af LOCS solbriller | Vi sender fra EU - Ingen ekstra import udgifter","og_url":"https:\/\/locsshop.eu\/es\/shop\/matsorte-fit-over-solbriller-der-kan-vippes-op-moerke-glas\/","og_site_name":"Locs Sunglasses - LOCS Supplier in EU","article_modified_time":"2026-04-09T06:26:40+00:00","og_image":[{"width":800,"height":800,"url":"https:\/\/locsshop.eu\/wp-content\/uploads\/2024\/03\/Fit-over-Mat-sort.jpg","type":"image\/jpeg"}],"twitter_card":"summary_large_image","twitter_misc":{"Tiempo de lectura":"1 minuto"},"schema":{"@context":"https:\/\/schema.org","@graph":[{"@type":"WebPage","@id":"https:\/\/locsshop.eu\/shop\/matsorte-fit-over-solbriller-der-kan-vippes-op-moerke-glas\/","url":"https:\/\/locsshop.eu\/shop\/matsorte-fit-over-solbriller-der-kan-vippes-op-moerke-glas\/","name":"Gafas de sol abatibles ajustables en negro mate - Lentes oscuras | Compre en l\u00ednea aqu\u00ed | LOC","isPartOf":{"@id":"https:\/\/locsshop.eu\/#website"},"primaryImageOfPage":{"@id":"https:\/\/locsshop.eu\/shop\/matsorte-fit-over-solbriller-der-kan-vippes-op-moerke-glas\/#primaryimage"},"image":{"@id":"https:\/\/locsshop.eu\/shop\/matsorte-fit-over-solbriller-der-kan-vippes-op-moerke-glas\/#primaryimage"},"thumbnailUrl":"https:\/\/locsshop.eu\/wp-content\/uploads\/2024\/03\/Fit-over-Mat-sort.jpg","datePublished":"2024-03-20T22:33:42+00:00","dateModified":"2026-04-09T06:26:40+00:00","description":"Compre aqu\u00ed gafas de sol abatibles en color negro mate - Lentes oscuras | La mayor selecci\u00f3n de gafas de sol LOCS de la UE | Enviamos desde la UE: sin costes de importaci\u00f3n adicionales","breadcrumb":{"@id":"https:\/\/locsshop.eu\/shop\/matsorte-fit-over-solbriller-der-kan-vippes-op-moerke-glas\/#breadcrumb"},"inLanguage":"es","potentialAction":[{"@type":"ReadAction","target":["https:\/\/locsshop.eu\/shop\/matsorte-fit-over-solbriller-der-kan-vippes-op-moerke-glas\/"]}]},{"@type":"ImageObject","inLanguage":"es","@id":"https:\/\/locsshop.eu\/shop\/matsorte-fit-over-solbriller-der-kan-vippes-op-moerke-glas\/#primaryimage","url":"https:\/\/locsshop.eu\/wp-content\/uploads\/2024\/03\/Fit-over-Mat-sort.jpg","contentUrl":"https:\/\/locsshop.eu\/wp-content\/uploads\/2024\/03\/Fit-over-Mat-sort.jpg","width":800,"height":800},{"@type":"BreadcrumbList","@id":"https:\/\/locsshop.eu\/shop\/matsorte-fit-over-solbriller-der-kan-vippes-op-moerke-glas\/#breadcrumb","itemListElement":[{"@type":"ListItem","position":1,"name":"Hjem","item":"https:\/\/locsshop.eu\/"},{"@type":"ListItem","position":2,"name":"Shop","item":"https:\/\/locsshop.eu\/shop\/"},{"@type":"ListItem","position":3,"name":"Matsorte Fit-Over solbriller der kan vippes op &#8211; M\u00f8rke glas"}]},{"@type":"WebSite","@id":"https:\/\/locsshop.eu\/#website","url":"https:\/\/locsshop.eu\/","name":"Gafas de sol Locs - Proveedor LOCS en la UE","description":"Vendemos Gafas de Sol LOCS baratas","publisher":{"@id":"https:\/\/locsshop.eu\/#organization"},"potentialAction":[{"@type":"SearchAction","target":{"@type":"EntryPoint","urlTemplate":"https:\/\/locsshop.eu\/?s={search_term_string}"},"query-input":{"@type":"PropertyValueSpecification","valueRequired":true,"valueName":"search_term_string"}}],"inLanguage":"es"},{"@type":"Organization","@id":"https:\/\/locsshop.eu\/#organization","name":"Locsshop.eu","url":"https:\/\/locsshop.eu\/","logo":{"@type":"ImageObject","inLanguage":"es","@id":"https:\/\/locsshop.eu\/#\/schema\/logo\/image\/","url":"https:\/\/locsshop.eu\/wp-content\/uploads\/2022\/02\/Locsshop-logo.png","contentUrl":"https:\/\/locsshop.eu\/wp-content\/uploads\/2022\/02\/Locsshop-logo.png","width":930,"height":200,"caption":"Locsshop.eu"},"image":{"@id":"https:\/\/locsshop.eu\/#\/schema\/logo\/image\/"}}]}},"_links":{"self":[{"href":"https:\/\/locsshop.eu\/es\/wp-json\/wp\/v2\/product\/12274","targetHints":{"allow":["GET"]}}],"collection":[{"href":"https:\/\/locsshop.eu\/es\/wp-json\/wp\/v2\/product"}],"about":[{"href":"https:\/\/locsshop.eu\/es\/wp-json\/wp\/v2\/types\/product"}],"replies":[{"embeddable":true,"href":"https:\/\/locsshop.eu\/es\/wp-json\/wp\/v2\/comments?post=12274"}],"wp:featuredmedia":[{"embeddable":true,"href":"https:\/\/locsshop.eu\/es\/wp-json\/wp\/v2\/media\/12273"}],"wp:attachment":[{"href":"https:\/\/locsshop.eu\/es\/wp-json\/wp\/v2\/media?parent=12274"}],"wp:term":[{"taxonomy":"product_brand","embeddable":true,"href":"https:\/\/locsshop.eu\/es\/wp-json\/wp\/v2\/product_brand?post=12274"},{"taxonomy":"product_cat","embeddable":true,"href":"https:\/\/locsshop.eu\/es\/wp-json\/wp\/v2\/product_cat?post=12274"},{"taxonomy":"product_tag","embeddable":true,"href":"https:\/\/locsshop.eu\/es\/wp-json\/wp\/v2\/product_tag?post=12274"}],"curies":[{"name":"gracias","href":"https:\/\/api.w.org\/{rel}","templated":true}]}}