{"id":12671,"date":"2024-04-24T09:40:38","date_gmt":"2024-04-24T07:40:38","guid":{"rendered":"https:\/\/locsshop.eu\/shop\/moerkeblaa-sport-champ-solbriller-hurtigbriller-med-blaa-spejlglas\/"},"modified":"2025-06-20T12:27:17","modified_gmt":"2025-06-20T10:27:17","slug":"moerkeblaa-sport-champ-solbriller-hurtigbriller-med-blaa-spejlglas","status":"publish","type":"product","link":"https:\/\/locsshop.eu\/es\/shop\/moerkeblaa-sport-champ-solbriller-hurtigbriller-med-blaa-spejlglas\/","title":{"rendered":"Gafas de sol Sport Champ azul oscuro \/ gafas de velocidad con lentes de espejo azul"},"content":{"rendered":"<h2><strong>Gafas de sol deportivas s\u00faper geniales, tambi\u00e9n conocidas como. Gafas r\u00e1pidas con un dise\u00f1o genial.<br \/>\nAbsolutamente la m\u00e1s alta moda y las gafas de sol adecuadas para el momento.<\/strong><\/h2>\n<p>&nbsp;<\/p>\n<p><strong>Rendimiento \u00f3ptimo con nuestras gafas de sol deportivas: \u00a1visi\u00f3n perfecta dondequiera que vaya!<\/strong><br \/>\nPrep\u00e1rese para llevar su rendimiento a nuevas alturas con nuestras gafas de sol deportivas de alta calidad. Ya sea que sea un atleta profesional, un \u00e1vido deportista o simplemente le gusten las actividades al aire libre, nuestras gafas de sol est\u00e1n dise\u00f1adas para ofrecer la mejor combinaci\u00f3n de estilo, protecci\u00f3n y rendimiento.<\/p>\n<p><strong>Por qu\u00e9 destacan nuestras gafas de sol deportivas:<\/strong><\/p>\n<ol>\n<li><strong>Protecci\u00f3n avanzada:<\/strong> Proteja sus ojos de los da\u00f1inos rayos UV, el viento, el polvo y los insectos con nuestras avanzadas gafas de sol deportivas. Priorizamos la seguridad y la salud de sus ojos, para que pueda concentrarse en su desempe\u00f1o sin interrupciones.<\/li>\n<li><strong>Construcci\u00f3n duradera:<\/strong> Entendemos la importancia de la durabilidad cuando se trata de equipamiento deportivo. Nuestras gafas de sol est\u00e1n fabricadas con materiales duraderos y un dise\u00f1o liviano que le brinda comodidad y confiabilidad durante todo el d\u00eda.<\/li>\n<li><strong>Dise\u00f1o elegante:<\/strong> Adem\u00e1s de ofrecer el m\u00e1ximo rendimiento, nuestras gafas de sol deportivas tambi\u00e9n est\u00e1n dise\u00f1adas para ser elegantes y modernas. Independientemente de tu estilo y preferencia, tenemos gafas de sol que combinan con tu personalidad y te dan un aspecto elegante durante el entrenamiento o en tu tiempo libre.<\/li>\n<\/ol>\n<p><strong>\u00bfPor qu\u00e9 elegir nuestras gafas de sol deportivas?<\/strong><\/p>\n<ul>\n<li><strong>Visi\u00f3n mejorada:<\/strong> Optimice su rendimiento con una visi\u00f3n n\u00edtida y reducci\u00f3n del deslumbramiento.<\/li>\n<li><strong>Proteccion:<\/strong> La seguridad es lo primero: proteja sus ojos de los rayos nocivos del sol y de los elementos externos.<\/li>\n<li><strong>Comodidad:<\/strong> El dise\u00f1o liviano y las caracter\u00edsticas ajustables garantizan un ajuste c\u00f3modo durante todo el d\u00eda.<\/li>\n<li><strong>Estilo:<\/strong> Luce genial con nuestras elegantes gafas de sol deportivas que se adaptan a tu estilo de vida activo.<\/li>\n<\/ul>\n<p>Lleva tu entrenamiento y aventuras al aire libre al siguiente nivel con nuestras gafas de sol deportivas. \u00a1Experimente la combinaci\u00f3n perfecta de estilo, protecci\u00f3n y rendimiento y prep\u00e1rese para ver el mundo bajo una luz completamente nueva!<\/p>\n<p>&nbsp;<\/p>\n<h4>Material: <strong>Vidrio de pl\u00e1stico y policarbonato.<\/strong><\/h4>\n<p>&nbsp;<\/p>\n<h3>Las gafas de sol son geniales durante todo el a\u00f1o y s\u00faper modernas.<br \/>\nGafas \u2013 Gafas de sol para bicicleta \u2013 Gafas de navegaci\u00f3n \u2013 Gafas de sol para motocicleta<\/h3>\n<p>&nbsp;<\/p>\n<p>&nbsp;<\/p>\n<table style=\"width: 100%;border-collapse: collapse;border-style: dashed\" border=\"1\">\n<tbody>\n<tr>\n<td style=\"width: 100%\">\n<h2 style=\"text-align: center\"><strong>El tama\u00f1o de las gafas de sol.<\/strong><\/h2>\n<\/td>\n<\/tr>\n<\/tbody>\n<\/table>\n<table style=\"width: 100%;border-collapse: collapse;border-style: hidden;margin-left: auto;margin-right: auto\" border=\"1\" cellspacing=\"20\" cellpadding=\"20\">\n<tbody>\n<tr>\n<td style=\"width: 33.3333%;text-align: center\"><strong><img decoding=\"async\" src=\"https:\/\/bazarsalg.dk\/wp-content\/uploads\/bredde.png\" \/><\/strong><\/td>\n<td style=\"width: 33.3333%;text-align: center\"><strong>Ancho<\/strong><\/td>\n<td style=\"width: 33.3333%;text-align: center\"><strong>13,9 cm.<\/strong><\/td>\n<\/tr>\n<tr>\n<td style=\"width: 33.3333%;text-align: center\"><strong><img decoding=\"async\" src=\"https:\/\/bazarsalg.dk\/wp-content\/uploads\/hoejde.png\" \/><\/strong><\/td>\n<td style=\"width: 33.3333%;text-align: center\"><strong>Altura<\/strong><\/td>\n<td style=\"width: 33.3333%;text-align: center\"><strong>6,2 cm.<\/strong><\/td>\n<\/tr>\n<tr>\n<td style=\"width: 33.3333%;text-align: center\"><strong><img decoding=\"async\" src=\"https:\/\/bazarsalg.dk\/wp-content\/uploads\/stang.png\" \/><\/strong><\/td>\n<td style=\"width: 33.3333%;text-align: center\"><strong>Longitud de la lente<\/strong><\/td>\n<td style=\"width: 33.3333%;text-align: center\"><strong>14,4 cm.<\/strong><\/td>\n<\/tr>\n<tr>\n<td style=\"width: 33.3333%;text-align: center\"><strong><img decoding=\"async\" src=\"https:\/\/bazarsalg.dk\/wp-content\/uploads\/glas-bredde.png\" \/><\/strong><\/td>\n<td style=\"width: 33.3333%;text-align: center\"><strong>Ancho de vidrio<\/strong><\/td>\n<td style=\"width: 33.3333%;text-align: center\"><strong>13,3 cm.<\/strong><\/td>\n<\/tr>\n<tr>\n<td style=\"width: 33.3333%;text-align: center\"><strong><img decoding=\"async\" src=\"https:\/\/bazarsalg.dk\/wp-content\/uploads\/bredde-naese.png\" \/><\/strong><\/td>\n<td style=\"width: 33.3333%;text-align: center\"><strong>Espacio entre vidrio<\/strong><\/td>\n<td style=\"width: 33.3333%;text-align: center\"><strong>1cm<\/strong><\/td>\n<\/tr>\n<\/tbody>\n<\/table>\n<p>&nbsp;<\/p>\n<p><strong>\u00a0<\/strong><\/p>\n<table style=\"width: 100%;border-collapse: collapse;border-style: hidden;margin-left: auto;margin-right: auto\" border=\"1\" cellspacing=\"50\" cellpadding=\"20\">\n<caption>\u00a0<\/caption>\n<caption>\u00a0<\/caption>\n<tbody>\n<tr>\n<td style=\"width: 25%;text-align: center\"><img decoding=\"async\" class=\"aligncenter\" src=\"https:\/\/bazarsalg.dk\/wp-content\/uploads\/UV.png\" \/><\/td>\n<td style=\"width: 25%;text-align: center\"><img decoding=\"async\" src=\"https:\/\/bazarsalg.dk\/wp-content\/uploads\/ce.png\" \/><\/td>\n<td style=\"width: 25%;text-align: center\"><img decoding=\"async\" src=\"https:\/\/bazarsalg.dk\/wp-content\/uploads\/box.png\" \/><\/td>\n<\/tr>\n<tr>\n<td style=\"width: 25%;text-align: center\"><strong>Las gafas de sol tienen protecci\u00f3n UV400<\/strong><\/p>\n<p>Bloquea del 99 al 100 por ciento de todos los rayos UVA y UVB y protege sus ojos de los rayos del sol.<\/td>\n<td style=\"width: 25%;text-align: center\"><strong>CE aprobado <\/strong><\/p>\n<p>Las gafas de sol cumplen con todos los requisitos legales de la UE, lo que garantiza que sus gafas de sol est\u00e9n probadas y aprobadas.<\/td>\n<td style=\"width: 25%;text-align: center\"><strong>Enviado en caja de cart\u00f3n para que no se rompan <\/strong><\/p>\n<p>Siempre empaquetamos las gafas de sol de forma segura para que lleguen en buenas condiciones.<\/td>\n<\/tr>\n<\/tbody>\n<\/table>","protected":false},"excerpt":{"rendered":"<p><b>Espejo de cristal en tonos azules.<br \/>\nMarco azul mate<br \/>\nEmpu\u00f1adura de goma para que permanezcan firmemente en su lugar.<br \/>\nUno de los pares de Quick Glasses m\u00e1s r\u00e1pidos.<br \/>\nPerfecto para festivales y conciertos.<br \/>\nBueno para los deportes<\/b><\/p>\n<p>&nbsp;<\/p>\n<p><em>CE aprobado<\/em><br \/>\n<em>Protecci\u00f3n UV400<\/em><\/p>","protected":false},"featured_media":12670,"comment_status":"open","ping_status":"closed","template":"","meta":{"om_disable_all_campaigns":false,"_monsterinsights_skip_tracking":false,"_monsterinsights_sitenote_active":false,"_monsterinsights_sitenote_note":"","_monsterinsights_sitenote_category":0},"product_brand":[],"product_cat":[1026,1029,1025,1046,1546],"product_tag":[1547,1548,870],"class_list":{"0":"post-12671","1":"product","2":"type-product","3":"status-publish","4":"has-post-thumbnail","6":"product_cat-dame-solbriller","7":"product_cat-herre-solbriller","8":"product_cat-billige-solbriller","9":"product_cat-cykelbriller","10":"product_cat-hurtigbriller","11":"product_tag-cykelsolbriller","12":"product_tag-hurtigbriller","13":"product_tag-p693","15":"first","16":"outofstock","17":"shipping-taxable","18":"purchasable","19":"product-type-simple"},"yoast_head":"<!-- This site is optimized with the Yoast SEO plugin v27.5 - https:\/\/yoast.com\/product\/yoast-seo-wordpress\/ -->\n<title>M\u00f8rkebl\u00e5 Sport Champ solbriller \/ hurtigbriller med bl\u00e5 spejlglas | K\u00f8b online her | LOCS<\/title>\n<meta name=\"description\" content=\"K\u00f8b M\u00f8rkebl\u00e5 Sport Champ solbriller \/ hurtigbriller med bl\u00e5 spejlglas her | EU&#039;s st\u00f8rste udvalg af LOCS solbriller | Vi sender fra EU - Ingen ekstra import udgifter\" \/>\n<meta name=\"robots\" content=\"index, follow, max-snippet:-1, max-image-preview:large, max-video-preview:-1\" \/>\n<link rel=\"canonical\" href=\"https:\/\/locsshop.eu\/es\/shop\/moerkeblaa-sport-champ-solbriller-hurtigbriller-med-blaa-spejlglas\/\" \/>\n<meta property=\"og:locale\" content=\"es_ES\" \/>\n<meta property=\"og:type\" content=\"article\" \/>\n<meta property=\"og:title\" content=\"M\u00f8rkebl\u00e5 Sport Champ solbriller \/ hurtigbriller med bl\u00e5 spejlglas | K\u00f8b online her | LOCS\" \/>\n<meta property=\"og:description\" content=\"K\u00f8b M\u00f8rkebl\u00e5 Sport Champ solbriller \/ hurtigbriller med bl\u00e5 spejlglas her | EU&#039;s st\u00f8rste udvalg af LOCS solbriller | Vi sender fra EU - Ingen ekstra import udgifter\" \/>\n<meta property=\"og:url\" content=\"https:\/\/locsshop.eu\/es\/shop\/moerkeblaa-sport-champ-solbriller-hurtigbriller-med-blaa-spejlglas\/\" \/>\n<meta property=\"og:site_name\" content=\"Locs Sunglasses - LOCS Supplier in EU\" \/>\n<meta property=\"article:modified_time\" content=\"2025-06-20T10:27:17+00:00\" \/>\n<meta property=\"og:image\" content=\"https:\/\/locsshop.eu\/wp-content\/uploads\/2024\/04\/20-201BE.jpg\" \/>\n\t<meta property=\"og:image:width\" content=\"800\" \/>\n\t<meta property=\"og:image:height\" content=\"800\" \/>\n\t<meta property=\"og:image:type\" content=\"image\/jpeg\" \/>\n<meta name=\"twitter:card\" content=\"summary_large_image\" \/>\n<meta name=\"twitter:label1\" content=\"Tiempo de lectura\" \/>\n\t<meta name=\"twitter:data1\" content=\"2 minutos\" \/>\n<script type=\"application\/ld+json\" class=\"yoast-schema-graph\">{\"@context\":\"https:\\\/\\\/schema.org\",\"@graph\":[{\"@type\":\"WebPage\",\"@id\":\"https:\\\/\\\/locsshop.eu\\\/shop\\\/moerkeblaa-sport-champ-solbriller-hurtigbriller-med-blaa-spejlglas\\\/\",\"url\":\"https:\\\/\\\/locsshop.eu\\\/shop\\\/moerkeblaa-sport-champ-solbriller-hurtigbriller-med-blaa-spejlglas\\\/\",\"name\":\"M\u00f8rkebl\u00e5 Sport Champ solbriller \\\/ hurtigbriller med bl\u00e5 spejlglas | K\u00f8b online her | LOCS\",\"isPartOf\":{\"@id\":\"https:\\\/\\\/locsshop.eu\\\/#website\"},\"primaryImageOfPage\":{\"@id\":\"https:\\\/\\\/locsshop.eu\\\/shop\\\/moerkeblaa-sport-champ-solbriller-hurtigbriller-med-blaa-spejlglas\\\/#primaryimage\"},\"image\":{\"@id\":\"https:\\\/\\\/locsshop.eu\\\/shop\\\/moerkeblaa-sport-champ-solbriller-hurtigbriller-med-blaa-spejlglas\\\/#primaryimage\"},\"thumbnailUrl\":\"https:\\\/\\\/locsshop.eu\\\/wp-content\\\/uploads\\\/2024\\\/04\\\/20-201BE.jpg\",\"datePublished\":\"2024-04-24T07:40:38+00:00\",\"dateModified\":\"2025-06-20T10:27:17+00:00\",\"description\":\"K\u00f8b M\u00f8rkebl\u00e5 Sport Champ solbriller \\\/ hurtigbriller med bl\u00e5 spejlglas her | EU's st\u00f8rste udvalg af LOCS solbriller | Vi sender fra EU - Ingen ekstra import udgifter\",\"breadcrumb\":{\"@id\":\"https:\\\/\\\/locsshop.eu\\\/shop\\\/moerkeblaa-sport-champ-solbriller-hurtigbriller-med-blaa-spejlglas\\\/#breadcrumb\"},\"inLanguage\":\"es\",\"potentialAction\":[{\"@type\":\"ReadAction\",\"target\":[\"https:\\\/\\\/locsshop.eu\\\/shop\\\/moerkeblaa-sport-champ-solbriller-hurtigbriller-med-blaa-spejlglas\\\/\"]}]},{\"@type\":\"ImageObject\",\"inLanguage\":\"es\",\"@id\":\"https:\\\/\\\/locsshop.eu\\\/shop\\\/moerkeblaa-sport-champ-solbriller-hurtigbriller-med-blaa-spejlglas\\\/#primaryimage\",\"url\":\"https:\\\/\\\/locsshop.eu\\\/wp-content\\\/uploads\\\/2024\\\/04\\\/20-201BE.jpg\",\"contentUrl\":\"https:\\\/\\\/locsshop.eu\\\/wp-content\\\/uploads\\\/2024\\\/04\\\/20-201BE.jpg\",\"width\":800,\"height\":800},{\"@type\":\"BreadcrumbList\",\"@id\":\"https:\\\/\\\/locsshop.eu\\\/shop\\\/moerkeblaa-sport-champ-solbriller-hurtigbriller-med-blaa-spejlglas\\\/#breadcrumb\",\"itemListElement\":[{\"@type\":\"ListItem\",\"position\":1,\"name\":\"Hjem\",\"item\":\"https:\\\/\\\/locsshop.eu\\\/\"},{\"@type\":\"ListItem\",\"position\":2,\"name\":\"Shop\",\"item\":\"https:\\\/\\\/locsshop.eu\\\/shop\\\/\"},{\"@type\":\"ListItem\",\"position\":3,\"name\":\"M\u00f8rkebl\u00e5 Sport Champ solbriller \\\/ hurtigbriller med bl\u00e5 spejlglas\"}]},{\"@type\":\"WebSite\",\"@id\":\"https:\\\/\\\/locsshop.eu\\\/#website\",\"url\":\"https:\\\/\\\/locsshop.eu\\\/\",\"name\":\"Locs Sunglasses - LOCS Supplier in EU\",\"description\":\"We sell cheap LOCS Sunglasses\",\"publisher\":{\"@id\":\"https:\\\/\\\/locsshop.eu\\\/#organization\"},\"potentialAction\":[{\"@type\":\"SearchAction\",\"target\":{\"@type\":\"EntryPoint\",\"urlTemplate\":\"https:\\\/\\\/locsshop.eu\\\/?s={search_term_string}\"},\"query-input\":{\"@type\":\"PropertyValueSpecification\",\"valueRequired\":true,\"valueName\":\"search_term_string\"}}],\"inLanguage\":\"es\"},{\"@type\":\"Organization\",\"@id\":\"https:\\\/\\\/locsshop.eu\\\/#organization\",\"name\":\"Locsshop.eu\",\"url\":\"https:\\\/\\\/locsshop.eu\\\/\",\"logo\":{\"@type\":\"ImageObject\",\"inLanguage\":\"es\",\"@id\":\"https:\\\/\\\/locsshop.eu\\\/#\\\/schema\\\/logo\\\/image\\\/\",\"url\":\"https:\\\/\\\/locsshop.eu\\\/wp-content\\\/uploads\\\/2022\\\/02\\\/Locsshop-logo.png\",\"contentUrl\":\"https:\\\/\\\/locsshop.eu\\\/wp-content\\\/uploads\\\/2022\\\/02\\\/Locsshop-logo.png\",\"width\":930,\"height\":200,\"caption\":\"Locsshop.eu\"},\"image\":{\"@id\":\"https:\\\/\\\/locsshop.eu\\\/#\\\/schema\\\/logo\\\/image\\\/\"}}]}<\/script>\n<!-- \/ Yoast SEO plugin. -->","yoast_head_json":{"title":"Gafas de sol Sport Champ azul oscuro \/ gafas de velocidad con lentes de espejo azul | Compre en l\u00ednea aqu\u00ed | LOC","description":"Compre gafas de sol \/ gafas de velocidad Sport Champ azul oscuro con lentes de espejo azul aqu\u00ed | La mayor selecci\u00f3n de gafas de sol LOCS de la UE | Enviamos desde la UE: sin costes de importaci\u00f3n adicionales","robots":{"index":"index","follow":"follow","max-snippet":"max-snippet:-1","max-image-preview":"max-image-preview:large","max-video-preview":"max-video-preview:-1"},"canonical":"https:\/\/locsshop.eu\/es\/shop\/moerkeblaa-sport-champ-solbriller-hurtigbriller-med-blaa-spejlglas\/","og_locale":"es_ES","og_type":"article","og_title":"M\u00f8rkebl\u00e5 Sport Champ solbriller \/ hurtigbriller med bl\u00e5 spejlglas | K\u00f8b online her | LOCS","og_description":"K\u00f8b M\u00f8rkebl\u00e5 Sport Champ solbriller \/ hurtigbriller med bl\u00e5 spejlglas her | EU's st\u00f8rste udvalg af LOCS solbriller | Vi sender fra EU - Ingen ekstra import udgifter","og_url":"https:\/\/locsshop.eu\/es\/shop\/moerkeblaa-sport-champ-solbriller-hurtigbriller-med-blaa-spejlglas\/","og_site_name":"Locs Sunglasses - LOCS Supplier in EU","article_modified_time":"2025-06-20T10:27:17+00:00","og_image":[{"width":800,"height":800,"url":"https:\/\/locsshop.eu\/wp-content\/uploads\/2024\/04\/20-201BE.jpg","type":"image\/jpeg"}],"twitter_card":"summary_large_image","twitter_misc":{"Tiempo de lectura":"2 minutos"},"schema":{"@context":"https:\/\/schema.org","@graph":[{"@type":"WebPage","@id":"https:\/\/locsshop.eu\/shop\/moerkeblaa-sport-champ-solbriller-hurtigbriller-med-blaa-spejlglas\/","url":"https:\/\/locsshop.eu\/shop\/moerkeblaa-sport-champ-solbriller-hurtigbriller-med-blaa-spejlglas\/","name":"Gafas de sol Sport Champ azul oscuro \/ gafas de velocidad con lentes de espejo azul | Compre en l\u00ednea aqu\u00ed | LOC","isPartOf":{"@id":"https:\/\/locsshop.eu\/#website"},"primaryImageOfPage":{"@id":"https:\/\/locsshop.eu\/shop\/moerkeblaa-sport-champ-solbriller-hurtigbriller-med-blaa-spejlglas\/#primaryimage"},"image":{"@id":"https:\/\/locsshop.eu\/shop\/moerkeblaa-sport-champ-solbriller-hurtigbriller-med-blaa-spejlglas\/#primaryimage"},"thumbnailUrl":"https:\/\/locsshop.eu\/wp-content\/uploads\/2024\/04\/20-201BE.jpg","datePublished":"2024-04-24T07:40:38+00:00","dateModified":"2025-06-20T10:27:17+00:00","description":"Compre gafas de sol \/ gafas de velocidad Sport Champ azul oscuro con lentes de espejo azul aqu\u00ed | La mayor selecci\u00f3n de gafas de sol LOCS de la UE | Enviamos desde la UE: sin costes de importaci\u00f3n adicionales","breadcrumb":{"@id":"https:\/\/locsshop.eu\/shop\/moerkeblaa-sport-champ-solbriller-hurtigbriller-med-blaa-spejlglas\/#breadcrumb"},"inLanguage":"es","potentialAction":[{"@type":"ReadAction","target":["https:\/\/locsshop.eu\/shop\/moerkeblaa-sport-champ-solbriller-hurtigbriller-med-blaa-spejlglas\/"]}]},{"@type":"ImageObject","inLanguage":"es","@id":"https:\/\/locsshop.eu\/shop\/moerkeblaa-sport-champ-solbriller-hurtigbriller-med-blaa-spejlglas\/#primaryimage","url":"https:\/\/locsshop.eu\/wp-content\/uploads\/2024\/04\/20-201BE.jpg","contentUrl":"https:\/\/locsshop.eu\/wp-content\/uploads\/2024\/04\/20-201BE.jpg","width":800,"height":800},{"@type":"BreadcrumbList","@id":"https:\/\/locsshop.eu\/shop\/moerkeblaa-sport-champ-solbriller-hurtigbriller-med-blaa-spejlglas\/#breadcrumb","itemListElement":[{"@type":"ListItem","position":1,"name":"Hjem","item":"https:\/\/locsshop.eu\/"},{"@type":"ListItem","position":2,"name":"Shop","item":"https:\/\/locsshop.eu\/shop\/"},{"@type":"ListItem","position":3,"name":"M\u00f8rkebl\u00e5 Sport Champ solbriller \/ hurtigbriller med bl\u00e5 spejlglas"}]},{"@type":"WebSite","@id":"https:\/\/locsshop.eu\/#website","url":"https:\/\/locsshop.eu\/","name":"Gafas de sol Locs - Proveedor LOCS en la UE","description":"Vendemos Gafas de Sol LOCS baratas","publisher":{"@id":"https:\/\/locsshop.eu\/#organization"},"potentialAction":[{"@type":"SearchAction","target":{"@type":"EntryPoint","urlTemplate":"https:\/\/locsshop.eu\/?s={search_term_string}"},"query-input":{"@type":"PropertyValueSpecification","valueRequired":true,"valueName":"search_term_string"}}],"inLanguage":"es"},{"@type":"Organization","@id":"https:\/\/locsshop.eu\/#organization","name":"Locsshop.eu","url":"https:\/\/locsshop.eu\/","logo":{"@type":"ImageObject","inLanguage":"es","@id":"https:\/\/locsshop.eu\/#\/schema\/logo\/image\/","url":"https:\/\/locsshop.eu\/wp-content\/uploads\/2022\/02\/Locsshop-logo.png","contentUrl":"https:\/\/locsshop.eu\/wp-content\/uploads\/2022\/02\/Locsshop-logo.png","width":930,"height":200,"caption":"Locsshop.eu"},"image":{"@id":"https:\/\/locsshop.eu\/#\/schema\/logo\/image\/"}}]}},"_links":{"self":[{"href":"https:\/\/locsshop.eu\/es\/wp-json\/wp\/v2\/product\/12671","targetHints":{"allow":["GET"]}}],"collection":[{"href":"https:\/\/locsshop.eu\/es\/wp-json\/wp\/v2\/product"}],"about":[{"href":"https:\/\/locsshop.eu\/es\/wp-json\/wp\/v2\/types\/product"}],"replies":[{"embeddable":true,"href":"https:\/\/locsshop.eu\/es\/wp-json\/wp\/v2\/comments?post=12671"}],"wp:featuredmedia":[{"embeddable":true,"href":"https:\/\/locsshop.eu\/es\/wp-json\/wp\/v2\/media\/12670"}],"wp:attachment":[{"href":"https:\/\/locsshop.eu\/es\/wp-json\/wp\/v2\/media?parent=12671"}],"wp:term":[{"taxonomy":"product_brand","embeddable":true,"href":"https:\/\/locsshop.eu\/es\/wp-json\/wp\/v2\/product_brand?post=12671"},{"taxonomy":"product_cat","embeddable":true,"href":"https:\/\/locsshop.eu\/es\/wp-json\/wp\/v2\/product_cat?post=12671"},{"taxonomy":"product_tag","embeddable":true,"href":"https:\/\/locsshop.eu\/es\/wp-json\/wp\/v2\/product_tag?post=12671"}],"curies":[{"name":"gracias","href":"https:\/\/api.w.org\/{rel}","templated":true}]}}