{"id":12689,"date":"2024-04-24T11:27:31","date_gmt":"2024-04-24T09:27:31","guid":{"rendered":"https:\/\/locsshop.eu\/shop\/runde-clubmaster-style-solbriller-transparent-stel-og-lyseroede-fade-glas-nimes\/"},"modified":"2025-07-17T19:04:50","modified_gmt":"2025-07-17T17:04:50","slug":"runde-clubmaster-style-solbriller-transparent-stel-og-lyseroede-fade-glas-nimes","status":"publish","type":"product","link":"https:\/\/locsshop.eu\/es\/shop\/runde-clubmaster-style-solbriller-transparent-stel-og-lyseroede-fade-glas-nimes\/","title":{"rendered":"Gafas de sol redondas estilo Clubmaster \u2013 Montura transparente y lentes rosa p\u00e1lido | N\u00eemes"},"content":{"rendered":"<h2><b>Elegantes gafas de sol estilo clubmaster que se adaptan a todas las ocasiones.<br \/>\nSi te gustan las gafas de sol cl\u00e1sicas, \u00a1estas son las que necesitas!<\/b><\/h2>\n<p>Si te gustan las gafas de sol cl\u00e1sicas dise\u00f1adas con cuidado para lograr un aspecto elegante, entonces has encontrado las gafas de sol adecuadas para ti o para un ser querido.<br \/>\nPuedes utilizar estas gafas de sol tanto en el d\u00eda a d\u00eda como en ocasiones festivas y combinan con cualquier outfit.<br \/>\nAs\u00ed que aseg\u00farese de agregarlos a su carrito antes de que se agoten.<\/p>\n<p>&nbsp;<\/p>\n<h4>Material: <strong>Vidrio de pl\u00e1stico y policarbonato.<\/strong><\/h4>\n<p>&nbsp;<\/p>\n<h3>Las gafas de sol son geniales durante todo el a\u00f1o y s\u00faper modernas.<\/h3>\n<p>&nbsp;<\/p>\n<table style=\"width: 100%;border-collapse: collapse;border-style: dashed\" border=\"1\">\n<tbody>\n<tr>\n<td style=\"width: 100%\">\n<h2 style=\"text-align: center\"><strong>El tama\u00f1o de las gafas de sol.<\/strong><\/h2>\n<\/td>\n<\/tr>\n<\/tbody>\n<\/table>\n<table style=\"width: 100%;border-collapse: collapse;border-style: hidden;margin-left: auto;margin-right: auto\" border=\"1\" cellspacing=\"20\" cellpadding=\"20\">\n<tbody>\n<tr>\n<td style=\"width: 33.3333%;text-align: center\"><strong><img decoding=\"async\" src=\"https:\/\/bazarsalg.dk\/wp-content\/uploads\/bredde.png\" \/><\/strong><\/td>\n<td style=\"width: 33.3333%;text-align: center\"><strong>Ancho interior<\/strong><\/td>\n<td style=\"width: 33.3333%;text-align: center\"><strong>13,5 cm.<\/strong><\/td>\n<\/tr>\n<tr>\n<td style=\"width: 33.3333%;text-align: center\"><strong><img decoding=\"async\" src=\"https:\/\/bazarsalg.dk\/wp-content\/uploads\/hoejde.png\" \/><\/strong><\/td>\n<td style=\"width: 33.3333%;text-align: center\"><strong>Altura<\/strong><\/td>\n<td style=\"width: 33.3333%;text-align: center\"><strong>5cm<\/strong><\/td>\n<\/tr>\n<tr>\n<td style=\"width: 33.3333%;text-align: center\"><strong><img decoding=\"async\" src=\"https:\/\/bazarsalg.dk\/wp-content\/uploads\/stang.png\" \/><\/strong><\/td>\n<td style=\"width: 33.3333%;text-align: center\"><strong>Longitud de la lente<\/strong><\/td>\n<td style=\"width: 33.3333%;text-align: center\"><strong>14cm<\/strong><\/td>\n<\/tr>\n<tr>\n<td style=\"width: 33.3333%;text-align: center\"><strong><img decoding=\"async\" src=\"https:\/\/bazarsalg.dk\/wp-content\/uploads\/glas-bredde.png\" \/><\/strong><\/td>\n<td style=\"width: 33.3333%;text-align: center\"><strong>Ancho de vidrio<\/strong><\/td>\n<td style=\"width: 33.3333%;text-align: center\"><strong>5cm<\/strong><\/td>\n<\/tr>\n<tr>\n<td style=\"width: 33.3333%;text-align: center\"><strong><img decoding=\"async\" src=\"https:\/\/bazarsalg.dk\/wp-content\/uploads\/bredde-naese.png\" \/><\/strong><\/td>\n<td style=\"width: 33.3333%;text-align: center\"><strong>Espacio entre vidrio<\/strong><\/td>\n<td style=\"width: 33.3333%;text-align: center\"><strong>1,9 cm.<\/strong><\/td>\n<\/tr>\n<\/tbody>\n<\/table>\n<p>&nbsp;<\/p>\n<p><strong>\u00a0<\/strong><\/p>\n<table style=\"width: 100%;border-collapse: collapse;border-style: hidden;margin-left: auto;margin-right: auto\" border=\"1\" cellspacing=\"50\" cellpadding=\"20\">\n<caption>\u00a0<\/caption>\n<caption>\u00a0<\/caption>\n<tbody>\n<tr>\n<td style=\"width: 25%;text-align: center\"><img decoding=\"async\" class=\"aligncenter\" src=\"https:\/\/bazarsalg.dk\/wp-content\/uploads\/UV.png\" \/><\/td>\n<td style=\"width: 25%;text-align: center\"><img decoding=\"async\" src=\"https:\/\/bazarsalg.dk\/wp-content\/uploads\/ce.png\" \/><\/td>\n<td style=\"width: 25%;text-align: center\"><img decoding=\"async\" src=\"https:\/\/bazarsalg.dk\/wp-content\/uploads\/box.png\" \/><\/td>\n<\/tr>\n<tr>\n<td style=\"width: 25%;text-align: center\"><strong>Las gafas de sol tienen protecci\u00f3n UV400<\/strong><\/p>\n<p>Bloquea del 99 al 100 por ciento de todos los rayos UVA y UVB y protege sus ojos de los rayos del sol.<\/td>\n<td style=\"width: 25%;text-align: center\"><strong>CE aprobado <\/strong><\/p>\n<p>Las gafas de sol cumplen con todos los requisitos legales de la UE, lo que garantiza que sus gafas de sol est\u00e9n probadas y aprobadas.<\/td>\n<td style=\"width: 25%;text-align: center\"><strong>Enviado en caja de cart\u00f3n para que no se rompan <\/strong><\/p>\n<p>Siempre empaquetamos las gafas de sol de forma segura para que lleguen en buenas condiciones.<\/td>\n<\/tr>\n<\/tbody>\n<\/table>","protected":false},"excerpt":{"rendered":"<p><b>Agradables gafas planas rosas<br \/>\nMarco transparente brillante<br \/>\nBuenas tardes gafas<br \/>\nPerfecto para uso diario, festivales, jard\u00edn y todas las ocasiones.<br \/>\nPara hombre y mujer<\/b><\/p>\n<p><em>CE aprobado<\/em><br \/>\n<em>Protecci\u00f3n UV400<\/em><\/p>","protected":false},"featured_media":12688,"comment_status":"open","ping_status":"closed","template":"","meta":{"om_disable_all_campaigns":false,"_monsterinsights_skip_tracking":false,"_monsterinsights_sitenote_active":false,"_monsterinsights_sitenote_note":"","_monsterinsights_sitenote_category":0},"product_brand":[],"product_cat":[1026,1029,1025,1033,1042,1040,1038,1039],"product_tag":[774,870,768],"class_list":{"0":"post-12689","1":"product","2":"type-product","3":"status-publish","4":"has-post-thumbnail","6":"product_cat-dame-solbriller","7":"product_cat-herre-solbriller","8":"product_cat-billige-solbriller","9":"product_cat-briller","10":"product_cat-briller-uden-styrke","11":"product_cat-clubmaster","12":"product_cat-runde-dame-solbriller","13":"product_cat-runde-herre-solbriller","14":"product_tag-ar8096f","15":"product_tag-p693","16":"product_tag-polo","18":"first","19":"outofstock","20":"shipping-taxable","21":"purchasable","22":"product-type-simple"},"yoast_head":"<!-- This site is optimized with the Yoast SEO plugin v27.5 - https:\/\/yoast.com\/product\/yoast-seo-wordpress\/ -->\n<title>Runde Clubmaster style solbriller - Transparent stel og lyser\u00f8de fade glas | N\u00eemes | K\u00f8b online her | LOCS<\/title>\n<meta name=\"description\" content=\"K\u00f8b Runde Clubmaster style solbriller - Transparent stel og lyser\u00f8de fade glas | N\u00eemes her | EU&#039;s st\u00f8rste udvalg af LOCS solbriller | Vi sender fra EU - Ingen ekstra import udgifter\" \/>\n<meta name=\"robots\" content=\"index, follow, max-snippet:-1, max-image-preview:large, max-video-preview:-1\" \/>\n<link rel=\"canonical\" href=\"https:\/\/locsshop.eu\/es\/shop\/runde-clubmaster-style-solbriller-transparent-stel-og-lyseroede-fade-glas-nimes\/\" \/>\n<meta property=\"og:locale\" content=\"es_ES\" \/>\n<meta property=\"og:type\" content=\"article\" \/>\n<meta property=\"og:title\" content=\"Runde Clubmaster style solbriller - Transparent stel og lyser\u00f8de fade glas | N\u00eemes | K\u00f8b online her | LOCS\" \/>\n<meta property=\"og:description\" content=\"K\u00f8b Runde Clubmaster style solbriller - Transparent stel og lyser\u00f8de fade glas | N\u00eemes her | EU&#039;s st\u00f8rste udvalg af LOCS solbriller | Vi sender fra EU - Ingen ekstra import udgifter\" \/>\n<meta property=\"og:url\" content=\"https:\/\/locsshop.eu\/es\/shop\/runde-clubmaster-style-solbriller-transparent-stel-og-lyseroede-fade-glas-nimes\/\" \/>\n<meta property=\"og:site_name\" content=\"Locs Sunglasses - LOCS Supplier in EU\" \/>\n<meta property=\"article:modified_time\" content=\"2025-07-17T17:04:50+00:00\" \/>\n<meta property=\"og:image\" content=\"https:\/\/locsshop.eu\/wp-content\/uploads\/2024\/04\/K24-126-TTPK.jpg\" \/>\n\t<meta property=\"og:image:width\" content=\"800\" \/>\n\t<meta property=\"og:image:height\" content=\"800\" \/>\n\t<meta property=\"og:image:type\" content=\"image\/jpeg\" \/>\n<meta name=\"twitter:card\" content=\"summary_large_image\" \/>\n<meta name=\"twitter:label1\" content=\"Tiempo de lectura\" \/>\n\t<meta name=\"twitter:data1\" content=\"1 minuto\" \/>\n<script type=\"application\/ld+json\" class=\"yoast-schema-graph\">{\"@context\":\"https:\\\/\\\/schema.org\",\"@graph\":[{\"@type\":\"WebPage\",\"@id\":\"https:\\\/\\\/locsshop.eu\\\/shop\\\/runde-clubmaster-style-solbriller-transparent-stel-og-lyseroede-fade-glas-nimes\\\/\",\"url\":\"https:\\\/\\\/locsshop.eu\\\/shop\\\/runde-clubmaster-style-solbriller-transparent-stel-og-lyseroede-fade-glas-nimes\\\/\",\"name\":\"Runde Clubmaster style solbriller - Transparent stel og lyser\u00f8de fade glas | N\u00eemes | K\u00f8b online her | LOCS\",\"isPartOf\":{\"@id\":\"https:\\\/\\\/locsshop.eu\\\/#website\"},\"primaryImageOfPage\":{\"@id\":\"https:\\\/\\\/locsshop.eu\\\/shop\\\/runde-clubmaster-style-solbriller-transparent-stel-og-lyseroede-fade-glas-nimes\\\/#primaryimage\"},\"image\":{\"@id\":\"https:\\\/\\\/locsshop.eu\\\/shop\\\/runde-clubmaster-style-solbriller-transparent-stel-og-lyseroede-fade-glas-nimes\\\/#primaryimage\"},\"thumbnailUrl\":\"https:\\\/\\\/locsshop.eu\\\/wp-content\\\/uploads\\\/2024\\\/04\\\/K24-126-TTPK.jpg\",\"datePublished\":\"2024-04-24T09:27:31+00:00\",\"dateModified\":\"2025-07-17T17:04:50+00:00\",\"description\":\"K\u00f8b Runde Clubmaster style solbriller - Transparent stel og lyser\u00f8de fade glas | N\u00eemes her | EU's st\u00f8rste udvalg af LOCS solbriller | Vi sender fra EU - Ingen ekstra import udgifter\",\"breadcrumb\":{\"@id\":\"https:\\\/\\\/locsshop.eu\\\/shop\\\/runde-clubmaster-style-solbriller-transparent-stel-og-lyseroede-fade-glas-nimes\\\/#breadcrumb\"},\"inLanguage\":\"es\",\"potentialAction\":[{\"@type\":\"ReadAction\",\"target\":[\"https:\\\/\\\/locsshop.eu\\\/shop\\\/runde-clubmaster-style-solbriller-transparent-stel-og-lyseroede-fade-glas-nimes\\\/\"]}]},{\"@type\":\"ImageObject\",\"inLanguage\":\"es\",\"@id\":\"https:\\\/\\\/locsshop.eu\\\/shop\\\/runde-clubmaster-style-solbriller-transparent-stel-og-lyseroede-fade-glas-nimes\\\/#primaryimage\",\"url\":\"https:\\\/\\\/locsshop.eu\\\/wp-content\\\/uploads\\\/2024\\\/04\\\/K24-126-TTPK.jpg\",\"contentUrl\":\"https:\\\/\\\/locsshop.eu\\\/wp-content\\\/uploads\\\/2024\\\/04\\\/K24-126-TTPK.jpg\",\"width\":800,\"height\":800},{\"@type\":\"BreadcrumbList\",\"@id\":\"https:\\\/\\\/locsshop.eu\\\/shop\\\/runde-clubmaster-style-solbriller-transparent-stel-og-lyseroede-fade-glas-nimes\\\/#breadcrumb\",\"itemListElement\":[{\"@type\":\"ListItem\",\"position\":1,\"name\":\"Hjem\",\"item\":\"https:\\\/\\\/locsshop.eu\\\/\"},{\"@type\":\"ListItem\",\"position\":2,\"name\":\"Shop\",\"item\":\"https:\\\/\\\/locsshop.eu\\\/shop\\\/\"},{\"@type\":\"ListItem\",\"position\":3,\"name\":\"Runde Clubmaster style solbriller &#8211; Transparent stel og lyser\u00f8de fade glas | N\u00eemes\"}]},{\"@type\":\"WebSite\",\"@id\":\"https:\\\/\\\/locsshop.eu\\\/#website\",\"url\":\"https:\\\/\\\/locsshop.eu\\\/\",\"name\":\"Locs Sunglasses - LOCS Supplier in EU\",\"description\":\"We sell cheap LOCS Sunglasses\",\"publisher\":{\"@id\":\"https:\\\/\\\/locsshop.eu\\\/#organization\"},\"potentialAction\":[{\"@type\":\"SearchAction\",\"target\":{\"@type\":\"EntryPoint\",\"urlTemplate\":\"https:\\\/\\\/locsshop.eu\\\/?s={search_term_string}\"},\"query-input\":{\"@type\":\"PropertyValueSpecification\",\"valueRequired\":true,\"valueName\":\"search_term_string\"}}],\"inLanguage\":\"es\"},{\"@type\":\"Organization\",\"@id\":\"https:\\\/\\\/locsshop.eu\\\/#organization\",\"name\":\"Locsshop.eu\",\"url\":\"https:\\\/\\\/locsshop.eu\\\/\",\"logo\":{\"@type\":\"ImageObject\",\"inLanguage\":\"es\",\"@id\":\"https:\\\/\\\/locsshop.eu\\\/#\\\/schema\\\/logo\\\/image\\\/\",\"url\":\"https:\\\/\\\/locsshop.eu\\\/wp-content\\\/uploads\\\/2022\\\/02\\\/Locsshop-logo.png\",\"contentUrl\":\"https:\\\/\\\/locsshop.eu\\\/wp-content\\\/uploads\\\/2022\\\/02\\\/Locsshop-logo.png\",\"width\":930,\"height\":200,\"caption\":\"Locsshop.eu\"},\"image\":{\"@id\":\"https:\\\/\\\/locsshop.eu\\\/#\\\/schema\\\/logo\\\/image\\\/\"}}]}<\/script>\n<!-- \/ Yoast SEO plugin. -->","yoast_head_json":{"title":"Gafas de sol redondas estilo Clubmaster - Montura transparente y lentes rosa p\u00e1lido | Nimes | Compre en l\u00ednea aqu\u00ed | LOC","description":"Comprar gafas de sol redondas estilo Clubmaster - Montura transparente y lentes rosa palo | Nimes aqu\u00ed | La mayor selecci\u00f3n de gafas de sol LOCS de la UE | Enviamos desde la UE: sin costes de importaci\u00f3n adicionales","robots":{"index":"index","follow":"follow","max-snippet":"max-snippet:-1","max-image-preview":"max-image-preview:large","max-video-preview":"max-video-preview:-1"},"canonical":"https:\/\/locsshop.eu\/es\/shop\/runde-clubmaster-style-solbriller-transparent-stel-og-lyseroede-fade-glas-nimes\/","og_locale":"es_ES","og_type":"article","og_title":"Runde Clubmaster style solbriller - Transparent stel og lyser\u00f8de fade glas | N\u00eemes | K\u00f8b online her | LOCS","og_description":"K\u00f8b Runde Clubmaster style solbriller - Transparent stel og lyser\u00f8de fade glas | N\u00eemes her | EU's st\u00f8rste udvalg af LOCS solbriller | Vi sender fra EU - Ingen ekstra import udgifter","og_url":"https:\/\/locsshop.eu\/es\/shop\/runde-clubmaster-style-solbriller-transparent-stel-og-lyseroede-fade-glas-nimes\/","og_site_name":"Locs Sunglasses - LOCS Supplier in EU","article_modified_time":"2025-07-17T17:04:50+00:00","og_image":[{"width":800,"height":800,"url":"https:\/\/locsshop.eu\/wp-content\/uploads\/2024\/04\/K24-126-TTPK.jpg","type":"image\/jpeg"}],"twitter_card":"summary_large_image","twitter_misc":{"Tiempo de lectura":"1 minuto"},"schema":{"@context":"https:\/\/schema.org","@graph":[{"@type":"WebPage","@id":"https:\/\/locsshop.eu\/shop\/runde-clubmaster-style-solbriller-transparent-stel-og-lyseroede-fade-glas-nimes\/","url":"https:\/\/locsshop.eu\/shop\/runde-clubmaster-style-solbriller-transparent-stel-og-lyseroede-fade-glas-nimes\/","name":"Gafas de sol redondas estilo Clubmaster - Montura transparente y lentes rosa p\u00e1lido | Nimes | Compre en l\u00ednea aqu\u00ed | LOC","isPartOf":{"@id":"https:\/\/locsshop.eu\/#website"},"primaryImageOfPage":{"@id":"https:\/\/locsshop.eu\/shop\/runde-clubmaster-style-solbriller-transparent-stel-og-lyseroede-fade-glas-nimes\/#primaryimage"},"image":{"@id":"https:\/\/locsshop.eu\/shop\/runde-clubmaster-style-solbriller-transparent-stel-og-lyseroede-fade-glas-nimes\/#primaryimage"},"thumbnailUrl":"https:\/\/locsshop.eu\/wp-content\/uploads\/2024\/04\/K24-126-TTPK.jpg","datePublished":"2024-04-24T09:27:31+00:00","dateModified":"2025-07-17T17:04:50+00:00","description":"Comprar gafas de sol redondas estilo Clubmaster - Montura transparente y lentes rosa palo | Nimes aqu\u00ed | La mayor selecci\u00f3n de gafas de sol LOCS de la UE | Enviamos desde la UE: sin costes de importaci\u00f3n adicionales","breadcrumb":{"@id":"https:\/\/locsshop.eu\/shop\/runde-clubmaster-style-solbriller-transparent-stel-og-lyseroede-fade-glas-nimes\/#breadcrumb"},"inLanguage":"es","potentialAction":[{"@type":"ReadAction","target":["https:\/\/locsshop.eu\/shop\/runde-clubmaster-style-solbriller-transparent-stel-og-lyseroede-fade-glas-nimes\/"]}]},{"@type":"ImageObject","inLanguage":"es","@id":"https:\/\/locsshop.eu\/shop\/runde-clubmaster-style-solbriller-transparent-stel-og-lyseroede-fade-glas-nimes\/#primaryimage","url":"https:\/\/locsshop.eu\/wp-content\/uploads\/2024\/04\/K24-126-TTPK.jpg","contentUrl":"https:\/\/locsshop.eu\/wp-content\/uploads\/2024\/04\/K24-126-TTPK.jpg","width":800,"height":800},{"@type":"BreadcrumbList","@id":"https:\/\/locsshop.eu\/shop\/runde-clubmaster-style-solbriller-transparent-stel-og-lyseroede-fade-glas-nimes\/#breadcrumb","itemListElement":[{"@type":"ListItem","position":1,"name":"Hjem","item":"https:\/\/locsshop.eu\/"},{"@type":"ListItem","position":2,"name":"Shop","item":"https:\/\/locsshop.eu\/shop\/"},{"@type":"ListItem","position":3,"name":"Runde Clubmaster style solbriller &#8211; Transparent stel og lyser\u00f8de fade glas | N\u00eemes"}]},{"@type":"WebSite","@id":"https:\/\/locsshop.eu\/#website","url":"https:\/\/locsshop.eu\/","name":"Gafas de sol Locs - Proveedor LOCS en la UE","description":"Vendemos Gafas de Sol LOCS baratas","publisher":{"@id":"https:\/\/locsshop.eu\/#organization"},"potentialAction":[{"@type":"SearchAction","target":{"@type":"EntryPoint","urlTemplate":"https:\/\/locsshop.eu\/?s={search_term_string}"},"query-input":{"@type":"PropertyValueSpecification","valueRequired":true,"valueName":"search_term_string"}}],"inLanguage":"es"},{"@type":"Organization","@id":"https:\/\/locsshop.eu\/#organization","name":"Locsshop.eu","url":"https:\/\/locsshop.eu\/","logo":{"@type":"ImageObject","inLanguage":"es","@id":"https:\/\/locsshop.eu\/#\/schema\/logo\/image\/","url":"https:\/\/locsshop.eu\/wp-content\/uploads\/2022\/02\/Locsshop-logo.png","contentUrl":"https:\/\/locsshop.eu\/wp-content\/uploads\/2022\/02\/Locsshop-logo.png","width":930,"height":200,"caption":"Locsshop.eu"},"image":{"@id":"https:\/\/locsshop.eu\/#\/schema\/logo\/image\/"}}]}},"_links":{"self":[{"href":"https:\/\/locsshop.eu\/es\/wp-json\/wp\/v2\/product\/12689","targetHints":{"allow":["GET"]}}],"collection":[{"href":"https:\/\/locsshop.eu\/es\/wp-json\/wp\/v2\/product"}],"about":[{"href":"https:\/\/locsshop.eu\/es\/wp-json\/wp\/v2\/types\/product"}],"replies":[{"embeddable":true,"href":"https:\/\/locsshop.eu\/es\/wp-json\/wp\/v2\/comments?post=12689"}],"wp:featuredmedia":[{"embeddable":true,"href":"https:\/\/locsshop.eu\/es\/wp-json\/wp\/v2\/media\/12688"}],"wp:attachment":[{"href":"https:\/\/locsshop.eu\/es\/wp-json\/wp\/v2\/media?parent=12689"}],"wp:term":[{"taxonomy":"product_brand","embeddable":true,"href":"https:\/\/locsshop.eu\/es\/wp-json\/wp\/v2\/product_brand?post=12689"},{"taxonomy":"product_cat","embeddable":true,"href":"https:\/\/locsshop.eu\/es\/wp-json\/wp\/v2\/product_cat?post=12689"},{"taxonomy":"product_tag","embeddable":true,"href":"https:\/\/locsshop.eu\/es\/wp-json\/wp\/v2\/product_tag?post=12689"}],"curies":[{"name":"gracias","href":"https:\/\/api.w.org\/{rel}","templated":true}]}}