{"id":13036,"date":"2024-05-27T11:31:44","date_gmt":"2024-05-27T09:31:44","guid":{"rendered":"https:\/\/locsshop.eu\/shop\/firkantede-y2k-solbriller-med-lilla-fade-glas-og-guld-metal-stel-lloret-de-mar\/"},"modified":"2025-04-30T14:28:19","modified_gmt":"2025-04-30T12:28:19","slug":"firkantede-y2k-solbriller-med-lilla-fade-glas-og-guld-metal-stel-lloret-de-mar","status":"publish","type":"product","link":"https:\/\/locsshop.eu\/es\/shop\/firkantede-y2k-solbriller-med-lilla-fade-glas-og-guld-metal-stel-lloret-de-mar\/","title":{"rendered":"Gafas de sol cuadradas Y2K con lentes tintadas de color p\u00farpura y montura de metal dorado | Lloret de Mar"},"content":{"rendered":"<h3><strong>Convi\u00e9rtete en el jefe m\u00e1s grande con estas populares gafas de sol cuadradas Y2K que son absolutamente la m\u00e1s alta moda.<br \/>\nCon la preciosa montura dorada y los bonitos detalles en las gafas y la montura, lucir\u00e1s como la m\u00e1s cool all\u00e1 donde vayas.<br \/>\nAs\u00ed que date prisa y compra un par antes de que se agoten.<\/strong><\/h3>\n<p>&nbsp;<\/p>\n<p><strong>Experimente la nostalgia con las gafas de sol Y2K<\/strong><br \/>\nRegrese al ic\u00f3nico cambio de milenio con nuestras gafas de sol Y2K que fusionan el estilo retro con un toque moderno. Estas gafas de sol rinden homenaje al dise\u00f1o futurista que defini\u00f3 la era de la moda a principios del siglo XXI.<\/p>\n<p><strong>Vanguardia Tecnol\u00f3gica:<\/strong> Con su dise\u00f1o \u00fanico, estas gafas de sol encarnan el estilo milenario inspirado en la tecnolog\u00eda. La est\u00e9tica n\u00edtida y futurista a\u00f1ade un toque de emoci\u00f3n a cualquier conjunto.<\/p>\n<p><strong>Protecci\u00f3n y Estilo:<\/strong> Adem\u00e1s de su aspecto moderno, las gafas de sol Y2K tambi\u00e9n ofrecen una protecci\u00f3n ocular \u00f3ptima con sus lentes de protecci\u00f3n UV400 que protegen eficazmente de los da\u00f1inos rayos del sol al tiempo que garantizan claridad y claridad de visi\u00f3n.<\/p>\n<p><strong>Ajuste universal:<\/strong> Dise\u00f1adas pensando en la comodidad, estas gafas de sol se adaptan a la mayor\u00eda de formas y tama\u00f1os de rostro. Su construcci\u00f3n liviana garantiza que se puedan usar todo el d\u00eda sin molestias.<\/p>\n<p><strong>Icono de estilo para cada ocasi\u00f3n:<\/strong> Ya sea para un festival, un viaje a la ciudad o como accesorio llamativo, las gafas de sol Y2K a\u00f1aden un toque \u00fanico a cualquier ocasi\u00f3n y resaltan su estilo personal con un toque nost\u00e1lgico.<\/p>\n<p><strong>\u00a1Compre sus gafas de sol Y2K hoy y adopte el estilo retro futurista que todav\u00eda tiene su lugar en la moda actual!<\/strong><\/p>\n<p>&nbsp;<\/p>\n<h4>Material: <strong>Metal y Policarbonato<\/strong><\/h4>\n<h3>Las gafas de sol son geniales durante todo el a\u00f1o y s\u00faper modernas.<br \/>\nGafas de sol Y2K \u2013 Gafas de sol vintage \u2013 Gafas de sol retro<\/h3>\n<p>&nbsp;<\/p>\n<p>&nbsp;<\/p>\n<table style=\"width: 100%;border-collapse: collapse;border-style: dashed\" border=\"1\">\n<tbody>\n<tr>\n<td style=\"width: 100%\">\n<h2 style=\"text-align: center\"><strong>El tama\u00f1o de las gafas de sol.<\/strong><\/h2>\n<\/td>\n<\/tr>\n<\/tbody>\n<\/table>\n<table style=\"width: 100%;border-collapse: collapse;border-style: hidden;margin-left: auto;margin-right: auto\" border=\"1\" cellspacing=\"20\" cellpadding=\"20\">\n<tbody>\n<tr>\n<td style=\"width: 33.3333%;text-align: center\"><strong><img decoding=\"async\" src=\"https:\/\/bazarsalg.dk\/wp-content\/uploads\/bredde.png\" \/><\/strong><\/td>\n<td style=\"width: 33.3333%;text-align: center\"><strong>Ancho interior<\/strong><\/td>\n<td style=\"width: 33.3333%;text-align: center\"><strong>13,4 cm.<\/strong><\/td>\n<\/tr>\n<tr>\n<td style=\"width: 33.3333%;text-align: center\"><strong><img decoding=\"async\" src=\"https:\/\/bazarsalg.dk\/wp-content\/uploads\/hoejde.png\" \/><\/strong><\/td>\n<td style=\"width: 33.3333%;text-align: center\"><strong>Altura<\/strong><\/td>\n<td style=\"width: 33.3333%;text-align: center\"><strong>4,5 cm.<\/strong><\/td>\n<\/tr>\n<tr>\n<td style=\"width: 33.3333%;text-align: center\"><strong><img decoding=\"async\" src=\"https:\/\/bazarsalg.dk\/wp-content\/uploads\/stang.png\" \/><\/strong><\/td>\n<td style=\"width: 33.3333%;text-align: center\"><strong>Longitud de la lente<\/strong><\/td>\n<td style=\"width: 33.3333%;text-align: center\"><strong>14cm<\/strong><\/td>\n<\/tr>\n<tr>\n<td style=\"width: 33.3333%;text-align: center\"><strong><img decoding=\"async\" src=\"https:\/\/bazarsalg.dk\/wp-content\/uploads\/glas-bredde.png\" \/><\/strong><\/td>\n<td style=\"width: 33.3333%;text-align: center\"><strong>Ancho de vidrio<\/strong><\/td>\n<td style=\"width: 33.3333%;text-align: center\"><strong>5,6 cm.<\/strong><\/td>\n<\/tr>\n<tr>\n<td style=\"width: 33.3333%;text-align: center\"><strong><img decoding=\"async\" src=\"https:\/\/bazarsalg.dk\/wp-content\/uploads\/bredde-naese.png\" \/><\/strong><\/td>\n<td style=\"width: 33.3333%;text-align: center\"><strong>Espacio entre vidrio<\/strong><\/td>\n<td style=\"width: 33.3333%;text-align: center\"><strong>1,5 cm.<\/strong><\/td>\n<\/tr>\n<\/tbody>\n<\/table>\n<p>&nbsp;<\/p>\n<p><strong>\u00a0<\/strong><\/p>\n<table style=\"width: 100%;border-collapse: collapse;border-style: hidden;margin-left: auto;margin-right: auto\" border=\"1\" cellspacing=\"50\" cellpadding=\"20\">\n<caption>\u00a0<\/caption>\n<caption>\u00a0<\/caption>\n<tbody>\n<tr>\n<td style=\"width: 25%;text-align: center\"><img decoding=\"async\" class=\"aligncenter\" src=\"https:\/\/bazarsalg.dk\/wp-content\/uploads\/UV.png\" \/><\/td>\n<td style=\"width: 25%;text-align: center\"><img decoding=\"async\" src=\"https:\/\/bazarsalg.dk\/wp-content\/uploads\/ce.png\" \/><\/td>\n<td style=\"width: 25%;text-align: center\"><img decoding=\"async\" src=\"https:\/\/bazarsalg.dk\/wp-content\/uploads\/box.png\" \/><\/td>\n<\/tr>\n<tr>\n<td style=\"width: 25%;text-align: center\"><strong>Las gafas de sol tienen protecci\u00f3n UV400<\/strong><\/p>\n<p>Bloquea del 99 al 100 por ciento de todos los rayos UVA y UVB y protege sus ojos de los rayos del sol.<\/td>\n<td style=\"width: 25%;text-align: center\"><strong>CE aprobado <\/strong><\/p>\n<p>Las gafas de sol cumplen con todos los requisitos legales de la UE, lo que garantiza que sus gafas de sol est\u00e9n probadas y aprobadas.<\/td>\n<td style=\"width: 25%;text-align: center\"><strong>Enviado en caja de cart\u00f3n para que no se rompan <\/strong><\/p>\n<p>Siempre empaquetamos las gafas de sol de forma segura para que lleguen en buenas condiciones.<\/td>\n<\/tr>\n<\/tbody>\n<\/table>","protected":false},"excerpt":{"rendered":"<p><strong>vidrio plano<\/strong><br \/>\n<strong>Marco de metal dorado<\/strong><br \/>\n<strong>Para hombre y mujer<\/strong><\/p>\n<p><img loading=\"lazy\" decoding=\"async\" class=\"alignnone size-full wp-image-12899\" src=\"https:\/\/bazarsalg.dk\/wp-content\/uploads\/Y2K.jpg\" alt=\"\" width=\"200\" height=\"130\" \/><br \/>\nCE aprobado<br \/>\nProtecci\u00f3n UV400<\/p>","protected":false},"featured_media":13033,"comment_status":"open","ping_status":"closed","template":"","meta":{"om_disable_all_campaigns":false,"_monsterinsights_skip_tracking":false,"_monsterinsights_sitenote_active":false,"_monsterinsights_sitenote_note":"","_monsterinsights_sitenote_category":0},"product_brand":[],"product_cat":[1026,1029,1025,1291,1292,1461],"product_tag":[870,1464],"class_list":{"0":"post-13036","1":"product","2":"type-product","3":"status-publish","4":"has-post-thumbnail","6":"product_cat-dame-solbriller","7":"product_cat-herre-solbriller","8":"product_cat-billige-solbriller","9":"product_cat-firkantede-dame-solbriller","10":"product_cat-firkantede-solbriller","11":"product_cat-y2k-retro-vintage-solbriller","12":"product_tag-p693","13":"product_tag-y2k","15":"first","16":"outofstock","17":"sale","18":"shipping-taxable","19":"purchasable","20":"product-type-simple"},"yoast_head":"<!-- This site is optimized with the Yoast SEO plugin v27.5 - https:\/\/yoast.com\/product\/yoast-seo-wordpress\/ -->\n<title>Firkantede Y2K Solbriller med lilla fade glas og guld metal stel | Lloret de Mar | K\u00f8b online her | LOCS<\/title>\n<meta name=\"description\" content=\"K\u00f8b Firkantede Y2K Solbriller med lilla fade glas og guld metal stel | Lloret de Mar her | EU&#039;s st\u00f8rste udvalg af LOCS solbriller | Vi sender fra EU - Ingen ekstra import udgifter\" \/>\n<meta name=\"robots\" content=\"index, follow, max-snippet:-1, max-image-preview:large, max-video-preview:-1\" \/>\n<link rel=\"canonical\" href=\"https:\/\/locsshop.eu\/es\/shop\/firkantede-y2k-solbriller-med-lilla-fade-glas-og-guld-metal-stel-lloret-de-mar\/\" \/>\n<meta property=\"og:locale\" content=\"es_ES\" \/>\n<meta property=\"og:type\" content=\"article\" \/>\n<meta property=\"og:title\" content=\"Firkantede Y2K Solbriller med lilla fade glas og guld metal stel | Lloret de Mar | K\u00f8b online her | LOCS\" \/>\n<meta property=\"og:description\" content=\"K\u00f8b Firkantede Y2K Solbriller med lilla fade glas og guld metal stel | Lloret de Mar her | EU&#039;s st\u00f8rste udvalg af LOCS solbriller | Vi sender fra EU - Ingen ekstra import udgifter\" \/>\n<meta property=\"og:url\" content=\"https:\/\/locsshop.eu\/es\/shop\/firkantede-y2k-solbriller-med-lilla-fade-glas-og-guld-metal-stel-lloret-de-mar\/\" \/>\n<meta property=\"og:site_name\" content=\"Locs Sunglasses - LOCS Supplier in EU\" \/>\n<meta property=\"article:modified_time\" content=\"2025-04-30T12:28:19+00:00\" \/>\n<meta property=\"og:image\" content=\"https:\/\/locsshop.eu\/wp-content\/uploads\/2024\/05\/GL-B1301-21.jpg\" \/>\n\t<meta property=\"og:image:width\" content=\"800\" \/>\n\t<meta property=\"og:image:height\" content=\"800\" \/>\n\t<meta property=\"og:image:type\" content=\"image\/jpeg\" \/>\n<meta name=\"twitter:card\" content=\"summary_large_image\" \/>\n<meta name=\"twitter:label1\" content=\"Tiempo de lectura\" \/>\n\t<meta name=\"twitter:data1\" content=\"2 minutos\" \/>\n<script type=\"application\/ld+json\" class=\"yoast-schema-graph\">{\"@context\":\"https:\\\/\\\/schema.org\",\"@graph\":[{\"@type\":\"WebPage\",\"@id\":\"https:\\\/\\\/locsshop.eu\\\/shop\\\/firkantede-y2k-solbriller-med-lilla-fade-glas-og-guld-metal-stel-lloret-de-mar\\\/\",\"url\":\"https:\\\/\\\/locsshop.eu\\\/shop\\\/firkantede-y2k-solbriller-med-lilla-fade-glas-og-guld-metal-stel-lloret-de-mar\\\/\",\"name\":\"Firkantede Y2K Solbriller med lilla fade glas og guld metal stel | Lloret de Mar | K\u00f8b online her | LOCS\",\"isPartOf\":{\"@id\":\"https:\\\/\\\/locsshop.eu\\\/#website\"},\"primaryImageOfPage\":{\"@id\":\"https:\\\/\\\/locsshop.eu\\\/shop\\\/firkantede-y2k-solbriller-med-lilla-fade-glas-og-guld-metal-stel-lloret-de-mar\\\/#primaryimage\"},\"image\":{\"@id\":\"https:\\\/\\\/locsshop.eu\\\/shop\\\/firkantede-y2k-solbriller-med-lilla-fade-glas-og-guld-metal-stel-lloret-de-mar\\\/#primaryimage\"},\"thumbnailUrl\":\"https:\\\/\\\/locsshop.eu\\\/wp-content\\\/uploads\\\/2024\\\/05\\\/GL-B1301-21.jpg\",\"datePublished\":\"2024-05-27T09:31:44+00:00\",\"dateModified\":\"2025-04-30T12:28:19+00:00\",\"description\":\"K\u00f8b Firkantede Y2K Solbriller med lilla fade glas og guld metal stel | Lloret de Mar her | EU's st\u00f8rste udvalg af LOCS solbriller | Vi sender fra EU - Ingen ekstra import udgifter\",\"breadcrumb\":{\"@id\":\"https:\\\/\\\/locsshop.eu\\\/shop\\\/firkantede-y2k-solbriller-med-lilla-fade-glas-og-guld-metal-stel-lloret-de-mar\\\/#breadcrumb\"},\"inLanguage\":\"es\",\"potentialAction\":[{\"@type\":\"ReadAction\",\"target\":[\"https:\\\/\\\/locsshop.eu\\\/shop\\\/firkantede-y2k-solbriller-med-lilla-fade-glas-og-guld-metal-stel-lloret-de-mar\\\/\"]}]},{\"@type\":\"ImageObject\",\"inLanguage\":\"es\",\"@id\":\"https:\\\/\\\/locsshop.eu\\\/shop\\\/firkantede-y2k-solbriller-med-lilla-fade-glas-og-guld-metal-stel-lloret-de-mar\\\/#primaryimage\",\"url\":\"https:\\\/\\\/locsshop.eu\\\/wp-content\\\/uploads\\\/2024\\\/05\\\/GL-B1301-21.jpg\",\"contentUrl\":\"https:\\\/\\\/locsshop.eu\\\/wp-content\\\/uploads\\\/2024\\\/05\\\/GL-B1301-21.jpg\",\"width\":800,\"height\":800},{\"@type\":\"BreadcrumbList\",\"@id\":\"https:\\\/\\\/locsshop.eu\\\/shop\\\/firkantede-y2k-solbriller-med-lilla-fade-glas-og-guld-metal-stel-lloret-de-mar\\\/#breadcrumb\",\"itemListElement\":[{\"@type\":\"ListItem\",\"position\":1,\"name\":\"Hjem\",\"item\":\"https:\\\/\\\/locsshop.eu\\\/\"},{\"@type\":\"ListItem\",\"position\":2,\"name\":\"Shop\",\"item\":\"https:\\\/\\\/locsshop.eu\\\/shop\\\/\"},{\"@type\":\"ListItem\",\"position\":3,\"name\":\"Firkantede Y2K Solbriller med lilla fade glas og guld metal stel | Lloret de Mar\"}]},{\"@type\":\"WebSite\",\"@id\":\"https:\\\/\\\/locsshop.eu\\\/#website\",\"url\":\"https:\\\/\\\/locsshop.eu\\\/\",\"name\":\"Locs Sunglasses - LOCS Supplier in EU\",\"description\":\"We sell cheap LOCS Sunglasses\",\"publisher\":{\"@id\":\"https:\\\/\\\/locsshop.eu\\\/#organization\"},\"potentialAction\":[{\"@type\":\"SearchAction\",\"target\":{\"@type\":\"EntryPoint\",\"urlTemplate\":\"https:\\\/\\\/locsshop.eu\\\/?s={search_term_string}\"},\"query-input\":{\"@type\":\"PropertyValueSpecification\",\"valueRequired\":true,\"valueName\":\"search_term_string\"}}],\"inLanguage\":\"es\"},{\"@type\":\"Organization\",\"@id\":\"https:\\\/\\\/locsshop.eu\\\/#organization\",\"name\":\"Locsshop.eu\",\"url\":\"https:\\\/\\\/locsshop.eu\\\/\",\"logo\":{\"@type\":\"ImageObject\",\"inLanguage\":\"es\",\"@id\":\"https:\\\/\\\/locsshop.eu\\\/#\\\/schema\\\/logo\\\/image\\\/\",\"url\":\"https:\\\/\\\/locsshop.eu\\\/wp-content\\\/uploads\\\/2022\\\/02\\\/Locsshop-logo.png\",\"contentUrl\":\"https:\\\/\\\/locsshop.eu\\\/wp-content\\\/uploads\\\/2022\\\/02\\\/Locsshop-logo.png\",\"width\":930,\"height\":200,\"caption\":\"Locsshop.eu\"},\"image\":{\"@id\":\"https:\\\/\\\/locsshop.eu\\\/#\\\/schema\\\/logo\\\/image\\\/\"}}]}<\/script>\n<!-- \/ Yoast SEO plugin. -->","yoast_head_json":{"title":"Gafas de sol cuadradas Y2K con lentes tintadas de color p\u00farpura y montura de metal dorado | Lloret de Mar | Compre en l\u00ednea aqu\u00ed | LOC","description":"Comprar Gafas de sol cuadradas Y2K con lentes planas marr\u00f3n oscuro y montura de metal dorado | Lloret de Mar aqu\u00ed | La mayor selecci\u00f3n de gafas de sol LOCS de la UE | Enviamos desde la UE: sin costes de importaci\u00f3n adicionales","robots":{"index":"index","follow":"follow","max-snippet":"max-snippet:-1","max-image-preview":"max-image-preview:large","max-video-preview":"max-video-preview:-1"},"canonical":"https:\/\/locsshop.eu\/es\/shop\/firkantede-y2k-solbriller-med-lilla-fade-glas-og-guld-metal-stel-lloret-de-mar\/","og_locale":"es_ES","og_type":"article","og_title":"Firkantede Y2K Solbriller med lilla fade glas og guld metal stel | Lloret de Mar | K\u00f8b online her | LOCS","og_description":"K\u00f8b Firkantede Y2K Solbriller med lilla fade glas og guld metal stel | Lloret de Mar her | EU's st\u00f8rste udvalg af LOCS solbriller | Vi sender fra EU - Ingen ekstra import udgifter","og_url":"https:\/\/locsshop.eu\/es\/shop\/firkantede-y2k-solbriller-med-lilla-fade-glas-og-guld-metal-stel-lloret-de-mar\/","og_site_name":"Locs Sunglasses - LOCS Supplier in EU","article_modified_time":"2025-04-30T12:28:19+00:00","og_image":[{"width":800,"height":800,"url":"https:\/\/locsshop.eu\/wp-content\/uploads\/2024\/05\/GL-B1301-21.jpg","type":"image\/jpeg"}],"twitter_card":"summary_large_image","twitter_misc":{"Tiempo de lectura":"2 minutos"},"schema":{"@context":"https:\/\/schema.org","@graph":[{"@type":"WebPage","@id":"https:\/\/locsshop.eu\/shop\/firkantede-y2k-solbriller-med-lilla-fade-glas-og-guld-metal-stel-lloret-de-mar\/","url":"https:\/\/locsshop.eu\/shop\/firkantede-y2k-solbriller-med-lilla-fade-glas-og-guld-metal-stel-lloret-de-mar\/","name":"Gafas de sol cuadradas Y2K con lentes tintadas de color p\u00farpura y montura de metal dorado | Lloret de Mar | Compre en l\u00ednea aqu\u00ed | LOC","isPartOf":{"@id":"https:\/\/locsshop.eu\/#website"},"primaryImageOfPage":{"@id":"https:\/\/locsshop.eu\/shop\/firkantede-y2k-solbriller-med-lilla-fade-glas-og-guld-metal-stel-lloret-de-mar\/#primaryimage"},"image":{"@id":"https:\/\/locsshop.eu\/shop\/firkantede-y2k-solbriller-med-lilla-fade-glas-og-guld-metal-stel-lloret-de-mar\/#primaryimage"},"thumbnailUrl":"https:\/\/locsshop.eu\/wp-content\/uploads\/2024\/05\/GL-B1301-21.jpg","datePublished":"2024-05-27T09:31:44+00:00","dateModified":"2025-04-30T12:28:19+00:00","description":"Comprar Gafas de sol cuadradas Y2K con lentes planas marr\u00f3n oscuro y montura de metal dorado | Lloret de Mar aqu\u00ed | La mayor selecci\u00f3n de gafas de sol LOCS de la UE | Enviamos desde la UE: sin costes de importaci\u00f3n adicionales","breadcrumb":{"@id":"https:\/\/locsshop.eu\/shop\/firkantede-y2k-solbriller-med-lilla-fade-glas-og-guld-metal-stel-lloret-de-mar\/#breadcrumb"},"inLanguage":"es","potentialAction":[{"@type":"ReadAction","target":["https:\/\/locsshop.eu\/shop\/firkantede-y2k-solbriller-med-lilla-fade-glas-og-guld-metal-stel-lloret-de-mar\/"]}]},{"@type":"ImageObject","inLanguage":"es","@id":"https:\/\/locsshop.eu\/shop\/firkantede-y2k-solbriller-med-lilla-fade-glas-og-guld-metal-stel-lloret-de-mar\/#primaryimage","url":"https:\/\/locsshop.eu\/wp-content\/uploads\/2024\/05\/GL-B1301-21.jpg","contentUrl":"https:\/\/locsshop.eu\/wp-content\/uploads\/2024\/05\/GL-B1301-21.jpg","width":800,"height":800},{"@type":"BreadcrumbList","@id":"https:\/\/locsshop.eu\/shop\/firkantede-y2k-solbriller-med-lilla-fade-glas-og-guld-metal-stel-lloret-de-mar\/#breadcrumb","itemListElement":[{"@type":"ListItem","position":1,"name":"Hjem","item":"https:\/\/locsshop.eu\/"},{"@type":"ListItem","position":2,"name":"Shop","item":"https:\/\/locsshop.eu\/shop\/"},{"@type":"ListItem","position":3,"name":"Firkantede Y2K Solbriller med lilla fade glas og guld metal stel | Lloret de Mar"}]},{"@type":"WebSite","@id":"https:\/\/locsshop.eu\/#website","url":"https:\/\/locsshop.eu\/","name":"Gafas de sol Locs - Proveedor LOCS en la UE","description":"Vendemos Gafas de Sol LOCS baratas","publisher":{"@id":"https:\/\/locsshop.eu\/#organization"},"potentialAction":[{"@type":"SearchAction","target":{"@type":"EntryPoint","urlTemplate":"https:\/\/locsshop.eu\/?s={search_term_string}"},"query-input":{"@type":"PropertyValueSpecification","valueRequired":true,"valueName":"search_term_string"}}],"inLanguage":"es"},{"@type":"Organization","@id":"https:\/\/locsshop.eu\/#organization","name":"Locsshop.eu","url":"https:\/\/locsshop.eu\/","logo":{"@type":"ImageObject","inLanguage":"es","@id":"https:\/\/locsshop.eu\/#\/schema\/logo\/image\/","url":"https:\/\/locsshop.eu\/wp-content\/uploads\/2022\/02\/Locsshop-logo.png","contentUrl":"https:\/\/locsshop.eu\/wp-content\/uploads\/2022\/02\/Locsshop-logo.png","width":930,"height":200,"caption":"Locsshop.eu"},"image":{"@id":"https:\/\/locsshop.eu\/#\/schema\/logo\/image\/"}}]}},"_links":{"self":[{"href":"https:\/\/locsshop.eu\/es\/wp-json\/wp\/v2\/product\/13036","targetHints":{"allow":["GET"]}}],"collection":[{"href":"https:\/\/locsshop.eu\/es\/wp-json\/wp\/v2\/product"}],"about":[{"href":"https:\/\/locsshop.eu\/es\/wp-json\/wp\/v2\/types\/product"}],"replies":[{"embeddable":true,"href":"https:\/\/locsshop.eu\/es\/wp-json\/wp\/v2\/comments?post=13036"}],"wp:featuredmedia":[{"embeddable":true,"href":"https:\/\/locsshop.eu\/es\/wp-json\/wp\/v2\/media\/13033"}],"wp:attachment":[{"href":"https:\/\/locsshop.eu\/es\/wp-json\/wp\/v2\/media?parent=13036"}],"wp:term":[{"taxonomy":"product_brand","embeddable":true,"href":"https:\/\/locsshop.eu\/es\/wp-json\/wp\/v2\/product_brand?post=13036"},{"taxonomy":"product_cat","embeddable":true,"href":"https:\/\/locsshop.eu\/es\/wp-json\/wp\/v2\/product_cat?post=13036"},{"taxonomy":"product_tag","embeddable":true,"href":"https:\/\/locsshop.eu\/es\/wp-json\/wp\/v2\/product_tag?post=13036"}],"curies":[{"name":"gracias","href":"https:\/\/api.w.org\/{rel}","templated":true}]}}