{"id":13729,"date":"2025-01-27T20:21:34","date_gmt":"2025-01-27T19:21:34","guid":{"rendered":"https:\/\/locsshop.eu\/shop\/moncler-skibriller-ml0130-91x-89-mat-moerkeblaa-fejl\/"},"modified":"2026-03-10T18:43:47","modified_gmt":"2026-03-10T17:43:47","slug":"moncler-skibriller-ml0130-91x-89-mat-moerkeblaa-fejl","status":"publish","type":"product","link":"https:\/\/locsshop.eu\/es\/shop\/moncler-skibriller-ml0130-91x-89-mat-moerkeblaa-fejl\/","title":{"rendered":"Gafas de esqu\u00ed Moncler \u2013 ML0130 91X 89 | Azul oscuro mate: tiene un peque\u00f1o defecto."},"content":{"rendered":"<h2><strong>Gafas de esqu\u00ed Moncler \u2013 ML0130 91X 89 | Azul oscuro mate con reflejo de espejo azul.<br \/>\nincluido Bonito bolso tipo estuche Moncler.<\/p>\n<p><span data-text-color=\"alert\">NOTA: Nos gustar\u00eda se\u00f1alar que estas gafas de esqu\u00ed lamentablemente tienen una peque\u00f1a mancha en una de las lentes, como se ve en la imagen.<\/span><br \/>\n<span data-text-color=\"alert\">\u00a1\u00a1\u00a1Las gafas de esqu\u00ed NO se pueden devolver!!!<\/span><\/strong><\/h2>\n<h1><strong><br \/>\nDetalles de las gafas de esqu\u00ed.<\/strong><\/h1>\n<ul>\n<li style=\"list-style-type: none\">\n<ul>\n<li><strong>Gafas de esqu\u00ed geniales de Moncler<\/strong>. Las lentes son <strong>Lentes de categor\u00eda 3.<\/strong> Las lentes oscuras garantizan que la luz intensa no te deslumbre. Las lentes de categor\u00eda 3 filtran 80-90% la luz incidente<\/li>\n<li>Las gafas de esqu\u00ed proporcionan <strong>100% Protecci\u00f3n UV.<\/strong><\/li>\n<li><strong>Bonito estuche Moncler incluido,<\/strong> para que puedas guardar las gafas de esqu\u00ed con cuidado.<\/li>\n<li><strong>moncler<\/strong>\u00a0El sistema de ventilaci\u00f3n ofrece una transpirabilidad \u00f3ptima.<\/li>\n<li><b>antivaho <\/b>lo que reduce la condensaci\u00f3n durante el uso.<\/li>\n<li><strong>Unisexo<\/strong> modelo que se adapta tanto a hombres como a mujeres.<\/li>\n<li><strong>Producido en Italia.<\/strong><\/li>\n<li>Nosotros <strong>garant\u00edas<\/strong> que nuestras gafas de esqu\u00ed son <strong>100% genuino<\/strong>, comprado a nuestro proveedor de confianza en la UE.<\/li>\n<\/ul>\n<\/li>\n<\/ul>\n<h3><img loading=\"lazy\" decoding=\"async\" class=\"size-full wp-image-14882 aligncenter\" src=\"https:\/\/bazarsalg.dk\/wp-content\/uploads\/mocler-logo.png\" alt=\"\" width=\"300\" height=\"168\" \/><\/h3>\n<h3>___________________________________________________________________________________________________________________________________________<\/h3>\n<p>&nbsp;<\/p>\n<h3>Por qu\u00e9 deber\u00eda utilizar gafas de esqu\u00ed y por qu\u00e9 somos el mejor lugar para comprar<\/h3>\n<p>Cuando llegue a las pistas, es importante proteger sus ojos tanto del viento, como de la nieve y de los fuertes rayos ultravioleta que se reflejan en la nieve. Las gafas de esqu\u00ed no son s\u00f3lo un accesorio elegante: son una necesidad para todo esquiador y practicante de snowboard. Pero, \u00bfpor qu\u00e9 son tan importantes las gafas de esqu\u00ed y por qu\u00e9 deber\u00edas elegirnos para tu pr\u00f3xima compra?<\/p>\n<h3><\/h3>\n<p>&nbsp;<\/p>\n<h3>La importancia de las gafas de esqu\u00ed<\/h3>\n<ol>\n<li><strong>Protege contra los da\u00f1inos rayos UV:<\/strong> La nieve refleja hasta 80% de los rayos ultravioleta del sol, lo que puede provocar ceguera por nieve. Las gafas de esqu\u00ed con protecci\u00f3n UV previenen esto y protegen sus ojos de manera efectiva.<\/li>\n<li><strong>Mejora la visibilidad:<\/strong> Con el par de gafas de esqu\u00ed adecuadas, obtendr\u00e1s un mejor contraste y claridad, incluso en condiciones clim\u00e1ticas adversas, como niebla o nieve intensa. Esto mejora tu seguridad en las pistas.<\/li>\n<li><strong>Mamparas Contra el Viento y la Nieve:<\/strong> Sin gafas de esqu\u00ed, el aire fr\u00edo y la nieve pueden irritar los ojos y dificultar la visi\u00f3n. Las gafas de esqu\u00ed mantienen los ojos calientes y secos.<\/li>\n<li><strong>Reduce el reflejo de la nieve: <\/strong>Cuando el sol brilla, corta los ojos. Cuando hay nieve, se vuelve a\u00fan m\u00e1s problem\u00e1tico ya que el sol intensifica el resplandor y aqu\u00ed la importancia de las gafas de esqu\u00ed es muy alta, ya que aseguran que tus ojos tengan una vista agradable y que no te corten los ojos.<\/li>\n<\/ol>\n<p>&nbsp;<\/p>\n<h3>\u00bfPor qu\u00e9 elegirnos?<\/h3>\n<p>Con <strong>a nosotros<\/strong> Encontrar\u00e1 una amplia selecci\u00f3n de gafas de esqu\u00ed de alta calidad a precios que no superar\u00e1n su presupuesto. Ofrecemos gafas de esqu\u00ed con la \u00faltima tecnolog\u00eda, que incluyen revestimiento antivaho y correas ajustables para una comodidad \u00f3ptima.<\/p>\n<ul>\n<li><strong>Calidad a precios asequibles:<\/strong> Seleccionamos cuidadosamente nuestra gama para garantizar que obtenga la mejor calidad al precio m\u00e1s bajo.<\/li>\n<li><strong>Entrega r\u00e1pida:<\/strong> Cuando haces tu pedido con nosotros, puedes esperar una entrega r\u00e1pida, por lo que estar\u00e1s listo para las pistas en poco tiempo.<\/li>\n<li><strong>Excelente servicio al cliente:<\/strong> Nuestro equipo dedicado siempre est\u00e1 listo para ayudarlo a encontrar las gafas de esqu\u00ed perfectas.<\/li>\n<\/ul>\n<p>Si eres un esquiador experimentado o nuevo en las pistas, ten <strong>nosotros<\/strong> El par de gafas de esqu\u00ed perfecto para ti. Protege tus ojos y disfruta de la aventura invernal con tus nuevas gafas de esqu\u00ed.<\/p>","protected":false},"excerpt":{"rendered":"<ul>\n<li>Con correa el\u00e1stica ancha ajustable<\/li>\n<li>Para esquiar y hacer snowboard<\/li>\n<li>incluido bolso estuche Moncler<\/li>\n<li>Lentes de categor\u00eda 3<\/li>\n<li>SLR azul violeta<br \/>\n<strong><span data-text-color=\"alert\">NOTA: Nos gustar\u00eda se\u00f1alar que estas gafas de esqu\u00ed lamentablemente tienen una peque\u00f1a mancha en una de las lentes, como se ve en la imagen.<\/span><br \/>\n<span data-text-color=\"alert\">\u00a1\u00a1\u00a1Las gafas de esqu\u00ed NO se pueden devolver!!!<\/span><\/strong><\/p>\n<p><img loading=\"lazy\" decoding=\"async\" class=\"alignnone wp-image-14882 size-thumbnail\" src=\"https:\/\/bazarsalg.dk\/wp-content\/uploads\/mocler-logo-280x168.png\" alt=\"\" width=\"280\" height=\"168\" \/><\/li>\n<\/ul>","protected":false},"featured_media":13723,"comment_status":"open","ping_status":"closed","template":"","meta":{"om_disable_all_campaigns":false,"_monsterinsights_skip_tracking":false,"_monsterinsights_sitenote_active":false,"_monsterinsights_sitenote_note":"","_monsterinsights_sitenote_category":0},"product_brand":[],"product_cat":[1560],"product_tag":[1582,1559],"class_list":{"0":"post-13729","1":"product","2":"type-product","3":"status-publish","4":"has-post-thumbnail","6":"product_cat-skibriller","7":"product_tag-moncler","8":"product_tag-skibriller","10":"first","11":"outofstock","12":"sale","13":"purchasable","14":"product-type-simple"},"yoast_head":"<!-- This site is optimized with the Yoast SEO plugin v27.5 - https:\/\/yoast.com\/product\/yoast-seo-wordpress\/ -->\n<title>Moncler skibriller - ML0130 91X 89 | Mat M\u00f8rkebl\u00e5 - Har en lille fejl | K\u00f8b online her | LOCS<\/title>\n<meta name=\"description\" content=\"K\u00f8b Moncler skibriller - ML0130 91X 89 | Mat M\u00f8rkebl\u00e5 - Har en lille fejl her | EU&#039;s st\u00f8rste udvalg af LOCS solbriller | Vi sender fra EU - Ingen ekstra import udgifter\" \/>\n<meta name=\"robots\" content=\"index, follow, max-snippet:-1, max-image-preview:large, max-video-preview:-1\" \/>\n<link rel=\"canonical\" href=\"https:\/\/locsshop.eu\/es\/shop\/moncler-skibriller-ml0130-91x-89-mat-moerkeblaa-fejl\/\" \/>\n<meta property=\"og:locale\" content=\"es_ES\" \/>\n<meta property=\"og:type\" content=\"article\" \/>\n<meta property=\"og:title\" content=\"Moncler skibriller - ML0130 91X 89 | Mat M\u00f8rkebl\u00e5 - Har en lille fejl | K\u00f8b online her | LOCS\" \/>\n<meta property=\"og:description\" content=\"K\u00f8b Moncler skibriller - ML0130 91X 89 | Mat M\u00f8rkebl\u00e5 - Har en lille fejl her | EU&#039;s st\u00f8rste udvalg af LOCS solbriller | Vi sender fra EU - Ingen ekstra import udgifter\" \/>\n<meta property=\"og:url\" content=\"https:\/\/locsshop.eu\/es\/shop\/moncler-skibriller-ml0130-91x-89-mat-moerkeblaa-fejl\/\" \/>\n<meta property=\"og:site_name\" content=\"Locs Sunglasses - LOCS Supplier in EU\" \/>\n<meta property=\"article:modified_time\" content=\"2026-03-10T17:43:47+00:00\" \/>\n<meta property=\"og:image\" content=\"https:\/\/locsshop.eu\/wp-content\/uploads\/2025\/01\/moncler3.jpg\" \/>\n\t<meta property=\"og:image:width\" content=\"800\" \/>\n\t<meta property=\"og:image:height\" content=\"800\" \/>\n\t<meta property=\"og:image:type\" content=\"image\/jpeg\" \/>\n<meta name=\"twitter:card\" content=\"summary_large_image\" \/>\n<meta name=\"twitter:label1\" content=\"Tiempo de lectura\" \/>\n\t<meta name=\"twitter:data1\" content=\"3 minutos\" \/>\n<script type=\"application\/ld+json\" class=\"yoast-schema-graph\">{\"@context\":\"https:\\\/\\\/schema.org\",\"@graph\":[{\"@type\":\"WebPage\",\"@id\":\"https:\\\/\\\/locsshop.eu\\\/shop\\\/moncler-skibriller-ml0130-91x-89-mat-moerkeblaa-fejl\\\/\",\"url\":\"https:\\\/\\\/locsshop.eu\\\/shop\\\/moncler-skibriller-ml0130-91x-89-mat-moerkeblaa-fejl\\\/\",\"name\":\"Moncler skibriller - ML0130 91X 89 | Mat M\u00f8rkebl\u00e5 - Har en lille fejl | K\u00f8b online her | LOCS\",\"isPartOf\":{\"@id\":\"https:\\\/\\\/locsshop.eu\\\/#website\"},\"primaryImageOfPage\":{\"@id\":\"https:\\\/\\\/locsshop.eu\\\/shop\\\/moncler-skibriller-ml0130-91x-89-mat-moerkeblaa-fejl\\\/#primaryimage\"},\"image\":{\"@id\":\"https:\\\/\\\/locsshop.eu\\\/shop\\\/moncler-skibriller-ml0130-91x-89-mat-moerkeblaa-fejl\\\/#primaryimage\"},\"thumbnailUrl\":\"https:\\\/\\\/locsshop.eu\\\/wp-content\\\/uploads\\\/2025\\\/01\\\/moncler3.jpg\",\"datePublished\":\"2025-01-27T19:21:34+00:00\",\"dateModified\":\"2026-03-10T17:43:47+00:00\",\"description\":\"K\u00f8b Moncler skibriller - ML0130 91X 89 | Mat M\u00f8rkebl\u00e5 - Har en lille fejl her | EU's st\u00f8rste udvalg af LOCS solbriller | Vi sender fra EU - Ingen ekstra import udgifter\",\"breadcrumb\":{\"@id\":\"https:\\\/\\\/locsshop.eu\\\/shop\\\/moncler-skibriller-ml0130-91x-89-mat-moerkeblaa-fejl\\\/#breadcrumb\"},\"inLanguage\":\"es\",\"potentialAction\":[{\"@type\":\"ReadAction\",\"target\":[\"https:\\\/\\\/locsshop.eu\\\/shop\\\/moncler-skibriller-ml0130-91x-89-mat-moerkeblaa-fejl\\\/\"]}]},{\"@type\":\"ImageObject\",\"inLanguage\":\"es\",\"@id\":\"https:\\\/\\\/locsshop.eu\\\/shop\\\/moncler-skibriller-ml0130-91x-89-mat-moerkeblaa-fejl\\\/#primaryimage\",\"url\":\"https:\\\/\\\/locsshop.eu\\\/wp-content\\\/uploads\\\/2025\\\/01\\\/moncler3.jpg\",\"contentUrl\":\"https:\\\/\\\/locsshop.eu\\\/wp-content\\\/uploads\\\/2025\\\/01\\\/moncler3.jpg\",\"width\":800,\"height\":800},{\"@type\":\"BreadcrumbList\",\"@id\":\"https:\\\/\\\/locsshop.eu\\\/shop\\\/moncler-skibriller-ml0130-91x-89-mat-moerkeblaa-fejl\\\/#breadcrumb\",\"itemListElement\":[{\"@type\":\"ListItem\",\"position\":1,\"name\":\"Hjem\",\"item\":\"https:\\\/\\\/locsshop.eu\\\/\"},{\"@type\":\"ListItem\",\"position\":2,\"name\":\"Shop\",\"item\":\"https:\\\/\\\/locsshop.eu\\\/shop\\\/\"},{\"@type\":\"ListItem\",\"position\":3,\"name\":\"Moncler skibriller &#8211; ML0130 91X 89 | Mat M\u00f8rkebl\u00e5 &#8211; Har en lille fejl\"}]},{\"@type\":\"WebSite\",\"@id\":\"https:\\\/\\\/locsshop.eu\\\/#website\",\"url\":\"https:\\\/\\\/locsshop.eu\\\/\",\"name\":\"Locs Sunglasses - LOCS Supplier in EU\",\"description\":\"We sell cheap LOCS Sunglasses\",\"publisher\":{\"@id\":\"https:\\\/\\\/locsshop.eu\\\/#organization\"},\"potentialAction\":[{\"@type\":\"SearchAction\",\"target\":{\"@type\":\"EntryPoint\",\"urlTemplate\":\"https:\\\/\\\/locsshop.eu\\\/?s={search_term_string}\"},\"query-input\":{\"@type\":\"PropertyValueSpecification\",\"valueRequired\":true,\"valueName\":\"search_term_string\"}}],\"inLanguage\":\"es\"},{\"@type\":\"Organization\",\"@id\":\"https:\\\/\\\/locsshop.eu\\\/#organization\",\"name\":\"Locsshop.eu\",\"url\":\"https:\\\/\\\/locsshop.eu\\\/\",\"logo\":{\"@type\":\"ImageObject\",\"inLanguage\":\"es\",\"@id\":\"https:\\\/\\\/locsshop.eu\\\/#\\\/schema\\\/logo\\\/image\\\/\",\"url\":\"https:\\\/\\\/locsshop.eu\\\/wp-content\\\/uploads\\\/2022\\\/02\\\/Locsshop-logo.png\",\"contentUrl\":\"https:\\\/\\\/locsshop.eu\\\/wp-content\\\/uploads\\\/2022\\\/02\\\/Locsshop-logo.png\",\"width\":930,\"height\":200,\"caption\":\"Locsshop.eu\"},\"image\":{\"@id\":\"https:\\\/\\\/locsshop.eu\\\/#\\\/schema\\\/logo\\\/image\\\/\"}}]}<\/script>\n<!-- \/ Yoast SEO plugin. -->","yoast_head_json":{"title":"Gafas de esqu\u00ed Moncler - ML0130 91X 89 | Azul oscuro mate - Tiene un peque\u00f1o defecto | Comprar online aqu\u00ed | LOCS","description":"Comprar gafas de esqu\u00ed Moncler - ML0130 91X 89 | Azul oscuro mate: tiene un peque\u00f1o error aqu\u00ed | La mayor selecci\u00f3n de gafas de sol LOCS de la UE | Realizamos env\u00edos desde la UE - Sin costes de importaci\u00f3n adicionales","robots":{"index":"index","follow":"follow","max-snippet":"max-snippet:-1","max-image-preview":"max-image-preview:large","max-video-preview":"max-video-preview:-1"},"canonical":"https:\/\/locsshop.eu\/es\/shop\/moncler-skibriller-ml0130-91x-89-mat-moerkeblaa-fejl\/","og_locale":"es_ES","og_type":"article","og_title":"Moncler skibriller - ML0130 91X 89 | Mat M\u00f8rkebl\u00e5 - Har en lille fejl | K\u00f8b online her | LOCS","og_description":"K\u00f8b Moncler skibriller - ML0130 91X 89 | Mat M\u00f8rkebl\u00e5 - Har en lille fejl her | EU's st\u00f8rste udvalg af LOCS solbriller | Vi sender fra EU - Ingen ekstra import udgifter","og_url":"https:\/\/locsshop.eu\/es\/shop\/moncler-skibriller-ml0130-91x-89-mat-moerkeblaa-fejl\/","og_site_name":"Locs Sunglasses - LOCS Supplier in EU","article_modified_time":"2026-03-10T17:43:47+00:00","og_image":[{"width":800,"height":800,"url":"https:\/\/locsshop.eu\/wp-content\/uploads\/2025\/01\/moncler3.jpg","type":"image\/jpeg"}],"twitter_card":"summary_large_image","twitter_misc":{"Tiempo de lectura":"3 minutos"},"schema":{"@context":"https:\/\/schema.org","@graph":[{"@type":"WebPage","@id":"https:\/\/locsshop.eu\/shop\/moncler-skibriller-ml0130-91x-89-mat-moerkeblaa-fejl\/","url":"https:\/\/locsshop.eu\/shop\/moncler-skibriller-ml0130-91x-89-mat-moerkeblaa-fejl\/","name":"Gafas de esqu\u00ed Moncler - ML0130 91X 89 | Azul oscuro mate - Tiene un peque\u00f1o defecto | Comprar online aqu\u00ed | LOCS","isPartOf":{"@id":"https:\/\/locsshop.eu\/#website"},"primaryImageOfPage":{"@id":"https:\/\/locsshop.eu\/shop\/moncler-skibriller-ml0130-91x-89-mat-moerkeblaa-fejl\/#primaryimage"},"image":{"@id":"https:\/\/locsshop.eu\/shop\/moncler-skibriller-ml0130-91x-89-mat-moerkeblaa-fejl\/#primaryimage"},"thumbnailUrl":"https:\/\/locsshop.eu\/wp-content\/uploads\/2025\/01\/moncler3.jpg","datePublished":"2025-01-27T19:21:34+00:00","dateModified":"2026-03-10T17:43:47+00:00","description":"Comprar gafas de esqu\u00ed Moncler - ML0130 91X 89 | Azul oscuro mate: tiene un peque\u00f1o error aqu\u00ed | La mayor selecci\u00f3n de gafas de sol LOCS de la UE | Realizamos env\u00edos desde la UE - Sin costes de importaci\u00f3n adicionales","breadcrumb":{"@id":"https:\/\/locsshop.eu\/shop\/moncler-skibriller-ml0130-91x-89-mat-moerkeblaa-fejl\/#breadcrumb"},"inLanguage":"es","potentialAction":[{"@type":"ReadAction","target":["https:\/\/locsshop.eu\/shop\/moncler-skibriller-ml0130-91x-89-mat-moerkeblaa-fejl\/"]}]},{"@type":"ImageObject","inLanguage":"es","@id":"https:\/\/locsshop.eu\/shop\/moncler-skibriller-ml0130-91x-89-mat-moerkeblaa-fejl\/#primaryimage","url":"https:\/\/locsshop.eu\/wp-content\/uploads\/2025\/01\/moncler3.jpg","contentUrl":"https:\/\/locsshop.eu\/wp-content\/uploads\/2025\/01\/moncler3.jpg","width":800,"height":800},{"@type":"BreadcrumbList","@id":"https:\/\/locsshop.eu\/shop\/moncler-skibriller-ml0130-91x-89-mat-moerkeblaa-fejl\/#breadcrumb","itemListElement":[{"@type":"ListItem","position":1,"name":"Hjem","item":"https:\/\/locsshop.eu\/"},{"@type":"ListItem","position":2,"name":"Shop","item":"https:\/\/locsshop.eu\/shop\/"},{"@type":"ListItem","position":3,"name":"Moncler skibriller &#8211; ML0130 91X 89 | Mat M\u00f8rkebl\u00e5 &#8211; Har en lille fejl"}]},{"@type":"WebSite","@id":"https:\/\/locsshop.eu\/#website","url":"https:\/\/locsshop.eu\/","name":"Gafas de sol Locs - Proveedor LOCS en la UE","description":"Vendemos Gafas de Sol LOCS baratas","publisher":{"@id":"https:\/\/locsshop.eu\/#organization"},"potentialAction":[{"@type":"SearchAction","target":{"@type":"EntryPoint","urlTemplate":"https:\/\/locsshop.eu\/?s={search_term_string}"},"query-input":{"@type":"PropertyValueSpecification","valueRequired":true,"valueName":"search_term_string"}}],"inLanguage":"es"},{"@type":"Organization","@id":"https:\/\/locsshop.eu\/#organization","name":"Locsshop.eu","url":"https:\/\/locsshop.eu\/","logo":{"@type":"ImageObject","inLanguage":"es","@id":"https:\/\/locsshop.eu\/#\/schema\/logo\/image\/","url":"https:\/\/locsshop.eu\/wp-content\/uploads\/2022\/02\/Locsshop-logo.png","contentUrl":"https:\/\/locsshop.eu\/wp-content\/uploads\/2022\/02\/Locsshop-logo.png","width":930,"height":200,"caption":"Locsshop.eu"},"image":{"@id":"https:\/\/locsshop.eu\/#\/schema\/logo\/image\/"}}]}},"_links":{"self":[{"href":"https:\/\/locsshop.eu\/es\/wp-json\/wp\/v2\/product\/13729","targetHints":{"allow":["GET"]}}],"collection":[{"href":"https:\/\/locsshop.eu\/es\/wp-json\/wp\/v2\/product"}],"about":[{"href":"https:\/\/locsshop.eu\/es\/wp-json\/wp\/v2\/types\/product"}],"replies":[{"embeddable":true,"href":"https:\/\/locsshop.eu\/es\/wp-json\/wp\/v2\/comments?post=13729"}],"wp:featuredmedia":[{"embeddable":true,"href":"https:\/\/locsshop.eu\/es\/wp-json\/wp\/v2\/media\/13723"}],"wp:attachment":[{"href":"https:\/\/locsshop.eu\/es\/wp-json\/wp\/v2\/media?parent=13729"}],"wp:term":[{"taxonomy":"product_brand","embeddable":true,"href":"https:\/\/locsshop.eu\/es\/wp-json\/wp\/v2\/product_brand?post=13729"},{"taxonomy":"product_cat","embeddable":true,"href":"https:\/\/locsshop.eu\/es\/wp-json\/wp\/v2\/product_cat?post=13729"},{"taxonomy":"product_tag","embeddable":true,"href":"https:\/\/locsshop.eu\/es\/wp-json\/wp\/v2\/product_tag?post=13729"}],"curies":[{"name":"gracias","href":"https:\/\/api.w.org\/{rel}","templated":true}]}}