{"id":13769,"date":"2025-01-28T19:08:48","date_gmt":"2025-01-28T18:08:48","guid":{"rendered":"https:\/\/locsshop.eu\/shop\/upcycled-indiske-silke-haremsbukser-model-39\/"},"modified":"2025-04-13T07:08:03","modified_gmt":"2025-04-13T05:08:03","slug":"upcycled-indiske-silke-haremsbukser-model-39","status":"publish","type":"product","link":"https:\/\/locsshop.eu\/es\/shop\/upcycled-indiske-silke-haremsbukser-model-39\/","title":{"rendered":"Pantalones Harem de Seda India Reciclados \u2013 Modelo 33"},"content":{"rendered":"<h2><strong>Pantalones de seda tipo har\u00e9n reciclados: desde saris de boda indios hasta creaciones \u00fanicas<\/strong><\/h2>\n<p>Dale a tu guardarropa un toque de historia, sostenibilidad y lujo con nuestros pantalones har\u00e9n de seda reciclados. Estos hermosos pantalones est\u00e1n cosidos a partir de saris de boda indios reciclados que alguna vez fueron parte de grandes celebraciones. Cada sari transmite una historia de tradici\u00f3n y cultura, lo que hace que cada par de pantalones sea verdaderamente \u00fanico.<\/p>\n<p>La seda suave y liviana tiene una hermosa ca\u00edda para un ajuste elegante pero relajado. Los pantalones est\u00e1n dise\u00f1ados pensando en la comodidad. Como los materiales son reciclados, pueden aparecer peque\u00f1os puntos bonitos o variaciones en el tejido, que simplemente dan testimonio de la vida anterior de los saris y contribuyen a su encanto especial.<\/p>\n<p>Al elegir estos pantalones, no s\u00f3lo invierte en una belleza atemporal, sino tambi\u00e9n en un futuro m\u00e1s sostenible, donde los materiales existentes reciban nueva vida en lugar de desperdiciarse. Cada par es un homenaje a la artesan\u00eda, el reciclaje y la moda lenta de la India.<\/p>\n<p>Haz que tu conjunto sea \u00fanico y significativo con nuestros pantalones har\u00e9n de seda reciclados: una combinaci\u00f3n de historia, elegancia y moda responsable.<\/p>\n<p>&nbsp;<\/p>\n<h3><strong>Tama\u00f1o:<\/strong><\/h3>\n<p><strong>TALLA \u00daNICA<\/strong> (Se adapta a personas que usan talla 36-44) ya que son holgados y el el\u00e1stico de la cintura se puede expandir mucho.<\/p>\n<p>&nbsp;<\/p>\n<h3><strong>Descripci\u00f3n del material:<\/strong><\/h3>\n<p>Como los pantalones est\u00e1n reciclados y fabricados con textiles reciclados, puede haber peque\u00f1os &quot;puntos de belleza\/defectos&quot; en el tejido. Estos dan testimonio de las vidas pasadas de los saris y contribuyen a su singularidad. No los vemos como defectos, sino como parte de la historia y el encanto de la ropa.<\/p>\n<p>Como los saris con los que se fabrican los pantalones se reciclan, no podemos garantizar la composici\u00f3n exacta del material de cada par de pantalones. La mayor\u00eda contiene algo de seda y, a menudo, 100%, pero tambi\u00e9n puede contener fibras sint\u00e9ticas y ser una mezcla. Aunque preferimos evitar los pl\u00e1sticos, seguimos creyendo que los saris reciclados son una opci\u00f3n sostenible ya que la tela recibe nueva vida en lugar de desperdiciarse.<\/p>\n<p>No tenemos la oportunidad de hacer un an\u00e1lisis completo del material de cada par de pantalones. Las etiquetas que se encuentran dentro de la ropa no siempre son exactas. Por lo tanto, es importante que comprenda esto y que lo acepte al comprar en nuestra tienda web.<\/p>\n<p><img loading=\"lazy\" decoding=\"async\" class=\"wp-image-14921 alignnone\" src=\"https:\/\/bazarsalg.dk\/wp-content\/uploads\/Tree-of-hands-Bagside-Hangtag.jpg\" alt=\"\" width=\"319\" height=\"478\" data-wp-editing=\"1\" \/> <img loading=\"lazy\" decoding=\"async\" class=\"wp-image-14922 alignnone\" src=\"https:\/\/bazarsalg.dk\/wp-content\/uploads\/Tree-of-hands-Forside-Hangtag.jpg\" alt=\"\" width=\"319\" height=\"478\" \/><\/p>\n<h3><strong>\u00bfQu\u00e9 son la ropa y los bolsos de seda reciclados de TREE OF HANDS?<\/strong><\/h3>\n<div>El reciclaje consiste en dar nueva vida a materiales que de otro modo se desechar\u00edan, y se trata de crear algo valioso y atemporal. Nuestra colecci\u00f3n de ropa de seda reciclada utiliza saris que se han utilizado anteriormente para bodas indias. Estos saris est\u00e1n hechos de seda lujosa y, a menudo, est\u00e1n decorados con bordados intrincados y detalles que reflejan la cultura y la artesan\u00eda india. Al transformar estos saris en prendas modernas, no s\u00f3lo preservamos los hermosos materiales y la artesan\u00eda, sino que tambi\u00e9n les damos una nueva funci\u00f3n y estilo de vida.<\/div>\n<div><\/div>\n<div><strong>Sostenibilidad y tradici\u00f3n en uno<\/strong><\/div>\n<div>Cada sari tiene su propia paleta de colores, bordados e historia \u00fanicos. Al reciclar estos saris, tenemos la oportunidad de preservar la artesan\u00eda original y, al mismo tiempo, crear prendas hermosas y sostenibles. Esto significa que puedes usar una pieza de la tradici\u00f3n india y al mismo tiempo aportar tu granito de arena al medio ambiente apoyando la reutilizaci\u00f3n y el reciclaje.<\/div>\n<div><\/div>\n<div><strong>\u00bfQu\u00e9 puedes esperar?<\/strong><\/div>\n<div>Cuando compras ropa y bolsos de seda reciclados en <strong>\u00c1RBOL DE MANOS<\/strong>, no solo obtienes una prenda hermosa y exclusiva: obtienes una parte de la historia cultural. La ropa de TREE OF HANDS es cosida por expertos artesanos que seleccionan cuidadosamente y transforman viejos saris de boda en elegantes vestidos, pantalones y bolsos. Cada prenda es \u00fanica y puedes estar seguro de que obtendr\u00e1s una prenda hermosa y sostenible.<\/div>\n<div><\/div>\n<div><strong>Ventajas de la ropa de seda reciclada:<\/strong><\/div>\n<div>Dise\u00f1os \u00danicos: Cada creaci\u00f3n es \u00fanica y nunca encontrar\u00e1s la misma combinaci\u00f3n de colores y patrones.<\/div>\n<div>Sostenibilidad: Al elegir ropa de seda reciclada, contribuyes a reducir los residuos y apoyas elecciones de moda respetuosas con el medio ambiente.<\/div>\n<div>Artesan\u00eda y tradici\u00f3n: experimente la rica artesan\u00eda india y los detalles que le dan a cada prenda un encanto e historia especiales.<\/div>\n<div>\n<p>Exclusividad: Como cada sari es \u00fanico, obtienes ropa y bolsos que no se pueden encontrar en ning\u00fan otro lugar, perfectos para quienes quieren destacar con algo especial.<\/p>\n<p><strong>Crea tu propia apariencia \u00fanica<\/strong><\/p>\n<\/div>\n<div>La ropa y los bolsos de seda reciclados son para aquellos que quieren usar algo hermoso y significativo. Independientemente de si buscas un vestido espectacular para una ocasi\u00f3n especial o un conjunto elegante para el d\u00eda a d\u00eda, nuestra ropa de seda reciclada te dar\u00e1 una soluci\u00f3n bonita, exclusiva y sostenible. Al elegir una pieza de la colecci\u00f3n TREE OF HANDS, no solo obtienes una hermosa prenda de vestir o un bolso, sino tambi\u00e9n un pedazo de cultura e historia en el camino.<\/div>\n<div><\/div>\n<h3><strong>La historia del sari<\/strong><\/h3>\n<p>Uno <strong>sari<\/strong> Juega un papel central en una boda india y simboliza tradici\u00f3n, elegancia y cultura. Es m\u00e1s que una simple prenda de vestir: conlleva significados hist\u00f3ricos, sociales y rituales, seg\u00fan la regi\u00f3n y la familia.<\/p>\n<h3><strong>La novia y su sari<\/strong><\/h3>\n<p>La novia suele llevar un suntuoso sari, normalmente en colores rojo o dorado intenso, ya que el rojo simboliza el amor, la suerte y la fertilidad. El sari suele estar hecho de materiales lujosos como la seda y decorado con bordados, perlas o hilos de oro. En muchas regiones, la novia recibe el sari como parte del suyo. <em>ajuar<\/em> (dote) de su familia y la usa durante los rituales nupciales m\u00e1s importantes.<\/p>\n<h3><strong>Sari de invitados<\/strong><\/h3>\n<p>Las mujeres que asisten a la boda visten saris coloridos y ornamentados para celebrar el evento. La elecci\u00f3n del color y el patr\u00f3n puede reflejar el estado familiar, la afiliaci\u00f3n o las preferencias personales. Los familiares de la novia o el novio pueden coordinar sus atuendos para mostrar uni\u00f3n.<\/p>\n<h3><strong>El papel del sari en los rituales<\/strong><\/h3>\n<ul>\n<li>Durante ciertos rituales de boda como <em>Kanyadaan<\/em> (donde los padres de la novia la regalan simb\u00f3licamente), se puede usar un sari para conectar la ropa de la novia y el novio, representando su nueva vida juntos.<\/li>\n<li>En algunas tradiciones, la novia recibe un sari especial de la familia del novio como parte de la ceremonia nupcial, lo que marca su transici\u00f3n a la nueva familia.<\/li>\n<li>Despu\u00e9s de la boda, muchas novias guardan su sari nupcial como un recuerdo preciado o lo reutilizan para ocasiones especiales.<\/li>\n<\/ul>\n<p>Por lo tanto, el sari no es s\u00f3lo una prenda hermosa, sino tambi\u00e9n una parte importante del significado ritual y emocional de una boda india.<\/p>\n<p><img loading=\"lazy\" decoding=\"async\" class=\"size-full wp-image-14907 aligncenter\" src=\"https:\/\/bazarsalg.dk\/wp-content\/uploads\/wedding-7333870_640.png\" alt=\"\" width=\"640\" height=\"378\" \/><br \/>\n<strong>\u00a0<\/strong><\/p>\n<p>&nbsp;<\/p>\n<p><strong>\u00a0<\/strong><\/p>\n<table style=\"width: 100%;border-collapse: collapse;border-style: hidden;margin-left: auto;margin-right: auto\" border=\"1\" cellspacing=\"50\" cellpadding=\"20\">\n<caption>\u00a0<\/caption>\n<caption>\u00a0<\/caption>\n<tbody>\n<tr>\n<td style=\"width: 25%;text-align: center\"><img loading=\"lazy\" decoding=\"async\" class=\"alignnone size-full wp-image-14904\" src=\"https:\/\/bazarsalg.dk\/wp-content\/uploads\/india.png\" alt=\"\" width=\"80\" height=\"80\" \/><\/td>\n<td style=\"width: 25%;text-align: center\"><img loading=\"lazy\" decoding=\"async\" class=\"alignnone size-full wp-image-14903\" src=\"https:\/\/bazarsalg.dk\/wp-content\/uploads\/genbrug-logo-80x80-1.png\" alt=\"\" width=\"80\" height=\"80\" \/><\/td>\n<td style=\"width: 25%;text-align: center\"><img loading=\"lazy\" decoding=\"async\" class=\"alignnone size-full wp-image-14908\" src=\"https:\/\/bazarsalg.dk\/wp-content\/uploads\/quality.png\" alt=\"\" width=\"80\" height=\"80\" \/><\/td>\n<\/tr>\n<tr>\n<td style=\"width: 25%;text-align: center\"><strong><span style=\"color: #333333\"><span style=\"color: #333333\">Hecho en la India<\/span><\/span><\/strong><\/p>\n<p>Nuestra ropa y bolsos de seda se producen en la India.<\/td>\n<td style=\"width: 25%;text-align: center\"><strong><span style=\"color: #333333\"><span style=\"color: #333333\">Reciclaje<\/span><\/span><\/strong><\/p>\n<p><span style=\"color: #333333\">Al comprar ropa reciclada, apoyas el reciclaje y marcas la diferencia en el medio ambiente y nuestro planeta.<\/span><\/td>\n<td style=\"width: 25%;text-align: center\"><strong><span style=\"color: #333333\"><span style=\"color: #333333\">Producido a partir de seda real.<\/span><\/span><\/strong><\/p>\n<p><span style=\"color: #333333\">Hay hasta 100% de seda aut\u00e9ntica en nuestra ropa y bolsos. Sin embargo, el porcentaje no se puede determinar.<\/span><\/td>\n<\/tr>\n<\/tbody>\n<\/table>","protected":false},"excerpt":{"rendered":"<p><strong>PANTALONES \u00daNICOS - SOLO 1 UD. EN STOCK<\/strong><\/p>\n<p>TALLA \u00daNICA \u2013 Se adapta a la talla 36-44 aproximadamente.<\/p>\n<ul>\n<li><strong>100% textiles reciclados.\ud83c\udf43<\/strong><\/li>\n<li><strong>Pantalones Aladdin \/ Pantalones Harem.<\/strong><\/li>\n<li><strong>El\u00e1stico en tobillos y cintura.<\/strong><\/li>\n<li><strong>Tanto para hombres como para mujeres<\/strong><\/li>\n<\/ul>","protected":false},"featured_media":13767,"comment_status":"open","ping_status":"closed","template":"","meta":{"om_disable_all_campaigns":false,"_monsterinsights_skip_tracking":false,"_monsterinsights_sitenote_active":false,"_monsterinsights_sitenote_note":"","_monsterinsights_sitenote_category":0},"product_brand":[],"product_cat":[1592,1550,1583],"product_tag":[1588,778,1589,1590,1585,1591,1587],"class_list":{"0":"post-13769","1":"product","2":"type-product","3":"status-publish","4":"has-post-thumbnail","6":"product_cat-harem-silkebukser","7":"product_cat-toej-accessories","8":"product_cat-upcycled-silketoej","9":"product_tag-aladdin","10":"product_tag-bukser","11":"product_tag-harem","12":"product_tag-haremsbukser","13":"product_tag-indien","14":"product_tag-silke","15":"product_tag-silkebukser","17":"first","18":"instock","19":"sale","20":"shipping-taxable","21":"purchasable","22":"product-type-simple"},"yoast_head":"<!-- This site is optimized with the Yoast SEO plugin v27.5 - https:\/\/yoast.com\/product\/yoast-seo-wordpress\/ -->\n<title>Upcycled indiske Silke Haremsbukser - Model 39 | K\u00f8b online her | LOCS<\/title>\n<meta name=\"description\" content=\"K\u00f8b Upcycled indiske Silke Haremsbukser - Model 39 her | EU&#039;s st\u00f8rste udvalg af LOCS solbriller | Vi sender fra EU - Ingen ekstra import udgifter\" \/>\n<meta name=\"robots\" content=\"index, follow, max-snippet:-1, max-image-preview:large, max-video-preview:-1\" \/>\n<link rel=\"canonical\" href=\"https:\/\/locsshop.eu\/es\/shop\/upcycled-indiske-silke-haremsbukser-model-39\/\" \/>\n<meta property=\"og:locale\" content=\"es_ES\" \/>\n<meta property=\"og:type\" content=\"article\" \/>\n<meta property=\"og:title\" content=\"Upcycled indiske Silke Haremsbukser - Model 39 | K\u00f8b online her | LOCS\" \/>\n<meta property=\"og:description\" content=\"K\u00f8b Upcycled indiske Silke Haremsbukser - Model 39 her | EU&#039;s st\u00f8rste udvalg af LOCS solbriller | Vi sender fra EU - Ingen ekstra import udgifter\" \/>\n<meta property=\"og:url\" content=\"https:\/\/locsshop.eu\/es\/shop\/upcycled-indiske-silke-haremsbukser-model-39\/\" \/>\n<meta property=\"og:site_name\" content=\"Locs Sunglasses - LOCS Supplier in EU\" \/>\n<meta property=\"article:modified_time\" content=\"2025-04-13T05:08:03+00:00\" \/>\n<meta property=\"og:image\" content=\"https:\/\/locsshop.eu\/wp-content\/uploads\/2025\/01\/39.jpg\" \/>\n\t<meta property=\"og:image:width\" content=\"800\" \/>\n\t<meta property=\"og:image:height\" content=\"800\" \/>\n\t<meta property=\"og:image:type\" content=\"image\/jpeg\" \/>\n<meta name=\"twitter:card\" content=\"summary_large_image\" \/>\n<meta name=\"twitter:label1\" content=\"Tiempo de lectura\" \/>\n\t<meta name=\"twitter:data1\" content=\"6 minutos\" \/>\n<script type=\"application\/ld+json\" class=\"yoast-schema-graph\">{\"@context\":\"https:\\\/\\\/schema.org\",\"@graph\":[{\"@type\":\"WebPage\",\"@id\":\"https:\\\/\\\/locsshop.eu\\\/shop\\\/upcycled-indiske-silke-haremsbukser-model-39\\\/\",\"url\":\"https:\\\/\\\/locsshop.eu\\\/shop\\\/upcycled-indiske-silke-haremsbukser-model-39\\\/\",\"name\":\"Upcycled indiske Silke Haremsbukser - Model 39 | K\u00f8b online her | LOCS\",\"isPartOf\":{\"@id\":\"https:\\\/\\\/locsshop.eu\\\/#website\"},\"primaryImageOfPage\":{\"@id\":\"https:\\\/\\\/locsshop.eu\\\/shop\\\/upcycled-indiske-silke-haremsbukser-model-39\\\/#primaryimage\"},\"image\":{\"@id\":\"https:\\\/\\\/locsshop.eu\\\/shop\\\/upcycled-indiske-silke-haremsbukser-model-39\\\/#primaryimage\"},\"thumbnailUrl\":\"https:\\\/\\\/locsshop.eu\\\/wp-content\\\/uploads\\\/2025\\\/01\\\/39.jpg\",\"datePublished\":\"2025-01-28T18:08:48+00:00\",\"dateModified\":\"2025-04-13T05:08:03+00:00\",\"description\":\"K\u00f8b Upcycled indiske Silke Haremsbukser - Model 39 her | EU's st\u00f8rste udvalg af LOCS solbriller | Vi sender fra EU - Ingen ekstra import udgifter\",\"breadcrumb\":{\"@id\":\"https:\\\/\\\/locsshop.eu\\\/shop\\\/upcycled-indiske-silke-haremsbukser-model-39\\\/#breadcrumb\"},\"inLanguage\":\"es\",\"potentialAction\":[{\"@type\":\"ReadAction\",\"target\":[\"https:\\\/\\\/locsshop.eu\\\/shop\\\/upcycled-indiske-silke-haremsbukser-model-39\\\/\"]}]},{\"@type\":\"ImageObject\",\"inLanguage\":\"es\",\"@id\":\"https:\\\/\\\/locsshop.eu\\\/shop\\\/upcycled-indiske-silke-haremsbukser-model-39\\\/#primaryimage\",\"url\":\"https:\\\/\\\/locsshop.eu\\\/wp-content\\\/uploads\\\/2025\\\/01\\\/39.jpg\",\"contentUrl\":\"https:\\\/\\\/locsshop.eu\\\/wp-content\\\/uploads\\\/2025\\\/01\\\/39.jpg\",\"width\":800,\"height\":800},{\"@type\":\"BreadcrumbList\",\"@id\":\"https:\\\/\\\/locsshop.eu\\\/shop\\\/upcycled-indiske-silke-haremsbukser-model-39\\\/#breadcrumb\",\"itemListElement\":[{\"@type\":\"ListItem\",\"position\":1,\"name\":\"Hjem\",\"item\":\"https:\\\/\\\/locsshop.eu\\\/\"},{\"@type\":\"ListItem\",\"position\":2,\"name\":\"Shop\",\"item\":\"https:\\\/\\\/locsshop.eu\\\/shop\\\/\"},{\"@type\":\"ListItem\",\"position\":3,\"name\":\"Upcycled indiske Silke Haremsbukser &#8211; Model 39\"}]},{\"@type\":\"WebSite\",\"@id\":\"https:\\\/\\\/locsshop.eu\\\/#website\",\"url\":\"https:\\\/\\\/locsshop.eu\\\/\",\"name\":\"Locs Sunglasses - LOCS Supplier in EU\",\"description\":\"We sell cheap LOCS Sunglasses\",\"publisher\":{\"@id\":\"https:\\\/\\\/locsshop.eu\\\/#organization\"},\"potentialAction\":[{\"@type\":\"SearchAction\",\"target\":{\"@type\":\"EntryPoint\",\"urlTemplate\":\"https:\\\/\\\/locsshop.eu\\\/?s={search_term_string}\"},\"query-input\":{\"@type\":\"PropertyValueSpecification\",\"valueRequired\":true,\"valueName\":\"search_term_string\"}}],\"inLanguage\":\"es\"},{\"@type\":\"Organization\",\"@id\":\"https:\\\/\\\/locsshop.eu\\\/#organization\",\"name\":\"Locsshop.eu\",\"url\":\"https:\\\/\\\/locsshop.eu\\\/\",\"logo\":{\"@type\":\"ImageObject\",\"inLanguage\":\"es\",\"@id\":\"https:\\\/\\\/locsshop.eu\\\/#\\\/schema\\\/logo\\\/image\\\/\",\"url\":\"https:\\\/\\\/locsshop.eu\\\/wp-content\\\/uploads\\\/2022\\\/02\\\/Locsshop-logo.png\",\"contentUrl\":\"https:\\\/\\\/locsshop.eu\\\/wp-content\\\/uploads\\\/2022\\\/02\\\/Locsshop-logo.png\",\"width\":930,\"height\":200,\"caption\":\"Locsshop.eu\"},\"image\":{\"@id\":\"https:\\\/\\\/locsshop.eu\\\/#\\\/schema\\\/logo\\\/image\\\/\"}}]}<\/script>\n<!-- \/ Yoast SEO plugin. -->","yoast_head_json":{"title":"Pantalones Harem de Seda India Reciclados - Modelo 33 | Compre en l\u00ednea aqu\u00ed | LOC","description":"Compre pantalones har\u00e9n de seda india reciclados - Modelo 33 aqu\u00ed | La mayor selecci\u00f3n de gafas de sol LOCS de la UE | Enviamos desde la UE: sin costes de importaci\u00f3n adicionales","robots":{"index":"index","follow":"follow","max-snippet":"max-snippet:-1","max-image-preview":"max-image-preview:large","max-video-preview":"max-video-preview:-1"},"canonical":"https:\/\/locsshop.eu\/es\/shop\/upcycled-indiske-silke-haremsbukser-model-39\/","og_locale":"es_ES","og_type":"article","og_title":"Upcycled indiske Silke Haremsbukser - Model 39 | K\u00f8b online her | LOCS","og_description":"K\u00f8b Upcycled indiske Silke Haremsbukser - Model 39 her | EU's st\u00f8rste udvalg af LOCS solbriller | Vi sender fra EU - Ingen ekstra import udgifter","og_url":"https:\/\/locsshop.eu\/es\/shop\/upcycled-indiske-silke-haremsbukser-model-39\/","og_site_name":"Locs Sunglasses - LOCS Supplier in EU","article_modified_time":"2025-04-13T05:08:03+00:00","og_image":[{"width":800,"height":800,"url":"https:\/\/locsshop.eu\/wp-content\/uploads\/2025\/01\/39.jpg","type":"image\/jpeg"}],"twitter_card":"summary_large_image","twitter_misc":{"Tiempo de lectura":"6 minutos"},"schema":{"@context":"https:\/\/schema.org","@graph":[{"@type":"WebPage","@id":"https:\/\/locsshop.eu\/shop\/upcycled-indiske-silke-haremsbukser-model-39\/","url":"https:\/\/locsshop.eu\/shop\/upcycled-indiske-silke-haremsbukser-model-39\/","name":"Pantalones Harem de Seda India Reciclados - Modelo 33 | Compre en l\u00ednea aqu\u00ed | LOC","isPartOf":{"@id":"https:\/\/locsshop.eu\/#website"},"primaryImageOfPage":{"@id":"https:\/\/locsshop.eu\/shop\/upcycled-indiske-silke-haremsbukser-model-39\/#primaryimage"},"image":{"@id":"https:\/\/locsshop.eu\/shop\/upcycled-indiske-silke-haremsbukser-model-39\/#primaryimage"},"thumbnailUrl":"https:\/\/locsshop.eu\/wp-content\/uploads\/2025\/01\/39.jpg","datePublished":"2025-01-28T18:08:48+00:00","dateModified":"2025-04-13T05:08:03+00:00","description":"Compre pantalones har\u00e9n de seda india reciclados - Modelo 33 aqu\u00ed | La mayor selecci\u00f3n de gafas de sol LOCS de la UE | Enviamos desde la UE: sin costes de importaci\u00f3n adicionales","breadcrumb":{"@id":"https:\/\/locsshop.eu\/shop\/upcycled-indiske-silke-haremsbukser-model-39\/#breadcrumb"},"inLanguage":"es","potentialAction":[{"@type":"ReadAction","target":["https:\/\/locsshop.eu\/shop\/upcycled-indiske-silke-haremsbukser-model-39\/"]}]},{"@type":"ImageObject","inLanguage":"es","@id":"https:\/\/locsshop.eu\/shop\/upcycled-indiske-silke-haremsbukser-model-39\/#primaryimage","url":"https:\/\/locsshop.eu\/wp-content\/uploads\/2025\/01\/39.jpg","contentUrl":"https:\/\/locsshop.eu\/wp-content\/uploads\/2025\/01\/39.jpg","width":800,"height":800},{"@type":"BreadcrumbList","@id":"https:\/\/locsshop.eu\/shop\/upcycled-indiske-silke-haremsbukser-model-39\/#breadcrumb","itemListElement":[{"@type":"ListItem","position":1,"name":"Hjem","item":"https:\/\/locsshop.eu\/"},{"@type":"ListItem","position":2,"name":"Shop","item":"https:\/\/locsshop.eu\/shop\/"},{"@type":"ListItem","position":3,"name":"Upcycled indiske Silke Haremsbukser &#8211; Model 39"}]},{"@type":"WebSite","@id":"https:\/\/locsshop.eu\/#website","url":"https:\/\/locsshop.eu\/","name":"Gafas de sol Locs - Proveedor LOCS en la UE","description":"Vendemos Gafas de Sol LOCS baratas","publisher":{"@id":"https:\/\/locsshop.eu\/#organization"},"potentialAction":[{"@type":"SearchAction","target":{"@type":"EntryPoint","urlTemplate":"https:\/\/locsshop.eu\/?s={search_term_string}"},"query-input":{"@type":"PropertyValueSpecification","valueRequired":true,"valueName":"search_term_string"}}],"inLanguage":"es"},{"@type":"Organization","@id":"https:\/\/locsshop.eu\/#organization","name":"Locsshop.eu","url":"https:\/\/locsshop.eu\/","logo":{"@type":"ImageObject","inLanguage":"es","@id":"https:\/\/locsshop.eu\/#\/schema\/logo\/image\/","url":"https:\/\/locsshop.eu\/wp-content\/uploads\/2022\/02\/Locsshop-logo.png","contentUrl":"https:\/\/locsshop.eu\/wp-content\/uploads\/2022\/02\/Locsshop-logo.png","width":930,"height":200,"caption":"Locsshop.eu"},"image":{"@id":"https:\/\/locsshop.eu\/#\/schema\/logo\/image\/"}}]}},"_links":{"self":[{"href":"https:\/\/locsshop.eu\/es\/wp-json\/wp\/v2\/product\/13769","targetHints":{"allow":["GET"]}}],"collection":[{"href":"https:\/\/locsshop.eu\/es\/wp-json\/wp\/v2\/product"}],"about":[{"href":"https:\/\/locsshop.eu\/es\/wp-json\/wp\/v2\/types\/product"}],"replies":[{"embeddable":true,"href":"https:\/\/locsshop.eu\/es\/wp-json\/wp\/v2\/comments?post=13769"}],"wp:featuredmedia":[{"embeddable":true,"href":"https:\/\/locsshop.eu\/es\/wp-json\/wp\/v2\/media\/13767"}],"wp:attachment":[{"href":"https:\/\/locsshop.eu\/es\/wp-json\/wp\/v2\/media?parent=13769"}],"wp:term":[{"taxonomy":"product_brand","embeddable":true,"href":"https:\/\/locsshop.eu\/es\/wp-json\/wp\/v2\/product_brand?post=13769"},{"taxonomy":"product_cat","embeddable":true,"href":"https:\/\/locsshop.eu\/es\/wp-json\/wp\/v2\/product_cat?post=13769"},{"taxonomy":"product_tag","embeddable":true,"href":"https:\/\/locsshop.eu\/es\/wp-json\/wp\/v2\/product_tag?post=13769"}],"curies":[{"name":"gracias","href":"https:\/\/api.w.org\/{rel}","templated":true}]}}