{"id":14042,"date":"2025-06-05T01:02:41","date_gmt":"2025-06-04T23:02:41","guid":{"rendered":"https:\/\/locsshop.eu\/shop\/lilla-transparente-fit-over-solbriller-med-diamanter-moerke-glas\/"},"modified":"2026-03-06T14:25:15","modified_gmt":"2026-03-06T13:25:15","slug":"lilla-transparente-fit-over-solbriller-med-diamanter-moerke-glas","status":"publish","type":"product","link":"https:\/\/locsshop.eu\/es\/shop\/lilla-transparente-fit-over-solbriller-med-diamanter-moerke-glas\/","title":{"rendered":"Gafas de sol superpuestas transparentes de color morado con diamantes \u2013 Lentes oscuras"},"content":{"rendered":"<h2>Gafas de sol morados que puedes usar sobre tus gafas habituales<\/h2>\n<p>Si usa anteojos y quiere anteojos de sol que pueda usar adem\u00e1s de sus anteojos, debe comprar un par de anteojos de sol ajustables.<br \/>\nEstos tienen lentes oscuros c\u00f3modos y ranuras para ventilaci\u00f3n para que sus anteojos no se empa\u00f1en.<br \/>\nEn los extremos de los postes hay un bonito revestimiento de goma para que se asienten mejor y sean m\u00e1s suaves al desgaste.<br \/>\nAl mismo tiempo, tambi\u00e9n tiene agujeros para que pueda sujetar una cuerda, por supuesto, tambi\u00e9n puede comprar nuestras cuerdas para gafas inteligentes.<\/p>\n<p><strong>Las monturas sobre las gafas est\u00e1n dise\u00f1adas para que puedas llevarlas encima de tus gafas normales.<br \/>\nUse las medidas a continuaci\u00f3n y vea si se ajustan a sus anteojos<\/strong><\/p>\n<p>Ancho interior: 13,7 cm.<br \/>\nAltura interior: 4,3 cm.<br \/>\nLongitud de la varilla: 15,5 cm.<\/p>\n<p>Material marco: pl\u00e1stico<br \/>\nProtecci\u00f3n UV400<\/p>\n<h3><strong>Las gafas de sol son polarizadas.<br \/>\n<img loading=\"lazy\" decoding=\"async\" class=\"alignnone size-full wp-image-11712\" src=\"https:\/\/bazarsalg.dk\/wp-content\/uploads\/polarized-logo.jpg\" alt=\"\" width=\"200\" height=\"108\" \/><br \/>\n<\/strong><\/h3>\n<p><em>Las gafas de sol polarizadas son un tipo popular de gafas de sol dise\u00f1adas para reducir el resplandor de las superficies reflectantes, como el agua, la nieve o las superficies de las carreteras. Esto se logra utilizando una pel\u00edcula polarizadora que bloquea las ondas de luz que viajan en un eje espec\u00edfico. Esto reduce los reflejos y proporciona una vista m\u00e1s clara y detallada, especialmente a plena luz del sol. Es una buena idea elegir gafas de sol polarizadas si pasa mucho tiempo al aire libre, especialmente cerca del agua o en actividades como el esqu\u00ed o el ciclismo.<\/em><\/p>","protected":false},"excerpt":{"rendered":"<ul>\n<li>Usado afuera en su general. lentes<\/li>\n<li>Superficie brillante<\/li>\n<li>Ranuras de ventilaci\u00f3n<\/li>\n<li>La prueba de la decoraci\u00f3n.<\/li>\n<li>Revestimiento de goma en el extremo de las varillas.<\/li>\n<li>Lentes polarizadas para una visibilidad \u00f3ptima<\/li>\n<\/ul>","protected":false},"featured_media":14041,"comment_status":"open","ping_status":"closed","template":"","meta":{"om_disable_all_campaigns":false,"_monsterinsights_skip_tracking":false,"_monsterinsights_sitenote_active":false,"_monsterinsights_sitenote_note":"","_monsterinsights_sitenote_category":0},"product_brand":[],"product_cat":[1026,1029,1025,1032],"product_tag":[445,1297,1298,447,870],"class_list":{"0":"post-14042","1":"product","2":"type-product","3":"status-publish","4":"has-post-thumbnail","6":"product_cat-dame-solbriller","7":"product_cat-herre-solbriller","8":"product_cat-billige-solbriller","9":"product_cat-fit-over-solbriller","10":"product_tag-fit","11":"product_tag-fit-over","12":"product_tag-k2011","13":"product_tag-over","14":"product_tag-p693","16":"first","17":"instock","18":"shipping-taxable","19":"purchasable","20":"product-type-simple"},"yoast_head":"<!-- This site is optimized with the Yoast SEO plugin v27.5 - https:\/\/yoast.com\/product\/yoast-seo-wordpress\/ -->\n<title>Lilla transparente Fit-Over Solbriller med &quot;diamanter&quot; - M\u00f8rke glas | K\u00f8b online her | LOCS<\/title>\n<meta name=\"description\" content=\"K\u00f8b Lilla transparente Fit-Over Solbriller med &quot;diamanter&quot; - M\u00f8rke glas her | EU&#039;s st\u00f8rste udvalg af LOCS solbriller | Vi sender fra EU - Ingen ekstra import udgifter\" \/>\n<meta name=\"robots\" content=\"index, follow, max-snippet:-1, max-image-preview:large, max-video-preview:-1\" \/>\n<link rel=\"canonical\" href=\"https:\/\/locsshop.eu\/es\/shop\/lilla-transparente-fit-over-solbriller-med-diamanter-moerke-glas\/\" \/>\n<meta property=\"og:locale\" content=\"es_ES\" \/>\n<meta property=\"og:type\" content=\"article\" \/>\n<meta property=\"og:title\" content=\"Lilla transparente Fit-Over Solbriller med &quot;diamanter&quot; - M\u00f8rke glas | K\u00f8b online her | LOCS\" \/>\n<meta property=\"og:description\" content=\"K\u00f8b Lilla transparente Fit-Over Solbriller med &quot;diamanter&quot; - M\u00f8rke glas her | EU&#039;s st\u00f8rste udvalg af LOCS solbriller | Vi sender fra EU - Ingen ekstra import udgifter\" \/>\n<meta property=\"og:url\" content=\"https:\/\/locsshop.eu\/es\/shop\/lilla-transparente-fit-over-solbriller-med-diamanter-moerke-glas\/\" \/>\n<meta property=\"og:site_name\" content=\"Locs Sunglasses - LOCS Supplier in EU\" \/>\n<meta property=\"article:modified_time\" content=\"2026-03-06T13:25:15+00:00\" \/>\n<meta property=\"og:image\" content=\"https:\/\/locsshop.eu\/wp-content\/uploads\/2025\/06\/2011PE-polarized-new-1.jpg\" \/>\n\t<meta property=\"og:image:width\" content=\"800\" \/>\n\t<meta property=\"og:image:height\" content=\"800\" \/>\n\t<meta property=\"og:image:type\" content=\"image\/jpeg\" \/>\n<meta name=\"twitter:card\" content=\"summary_large_image\" \/>\n<meta name=\"twitter:label1\" content=\"Tiempo de lectura\" \/>\n\t<meta name=\"twitter:data1\" content=\"1 minuto\" \/>\n<script type=\"application\/ld+json\" class=\"yoast-schema-graph\">{\"@context\":\"https:\\\/\\\/schema.org\",\"@graph\":[{\"@type\":\"WebPage\",\"@id\":\"https:\\\/\\\/locsshop.eu\\\/shop\\\/lilla-transparente-fit-over-solbriller-med-diamanter-moerke-glas\\\/\",\"url\":\"https:\\\/\\\/locsshop.eu\\\/shop\\\/lilla-transparente-fit-over-solbriller-med-diamanter-moerke-glas\\\/\",\"name\":\"Lilla transparente Fit-Over Solbriller med \\\"diamanter\\\" - M\u00f8rke glas | K\u00f8b online her | LOCS\",\"isPartOf\":{\"@id\":\"https:\\\/\\\/locsshop.eu\\\/#website\"},\"primaryImageOfPage\":{\"@id\":\"https:\\\/\\\/locsshop.eu\\\/shop\\\/lilla-transparente-fit-over-solbriller-med-diamanter-moerke-glas\\\/#primaryimage\"},\"image\":{\"@id\":\"https:\\\/\\\/locsshop.eu\\\/shop\\\/lilla-transparente-fit-over-solbriller-med-diamanter-moerke-glas\\\/#primaryimage\"},\"thumbnailUrl\":\"https:\\\/\\\/locsshop.eu\\\/wp-content\\\/uploads\\\/2025\\\/06\\\/2011PE-polarized-new-1.jpg\",\"datePublished\":\"2025-06-04T23:02:41+00:00\",\"dateModified\":\"2026-03-06T13:25:15+00:00\",\"description\":\"K\u00f8b Lilla transparente Fit-Over Solbriller med \\\"diamanter\\\" - M\u00f8rke glas her | EU's st\u00f8rste udvalg af LOCS solbriller | Vi sender fra EU - Ingen ekstra import udgifter\",\"breadcrumb\":{\"@id\":\"https:\\\/\\\/locsshop.eu\\\/shop\\\/lilla-transparente-fit-over-solbriller-med-diamanter-moerke-glas\\\/#breadcrumb\"},\"inLanguage\":\"es\",\"potentialAction\":[{\"@type\":\"ReadAction\",\"target\":[\"https:\\\/\\\/locsshop.eu\\\/shop\\\/lilla-transparente-fit-over-solbriller-med-diamanter-moerke-glas\\\/\"]}]},{\"@type\":\"ImageObject\",\"inLanguage\":\"es\",\"@id\":\"https:\\\/\\\/locsshop.eu\\\/shop\\\/lilla-transparente-fit-over-solbriller-med-diamanter-moerke-glas\\\/#primaryimage\",\"url\":\"https:\\\/\\\/locsshop.eu\\\/wp-content\\\/uploads\\\/2025\\\/06\\\/2011PE-polarized-new-1.jpg\",\"contentUrl\":\"https:\\\/\\\/locsshop.eu\\\/wp-content\\\/uploads\\\/2025\\\/06\\\/2011PE-polarized-new-1.jpg\",\"width\":800,\"height\":800},{\"@type\":\"BreadcrumbList\",\"@id\":\"https:\\\/\\\/locsshop.eu\\\/shop\\\/lilla-transparente-fit-over-solbriller-med-diamanter-moerke-glas\\\/#breadcrumb\",\"itemListElement\":[{\"@type\":\"ListItem\",\"position\":1,\"name\":\"Hjem\",\"item\":\"https:\\\/\\\/locsshop.eu\\\/\"},{\"@type\":\"ListItem\",\"position\":2,\"name\":\"Shop\",\"item\":\"https:\\\/\\\/locsshop.eu\\\/shop\\\/\"},{\"@type\":\"ListItem\",\"position\":3,\"name\":\"Lilla transparente Fit-Over Solbriller med &#8220;diamanter&#8221; &#8211; M\u00f8rke glas\"}]},{\"@type\":\"WebSite\",\"@id\":\"https:\\\/\\\/locsshop.eu\\\/#website\",\"url\":\"https:\\\/\\\/locsshop.eu\\\/\",\"name\":\"Locs Sunglasses - LOCS Supplier in EU\",\"description\":\"We sell cheap LOCS Sunglasses\",\"publisher\":{\"@id\":\"https:\\\/\\\/locsshop.eu\\\/#organization\"},\"potentialAction\":[{\"@type\":\"SearchAction\",\"target\":{\"@type\":\"EntryPoint\",\"urlTemplate\":\"https:\\\/\\\/locsshop.eu\\\/?s={search_term_string}\"},\"query-input\":{\"@type\":\"PropertyValueSpecification\",\"valueRequired\":true,\"valueName\":\"search_term_string\"}}],\"inLanguage\":\"es\"},{\"@type\":\"Organization\",\"@id\":\"https:\\\/\\\/locsshop.eu\\\/#organization\",\"name\":\"Locsshop.eu\",\"url\":\"https:\\\/\\\/locsshop.eu\\\/\",\"logo\":{\"@type\":\"ImageObject\",\"inLanguage\":\"es\",\"@id\":\"https:\\\/\\\/locsshop.eu\\\/#\\\/schema\\\/logo\\\/image\\\/\",\"url\":\"https:\\\/\\\/locsshop.eu\\\/wp-content\\\/uploads\\\/2022\\\/02\\\/Locsshop-logo.png\",\"contentUrl\":\"https:\\\/\\\/locsshop.eu\\\/wp-content\\\/uploads\\\/2022\\\/02\\\/Locsshop-logo.png\",\"width\":930,\"height\":200,\"caption\":\"Locsshop.eu\"},\"image\":{\"@id\":\"https:\\\/\\\/locsshop.eu\\\/#\\\/schema\\\/logo\\\/image\\\/\"}}]}<\/script>\n<!-- \/ Yoast SEO plugin. -->","yoast_head_json":{"title":"Gafas de sol superpuestas, transparentes y moradas con diamantes - Lentes oscuras | Comprar online aqu\u00ed | LOCS","description":"Compra aqu\u00ed gafas de sol superpuestas transparentes moradas con diamantes - Lentes oscuras | La mayor selecci\u00f3n de gafas de sol LOCS de la UE | Env\u00edos desde la UE - Sin costes de importaci\u00f3n adicionales","robots":{"index":"index","follow":"follow","max-snippet":"max-snippet:-1","max-image-preview":"max-image-preview:large","max-video-preview":"max-video-preview:-1"},"canonical":"https:\/\/locsshop.eu\/es\/shop\/lilla-transparente-fit-over-solbriller-med-diamanter-moerke-glas\/","og_locale":"es_ES","og_type":"article","og_title":"Lilla transparente Fit-Over Solbriller med \"diamanter\" - M\u00f8rke glas | K\u00f8b online her | LOCS","og_description":"K\u00f8b Lilla transparente Fit-Over Solbriller med \"diamanter\" - M\u00f8rke glas her | EU's st\u00f8rste udvalg af LOCS solbriller | Vi sender fra EU - Ingen ekstra import udgifter","og_url":"https:\/\/locsshop.eu\/es\/shop\/lilla-transparente-fit-over-solbriller-med-diamanter-moerke-glas\/","og_site_name":"Locs Sunglasses - LOCS Supplier in EU","article_modified_time":"2026-03-06T13:25:15+00:00","og_image":[{"width":800,"height":800,"url":"https:\/\/locsshop.eu\/wp-content\/uploads\/2025\/06\/2011PE-polarized-new-1.jpg","type":"image\/jpeg"}],"twitter_card":"summary_large_image","twitter_misc":{"Tiempo de lectura":"1 minuto"},"schema":{"@context":"https:\/\/schema.org","@graph":[{"@type":"WebPage","@id":"https:\/\/locsshop.eu\/shop\/lilla-transparente-fit-over-solbriller-med-diamanter-moerke-glas\/","url":"https:\/\/locsshop.eu\/shop\/lilla-transparente-fit-over-solbriller-med-diamanter-moerke-glas\/","name":"Gafas de sol superpuestas, transparentes y moradas con diamantes - Lentes oscuras | Comprar online aqu\u00ed | LOCS","isPartOf":{"@id":"https:\/\/locsshop.eu\/#website"},"primaryImageOfPage":{"@id":"https:\/\/locsshop.eu\/shop\/lilla-transparente-fit-over-solbriller-med-diamanter-moerke-glas\/#primaryimage"},"image":{"@id":"https:\/\/locsshop.eu\/shop\/lilla-transparente-fit-over-solbriller-med-diamanter-moerke-glas\/#primaryimage"},"thumbnailUrl":"https:\/\/locsshop.eu\/wp-content\/uploads\/2025\/06\/2011PE-polarized-new-1.jpg","datePublished":"2025-06-04T23:02:41+00:00","dateModified":"2026-03-06T13:25:15+00:00","description":"Compra aqu\u00ed gafas de sol superpuestas transparentes moradas con diamantes - Lentes oscuras | La mayor selecci\u00f3n de gafas de sol LOCS de la UE | Env\u00edos desde la UE - Sin costes de importaci\u00f3n adicionales","breadcrumb":{"@id":"https:\/\/locsshop.eu\/shop\/lilla-transparente-fit-over-solbriller-med-diamanter-moerke-glas\/#breadcrumb"},"inLanguage":"es","potentialAction":[{"@type":"ReadAction","target":["https:\/\/locsshop.eu\/shop\/lilla-transparente-fit-over-solbriller-med-diamanter-moerke-glas\/"]}]},{"@type":"ImageObject","inLanguage":"es","@id":"https:\/\/locsshop.eu\/shop\/lilla-transparente-fit-over-solbriller-med-diamanter-moerke-glas\/#primaryimage","url":"https:\/\/locsshop.eu\/wp-content\/uploads\/2025\/06\/2011PE-polarized-new-1.jpg","contentUrl":"https:\/\/locsshop.eu\/wp-content\/uploads\/2025\/06\/2011PE-polarized-new-1.jpg","width":800,"height":800},{"@type":"BreadcrumbList","@id":"https:\/\/locsshop.eu\/shop\/lilla-transparente-fit-over-solbriller-med-diamanter-moerke-glas\/#breadcrumb","itemListElement":[{"@type":"ListItem","position":1,"name":"Hjem","item":"https:\/\/locsshop.eu\/"},{"@type":"ListItem","position":2,"name":"Shop","item":"https:\/\/locsshop.eu\/shop\/"},{"@type":"ListItem","position":3,"name":"Lilla transparente Fit-Over Solbriller med &#8220;diamanter&#8221; &#8211; M\u00f8rke glas"}]},{"@type":"WebSite","@id":"https:\/\/locsshop.eu\/#website","url":"https:\/\/locsshop.eu\/","name":"Gafas de sol Locs - Proveedor LOCS en la UE","description":"Vendemos Gafas de Sol LOCS baratas","publisher":{"@id":"https:\/\/locsshop.eu\/#organization"},"potentialAction":[{"@type":"SearchAction","target":{"@type":"EntryPoint","urlTemplate":"https:\/\/locsshop.eu\/?s={search_term_string}"},"query-input":{"@type":"PropertyValueSpecification","valueRequired":true,"valueName":"search_term_string"}}],"inLanguage":"es"},{"@type":"Organization","@id":"https:\/\/locsshop.eu\/#organization","name":"Locsshop.eu","url":"https:\/\/locsshop.eu\/","logo":{"@type":"ImageObject","inLanguage":"es","@id":"https:\/\/locsshop.eu\/#\/schema\/logo\/image\/","url":"https:\/\/locsshop.eu\/wp-content\/uploads\/2022\/02\/Locsshop-logo.png","contentUrl":"https:\/\/locsshop.eu\/wp-content\/uploads\/2022\/02\/Locsshop-logo.png","width":930,"height":200,"caption":"Locsshop.eu"},"image":{"@id":"https:\/\/locsshop.eu\/#\/schema\/logo\/image\/"}}]}},"_links":{"self":[{"href":"https:\/\/locsshop.eu\/es\/wp-json\/wp\/v2\/product\/14042","targetHints":{"allow":["GET"]}}],"collection":[{"href":"https:\/\/locsshop.eu\/es\/wp-json\/wp\/v2\/product"}],"about":[{"href":"https:\/\/locsshop.eu\/es\/wp-json\/wp\/v2\/types\/product"}],"replies":[{"embeddable":true,"href":"https:\/\/locsshop.eu\/es\/wp-json\/wp\/v2\/comments?post=14042"}],"wp:featuredmedia":[{"embeddable":true,"href":"https:\/\/locsshop.eu\/es\/wp-json\/wp\/v2\/media\/14041"}],"wp:attachment":[{"href":"https:\/\/locsshop.eu\/es\/wp-json\/wp\/v2\/media?parent=14042"}],"wp:term":[{"taxonomy":"product_brand","embeddable":true,"href":"https:\/\/locsshop.eu\/es\/wp-json\/wp\/v2\/product_brand?post=14042"},{"taxonomy":"product_cat","embeddable":true,"href":"https:\/\/locsshop.eu\/es\/wp-json\/wp\/v2\/product_cat?post=14042"},{"taxonomy":"product_tag","embeddable":true,"href":"https:\/\/locsshop.eu\/es\/wp-json\/wp\/v2\/product_tag?post=14042"}],"curies":[{"name":"gracias","href":"https:\/\/api.w.org\/{rel}","templated":true}]}}