{"id":14148,"date":"2025-07-04T10:02:40","date_gmt":"2025-07-04T08:02:40","guid":{"rendered":"https:\/\/locsshop.eu\/shop\/x-loop-solbriller-sporty-x-blaat-stel-blaat-spejlglas\/"},"modified":"2025-07-04T22:28:29","modified_gmt":"2025-07-04T20:28:29","slug":"x-loop-solbriller-sporty-x-blaat-stel-blaat-spejlglas","status":"publish","type":"product","link":"https:\/\/locsshop.eu\/es\/shop\/x-loop-solbriller-sporty-x-blaat-stel-blaat-spejlglas\/","title":{"rendered":"Gafas de sol X-Loop \u2013 Sporty-X | Montura azul \u2013 Lentes de espejo azules"},"content":{"rendered":"<h2><strong>Gafas de sol deportivas de velocidad con revestimiento de goma para una experiencia deportiva \u00f3ptima bajo el sol.<\/strong><\/h2>\n<h4>Gafas de sol s\u00faper geniales con una superficie de goma mate que se siente c\u00f3moda, adem\u00e1s hay logotipos X-Loop de metal en las patillas.<\/h4>\n<p>Los bastones tienen extremos m\u00f3viles suaves que brindan una buena sensaci\u00f3n y un ajuste c\u00f3modo.<br \/>\nLa punta nasal es de goma para una experiencia \u00f3ptima al usarlas, especialmente al practicar deportes como correr, ciclismo, vela y otros.<\/p>\n<h4>Unas gafas de sol fant\u00e1sticas por su precio. Aqu\u00ed consigues unas gafas de sol deportivas \u00f3ptimas a un precio realmente bajo, en comparaci\u00f3n con las grandes marcas del mercado.<\/p>\n<p>Se adapta tanto a hombres como a mujeres. C\u00f3mpralos antes de que se agoten.<\/h4>\n<h4><\/h4>\n<h4><img loading=\"lazy\" decoding=\"async\" class=\"alignnone wp-image-12490 size-full\" src=\"https:\/\/bazarsalg.dk\/wp-content\/uploads\/xloop_wholesale_sunglasses_logo.gif\" alt=\"\" width=\"150\" height=\"80\" \/><\/h4>\n<p>&nbsp;<\/p>\n<table style=\"width: 100%;border-collapse: collapse;border-style: dashed\" border=\"1\">\n<tbody>\n<tr>\n<td style=\"width: 100%\">\n<h2 style=\"text-align: center\"><strong>El tama\u00f1o de las gafas de sol.<\/strong><\/h2>\n<\/td>\n<\/tr>\n<\/tbody>\n<\/table>\n<table style=\"width: 100%;border-collapse: collapse;border-style: hidden;margin-left: auto;margin-right: auto\" border=\"1\" cellspacing=\"20\" cellpadding=\"20\">\n<tbody>\n<tr>\n<td style=\"width: 33.3333%;text-align: center\"><strong><img decoding=\"async\" src=\"https:\/\/bazarsalg.dk\/wp-content\/uploads\/bredde.png\" \/><\/strong><\/td>\n<td style=\"width: 33.3333%;text-align: center\"><strong>Ancho interior<\/strong><\/td>\n<td style=\"width: 33.3333%;text-align: center\"><strong>14,5 cm.<\/strong><\/td>\n<\/tr>\n<tr>\n<td style=\"width: 33.3333%;text-align: center\"><strong><img decoding=\"async\" src=\"https:\/\/bazarsalg.dk\/wp-content\/uploads\/hoejde.png\" \/><\/strong><\/td>\n<td style=\"width: 33.3333%;text-align: center\"><strong>Altura<\/strong><\/td>\n<td style=\"width: 33.3333%;text-align: center\"><strong>6cm<\/strong><\/td>\n<\/tr>\n<tr>\n<td style=\"width: 33.3333%;text-align: center\"><strong><img decoding=\"async\" src=\"https:\/\/bazarsalg.dk\/wp-content\/uploads\/stang.png\" \/><\/strong><\/td>\n<td style=\"width: 33.3333%;text-align: center\"><strong>Largo de lado<\/strong><\/td>\n<td style=\"width: 33.3333%;text-align: center\"><strong>12,5 cm.<\/strong><\/td>\n<\/tr>\n<tr>\n<td style=\"width: 33.3333%;text-align: center\"><strong><img decoding=\"async\" src=\"https:\/\/bazarsalg.dk\/wp-content\/uploads\/glas-bredde.png\" \/><\/strong><\/td>\n<td style=\"width: 33.3333%;text-align: center\"><strong>Ancho de vidrio<\/strong><\/td>\n<td style=\"width: 33.3333%;text-align: center\"><strong>14cm<\/strong><\/td>\n<\/tr>\n<tr>\n<td style=\"width: 33.3333%;text-align: center\"><strong><img decoding=\"async\" src=\"https:\/\/bazarsalg.dk\/wp-content\/uploads\/bredde-naese.png\" \/><\/strong><\/td>\n<td style=\"width: 33.3333%;text-align: center\"><strong>Espacio entre vidrio<\/strong><\/td>\n<td style=\"width: 33.3333%;text-align: center\"><strong>- cm.<\/strong><\/td>\n<\/tr>\n<\/tbody>\n<\/table>\n<p>&nbsp;<\/p>\n<h4><em>Acerca de X-Loop<\/em><\/h4>\n<p>Las gafas de sol X-Loop son una marca exclusiva de gafas deportivas. Todas est\u00e1n fabricadas con pl\u00e1sticos y metales de la m\u00e1s alta calidad. Muchos modelos de gafas de sol dise\u00f1adas por X-Loop cuentan con monturas envolventes y plaquetas nasales de goma antideslizantes. Las gafas de sol X-Loop son una opci\u00f3n popular para quienes buscan estilo y funcionalidad. Ofrecen un aspecto elegante y moderno, a la vez que ofrecen la m\u00e1xima protecci\u00f3n contra los da\u00f1inos rayos UV.<br \/>\nLas gafas de sol X-Loop son perfectas para actividades al aire libre como la pesca, el esqu\u00ed o la vela. La montura de las gafas de sol X-Loop est\u00e1 fabricada con materiales ligeros y duraderos que garantizan un uso y una comodidad a largo plazo. Con diferentes colores y dise\u00f1os, hay un estilo X-Loop para cada personalidad y cada necesidad.<\/p>\n<table style=\"width: 100%;border-collapse: collapse;border-style: hidden;margin-left: auto;margin-right: auto\" border=\"1\" cellspacing=\"50\" cellpadding=\"20\">\n<caption>\u00a0<\/caption>\n<caption>\u00a0<\/caption>\n<tbody>\n<tr>\n<td style=\"width: 25%;text-align: center\"><img decoding=\"async\" class=\"aligncenter\" src=\"https:\/\/bazarsalg.dk\/wp-content\/uploads\/UV.png\" \/><\/td>\n<td style=\"width: 25%;text-align: center\"><img decoding=\"async\" src=\"https:\/\/bazarsalg.dk\/wp-content\/uploads\/ce.png\" \/><\/td>\n<td style=\"width: 25%;text-align: center\"><img decoding=\"async\" src=\"https:\/\/bazarsalg.dk\/wp-content\/uploads\/box.png\" \/><\/td>\n<\/tr>\n<tr>\n<td style=\"width: 25%;text-align: center\"><strong>Las gafas de sol tienen protecci\u00f3n UV400<\/strong><\/p>\n<p>Bloquea del 99 al 100 por ciento de todos los rayos UVA y UVB y protege sus ojos de los rayos del sol.<\/td>\n<td style=\"width: 25%;text-align: center\"><strong>CE aprobado <\/strong><\/p>\n<p>Las gafas de sol cumplen con todos los requisitos legales de la UE, lo que garantiza que sus gafas de sol est\u00e9n probadas y aprobadas.<\/td>\n<td style=\"width: 25%;text-align: center\"><strong>Enviado en caja de cart\u00f3n para que no se rompan <\/strong><\/p>\n<p>Siempre empaquetamos las gafas de sol de forma segura para que lleguen en buenas condiciones.<\/td>\n<\/tr>\n<\/tbody>\n<\/table>","protected":false},"excerpt":{"rendered":"<p><strong>Bucle X \u2013 8X3679<\/strong><br \/>\n<img loading=\"lazy\" decoding=\"async\" class=\"alignnone size-full wp-image-12490\" src=\"https:\/\/bazarsalg.dk\/wp-content\/uploads\/xloop_wholesale_sunglasses_logo.gif\" alt=\"\" width=\"150\" height=\"80\" \/><br \/>\nExtremos de goma en las barras: para un mejor agarre<br \/>\nPunta de nariz de goma: garantiza que permanezcan en su lugar y se sientan m\u00e1s c\u00f3modos.<br \/>\nSuperficie de goma suave: ideal para transpirar.<br \/>\nExcelentes gafas de sol para todo tipo de deportes.<\/p>\n<p>UV400<br \/>\nCE aprobado<\/p>","protected":false},"featured_media":14147,"comment_status":"open","ping_status":"closed","template":"","meta":{"om_disable_all_campaigns":false,"_monsterinsights_skip_tracking":false,"_monsterinsights_sitenote_active":false,"_monsterinsights_sitenote_note":"","_monsterinsights_sitenote_category":0},"product_brand":[],"product_cat":[1026,1029,1025,1046,1546,1049,1401],"product_tag":[1614,1548,870,559,1400],"class_list":{"0":"post-14148","1":"product","2":"type-product","3":"status-publish","4":"has-post-thumbnail","6":"product_cat-dame-solbriller","7":"product_cat-herre-solbriller","8":"product_cat-billige-solbriller","9":"product_cat-cykelbriller","10":"product_cat-hurtigbriller","11":"product_cat-premium-solbriller","12":"product_cat-xloop","13":"product_tag-8x3679","14":"product_tag-hurtigbriller","15":"product_tag-p693","16":"product_tag-sport","17":"product_tag-x-loop","19":"first","20":"instock","21":"shipping-taxable","22":"purchasable","23":"product-type-simple"},"yoast_head":"<!-- This site is optimized with the Yoast SEO plugin v27.5 - https:\/\/yoast.com\/product\/yoast-seo-wordpress\/ -->\n<title>X-Loop Solbriller - Sporty-X | Bl\u00e5t stel - Bl\u00e5t spejlglas | K\u00f8b online her | LOCS<\/title>\n<meta name=\"description\" content=\"K\u00f8b X-Loop Solbriller - Sporty-X | Bl\u00e5t stel - Bl\u00e5t spejlglas her | EU&#039;s st\u00f8rste udvalg af LOCS solbriller | Vi sender fra EU - Ingen ekstra import udgifter\" \/>\n<meta name=\"robots\" content=\"index, follow, max-snippet:-1, max-image-preview:large, max-video-preview:-1\" \/>\n<link rel=\"canonical\" href=\"https:\/\/locsshop.eu\/es\/shop\/x-loop-solbriller-sporty-x-blaat-stel-blaat-spejlglas\/\" \/>\n<meta property=\"og:locale\" content=\"es_ES\" \/>\n<meta property=\"og:type\" content=\"article\" \/>\n<meta property=\"og:title\" content=\"X-Loop Solbriller - Sporty-X | Bl\u00e5t stel - Bl\u00e5t spejlglas | K\u00f8b online her | LOCS\" \/>\n<meta property=\"og:description\" content=\"K\u00f8b X-Loop Solbriller - Sporty-X | Bl\u00e5t stel - Bl\u00e5t spejlglas her | EU&#039;s st\u00f8rste udvalg af LOCS solbriller | Vi sender fra EU - Ingen ekstra import udgifter\" \/>\n<meta property=\"og:url\" content=\"https:\/\/locsshop.eu\/es\/shop\/x-loop-solbriller-sporty-x-blaat-stel-blaat-spejlglas\/\" \/>\n<meta property=\"og:site_name\" content=\"Locs Sunglasses - LOCS Supplier in EU\" \/>\n<meta property=\"article:modified_time\" content=\"2025-07-04T20:28:29+00:00\" \/>\n<meta property=\"og:image\" content=\"https:\/\/locsshop.eu\/wp-content\/uploads\/2025\/07\/8X3679-5.jpg\" \/>\n\t<meta property=\"og:image:width\" content=\"800\" \/>\n\t<meta property=\"og:image:height\" content=\"800\" \/>\n\t<meta property=\"og:image:type\" content=\"image\/jpeg\" \/>\n<meta name=\"twitter:card\" content=\"summary_large_image\" \/>\n<meta name=\"twitter:label1\" content=\"Tiempo de lectura\" \/>\n\t<meta name=\"twitter:data1\" content=\"2 minutos\" \/>\n<script type=\"application\/ld+json\" class=\"yoast-schema-graph\">{\"@context\":\"https:\\\/\\\/schema.org\",\"@graph\":[{\"@type\":\"WebPage\",\"@id\":\"https:\\\/\\\/locsshop.eu\\\/shop\\\/x-loop-solbriller-sporty-x-blaat-stel-blaat-spejlglas\\\/\",\"url\":\"https:\\\/\\\/locsshop.eu\\\/shop\\\/x-loop-solbriller-sporty-x-blaat-stel-blaat-spejlglas\\\/\",\"name\":\"X-Loop Solbriller - Sporty-X | Bl\u00e5t stel - Bl\u00e5t spejlglas | K\u00f8b online her | LOCS\",\"isPartOf\":{\"@id\":\"https:\\\/\\\/locsshop.eu\\\/#website\"},\"primaryImageOfPage\":{\"@id\":\"https:\\\/\\\/locsshop.eu\\\/shop\\\/x-loop-solbriller-sporty-x-blaat-stel-blaat-spejlglas\\\/#primaryimage\"},\"image\":{\"@id\":\"https:\\\/\\\/locsshop.eu\\\/shop\\\/x-loop-solbriller-sporty-x-blaat-stel-blaat-spejlglas\\\/#primaryimage\"},\"thumbnailUrl\":\"https:\\\/\\\/locsshop.eu\\\/wp-content\\\/uploads\\\/2025\\\/07\\\/8X3679-5.jpg\",\"datePublished\":\"2025-07-04T08:02:40+00:00\",\"dateModified\":\"2025-07-04T20:28:29+00:00\",\"description\":\"K\u00f8b X-Loop Solbriller - Sporty-X | Bl\u00e5t stel - Bl\u00e5t spejlglas her | EU's st\u00f8rste udvalg af LOCS solbriller | Vi sender fra EU - Ingen ekstra import udgifter\",\"breadcrumb\":{\"@id\":\"https:\\\/\\\/locsshop.eu\\\/shop\\\/x-loop-solbriller-sporty-x-blaat-stel-blaat-spejlglas\\\/#breadcrumb\"},\"inLanguage\":\"es\",\"potentialAction\":[{\"@type\":\"ReadAction\",\"target\":[\"https:\\\/\\\/locsshop.eu\\\/shop\\\/x-loop-solbriller-sporty-x-blaat-stel-blaat-spejlglas\\\/\"]}]},{\"@type\":\"ImageObject\",\"inLanguage\":\"es\",\"@id\":\"https:\\\/\\\/locsshop.eu\\\/shop\\\/x-loop-solbriller-sporty-x-blaat-stel-blaat-spejlglas\\\/#primaryimage\",\"url\":\"https:\\\/\\\/locsshop.eu\\\/wp-content\\\/uploads\\\/2025\\\/07\\\/8X3679-5.jpg\",\"contentUrl\":\"https:\\\/\\\/locsshop.eu\\\/wp-content\\\/uploads\\\/2025\\\/07\\\/8X3679-5.jpg\",\"width\":800,\"height\":800},{\"@type\":\"BreadcrumbList\",\"@id\":\"https:\\\/\\\/locsshop.eu\\\/shop\\\/x-loop-solbriller-sporty-x-blaat-stel-blaat-spejlglas\\\/#breadcrumb\",\"itemListElement\":[{\"@type\":\"ListItem\",\"position\":1,\"name\":\"Hjem\",\"item\":\"https:\\\/\\\/locsshop.eu\\\/\"},{\"@type\":\"ListItem\",\"position\":2,\"name\":\"Shop\",\"item\":\"https:\\\/\\\/locsshop.eu\\\/shop\\\/\"},{\"@type\":\"ListItem\",\"position\":3,\"name\":\"X-Loop Solbriller &#8211; Sporty-X | Bl\u00e5t stel &#8211; Bl\u00e5t spejlglas\"}]},{\"@type\":\"WebSite\",\"@id\":\"https:\\\/\\\/locsshop.eu\\\/#website\",\"url\":\"https:\\\/\\\/locsshop.eu\\\/\",\"name\":\"Locs Sunglasses - LOCS Supplier in EU\",\"description\":\"We sell cheap LOCS Sunglasses\",\"publisher\":{\"@id\":\"https:\\\/\\\/locsshop.eu\\\/#organization\"},\"potentialAction\":[{\"@type\":\"SearchAction\",\"target\":{\"@type\":\"EntryPoint\",\"urlTemplate\":\"https:\\\/\\\/locsshop.eu\\\/?s={search_term_string}\"},\"query-input\":{\"@type\":\"PropertyValueSpecification\",\"valueRequired\":true,\"valueName\":\"search_term_string\"}}],\"inLanguage\":\"es\"},{\"@type\":\"Organization\",\"@id\":\"https:\\\/\\\/locsshop.eu\\\/#organization\",\"name\":\"Locsshop.eu\",\"url\":\"https:\\\/\\\/locsshop.eu\\\/\",\"logo\":{\"@type\":\"ImageObject\",\"inLanguage\":\"es\",\"@id\":\"https:\\\/\\\/locsshop.eu\\\/#\\\/schema\\\/logo\\\/image\\\/\",\"url\":\"https:\\\/\\\/locsshop.eu\\\/wp-content\\\/uploads\\\/2022\\\/02\\\/Locsshop-logo.png\",\"contentUrl\":\"https:\\\/\\\/locsshop.eu\\\/wp-content\\\/uploads\\\/2022\\\/02\\\/Locsshop-logo.png\",\"width\":930,\"height\":200,\"caption\":\"Locsshop.eu\"},\"image\":{\"@id\":\"https:\\\/\\\/locsshop.eu\\\/#\\\/schema\\\/logo\\\/image\\\/\"}}]}<\/script>\n<!-- \/ Yoast SEO plugin. -->","yoast_head_json":{"title":"Gafas de sol X-Loop - Sporty-X | Montura azul - Lentes de espejo azules | Compra online aqu\u00ed | LOCS","description":"Compra aqu\u00ed las gafas de sol X-Loop - Sporty-X | Montura azul - Lentes de espejo azules | La mayor selecci\u00f3n de gafas de sol LOCS de la UE | Enviamos desde la UE - Sin costes de importaci\u00f3n adicionales","robots":{"index":"index","follow":"follow","max-snippet":"max-snippet:-1","max-image-preview":"max-image-preview:large","max-video-preview":"max-video-preview:-1"},"canonical":"https:\/\/locsshop.eu\/es\/shop\/x-loop-solbriller-sporty-x-blaat-stel-blaat-spejlglas\/","og_locale":"es_ES","og_type":"article","og_title":"X-Loop Solbriller - Sporty-X | Bl\u00e5t stel - Bl\u00e5t spejlglas | K\u00f8b online her | LOCS","og_description":"K\u00f8b X-Loop Solbriller - Sporty-X | Bl\u00e5t stel - Bl\u00e5t spejlglas her | EU's st\u00f8rste udvalg af LOCS solbriller | Vi sender fra EU - Ingen ekstra import udgifter","og_url":"https:\/\/locsshop.eu\/es\/shop\/x-loop-solbriller-sporty-x-blaat-stel-blaat-spejlglas\/","og_site_name":"Locs Sunglasses - LOCS Supplier in EU","article_modified_time":"2025-07-04T20:28:29+00:00","og_image":[{"width":800,"height":800,"url":"https:\/\/locsshop.eu\/wp-content\/uploads\/2025\/07\/8X3679-5.jpg","type":"image\/jpeg"}],"twitter_card":"summary_large_image","twitter_misc":{"Tiempo de lectura":"2 minutos"},"schema":{"@context":"https:\/\/schema.org","@graph":[{"@type":"WebPage","@id":"https:\/\/locsshop.eu\/shop\/x-loop-solbriller-sporty-x-blaat-stel-blaat-spejlglas\/","url":"https:\/\/locsshop.eu\/shop\/x-loop-solbriller-sporty-x-blaat-stel-blaat-spejlglas\/","name":"Gafas de sol X-Loop - Sporty-X | Montura azul - Lentes de espejo azules | Compra online aqu\u00ed | LOCS","isPartOf":{"@id":"https:\/\/locsshop.eu\/#website"},"primaryImageOfPage":{"@id":"https:\/\/locsshop.eu\/shop\/x-loop-solbriller-sporty-x-blaat-stel-blaat-spejlglas\/#primaryimage"},"image":{"@id":"https:\/\/locsshop.eu\/shop\/x-loop-solbriller-sporty-x-blaat-stel-blaat-spejlglas\/#primaryimage"},"thumbnailUrl":"https:\/\/locsshop.eu\/wp-content\/uploads\/2025\/07\/8X3679-5.jpg","datePublished":"2025-07-04T08:02:40+00:00","dateModified":"2025-07-04T20:28:29+00:00","description":"Compra aqu\u00ed las gafas de sol X-Loop - Sporty-X | Montura azul - Lentes de espejo azules | La mayor selecci\u00f3n de gafas de sol LOCS de la UE | Enviamos desde la UE - Sin costes de importaci\u00f3n adicionales","breadcrumb":{"@id":"https:\/\/locsshop.eu\/shop\/x-loop-solbriller-sporty-x-blaat-stel-blaat-spejlglas\/#breadcrumb"},"inLanguage":"es","potentialAction":[{"@type":"ReadAction","target":["https:\/\/locsshop.eu\/shop\/x-loop-solbriller-sporty-x-blaat-stel-blaat-spejlglas\/"]}]},{"@type":"ImageObject","inLanguage":"es","@id":"https:\/\/locsshop.eu\/shop\/x-loop-solbriller-sporty-x-blaat-stel-blaat-spejlglas\/#primaryimage","url":"https:\/\/locsshop.eu\/wp-content\/uploads\/2025\/07\/8X3679-5.jpg","contentUrl":"https:\/\/locsshop.eu\/wp-content\/uploads\/2025\/07\/8X3679-5.jpg","width":800,"height":800},{"@type":"BreadcrumbList","@id":"https:\/\/locsshop.eu\/shop\/x-loop-solbriller-sporty-x-blaat-stel-blaat-spejlglas\/#breadcrumb","itemListElement":[{"@type":"ListItem","position":1,"name":"Hjem","item":"https:\/\/locsshop.eu\/"},{"@type":"ListItem","position":2,"name":"Shop","item":"https:\/\/locsshop.eu\/shop\/"},{"@type":"ListItem","position":3,"name":"X-Loop Solbriller &#8211; Sporty-X | Bl\u00e5t stel &#8211; Bl\u00e5t spejlglas"}]},{"@type":"WebSite","@id":"https:\/\/locsshop.eu\/#website","url":"https:\/\/locsshop.eu\/","name":"Gafas de sol Locs - Proveedor LOCS en la UE","description":"Vendemos Gafas de Sol LOCS baratas","publisher":{"@id":"https:\/\/locsshop.eu\/#organization"},"potentialAction":[{"@type":"SearchAction","target":{"@type":"EntryPoint","urlTemplate":"https:\/\/locsshop.eu\/?s={search_term_string}"},"query-input":{"@type":"PropertyValueSpecification","valueRequired":true,"valueName":"search_term_string"}}],"inLanguage":"es"},{"@type":"Organization","@id":"https:\/\/locsshop.eu\/#organization","name":"Locsshop.eu","url":"https:\/\/locsshop.eu\/","logo":{"@type":"ImageObject","inLanguage":"es","@id":"https:\/\/locsshop.eu\/#\/schema\/logo\/image\/","url":"https:\/\/locsshop.eu\/wp-content\/uploads\/2022\/02\/Locsshop-logo.png","contentUrl":"https:\/\/locsshop.eu\/wp-content\/uploads\/2022\/02\/Locsshop-logo.png","width":930,"height":200,"caption":"Locsshop.eu"},"image":{"@id":"https:\/\/locsshop.eu\/#\/schema\/logo\/image\/"}}]}},"_links":{"self":[{"href":"https:\/\/locsshop.eu\/es\/wp-json\/wp\/v2\/product\/14148","targetHints":{"allow":["GET"]}}],"collection":[{"href":"https:\/\/locsshop.eu\/es\/wp-json\/wp\/v2\/product"}],"about":[{"href":"https:\/\/locsshop.eu\/es\/wp-json\/wp\/v2\/types\/product"}],"replies":[{"embeddable":true,"href":"https:\/\/locsshop.eu\/es\/wp-json\/wp\/v2\/comments?post=14148"}],"wp:featuredmedia":[{"embeddable":true,"href":"https:\/\/locsshop.eu\/es\/wp-json\/wp\/v2\/media\/14147"}],"wp:attachment":[{"href":"https:\/\/locsshop.eu\/es\/wp-json\/wp\/v2\/media?parent=14148"}],"wp:term":[{"taxonomy":"product_brand","embeddable":true,"href":"https:\/\/locsshop.eu\/es\/wp-json\/wp\/v2\/product_brand?post=14148"},{"taxonomy":"product_cat","embeddable":true,"href":"https:\/\/locsshop.eu\/es\/wp-json\/wp\/v2\/product_cat?post=14148"},{"taxonomy":"product_tag","embeddable":true,"href":"https:\/\/locsshop.eu\/es\/wp-json\/wp\/v2\/product_tag?post=14148"}],"curies":[{"name":"gracias","href":"https:\/\/api.w.org\/{rel}","templated":true}]}}