{"id":5584,"date":"2022-02-17T14:26:15","date_gmt":"2022-02-17T13:26:15","guid":{"rendered":"https:\/\/locsshop.eu\/shop\/opbevaringskasse-til-10-ure\/"},"modified":"2024-07-13T20:19:07","modified_gmt":"2024-07-13T18:19:07","slug":"opbevaringskasse-til-10-ure-2","status":"publish","type":"product","link":"https:\/\/locsshop.eu\/es\/shop\/opbevaringskasse-til-10-ure-2\/","title":{"rendered":"Caja de almacenamiento para 10 relojes"},"content":{"rendered":"<h2>Bonita caja de almacenamiento para 6 relojes y 3 gafas de sol.<\/h2>\n<p>Elegante caja de almacenaje para relojes con espacio para 10 relojes.<br \/>\nLa elegante caja para relojes tiene 10 compartimentos donde puedes colocar no solo relojes sino tambi\u00e9n otras joyas.<\/p>\n<p>La caja tiene un elegante color negro y costuras brillantes visibles, que agregan elegancia y estilo. La tapa de la caja del reloj es transparente (vidrio acr\u00edlico), por lo que la caja del reloj no solo se puede usar para guardar, sino tambi\u00e9n para exhibir con elegancia sus hermosos relojes. La caja del reloj ser\u00e1 un regalo real y \u00fatil que todos apreciar\u00e1n. Tambi\u00e9n puede guardar pulseras y otras joyas en la caja. Las particiones tienen inserciones especiales que se pueden colocar en un \u00e1ngulo elegido o quitar por completo. Gracias a tales opciones, la caja para relojes es adecuada para almacenar muchos tipos diferentes de joyas y mucho m\u00e1s. La caja del reloj tiene un interior acolchado con un material especial extraordinariamente suave. Este material protege el contenido de ara\u00f1azos. Los divisores est\u00e1n separados entre s\u00ed por paredes m\u00e1s altas, lo que protege los accesorios almacenados del contacto no deseado que podr\u00eda provocar da\u00f1os. La caja tambi\u00e9n tiene una correa especial que sostiene la tapa abierta, mientras protege el interior y el contenido de la caja del reloj. Antes de derramar accidentalmente el contenido de la caja.<\/p>\n<p>EST\u00c9TICA Y ELEGANTE: la caja est\u00e1 hecha con atenci\u00f3n al detalle, se presenta de manera hermosa y muestra su contenido maravillosamente.<\/p>\n<p>UNIVERSAL: use esto no solo para relojes, sino tambi\u00e9n para pulseras y otras joyas, etc.<\/p>\n<p>RECUBRIMIENTO PROTECTOR: el interior de la caja est\u00e1 acolchado con un material suave para proteger el contenido de los rayones.<\/p>\n<p>ESPECIFICACI\u00d3N \u2013<br \/>\nN\u00famero de habitaciones: 10<br \/>\nColor Negro<br \/>\nDimensiones (largo x ancho x alto): 20,3 x 25,3 x 8 cm,<br \/>\nDimensiones del tabique (largo x ancho): 9 x 4,5 cm.<\/p>\n<p>(No incluye relojes)<\/p>","protected":false},"excerpt":{"rendered":"<ul>\n<li><strong>Caja de almacenamiento para relojes.<\/strong><\/li>\n<li><strong>Puede contener 10 relojes.<\/strong><\/li>\n<li><strong>Perfecto para tener en casa.<\/strong><\/li>\n<li><strong>Evita ara\u00f1azos y polvo en tus relojes.<\/strong><\/li>\n<li><strong>Perfecto para tu entrada.<\/strong><\/li>\n<\/ul>","protected":false},"featured_media":7560,"comment_status":"open","ping_status":"closed","template":"","meta":{"om_disable_all_campaigns":false,"_monsterinsights_skip_tracking":false,"_monsterinsights_sitenote_active":false,"_monsterinsights_sitenote_note":"","_monsterinsights_sitenote_category":0},"product_brand":[],"product_cat":[1041],"product_tag":[504,505,506,507,837],"class_list":{"0":"post-5584","1":"product","2":"type-product","3":"status-publish","4":"has-post-thumbnail","6":"product_cat-etuier-tilbehoer","7":"product_tag-aeske","8":"product_tag-boks","9":"product_tag-kasse","10":"product_tag-opbevaring","11":"product_tag-s1363","13":"first","14":"outofstock","15":"shipping-taxable","16":"purchasable","17":"product-type-simple"},"yoast_head":"<!-- This site is optimized with the Yoast SEO plugin v27.5 - https:\/\/yoast.com\/product\/yoast-seo-wordpress\/ -->\n<title>Opbevaringskasse til 10 ure | K\u00f8b online her | LOCS<\/title>\n<meta name=\"description\" content=\"K\u00f8b Opbevaringskasse til 10 ure her | EU&#039;s st\u00f8rste udvalg af LOCS solbriller | Vi sender fra EU - Ingen ekstra import udgifter\" \/>\n<meta name=\"robots\" content=\"index, follow, max-snippet:-1, max-image-preview:large, max-video-preview:-1\" \/>\n<link rel=\"canonical\" href=\"https:\/\/locsshop.eu\/es\/shop\/opbevaringskasse-til-10-ure-2\/\" \/>\n<meta property=\"og:locale\" content=\"es_ES\" \/>\n<meta property=\"og:type\" content=\"article\" \/>\n<meta property=\"og:title\" content=\"Opbevaringskasse til 10 ure | K\u00f8b online her | LOCS\" \/>\n<meta property=\"og:description\" content=\"K\u00f8b Opbevaringskasse til 10 ure her | EU&#039;s st\u00f8rste udvalg af LOCS solbriller | Vi sender fra EU - Ingen ekstra import udgifter\" \/>\n<meta property=\"og:url\" content=\"https:\/\/locsshop.eu\/es\/shop\/opbevaringskasse-til-10-ure-2\/\" \/>\n<meta property=\"og:site_name\" content=\"Locs Sunglasses - LOCS Supplier in EU\" \/>\n<meta property=\"article:modified_time\" content=\"2024-07-13T18:19:07+00:00\" \/>\n<meta property=\"og:image\" content=\"https:\/\/locsshop.eu\/wp-content\/uploads\/2022\/02\/10789_4-1.jpg\" \/>\n\t<meta property=\"og:image:width\" content=\"800\" \/>\n\t<meta property=\"og:image:height\" content=\"800\" \/>\n\t<meta property=\"og:image:type\" content=\"image\/jpeg\" \/>\n<meta name=\"twitter:card\" content=\"summary_large_image\" \/>\n<meta name=\"twitter:label1\" content=\"Tiempo de lectura\" \/>\n\t<meta name=\"twitter:data1\" content=\"2 minutos\" \/>\n<script type=\"application\/ld+json\" class=\"yoast-schema-graph\">{\"@context\":\"https:\\\/\\\/schema.org\",\"@graph\":[{\"@type\":\"WebPage\",\"@id\":\"https:\\\/\\\/locsshop.eu\\\/shop\\\/opbevaringskasse-til-10-ure-2\\\/\",\"url\":\"https:\\\/\\\/locsshop.eu\\\/shop\\\/opbevaringskasse-til-10-ure-2\\\/\",\"name\":\"Opbevaringskasse til 10 ure | K\u00f8b online her | LOCS\",\"isPartOf\":{\"@id\":\"https:\\\/\\\/locsshop.eu\\\/#website\"},\"primaryImageOfPage\":{\"@id\":\"https:\\\/\\\/locsshop.eu\\\/shop\\\/opbevaringskasse-til-10-ure-2\\\/#primaryimage\"},\"image\":{\"@id\":\"https:\\\/\\\/locsshop.eu\\\/shop\\\/opbevaringskasse-til-10-ure-2\\\/#primaryimage\"},\"thumbnailUrl\":\"https:\\\/\\\/locsshop.eu\\\/wp-content\\\/uploads\\\/2022\\\/02\\\/10789_4-1.jpg\",\"datePublished\":\"2022-02-17T13:26:15+00:00\",\"dateModified\":\"2024-07-13T18:19:07+00:00\",\"description\":\"K\u00f8b Opbevaringskasse til 10 ure her | EU's st\u00f8rste udvalg af LOCS solbriller | Vi sender fra EU - Ingen ekstra import udgifter\",\"breadcrumb\":{\"@id\":\"https:\\\/\\\/locsshop.eu\\\/shop\\\/opbevaringskasse-til-10-ure-2\\\/#breadcrumb\"},\"inLanguage\":\"es\",\"potentialAction\":[{\"@type\":\"ReadAction\",\"target\":[\"https:\\\/\\\/locsshop.eu\\\/shop\\\/opbevaringskasse-til-10-ure-2\\\/\"]}]},{\"@type\":\"ImageObject\",\"inLanguage\":\"es\",\"@id\":\"https:\\\/\\\/locsshop.eu\\\/shop\\\/opbevaringskasse-til-10-ure-2\\\/#primaryimage\",\"url\":\"https:\\\/\\\/locsshop.eu\\\/wp-content\\\/uploads\\\/2022\\\/02\\\/10789_4-1.jpg\",\"contentUrl\":\"https:\\\/\\\/locsshop.eu\\\/wp-content\\\/uploads\\\/2022\\\/02\\\/10789_4-1.jpg\",\"width\":800,\"height\":800},{\"@type\":\"BreadcrumbList\",\"@id\":\"https:\\\/\\\/locsshop.eu\\\/shop\\\/opbevaringskasse-til-10-ure-2\\\/#breadcrumb\",\"itemListElement\":[{\"@type\":\"ListItem\",\"position\":1,\"name\":\"Hjem\",\"item\":\"https:\\\/\\\/locsshop.eu\\\/\"},{\"@type\":\"ListItem\",\"position\":2,\"name\":\"Shop\",\"item\":\"https:\\\/\\\/locsshop.eu\\\/shop\\\/\"},{\"@type\":\"ListItem\",\"position\":3,\"name\":\"Opbevaringskasse til 10 ure\"}]},{\"@type\":\"WebSite\",\"@id\":\"https:\\\/\\\/locsshop.eu\\\/#website\",\"url\":\"https:\\\/\\\/locsshop.eu\\\/\",\"name\":\"Locs Sunglasses - LOCS Supplier in EU\",\"description\":\"We sell cheap LOCS Sunglasses\",\"publisher\":{\"@id\":\"https:\\\/\\\/locsshop.eu\\\/#organization\"},\"potentialAction\":[{\"@type\":\"SearchAction\",\"target\":{\"@type\":\"EntryPoint\",\"urlTemplate\":\"https:\\\/\\\/locsshop.eu\\\/?s={search_term_string}\"},\"query-input\":{\"@type\":\"PropertyValueSpecification\",\"valueRequired\":true,\"valueName\":\"search_term_string\"}}],\"inLanguage\":\"es\"},{\"@type\":\"Organization\",\"@id\":\"https:\\\/\\\/locsshop.eu\\\/#organization\",\"name\":\"Locsshop.eu\",\"url\":\"https:\\\/\\\/locsshop.eu\\\/\",\"logo\":{\"@type\":\"ImageObject\",\"inLanguage\":\"es\",\"@id\":\"https:\\\/\\\/locsshop.eu\\\/#\\\/schema\\\/logo\\\/image\\\/\",\"url\":\"https:\\\/\\\/locsshop.eu\\\/wp-content\\\/uploads\\\/2022\\\/02\\\/Locsshop-logo.png\",\"contentUrl\":\"https:\\\/\\\/locsshop.eu\\\/wp-content\\\/uploads\\\/2022\\\/02\\\/Locsshop-logo.png\",\"width\":930,\"height\":200,\"caption\":\"Locsshop.eu\"},\"image\":{\"@id\":\"https:\\\/\\\/locsshop.eu\\\/#\\\/schema\\\/logo\\\/image\\\/\"}}]}<\/script>\n<!-- \/ Yoast SEO plugin. -->","yoast_head_json":{"title":"Caja de almacenamiento para 10 relojes | Compra online aqu\u00ed | LOC","description":"Comprar Estuche de almacenamiento para 10 relojes aqu\u00ed | La mayor selecci\u00f3n de gafas de sol LOCS de la UE | Enviamos desde la UE - Sin costos adicionales de importaci\u00f3n","robots":{"index":"index","follow":"follow","max-snippet":"max-snippet:-1","max-image-preview":"max-image-preview:large","max-video-preview":"max-video-preview:-1"},"canonical":"https:\/\/locsshop.eu\/es\/shop\/opbevaringskasse-til-10-ure-2\/","og_locale":"es_ES","og_type":"article","og_title":"Opbevaringskasse til 10 ure | K\u00f8b online her | LOCS","og_description":"K\u00f8b Opbevaringskasse til 10 ure her | EU's st\u00f8rste udvalg af LOCS solbriller | Vi sender fra EU - Ingen ekstra import udgifter","og_url":"https:\/\/locsshop.eu\/es\/shop\/opbevaringskasse-til-10-ure-2\/","og_site_name":"Locs Sunglasses - LOCS Supplier in EU","article_modified_time":"2024-07-13T18:19:07+00:00","og_image":[{"width":800,"height":800,"url":"https:\/\/locsshop.eu\/wp-content\/uploads\/2022\/02\/10789_4-1.jpg","type":"image\/jpeg"}],"twitter_card":"summary_large_image","twitter_misc":{"Tiempo de lectura":"2 minutos"},"schema":{"@context":"https:\/\/schema.org","@graph":[{"@type":"WebPage","@id":"https:\/\/locsshop.eu\/shop\/opbevaringskasse-til-10-ure-2\/","url":"https:\/\/locsshop.eu\/shop\/opbevaringskasse-til-10-ure-2\/","name":"Caja de almacenamiento para 10 relojes | Compra online aqu\u00ed | LOC","isPartOf":{"@id":"https:\/\/locsshop.eu\/#website"},"primaryImageOfPage":{"@id":"https:\/\/locsshop.eu\/shop\/opbevaringskasse-til-10-ure-2\/#primaryimage"},"image":{"@id":"https:\/\/locsshop.eu\/shop\/opbevaringskasse-til-10-ure-2\/#primaryimage"},"thumbnailUrl":"https:\/\/locsshop.eu\/wp-content\/uploads\/2022\/02\/10789_4-1.jpg","datePublished":"2022-02-17T13:26:15+00:00","dateModified":"2024-07-13T18:19:07+00:00","description":"Comprar Estuche de almacenamiento para 10 relojes aqu\u00ed | La mayor selecci\u00f3n de gafas de sol LOCS de la UE | Enviamos desde la UE - Sin costos adicionales de importaci\u00f3n","breadcrumb":{"@id":"https:\/\/locsshop.eu\/shop\/opbevaringskasse-til-10-ure-2\/#breadcrumb"},"inLanguage":"es","potentialAction":[{"@type":"ReadAction","target":["https:\/\/locsshop.eu\/shop\/opbevaringskasse-til-10-ure-2\/"]}]},{"@type":"ImageObject","inLanguage":"es","@id":"https:\/\/locsshop.eu\/shop\/opbevaringskasse-til-10-ure-2\/#primaryimage","url":"https:\/\/locsshop.eu\/wp-content\/uploads\/2022\/02\/10789_4-1.jpg","contentUrl":"https:\/\/locsshop.eu\/wp-content\/uploads\/2022\/02\/10789_4-1.jpg","width":800,"height":800},{"@type":"BreadcrumbList","@id":"https:\/\/locsshop.eu\/shop\/opbevaringskasse-til-10-ure-2\/#breadcrumb","itemListElement":[{"@type":"ListItem","position":1,"name":"Hjem","item":"https:\/\/locsshop.eu\/"},{"@type":"ListItem","position":2,"name":"Shop","item":"https:\/\/locsshop.eu\/shop\/"},{"@type":"ListItem","position":3,"name":"Opbevaringskasse til 10 ure"}]},{"@type":"WebSite","@id":"https:\/\/locsshop.eu\/#website","url":"https:\/\/locsshop.eu\/","name":"Gafas de sol Locs - Proveedor LOCS en la UE","description":"Vendemos Gafas de Sol LOCS baratas","publisher":{"@id":"https:\/\/locsshop.eu\/#organization"},"potentialAction":[{"@type":"SearchAction","target":{"@type":"EntryPoint","urlTemplate":"https:\/\/locsshop.eu\/?s={search_term_string}"},"query-input":{"@type":"PropertyValueSpecification","valueRequired":true,"valueName":"search_term_string"}}],"inLanguage":"es"},{"@type":"Organization","@id":"https:\/\/locsshop.eu\/#organization","name":"Locsshop.eu","url":"https:\/\/locsshop.eu\/","logo":{"@type":"ImageObject","inLanguage":"es","@id":"https:\/\/locsshop.eu\/#\/schema\/logo\/image\/","url":"https:\/\/locsshop.eu\/wp-content\/uploads\/2022\/02\/Locsshop-logo.png","contentUrl":"https:\/\/locsshop.eu\/wp-content\/uploads\/2022\/02\/Locsshop-logo.png","width":930,"height":200,"caption":"Locsshop.eu"},"image":{"@id":"https:\/\/locsshop.eu\/#\/schema\/logo\/image\/"}}]}},"_links":{"self":[{"href":"https:\/\/locsshop.eu\/es\/wp-json\/wp\/v2\/product\/5584","targetHints":{"allow":["GET"]}}],"collection":[{"href":"https:\/\/locsshop.eu\/es\/wp-json\/wp\/v2\/product"}],"about":[{"href":"https:\/\/locsshop.eu\/es\/wp-json\/wp\/v2\/types\/product"}],"replies":[{"embeddable":true,"href":"https:\/\/locsshop.eu\/es\/wp-json\/wp\/v2\/comments?post=5584"}],"wp:featuredmedia":[{"embeddable":true,"href":"https:\/\/locsshop.eu\/es\/wp-json\/wp\/v2\/media\/7560"}],"wp:attachment":[{"href":"https:\/\/locsshop.eu\/es\/wp-json\/wp\/v2\/media?parent=5584"}],"wp:term":[{"taxonomy":"product_brand","embeddable":true,"href":"https:\/\/locsshop.eu\/es\/wp-json\/wp\/v2\/product_brand?post=5584"},{"taxonomy":"product_cat","embeddable":true,"href":"https:\/\/locsshop.eu\/es\/wp-json\/wp\/v2\/product_cat?post=5584"},{"taxonomy":"product_tag","embeddable":true,"href":"https:\/\/locsshop.eu\/es\/wp-json\/wp\/v2\/product_tag?post=5584"}],"curies":[{"name":"gracias","href":"https:\/\/api.w.org\/{rel}","templated":true}]}}