{"id":7049,"date":"2019-10-10T23:16:27","date_gmt":"2019-10-10T21:16:27","guid":{"rendered":"https:\/\/locsshop.eu\/shop\/anti-blaa-lys-gaming-gamer-briller-combina-eyewear\/"},"modified":"2026-05-03T14:45:33","modified_gmt":"2026-05-03T12:45:33","slug":"anti-blaa-lys-briller-gaming-briller-combina-eyewear","status":"publish","type":"product","link":"https:\/\/locsshop.eu\/es\/shop\/anti-blaa-lys-briller-gaming-briller-combina-eyewear\/","title":{"rendered":"Gafas Anti Luz Azul \/ Gafas Gaming \u2013 Combina Eyewear"},"content":{"rendered":"<p><strong>LAS GAFAS COMBINA EYEWEAR ANTI BLUE LIGHT SON GAFAS PROFESIONALES PARA PANTALLAS Y JUEGOS.<\/strong><\/p>\n<p>Las gafas anti-luz azul ayudan a mantener la vista sana cuando est\u00e1s frente a una pantalla que emite luz azul.<br \/>\nBloquean los rayos de luz azul y protegen tus ojos cuando juegas, trabajas frente a la computadora, usas un tel\u00e9fono, una tableta o ves la televisi\u00f3n.<\/p>\n<p><strong>VENTAJAS DE UTILIZAR GAFAS COMBINA EYEWEAR ANTI LUZ AZUL<\/strong><br \/>\n* Reduce las migra\u00f1as, dolores de cabeza, fatiga visual, ojos secos y fatiga ocular.<br \/>\n* Te mantiene m\u00e1s concentrado, m\u00e1s fresco y te hace dormir mejor.<br \/>\n* Bloquea la da\u00f1ina luz azul y los rayos UV en interiores y exteriores.<br \/>\n*Gafas casi transparentes y filtro antirreflectante con m\u00ednima diferencia de color.<br \/>\n* Alto confort con montura ligera y lentes ligeras.<br \/>\n* Monturas elegantes con logotipos de Combina Eyewear en cada lado, hechas para hombres y mujeres.<br \/>\n*Puede ser utilizado por personas con lentes de contacto.<\/p>\n<p><strong>INCLUYE EN EL PAQUETE:<\/strong><br \/>\n\u2705 Hermosa y elegante caja de regalo con logo.<br \/>\n\u2705 Lentes Anti Luz Azul para juegos, trabajo y uso personal.<br \/>\n\u2705 Estuche triangular plegable para un almacenamiento \u00f3ptimo. (Se puede plegar para que no ocupe espacio innecesario).<br \/>\n\u2705 Hermoso y grueso pa\u00f1o de limpieza de microfibra para una limpieza segura de las gafas.<br \/>\n\u2705 Tarjeta de prueba y luz azul para probar la capacidad de las gafas para bloquear la luz azul.<\/p>\n<p><strong>GAFAS COMBINADAS:<\/strong><br \/>\n\u2714\ufe0f Tiene certificaci\u00f3n CE y FDA.<br \/>\n\u2714\ufe0fCuenta con filtro UV400.<\/p>\n<p><strong>MATERIALES:<\/strong><br \/>\nMarco en policarbonato de buena calidad.<br \/>\nBisagras met\u00e1licas.<\/p>\n<p><strong>PERFECTO PARA:<\/strong><br \/>\nGamers que est\u00e1n muy concentrados y que pasan muchas horas frente a la pantalla de una computadora.<br \/>\nPersonas que pasan muchas horas delante de un ordenador por su trabajo o en su tiempo libre.<br \/>\nLas personas que ven televisi\u00f3n miran el tel\u00e9fono o la tableta durante muchas horas.<\/p>\n<p><em><strong>Cuide sus ojos y compre Combina Eyewear Anti Blue Light Glasses para una protecci\u00f3n ocular \u00f3ptima.<\/strong><\/em><\/p>","protected":false},"excerpt":{"rendered":"<p>Gafas Anti Luz Azul \u2013 Combina Eyewear<br \/>\nFiltra la luz azul y protege tus ojos.<br \/>\nUtilizado por jugadores y personas que se sientan mucho frente a la pantalla.<\/p>","protected":false},"featured_media":8394,"comment_status":"closed","ping_status":"closed","template":"","meta":{"om_disable_all_campaigns":false,"_monsterinsights_skip_tracking":false,"_monsterinsights_sitenote_active":false,"_monsterinsights_sitenote_note":"","_monsterinsights_sitenote_category":0},"product_brand":[],"product_cat":[1051],"product_tag":[700,912,703,702,913,704],"class_list":{"0":"post-7049","1":"product","2":"type-product","3":"status-publish","4":"has-post-thumbnail","6":"product_cat-skaermbriller-gaming-briller","7":"product_tag-anti-blaa-lys-briller","8":"product_tag-art","9":"product_tag-gaming-briller","10":"product_tag-limewave","11":"product_tag-prikker","12":"product_tag-skaermbriller","14":"first","15":"instock","16":"sale","17":"shipping-taxable","18":"purchasable","19":"product-type-simple"},"yoast_head":"<!-- This site is optimized with the Yoast SEO plugin v27.5 - https:\/\/yoast.com\/product\/yoast-seo-wordpress\/ -->\n<title>Anti Bl\u00e5 Lys Briller \/ Gaming briller - Combina Eyewear | K\u00f8b online her | LOCS<\/title>\n<meta name=\"description\" content=\"K\u00f8b Anti Bl\u00e5 Lys Briller \/ Gaming briller - Combina Eyewear her | EU&#039;s st\u00f8rste udvalg af LOCS solbriller | Vi sender fra EU - Ingen ekstra import udgifter\" \/>\n<meta name=\"robots\" content=\"index, follow, max-snippet:-1, max-image-preview:large, max-video-preview:-1\" \/>\n<link rel=\"canonical\" href=\"https:\/\/locsshop.eu\/es\/shop\/anti-blaa-lys-briller-gaming-briller-combina-eyewear\/\" \/>\n<meta property=\"og:locale\" content=\"es_ES\" \/>\n<meta property=\"og:type\" content=\"article\" \/>\n<meta property=\"og:title\" content=\"Anti Bl\u00e5 Lys Briller \/ Gaming briller - Combina Eyewear | K\u00f8b online her | LOCS\" \/>\n<meta property=\"og:description\" content=\"K\u00f8b Anti Bl\u00e5 Lys Briller \/ Gaming briller - Combina Eyewear her | EU&#039;s st\u00f8rste udvalg af LOCS solbriller | Vi sender fra EU - Ingen ekstra import udgifter\" \/>\n<meta property=\"og:url\" content=\"https:\/\/locsshop.eu\/es\/shop\/anti-blaa-lys-briller-gaming-briller-combina-eyewear\/\" \/>\n<meta property=\"og:site_name\" content=\"Locs Sunglasses - LOCS Supplier in EU\" \/>\n<meta property=\"article:modified_time\" content=\"2026-05-03T12:45:33+00:00\" \/>\n<meta property=\"og:image\" content=\"https:\/\/locsshop.eu\/wp-content\/uploads\/2019\/10\/Anti-blue-light-glasses-Combina-Eyewear-1.jpg\" \/>\n\t<meta property=\"og:image:width\" content=\"1000\" \/>\n\t<meta property=\"og:image:height\" content=\"1000\" \/>\n\t<meta property=\"og:image:type\" content=\"image\/jpeg\" \/>\n<meta name=\"twitter:card\" content=\"summary_large_image\" \/>\n<meta name=\"twitter:label1\" content=\"Tiempo de lectura\" \/>\n\t<meta name=\"twitter:data1\" content=\"1 minuto\" \/>\n<script type=\"application\/ld+json\" class=\"yoast-schema-graph\">{\"@context\":\"https:\\\/\\\/schema.org\",\"@graph\":[{\"@type\":\"WebPage\",\"@id\":\"https:\\\/\\\/locsshop.eu\\\/shop\\\/anti-blaa-lys-briller-gaming-briller-combina-eyewear\\\/\",\"url\":\"https:\\\/\\\/locsshop.eu\\\/shop\\\/anti-blaa-lys-briller-gaming-briller-combina-eyewear\\\/\",\"name\":\"Anti Bl\u00e5 Lys Briller \\\/ Gaming briller - Combina Eyewear | K\u00f8b online her | LOCS\",\"isPartOf\":{\"@id\":\"https:\\\/\\\/locsshop.eu\\\/#website\"},\"primaryImageOfPage\":{\"@id\":\"https:\\\/\\\/locsshop.eu\\\/shop\\\/anti-blaa-lys-briller-gaming-briller-combina-eyewear\\\/#primaryimage\"},\"image\":{\"@id\":\"https:\\\/\\\/locsshop.eu\\\/shop\\\/anti-blaa-lys-briller-gaming-briller-combina-eyewear\\\/#primaryimage\"},\"thumbnailUrl\":\"https:\\\/\\\/locsshop.eu\\\/wp-content\\\/uploads\\\/2019\\\/10\\\/Anti-blue-light-glasses-Combina-Eyewear-1.jpg\",\"datePublished\":\"2019-10-10T21:16:27+00:00\",\"dateModified\":\"2026-05-03T12:45:33+00:00\",\"description\":\"K\u00f8b Anti Bl\u00e5 Lys Briller \\\/ Gaming briller - Combina Eyewear her | EU's st\u00f8rste udvalg af LOCS solbriller | Vi sender fra EU - Ingen ekstra import udgifter\",\"breadcrumb\":{\"@id\":\"https:\\\/\\\/locsshop.eu\\\/shop\\\/anti-blaa-lys-briller-gaming-briller-combina-eyewear\\\/#breadcrumb\"},\"inLanguage\":\"es\",\"potentialAction\":[{\"@type\":\"ReadAction\",\"target\":[\"https:\\\/\\\/locsshop.eu\\\/shop\\\/anti-blaa-lys-briller-gaming-briller-combina-eyewear\\\/\"]}]},{\"@type\":\"ImageObject\",\"inLanguage\":\"es\",\"@id\":\"https:\\\/\\\/locsshop.eu\\\/shop\\\/anti-blaa-lys-briller-gaming-briller-combina-eyewear\\\/#primaryimage\",\"url\":\"https:\\\/\\\/locsshop.eu\\\/wp-content\\\/uploads\\\/2019\\\/10\\\/Anti-blue-light-glasses-Combina-Eyewear-1.jpg\",\"contentUrl\":\"https:\\\/\\\/locsshop.eu\\\/wp-content\\\/uploads\\\/2019\\\/10\\\/Anti-blue-light-glasses-Combina-Eyewear-1.jpg\",\"width\":1000,\"height\":1000},{\"@type\":\"BreadcrumbList\",\"@id\":\"https:\\\/\\\/locsshop.eu\\\/shop\\\/anti-blaa-lys-briller-gaming-briller-combina-eyewear\\\/#breadcrumb\",\"itemListElement\":[{\"@type\":\"ListItem\",\"position\":1,\"name\":\"Hjem\",\"item\":\"https:\\\/\\\/locsshop.eu\\\/\"},{\"@type\":\"ListItem\",\"position\":2,\"name\":\"Shop\",\"item\":\"https:\\\/\\\/locsshop.eu\\\/shop\\\/\"},{\"@type\":\"ListItem\",\"position\":3,\"name\":\"Anti Bl\u00e5 Lys Briller \\\/ Gaming briller &#8211; Combina Eyewear\"}]},{\"@type\":\"WebSite\",\"@id\":\"https:\\\/\\\/locsshop.eu\\\/#website\",\"url\":\"https:\\\/\\\/locsshop.eu\\\/\",\"name\":\"Locs Sunglasses - LOCS Supplier in EU\",\"description\":\"We sell cheap LOCS Sunglasses\",\"publisher\":{\"@id\":\"https:\\\/\\\/locsshop.eu\\\/#organization\"},\"potentialAction\":[{\"@type\":\"SearchAction\",\"target\":{\"@type\":\"EntryPoint\",\"urlTemplate\":\"https:\\\/\\\/locsshop.eu\\\/?s={search_term_string}\"},\"query-input\":{\"@type\":\"PropertyValueSpecification\",\"valueRequired\":true,\"valueName\":\"search_term_string\"}}],\"inLanguage\":\"es\"},{\"@type\":\"Organization\",\"@id\":\"https:\\\/\\\/locsshop.eu\\\/#organization\",\"name\":\"Locsshop.eu\",\"url\":\"https:\\\/\\\/locsshop.eu\\\/\",\"logo\":{\"@type\":\"ImageObject\",\"inLanguage\":\"es\",\"@id\":\"https:\\\/\\\/locsshop.eu\\\/#\\\/schema\\\/logo\\\/image\\\/\",\"url\":\"https:\\\/\\\/locsshop.eu\\\/wp-content\\\/uploads\\\/2022\\\/02\\\/Locsshop-logo.png\",\"contentUrl\":\"https:\\\/\\\/locsshop.eu\\\/wp-content\\\/uploads\\\/2022\\\/02\\\/Locsshop-logo.png\",\"width\":930,\"height\":200,\"caption\":\"Locsshop.eu\"},\"image\":{\"@id\":\"https:\\\/\\\/locsshop.eu\\\/#\\\/schema\\\/logo\\\/image\\\/\"}}]}<\/script>\n<!-- \/ Yoast SEO plugin. -->","yoast_head_json":{"title":"Gafas Anti Luz Azul \/ Gafas Gaming - Combina Eyewear | Compra online aqu\u00ed | LOC","description":"Comprar Gafas anti luz azul \/ Gafas para juegos - Combina Eyewear aqu\u00ed | La mayor selecci\u00f3n de gafas de sol LOCS de la UE | Enviamos desde la UE - Sin costos adicionales de importaci\u00f3n","robots":{"index":"index","follow":"follow","max-snippet":"max-snippet:-1","max-image-preview":"max-image-preview:large","max-video-preview":"max-video-preview:-1"},"canonical":"https:\/\/locsshop.eu\/es\/shop\/anti-blaa-lys-briller-gaming-briller-combina-eyewear\/","og_locale":"es_ES","og_type":"article","og_title":"Anti Bl\u00e5 Lys Briller \/ Gaming briller - Combina Eyewear | K\u00f8b online her | LOCS","og_description":"K\u00f8b Anti Bl\u00e5 Lys Briller \/ Gaming briller - Combina Eyewear her | EU's st\u00f8rste udvalg af LOCS solbriller | Vi sender fra EU - Ingen ekstra import udgifter","og_url":"https:\/\/locsshop.eu\/es\/shop\/anti-blaa-lys-briller-gaming-briller-combina-eyewear\/","og_site_name":"Locs Sunglasses - LOCS Supplier in EU","article_modified_time":"2026-05-03T12:45:33+00:00","og_image":[{"width":1000,"height":1000,"url":"https:\/\/locsshop.eu\/wp-content\/uploads\/2019\/10\/Anti-blue-light-glasses-Combina-Eyewear-1.jpg","type":"image\/jpeg"}],"twitter_card":"summary_large_image","twitter_misc":{"Tiempo de lectura":"1 minuto"},"schema":{"@context":"https:\/\/schema.org","@graph":[{"@type":"WebPage","@id":"https:\/\/locsshop.eu\/shop\/anti-blaa-lys-briller-gaming-briller-combina-eyewear\/","url":"https:\/\/locsshop.eu\/shop\/anti-blaa-lys-briller-gaming-briller-combina-eyewear\/","name":"Gafas Anti Luz Azul \/ Gafas Gaming - Combina Eyewear | Compra online aqu\u00ed | LOC","isPartOf":{"@id":"https:\/\/locsshop.eu\/#website"},"primaryImageOfPage":{"@id":"https:\/\/locsshop.eu\/shop\/anti-blaa-lys-briller-gaming-briller-combina-eyewear\/#primaryimage"},"image":{"@id":"https:\/\/locsshop.eu\/shop\/anti-blaa-lys-briller-gaming-briller-combina-eyewear\/#primaryimage"},"thumbnailUrl":"https:\/\/locsshop.eu\/wp-content\/uploads\/2019\/10\/Anti-blue-light-glasses-Combina-Eyewear-1.jpg","datePublished":"2019-10-10T21:16:27+00:00","dateModified":"2026-05-03T12:45:33+00:00","description":"Comprar Gafas anti luz azul \/ Gafas para juegos - Combina Eyewear aqu\u00ed | La mayor selecci\u00f3n de gafas de sol LOCS de la UE | Enviamos desde la UE - Sin costos adicionales de importaci\u00f3n","breadcrumb":{"@id":"https:\/\/locsshop.eu\/shop\/anti-blaa-lys-briller-gaming-briller-combina-eyewear\/#breadcrumb"},"inLanguage":"es","potentialAction":[{"@type":"ReadAction","target":["https:\/\/locsshop.eu\/shop\/anti-blaa-lys-briller-gaming-briller-combina-eyewear\/"]}]},{"@type":"ImageObject","inLanguage":"es","@id":"https:\/\/locsshop.eu\/shop\/anti-blaa-lys-briller-gaming-briller-combina-eyewear\/#primaryimage","url":"https:\/\/locsshop.eu\/wp-content\/uploads\/2019\/10\/Anti-blue-light-glasses-Combina-Eyewear-1.jpg","contentUrl":"https:\/\/locsshop.eu\/wp-content\/uploads\/2019\/10\/Anti-blue-light-glasses-Combina-Eyewear-1.jpg","width":1000,"height":1000},{"@type":"BreadcrumbList","@id":"https:\/\/locsshop.eu\/shop\/anti-blaa-lys-briller-gaming-briller-combina-eyewear\/#breadcrumb","itemListElement":[{"@type":"ListItem","position":1,"name":"Hjem","item":"https:\/\/locsshop.eu\/"},{"@type":"ListItem","position":2,"name":"Shop","item":"https:\/\/locsshop.eu\/shop\/"},{"@type":"ListItem","position":3,"name":"Anti Bl\u00e5 Lys Briller \/ Gaming briller &#8211; Combina Eyewear"}]},{"@type":"WebSite","@id":"https:\/\/locsshop.eu\/#website","url":"https:\/\/locsshop.eu\/","name":"Gafas de sol Locs - Proveedor LOCS en la UE","description":"Vendemos Gafas de Sol LOCS baratas","publisher":{"@id":"https:\/\/locsshop.eu\/#organization"},"potentialAction":[{"@type":"SearchAction","target":{"@type":"EntryPoint","urlTemplate":"https:\/\/locsshop.eu\/?s={search_term_string}"},"query-input":{"@type":"PropertyValueSpecification","valueRequired":true,"valueName":"search_term_string"}}],"inLanguage":"es"},{"@type":"Organization","@id":"https:\/\/locsshop.eu\/#organization","name":"Locsshop.eu","url":"https:\/\/locsshop.eu\/","logo":{"@type":"ImageObject","inLanguage":"es","@id":"https:\/\/locsshop.eu\/#\/schema\/logo\/image\/","url":"https:\/\/locsshop.eu\/wp-content\/uploads\/2022\/02\/Locsshop-logo.png","contentUrl":"https:\/\/locsshop.eu\/wp-content\/uploads\/2022\/02\/Locsshop-logo.png","width":930,"height":200,"caption":"Locsshop.eu"},"image":{"@id":"https:\/\/locsshop.eu\/#\/schema\/logo\/image\/"}}]}},"_links":{"self":[{"href":"https:\/\/locsshop.eu\/es\/wp-json\/wp\/v2\/product\/7049","targetHints":{"allow":["GET"]}}],"collection":[{"href":"https:\/\/locsshop.eu\/es\/wp-json\/wp\/v2\/product"}],"about":[{"href":"https:\/\/locsshop.eu\/es\/wp-json\/wp\/v2\/types\/product"}],"replies":[{"embeddable":true,"href":"https:\/\/locsshop.eu\/es\/wp-json\/wp\/v2\/comments?post=7049"}],"wp:featuredmedia":[{"embeddable":true,"href":"https:\/\/locsshop.eu\/es\/wp-json\/wp\/v2\/media\/8394"}],"wp:attachment":[{"href":"https:\/\/locsshop.eu\/es\/wp-json\/wp\/v2\/media?parent=7049"}],"wp:term":[{"taxonomy":"product_brand","embeddable":true,"href":"https:\/\/locsshop.eu\/es\/wp-json\/wp\/v2\/product_brand?post=7049"},{"taxonomy":"product_cat","embeddable":true,"href":"https:\/\/locsshop.eu\/es\/wp-json\/wp\/v2\/product_cat?post=7049"},{"taxonomy":"product_tag","embeddable":true,"href":"https:\/\/locsshop.eu\/es\/wp-json\/wp\/v2\/product_tag?post=7049"}],"curies":[{"name":"gracias","href":"https:\/\/api.w.org\/{rel}","templated":true}]}}