{"id":7362,"date":"2019-01-24T00:58:08","date_gmt":"2019-01-23T23:58:08","guid":{"rendered":"https:\/\/locsshop.eu\/shop\/roede-wayfarer-solbriller\/"},"modified":"2022-05-27T17:43:21","modified_gmt":"2022-05-27T15:43:21","slug":"roede-wayfarer-solbriller","status":"publish","type":"product","link":"https:\/\/locsshop.eu\/es\/shop\/roede-wayfarer-solbriller\/","title":{"rendered":"Gafas de sol Wayfarer rojas"},"content":{"rendered":"<h2>Gafas de sol Wayfarer rojas<\/h2>\n<p>Preciosas gafas de sol wayfarer rojas con lentes oscuras. Gafas de sol completamente cl\u00e1sicas que son geniales para festivales y uso diario.<br \/>\nMarco en blanco<\/p>\n<p>Material: Pl\u00e1stico<br \/>\nProtecci\u00f3n UV400<br \/>\nCE aprobado<\/p>","protected":false},"excerpt":{"rendered":"<p><strong>Gafas de sol Wayfarer rojas con lentes oscuras<br \/>\n<\/strong><br \/>\nMarco en blanco<br \/>\nCE aprobado<br \/>\nProtecci\u00f3n UV400<\/p>","protected":false},"featured_media":7363,"comment_status":"open","ping_status":"closed","template":"","meta":{"om_disable_all_campaigns":false,"_monsterinsights_skip_tracking":false,"_monsterinsights_sitenote_active":false,"_monsterinsights_sitenote_note":"","_monsterinsights_sitenote_category":0},"product_brand":[],"product_cat":[1026,1029,1025,1037],"product_tag":[545,440,453],"class_list":{"0":"post-7362","1":"product","2":"type-product","3":"status-publish","4":"has-post-thumbnail","6":"product_cat-dame-solbriller","7":"product_cat-herre-solbriller","8":"product_cat-billige-solbriller","9":"product_cat-wayfarer","10":"product_tag-roed","11":"product_tag-solbriller","12":"product_tag-wayfarer","14":"first","15":"outofstock","16":"shipping-taxable","17":"purchasable","18":"product-type-simple"},"yoast_head":"<!-- This site is optimized with the Yoast SEO plugin v27.2 - https:\/\/yoast.com\/product\/yoast-seo-wordpress\/ -->\n<title>R\u00f8de Wayfarer Solbriller | K\u00f8b online her | LOCS<\/title>\n<meta name=\"description\" content=\"K\u00f8b R\u00f8de Wayfarer Solbriller her | EU&#039;s st\u00f8rste udvalg af LOCS solbriller | Vi sender fra EU - Ingen ekstra import udgifter\" \/>\n<meta name=\"robots\" content=\"index, follow, max-snippet:-1, max-image-preview:large, max-video-preview:-1\" \/>\n<link rel=\"canonical\" href=\"https:\/\/locsshop.eu\/es\/shop\/roede-wayfarer-solbriller\/\" \/>\n<meta property=\"og:locale\" content=\"es_ES\" \/>\n<meta property=\"og:type\" content=\"article\" \/>\n<meta property=\"og:title\" content=\"R\u00f8de Wayfarer Solbriller | K\u00f8b online her | LOCS\" \/>\n<meta property=\"og:description\" content=\"K\u00f8b R\u00f8de Wayfarer Solbriller her | EU&#039;s st\u00f8rste udvalg af LOCS solbriller | Vi sender fra EU - Ingen ekstra import udgifter\" \/>\n<meta property=\"og:url\" content=\"https:\/\/locsshop.eu\/es\/shop\/roede-wayfarer-solbriller\/\" \/>\n<meta property=\"og:site_name\" content=\"Locs Sunglasses - LOCS Supplier in EU\" \/>\n<meta property=\"article:modified_time\" content=\"2022-05-27T15:43:21+00:00\" \/>\n<meta property=\"og:image\" content=\"https:\/\/locsshop.eu\/wp-content\/uploads\/2019\/01\/wayfarer-red-1.jpg\" \/>\n\t<meta property=\"og:image:width\" content=\"1000\" \/>\n\t<meta property=\"og:image:height\" content=\"1000\" \/>\n\t<meta property=\"og:image:type\" content=\"image\/jpeg\" \/>\n<meta name=\"twitter:card\" content=\"summary_large_image\" \/>\n<script type=\"application\/ld+json\" class=\"yoast-schema-graph\">{\"@context\":\"https:\/\/schema.org\",\"@graph\":[{\"@type\":\"WebPage\",\"@id\":\"https:\/\/locsshop.eu\/shop\/roede-wayfarer-solbriller\/\",\"url\":\"https:\/\/locsshop.eu\/shop\/roede-wayfarer-solbriller\/\",\"name\":\"R\u00f8de Wayfarer Solbriller | K\u00f8b online her | LOCS\",\"isPartOf\":{\"@id\":\"https:\/\/locsshop.eu\/#website\"},\"primaryImageOfPage\":{\"@id\":\"https:\/\/locsshop.eu\/shop\/roede-wayfarer-solbriller\/#primaryimage\"},\"image\":{\"@id\":\"https:\/\/locsshop.eu\/shop\/roede-wayfarer-solbriller\/#primaryimage\"},\"thumbnailUrl\":\"https:\/\/locsshop.eu\/wp-content\/uploads\/2019\/01\/wayfarer-red-1.jpg\",\"datePublished\":\"2019-01-23T23:58:08+00:00\",\"dateModified\":\"2022-05-27T15:43:21+00:00\",\"description\":\"K\u00f8b R\u00f8de Wayfarer Solbriller her | EU's st\u00f8rste udvalg af LOCS solbriller | Vi sender fra EU - Ingen ekstra import udgifter\",\"breadcrumb\":{\"@id\":\"https:\/\/locsshop.eu\/shop\/roede-wayfarer-solbriller\/#breadcrumb\"},\"inLanguage\":\"es\",\"potentialAction\":[{\"@type\":\"ReadAction\",\"target\":[\"https:\/\/locsshop.eu\/shop\/roede-wayfarer-solbriller\/\"]}]},{\"@type\":\"ImageObject\",\"inLanguage\":\"es\",\"@id\":\"https:\/\/locsshop.eu\/shop\/roede-wayfarer-solbriller\/#primaryimage\",\"url\":\"https:\/\/locsshop.eu\/wp-content\/uploads\/2019\/01\/wayfarer-red-1.jpg\",\"contentUrl\":\"https:\/\/locsshop.eu\/wp-content\/uploads\/2019\/01\/wayfarer-red-1.jpg\",\"width\":1000,\"height\":1000},{\"@type\":\"BreadcrumbList\",\"@id\":\"https:\/\/locsshop.eu\/shop\/roede-wayfarer-solbriller\/#breadcrumb\",\"itemListElement\":[{\"@type\":\"ListItem\",\"position\":1,\"name\":\"Hjem\",\"item\":\"https:\/\/locsshop.eu\/\"},{\"@type\":\"ListItem\",\"position\":2,\"name\":\"Shop\",\"item\":\"https:\/\/locsshop.eu\/shop\/\"},{\"@type\":\"ListItem\",\"position\":3,\"name\":\"R\u00f8de Wayfarer Solbriller\"}]},{\"@type\":\"WebSite\",\"@id\":\"https:\/\/locsshop.eu\/#website\",\"url\":\"https:\/\/locsshop.eu\/\",\"name\":\"Locs Sunglasses - LOCS Supplier in EU\",\"description\":\"We sell cheap LOCS Sunglasses\",\"publisher\":{\"@id\":\"https:\/\/locsshop.eu\/#organization\"},\"potentialAction\":[{\"@type\":\"SearchAction\",\"target\":{\"@type\":\"EntryPoint\",\"urlTemplate\":\"https:\/\/locsshop.eu\/?s={search_term_string}\"},\"query-input\":{\"@type\":\"PropertyValueSpecification\",\"valueRequired\":true,\"valueName\":\"search_term_string\"}}],\"inLanguage\":\"es\"},{\"@type\":\"Organization\",\"@id\":\"https:\/\/locsshop.eu\/#organization\",\"name\":\"Locsshop.eu\",\"url\":\"https:\/\/locsshop.eu\/\",\"logo\":{\"@type\":\"ImageObject\",\"inLanguage\":\"es\",\"@id\":\"https:\/\/locsshop.eu\/#\/schema\/logo\/image\/\",\"url\":\"https:\/\/locsshop.eu\/wp-content\/uploads\/2022\/02\/Locsshop-logo.png\",\"contentUrl\":\"https:\/\/locsshop.eu\/wp-content\/uploads\/2022\/02\/Locsshop-logo.png\",\"width\":930,\"height\":200,\"caption\":\"Locsshop.eu\"},\"image\":{\"@id\":\"https:\/\/locsshop.eu\/#\/schema\/logo\/image\/\"}}]}<\/script>\n<!-- \/ Yoast SEO plugin. -->","yoast_head_json":{"title":"Gafas de sol Wayfarer rojas | Compra online aqu\u00ed | LOC","description":"Comprar gafas de sol Wayfarer rojas aqu\u00ed | La mayor selecci\u00f3n de gafas de sol LOCS de la UE | Enviamos desde la UE - Sin costos adicionales de importaci\u00f3n","robots":{"index":"index","follow":"follow","max-snippet":"max-snippet:-1","max-image-preview":"max-image-preview:large","max-video-preview":"max-video-preview:-1"},"canonical":"https:\/\/locsshop.eu\/es\/shop\/roede-wayfarer-solbriller\/","og_locale":"es_ES","og_type":"article","og_title":"R\u00f8de Wayfarer Solbriller | K\u00f8b online her | LOCS","og_description":"K\u00f8b R\u00f8de Wayfarer Solbriller her | EU's st\u00f8rste udvalg af LOCS solbriller | Vi sender fra EU - Ingen ekstra import udgifter","og_url":"https:\/\/locsshop.eu\/es\/shop\/roede-wayfarer-solbriller\/","og_site_name":"Locs Sunglasses - LOCS Supplier in EU","article_modified_time":"2022-05-27T15:43:21+00:00","og_image":[{"width":1000,"height":1000,"url":"https:\/\/locsshop.eu\/wp-content\/uploads\/2019\/01\/wayfarer-red-1.jpg","type":"image\/jpeg"}],"twitter_card":"summary_large_image","schema":{"@context":"https:\/\/schema.org","@graph":[{"@type":"WebPage","@id":"https:\/\/locsshop.eu\/shop\/roede-wayfarer-solbriller\/","url":"https:\/\/locsshop.eu\/shop\/roede-wayfarer-solbriller\/","name":"Gafas de sol Wayfarer rojas | Compra online aqu\u00ed | LOC","isPartOf":{"@id":"https:\/\/locsshop.eu\/#website"},"primaryImageOfPage":{"@id":"https:\/\/locsshop.eu\/shop\/roede-wayfarer-solbriller\/#primaryimage"},"image":{"@id":"https:\/\/locsshop.eu\/shop\/roede-wayfarer-solbriller\/#primaryimage"},"thumbnailUrl":"https:\/\/locsshop.eu\/wp-content\/uploads\/2019\/01\/wayfarer-red-1.jpg","datePublished":"2019-01-23T23:58:08+00:00","dateModified":"2022-05-27T15:43:21+00:00","description":"Comprar gafas de sol Wayfarer rojas aqu\u00ed | La mayor selecci\u00f3n de gafas de sol LOCS de la UE | Enviamos desde la UE - Sin costos adicionales de importaci\u00f3n","breadcrumb":{"@id":"https:\/\/locsshop.eu\/shop\/roede-wayfarer-solbriller\/#breadcrumb"},"inLanguage":"es","potentialAction":[{"@type":"ReadAction","target":["https:\/\/locsshop.eu\/shop\/roede-wayfarer-solbriller\/"]}]},{"@type":"ImageObject","inLanguage":"es","@id":"https:\/\/locsshop.eu\/shop\/roede-wayfarer-solbriller\/#primaryimage","url":"https:\/\/locsshop.eu\/wp-content\/uploads\/2019\/01\/wayfarer-red-1.jpg","contentUrl":"https:\/\/locsshop.eu\/wp-content\/uploads\/2019\/01\/wayfarer-red-1.jpg","width":1000,"height":1000},{"@type":"BreadcrumbList","@id":"https:\/\/locsshop.eu\/shop\/roede-wayfarer-solbriller\/#breadcrumb","itemListElement":[{"@type":"ListItem","position":1,"name":"Hjem","item":"https:\/\/locsshop.eu\/"},{"@type":"ListItem","position":2,"name":"Shop","item":"https:\/\/locsshop.eu\/shop\/"},{"@type":"ListItem","position":3,"name":"R\u00f8de Wayfarer Solbriller"}]},{"@type":"WebSite","@id":"https:\/\/locsshop.eu\/#website","url":"https:\/\/locsshop.eu\/","name":"Gafas de sol Locs - Proveedor LOCS en la UE","description":"Vendemos Gafas de Sol LOCS baratas","publisher":{"@id":"https:\/\/locsshop.eu\/#organization"},"potentialAction":[{"@type":"SearchAction","target":{"@type":"EntryPoint","urlTemplate":"https:\/\/locsshop.eu\/?s={search_term_string}"},"query-input":{"@type":"PropertyValueSpecification","valueRequired":true,"valueName":"search_term_string"}}],"inLanguage":"es"},{"@type":"Organization","@id":"https:\/\/locsshop.eu\/#organization","name":"Locsshop.eu","url":"https:\/\/locsshop.eu\/","logo":{"@type":"ImageObject","inLanguage":"es","@id":"https:\/\/locsshop.eu\/#\/schema\/logo\/image\/","url":"https:\/\/locsshop.eu\/wp-content\/uploads\/2022\/02\/Locsshop-logo.png","contentUrl":"https:\/\/locsshop.eu\/wp-content\/uploads\/2022\/02\/Locsshop-logo.png","width":930,"height":200,"caption":"Locsshop.eu"},"image":{"@id":"https:\/\/locsshop.eu\/#\/schema\/logo\/image\/"}}]}},"_links":{"self":[{"href":"https:\/\/locsshop.eu\/es\/wp-json\/wp\/v2\/product\/7362","targetHints":{"allow":["GET"]}}],"collection":[{"href":"https:\/\/locsshop.eu\/es\/wp-json\/wp\/v2\/product"}],"about":[{"href":"https:\/\/locsshop.eu\/es\/wp-json\/wp\/v2\/types\/product"}],"replies":[{"embeddable":true,"href":"https:\/\/locsshop.eu\/es\/wp-json\/wp\/v2\/comments?post=7362"}],"wp:featuredmedia":[{"embeddable":true,"href":"https:\/\/locsshop.eu\/es\/wp-json\/wp\/v2\/media\/7363"}],"wp:attachment":[{"href":"https:\/\/locsshop.eu\/es\/wp-json\/wp\/v2\/media?parent=7362"}],"wp:term":[{"taxonomy":"product_brand","embeddable":true,"href":"https:\/\/locsshop.eu\/es\/wp-json\/wp\/v2\/product_brand?post=7362"},{"taxonomy":"product_cat","embeddable":true,"href":"https:\/\/locsshop.eu\/es\/wp-json\/wp\/v2\/product_cat?post=7362"},{"taxonomy":"product_tag","embeddable":true,"href":"https:\/\/locsshop.eu\/es\/wp-json\/wp\/v2\/product_tag?post=7362"}],"curies":[{"name":"gracias","href":"https:\/\/api.w.org\/{rel}","templated":true}]}}