{"id":9497,"date":"2023-02-06T11:49:41","date_gmt":"2023-02-06T10:49:41","guid":{"rendered":"https:\/\/locsshop.eu\/shop\/choppers-solbriller-boston-blank-sort-soelv\/"},"modified":"2023-08-31T16:00:05","modified_gmt":"2023-08-31T14:00:05","slug":"choppers-solbriller-boston-blank-sort-soelv","status":"publish","type":"product","link":"https:\/\/locsshop.eu\/es\/shop\/choppers-solbriller-boston-blank-sort-soelv\/","title":{"rendered":"Gafas de sol Choppers \u2013 Boston | Negro Brillo \u2013 Plata"},"content":{"rendered":"<h2><strong>Gafas de sol Choppers negro brillo con detalles plateados - Lentes oscuras<\/strong><\/h2>\n<h4>Gafas de sol s\u00faper crudas que irradian mucha actitud. Son de color negro brillante con lentes oscuros y tienen bonitos emblemas especiales de motociclistas en las barras.<br \/>\nLos logotipos y las barras geniales, donde la parte trasera de la barra est\u00e1 en un bonito color plateado, hacen que estas gafas de sol sean ultra modernas y son simplemente imprescindibles para los viajes de verano en su motocicleta.<br \/>\nUnas gafas de sol que definitivamente deber\u00edan estar en tu colecci\u00f3n de gafas de sol.<\/h4>\n<h4>Choppers Sunglasses es una popular marca estadounidense de gafas de sol que est\u00e1 dirigida principalmente a ciclistas y otras personas a las que les gusta la cultura ciclista.<br \/>\nLas gafas de sol de Chopper tienen logotipos y emblemas geniales, bonitos detalles y un estilo que combina a la perfecci\u00f3n con tu Harley 100%. Perfecto para ti que tienes un poco de actitud y quieres lucir ultra cool.<\/h4>\n<p>&nbsp;<\/p>\n<h4><strong><em>Detalles:<br \/>\n<\/em><\/strong><br \/>\nAncho interior: 13,6 cm<br \/>\nAltura: 4,5 cm<br \/>\nLongitud de la varilla: 13,5 cm<br \/>\nSuperficie: Brillante<\/h4>\n<h4>Material: Pl\u00e1stico y metal<br \/>\nProtecci\u00f3n UV400<br \/>\nCE aprobado<\/h4>\n<h4><img loading=\"lazy\" decoding=\"async\" class=\"alignnone wp-image-11154 size-full\" src=\"https:\/\/bazarsalg.dk\/wp-content\/uploads\/Stor-choppers-logo-280x280-1.jpg\" alt=\"\" width=\"280\" height=\"280\" \/><\/h4>\n<h4><em>Acerca de las gafas de sol de Chopper<\/em><\/h4>\n<p><strong><em>Gafas de sol estilo motero<\/em><\/strong><br \/>\n<em>Las gafas de sol Choppers se han vuelto muy populares entre los motociclistas y entusiastas de las motocicletas en todo el mundo y especialmente en los Estados Unidos. Es f\u00e1cil ver por qu\u00e9 con sus dise\u00f1os crudos \u00fanicos y estilos originales, as\u00ed como su ajuste c\u00f3modo para combinar con su Harley. Las gafas de sol Choppers vienen en muchos dise\u00f1os populares que seguramente llamar\u00e1n la atenci\u00f3n de todos. Estas gafas de sol Chopper est\u00e1n garantizadas para ser un \u00e9xito con el estilo agresivo entre tus amigos y conocidos a quienes tambi\u00e9n les gusta ese estilo.<br \/>\nCombinar\u00e1n muy bien con tu moto, coche americano o chaleco de cuero. Compra un par antes de que se agoten.<\/em><\/p>","protected":false},"excerpt":{"rendered":"<p><strong>Picadora \u2013 8CP6681<\/strong><br \/>\nMarco negro brillante con logos plateados - Vidrio oscuro<br \/>\nLa mitad de la barra es plateada por fuera<br \/>\nMarco de pl\u00e1stico<br \/>\nUV400<br \/>\nCE aprobado<\/p>\n<p><img loading=\"lazy\" decoding=\"async\" class=\"alignnone wp-image-11155 size-full\" src=\"https:\/\/bazarsalg.dk\/wp-content\/uploads\/Lille-choppers-logo-200x200-1.jpg\" alt=\"\" width=\"200\" height=\"200\" \/><\/p>","protected":false},"featured_media":9498,"comment_status":"open","ping_status":"closed","template":"","meta":{"om_disable_all_campaigns":false,"_monsterinsights_skip_tracking":false,"_monsterinsights_sitenote_active":false,"_monsterinsights_sitenote_note":"","_monsterinsights_sitenote_category":0},"product_brand":[],"product_cat":[1209,1049],"product_tag":[1214,1208,870],"class_list":{"0":"post-9497","1":"product","2":"type-product","3":"status-publish","4":"has-post-thumbnail","6":"product_cat-choppers-solbriller","7":"product_cat-premium-solbriller","8":"product_tag-8cp6681","9":"product_tag-choppers","10":"product_tag-p693","12":"first","13":"outofstock","14":"sale","15":"shipping-taxable","16":"purchasable","17":"product-type-simple"},"yoast_head":"<!-- This site is optimized with the Yoast SEO plugin v27.5 - https:\/\/yoast.com\/product\/yoast-seo-wordpress\/ -->\n<title>Choppers Solbriller - Boston | Blank Sort - S\u00f8lv | K\u00f8b online her | LOCS<\/title>\n<meta name=\"description\" content=\"K\u00f8b Choppers Solbriller - Boston | Blank Sort - S\u00f8lv her | EU&#039;s st\u00f8rste udvalg af LOCS solbriller | Vi sender fra EU - Ingen ekstra import udgifter\" \/>\n<meta name=\"robots\" content=\"index, follow, max-snippet:-1, max-image-preview:large, max-video-preview:-1\" \/>\n<link rel=\"canonical\" href=\"https:\/\/locsshop.eu\/es\/shop\/choppers-solbriller-boston-blank-sort-soelv\/\" \/>\n<meta property=\"og:locale\" content=\"es_ES\" \/>\n<meta property=\"og:type\" content=\"article\" \/>\n<meta property=\"og:title\" content=\"Choppers Solbriller - Boston | Blank Sort - S\u00f8lv | K\u00f8b online her | LOCS\" \/>\n<meta property=\"og:description\" content=\"K\u00f8b Choppers Solbriller - Boston | Blank Sort - S\u00f8lv her | EU&#039;s st\u00f8rste udvalg af LOCS solbriller | Vi sender fra EU - Ingen ekstra import udgifter\" \/>\n<meta property=\"og:url\" content=\"https:\/\/locsshop.eu\/es\/shop\/choppers-solbriller-boston-blank-sort-soelv\/\" \/>\n<meta property=\"og:site_name\" content=\"Locs Sunglasses - LOCS Supplier in EU\" \/>\n<meta property=\"article:modified_time\" content=\"2023-08-31T14:00:05+00:00\" \/>\n<meta property=\"og:image\" content=\"https:\/\/locsshop.eu\/wp-content\/uploads\/2023\/02\/8CP668110.jpg\" \/>\n\t<meta property=\"og:image:width\" content=\"800\" \/>\n\t<meta property=\"og:image:height\" content=\"800\" \/>\n\t<meta property=\"og:image:type\" content=\"image\/jpeg\" \/>\n<meta name=\"twitter:card\" content=\"summary_large_image\" \/>\n<meta name=\"twitter:label1\" content=\"Tiempo de lectura\" \/>\n\t<meta name=\"twitter:data1\" content=\"1 minuto\" \/>\n<script type=\"application\/ld+json\" class=\"yoast-schema-graph\">{\"@context\":\"https:\\\/\\\/schema.org\",\"@graph\":[{\"@type\":\"WebPage\",\"@id\":\"https:\\\/\\\/locsshop.eu\\\/shop\\\/choppers-solbriller-boston-blank-sort-soelv\\\/\",\"url\":\"https:\\\/\\\/locsshop.eu\\\/shop\\\/choppers-solbriller-boston-blank-sort-soelv\\\/\",\"name\":\"Choppers Solbriller - Boston | Blank Sort - S\u00f8lv | K\u00f8b online her | LOCS\",\"isPartOf\":{\"@id\":\"https:\\\/\\\/locsshop.eu\\\/#website\"},\"primaryImageOfPage\":{\"@id\":\"https:\\\/\\\/locsshop.eu\\\/shop\\\/choppers-solbriller-boston-blank-sort-soelv\\\/#primaryimage\"},\"image\":{\"@id\":\"https:\\\/\\\/locsshop.eu\\\/shop\\\/choppers-solbriller-boston-blank-sort-soelv\\\/#primaryimage\"},\"thumbnailUrl\":\"https:\\\/\\\/locsshop.eu\\\/wp-content\\\/uploads\\\/2023\\\/02\\\/8CP668110.jpg\",\"datePublished\":\"2023-02-06T10:49:41+00:00\",\"dateModified\":\"2023-08-31T14:00:05+00:00\",\"description\":\"K\u00f8b Choppers Solbriller - Boston | Blank Sort - S\u00f8lv her | EU's st\u00f8rste udvalg af LOCS solbriller | Vi sender fra EU - Ingen ekstra import udgifter\",\"breadcrumb\":{\"@id\":\"https:\\\/\\\/locsshop.eu\\\/shop\\\/choppers-solbriller-boston-blank-sort-soelv\\\/#breadcrumb\"},\"inLanguage\":\"es\",\"potentialAction\":[{\"@type\":\"ReadAction\",\"target\":[\"https:\\\/\\\/locsshop.eu\\\/shop\\\/choppers-solbriller-boston-blank-sort-soelv\\\/\"]}]},{\"@type\":\"ImageObject\",\"inLanguage\":\"es\",\"@id\":\"https:\\\/\\\/locsshop.eu\\\/shop\\\/choppers-solbriller-boston-blank-sort-soelv\\\/#primaryimage\",\"url\":\"https:\\\/\\\/locsshop.eu\\\/wp-content\\\/uploads\\\/2023\\\/02\\\/8CP668110.jpg\",\"contentUrl\":\"https:\\\/\\\/locsshop.eu\\\/wp-content\\\/uploads\\\/2023\\\/02\\\/8CP668110.jpg\",\"width\":800,\"height\":800},{\"@type\":\"BreadcrumbList\",\"@id\":\"https:\\\/\\\/locsshop.eu\\\/shop\\\/choppers-solbriller-boston-blank-sort-soelv\\\/#breadcrumb\",\"itemListElement\":[{\"@type\":\"ListItem\",\"position\":1,\"name\":\"Hjem\",\"item\":\"https:\\\/\\\/locsshop.eu\\\/\"},{\"@type\":\"ListItem\",\"position\":2,\"name\":\"Shop\",\"item\":\"https:\\\/\\\/locsshop.eu\\\/shop\\\/\"},{\"@type\":\"ListItem\",\"position\":3,\"name\":\"Choppers Solbriller &#8211; Boston | Blank Sort &#8211; S\u00f8lv\"}]},{\"@type\":\"WebSite\",\"@id\":\"https:\\\/\\\/locsshop.eu\\\/#website\",\"url\":\"https:\\\/\\\/locsshop.eu\\\/\",\"name\":\"Locs Sunglasses - LOCS Supplier in EU\",\"description\":\"We sell cheap LOCS Sunglasses\",\"publisher\":{\"@id\":\"https:\\\/\\\/locsshop.eu\\\/#organization\"},\"potentialAction\":[{\"@type\":\"SearchAction\",\"target\":{\"@type\":\"EntryPoint\",\"urlTemplate\":\"https:\\\/\\\/locsshop.eu\\\/?s={search_term_string}\"},\"query-input\":{\"@type\":\"PropertyValueSpecification\",\"valueRequired\":true,\"valueName\":\"search_term_string\"}}],\"inLanguage\":\"es\"},{\"@type\":\"Organization\",\"@id\":\"https:\\\/\\\/locsshop.eu\\\/#organization\",\"name\":\"Locsshop.eu\",\"url\":\"https:\\\/\\\/locsshop.eu\\\/\",\"logo\":{\"@type\":\"ImageObject\",\"inLanguage\":\"es\",\"@id\":\"https:\\\/\\\/locsshop.eu\\\/#\\\/schema\\\/logo\\\/image\\\/\",\"url\":\"https:\\\/\\\/locsshop.eu\\\/wp-content\\\/uploads\\\/2022\\\/02\\\/Locsshop-logo.png\",\"contentUrl\":\"https:\\\/\\\/locsshop.eu\\\/wp-content\\\/uploads\\\/2022\\\/02\\\/Locsshop-logo.png\",\"width\":930,\"height\":200,\"caption\":\"Locsshop.eu\"},\"image\":{\"@id\":\"https:\\\/\\\/locsshop.eu\\\/#\\\/schema\\\/logo\\\/image\\\/\"}}]}<\/script>\n<!-- \/ Yoast SEO plugin. -->","yoast_head_json":{"title":"Gafas de sol Choppers - Boston | Negro brillante - Plata | Compra online aqu\u00ed | LOC","description":"Comprar Gafas de sol Choppers - Boston | Negro brillante - Plata aqu\u00ed | La mayor selecci\u00f3n de gafas de sol LOCS de la UE | Enviamos desde la UE - Sin costos adicionales de importaci\u00f3n","robots":{"index":"index","follow":"follow","max-snippet":"max-snippet:-1","max-image-preview":"max-image-preview:large","max-video-preview":"max-video-preview:-1"},"canonical":"https:\/\/locsshop.eu\/es\/shop\/choppers-solbriller-boston-blank-sort-soelv\/","og_locale":"es_ES","og_type":"article","og_title":"Choppers Solbriller - Boston | Blank Sort - S\u00f8lv | K\u00f8b online her | LOCS","og_description":"K\u00f8b Choppers Solbriller - Boston | Blank Sort - S\u00f8lv her | EU's st\u00f8rste udvalg af LOCS solbriller | Vi sender fra EU - Ingen ekstra import udgifter","og_url":"https:\/\/locsshop.eu\/es\/shop\/choppers-solbriller-boston-blank-sort-soelv\/","og_site_name":"Locs Sunglasses - LOCS Supplier in EU","article_modified_time":"2023-08-31T14:00:05+00:00","og_image":[{"width":800,"height":800,"url":"https:\/\/locsshop.eu\/wp-content\/uploads\/2023\/02\/8CP668110.jpg","type":"image\/jpeg"}],"twitter_card":"summary_large_image","twitter_misc":{"Tiempo de lectura":"1 minuto"},"schema":{"@context":"https:\/\/schema.org","@graph":[{"@type":"WebPage","@id":"https:\/\/locsshop.eu\/shop\/choppers-solbriller-boston-blank-sort-soelv\/","url":"https:\/\/locsshop.eu\/shop\/choppers-solbriller-boston-blank-sort-soelv\/","name":"Gafas de sol Choppers - Boston | Negro brillante - Plata | Compra online aqu\u00ed | LOC","isPartOf":{"@id":"https:\/\/locsshop.eu\/#website"},"primaryImageOfPage":{"@id":"https:\/\/locsshop.eu\/shop\/choppers-solbriller-boston-blank-sort-soelv\/#primaryimage"},"image":{"@id":"https:\/\/locsshop.eu\/shop\/choppers-solbriller-boston-blank-sort-soelv\/#primaryimage"},"thumbnailUrl":"https:\/\/locsshop.eu\/wp-content\/uploads\/2023\/02\/8CP668110.jpg","datePublished":"2023-02-06T10:49:41+00:00","dateModified":"2023-08-31T14:00:05+00:00","description":"Comprar Gafas de sol Choppers - Boston | Negro brillante - Plata aqu\u00ed | La mayor selecci\u00f3n de gafas de sol LOCS de la UE | Enviamos desde la UE - Sin costos adicionales de importaci\u00f3n","breadcrumb":{"@id":"https:\/\/locsshop.eu\/shop\/choppers-solbriller-boston-blank-sort-soelv\/#breadcrumb"},"inLanguage":"es","potentialAction":[{"@type":"ReadAction","target":["https:\/\/locsshop.eu\/shop\/choppers-solbriller-boston-blank-sort-soelv\/"]}]},{"@type":"ImageObject","inLanguage":"es","@id":"https:\/\/locsshop.eu\/shop\/choppers-solbriller-boston-blank-sort-soelv\/#primaryimage","url":"https:\/\/locsshop.eu\/wp-content\/uploads\/2023\/02\/8CP668110.jpg","contentUrl":"https:\/\/locsshop.eu\/wp-content\/uploads\/2023\/02\/8CP668110.jpg","width":800,"height":800},{"@type":"BreadcrumbList","@id":"https:\/\/locsshop.eu\/shop\/choppers-solbriller-boston-blank-sort-soelv\/#breadcrumb","itemListElement":[{"@type":"ListItem","position":1,"name":"Hjem","item":"https:\/\/locsshop.eu\/"},{"@type":"ListItem","position":2,"name":"Shop","item":"https:\/\/locsshop.eu\/shop\/"},{"@type":"ListItem","position":3,"name":"Choppers Solbriller &#8211; Boston | Blank Sort &#8211; S\u00f8lv"}]},{"@type":"WebSite","@id":"https:\/\/locsshop.eu\/#website","url":"https:\/\/locsshop.eu\/","name":"Gafas de sol Locs - Proveedor LOCS en la UE","description":"Vendemos Gafas de Sol LOCS baratas","publisher":{"@id":"https:\/\/locsshop.eu\/#organization"},"potentialAction":[{"@type":"SearchAction","target":{"@type":"EntryPoint","urlTemplate":"https:\/\/locsshop.eu\/?s={search_term_string}"},"query-input":{"@type":"PropertyValueSpecification","valueRequired":true,"valueName":"search_term_string"}}],"inLanguage":"es"},{"@type":"Organization","@id":"https:\/\/locsshop.eu\/#organization","name":"Locsshop.eu","url":"https:\/\/locsshop.eu\/","logo":{"@type":"ImageObject","inLanguage":"es","@id":"https:\/\/locsshop.eu\/#\/schema\/logo\/image\/","url":"https:\/\/locsshop.eu\/wp-content\/uploads\/2022\/02\/Locsshop-logo.png","contentUrl":"https:\/\/locsshop.eu\/wp-content\/uploads\/2022\/02\/Locsshop-logo.png","width":930,"height":200,"caption":"Locsshop.eu"},"image":{"@id":"https:\/\/locsshop.eu\/#\/schema\/logo\/image\/"}}]}},"_links":{"self":[{"href":"https:\/\/locsshop.eu\/es\/wp-json\/wp\/v2\/product\/9497","targetHints":{"allow":["GET"]}}],"collection":[{"href":"https:\/\/locsshop.eu\/es\/wp-json\/wp\/v2\/product"}],"about":[{"href":"https:\/\/locsshop.eu\/es\/wp-json\/wp\/v2\/types\/product"}],"replies":[{"embeddable":true,"href":"https:\/\/locsshop.eu\/es\/wp-json\/wp\/v2\/comments?post=9497"}],"wp:featuredmedia":[{"embeddable":true,"href":"https:\/\/locsshop.eu\/es\/wp-json\/wp\/v2\/media\/9498"}],"wp:attachment":[{"href":"https:\/\/locsshop.eu\/es\/wp-json\/wp\/v2\/media?parent=9497"}],"wp:term":[{"taxonomy":"product_brand","embeddable":true,"href":"https:\/\/locsshop.eu\/es\/wp-json\/wp\/v2\/product_brand?post=9497"},{"taxonomy":"product_cat","embeddable":true,"href":"https:\/\/locsshop.eu\/es\/wp-json\/wp\/v2\/product_cat?post=9497"},{"taxonomy":"product_tag","embeddable":true,"href":"https:\/\/locsshop.eu\/es\/wp-json\/wp\/v2\/product_tag?post=9497"}],"curies":[{"name":"gracias","href":"https:\/\/api.w.org\/{rel}","templated":true}]}}