{"id":9584,"date":"2023-03-02T19:46:20","date_gmt":"2023-03-02T18:46:20","guid":{"rendered":"https:\/\/locsshop.eu\/shop\/wood-cateye-handout-apparel-bambus-solbriller-moerke-glas\/"},"modified":"2025-07-05T01:55:36","modified_gmt":"2025-07-04T23:55:36","slug":"wood-cateye-handout-apparel-bambus-solbriller-moerke-glas","status":"publish","type":"product","link":"https:\/\/locsshop.eu\/es\/shop\/wood-cateye-handout-apparel-bambus-solbriller-moerke-glas\/","title":{"rendered":"Wood Cateye Handout Apparel Gafas de sol de bamb\u00fa | Lentes oscuros"},"content":{"rendered":"<h2><strong>Cool Cateye gafas de sol de bamb\u00fa con lentes oscuros - Incl. Estuche de bamb\u00fa<\/strong><\/h2>\n<h4>Estas gafas de sol cateye redondas de bamb\u00fa tienen una elegante montura de madera marr\u00f3n y lentes oscuras. Perfectas para cualquier ocasi\u00f3n, estas elegantes gafas de sol est\u00e1n dise\u00f1adas pensando en la comodidad y la durabilidad.<br \/>\nSu peso ligero los hace f\u00e1ciles de transportar y su forma atemporal agrega una actualizaci\u00f3n fresca y elegante a su apariencia. Con protecci\u00f3n UV 100 %, estas gafas de sol te mantienen a salvo de los rayos nocivos del sol.<br \/>\nLas gafas de sol tienen varillas flexibles para un ajuste \u00f3ptimo y perfecto.<br \/>\nLos logotipos Handout Apparel grabados en los polos hacen que las gafas de sol parezcan exclusivas y con el logotipo del coraz\u00f3n indicas que amas nuestra naturaleza y que has hecho una elecci\u00f3n consciente para cuidarla lo mejor posible, incluso si llevas unas bonitas gafas de sol.<\/h4>\n<h4>Se incluye un bonito estuche de bamb\u00fa con sus nuevas gafas de sol Handout Apparel Bamboo, para que pueda llevar sus gafas de sol de bamb\u00fa a todas partes sin que se da\u00f1en.<\/p>\n<p><span data-text-color=\"secondary\"><strong>Tenga en cuenta que las gafas de sol son \u00fanicas y est\u00e1n cortadas en madera diferente y, por lo tanto, no coinciden con las im\u00e1genes 100% ya que la textura de la madera es diferente.<\/strong><\/span><br \/>\n<strong><br \/>\nLe recomendamos que compre una funda adicional para que sus nuevas y geniales gafas de sol no se rayen cuando est\u00e9n en la funda de bamb\u00fa.<\/strong><br \/>\n<strong>Encuentre nuestros estuches en la categor\u00eda de accesorios y compre cualquier otro tambi\u00e9n un pa\u00f1o de limpieza para una limpieza \u00f3ptima de las gafas.<\/strong><\/h4>\n<h4><\/h4>\n<p>&nbsp;<\/p>\n<h4><strong><em>Detalles:<br \/>\n<\/em><\/strong><br \/>\nAncho interior: 12,6 cm<br \/>\nAltura: 5,2 cm<br \/>\nLongitud de la varilla: 14,4 cm<\/h4>\n<p>Material: Bamb\u00fa y metal<br \/>\nProtecci\u00f3n UV400<\/p>\n<h4><img loading=\"lazy\" decoding=\"async\" class=\"alignnone wp-image-11258 size-full\" src=\"https:\/\/bazarsalg.dk\/wp-content\/uploads\/handout-apparel-logo-lille.jpg\" alt=\"\" width=\"320\" height=\"218\" \/><\/h4>\n<h4><em>Acerca de las gafas de sol de bamb\u00fa Handout Apparel<\/em><\/h4>\n<p><strong><em>Gafas de sol en materiales sostenibles<\/em><\/strong><br \/>\nLas gafas de sol de bamb\u00fa son una alternativa sostenible, justa y asequible a las gafas de sol de pl\u00e1stico.<br \/>\nLas gafas de sol de bamb\u00fa son cada vez m\u00e1s populares. Son elegantes y livianos, lo que los hace c\u00f3modos de usar durante largos per\u00edodos de tiempo. Son naturalmente amigables con el medio ambiente porque el bamb\u00fa es un recurso renovable. Tambi\u00e9n proporcionan una buena protecci\u00f3n solar y son sorprendentemente duraderos. Las gafas de sol de bamb\u00fa son realmente \u00fanicas y est\u00e1n disponibles en muchas formas, tama\u00f1os y colores diferentes. Son perfectos para cualquier actividad al aire libre, desde un d\u00eda en la playa hasta un paseo por la tarde. Los marcos resistentes y modernos los convierten en el accesorio perfecto para completar cualquier atuendo. Si est\u00e1 buscando un par de gafas de sol elegantes y ecol\u00f3gicas, el bamb\u00fa es la soluci\u00f3n adecuada para usted.<\/p>","protected":false},"excerpt":{"rendered":"<p><strong>FOLLETO ROPA \u2013 HA-7<\/strong><br \/>\nMarco de bamb\u00fa marr\u00f3n y metal con logos grabados - Vidrio oscuro<br \/>\nFlex Bars: para un ajuste \u00f3ptimo<br \/>\nEstuche de bamb\u00fa incluido<br \/>\nProtecci\u00f3n UV400<\/p>\n<p><img loading=\"lazy\" decoding=\"async\" class=\"alignnone wp-image-11257 size-full\" src=\"https:\/\/bazarsalg.dk\/wp-content\/uploads\/Earth-Friendly.png\" alt=\"\" width=\"113\" height=\"148\" \/><\/p>","protected":false},"featured_media":9585,"comment_status":"open","ping_status":"closed","template":"","meta":{"om_disable_all_campaigns":false,"_monsterinsights_skip_tracking":false,"_monsterinsights_sitenote_active":false,"_monsterinsights_sitenote_note":"","_monsterinsights_sitenote_category":0},"product_brand":[],"product_cat":[1026,1029,1025,1040,1227,1049],"product_tag":[1224,503,1233,1226],"class_list":{"0":"post-9584","1":"product","2":"type-product","3":"status-publish","4":"has-post-thumbnail","6":"product_cat-dame-solbriller","7":"product_cat-herre-solbriller","8":"product_cat-billige-solbriller","9":"product_cat-clubmaster","10":"product_cat-handout-apparel","11":"product_cat-premium-solbriller","12":"product_tag-apparel","13":"product_tag-bambus","14":"product_tag-ha-7","15":"product_tag-handout","17":"first","18":"instock","19":"shipping-taxable","20":"purchasable","21":"product-type-simple"},"yoast_head":"<!-- This site is optimized with the Yoast SEO plugin v27.5 - https:\/\/yoast.com\/product\/yoast-seo-wordpress\/ -->\n<title>Wood Cateye Handout Apparel Bambus Solbriller | M\u00f8rke glas | K\u00f8b online her | LOCS<\/title>\n<meta name=\"description\" content=\"K\u00f8b Wood Cateye Handout Apparel Bambus Solbriller | M\u00f8rke glas her | EU&#039;s st\u00f8rste udvalg af LOCS solbriller | Vi sender fra EU - Ingen ekstra import udgifter\" \/>\n<meta name=\"robots\" content=\"index, follow, max-snippet:-1, max-image-preview:large, max-video-preview:-1\" \/>\n<link rel=\"canonical\" href=\"https:\/\/locsshop.eu\/es\/shop\/wood-cateye-handout-apparel-bambus-solbriller-moerke-glas\/\" \/>\n<meta property=\"og:locale\" content=\"es_ES\" \/>\n<meta property=\"og:type\" content=\"article\" \/>\n<meta property=\"og:title\" content=\"Wood Cateye Handout Apparel Bambus Solbriller | M\u00f8rke glas | K\u00f8b online her | LOCS\" \/>\n<meta property=\"og:description\" content=\"K\u00f8b Wood Cateye Handout Apparel Bambus Solbriller | M\u00f8rke glas her | EU&#039;s st\u00f8rste udvalg af LOCS solbriller | Vi sender fra EU - Ingen ekstra import udgifter\" \/>\n<meta property=\"og:url\" content=\"https:\/\/locsshop.eu\/es\/shop\/wood-cateye-handout-apparel-bambus-solbriller-moerke-glas\/\" \/>\n<meta property=\"og:site_name\" content=\"Locs Sunglasses - LOCS Supplier in EU\" \/>\n<meta property=\"article:modified_time\" content=\"2025-07-04T23:55:36+00:00\" \/>\n<meta property=\"og:image\" content=\"https:\/\/locsshop.eu\/wp-content\/uploads\/2023\/03\/HA-7-Handout-Apparal-Black6.png\" \/>\n\t<meta property=\"og:image:width\" content=\"800\" \/>\n\t<meta property=\"og:image:height\" content=\"800\" \/>\n\t<meta property=\"og:image:type\" content=\"image\/png\" \/>\n<meta name=\"twitter:card\" content=\"summary_large_image\" \/>\n<meta name=\"twitter:label1\" content=\"Tiempo de lectura\" \/>\n\t<meta name=\"twitter:data1\" content=\"2 minutos\" \/>\n<script type=\"application\/ld+json\" class=\"yoast-schema-graph\">{\"@context\":\"https:\\\/\\\/schema.org\",\"@graph\":[{\"@type\":\"WebPage\",\"@id\":\"https:\\\/\\\/locsshop.eu\\\/shop\\\/wood-cateye-handout-apparel-bambus-solbriller-moerke-glas\\\/\",\"url\":\"https:\\\/\\\/locsshop.eu\\\/shop\\\/wood-cateye-handout-apparel-bambus-solbriller-moerke-glas\\\/\",\"name\":\"Wood Cateye Handout Apparel Bambus Solbriller | M\u00f8rke glas | K\u00f8b online her | LOCS\",\"isPartOf\":{\"@id\":\"https:\\\/\\\/locsshop.eu\\\/#website\"},\"primaryImageOfPage\":{\"@id\":\"https:\\\/\\\/locsshop.eu\\\/shop\\\/wood-cateye-handout-apparel-bambus-solbriller-moerke-glas\\\/#primaryimage\"},\"image\":{\"@id\":\"https:\\\/\\\/locsshop.eu\\\/shop\\\/wood-cateye-handout-apparel-bambus-solbriller-moerke-glas\\\/#primaryimage\"},\"thumbnailUrl\":\"https:\\\/\\\/locsshop.eu\\\/wp-content\\\/uploads\\\/2023\\\/03\\\/HA-7-Handout-Apparal-Black6.png\",\"datePublished\":\"2023-03-02T18:46:20+00:00\",\"dateModified\":\"2025-07-04T23:55:36+00:00\",\"description\":\"K\u00f8b Wood Cateye Handout Apparel Bambus Solbriller | M\u00f8rke glas her | EU's st\u00f8rste udvalg af LOCS solbriller | Vi sender fra EU - Ingen ekstra import udgifter\",\"breadcrumb\":{\"@id\":\"https:\\\/\\\/locsshop.eu\\\/shop\\\/wood-cateye-handout-apparel-bambus-solbriller-moerke-glas\\\/#breadcrumb\"},\"inLanguage\":\"es\",\"potentialAction\":[{\"@type\":\"ReadAction\",\"target\":[\"https:\\\/\\\/locsshop.eu\\\/shop\\\/wood-cateye-handout-apparel-bambus-solbriller-moerke-glas\\\/\"]}]},{\"@type\":\"ImageObject\",\"inLanguage\":\"es\",\"@id\":\"https:\\\/\\\/locsshop.eu\\\/shop\\\/wood-cateye-handout-apparel-bambus-solbriller-moerke-glas\\\/#primaryimage\",\"url\":\"https:\\\/\\\/locsshop.eu\\\/wp-content\\\/uploads\\\/2023\\\/03\\\/HA-7-Handout-Apparal-Black6.png\",\"contentUrl\":\"https:\\\/\\\/locsshop.eu\\\/wp-content\\\/uploads\\\/2023\\\/03\\\/HA-7-Handout-Apparal-Black6.png\",\"width\":800,\"height\":800},{\"@type\":\"BreadcrumbList\",\"@id\":\"https:\\\/\\\/locsshop.eu\\\/shop\\\/wood-cateye-handout-apparel-bambus-solbriller-moerke-glas\\\/#breadcrumb\",\"itemListElement\":[{\"@type\":\"ListItem\",\"position\":1,\"name\":\"Hjem\",\"item\":\"https:\\\/\\\/locsshop.eu\\\/\"},{\"@type\":\"ListItem\",\"position\":2,\"name\":\"Shop\",\"item\":\"https:\\\/\\\/locsshop.eu\\\/shop\\\/\"},{\"@type\":\"ListItem\",\"position\":3,\"name\":\"Wood Cateye Handout Apparel Bambus Solbriller | M\u00f8rke glas\"}]},{\"@type\":\"WebSite\",\"@id\":\"https:\\\/\\\/locsshop.eu\\\/#website\",\"url\":\"https:\\\/\\\/locsshop.eu\\\/\",\"name\":\"Locs Sunglasses - LOCS Supplier in EU\",\"description\":\"We sell cheap LOCS Sunglasses\",\"publisher\":{\"@id\":\"https:\\\/\\\/locsshop.eu\\\/#organization\"},\"potentialAction\":[{\"@type\":\"SearchAction\",\"target\":{\"@type\":\"EntryPoint\",\"urlTemplate\":\"https:\\\/\\\/locsshop.eu\\\/?s={search_term_string}\"},\"query-input\":{\"@type\":\"PropertyValueSpecification\",\"valueRequired\":true,\"valueName\":\"search_term_string\"}}],\"inLanguage\":\"es\"},{\"@type\":\"Organization\",\"@id\":\"https:\\\/\\\/locsshop.eu\\\/#organization\",\"name\":\"Locsshop.eu\",\"url\":\"https:\\\/\\\/locsshop.eu\\\/\",\"logo\":{\"@type\":\"ImageObject\",\"inLanguage\":\"es\",\"@id\":\"https:\\\/\\\/locsshop.eu\\\/#\\\/schema\\\/logo\\\/image\\\/\",\"url\":\"https:\\\/\\\/locsshop.eu\\\/wp-content\\\/uploads\\\/2022\\\/02\\\/Locsshop-logo.png\",\"contentUrl\":\"https:\\\/\\\/locsshop.eu\\\/wp-content\\\/uploads\\\/2022\\\/02\\\/Locsshop-logo.png\",\"width\":930,\"height\":200,\"caption\":\"Locsshop.eu\"},\"image\":{\"@id\":\"https:\\\/\\\/locsshop.eu\\\/#\\\/schema\\\/logo\\\/image\\\/\"}}]}<\/script>\n<!-- \/ Yoast SEO plugin. -->","yoast_head_json":{"title":"Wood Cateye Handout Apparel Gafas de sol de bamb\u00fa | Gafas oscuras | Compra online aqu\u00ed | LOC","description":"Comprar Gafas de sol Wood Cateye Handout Apparel Bamboo | Gafas oscuras aqu\u00ed | La mayor selecci\u00f3n de gafas de sol LOCS de la UE | Enviamos desde la UE - Sin costos adicionales de importaci\u00f3n","robots":{"index":"index","follow":"follow","max-snippet":"max-snippet:-1","max-image-preview":"max-image-preview:large","max-video-preview":"max-video-preview:-1"},"canonical":"https:\/\/locsshop.eu\/es\/shop\/wood-cateye-handout-apparel-bambus-solbriller-moerke-glas\/","og_locale":"es_ES","og_type":"article","og_title":"Wood Cateye Handout Apparel Bambus Solbriller | M\u00f8rke glas | K\u00f8b online her | LOCS","og_description":"K\u00f8b Wood Cateye Handout Apparel Bambus Solbriller | M\u00f8rke glas her | EU's st\u00f8rste udvalg af LOCS solbriller | Vi sender fra EU - Ingen ekstra import udgifter","og_url":"https:\/\/locsshop.eu\/es\/shop\/wood-cateye-handout-apparel-bambus-solbriller-moerke-glas\/","og_site_name":"Locs Sunglasses - LOCS Supplier in EU","article_modified_time":"2025-07-04T23:55:36+00:00","og_image":[{"width":800,"height":800,"url":"https:\/\/locsshop.eu\/wp-content\/uploads\/2023\/03\/HA-7-Handout-Apparal-Black6.png","type":"image\/png"}],"twitter_card":"summary_large_image","twitter_misc":{"Tiempo de lectura":"2 minutos"},"schema":{"@context":"https:\/\/schema.org","@graph":[{"@type":"WebPage","@id":"https:\/\/locsshop.eu\/shop\/wood-cateye-handout-apparel-bambus-solbriller-moerke-glas\/","url":"https:\/\/locsshop.eu\/shop\/wood-cateye-handout-apparel-bambus-solbriller-moerke-glas\/","name":"Wood Cateye Handout Apparel Gafas de sol de bamb\u00fa | Gafas oscuras | Compra online aqu\u00ed | LOC","isPartOf":{"@id":"https:\/\/locsshop.eu\/#website"},"primaryImageOfPage":{"@id":"https:\/\/locsshop.eu\/shop\/wood-cateye-handout-apparel-bambus-solbriller-moerke-glas\/#primaryimage"},"image":{"@id":"https:\/\/locsshop.eu\/shop\/wood-cateye-handout-apparel-bambus-solbriller-moerke-glas\/#primaryimage"},"thumbnailUrl":"https:\/\/locsshop.eu\/wp-content\/uploads\/2023\/03\/HA-7-Handout-Apparal-Black6.png","datePublished":"2023-03-02T18:46:20+00:00","dateModified":"2025-07-04T23:55:36+00:00","description":"Comprar Gafas de sol Wood Cateye Handout Apparel Bamboo | Gafas oscuras aqu\u00ed | La mayor selecci\u00f3n de gafas de sol LOCS de la UE | Enviamos desde la UE - Sin costos adicionales de importaci\u00f3n","breadcrumb":{"@id":"https:\/\/locsshop.eu\/shop\/wood-cateye-handout-apparel-bambus-solbriller-moerke-glas\/#breadcrumb"},"inLanguage":"es","potentialAction":[{"@type":"ReadAction","target":["https:\/\/locsshop.eu\/shop\/wood-cateye-handout-apparel-bambus-solbriller-moerke-glas\/"]}]},{"@type":"ImageObject","inLanguage":"es","@id":"https:\/\/locsshop.eu\/shop\/wood-cateye-handout-apparel-bambus-solbriller-moerke-glas\/#primaryimage","url":"https:\/\/locsshop.eu\/wp-content\/uploads\/2023\/03\/HA-7-Handout-Apparal-Black6.png","contentUrl":"https:\/\/locsshop.eu\/wp-content\/uploads\/2023\/03\/HA-7-Handout-Apparal-Black6.png","width":800,"height":800},{"@type":"BreadcrumbList","@id":"https:\/\/locsshop.eu\/shop\/wood-cateye-handout-apparel-bambus-solbriller-moerke-glas\/#breadcrumb","itemListElement":[{"@type":"ListItem","position":1,"name":"Hjem","item":"https:\/\/locsshop.eu\/"},{"@type":"ListItem","position":2,"name":"Shop","item":"https:\/\/locsshop.eu\/shop\/"},{"@type":"ListItem","position":3,"name":"Wood Cateye Handout Apparel Bambus Solbriller | M\u00f8rke glas"}]},{"@type":"WebSite","@id":"https:\/\/locsshop.eu\/#website","url":"https:\/\/locsshop.eu\/","name":"Gafas de sol Locs - Proveedor LOCS en la UE","description":"Vendemos Gafas de Sol LOCS baratas","publisher":{"@id":"https:\/\/locsshop.eu\/#organization"},"potentialAction":[{"@type":"SearchAction","target":{"@type":"EntryPoint","urlTemplate":"https:\/\/locsshop.eu\/?s={search_term_string}"},"query-input":{"@type":"PropertyValueSpecification","valueRequired":true,"valueName":"search_term_string"}}],"inLanguage":"es"},{"@type":"Organization","@id":"https:\/\/locsshop.eu\/#organization","name":"Locsshop.eu","url":"https:\/\/locsshop.eu\/","logo":{"@type":"ImageObject","inLanguage":"es","@id":"https:\/\/locsshop.eu\/#\/schema\/logo\/image\/","url":"https:\/\/locsshop.eu\/wp-content\/uploads\/2022\/02\/Locsshop-logo.png","contentUrl":"https:\/\/locsshop.eu\/wp-content\/uploads\/2022\/02\/Locsshop-logo.png","width":930,"height":200,"caption":"Locsshop.eu"},"image":{"@id":"https:\/\/locsshop.eu\/#\/schema\/logo\/image\/"}}]}},"_links":{"self":[{"href":"https:\/\/locsshop.eu\/es\/wp-json\/wp\/v2\/product\/9584","targetHints":{"allow":["GET"]}}],"collection":[{"href":"https:\/\/locsshop.eu\/es\/wp-json\/wp\/v2\/product"}],"about":[{"href":"https:\/\/locsshop.eu\/es\/wp-json\/wp\/v2\/types\/product"}],"replies":[{"embeddable":true,"href":"https:\/\/locsshop.eu\/es\/wp-json\/wp\/v2\/comments?post=9584"}],"wp:featuredmedia":[{"embeddable":true,"href":"https:\/\/locsshop.eu\/es\/wp-json\/wp\/v2\/media\/9585"}],"wp:attachment":[{"href":"https:\/\/locsshop.eu\/es\/wp-json\/wp\/v2\/media?parent=9584"}],"wp:term":[{"taxonomy":"product_brand","embeddable":true,"href":"https:\/\/locsshop.eu\/es\/wp-json\/wp\/v2\/product_brand?post=9584"},{"taxonomy":"product_cat","embeddable":true,"href":"https:\/\/locsshop.eu\/es\/wp-json\/wp\/v2\/product_cat?post=9584"},{"taxonomy":"product_tag","embeddable":true,"href":"https:\/\/locsshop.eu\/es\/wp-json\/wp\/v2\/product_tag?post=9584"}],"curies":[{"name":"gracias","href":"https:\/\/api.w.org\/{rel}","templated":true}]}}