{"id":9613,"date":"2023-03-09T12:42:27","date_gmt":"2023-03-09T11:42:27","guid":{"rendered":"https:\/\/locsshop.eu\/shop\/vg-solbriller-emma-sort-og-brun-turtle-fade-brune-glas\/"},"modified":"2024-11-04T20:15:38","modified_gmt":"2024-11-04T19:15:38","slug":"vg-solbriller-emma-sort-og-brun-turtle-fade-brune-glas","status":"publish","type":"product","link":"https:\/\/locsshop.eu\/es\/shop\/vg-solbriller-emma-sort-og-brun-turtle-fade-brune-glas\/","title":{"rendered":"Gafas de sol VG \u2013 Emma | Plato de tortuga negra y marr\u00f3n - Vidrio marr\u00f3n"},"content":{"rendered":"<h2><strong>Gafas de sol negras VG que se desvanecen en un marr\u00f3n tortuga y con detalles dorados - Lentes marrones<\/strong><\/h2>\n<h4>Elegantes anteojos de sol grandes y brillantes para mujer que se desvanecen en una tortuga marr\u00f3n en la parte inferior del frente del marco.<br \/>\nTienen un precioso metal dorado en los laterales, lo que le da a las gafas de sol un aspecto exclusivo.<br \/>\nEstos tienen unas c\u00f3modas lentes marrones con protecci\u00f3n UV400, por lo que tus ojos est\u00e1n bien protegidos de los rayos del sol.<\/h4>\n<h4>VG Sunglasses es una marca exclusiva de gafas de sol de dise\u00f1ador de los EE. UU. Las gafas de sol VG se han vuelto muy populares en la industria de las gafas de sol debido a su alta calidad, hermosos dise\u00f1os y variaciones populares.<br \/>\nEstos hermosos anteojos de sol son perfectos para la mujer consciente de la moda que quiere lucir exclusiva, sin pagar demasiado por una costosa marca de dise\u00f1ador.<\/h4>\n<p>&nbsp;<\/p>\n<h4><strong><em>Detalles:<br \/>\n<\/em><\/strong><br \/>\nAncho interior: 13,6 cm<br \/>\nAltura: 5,5 cm<br \/>\nLongitud de la varilla: 14,3 cm<br \/>\nSuperficie: Brillante<\/h4>\n<h4>Material: Pl\u00e1stico y metal<br \/>\nProtecci\u00f3n UV400<br \/>\nCE aprobado<\/h4>\n<h4><img loading=\"lazy\" decoding=\"async\" class=\"alignnone wp-image-11348 size-full\" src=\"https:\/\/bazarsalg.dk\/wp-content\/uploads\/VG-Logo.jpg\" alt=\"\" width=\"78\" height=\"62\" \/><\/h4>\n<h4><em>Acerca de las gafas de sol VG<\/em><\/h4>\n<p><strong><em>Gafas de sol en dise\u00f1os de moda.<\/em><\/strong><br \/>\n<em>VG Sunglasses es una marca estadounidense de gafas de sol que est\u00e1 dirigida principalmente a mujeres pero que tambi\u00e9n tiene dise\u00f1os para hombres, y que encuentra su inspiraci\u00f3n en la industria de la moda.<br \/>\nEstas son gafas de sol en dise\u00f1os que se asemejan a los dise\u00f1os de las grandes casas de moda.<br \/>\nLas gafas de sol VG son hermosas gafas de sol, con bonitos detalles y en una calidad que definitivamente es adecuada para el precio.<br \/>\nAs\u00ed que si quieres un par de gafas de sol que griten estilo y exclusividad sin pagar demasiado, compra un par de gafas de sol VG antes de que se agoten.<\/em><\/p>","protected":false},"excerpt":{"rendered":"<p><strong>VG-8VG29460<\/strong><br \/>\nMontura negra brillante que se desvanece en marr\u00f3n tortuga - Gafas marrones<br \/>\nDetalles de metal dorado<br \/>\nMarco de pl\u00e1stico<br \/>\nUV400<br \/>\nCE aprobado<\/p>\n<p><img loading=\"lazy\" decoding=\"async\" class=\"alignnone wp-image-11348 size-full\" src=\"https:\/\/bazarsalg.dk\/wp-content\/uploads\/VG-Logo.jpg\" alt=\"\" width=\"78\" height=\"62\" \/><\/p>","protected":false},"featured_media":9614,"comment_status":"open","ping_status":"closed","template":"","meta":{"om_disable_all_campaigns":false,"_monsterinsights_skip_tracking":false,"_monsterinsights_sitenote_active":false,"_monsterinsights_sitenote_note":"","_monsterinsights_sitenote_category":0},"product_brand":[],"product_cat":[1049,1236],"product_tag":[1234,436,870,1235],"class_list":{"0":"post-9613","1":"product","2":"type-product","3":"status-publish","4":"has-post-thumbnail","6":"product_cat-premium-solbriller","7":"product_cat-vg-solbriller","8":"product_tag-8vg29460","9":"product_tag-dame","10":"product_tag-p693","11":"product_tag-vg","13":"first","14":"outofstock","15":"sale","16":"shipping-taxable","17":"purchasable","18":"product-type-simple"},"yoast_head":"<!-- This site is optimized with the Yoast SEO plugin v27.5 - https:\/\/yoast.com\/product\/yoast-seo-wordpress\/ -->\n<title>VG Solbriller - Emma | Sort og brun turtle fade - Brune glas | K\u00f8b online her | LOCS<\/title>\n<meta name=\"description\" content=\"K\u00f8b VG Solbriller - Emma | Sort og brun turtle fade - Brune glas her | EU&#039;s st\u00f8rste udvalg af LOCS solbriller | Vi sender fra EU - Ingen ekstra import udgifter\" \/>\n<meta name=\"robots\" content=\"index, follow, max-snippet:-1, max-image-preview:large, max-video-preview:-1\" \/>\n<link rel=\"canonical\" href=\"https:\/\/locsshop.eu\/es\/shop\/vg-solbriller-emma-sort-og-brun-turtle-fade-brune-glas\/\" \/>\n<meta property=\"og:locale\" content=\"es_ES\" \/>\n<meta property=\"og:type\" content=\"article\" \/>\n<meta property=\"og:title\" content=\"VG Solbriller - Emma | Sort og brun turtle fade - Brune glas | K\u00f8b online her | LOCS\" \/>\n<meta property=\"og:description\" content=\"K\u00f8b VG Solbriller - Emma | Sort og brun turtle fade - Brune glas her | EU&#039;s st\u00f8rste udvalg af LOCS solbriller | Vi sender fra EU - Ingen ekstra import udgifter\" \/>\n<meta property=\"og:url\" content=\"https:\/\/locsshop.eu\/es\/shop\/vg-solbriller-emma-sort-og-brun-turtle-fade-brune-glas\/\" \/>\n<meta property=\"og:site_name\" content=\"Locs Sunglasses - LOCS Supplier in EU\" \/>\n<meta property=\"article:modified_time\" content=\"2024-11-04T19:15:38+00:00\" \/>\n<meta property=\"og:image\" content=\"https:\/\/locsshop.eu\/wp-content\/uploads\/2023\/03\/8VG29460-3-VG.jpg\" \/>\n\t<meta property=\"og:image:width\" content=\"800\" \/>\n\t<meta property=\"og:image:height\" content=\"800\" \/>\n\t<meta property=\"og:image:type\" content=\"image\/jpeg\" \/>\n<meta name=\"twitter:card\" content=\"summary_large_image\" \/>\n<meta name=\"twitter:label1\" content=\"Tiempo de lectura\" \/>\n\t<meta name=\"twitter:data1\" content=\"1 minuto\" \/>\n<script type=\"application\/ld+json\" class=\"yoast-schema-graph\">{\"@context\":\"https:\\\/\\\/schema.org\",\"@graph\":[{\"@type\":\"WebPage\",\"@id\":\"https:\\\/\\\/locsshop.eu\\\/shop\\\/vg-solbriller-emma-sort-og-brun-turtle-fade-brune-glas\\\/\",\"url\":\"https:\\\/\\\/locsshop.eu\\\/shop\\\/vg-solbriller-emma-sort-og-brun-turtle-fade-brune-glas\\\/\",\"name\":\"VG Solbriller - Emma | Sort og brun turtle fade - Brune glas | K\u00f8b online her | LOCS\",\"isPartOf\":{\"@id\":\"https:\\\/\\\/locsshop.eu\\\/#website\"},\"primaryImageOfPage\":{\"@id\":\"https:\\\/\\\/locsshop.eu\\\/shop\\\/vg-solbriller-emma-sort-og-brun-turtle-fade-brune-glas\\\/#primaryimage\"},\"image\":{\"@id\":\"https:\\\/\\\/locsshop.eu\\\/shop\\\/vg-solbriller-emma-sort-og-brun-turtle-fade-brune-glas\\\/#primaryimage\"},\"thumbnailUrl\":\"https:\\\/\\\/locsshop.eu\\\/wp-content\\\/uploads\\\/2023\\\/03\\\/8VG29460-3-VG.jpg\",\"datePublished\":\"2023-03-09T11:42:27+00:00\",\"dateModified\":\"2024-11-04T19:15:38+00:00\",\"description\":\"K\u00f8b VG Solbriller - Emma | Sort og brun turtle fade - Brune glas her | EU's st\u00f8rste udvalg af LOCS solbriller | Vi sender fra EU - Ingen ekstra import udgifter\",\"breadcrumb\":{\"@id\":\"https:\\\/\\\/locsshop.eu\\\/shop\\\/vg-solbriller-emma-sort-og-brun-turtle-fade-brune-glas\\\/#breadcrumb\"},\"inLanguage\":\"es\",\"potentialAction\":[{\"@type\":\"ReadAction\",\"target\":[\"https:\\\/\\\/locsshop.eu\\\/shop\\\/vg-solbriller-emma-sort-og-brun-turtle-fade-brune-glas\\\/\"]}]},{\"@type\":\"ImageObject\",\"inLanguage\":\"es\",\"@id\":\"https:\\\/\\\/locsshop.eu\\\/shop\\\/vg-solbriller-emma-sort-og-brun-turtle-fade-brune-glas\\\/#primaryimage\",\"url\":\"https:\\\/\\\/locsshop.eu\\\/wp-content\\\/uploads\\\/2023\\\/03\\\/8VG29460-3-VG.jpg\",\"contentUrl\":\"https:\\\/\\\/locsshop.eu\\\/wp-content\\\/uploads\\\/2023\\\/03\\\/8VG29460-3-VG.jpg\",\"width\":800,\"height\":800},{\"@type\":\"BreadcrumbList\",\"@id\":\"https:\\\/\\\/locsshop.eu\\\/shop\\\/vg-solbriller-emma-sort-og-brun-turtle-fade-brune-glas\\\/#breadcrumb\",\"itemListElement\":[{\"@type\":\"ListItem\",\"position\":1,\"name\":\"Hjem\",\"item\":\"https:\\\/\\\/locsshop.eu\\\/\"},{\"@type\":\"ListItem\",\"position\":2,\"name\":\"Shop\",\"item\":\"https:\\\/\\\/locsshop.eu\\\/shop\\\/\"},{\"@type\":\"ListItem\",\"position\":3,\"name\":\"VG Solbriller &#8211; Emma | Sort og brun turtle fade &#8211; Brune glas\"}]},{\"@type\":\"WebSite\",\"@id\":\"https:\\\/\\\/locsshop.eu\\\/#website\",\"url\":\"https:\\\/\\\/locsshop.eu\\\/\",\"name\":\"Locs Sunglasses - LOCS Supplier in EU\",\"description\":\"We sell cheap LOCS Sunglasses\",\"publisher\":{\"@id\":\"https:\\\/\\\/locsshop.eu\\\/#organization\"},\"potentialAction\":[{\"@type\":\"SearchAction\",\"target\":{\"@type\":\"EntryPoint\",\"urlTemplate\":\"https:\\\/\\\/locsshop.eu\\\/?s={search_term_string}\"},\"query-input\":{\"@type\":\"PropertyValueSpecification\",\"valueRequired\":true,\"valueName\":\"search_term_string\"}}],\"inLanguage\":\"es\"},{\"@type\":\"Organization\",\"@id\":\"https:\\\/\\\/locsshop.eu\\\/#organization\",\"name\":\"Locsshop.eu\",\"url\":\"https:\\\/\\\/locsshop.eu\\\/\",\"logo\":{\"@type\":\"ImageObject\",\"inLanguage\":\"es\",\"@id\":\"https:\\\/\\\/locsshop.eu\\\/#\\\/schema\\\/logo\\\/image\\\/\",\"url\":\"https:\\\/\\\/locsshop.eu\\\/wp-content\\\/uploads\\\/2022\\\/02\\\/Locsshop-logo.png\",\"contentUrl\":\"https:\\\/\\\/locsshop.eu\\\/wp-content\\\/uploads\\\/2022\\\/02\\\/Locsshop-logo.png\",\"width\":930,\"height\":200,\"caption\":\"Locsshop.eu\"},\"image\":{\"@id\":\"https:\\\/\\\/locsshop.eu\\\/#\\\/schema\\\/logo\\\/image\\\/\"}}]}<\/script>\n<!-- \/ Yoast SEO plugin. -->","yoast_head_json":{"title":"Gafas de sol VG - Emma | Plato tortuga negra y marr\u00f3n - Vidrio marr\u00f3n | Compra online aqu\u00ed | LOC","description":"Comprar Gafas de sol VG - Emma | Plato de tortuga negra y marr\u00f3n - Vidrio marr\u00f3n aqu\u00ed | La mayor selecci\u00f3n de gafas de sol LOCS de la UE | Enviamos desde la UE - Sin costos adicionales de importaci\u00f3n","robots":{"index":"index","follow":"follow","max-snippet":"max-snippet:-1","max-image-preview":"max-image-preview:large","max-video-preview":"max-video-preview:-1"},"canonical":"https:\/\/locsshop.eu\/es\/shop\/vg-solbriller-emma-sort-og-brun-turtle-fade-brune-glas\/","og_locale":"es_ES","og_type":"article","og_title":"VG Solbriller - Emma | Sort og brun turtle fade - Brune glas | K\u00f8b online her | LOCS","og_description":"K\u00f8b VG Solbriller - Emma | Sort og brun turtle fade - Brune glas her | EU's st\u00f8rste udvalg af LOCS solbriller | Vi sender fra EU - Ingen ekstra import udgifter","og_url":"https:\/\/locsshop.eu\/es\/shop\/vg-solbriller-emma-sort-og-brun-turtle-fade-brune-glas\/","og_site_name":"Locs Sunglasses - LOCS Supplier in EU","article_modified_time":"2024-11-04T19:15:38+00:00","og_image":[{"width":800,"height":800,"url":"https:\/\/locsshop.eu\/wp-content\/uploads\/2023\/03\/8VG29460-3-VG.jpg","type":"image\/jpeg"}],"twitter_card":"summary_large_image","twitter_misc":{"Tiempo de lectura":"1 minuto"},"schema":{"@context":"https:\/\/schema.org","@graph":[{"@type":"WebPage","@id":"https:\/\/locsshop.eu\/shop\/vg-solbriller-emma-sort-og-brun-turtle-fade-brune-glas\/","url":"https:\/\/locsshop.eu\/shop\/vg-solbriller-emma-sort-og-brun-turtle-fade-brune-glas\/","name":"Gafas de sol VG - Emma | Plato tortuga negra y marr\u00f3n - Vidrio marr\u00f3n | Compra online aqu\u00ed | LOC","isPartOf":{"@id":"https:\/\/locsshop.eu\/#website"},"primaryImageOfPage":{"@id":"https:\/\/locsshop.eu\/shop\/vg-solbriller-emma-sort-og-brun-turtle-fade-brune-glas\/#primaryimage"},"image":{"@id":"https:\/\/locsshop.eu\/shop\/vg-solbriller-emma-sort-og-brun-turtle-fade-brune-glas\/#primaryimage"},"thumbnailUrl":"https:\/\/locsshop.eu\/wp-content\/uploads\/2023\/03\/8VG29460-3-VG.jpg","datePublished":"2023-03-09T11:42:27+00:00","dateModified":"2024-11-04T19:15:38+00:00","description":"Comprar Gafas de sol VG - Emma | Plato de tortuga negra y marr\u00f3n - Vidrio marr\u00f3n aqu\u00ed | La mayor selecci\u00f3n de gafas de sol LOCS de la UE | Enviamos desde la UE - Sin costos adicionales de importaci\u00f3n","breadcrumb":{"@id":"https:\/\/locsshop.eu\/shop\/vg-solbriller-emma-sort-og-brun-turtle-fade-brune-glas\/#breadcrumb"},"inLanguage":"es","potentialAction":[{"@type":"ReadAction","target":["https:\/\/locsshop.eu\/shop\/vg-solbriller-emma-sort-og-brun-turtle-fade-brune-glas\/"]}]},{"@type":"ImageObject","inLanguage":"es","@id":"https:\/\/locsshop.eu\/shop\/vg-solbriller-emma-sort-og-brun-turtle-fade-brune-glas\/#primaryimage","url":"https:\/\/locsshop.eu\/wp-content\/uploads\/2023\/03\/8VG29460-3-VG.jpg","contentUrl":"https:\/\/locsshop.eu\/wp-content\/uploads\/2023\/03\/8VG29460-3-VG.jpg","width":800,"height":800},{"@type":"BreadcrumbList","@id":"https:\/\/locsshop.eu\/shop\/vg-solbriller-emma-sort-og-brun-turtle-fade-brune-glas\/#breadcrumb","itemListElement":[{"@type":"ListItem","position":1,"name":"Hjem","item":"https:\/\/locsshop.eu\/"},{"@type":"ListItem","position":2,"name":"Shop","item":"https:\/\/locsshop.eu\/shop\/"},{"@type":"ListItem","position":3,"name":"VG Solbriller &#8211; Emma | Sort og brun turtle fade &#8211; Brune glas"}]},{"@type":"WebSite","@id":"https:\/\/locsshop.eu\/#website","url":"https:\/\/locsshop.eu\/","name":"Gafas de sol Locs - Proveedor LOCS en la UE","description":"Vendemos Gafas de Sol LOCS baratas","publisher":{"@id":"https:\/\/locsshop.eu\/#organization"},"potentialAction":[{"@type":"SearchAction","target":{"@type":"EntryPoint","urlTemplate":"https:\/\/locsshop.eu\/?s={search_term_string}"},"query-input":{"@type":"PropertyValueSpecification","valueRequired":true,"valueName":"search_term_string"}}],"inLanguage":"es"},{"@type":"Organization","@id":"https:\/\/locsshop.eu\/#organization","name":"Locsshop.eu","url":"https:\/\/locsshop.eu\/","logo":{"@type":"ImageObject","inLanguage":"es","@id":"https:\/\/locsshop.eu\/#\/schema\/logo\/image\/","url":"https:\/\/locsshop.eu\/wp-content\/uploads\/2022\/02\/Locsshop-logo.png","contentUrl":"https:\/\/locsshop.eu\/wp-content\/uploads\/2022\/02\/Locsshop-logo.png","width":930,"height":200,"caption":"Locsshop.eu"},"image":{"@id":"https:\/\/locsshop.eu\/#\/schema\/logo\/image\/"}}]}},"_links":{"self":[{"href":"https:\/\/locsshop.eu\/es\/wp-json\/wp\/v2\/product\/9613","targetHints":{"allow":["GET"]}}],"collection":[{"href":"https:\/\/locsshop.eu\/es\/wp-json\/wp\/v2\/product"}],"about":[{"href":"https:\/\/locsshop.eu\/es\/wp-json\/wp\/v2\/types\/product"}],"replies":[{"embeddable":true,"href":"https:\/\/locsshop.eu\/es\/wp-json\/wp\/v2\/comments?post=9613"}],"wp:featuredmedia":[{"embeddable":true,"href":"https:\/\/locsshop.eu\/es\/wp-json\/wp\/v2\/media\/9614"}],"wp:attachment":[{"href":"https:\/\/locsshop.eu\/es\/wp-json\/wp\/v2\/media?parent=9613"}],"wp:term":[{"taxonomy":"product_brand","embeddable":true,"href":"https:\/\/locsshop.eu\/es\/wp-json\/wp\/v2\/product_brand?post=9613"},{"taxonomy":"product_cat","embeddable":true,"href":"https:\/\/locsshop.eu\/es\/wp-json\/wp\/v2\/product_cat?post=9613"},{"taxonomy":"product_tag","embeddable":true,"href":"https:\/\/locsshop.eu\/es\/wp-json\/wp\/v2\/product_tag?post=9613"}],"curies":[{"name":"gracias","href":"https:\/\/api.w.org\/{rel}","templated":true}]}}