{"id":9632,"date":"2023-03-09T15:12:58","date_gmt":"2023-03-09T14:12:58","guid":{"rendered":"https:\/\/locsshop.eu\/shop\/giselle-solbriller-lyon-sort-stel-moerke-plate-glas\/"},"modified":"2023-08-31T15:55:02","modified_gmt":"2023-08-31T13:55:02","slug":"giselle-solbriller-lyon-sort-stel-moerke-plate-glas","status":"publish","type":"product","link":"https:\/\/locsshop.eu\/es\/shop\/giselle-solbriller-lyon-sort-stel-moerke-plate-glas\/","title":{"rendered":"Gafas de sol Giselle \u2013 Lyon | Marco negro - Vidrio plano oscuro"},"content":{"rendered":"<h2><strong>Gafas de sol Giselle en negro brillo con gran detalle | Lentes oscuros<\/strong><\/h2>\n<h4>Hermosas gafas de sol negras para mujer con una agradable lente oscura. Tienen el simp\u00e1tico detalle de que es 1 cristal el que cubre todo el frente y no 2 como la mayor\u00eda de las gafas de sol.<br \/>\nEsto le da un aspecto realmente agradable y fresco.<br \/>\nLas gafas de sol est\u00e1n decoradas con un bonito patr\u00f3n y una l\u00ednea de metal dorado en cada poste que le da a estas gafas de sol un aspecto exclusivo.<\/h4>\n<h4>Giselle Sunglasses es una marca exclusiva de gafas de sol de dise\u00f1ador de los EE. UU. Las gafas de sol Giselle se han vuelto muy populares en la industria de las gafas de sol debido a su alta calidad, hermosos dise\u00f1os y variaciones populares.<br \/>\nEstos hermosos anteojos de sol son perfectos para la mujer consciente de la moda que quiere lucir exclusiva, sin pagar demasiado por una costosa marca de dise\u00f1ador.<\/h4>\n<p>&nbsp;<\/p>\n<h4><strong><em>Detalles:<br \/>\n<\/em><\/strong><br \/>\nAncho interior: 13,5 cm<br \/>\nAltura: 5,9 cm<br \/>\nLongitud de la varilla: 14,7 cm<br \/>\nSuperficie: Brillante<\/h4>\n<h4>Material: Pl\u00e1stico y metal<br \/>\nProtecci\u00f3n UV400<br \/>\nCE aprobado<\/h4>\n<h4><img loading=\"lazy\" decoding=\"async\" class=\"alignnone wp-image-11361 size-full\" src=\"https:\/\/bazarsalg.dk\/wp-content\/uploads\/Giselle-Logo-stor.jpg\" alt=\"\" width=\"295\" height=\"130\" \/><\/h4>\n<h4><em>Acerca de las gafas de sol Giselle<\/em><\/h4>\n<p><strong>Gafas de sol de moda \u2013 Principalmente para mujeres<\/strong><br \/>\n<em>Las gafas de sol Giselle se han vuelto muy populares a lo largo de los a\u00f1os debido a sus estilos y colores \u00fanicos. La marca de moda de dise\u00f1ador para mujeres atrae a mujeres de todas las edades. Est\u00e1n fabricados con materiales de alta calidad a un excelente precio, y van desde el cl\u00e1sico aviatorer hasta estilos populares modernos. Ya sea que una mujer est\u00e9 buscando un estilo Cat-Eye, un estilo Aviator o un estilo cl\u00e1sico, encontrar\u00e1 exactamente lo que est\u00e1 buscando con las gafas de sol Giselle.<br \/>\nEntonces, si quieres un par de gafas de sol que griten estilo y exclusividad sin pagar demasiado, compra un par de gafas de sol Giselle antes de que se agoten.<\/em><\/p>","protected":false},"excerpt":{"rendered":"<p><strong>GISELLE \u2013 8GSL22404<\/strong><br \/>\nmarco negro brillante<br \/>\nvidrio oscuro<br \/>\nBonito patr\u00f3n y detalles dorados en las barras.<br \/>\nMarco de pl\u00e1stico<br \/>\nUV400<br \/>\nCE aprobado<\/p>\n<p><img loading=\"lazy\" decoding=\"async\" class=\"alignnone wp-image-11362 size-full\" src=\"https:\/\/bazarsalg.dk\/wp-content\/uploads\/Giselle-Logo-lille.jpg\" alt=\"\" width=\"207\" height=\"91\" \/><\/p>","protected":false},"featured_media":9633,"comment_status":"open","ping_status":"closed","template":"","meta":{"om_disable_all_campaigns":false,"_monsterinsights_skip_tracking":false,"_monsterinsights_sitenote_active":false,"_monsterinsights_sitenote_note":"","_monsterinsights_sitenote_category":0},"product_brand":[],"product_cat":[1239,1049],"product_tag":[1240,436,1238,870],"class_list":{"0":"post-9632","1":"product","2":"type-product","3":"status-publish","4":"has-post-thumbnail","6":"product_cat-giselle-solbriller","7":"product_cat-premium-solbriller","8":"product_tag-8gsl22404","9":"product_tag-dame","10":"product_tag-giselle","11":"product_tag-p693","13":"first","14":"outofstock","15":"shipping-taxable","16":"purchasable","17":"product-type-simple"},"yoast_head":"<!-- This site is optimized with the Yoast SEO plugin v27.5 - https:\/\/yoast.com\/product\/yoast-seo-wordpress\/ -->\n<title>Giselle Solbriller - Lyon | Sort stel - M\u00f8rke plate glas | K\u00f8b online her | LOCS<\/title>\n<meta name=\"description\" content=\"K\u00f8b Giselle Solbriller - Lyon | Sort stel - M\u00f8rke plate glas her | EU&#039;s st\u00f8rste udvalg af LOCS solbriller | Vi sender fra EU - Ingen ekstra import udgifter\" \/>\n<meta name=\"robots\" content=\"index, follow, max-snippet:-1, max-image-preview:large, max-video-preview:-1\" \/>\n<link rel=\"canonical\" href=\"https:\/\/locsshop.eu\/es\/shop\/giselle-solbriller-lyon-sort-stel-moerke-plate-glas\/\" \/>\n<meta property=\"og:locale\" content=\"es_ES\" \/>\n<meta property=\"og:type\" content=\"article\" \/>\n<meta property=\"og:title\" content=\"Giselle Solbriller - Lyon | Sort stel - M\u00f8rke plate glas | K\u00f8b online her | LOCS\" \/>\n<meta property=\"og:description\" content=\"K\u00f8b Giselle Solbriller - Lyon | Sort stel - M\u00f8rke plate glas her | EU&#039;s st\u00f8rste udvalg af LOCS solbriller | Vi sender fra EU - Ingen ekstra import udgifter\" \/>\n<meta property=\"og:url\" content=\"https:\/\/locsshop.eu\/es\/shop\/giselle-solbriller-lyon-sort-stel-moerke-plate-glas\/\" \/>\n<meta property=\"og:site_name\" content=\"Locs Sunglasses - LOCS Supplier in EU\" \/>\n<meta property=\"article:modified_time\" content=\"2023-08-31T13:55:02+00:00\" \/>\n<meta property=\"og:image\" content=\"https:\/\/locsshop.eu\/wp-content\/uploads\/2023\/03\/8GSL22404-1-Giselle.jpg\" \/>\n\t<meta property=\"og:image:width\" content=\"800\" \/>\n\t<meta property=\"og:image:height\" content=\"800\" \/>\n\t<meta property=\"og:image:type\" content=\"image\/jpeg\" \/>\n<meta name=\"twitter:card\" content=\"summary_large_image\" \/>\n<meta name=\"twitter:label1\" content=\"Tiempo de lectura\" \/>\n\t<meta name=\"twitter:data1\" content=\"1 minuto\" \/>\n<script type=\"application\/ld+json\" class=\"yoast-schema-graph\">{\"@context\":\"https:\\\/\\\/schema.org\",\"@graph\":[{\"@type\":\"WebPage\",\"@id\":\"https:\\\/\\\/locsshop.eu\\\/shop\\\/giselle-solbriller-lyon-sort-stel-moerke-plate-glas\\\/\",\"url\":\"https:\\\/\\\/locsshop.eu\\\/shop\\\/giselle-solbriller-lyon-sort-stel-moerke-plate-glas\\\/\",\"name\":\"Giselle Solbriller - Lyon | Sort stel - M\u00f8rke plate glas | K\u00f8b online her | LOCS\",\"isPartOf\":{\"@id\":\"https:\\\/\\\/locsshop.eu\\\/#website\"},\"primaryImageOfPage\":{\"@id\":\"https:\\\/\\\/locsshop.eu\\\/shop\\\/giselle-solbriller-lyon-sort-stel-moerke-plate-glas\\\/#primaryimage\"},\"image\":{\"@id\":\"https:\\\/\\\/locsshop.eu\\\/shop\\\/giselle-solbriller-lyon-sort-stel-moerke-plate-glas\\\/#primaryimage\"},\"thumbnailUrl\":\"https:\\\/\\\/locsshop.eu\\\/wp-content\\\/uploads\\\/2023\\\/03\\\/8GSL22404-1-Giselle.jpg\",\"datePublished\":\"2023-03-09T14:12:58+00:00\",\"dateModified\":\"2023-08-31T13:55:02+00:00\",\"description\":\"K\u00f8b Giselle Solbriller - Lyon | Sort stel - M\u00f8rke plate glas her | EU's st\u00f8rste udvalg af LOCS solbriller | Vi sender fra EU - Ingen ekstra import udgifter\",\"breadcrumb\":{\"@id\":\"https:\\\/\\\/locsshop.eu\\\/shop\\\/giselle-solbriller-lyon-sort-stel-moerke-plate-glas\\\/#breadcrumb\"},\"inLanguage\":\"es\",\"potentialAction\":[{\"@type\":\"ReadAction\",\"target\":[\"https:\\\/\\\/locsshop.eu\\\/shop\\\/giselle-solbriller-lyon-sort-stel-moerke-plate-glas\\\/\"]}]},{\"@type\":\"ImageObject\",\"inLanguage\":\"es\",\"@id\":\"https:\\\/\\\/locsshop.eu\\\/shop\\\/giselle-solbriller-lyon-sort-stel-moerke-plate-glas\\\/#primaryimage\",\"url\":\"https:\\\/\\\/locsshop.eu\\\/wp-content\\\/uploads\\\/2023\\\/03\\\/8GSL22404-1-Giselle.jpg\",\"contentUrl\":\"https:\\\/\\\/locsshop.eu\\\/wp-content\\\/uploads\\\/2023\\\/03\\\/8GSL22404-1-Giselle.jpg\",\"width\":800,\"height\":800},{\"@type\":\"BreadcrumbList\",\"@id\":\"https:\\\/\\\/locsshop.eu\\\/shop\\\/giselle-solbriller-lyon-sort-stel-moerke-plate-glas\\\/#breadcrumb\",\"itemListElement\":[{\"@type\":\"ListItem\",\"position\":1,\"name\":\"Hjem\",\"item\":\"https:\\\/\\\/locsshop.eu\\\/\"},{\"@type\":\"ListItem\",\"position\":2,\"name\":\"Shop\",\"item\":\"https:\\\/\\\/locsshop.eu\\\/shop\\\/\"},{\"@type\":\"ListItem\",\"position\":3,\"name\":\"Giselle Solbriller &#8211; Lyon | Sort stel &#8211; M\u00f8rke plate glas\"}]},{\"@type\":\"WebSite\",\"@id\":\"https:\\\/\\\/locsshop.eu\\\/#website\",\"url\":\"https:\\\/\\\/locsshop.eu\\\/\",\"name\":\"Locs Sunglasses - LOCS Supplier in EU\",\"description\":\"We sell cheap LOCS Sunglasses\",\"publisher\":{\"@id\":\"https:\\\/\\\/locsshop.eu\\\/#organization\"},\"potentialAction\":[{\"@type\":\"SearchAction\",\"target\":{\"@type\":\"EntryPoint\",\"urlTemplate\":\"https:\\\/\\\/locsshop.eu\\\/?s={search_term_string}\"},\"query-input\":{\"@type\":\"PropertyValueSpecification\",\"valueRequired\":true,\"valueName\":\"search_term_string\"}}],\"inLanguage\":\"es\"},{\"@type\":\"Organization\",\"@id\":\"https:\\\/\\\/locsshop.eu\\\/#organization\",\"name\":\"Locsshop.eu\",\"url\":\"https:\\\/\\\/locsshop.eu\\\/\",\"logo\":{\"@type\":\"ImageObject\",\"inLanguage\":\"es\",\"@id\":\"https:\\\/\\\/locsshop.eu\\\/#\\\/schema\\\/logo\\\/image\\\/\",\"url\":\"https:\\\/\\\/locsshop.eu\\\/wp-content\\\/uploads\\\/2022\\\/02\\\/Locsshop-logo.png\",\"contentUrl\":\"https:\\\/\\\/locsshop.eu\\\/wp-content\\\/uploads\\\/2022\\\/02\\\/Locsshop-logo.png\",\"width\":930,\"height\":200,\"caption\":\"Locsshop.eu\"},\"image\":{\"@id\":\"https:\\\/\\\/locsshop.eu\\\/#\\\/schema\\\/logo\\\/image\\\/\"}}]}<\/script>\n<!-- \/ Yoast SEO plugin. -->","yoast_head_json":{"title":"Gafas de sol Giselle - Lyon | Marco negro - Vidrio plano oscuro | Compra online aqu\u00ed | LOC","description":"Comprar Gafas de sol Giselle - Lyon | Marco negro - Vidrio plano oscuro aqu\u00ed | La mayor selecci\u00f3n de gafas de sol LOCS de la UE | Enviamos desde la UE - Sin costos adicionales de importaci\u00f3n","robots":{"index":"index","follow":"follow","max-snippet":"max-snippet:-1","max-image-preview":"max-image-preview:large","max-video-preview":"max-video-preview:-1"},"canonical":"https:\/\/locsshop.eu\/es\/shop\/giselle-solbriller-lyon-sort-stel-moerke-plate-glas\/","og_locale":"es_ES","og_type":"article","og_title":"Giselle Solbriller - Lyon | Sort stel - M\u00f8rke plate glas | K\u00f8b online her | LOCS","og_description":"K\u00f8b Giselle Solbriller - Lyon | Sort stel - M\u00f8rke plate glas her | EU's st\u00f8rste udvalg af LOCS solbriller | Vi sender fra EU - Ingen ekstra import udgifter","og_url":"https:\/\/locsshop.eu\/es\/shop\/giselle-solbriller-lyon-sort-stel-moerke-plate-glas\/","og_site_name":"Locs Sunglasses - LOCS Supplier in EU","article_modified_time":"2023-08-31T13:55:02+00:00","og_image":[{"width":800,"height":800,"url":"https:\/\/locsshop.eu\/wp-content\/uploads\/2023\/03\/8GSL22404-1-Giselle.jpg","type":"image\/jpeg"}],"twitter_card":"summary_large_image","twitter_misc":{"Tiempo de lectura":"1 minuto"},"schema":{"@context":"https:\/\/schema.org","@graph":[{"@type":"WebPage","@id":"https:\/\/locsshop.eu\/shop\/giselle-solbriller-lyon-sort-stel-moerke-plate-glas\/","url":"https:\/\/locsshop.eu\/shop\/giselle-solbriller-lyon-sort-stel-moerke-plate-glas\/","name":"Gafas de sol Giselle - Lyon | Marco negro - Vidrio plano oscuro | Compra online aqu\u00ed | LOC","isPartOf":{"@id":"https:\/\/locsshop.eu\/#website"},"primaryImageOfPage":{"@id":"https:\/\/locsshop.eu\/shop\/giselle-solbriller-lyon-sort-stel-moerke-plate-glas\/#primaryimage"},"image":{"@id":"https:\/\/locsshop.eu\/shop\/giselle-solbriller-lyon-sort-stel-moerke-plate-glas\/#primaryimage"},"thumbnailUrl":"https:\/\/locsshop.eu\/wp-content\/uploads\/2023\/03\/8GSL22404-1-Giselle.jpg","datePublished":"2023-03-09T14:12:58+00:00","dateModified":"2023-08-31T13:55:02+00:00","description":"Comprar Gafas de sol Giselle - Lyon | Marco negro - Vidrio plano oscuro aqu\u00ed | La mayor selecci\u00f3n de gafas de sol LOCS de la UE | Enviamos desde la UE - Sin costos adicionales de importaci\u00f3n","breadcrumb":{"@id":"https:\/\/locsshop.eu\/shop\/giselle-solbriller-lyon-sort-stel-moerke-plate-glas\/#breadcrumb"},"inLanguage":"es","potentialAction":[{"@type":"ReadAction","target":["https:\/\/locsshop.eu\/shop\/giselle-solbriller-lyon-sort-stel-moerke-plate-glas\/"]}]},{"@type":"ImageObject","inLanguage":"es","@id":"https:\/\/locsshop.eu\/shop\/giselle-solbriller-lyon-sort-stel-moerke-plate-glas\/#primaryimage","url":"https:\/\/locsshop.eu\/wp-content\/uploads\/2023\/03\/8GSL22404-1-Giselle.jpg","contentUrl":"https:\/\/locsshop.eu\/wp-content\/uploads\/2023\/03\/8GSL22404-1-Giselle.jpg","width":800,"height":800},{"@type":"BreadcrumbList","@id":"https:\/\/locsshop.eu\/shop\/giselle-solbriller-lyon-sort-stel-moerke-plate-glas\/#breadcrumb","itemListElement":[{"@type":"ListItem","position":1,"name":"Hjem","item":"https:\/\/locsshop.eu\/"},{"@type":"ListItem","position":2,"name":"Shop","item":"https:\/\/locsshop.eu\/shop\/"},{"@type":"ListItem","position":3,"name":"Giselle Solbriller &#8211; Lyon | Sort stel &#8211; M\u00f8rke plate glas"}]},{"@type":"WebSite","@id":"https:\/\/locsshop.eu\/#website","url":"https:\/\/locsshop.eu\/","name":"Gafas de sol Locs - Proveedor LOCS en la UE","description":"Vendemos Gafas de Sol LOCS baratas","publisher":{"@id":"https:\/\/locsshop.eu\/#organization"},"potentialAction":[{"@type":"SearchAction","target":{"@type":"EntryPoint","urlTemplate":"https:\/\/locsshop.eu\/?s={search_term_string}"},"query-input":{"@type":"PropertyValueSpecification","valueRequired":true,"valueName":"search_term_string"}}],"inLanguage":"es"},{"@type":"Organization","@id":"https:\/\/locsshop.eu\/#organization","name":"Locsshop.eu","url":"https:\/\/locsshop.eu\/","logo":{"@type":"ImageObject","inLanguage":"es","@id":"https:\/\/locsshop.eu\/#\/schema\/logo\/image\/","url":"https:\/\/locsshop.eu\/wp-content\/uploads\/2022\/02\/Locsshop-logo.png","contentUrl":"https:\/\/locsshop.eu\/wp-content\/uploads\/2022\/02\/Locsshop-logo.png","width":930,"height":200,"caption":"Locsshop.eu"},"image":{"@id":"https:\/\/locsshop.eu\/#\/schema\/logo\/image\/"}}]}},"_links":{"self":[{"href":"https:\/\/locsshop.eu\/es\/wp-json\/wp\/v2\/product\/9632","targetHints":{"allow":["GET"]}}],"collection":[{"href":"https:\/\/locsshop.eu\/es\/wp-json\/wp\/v2\/product"}],"about":[{"href":"https:\/\/locsshop.eu\/es\/wp-json\/wp\/v2\/types\/product"}],"replies":[{"embeddable":true,"href":"https:\/\/locsshop.eu\/es\/wp-json\/wp\/v2\/comments?post=9632"}],"wp:featuredmedia":[{"embeddable":true,"href":"https:\/\/locsshop.eu\/es\/wp-json\/wp\/v2\/media\/9633"}],"wp:attachment":[{"href":"https:\/\/locsshop.eu\/es\/wp-json\/wp\/v2\/media?parent=9632"}],"wp:term":[{"taxonomy":"product_brand","embeddable":true,"href":"https:\/\/locsshop.eu\/es\/wp-json\/wp\/v2\/product_brand?post=9632"},{"taxonomy":"product_cat","embeddable":true,"href":"https:\/\/locsshop.eu\/es\/wp-json\/wp\/v2\/product_cat?post=9632"},{"taxonomy":"product_tag","embeddable":true,"href":"https:\/\/locsshop.eu\/es\/wp-json\/wp\/v2\/product_tag?post=9632"}],"curies":[{"name":"gracias","href":"https:\/\/api.w.org\/{rel}","templated":true}]}}