{"id":9670,"date":"2023-03-14T10:52:34","date_gmt":"2023-03-14T09:52:34","guid":{"rendered":"https:\/\/locsshop.eu\/shop\/aviator-koerebriller-solbriller-emilio\/"},"modified":"2026-01-14T15:44:39","modified_gmt":"2026-01-14T14:44:39","slug":"aviator-koerebriller-solbriller-emilio","status":"publish","type":"product","link":"https:\/\/locsshop.eu\/es\/shop\/aviator-koerebriller-solbriller-emilio\/","title":{"rendered":"Gafas de conducci\u00f3n de aviador | Gafas de sol \u2013 Emilio"},"content":{"rendered":"<h2>Gafas de sol Cool Aviator: gafas de conducci\u00f3n \u00e1mbar con filtro anti luz azul<\/h2>\n<p>Estas gafas de conducci\u00f3n de aviador de metal negro tienen lentes de color marr\u00f3n \u00e1mbar que bloquean la luz azul, lo que le brinda una visi\u00f3n \u00f3ptima al conducir.<br \/>\nEl marco negro brillante con la inscripci\u00f3n dorada: DEPORTES le da el aspecto retro correcto y es simplemente genial.<\/p>\n<p>Super gafas de conducci\u00f3n de buena calidad que tambi\u00e9n se pueden usar delante de la pantalla ya que tambi\u00e9n son gafas anti luz azul.<br \/>\nPor supuesto, estas hermosas gafas de sol vintage tambi\u00e9n se pueden usar como gafas de sol normales, ya que tambi\u00e9n tienen un filtro UV. Las lentes de color marr\u00f3n \u00e1mbar dan una luz muy agradable y son agradables a la vista, para que puedas estar fresco todo el d\u00eda.<\/p>\n<p>Longitud de la varilla: 13,8 cm.<br \/>\nAncho interior: 13,5cm.<br \/>\nAltura: 5,2 cm.<\/p>\n<p>Material del marco: Metal<br \/>\nProtecci\u00f3n UV400<\/p>","protected":false},"excerpt":{"rendered":"<ul>\n<li>Reduce el deslumbramiento<\/li>\n<li>Optimiza la visibilidad al conducir<\/li>\n<li>Filtro anti luz azul<\/li>\n<li>Marco de metal<\/li>\n<li>Protecci\u00f3n UV<\/li>\n<\/ul>","protected":false},"featured_media":9671,"comment_status":"open","ping_status":"closed","template":"","meta":{"om_disable_all_campaigns":false,"_monsterinsights_skip_tracking":false,"_monsterinsights_sitenote_active":false,"_monsterinsights_sitenote_note":"","_monsterinsights_sitenote_category":0},"product_brand":[],"product_cat":[1026,1029,1051,1030,1025,1034],"product_tag":[700,777,1246,1247,1248,1249,1250,1251],"class_list":{"0":"post-9670","1":"product","2":"type-product","3":"status-publish","4":"has-post-thumbnail","6":"product_cat-dame-solbriller","7":"product_cat-herre-solbriller","8":"product_cat-skaermbriller-gaming-briller","9":"product_cat-aviator","10":"product_cat-billige-solbriller","11":"product_cat-natkoerebriller","12":"product_tag-anti-blaa-lys-briller","13":"product_tag-dkny","14":"product_tag-jb-8511","15":"product_tag-koerebriller","16":"product_tag-rav","17":"product_tag-retro","18":"product_tag-sports","19":"product_tag-vintage","21":"first","22":"instock","23":"shipping-taxable","24":"purchasable","25":"product-type-simple"},"yoast_head":"<!-- This site is optimized with the Yoast SEO plugin v27.5 - https:\/\/yoast.com\/product\/yoast-seo-wordpress\/ -->\n<title>Aviator K\u00f8rebriller | Solbriller - Emilio | K\u00f8b online her | LOCS<\/title>\n<meta name=\"description\" content=\"K\u00f8b Aviator K\u00f8rebriller | Solbriller - Emilio her | EU&#039;s st\u00f8rste udvalg af LOCS solbriller | Vi sender fra EU - Ingen ekstra import udgifter\" \/>\n<meta name=\"robots\" content=\"index, follow, max-snippet:-1, max-image-preview:large, max-video-preview:-1\" \/>\n<link rel=\"canonical\" href=\"https:\/\/locsshop.eu\/es\/shop\/aviator-koerebriller-solbriller-emilio\/\" \/>\n<meta property=\"og:locale\" content=\"es_ES\" \/>\n<meta property=\"og:type\" content=\"article\" \/>\n<meta property=\"og:title\" content=\"Aviator K\u00f8rebriller | Solbriller - Emilio | K\u00f8b online her | LOCS\" \/>\n<meta property=\"og:description\" content=\"K\u00f8b Aviator K\u00f8rebriller | Solbriller - Emilio her | EU&#039;s st\u00f8rste udvalg af LOCS solbriller | Vi sender fra EU - Ingen ekstra import udgifter\" \/>\n<meta property=\"og:url\" content=\"https:\/\/locsshop.eu\/es\/shop\/aviator-koerebriller-solbriller-emilio\/\" \/>\n<meta property=\"og:site_name\" content=\"Locs Sunglasses - LOCS Supplier in EU\" \/>\n<meta property=\"article:modified_time\" content=\"2026-01-14T14:44:39+00:00\" \/>\n<meta property=\"og:image\" content=\"https:\/\/locsshop.eu\/wp-content\/uploads\/2023\/03\/8511-Aviator-brune-glas3.jpg\" \/>\n\t<meta property=\"og:image:width\" content=\"800\" \/>\n\t<meta property=\"og:image:height\" content=\"800\" \/>\n\t<meta property=\"og:image:type\" content=\"image\/jpeg\" \/>\n<meta name=\"twitter:card\" content=\"summary_large_image\" \/>\n<meta name=\"twitter:label1\" content=\"Tiempo de lectura\" \/>\n\t<meta name=\"twitter:data1\" content=\"1 minuto\" \/>\n<script type=\"application\/ld+json\" class=\"yoast-schema-graph\">{\"@context\":\"https:\\\/\\\/schema.org\",\"@graph\":[{\"@type\":\"WebPage\",\"@id\":\"https:\\\/\\\/locsshop.eu\\\/shop\\\/aviator-koerebriller-solbriller-emilio\\\/\",\"url\":\"https:\\\/\\\/locsshop.eu\\\/shop\\\/aviator-koerebriller-solbriller-emilio\\\/\",\"name\":\"Aviator K\u00f8rebriller | Solbriller - Emilio | K\u00f8b online her | LOCS\",\"isPartOf\":{\"@id\":\"https:\\\/\\\/locsshop.eu\\\/#website\"},\"primaryImageOfPage\":{\"@id\":\"https:\\\/\\\/locsshop.eu\\\/shop\\\/aviator-koerebriller-solbriller-emilio\\\/#primaryimage\"},\"image\":{\"@id\":\"https:\\\/\\\/locsshop.eu\\\/shop\\\/aviator-koerebriller-solbriller-emilio\\\/#primaryimage\"},\"thumbnailUrl\":\"https:\\\/\\\/locsshop.eu\\\/wp-content\\\/uploads\\\/2023\\\/03\\\/8511-Aviator-brune-glas3.jpg\",\"datePublished\":\"2023-03-14T09:52:34+00:00\",\"dateModified\":\"2026-01-14T14:44:39+00:00\",\"description\":\"K\u00f8b Aviator K\u00f8rebriller | Solbriller - Emilio her | EU's st\u00f8rste udvalg af LOCS solbriller | Vi sender fra EU - Ingen ekstra import udgifter\",\"breadcrumb\":{\"@id\":\"https:\\\/\\\/locsshop.eu\\\/shop\\\/aviator-koerebriller-solbriller-emilio\\\/#breadcrumb\"},\"inLanguage\":\"es\",\"potentialAction\":[{\"@type\":\"ReadAction\",\"target\":[\"https:\\\/\\\/locsshop.eu\\\/shop\\\/aviator-koerebriller-solbriller-emilio\\\/\"]}]},{\"@type\":\"ImageObject\",\"inLanguage\":\"es\",\"@id\":\"https:\\\/\\\/locsshop.eu\\\/shop\\\/aviator-koerebriller-solbriller-emilio\\\/#primaryimage\",\"url\":\"https:\\\/\\\/locsshop.eu\\\/wp-content\\\/uploads\\\/2023\\\/03\\\/8511-Aviator-brune-glas3.jpg\",\"contentUrl\":\"https:\\\/\\\/locsshop.eu\\\/wp-content\\\/uploads\\\/2023\\\/03\\\/8511-Aviator-brune-glas3.jpg\",\"width\":800,\"height\":800},{\"@type\":\"BreadcrumbList\",\"@id\":\"https:\\\/\\\/locsshop.eu\\\/shop\\\/aviator-koerebriller-solbriller-emilio\\\/#breadcrumb\",\"itemListElement\":[{\"@type\":\"ListItem\",\"position\":1,\"name\":\"Hjem\",\"item\":\"https:\\\/\\\/locsshop.eu\\\/\"},{\"@type\":\"ListItem\",\"position\":2,\"name\":\"Shop\",\"item\":\"https:\\\/\\\/locsshop.eu\\\/shop\\\/\"},{\"@type\":\"ListItem\",\"position\":3,\"name\":\"Aviator K\u00f8rebriller | Solbriller &#8211; Emilio\"}]},{\"@type\":\"WebSite\",\"@id\":\"https:\\\/\\\/locsshop.eu\\\/#website\",\"url\":\"https:\\\/\\\/locsshop.eu\\\/\",\"name\":\"Locs Sunglasses - LOCS Supplier in EU\",\"description\":\"We sell cheap LOCS Sunglasses\",\"publisher\":{\"@id\":\"https:\\\/\\\/locsshop.eu\\\/#organization\"},\"potentialAction\":[{\"@type\":\"SearchAction\",\"target\":{\"@type\":\"EntryPoint\",\"urlTemplate\":\"https:\\\/\\\/locsshop.eu\\\/?s={search_term_string}\"},\"query-input\":{\"@type\":\"PropertyValueSpecification\",\"valueRequired\":true,\"valueName\":\"search_term_string\"}}],\"inLanguage\":\"es\"},{\"@type\":\"Organization\",\"@id\":\"https:\\\/\\\/locsshop.eu\\\/#organization\",\"name\":\"Locsshop.eu\",\"url\":\"https:\\\/\\\/locsshop.eu\\\/\",\"logo\":{\"@type\":\"ImageObject\",\"inLanguage\":\"es\",\"@id\":\"https:\\\/\\\/locsshop.eu\\\/#\\\/schema\\\/logo\\\/image\\\/\",\"url\":\"https:\\\/\\\/locsshop.eu\\\/wp-content\\\/uploads\\\/2022\\\/02\\\/Locsshop-logo.png\",\"contentUrl\":\"https:\\\/\\\/locsshop.eu\\\/wp-content\\\/uploads\\\/2022\\\/02\\\/Locsshop-logo.png\",\"width\":930,\"height\":200,\"caption\":\"Locsshop.eu\"},\"image\":{\"@id\":\"https:\\\/\\\/locsshop.eu\\\/#\\\/schema\\\/logo\\\/image\\\/\"}}]}<\/script>\n<!-- \/ Yoast SEO plugin. -->","yoast_head_json":{"title":"Gafas de conducci\u00f3n de aviador | Gafas de sol - Emilio | Compra online aqu\u00ed | LOC","description":"Comprar gafas de conducci\u00f3n de aviador | Gafas de sol - Emilio aqu\u00ed | La mayor selecci\u00f3n de gafas de sol LOCS de la UE | Enviamos desde la UE - Sin costos adicionales de importaci\u00f3n","robots":{"index":"index","follow":"follow","max-snippet":"max-snippet:-1","max-image-preview":"max-image-preview:large","max-video-preview":"max-video-preview:-1"},"canonical":"https:\/\/locsshop.eu\/es\/shop\/aviator-koerebriller-solbriller-emilio\/","og_locale":"es_ES","og_type":"article","og_title":"Aviator K\u00f8rebriller | Solbriller - Emilio | K\u00f8b online her | LOCS","og_description":"K\u00f8b Aviator K\u00f8rebriller | Solbriller - Emilio her | EU's st\u00f8rste udvalg af LOCS solbriller | Vi sender fra EU - Ingen ekstra import udgifter","og_url":"https:\/\/locsshop.eu\/es\/shop\/aviator-koerebriller-solbriller-emilio\/","og_site_name":"Locs Sunglasses - LOCS Supplier in EU","article_modified_time":"2026-01-14T14:44:39+00:00","og_image":[{"width":800,"height":800,"url":"https:\/\/locsshop.eu\/wp-content\/uploads\/2023\/03\/8511-Aviator-brune-glas3.jpg","type":"image\/jpeg"}],"twitter_card":"summary_large_image","twitter_misc":{"Tiempo de lectura":"1 minuto"},"schema":{"@context":"https:\/\/schema.org","@graph":[{"@type":"WebPage","@id":"https:\/\/locsshop.eu\/shop\/aviator-koerebriller-solbriller-emilio\/","url":"https:\/\/locsshop.eu\/shop\/aviator-koerebriller-solbriller-emilio\/","name":"Gafas de conducci\u00f3n de aviador | Gafas de sol - Emilio | Compra online aqu\u00ed | LOC","isPartOf":{"@id":"https:\/\/locsshop.eu\/#website"},"primaryImageOfPage":{"@id":"https:\/\/locsshop.eu\/shop\/aviator-koerebriller-solbriller-emilio\/#primaryimage"},"image":{"@id":"https:\/\/locsshop.eu\/shop\/aviator-koerebriller-solbriller-emilio\/#primaryimage"},"thumbnailUrl":"https:\/\/locsshop.eu\/wp-content\/uploads\/2023\/03\/8511-Aviator-brune-glas3.jpg","datePublished":"2023-03-14T09:52:34+00:00","dateModified":"2026-01-14T14:44:39+00:00","description":"Comprar gafas de conducci\u00f3n de aviador | Gafas de sol - Emilio aqu\u00ed | La mayor selecci\u00f3n de gafas de sol LOCS de la UE | Enviamos desde la UE - Sin costos adicionales de importaci\u00f3n","breadcrumb":{"@id":"https:\/\/locsshop.eu\/shop\/aviator-koerebriller-solbriller-emilio\/#breadcrumb"},"inLanguage":"es","potentialAction":[{"@type":"ReadAction","target":["https:\/\/locsshop.eu\/shop\/aviator-koerebriller-solbriller-emilio\/"]}]},{"@type":"ImageObject","inLanguage":"es","@id":"https:\/\/locsshop.eu\/shop\/aviator-koerebriller-solbriller-emilio\/#primaryimage","url":"https:\/\/locsshop.eu\/wp-content\/uploads\/2023\/03\/8511-Aviator-brune-glas3.jpg","contentUrl":"https:\/\/locsshop.eu\/wp-content\/uploads\/2023\/03\/8511-Aviator-brune-glas3.jpg","width":800,"height":800},{"@type":"BreadcrumbList","@id":"https:\/\/locsshop.eu\/shop\/aviator-koerebriller-solbriller-emilio\/#breadcrumb","itemListElement":[{"@type":"ListItem","position":1,"name":"Hjem","item":"https:\/\/locsshop.eu\/"},{"@type":"ListItem","position":2,"name":"Shop","item":"https:\/\/locsshop.eu\/shop\/"},{"@type":"ListItem","position":3,"name":"Aviator K\u00f8rebriller | Solbriller &#8211; Emilio"}]},{"@type":"WebSite","@id":"https:\/\/locsshop.eu\/#website","url":"https:\/\/locsshop.eu\/","name":"Gafas de sol Locs - Proveedor LOCS en la UE","description":"Vendemos Gafas de Sol LOCS baratas","publisher":{"@id":"https:\/\/locsshop.eu\/#organization"},"potentialAction":[{"@type":"SearchAction","target":{"@type":"EntryPoint","urlTemplate":"https:\/\/locsshop.eu\/?s={search_term_string}"},"query-input":{"@type":"PropertyValueSpecification","valueRequired":true,"valueName":"search_term_string"}}],"inLanguage":"es"},{"@type":"Organization","@id":"https:\/\/locsshop.eu\/#organization","name":"Locsshop.eu","url":"https:\/\/locsshop.eu\/","logo":{"@type":"ImageObject","inLanguage":"es","@id":"https:\/\/locsshop.eu\/#\/schema\/logo\/image\/","url":"https:\/\/locsshop.eu\/wp-content\/uploads\/2022\/02\/Locsshop-logo.png","contentUrl":"https:\/\/locsshop.eu\/wp-content\/uploads\/2022\/02\/Locsshop-logo.png","width":930,"height":200,"caption":"Locsshop.eu"},"image":{"@id":"https:\/\/locsshop.eu\/#\/schema\/logo\/image\/"}}]}},"_links":{"self":[{"href":"https:\/\/locsshop.eu\/es\/wp-json\/wp\/v2\/product\/9670","targetHints":{"allow":["GET"]}}],"collection":[{"href":"https:\/\/locsshop.eu\/es\/wp-json\/wp\/v2\/product"}],"about":[{"href":"https:\/\/locsshop.eu\/es\/wp-json\/wp\/v2\/types\/product"}],"replies":[{"embeddable":true,"href":"https:\/\/locsshop.eu\/es\/wp-json\/wp\/v2\/comments?post=9670"}],"wp:featuredmedia":[{"embeddable":true,"href":"https:\/\/locsshop.eu\/es\/wp-json\/wp\/v2\/media\/9671"}],"wp:attachment":[{"href":"https:\/\/locsshop.eu\/es\/wp-json\/wp\/v2\/media?parent=9670"}],"wp:term":[{"taxonomy":"product_brand","embeddable":true,"href":"https:\/\/locsshop.eu\/es\/wp-json\/wp\/v2\/product_brand?post=9670"},{"taxonomy":"product_cat","embeddable":true,"href":"https:\/\/locsshop.eu\/es\/wp-json\/wp\/v2\/product_cat?post=9670"},{"taxonomy":"product_tag","embeddable":true,"href":"https:\/\/locsshop.eu\/es\/wp-json\/wp\/v2\/product_tag?post=9670"}],"curies":[{"name":"gracias","href":"https:\/\/api.w.org\/{rel}","templated":true}]}}