{"id":9910,"date":"2023-04-30T12:19:06","date_gmt":"2023-04-30T10:19:06","guid":{"rendered":"https:\/\/locsshop.eu\/shop\/sort-hardcase-brilleetui-med-lynlaas-og-karabin\/"},"modified":"2026-04-29T15:53:50","modified_gmt":"2026-04-29T13:53:50","slug":"sort-hardcase-brilleetui-med-lynlaas-og-karabin","status":"publish","type":"product","link":"https:\/\/locsshop.eu\/es\/shop\/sort-hardcase-brilleetui-med-lynlaas-og-karabin\/","title":{"rendered":"Estuche de gafas r\u00edgido negro con cremallera y mosquet\u00f3n"},"content":{"rendered":"<h2>Estuche r\u00edgido con cremallera que se adapta a tus gafas\/gafas de sol<\/h2>\n<p>Con este estuche r\u00edgido, sus anteojos y gafas de sol estar\u00e1n bien protegidos en vacaciones, en el autom\u00f3vil, en su bolso, etc.<br \/>\nEl estuche tiene un mosquet\u00f3n inteligente para que pueda colgar f\u00e1cilmente sus gafas de sol de forma segura en una bolsa, p.<\/p>\n<p>Largo interior: 15,5 cm.<br \/>\nAncho interior 7,5 cm<br \/>\nAltura interior aprox. 6,8 cm, en estado cerrado<\/p>\n<p>El estuche de gafas es espacioso y nuestras gafas fitover grandes pueden, por ejemplo, estar en \u00e9l.<\/p>\n<p>Es una pena que se rayen las gafas. Por eso, te recomendamos que compres esta funda o alguna de nuestras otras fundas para que tus gafas o gafas de sol est\u00e9n bien protegidas.<\/p>","protected":false},"excerpt":{"rendered":"<p><strong>Estuche r\u00edgido negro para<\/strong><br \/>\n<strong>gafas y gafas de sol<\/strong><\/p>\n<ul>\n<li>Protege tus gafas y gafas de sol.<\/li>\n<li>con cremallera<\/li>\n<li>con mosquet\u00f3n<\/li>\n<li>muy espacioso<\/li>\n<\/ul>","protected":false},"featured_media":9911,"comment_status":"open","ping_status":"closed","template":"","meta":{"om_disable_all_campaigns":false,"_monsterinsights_skip_tracking":false,"_monsterinsights_sitenote_active":false,"_monsterinsights_sitenote_note":"","_monsterinsights_sitenote_category":0},"product_brand":[],"product_cat":[1041],"product_tag":[526,632,461,530],"class_list":{"0":"post-9910","1":"product","2":"type-product","3":"status-publish","4":"has-post-thumbnail","6":"product_cat-etuier-tilbehoer","7":"product_tag-etui","8":"product_tag-hardcase","9":"product_tag-sort","10":"product_tag-tilbehoer","12":"first","13":"instock","14":"shipping-taxable","15":"purchasable","16":"product-type-simple"},"yoast_head":"<!-- This site is optimized with the Yoast SEO plugin v27.5 - https:\/\/yoast.com\/product\/yoast-seo-wordpress\/ -->\n<title>Sort hardcase brilleetui med lynl\u00e5s og karabin | K\u00f8b online her | LOCS<\/title>\n<meta name=\"description\" content=\"K\u00f8b Sort hardcase brilleetui med lynl\u00e5s og karabin her | EU&#039;s st\u00f8rste udvalg af LOCS solbriller | Vi sender fra EU - Ingen ekstra import udgifter\" \/>\n<meta name=\"robots\" content=\"index, follow, max-snippet:-1, max-image-preview:large, max-video-preview:-1\" \/>\n<link rel=\"canonical\" href=\"https:\/\/locsshop.eu\/es\/shop\/sort-hardcase-brilleetui-med-lynlaas-og-karabin\/\" \/>\n<meta property=\"og:locale\" content=\"es_ES\" \/>\n<meta property=\"og:type\" content=\"article\" \/>\n<meta property=\"og:title\" content=\"Sort hardcase brilleetui med lynl\u00e5s og karabin | K\u00f8b online her | LOCS\" \/>\n<meta property=\"og:description\" content=\"K\u00f8b Sort hardcase brilleetui med lynl\u00e5s og karabin her | EU&#039;s st\u00f8rste udvalg af LOCS solbriller | Vi sender fra EU - Ingen ekstra import udgifter\" \/>\n<meta property=\"og:url\" content=\"https:\/\/locsshop.eu\/es\/shop\/sort-hardcase-brilleetui-med-lynlaas-og-karabin\/\" \/>\n<meta property=\"og:site_name\" content=\"Locs Sunglasses - LOCS Supplier in EU\" \/>\n<meta property=\"article:modified_time\" content=\"2026-04-29T13:53:50+00:00\" \/>\n<meta property=\"og:image\" content=\"https:\/\/locsshop.eu\/wp-content\/uploads\/2023\/04\/Stort-sort-brilleetui-med-karabin.jpg\" \/>\n\t<meta property=\"og:image:width\" content=\"800\" \/>\n\t<meta property=\"og:image:height\" content=\"800\" \/>\n\t<meta property=\"og:image:type\" content=\"image\/jpeg\" \/>\n<meta name=\"twitter:card\" content=\"summary_large_image\" \/>\n<meta name=\"twitter:label1\" content=\"Tiempo de lectura\" \/>\n\t<meta name=\"twitter:data1\" content=\"1 minuto\" \/>\n<script type=\"application\/ld+json\" class=\"yoast-schema-graph\">{\"@context\":\"https:\\\/\\\/schema.org\",\"@graph\":[{\"@type\":\"WebPage\",\"@id\":\"https:\\\/\\\/locsshop.eu\\\/shop\\\/sort-hardcase-brilleetui-med-lynlaas-og-karabin\\\/\",\"url\":\"https:\\\/\\\/locsshop.eu\\\/shop\\\/sort-hardcase-brilleetui-med-lynlaas-og-karabin\\\/\",\"name\":\"Sort hardcase brilleetui med lynl\u00e5s og karabin | K\u00f8b online her | LOCS\",\"isPartOf\":{\"@id\":\"https:\\\/\\\/locsshop.eu\\\/#website\"},\"primaryImageOfPage\":{\"@id\":\"https:\\\/\\\/locsshop.eu\\\/shop\\\/sort-hardcase-brilleetui-med-lynlaas-og-karabin\\\/#primaryimage\"},\"image\":{\"@id\":\"https:\\\/\\\/locsshop.eu\\\/shop\\\/sort-hardcase-brilleetui-med-lynlaas-og-karabin\\\/#primaryimage\"},\"thumbnailUrl\":\"https:\\\/\\\/locsshop.eu\\\/wp-content\\\/uploads\\\/2023\\\/04\\\/Stort-sort-brilleetui-med-karabin.jpg\",\"datePublished\":\"2023-04-30T10:19:06+00:00\",\"dateModified\":\"2026-04-29T13:53:50+00:00\",\"description\":\"K\u00f8b Sort hardcase brilleetui med lynl\u00e5s og karabin her | EU's st\u00f8rste udvalg af LOCS solbriller | Vi sender fra EU - Ingen ekstra import udgifter\",\"breadcrumb\":{\"@id\":\"https:\\\/\\\/locsshop.eu\\\/shop\\\/sort-hardcase-brilleetui-med-lynlaas-og-karabin\\\/#breadcrumb\"},\"inLanguage\":\"es\",\"potentialAction\":[{\"@type\":\"ReadAction\",\"target\":[\"https:\\\/\\\/locsshop.eu\\\/shop\\\/sort-hardcase-brilleetui-med-lynlaas-og-karabin\\\/\"]}]},{\"@type\":\"ImageObject\",\"inLanguage\":\"es\",\"@id\":\"https:\\\/\\\/locsshop.eu\\\/shop\\\/sort-hardcase-brilleetui-med-lynlaas-og-karabin\\\/#primaryimage\",\"url\":\"https:\\\/\\\/locsshop.eu\\\/wp-content\\\/uploads\\\/2023\\\/04\\\/Stort-sort-brilleetui-med-karabin.jpg\",\"contentUrl\":\"https:\\\/\\\/locsshop.eu\\\/wp-content\\\/uploads\\\/2023\\\/04\\\/Stort-sort-brilleetui-med-karabin.jpg\",\"width\":800,\"height\":800},{\"@type\":\"BreadcrumbList\",\"@id\":\"https:\\\/\\\/locsshop.eu\\\/shop\\\/sort-hardcase-brilleetui-med-lynlaas-og-karabin\\\/#breadcrumb\",\"itemListElement\":[{\"@type\":\"ListItem\",\"position\":1,\"name\":\"Hjem\",\"item\":\"https:\\\/\\\/locsshop.eu\\\/\"},{\"@type\":\"ListItem\",\"position\":2,\"name\":\"Shop\",\"item\":\"https:\\\/\\\/locsshop.eu\\\/shop\\\/\"},{\"@type\":\"ListItem\",\"position\":3,\"name\":\"Sort hardcase brilleetui med lynl\u00e5s og karabin\"}]},{\"@type\":\"WebSite\",\"@id\":\"https:\\\/\\\/locsshop.eu\\\/#website\",\"url\":\"https:\\\/\\\/locsshop.eu\\\/\",\"name\":\"Locs Sunglasses - LOCS Supplier in EU\",\"description\":\"We sell cheap LOCS Sunglasses\",\"publisher\":{\"@id\":\"https:\\\/\\\/locsshop.eu\\\/#organization\"},\"potentialAction\":[{\"@type\":\"SearchAction\",\"target\":{\"@type\":\"EntryPoint\",\"urlTemplate\":\"https:\\\/\\\/locsshop.eu\\\/?s={search_term_string}\"},\"query-input\":{\"@type\":\"PropertyValueSpecification\",\"valueRequired\":true,\"valueName\":\"search_term_string\"}}],\"inLanguage\":\"es\"},{\"@type\":\"Organization\",\"@id\":\"https:\\\/\\\/locsshop.eu\\\/#organization\",\"name\":\"Locsshop.eu\",\"url\":\"https:\\\/\\\/locsshop.eu\\\/\",\"logo\":{\"@type\":\"ImageObject\",\"inLanguage\":\"es\",\"@id\":\"https:\\\/\\\/locsshop.eu\\\/#\\\/schema\\\/logo\\\/image\\\/\",\"url\":\"https:\\\/\\\/locsshop.eu\\\/wp-content\\\/uploads\\\/2022\\\/02\\\/Locsshop-logo.png\",\"contentUrl\":\"https:\\\/\\\/locsshop.eu\\\/wp-content\\\/uploads\\\/2022\\\/02\\\/Locsshop-logo.png\",\"width\":930,\"height\":200,\"caption\":\"Locsshop.eu\"},\"image\":{\"@id\":\"https:\\\/\\\/locsshop.eu\\\/#\\\/schema\\\/logo\\\/image\\\/\"}}]}<\/script>\n<!-- \/ Yoast SEO plugin. -->","yoast_head_json":{"title":"Estuche de gafas r\u00edgido negro con cremallera y mosquet\u00f3n | Compra online aqu\u00ed | LOC","description":"Comprar Estuche de gafas r\u00edgido negro con cremallera y mosquet\u00f3n aqu\u00ed | La mayor selecci\u00f3n de gafas de sol LOCS de la UE | Enviamos desde la UE - Sin costos adicionales de importaci\u00f3n","robots":{"index":"index","follow":"follow","max-snippet":"max-snippet:-1","max-image-preview":"max-image-preview:large","max-video-preview":"max-video-preview:-1"},"canonical":"https:\/\/locsshop.eu\/es\/shop\/sort-hardcase-brilleetui-med-lynlaas-og-karabin\/","og_locale":"es_ES","og_type":"article","og_title":"Sort hardcase brilleetui med lynl\u00e5s og karabin | K\u00f8b online her | LOCS","og_description":"K\u00f8b Sort hardcase brilleetui med lynl\u00e5s og karabin her | EU's st\u00f8rste udvalg af LOCS solbriller | Vi sender fra EU - Ingen ekstra import udgifter","og_url":"https:\/\/locsshop.eu\/es\/shop\/sort-hardcase-brilleetui-med-lynlaas-og-karabin\/","og_site_name":"Locs Sunglasses - LOCS Supplier in EU","article_modified_time":"2026-04-29T13:53:50+00:00","og_image":[{"width":800,"height":800,"url":"https:\/\/locsshop.eu\/wp-content\/uploads\/2023\/04\/Stort-sort-brilleetui-med-karabin.jpg","type":"image\/jpeg"}],"twitter_card":"summary_large_image","twitter_misc":{"Tiempo de lectura":"1 minuto"},"schema":{"@context":"https:\/\/schema.org","@graph":[{"@type":"WebPage","@id":"https:\/\/locsshop.eu\/shop\/sort-hardcase-brilleetui-med-lynlaas-og-karabin\/","url":"https:\/\/locsshop.eu\/shop\/sort-hardcase-brilleetui-med-lynlaas-og-karabin\/","name":"Estuche de gafas r\u00edgido negro con cremallera y mosquet\u00f3n | Compra online aqu\u00ed | LOC","isPartOf":{"@id":"https:\/\/locsshop.eu\/#website"},"primaryImageOfPage":{"@id":"https:\/\/locsshop.eu\/shop\/sort-hardcase-brilleetui-med-lynlaas-og-karabin\/#primaryimage"},"image":{"@id":"https:\/\/locsshop.eu\/shop\/sort-hardcase-brilleetui-med-lynlaas-og-karabin\/#primaryimage"},"thumbnailUrl":"https:\/\/locsshop.eu\/wp-content\/uploads\/2023\/04\/Stort-sort-brilleetui-med-karabin.jpg","datePublished":"2023-04-30T10:19:06+00:00","dateModified":"2026-04-29T13:53:50+00:00","description":"Comprar Estuche de gafas r\u00edgido negro con cremallera y mosquet\u00f3n aqu\u00ed | La mayor selecci\u00f3n de gafas de sol LOCS de la UE | Enviamos desde la UE - Sin costos adicionales de importaci\u00f3n","breadcrumb":{"@id":"https:\/\/locsshop.eu\/shop\/sort-hardcase-brilleetui-med-lynlaas-og-karabin\/#breadcrumb"},"inLanguage":"es","potentialAction":[{"@type":"ReadAction","target":["https:\/\/locsshop.eu\/shop\/sort-hardcase-brilleetui-med-lynlaas-og-karabin\/"]}]},{"@type":"ImageObject","inLanguage":"es","@id":"https:\/\/locsshop.eu\/shop\/sort-hardcase-brilleetui-med-lynlaas-og-karabin\/#primaryimage","url":"https:\/\/locsshop.eu\/wp-content\/uploads\/2023\/04\/Stort-sort-brilleetui-med-karabin.jpg","contentUrl":"https:\/\/locsshop.eu\/wp-content\/uploads\/2023\/04\/Stort-sort-brilleetui-med-karabin.jpg","width":800,"height":800},{"@type":"BreadcrumbList","@id":"https:\/\/locsshop.eu\/shop\/sort-hardcase-brilleetui-med-lynlaas-og-karabin\/#breadcrumb","itemListElement":[{"@type":"ListItem","position":1,"name":"Hjem","item":"https:\/\/locsshop.eu\/"},{"@type":"ListItem","position":2,"name":"Shop","item":"https:\/\/locsshop.eu\/shop\/"},{"@type":"ListItem","position":3,"name":"Sort hardcase brilleetui med lynl\u00e5s og karabin"}]},{"@type":"WebSite","@id":"https:\/\/locsshop.eu\/#website","url":"https:\/\/locsshop.eu\/","name":"Gafas de sol Locs - Proveedor LOCS en la UE","description":"Vendemos Gafas de Sol LOCS baratas","publisher":{"@id":"https:\/\/locsshop.eu\/#organization"},"potentialAction":[{"@type":"SearchAction","target":{"@type":"EntryPoint","urlTemplate":"https:\/\/locsshop.eu\/?s={search_term_string}"},"query-input":{"@type":"PropertyValueSpecification","valueRequired":true,"valueName":"search_term_string"}}],"inLanguage":"es"},{"@type":"Organization","@id":"https:\/\/locsshop.eu\/#organization","name":"Locsshop.eu","url":"https:\/\/locsshop.eu\/","logo":{"@type":"ImageObject","inLanguage":"es","@id":"https:\/\/locsshop.eu\/#\/schema\/logo\/image\/","url":"https:\/\/locsshop.eu\/wp-content\/uploads\/2022\/02\/Locsshop-logo.png","contentUrl":"https:\/\/locsshop.eu\/wp-content\/uploads\/2022\/02\/Locsshop-logo.png","width":930,"height":200,"caption":"Locsshop.eu"},"image":{"@id":"https:\/\/locsshop.eu\/#\/schema\/logo\/image\/"}}]}},"_links":{"self":[{"href":"https:\/\/locsshop.eu\/es\/wp-json\/wp\/v2\/product\/9910","targetHints":{"allow":["GET"]}}],"collection":[{"href":"https:\/\/locsshop.eu\/es\/wp-json\/wp\/v2\/product"}],"about":[{"href":"https:\/\/locsshop.eu\/es\/wp-json\/wp\/v2\/types\/product"}],"replies":[{"embeddable":true,"href":"https:\/\/locsshop.eu\/es\/wp-json\/wp\/v2\/comments?post=9910"}],"wp:featuredmedia":[{"embeddable":true,"href":"https:\/\/locsshop.eu\/es\/wp-json\/wp\/v2\/media\/9911"}],"wp:attachment":[{"href":"https:\/\/locsshop.eu\/es\/wp-json\/wp\/v2\/media?parent=9910"}],"wp:term":[{"taxonomy":"product_brand","embeddable":true,"href":"https:\/\/locsshop.eu\/es\/wp-json\/wp\/v2\/product_brand?post=9910"},{"taxonomy":"product_cat","embeddable":true,"href":"https:\/\/locsshop.eu\/es\/wp-json\/wp\/v2\/product_cat?post=9910"},{"taxonomy":"product_tag","embeddable":true,"href":"https:\/\/locsshop.eu\/es\/wp-json\/wp\/v2\/product_tag?post=9910"}],"curies":[{"name":"gracias","href":"https:\/\/api.w.org\/{rel}","templated":true}]}}