{"id":10991,"date":"2023-07-07T09:28:37","date_gmt":"2023-07-07T07:28:37","guid":{"rendered":"https:\/\/locsshop.eu\/da\/shop\/x-loop-solbriller-estevan-brune-glas-med-blaa-lilla-spejleffekt\/"},"modified":"2023-10-02T19:15:25","modified_gmt":"2023-10-02T17:15:25","slug":"x-loop-solbriller-estevan-brune-glas-med-blaa-lilla-spejleffekt","status":"publish","type":"product","link":"https:\/\/locsshop.eu\/fr\/shop\/x-loop-solbriller-estevan-brune-glas-med-blaa-lilla-spejleffekt\/","title":{"rendered":"Lunettes de soleil X-Loop \u2013 Estevan | Verres marron effet miroir bleu-violet"},"content":{"rendered":"<h2><strong>Lunettes de soleil mates sportives avec verres miroir et monture camouflage<\/strong><\/h2>\n<h4>Lunettes de soleil super cool avec surface mate, logos X-Loop en m\u00e9tal et monture camouflage.<\/h4>\n<h4>Les lunettes de soleil sont parfaites avec leur camouflage pour les chasseurs et autres qui se d\u00e9placent beaucoup dans la nature.<br \/>\nIls sont aussi super cool si vous aimez vraiment les lunettes de soleil sportives et le camouflage.<\/h4>\n<p>Convient aussi bien aux hommes qu&#039;aux femmes. Achetez-les avant qu&#039;ils ne se vendent.<\/p>\n<h4><\/h4>\n<h4><img loading=\"lazy\" decoding=\"async\" class=\"alignnone wp-image-12490 size-full\" src=\"https:\/\/bazarsalg.dk\/wp-content\/uploads\/xloop_wholesale_sunglasses_logo.gif\" alt=\"\" width=\"150\" height=\"80\" \/><\/h4>\n<p>&nbsp;<\/p>\n<table style=\"width: 100%;border-collapse: collapse;border-style: dashed\" border=\"1\">\n<tbody>\n<tr>\n<td style=\"width: 100%\">\n<h2 style=\"text-align: center\"><strong>La taille des lunettes de soleil<\/strong><\/h2>\n<\/td>\n<\/tr>\n<\/tbody>\n<\/table>\n<table style=\"width: 100%;border-collapse: collapse;border-style: hidden;margin-left: auto;margin-right: auto\" border=\"1\" cellspacing=\"20\" cellpadding=\"20\">\n<tbody>\n<tr>\n<td style=\"width: 33.3333%;text-align: center\"><strong><img decoding=\"async\" src=\"https:\/\/bazarsalg.dk\/wp-content\/uploads\/bredde.png\" \/><\/strong><\/td>\n<td style=\"width: 33.3333%;text-align: center\"><strong>Largeur<\/strong><\/td>\n<td style=\"width: 33.3333%;text-align: center\"><strong>14cm.<\/strong><\/td>\n<\/tr>\n<tr>\n<td style=\"width: 33.3333%;text-align: center\"><strong><img decoding=\"async\" src=\"https:\/\/bazarsalg.dk\/wp-content\/uploads\/hoejde.png\" \/><\/strong><\/td>\n<td style=\"width: 33.3333%;text-align: center\"><strong>Hauteur<\/strong><\/td>\n<td style=\"width: 33.3333%;text-align: center\"><strong>4,5 cm.<\/strong><\/td>\n<\/tr>\n<tr>\n<td style=\"width: 33.3333%;text-align: center\"><strong><img decoding=\"async\" src=\"https:\/\/bazarsalg.dk\/wp-content\/uploads\/stang.png\" \/><\/strong><\/td>\n<td style=\"width: 33.3333%;text-align: center\"><strong>Longueur du c\u00f4t\u00e9<\/strong><\/td>\n<td style=\"width: 33.3333%;text-align: center\"><strong>13 cm.<\/strong><\/td>\n<\/tr>\n<tr>\n<td style=\"width: 33.3333%;text-align: center\"><strong><img decoding=\"async\" src=\"https:\/\/bazarsalg.dk\/wp-content\/uploads\/glas-bredde.png\" \/><\/strong><\/td>\n<td style=\"width: 33.3333%;text-align: center\"><strong>Largeur du verre<\/strong><\/td>\n<td style=\"width: 33.3333%;text-align: center\"><strong>6,4 cm.<\/strong><\/td>\n<\/tr>\n<tr>\n<td style=\"width: 33.3333%;text-align: center\"><strong><img decoding=\"async\" src=\"https:\/\/bazarsalg.dk\/wp-content\/uploads\/bredde-naese.png\" \/><\/strong><\/td>\n<td style=\"width: 33.3333%;text-align: center\"><strong>Espace entre le verre<\/strong><\/td>\n<td style=\"width: 33.3333%;text-align: center\"><strong>1,7 cm.<\/strong><\/td>\n<\/tr>\n<\/tbody>\n<\/table>\n<p>&nbsp;<\/p>\n<h4><em>\u00c0 propos de X-Loop<\/em><\/h4>\n<p>Les lunettes de soleil X-Loop sont une marque exclusive de lunettes de soleil de sport. Toutes les lunettes de soleil X-Loop sont fabriqu\u00e9es \u00e0 partir de plastiques et de m\u00e9taux de la plus haute qualit\u00e9. De nombreux mod\u00e8les de lunettes de soleil X Loop designrt ont des montures enveloppantes et des embouts en caoutchouc antid\u00e9rapants. Les lunettes de soleil X-Loop sont un choix populaire pour ceux qui recherchent \u00e0 la fois style et fonctionnalit\u00e9. Ils offrent un look \u00e9l\u00e9gant et moderne, tout en offrant une protection maximale contre les rayons UV nocifs.<br \/>\nLes lunettes de soleil X-Loop sont parfaites pour les activit\u00e9s de plein air telles que la p\u00eache, le ski ou la voile. La monture des lunettes de soleil X-Loop est compos\u00e9e de mat\u00e9riaux l\u00e9gers et durables qui garantissent une utilisation et un confort \u00e0 long terme. Avec diff\u00e9rentes couleurs et designs, il existe un style X-Loop pour s&#039;adapter \u00e0 chaque personnalit\u00e9 et \u00e0 chaque besoin.<\/p>\n<table style=\"width: 100%;border-collapse: collapse;border-style: hidden;margin-left: auto;margin-right: auto\" border=\"1\" cellspacing=\"50\" cellpadding=\"20\">\n<caption>\u00a0<\/caption>\n<caption>\u00a0<\/caption>\n<tbody>\n<tr>\n<td style=\"width: 25%;text-align: center\"><img decoding=\"async\" class=\"aligncenter\" src=\"https:\/\/bazarsalg.dk\/wp-content\/uploads\/UV.png\" \/><\/td>\n<td style=\"width: 25%;text-align: center\"><img decoding=\"async\" src=\"https:\/\/bazarsalg.dk\/wp-content\/uploads\/ce.png\" \/><\/td>\n<td style=\"width: 25%;text-align: center\"><img decoding=\"async\" src=\"https:\/\/bazarsalg.dk\/wp-content\/uploads\/box.png\" \/><\/td>\n<\/tr>\n<tr>\n<td style=\"width: 25%;text-align: center\"><strong>Les lunettes de soleil ont une protection UV400<\/strong><\/p>\n<p>Bloque 99 \u00e0 100 % de tous les rayons UVA et UVB et prot\u00e8ge vos yeux des rayons du soleil.<\/td>\n<td style=\"width: 25%;text-align: center\"><strong>Approuv\u00e9 CE <\/strong><\/p>\n<p>Les lunettes de soleil r\u00e9pondent \u00e0 toutes les exigences l\u00e9gales de l&#039;UE, ce qui garantit que vos lunettes de soleil sont test\u00e9es et approuv\u00e9es.<\/td>\n<td style=\"width: 25%;text-align: center\"><strong>Envoy\u00e9s dans une bo\u00eete en carton pour qu&#039;ils ne se cassent pas <\/strong><\/p>\n<p>Nous emballons toujours les lunettes de soleil en toute s\u00e9curit\u00e9 afin qu&#039;elles arrivent en bon \u00e9tat.<\/td>\n<\/tr>\n<\/tbody>\n<\/table>","protected":false},"excerpt":{"rendered":"<p><strong>BOUCLE X \u2013 8X2450<\/strong><br \/>\n<img loading=\"lazy\" decoding=\"async\" class=\"alignnone size-full wp-image-12490\" src=\"https:\/\/bazarsalg.dk\/wp-content\/uploads\/xloop_wholesale_sunglasses_logo.gif\" alt=\"\" width=\"150\" height=\"80\" \/><br \/>\nUV400<br \/>\nApprouv\u00e9 CE<\/p>","protected":false},"featured_media":10992,"comment_status":"open","ping_status":"closed","template":"","meta":{"om_disable_all_campaigns":false,"_monsterinsights_skip_tracking":false,"_monsterinsights_sitenote_active":false,"_monsterinsights_sitenote_note":"","_monsterinsights_sitenote_category":0},"product_brand":[],"product_cat":[1049,1401],"product_tag":[1402,870,917,1400],"class_list":{"0":"post-10991","1":"product","2":"type-product","3":"status-publish","4":"has-post-thumbnail","6":"product_cat-premium-solbriller","7":"product_cat-xloop","8":"product_tag-8x2450","9":"product_tag-p693","10":"product_tag-stel","11":"product_tag-x-loop","13":"first","14":"outofstock","15":"shipping-taxable","16":"purchasable","17":"product-type-simple"},"yoast_head":"<!-- This site is optimized with the Yoast SEO plugin v27.2 - https:\/\/yoast.com\/product\/yoast-seo-wordpress\/ -->\n<title>X-Loop Solbriller - Estevan | Brune glas med bl\u00e5-lilla spejleffekt | K\u00f8b online her | LOCS<\/title>\n<meta name=\"description\" content=\"K\u00f8b X-Loop Solbriller - Estevan | Brune glas med bl\u00e5-lilla spejleffekt her | EU&#039;s st\u00f8rste udvalg af LOCS solbriller | Vi sender fra EU - Ingen ekstra import udgifter\" \/>\n<meta name=\"robots\" content=\"index, follow, max-snippet:-1, max-image-preview:large, max-video-preview:-1\" \/>\n<link rel=\"canonical\" href=\"https:\/\/locsshop.eu\/fr\/shop\/x-loop-solbriller-estevan-brune-glas-med-blaa-lilla-spejleffekt\/\" \/>\n<meta property=\"og:locale\" content=\"fr_FR\" \/>\n<meta property=\"og:type\" content=\"article\" \/>\n<meta property=\"og:title\" content=\"X-Loop Solbriller - Estevan | Brune glas med bl\u00e5-lilla spejleffekt | K\u00f8b online her | LOCS\" \/>\n<meta property=\"og:description\" content=\"K\u00f8b X-Loop Solbriller - Estevan | Brune glas med bl\u00e5-lilla spejleffekt her | EU&#039;s st\u00f8rste udvalg af LOCS solbriller | Vi sender fra EU - Ingen ekstra import udgifter\" \/>\n<meta property=\"og:url\" content=\"https:\/\/locsshop.eu\/fr\/shop\/x-loop-solbriller-estevan-brune-glas-med-blaa-lilla-spejleffekt\/\" \/>\n<meta property=\"og:site_name\" content=\"Locs Sunglasses - LOCS Supplier in EU\" \/>\n<meta property=\"article:modified_time\" content=\"2023-10-02T17:15:25+00:00\" \/>\n<meta property=\"og:image\" content=\"https:\/\/locsshop.eu\/wp-content\/uploads\/2023\/07\/8X24505-new.jpg\" \/>\n\t<meta property=\"og:image:width\" content=\"800\" \/>\n\t<meta property=\"og:image:height\" content=\"800\" \/>\n\t<meta property=\"og:image:type\" content=\"image\/jpeg\" \/>\n<meta name=\"twitter:card\" content=\"summary_large_image\" \/>\n<meta name=\"twitter:label1\" content=\"Dur\u00e9e de lecture estim\u00e9e\" \/>\n\t<meta name=\"twitter:data1\" content=\"1 minute\" \/>\n<script type=\"application\/ld+json\" class=\"yoast-schema-graph\">{\"@context\":\"https:\/\/schema.org\",\"@graph\":[{\"@type\":\"WebPage\",\"@id\":\"https:\/\/locsshop.eu\/shop\/x-loop-solbriller-estevan-brune-glas-med-blaa-lilla-spejleffekt\/\",\"url\":\"https:\/\/locsshop.eu\/shop\/x-loop-solbriller-estevan-brune-glas-med-blaa-lilla-spejleffekt\/\",\"name\":\"X-Loop Solbriller - Estevan | Brune glas med bl\u00e5-lilla spejleffekt | K\u00f8b online her | LOCS\",\"isPartOf\":{\"@id\":\"https:\/\/locsshop.eu\/#website\"},\"primaryImageOfPage\":{\"@id\":\"https:\/\/locsshop.eu\/shop\/x-loop-solbriller-estevan-brune-glas-med-blaa-lilla-spejleffekt\/#primaryimage\"},\"image\":{\"@id\":\"https:\/\/locsshop.eu\/shop\/x-loop-solbriller-estevan-brune-glas-med-blaa-lilla-spejleffekt\/#primaryimage\"},\"thumbnailUrl\":\"https:\/\/locsshop.eu\/wp-content\/uploads\/2023\/07\/8X24505-new.jpg\",\"datePublished\":\"2023-07-07T07:28:37+00:00\",\"dateModified\":\"2023-10-02T17:15:25+00:00\",\"description\":\"K\u00f8b X-Loop Solbriller - Estevan | Brune glas med bl\u00e5-lilla spejleffekt her | EU's st\u00f8rste udvalg af LOCS solbriller | Vi sender fra EU - Ingen ekstra import udgifter\",\"breadcrumb\":{\"@id\":\"https:\/\/locsshop.eu\/shop\/x-loop-solbriller-estevan-brune-glas-med-blaa-lilla-spejleffekt\/#breadcrumb\"},\"inLanguage\":\"fr-FR\",\"potentialAction\":[{\"@type\":\"ReadAction\",\"target\":[\"https:\/\/locsshop.eu\/shop\/x-loop-solbriller-estevan-brune-glas-med-blaa-lilla-spejleffekt\/\"]}]},{\"@type\":\"ImageObject\",\"inLanguage\":\"fr-FR\",\"@id\":\"https:\/\/locsshop.eu\/shop\/x-loop-solbriller-estevan-brune-glas-med-blaa-lilla-spejleffekt\/#primaryimage\",\"url\":\"https:\/\/locsshop.eu\/wp-content\/uploads\/2023\/07\/8X24505-new.jpg\",\"contentUrl\":\"https:\/\/locsshop.eu\/wp-content\/uploads\/2023\/07\/8X24505-new.jpg\",\"width\":800,\"height\":800},{\"@type\":\"BreadcrumbList\",\"@id\":\"https:\/\/locsshop.eu\/shop\/x-loop-solbriller-estevan-brune-glas-med-blaa-lilla-spejleffekt\/#breadcrumb\",\"itemListElement\":[{\"@type\":\"ListItem\",\"position\":1,\"name\":\"Hjem\",\"item\":\"https:\/\/locsshop.eu\/\"},{\"@type\":\"ListItem\",\"position\":2,\"name\":\"Shop\",\"item\":\"https:\/\/locsshop.eu\/shop\/\"},{\"@type\":\"ListItem\",\"position\":3,\"name\":\"X-Loop Solbriller &#8211; Estevan | Brune glas med bl\u00e5-lilla spejleffekt\"}]},{\"@type\":\"WebSite\",\"@id\":\"https:\/\/locsshop.eu\/#website\",\"url\":\"https:\/\/locsshop.eu\/\",\"name\":\"Locs Sunglasses - LOCS Supplier in EU\",\"description\":\"We sell cheap LOCS Sunglasses\",\"publisher\":{\"@id\":\"https:\/\/locsshop.eu\/#organization\"},\"potentialAction\":[{\"@type\":\"SearchAction\",\"target\":{\"@type\":\"EntryPoint\",\"urlTemplate\":\"https:\/\/locsshop.eu\/?s={search_term_string}\"},\"query-input\":{\"@type\":\"PropertyValueSpecification\",\"valueRequired\":true,\"valueName\":\"search_term_string\"}}],\"inLanguage\":\"fr-FR\"},{\"@type\":\"Organization\",\"@id\":\"https:\/\/locsshop.eu\/#organization\",\"name\":\"Locsshop.eu\",\"url\":\"https:\/\/locsshop.eu\/\",\"logo\":{\"@type\":\"ImageObject\",\"inLanguage\":\"fr-FR\",\"@id\":\"https:\/\/locsshop.eu\/#\/schema\/logo\/image\/\",\"url\":\"https:\/\/locsshop.eu\/wp-content\/uploads\/2022\/02\/Locsshop-logo.png\",\"contentUrl\":\"https:\/\/locsshop.eu\/wp-content\/uploads\/2022\/02\/Locsshop-logo.png\",\"width\":930,\"height\":200,\"caption\":\"Locsshop.eu\"},\"image\":{\"@id\":\"https:\/\/locsshop.eu\/#\/schema\/logo\/image\/\"}}]}<\/script>\n<!-- \/ Yoast SEO plugin. -->","yoast_head_json":{"title":"solaires X-Loop - Estevan | Lunettes marron effet miroir bleu-violet | Achetez en ligne ici | LOCS","description":"Acheter Lunettes de soleil X-Loop - Estevan | Lunettes marron effet miroir bleu-violet ici | La plus grande s\u00e9lection de lunettes de soleil LOCS de l&#039;UE | Nous exp\u00e9dions depuis l&#039;UE - Pas de frais d&#039;importation suppl\u00e9mentaires","robots":{"index":"index","follow":"follow","max-snippet":"max-snippet:-1","max-image-preview":"max-image-preview:large","max-video-preview":"max-video-preview:-1"},"canonical":"https:\/\/locsshop.eu\/fr\/shop\/x-loop-solbriller-estevan-brune-glas-med-blaa-lilla-spejleffekt\/","og_locale":"fr_FR","og_type":"article","og_title":"X-Loop Solbriller - Estevan | Brune glas med bl\u00e5-lilla spejleffekt | K\u00f8b online her | LOCS","og_description":"K\u00f8b X-Loop Solbriller - Estevan | Brune glas med bl\u00e5-lilla spejleffekt her | EU's st\u00f8rste udvalg af LOCS solbriller | Vi sender fra EU - Ingen ekstra import udgifter","og_url":"https:\/\/locsshop.eu\/fr\/shop\/x-loop-solbriller-estevan-brune-glas-med-blaa-lilla-spejleffekt\/","og_site_name":"Locs Sunglasses - LOCS Supplier in EU","article_modified_time":"2023-10-02T17:15:25+00:00","og_image":[{"width":800,"height":800,"url":"https:\/\/locsshop.eu\/wp-content\/uploads\/2023\/07\/8X24505-new.jpg","type":"image\/jpeg"}],"twitter_card":"summary_large_image","twitter_misc":{"Dur\u00e9e de lecture estim\u00e9e":"1 minute"},"schema":{"@context":"https:\/\/schema.org","@graph":[{"@type":"WebPage","@id":"https:\/\/locsshop.eu\/shop\/x-loop-solbriller-estevan-brune-glas-med-blaa-lilla-spejleffekt\/","url":"https:\/\/locsshop.eu\/shop\/x-loop-solbriller-estevan-brune-glas-med-blaa-lilla-spejleffekt\/","name":"solaires X-Loop - Estevan | Lunettes marron effet miroir bleu-violet | Achetez en ligne ici | LOCS","isPartOf":{"@id":"https:\/\/locsshop.eu\/#website"},"primaryImageOfPage":{"@id":"https:\/\/locsshop.eu\/shop\/x-loop-solbriller-estevan-brune-glas-med-blaa-lilla-spejleffekt\/#primaryimage"},"image":{"@id":"https:\/\/locsshop.eu\/shop\/x-loop-solbriller-estevan-brune-glas-med-blaa-lilla-spejleffekt\/#primaryimage"},"thumbnailUrl":"https:\/\/locsshop.eu\/wp-content\/uploads\/2023\/07\/8X24505-new.jpg","datePublished":"2023-07-07T07:28:37+00:00","dateModified":"2023-10-02T17:15:25+00:00","description":"Acheter Lunettes de soleil X-Loop - Estevan | Lunettes marron effet miroir bleu-violet ici | La plus grande s\u00e9lection de lunettes de soleil LOCS de l&#039;UE | Nous exp\u00e9dions depuis l&#039;UE - Pas de frais d&#039;importation suppl\u00e9mentaires","breadcrumb":{"@id":"https:\/\/locsshop.eu\/shop\/x-loop-solbriller-estevan-brune-glas-med-blaa-lilla-spejleffekt\/#breadcrumb"},"inLanguage":"fr-FR","potentialAction":[{"@type":"ReadAction","target":["https:\/\/locsshop.eu\/shop\/x-loop-solbriller-estevan-brune-glas-med-blaa-lilla-spejleffekt\/"]}]},{"@type":"ImageObject","inLanguage":"fr-FR","@id":"https:\/\/locsshop.eu\/shop\/x-loop-solbriller-estevan-brune-glas-med-blaa-lilla-spejleffekt\/#primaryimage","url":"https:\/\/locsshop.eu\/wp-content\/uploads\/2023\/07\/8X24505-new.jpg","contentUrl":"https:\/\/locsshop.eu\/wp-content\/uploads\/2023\/07\/8X24505-new.jpg","width":800,"height":800},{"@type":"BreadcrumbList","@id":"https:\/\/locsshop.eu\/shop\/x-loop-solbriller-estevan-brune-glas-med-blaa-lilla-spejleffekt\/#breadcrumb","itemListElement":[{"@type":"ListItem","position":1,"name":"Hjem","item":"https:\/\/locsshop.eu\/"},{"@type":"ListItem","position":2,"name":"Shop","item":"https:\/\/locsshop.eu\/shop\/"},{"@type":"ListItem","position":3,"name":"X-Loop Solbriller &#8211; Estevan | Brune glas med bl\u00e5-lilla spejleffekt"}]},{"@type":"WebSite","@id":"https:\/\/locsshop.eu\/#website","url":"https:\/\/locsshop.eu\/","name":"Lunettes de soleil Locs - Fournisseur LOCS dans l&#039;UE","description":"Nous vendons des lunettes de soleil LOCS bon march\u00e9","publisher":{"@id":"https:\/\/locsshop.eu\/#organization"},"potentialAction":[{"@type":"SearchAction","target":{"@type":"EntryPoint","urlTemplate":"https:\/\/locsshop.eu\/?s={search_term_string}"},"query-input":{"@type":"PropertyValueSpecification","valueRequired":true,"valueName":"search_term_string"}}],"inLanguage":"fr-FR"},{"@type":"Organization","@id":"https:\/\/locsshop.eu\/#organization","name":"Locsshop.eu","url":"https:\/\/locsshop.eu\/","logo":{"@type":"ImageObject","inLanguage":"fr-FR","@id":"https:\/\/locsshop.eu\/#\/schema\/logo\/image\/","url":"https:\/\/locsshop.eu\/wp-content\/uploads\/2022\/02\/Locsshop-logo.png","contentUrl":"https:\/\/locsshop.eu\/wp-content\/uploads\/2022\/02\/Locsshop-logo.png","width":930,"height":200,"caption":"Locsshop.eu"},"image":{"@id":"https:\/\/locsshop.eu\/#\/schema\/logo\/image\/"}}]}},"_links":{"self":[{"href":"https:\/\/locsshop.eu\/fr\/wp-json\/wp\/v2\/product\/10991","targetHints":{"allow":["GET"]}}],"collection":[{"href":"https:\/\/locsshop.eu\/fr\/wp-json\/wp\/v2\/product"}],"about":[{"href":"https:\/\/locsshop.eu\/fr\/wp-json\/wp\/v2\/types\/product"}],"replies":[{"embeddable":true,"href":"https:\/\/locsshop.eu\/fr\/wp-json\/wp\/v2\/comments?post=10991"}],"wp:featuredmedia":[{"embeddable":true,"href":"https:\/\/locsshop.eu\/fr\/wp-json\/wp\/v2\/media\/10992"}],"wp:attachment":[{"href":"https:\/\/locsshop.eu\/fr\/wp-json\/wp\/v2\/media?parent=10991"}],"wp:term":[{"taxonomy":"product_brand","embeddable":true,"href":"https:\/\/locsshop.eu\/fr\/wp-json\/wp\/v2\/product_brand?post=10991"},{"taxonomy":"product_cat","embeddable":true,"href":"https:\/\/locsshop.eu\/fr\/wp-json\/wp\/v2\/product_cat?post=10991"},{"taxonomy":"product_tag","embeddable":true,"href":"https:\/\/locsshop.eu\/fr\/wp-json\/wp\/v2\/product_tag?post=10991"}],"curies":[{"name":"wp","href":"https:\/\/api.w.org\/{rel}","templated":true}]}}