{"id":11662,"date":"2023-05-08T21:17:49","date_gmt":"2023-05-08T19:17:49","guid":{"rendered":"https:\/\/locsshop.eu\/da\/shop\/runde-guld-john-lennon-laesebriller-2\/"},"modified":"2023-10-16T10:26:22","modified_gmt":"2023-10-16T08:26:22","slug":"runde-guld-john-lennon-laesebriller-2","status":"publish","type":"product","link":"https:\/\/locsshop.eu\/fr\/shop\/runde-guld-john-lennon-laesebriller-2\/","title":{"rendered":"Lunettes de lecture rondes dor\u00e9es John Lennon"},"content":{"rendered":"<h2>Lunettes de lecture rondes en or John Lennon de diff\u00e9rentes forces<\/h2>\n<p>De tr\u00e8s jolies lunettes de lecture rondes dans une jolie monture en m\u00e9tal dor\u00e9.<br \/>\nCeux-ci ont des charni\u00e8res flexibles pour que les tiges puissent \u00eatre adapt\u00e9es \u00e0 toutes les tailles de t\u00eate. En m\u00eame temps, cela rend les lunettes faciles \u00e0 mettre et \u00e0 enlever.<\/p>\n<p><strong>Utilisez les mesures ci-dessous et voyez si elles vous conviennent<\/strong><\/p>\n<p>Largeur int\u00e9rieure : 13 cm.<br \/>\nHauteur : 4,7 cm.<br \/>\nLongueur c\u00f4t\u00e9 int\u00e9rieur : 14 cm.<\/p>\n<p>Mat\u00e9riel: M\u00e9tal<br \/>\nHomologu\u00e9 CE<\/p>","protected":false},"excerpt":{"rendered":"<p><strong>Jolies lunettes de lecture rondes dans une jolie monture en m\u00e9tal dor\u00e9<\/strong><\/p>\n<p>Avec charni\u00e8res Flex<br \/>\nPlus de points forts<\/p>","protected":false},"featured_media":10158,"comment_status":"open","ping_status":"closed","template":"","meta":{"om_disable_all_campaigns":false,"_monsterinsights_skip_tracking":false,"_monsterinsights_sitenote_active":false,"_monsterinsights_sitenote_note":"","_monsterinsights_sitenote_category":0},"product_brand":[],"product_cat":[1035],"product_tag":[1333,698,695,840,645],"class_list":{"0":"post-11662","1":"product","2":"type-product","3":"status-publish","4":"has-post-thumbnail","6":"product_cat-laesebriller-laesesolbriller","7":"product_tag-1333","8":"product_tag-bn010442","9":"product_tag-bn010925","10":"product_tag-s1404","11":"product_tag-vato","13":"first","14":"instock","15":"shipping-taxable","16":"product-type-variable"},"yoast_head":"<!-- This site is optimized with the Yoast SEO plugin v27.2 - https:\/\/yoast.com\/product\/yoast-seo-wordpress\/ -->\n<title>Runde guld John Lennon l\u00e6sebriller | K\u00f8b online her | LOCS<\/title>\n<meta name=\"description\" content=\"K\u00f8b Runde guld John Lennon l\u00e6sebriller her | EU&#039;s st\u00f8rste udvalg af LOCS solbriller | Vi sender fra EU - Ingen ekstra import udgifter\" \/>\n<meta name=\"robots\" content=\"index, follow, max-snippet:-1, max-image-preview:large, max-video-preview:-1\" \/>\n<link rel=\"canonical\" href=\"https:\/\/locsshop.eu\/fr\/shop\/runde-guld-john-lennon-laesebriller-2\/\" \/>\n<meta property=\"og:locale\" content=\"fr_FR\" \/>\n<meta property=\"og:type\" content=\"article\" \/>\n<meta property=\"og:title\" content=\"Runde guld John Lennon l\u00e6sebriller | K\u00f8b online her | LOCS\" \/>\n<meta property=\"og:description\" content=\"K\u00f8b Runde guld John Lennon l\u00e6sebriller her | EU&#039;s st\u00f8rste udvalg af LOCS solbriller | Vi sender fra EU - Ingen ekstra import udgifter\" \/>\n<meta property=\"og:url\" content=\"https:\/\/locsshop.eu\/fr\/shop\/runde-guld-john-lennon-laesebriller-2\/\" \/>\n<meta property=\"og:site_name\" content=\"Locs Sunglasses - LOCS Supplier in EU\" \/>\n<meta property=\"article:modified_time\" content=\"2023-10-16T08:26:22+00:00\" \/>\n<meta property=\"og:image\" content=\"https:\/\/locsshop.eu\/wp-content\/uploads\/2022\/01\/Locs.png\" \/>\n\t<meta property=\"og:image:width\" content=\"600\" \/>\n\t<meta property=\"og:image:height\" content=\"200\" \/>\n\t<meta property=\"og:image:type\" content=\"image\/png\" \/>\n<meta name=\"twitter:card\" content=\"summary_large_image\" \/>\n<script type=\"application\/ld+json\" class=\"yoast-schema-graph\">{\"@context\":\"https:\/\/schema.org\",\"@graph\":[{\"@type\":\"WebPage\",\"@id\":\"https:\/\/locsshop.eu\/shop\/runde-guld-john-lennon-laesebriller-2\/\",\"url\":\"https:\/\/locsshop.eu\/shop\/runde-guld-john-lennon-laesebriller-2\/\",\"name\":\"Runde guld John Lennon l\u00e6sebriller | K\u00f8b online her | LOCS\",\"isPartOf\":{\"@id\":\"https:\/\/locsshop.eu\/#website\"},\"primaryImageOfPage\":{\"@id\":\"https:\/\/locsshop.eu\/shop\/runde-guld-john-lennon-laesebriller-2\/#primaryimage\"},\"image\":{\"@id\":\"https:\/\/locsshop.eu\/shop\/runde-guld-john-lennon-laesebriller-2\/#primaryimage\"},\"thumbnailUrl\":\"https:\/\/locsshop.eu\/wp-content\/uploads\/2023\/05\/013047-runde-guld-laesebriller-john-lennon.jpg\",\"datePublished\":\"2023-05-08T19:17:49+00:00\",\"dateModified\":\"2023-10-16T08:26:22+00:00\",\"description\":\"K\u00f8b Runde guld John Lennon l\u00e6sebriller her | EU's st\u00f8rste udvalg af LOCS solbriller | Vi sender fra EU - Ingen ekstra import udgifter\",\"breadcrumb\":{\"@id\":\"https:\/\/locsshop.eu\/shop\/runde-guld-john-lennon-laesebriller-2\/#breadcrumb\"},\"inLanguage\":\"fr-FR\",\"potentialAction\":[{\"@type\":\"ReadAction\",\"target\":[\"https:\/\/locsshop.eu\/shop\/runde-guld-john-lennon-laesebriller-2\/\"]}]},{\"@type\":\"ImageObject\",\"inLanguage\":\"fr-FR\",\"@id\":\"https:\/\/locsshop.eu\/shop\/runde-guld-john-lennon-laesebriller-2\/#primaryimage\",\"url\":\"https:\/\/locsshop.eu\/wp-content\/uploads\/2023\/05\/013047-runde-guld-laesebriller-john-lennon.jpg\",\"contentUrl\":\"https:\/\/locsshop.eu\/wp-content\/uploads\/2023\/05\/013047-runde-guld-laesebriller-john-lennon.jpg\",\"width\":800,\"height\":800},{\"@type\":\"BreadcrumbList\",\"@id\":\"https:\/\/locsshop.eu\/shop\/runde-guld-john-lennon-laesebriller-2\/#breadcrumb\",\"itemListElement\":[{\"@type\":\"ListItem\",\"position\":1,\"name\":\"Hjem\",\"item\":\"https:\/\/locsshop.eu\/\"},{\"@type\":\"ListItem\",\"position\":2,\"name\":\"Shop\",\"item\":\"https:\/\/locsshop.eu\/shop\/\"},{\"@type\":\"ListItem\",\"position\":3,\"name\":\"Runde guld John Lennon l\u00e6sebriller\"}]},{\"@type\":\"WebSite\",\"@id\":\"https:\/\/locsshop.eu\/#website\",\"url\":\"https:\/\/locsshop.eu\/\",\"name\":\"Locs Sunglasses - LOCS Supplier in EU\",\"description\":\"We sell cheap LOCS Sunglasses\",\"publisher\":{\"@id\":\"https:\/\/locsshop.eu\/#organization\"},\"potentialAction\":[{\"@type\":\"SearchAction\",\"target\":{\"@type\":\"EntryPoint\",\"urlTemplate\":\"https:\/\/locsshop.eu\/?s={search_term_string}\"},\"query-input\":{\"@type\":\"PropertyValueSpecification\",\"valueRequired\":true,\"valueName\":\"search_term_string\"}}],\"inLanguage\":\"fr-FR\"},{\"@type\":\"Organization\",\"@id\":\"https:\/\/locsshop.eu\/#organization\",\"name\":\"Locsshop.eu\",\"url\":\"https:\/\/locsshop.eu\/\",\"logo\":{\"@type\":\"ImageObject\",\"inLanguage\":\"fr-FR\",\"@id\":\"https:\/\/locsshop.eu\/#\/schema\/logo\/image\/\",\"url\":\"https:\/\/locsshop.eu\/wp-content\/uploads\/2022\/02\/Locsshop-logo.png\",\"contentUrl\":\"https:\/\/locsshop.eu\/wp-content\/uploads\/2022\/02\/Locsshop-logo.png\",\"width\":930,\"height\":200,\"caption\":\"Locsshop.eu\"},\"image\":{\"@id\":\"https:\/\/locsshop.eu\/#\/schema\/logo\/image\/\"}}]}<\/script>\n<!-- \/ Yoast SEO plugin. -->","yoast_head_json":{"title":"Lunettes de lecture rondes dor\u00e9es John Lennon | Achetez en ligne ici | LOCS","description":"Achetez des lunettes de lecture rondes dor\u00e9es John Lennon ici | La plus grande s\u00e9lection de lunettes de soleil LOCS de l&#039;UE | Nous exp\u00e9dions depuis l&#039;UE - Pas de frais d&#039;importation suppl\u00e9mentaires","robots":{"index":"index","follow":"follow","max-snippet":"max-snippet:-1","max-image-preview":"max-image-preview:large","max-video-preview":"max-video-preview:-1"},"canonical":"https:\/\/locsshop.eu\/fr\/shop\/runde-guld-john-lennon-laesebriller-2\/","og_locale":"fr_FR","og_type":"article","og_title":"Runde guld John Lennon l\u00e6sebriller | K\u00f8b online her | LOCS","og_description":"K\u00f8b Runde guld John Lennon l\u00e6sebriller her | EU's st\u00f8rste udvalg af LOCS solbriller | Vi sender fra EU - Ingen ekstra import udgifter","og_url":"https:\/\/locsshop.eu\/fr\/shop\/runde-guld-john-lennon-laesebriller-2\/","og_site_name":"Locs Sunglasses - LOCS Supplier in EU","article_modified_time":"2023-10-16T08:26:22+00:00","og_image":[{"width":600,"height":200,"url":"https:\/\/locsshop.eu\/wp-content\/uploads\/2022\/01\/Locs.png","type":"image\/png"}],"twitter_card":"summary_large_image","schema":{"@context":"https:\/\/schema.org","@graph":[{"@type":"WebPage","@id":"https:\/\/locsshop.eu\/shop\/runde-guld-john-lennon-laesebriller-2\/","url":"https:\/\/locsshop.eu\/shop\/runde-guld-john-lennon-laesebriller-2\/","name":"Lunettes de lecture rondes dor\u00e9es John Lennon | Achetez en ligne ici | LOCS","isPartOf":{"@id":"https:\/\/locsshop.eu\/#website"},"primaryImageOfPage":{"@id":"https:\/\/locsshop.eu\/shop\/runde-guld-john-lennon-laesebriller-2\/#primaryimage"},"image":{"@id":"https:\/\/locsshop.eu\/shop\/runde-guld-john-lennon-laesebriller-2\/#primaryimage"},"thumbnailUrl":"https:\/\/locsshop.eu\/wp-content\/uploads\/2023\/05\/013047-runde-guld-laesebriller-john-lennon.jpg","datePublished":"2023-05-08T19:17:49+00:00","dateModified":"2023-10-16T08:26:22+00:00","description":"Achetez des lunettes de lecture rondes dor\u00e9es John Lennon ici | La plus grande s\u00e9lection de lunettes de soleil LOCS de l&#039;UE | Nous exp\u00e9dions depuis l&#039;UE - Pas de frais d&#039;importation suppl\u00e9mentaires","breadcrumb":{"@id":"https:\/\/locsshop.eu\/shop\/runde-guld-john-lennon-laesebriller-2\/#breadcrumb"},"inLanguage":"fr-FR","potentialAction":[{"@type":"ReadAction","target":["https:\/\/locsshop.eu\/shop\/runde-guld-john-lennon-laesebriller-2\/"]}]},{"@type":"ImageObject","inLanguage":"fr-FR","@id":"https:\/\/locsshop.eu\/shop\/runde-guld-john-lennon-laesebriller-2\/#primaryimage","url":"https:\/\/locsshop.eu\/wp-content\/uploads\/2023\/05\/013047-runde-guld-laesebriller-john-lennon.jpg","contentUrl":"https:\/\/locsshop.eu\/wp-content\/uploads\/2023\/05\/013047-runde-guld-laesebriller-john-lennon.jpg","width":800,"height":800},{"@type":"BreadcrumbList","@id":"https:\/\/locsshop.eu\/shop\/runde-guld-john-lennon-laesebriller-2\/#breadcrumb","itemListElement":[{"@type":"ListItem","position":1,"name":"Hjem","item":"https:\/\/locsshop.eu\/"},{"@type":"ListItem","position":2,"name":"Shop","item":"https:\/\/locsshop.eu\/shop\/"},{"@type":"ListItem","position":3,"name":"Runde guld John Lennon l\u00e6sebriller"}]},{"@type":"WebSite","@id":"https:\/\/locsshop.eu\/#website","url":"https:\/\/locsshop.eu\/","name":"Lunettes de soleil Locs - Fournisseur LOCS dans l&#039;UE","description":"Nous vendons des lunettes de soleil LOCS bon march\u00e9","publisher":{"@id":"https:\/\/locsshop.eu\/#organization"},"potentialAction":[{"@type":"SearchAction","target":{"@type":"EntryPoint","urlTemplate":"https:\/\/locsshop.eu\/?s={search_term_string}"},"query-input":{"@type":"PropertyValueSpecification","valueRequired":true,"valueName":"search_term_string"}}],"inLanguage":"fr-FR"},{"@type":"Organization","@id":"https:\/\/locsshop.eu\/#organization","name":"Locsshop.eu","url":"https:\/\/locsshop.eu\/","logo":{"@type":"ImageObject","inLanguage":"fr-FR","@id":"https:\/\/locsshop.eu\/#\/schema\/logo\/image\/","url":"https:\/\/locsshop.eu\/wp-content\/uploads\/2022\/02\/Locsshop-logo.png","contentUrl":"https:\/\/locsshop.eu\/wp-content\/uploads\/2022\/02\/Locsshop-logo.png","width":930,"height":200,"caption":"Locsshop.eu"},"image":{"@id":"https:\/\/locsshop.eu\/#\/schema\/logo\/image\/"}}]}},"_links":{"self":[{"href":"https:\/\/locsshop.eu\/fr\/wp-json\/wp\/v2\/product\/11662","targetHints":{"allow":["GET"]}}],"collection":[{"href":"https:\/\/locsshop.eu\/fr\/wp-json\/wp\/v2\/product"}],"about":[{"href":"https:\/\/locsshop.eu\/fr\/wp-json\/wp\/v2\/types\/product"}],"replies":[{"embeddable":true,"href":"https:\/\/locsshop.eu\/fr\/wp-json\/wp\/v2\/comments?post=11662"}],"wp:featuredmedia":[{"embeddable":true,"href":"https:\/\/locsshop.eu\/fr\/wp-json\/wp\/v2\/media\/10158"}],"wp:attachment":[{"href":"https:\/\/locsshop.eu\/fr\/wp-json\/wp\/v2\/media?parent=11662"}],"wp:term":[{"taxonomy":"product_brand","embeddable":true,"href":"https:\/\/locsshop.eu\/fr\/wp-json\/wp\/v2\/product_brand?post=11662"},{"taxonomy":"product_cat","embeddable":true,"href":"https:\/\/locsshop.eu\/fr\/wp-json\/wp\/v2\/product_cat?post=11662"},{"taxonomy":"product_tag","embeddable":true,"href":"https:\/\/locsshop.eu\/fr\/wp-json\/wp\/v2\/product_tag?post=11662"}],"curies":[{"name":"wp","href":"https:\/\/api.w.org\/{rel}","templated":true}]}}