{"id":12154,"date":"2024-03-03T12:38:14","date_gmt":"2024-03-03T11:38:14","guid":{"rendered":"https:\/\/locsshop.eu\/da\/shop\/elegant-perlearmbaand-med-2-kloever-guldbelagt-rustfrit-staal\/"},"modified":"2025-04-29T07:31:07","modified_gmt":"2025-04-29T05:31:07","slug":"elegant-perlearmbaand-med-2-kloever-guldbelagt-rustfrit-staal","status":"publish","type":"product","link":"https:\/\/locsshop.eu\/fr\/shop\/elegant-perlearmbaand-med-2-kloever-guldbelagt-rustfrit-staal\/","title":{"rendered":"Bracelet de perles \u00e9l\u00e9gant avec tr\u00e8fle | Acier inoxydable plaqu\u00e9 or"},"content":{"rendered":"<h1><strong>BRACELET TENDANCE EN ACIER INOXYDABLE REV\u00caTU D&#039;OR 14 CARATS<\/strong><\/h1>\n<p>Ils sont parfaits pour les styles \u00e9l\u00e9gants et quotidiens<\/p>\n<p>Un accessoire \u00e9l\u00e9gant pour chaque occasion, pour robes, pulls et chemisiers<\/p>\n<h4><strong>Couleur: Or<\/strong><br \/>\n<strong>Dimensions : Bracelet sur \u00e9lastique<\/strong><\/h4>\n<p><strong>L&#039;acier chirurgical r\u00e9siste aux intemp\u00e9ries, ne se corrode pas, ne rouille pas et ne tache pas.<\/strong><\/p>\n<p>Notre bracelet est con\u00e7u pour \u00eatre polyvalent, ce qui en fait l&#039;accessoire id\u00e9al \u00e0 porter au quotidien et pour les moments sp\u00e9ciaux. Il est fabriqu\u00e9 \u00e0 partir de mat\u00e9riaux durables qui garantissent une brillance et une qualit\u00e9 durables. Qu&#039;il soit port\u00e9 seul ou en combinaison avec d&#039;autres bijoux, ce bracelet ajoute une touche d&#039;\u00e9l\u00e9gance \u00e0 n&#039;importe quelle tenue.<\/p>\n<p>Mettez en valeur votre individualit\u00e9 et cr\u00e9ez un style intemporel avec ce magnifique bracelet, qui n&#039;est pas seulement un bijou, mais aussi une expression de votre \u00e9l\u00e9gance personnelle.<\/p>\n<p><strong>Nos bijoux<\/strong><\/p>\n<p><em>Bienvenue dans notre univers de bijoux exclusif, o\u00f9 la beaut\u00e9 rencontre le but. Notre s\u00e9lection de bijoux est un tr\u00e9sor de bijoux uniques et enchanteurs, cr\u00e9\u00e9s avec passion et savoir-faire. Avec une large gamme de bijoux fabriqu\u00e9s \u00e0 la main, nous proposons une exp\u00e9rience alliant esth\u00e9tique et qualit\u00e9 de mani\u00e8re unique.<\/em><\/p>\n<p><em>Nos collections sont soigneusement s\u00e9lectionn\u00e9es pour offrir quelque chose pour tous les go\u00fbts et toutes les occasions. Des classiques intemporels aux designs tendance et contemporains, notre s\u00e9lection de bijoux refl\u00e8te une beaut\u00e9 qui perdure \u00e0 travers les tendances changeantes du temps. Nous comprenons qu&#039;un bijou n&#039;est pas seulement un accessoire, mais une histoire de style, d&#039;\u00e9motion et de sens.<\/em><\/p>\n<p><em>Notre engagement envers la qualit\u00e9 s&#039;\u00e9tend au-del\u00e0 du visuel. Nous nous concentrons sur un savoir-faire et des mat\u00e9riaux de haute qualit\u00e9, garantissant que chaque bijou est un investissement \u00e0 la fois dans la beaut\u00e9 et la durabilit\u00e9.<\/em><\/p>\n<p><em>Explorez nos bijoux et plongez-vous dans un monde d&#039;\u00e9l\u00e9gance, o\u00f9 chaque article est soigneusement s\u00e9lectionn\u00e9 pour ajouter brillance et beaut\u00e9 \u00e0 votre style personnel.<\/em><\/p>\n<p>&nbsp;<\/p>\n<p>&nbsp;<\/p>\n<p><strong>\u00a0<\/strong><\/p>\n<table style=\"width: 100%;border-collapse: collapse;border-style: hidden;margin-left: auto;margin-right: auto\" border=\"1\" cellspacing=\"50\" cellpadding=\"20\">\n<caption>\u00a0<\/caption>\n<caption>\u00a0<\/caption>\n<tbody>\n<tr>\n<td style=\"width: 25%;text-align: center\"><img loading=\"lazy\" decoding=\"async\" class=\"alignnone size-full wp-image-13135\" src=\"https:\/\/bazarsalg.dk\/wp-content\/uploads\/gave-80x80-1.png\" alt=\"\" width=\"80\" height=\"80\" \/><\/td>\n<td style=\"width: 25%;text-align: center\"><img decoding=\"async\" src=\"https:\/\/bazarsalg.dk\/wp-content\/uploads\/ce.png\" \/><\/td>\n<td style=\"width: 25%;text-align: center\"><img decoding=\"async\" src=\"https:\/\/bazarsalg.dk\/wp-content\/uploads\/box.png\" \/><\/td>\n<\/tr>\n<tr>\n<td style=\"width: 25%;text-align: center\"><strong><span style=\"color: #333333\">Livr\u00e9 dans une bo\u00eete \u00e0 bijoux ou une pochette \u00e0 bijoux<\/span><\/strong><\/p>\n<p><span style=\"color: #333333\">Lorsque vous achetez des bijoux chez nous, ils sont pr\u00eats \u00e0 \u00eatre offerts \u00e0 une personne qui vous est ch\u00e8re, nos bijoux sont livr\u00e9s dans une jolie pochette \u00e0 bijoux ou une bo\u00eete \u00e0 bijoux.<\/span><\/td>\n<td style=\"width: 25%;text-align: center\"><strong><span style=\"color: #333333\">Approuv\u00e9 CE <\/span><\/strong><\/p>\n<p><span style=\"color: #333333\">Nos bijoux r\u00e9pondent \u00e0 toutes les exigences l\u00e9gales de l&#039;UE, ce qui garantit que vos bijoux sont test\u00e9s et approuv\u00e9s.<\/span><\/td>\n<td style=\"width: 25%;text-align: center\"><strong><span style=\"color: #333333\">Envoy\u00e9 dans une bo\u00eete en carton pour que votre bijou ne se brise pas <\/span><\/strong><\/p>\n<p><span style=\"color: #333333\">Nous emballons toujours votre commande en toute s\u00e9curit\u00e9 afin qu&#039;elle arrive en toute s\u00e9curit\u00e9.<\/span><\/td>\n<\/tr>\n<\/tbody>\n<\/table>","protected":false},"excerpt":{"rendered":"<p><strong>Bracelet de perles \u00e9l\u00e9gant avec tr\u00e8fle | Acier inoxydable plaqu\u00e9 or<\/strong><\/p>","protected":false},"featured_media":12152,"comment_status":"open","ping_status":"closed","template":"","meta":{"om_disable_all_campaigns":false,"_monsterinsights_skip_tracking":false,"_monsterinsights_sitenote_active":false,"_monsterinsights_sitenote_note":"","_monsterinsights_sitenote_category":0},"product_brand":[],"product_cat":[1498,1497],"product_tag":[1499,654],"class_list":{"0":"post-12154","1":"product","2":"type-product","3":"status-publish","4":"has-post-thumbnail","6":"product_cat-armbaand","7":"product_cat-smykker","8":"product_tag-armbaand","9":"product_tag-smykker","11":"first","12":"instock","13":"shipping-taxable","14":"purchasable","15":"product-type-simple"},"yoast_head":"<!-- This site is optimized with the Yoast SEO plugin v27.2 - https:\/\/yoast.com\/product\/yoast-seo-wordpress\/ -->\n<title>Elegant perlearmb\u00e5nd med 2 kl\u00f8ver | Guldbelagt rustfrit st\u00e5l | K\u00f8b online her | LOCS<\/title>\n<meta name=\"description\" content=\"K\u00f8b Elegant perlearmb\u00e5nd med 2 kl\u00f8ver | Guldbelagt rustfrit st\u00e5l her | EU&#039;s st\u00f8rste udvalg af LOCS solbriller | Vi sender fra EU - Ingen ekstra import udgifter\" \/>\n<meta name=\"robots\" content=\"index, follow, max-snippet:-1, max-image-preview:large, max-video-preview:-1\" \/>\n<link rel=\"canonical\" href=\"https:\/\/locsshop.eu\/fr\/shop\/elegant-perlearmbaand-med-2-kloever-guldbelagt-rustfrit-staal\/\" \/>\n<meta property=\"og:locale\" content=\"fr_FR\" \/>\n<meta property=\"og:type\" content=\"article\" \/>\n<meta property=\"og:title\" content=\"Elegant perlearmb\u00e5nd med 2 kl\u00f8ver | Guldbelagt rustfrit st\u00e5l | K\u00f8b online her | LOCS\" \/>\n<meta property=\"og:description\" content=\"K\u00f8b Elegant perlearmb\u00e5nd med 2 kl\u00f8ver | Guldbelagt rustfrit st\u00e5l her | EU&#039;s st\u00f8rste udvalg af LOCS solbriller | Vi sender fra EU - Ingen ekstra import udgifter\" \/>\n<meta property=\"og:url\" content=\"https:\/\/locsshop.eu\/fr\/shop\/elegant-perlearmbaand-med-2-kloever-guldbelagt-rustfrit-staal\/\" \/>\n<meta property=\"og:site_name\" content=\"Locs Sunglasses - LOCS Supplier in EU\" \/>\n<meta property=\"article:modified_time\" content=\"2025-04-29T05:31:07+00:00\" \/>\n<meta property=\"og:image\" content=\"https:\/\/locsshop.eu\/wp-content\/uploads\/2024\/03\/BST1412-1.jpg\" \/>\n\t<meta property=\"og:image:width\" content=\"800\" \/>\n\t<meta property=\"og:image:height\" content=\"800\" \/>\n\t<meta property=\"og:image:type\" content=\"image\/jpeg\" \/>\n<meta name=\"twitter:card\" content=\"summary_large_image\" \/>\n<meta name=\"twitter:label1\" content=\"Dur\u00e9e de lecture estim\u00e9e\" \/>\n\t<meta name=\"twitter:data1\" content=\"2 minutes\" \/>\n<script type=\"application\/ld+json\" class=\"yoast-schema-graph\">{\"@context\":\"https:\/\/schema.org\",\"@graph\":[{\"@type\":\"WebPage\",\"@id\":\"https:\/\/locsshop.eu\/shop\/elegant-perlearmbaand-med-2-kloever-guldbelagt-rustfrit-staal\/\",\"url\":\"https:\/\/locsshop.eu\/shop\/elegant-perlearmbaand-med-2-kloever-guldbelagt-rustfrit-staal\/\",\"name\":\"Elegant perlearmb\u00e5nd med 2 kl\u00f8ver | Guldbelagt rustfrit st\u00e5l | K\u00f8b online her | LOCS\",\"isPartOf\":{\"@id\":\"https:\/\/locsshop.eu\/#website\"},\"primaryImageOfPage\":{\"@id\":\"https:\/\/locsshop.eu\/shop\/elegant-perlearmbaand-med-2-kloever-guldbelagt-rustfrit-staal\/#primaryimage\"},\"image\":{\"@id\":\"https:\/\/locsshop.eu\/shop\/elegant-perlearmbaand-med-2-kloever-guldbelagt-rustfrit-staal\/#primaryimage\"},\"thumbnailUrl\":\"https:\/\/locsshop.eu\/wp-content\/uploads\/2024\/03\/BST1412-1.jpg\",\"datePublished\":\"2024-03-03T11:38:14+00:00\",\"dateModified\":\"2025-04-29T05:31:07+00:00\",\"description\":\"K\u00f8b Elegant perlearmb\u00e5nd med 2 kl\u00f8ver | Guldbelagt rustfrit st\u00e5l her | EU's st\u00f8rste udvalg af LOCS solbriller | Vi sender fra EU - Ingen ekstra import udgifter\",\"breadcrumb\":{\"@id\":\"https:\/\/locsshop.eu\/shop\/elegant-perlearmbaand-med-2-kloever-guldbelagt-rustfrit-staal\/#breadcrumb\"},\"inLanguage\":\"fr-FR\",\"potentialAction\":[{\"@type\":\"ReadAction\",\"target\":[\"https:\/\/locsshop.eu\/shop\/elegant-perlearmbaand-med-2-kloever-guldbelagt-rustfrit-staal\/\"]}]},{\"@type\":\"ImageObject\",\"inLanguage\":\"fr-FR\",\"@id\":\"https:\/\/locsshop.eu\/shop\/elegant-perlearmbaand-med-2-kloever-guldbelagt-rustfrit-staal\/#primaryimage\",\"url\":\"https:\/\/locsshop.eu\/wp-content\/uploads\/2024\/03\/BST1412-1.jpg\",\"contentUrl\":\"https:\/\/locsshop.eu\/wp-content\/uploads\/2024\/03\/BST1412-1.jpg\",\"width\":800,\"height\":800},{\"@type\":\"BreadcrumbList\",\"@id\":\"https:\/\/locsshop.eu\/shop\/elegant-perlearmbaand-med-2-kloever-guldbelagt-rustfrit-staal\/#breadcrumb\",\"itemListElement\":[{\"@type\":\"ListItem\",\"position\":1,\"name\":\"Hjem\",\"item\":\"https:\/\/locsshop.eu\/\"},{\"@type\":\"ListItem\",\"position\":2,\"name\":\"Shop\",\"item\":\"https:\/\/locsshop.eu\/shop\/\"},{\"@type\":\"ListItem\",\"position\":3,\"name\":\"Elegant perlearmb\u00e5nd med 2 kl\u00f8ver | Guldbelagt rustfrit st\u00e5l\"}]},{\"@type\":\"WebSite\",\"@id\":\"https:\/\/locsshop.eu\/#website\",\"url\":\"https:\/\/locsshop.eu\/\",\"name\":\"Locs Sunglasses - LOCS Supplier in EU\",\"description\":\"We sell cheap LOCS Sunglasses\",\"publisher\":{\"@id\":\"https:\/\/locsshop.eu\/#organization\"},\"potentialAction\":[{\"@type\":\"SearchAction\",\"target\":{\"@type\":\"EntryPoint\",\"urlTemplate\":\"https:\/\/locsshop.eu\/?s={search_term_string}\"},\"query-input\":{\"@type\":\"PropertyValueSpecification\",\"valueRequired\":true,\"valueName\":\"search_term_string\"}}],\"inLanguage\":\"fr-FR\"},{\"@type\":\"Organization\",\"@id\":\"https:\/\/locsshop.eu\/#organization\",\"name\":\"Locsshop.eu\",\"url\":\"https:\/\/locsshop.eu\/\",\"logo\":{\"@type\":\"ImageObject\",\"inLanguage\":\"fr-FR\",\"@id\":\"https:\/\/locsshop.eu\/#\/schema\/logo\/image\/\",\"url\":\"https:\/\/locsshop.eu\/wp-content\/uploads\/2022\/02\/Locsshop-logo.png\",\"contentUrl\":\"https:\/\/locsshop.eu\/wp-content\/uploads\/2022\/02\/Locsshop-logo.png\",\"width\":930,\"height\":200,\"caption\":\"Locsshop.eu\"},\"image\":{\"@id\":\"https:\/\/locsshop.eu\/#\/schema\/logo\/image\/\"}}]}<\/script>\n<!-- \/ Yoast SEO plugin. -->","yoast_head_json":{"title":"Bracelet de perles \u00e9l\u00e9gant avec 2 tr\u00e8fles | Acier inoxydable plaqu\u00e9 or | Achetez en ligne ici | LOCAUX","description":"Acheter Bracelet de perles \u00e9l\u00e9gant avec 2 tr\u00e8fles | Acier inoxydable plaqu\u00e9 or ici | Le plus grand choix de lunettes de soleil LOCS de l&#039;UE | Nous exp\u00e9dions depuis l&#039;UE - Pas de frais d&#039;importation suppl\u00e9mentaires","robots":{"index":"index","follow":"follow","max-snippet":"max-snippet:-1","max-image-preview":"max-image-preview:large","max-video-preview":"max-video-preview:-1"},"canonical":"https:\/\/locsshop.eu\/fr\/shop\/elegant-perlearmbaand-med-2-kloever-guldbelagt-rustfrit-staal\/","og_locale":"fr_FR","og_type":"article","og_title":"Elegant perlearmb\u00e5nd med 2 kl\u00f8ver | Guldbelagt rustfrit st\u00e5l | K\u00f8b online her | LOCS","og_description":"K\u00f8b Elegant perlearmb\u00e5nd med 2 kl\u00f8ver | Guldbelagt rustfrit st\u00e5l her | EU's st\u00f8rste udvalg af LOCS solbriller | Vi sender fra EU - Ingen ekstra import udgifter","og_url":"https:\/\/locsshop.eu\/fr\/shop\/elegant-perlearmbaand-med-2-kloever-guldbelagt-rustfrit-staal\/","og_site_name":"Locs Sunglasses - LOCS Supplier in EU","article_modified_time":"2025-04-29T05:31:07+00:00","og_image":[{"width":800,"height":800,"url":"https:\/\/locsshop.eu\/wp-content\/uploads\/2024\/03\/BST1412-1.jpg","type":"image\/jpeg"}],"twitter_card":"summary_large_image","twitter_misc":{"Dur\u00e9e de lecture estim\u00e9e":"2 minutes"},"schema":{"@context":"https:\/\/schema.org","@graph":[{"@type":"WebPage","@id":"https:\/\/locsshop.eu\/shop\/elegant-perlearmbaand-med-2-kloever-guldbelagt-rustfrit-staal\/","url":"https:\/\/locsshop.eu\/shop\/elegant-perlearmbaand-med-2-kloever-guldbelagt-rustfrit-staal\/","name":"Bracelet de perles \u00e9l\u00e9gant avec 2 tr\u00e8fles | Acier inoxydable plaqu\u00e9 or | Achetez en ligne ici | LOCAUX","isPartOf":{"@id":"https:\/\/locsshop.eu\/#website"},"primaryImageOfPage":{"@id":"https:\/\/locsshop.eu\/shop\/elegant-perlearmbaand-med-2-kloever-guldbelagt-rustfrit-staal\/#primaryimage"},"image":{"@id":"https:\/\/locsshop.eu\/shop\/elegant-perlearmbaand-med-2-kloever-guldbelagt-rustfrit-staal\/#primaryimage"},"thumbnailUrl":"https:\/\/locsshop.eu\/wp-content\/uploads\/2024\/03\/BST1412-1.jpg","datePublished":"2024-03-03T11:38:14+00:00","dateModified":"2025-04-29T05:31:07+00:00","description":"Acheter Bracelet de perles \u00e9l\u00e9gant avec 2 tr\u00e8fles | Acier inoxydable plaqu\u00e9 or ici | Le plus grand choix de lunettes de soleil LOCS de l&#039;UE | Nous exp\u00e9dions depuis l&#039;UE - Pas de frais d&#039;importation suppl\u00e9mentaires","breadcrumb":{"@id":"https:\/\/locsshop.eu\/shop\/elegant-perlearmbaand-med-2-kloever-guldbelagt-rustfrit-staal\/#breadcrumb"},"inLanguage":"fr-FR","potentialAction":[{"@type":"ReadAction","target":["https:\/\/locsshop.eu\/shop\/elegant-perlearmbaand-med-2-kloever-guldbelagt-rustfrit-staal\/"]}]},{"@type":"ImageObject","inLanguage":"fr-FR","@id":"https:\/\/locsshop.eu\/shop\/elegant-perlearmbaand-med-2-kloever-guldbelagt-rustfrit-staal\/#primaryimage","url":"https:\/\/locsshop.eu\/wp-content\/uploads\/2024\/03\/BST1412-1.jpg","contentUrl":"https:\/\/locsshop.eu\/wp-content\/uploads\/2024\/03\/BST1412-1.jpg","width":800,"height":800},{"@type":"BreadcrumbList","@id":"https:\/\/locsshop.eu\/shop\/elegant-perlearmbaand-med-2-kloever-guldbelagt-rustfrit-staal\/#breadcrumb","itemListElement":[{"@type":"ListItem","position":1,"name":"Hjem","item":"https:\/\/locsshop.eu\/"},{"@type":"ListItem","position":2,"name":"Shop","item":"https:\/\/locsshop.eu\/shop\/"},{"@type":"ListItem","position":3,"name":"Elegant perlearmb\u00e5nd med 2 kl\u00f8ver | Guldbelagt rustfrit st\u00e5l"}]},{"@type":"WebSite","@id":"https:\/\/locsshop.eu\/#website","url":"https:\/\/locsshop.eu\/","name":"Lunettes de soleil Locs - Fournisseur LOCS dans l&#039;UE","description":"Nous vendons des lunettes de soleil LOCS bon march\u00e9","publisher":{"@id":"https:\/\/locsshop.eu\/#organization"},"potentialAction":[{"@type":"SearchAction","target":{"@type":"EntryPoint","urlTemplate":"https:\/\/locsshop.eu\/?s={search_term_string}"},"query-input":{"@type":"PropertyValueSpecification","valueRequired":true,"valueName":"search_term_string"}}],"inLanguage":"fr-FR"},{"@type":"Organization","@id":"https:\/\/locsshop.eu\/#organization","name":"Locsshop.eu","url":"https:\/\/locsshop.eu\/","logo":{"@type":"ImageObject","inLanguage":"fr-FR","@id":"https:\/\/locsshop.eu\/#\/schema\/logo\/image\/","url":"https:\/\/locsshop.eu\/wp-content\/uploads\/2022\/02\/Locsshop-logo.png","contentUrl":"https:\/\/locsshop.eu\/wp-content\/uploads\/2022\/02\/Locsshop-logo.png","width":930,"height":200,"caption":"Locsshop.eu"},"image":{"@id":"https:\/\/locsshop.eu\/#\/schema\/logo\/image\/"}}]}},"_links":{"self":[{"href":"https:\/\/locsshop.eu\/fr\/wp-json\/wp\/v2\/product\/12154","targetHints":{"allow":["GET"]}}],"collection":[{"href":"https:\/\/locsshop.eu\/fr\/wp-json\/wp\/v2\/product"}],"about":[{"href":"https:\/\/locsshop.eu\/fr\/wp-json\/wp\/v2\/types\/product"}],"replies":[{"embeddable":true,"href":"https:\/\/locsshop.eu\/fr\/wp-json\/wp\/v2\/comments?post=12154"}],"wp:featuredmedia":[{"embeddable":true,"href":"https:\/\/locsshop.eu\/fr\/wp-json\/wp\/v2\/media\/12152"}],"wp:attachment":[{"href":"https:\/\/locsshop.eu\/fr\/wp-json\/wp\/v2\/media?parent=12154"}],"wp:term":[{"taxonomy":"product_brand","embeddable":true,"href":"https:\/\/locsshop.eu\/fr\/wp-json\/wp\/v2\/product_brand?post=12154"},{"taxonomy":"product_cat","embeddable":true,"href":"https:\/\/locsshop.eu\/fr\/wp-json\/wp\/v2\/product_cat?post=12154"},{"taxonomy":"product_tag","embeddable":true,"href":"https:\/\/locsshop.eu\/fr\/wp-json\/wp\/v2\/product_tag?post=12154"}],"curies":[{"name":"wp","href":"https:\/\/api.w.org\/{rel}","templated":true}]}}