{"id":12346,"date":"2024-03-21T22:04:36","date_gmt":"2024-03-21T21:04:36","guid":{"rendered":"https:\/\/locsshop.eu\/da\/shop\/sorte-sportssolbriller-med-blaagroenne-spejlglas-piacenza\/"},"modified":"2025-06-11T10:37:04","modified_gmt":"2025-06-11T08:37:04","slug":"sorte-sportssolbriller-med-blaagroenne-spejlglas-piacenza","status":"publish","type":"product","link":"https:\/\/locsshop.eu\/fr\/shop\/sorte-sportssolbriller-med-blaagroenne-spejlglas-piacenza\/","title":{"rendered":"Lunettes de soleil de sport noires avec verres miroir turquoise | Plaisance"},"content":{"rendered":"<h2><strong>Lunettes de soleil super cool avec un nez en caoutchouc qui permet aux lunettes de soleil de bien se tenir fermement sur le nez, m\u00eame lorsque vous transpirez.<\/strong><\/h2>\n<p>&nbsp;<\/p>\n<p><strong>Performance optimale avec nos lunettes de soleil de sport \u2013 Vision parfaite, o\u00f9 que vous alliez !<\/strong><br \/>\nPr\u00e9parez-vous \u00e0 propulser vos performances vers de nouveaux sommets avec nos lunettes de soleil de sport de qualit\u00e9 sup\u00e9rieure. Que vous soyez un athl\u00e8te professionnel, un passionn\u00e9 d&#039;exercice ou que vous aimiez simplement les activit\u00e9s de plein air, nos lunettes de soleil sont con\u00e7ues pour offrir la combinaison ultime de style, de protection et de performance.<\/p>\n<p><strong>Pourquoi nos lunettes de soleil de sport se d\u00e9marquent\u00a0:<\/strong><\/p>\n<ol>\n<li><strong>Protection avanc\u00e9e\u00a0:<\/strong> Prot\u00e9gez vos yeux des rayons UV nocifs, du vent, de la poussi\u00e8re et des insectes avec nos lunettes de soleil de sport avanc\u00e9es. Nous accordons la priorit\u00e9 \u00e0 la s\u00e9curit\u00e9 et \u00e0 la sant\u00e9 de vos yeux, afin que vous puissiez vous concentrer sans \u00eatre d\u00e9rang\u00e9 sur vos performances.<\/li>\n<li><strong>Construction durable\u00a0:<\/strong> Nous comprenons l&#039;importance de la durabilit\u00e9 lorsqu&#039;il s&#039;agit d&#039;\u00e9quipements sportifs. Nos lunettes de soleil sont fabriqu\u00e9es avec des mat\u00e9riaux durables et un design l\u00e9ger qui vous offre confort et fiabilit\u00e9 tout au long de la journ\u00e9e.<\/li>\n<li><strong>Design \u00e9l\u00e9gant :<\/strong> En plus d&#039;offrir des performances optimales, nos lunettes de soleil de sport sont \u00e9galement con\u00e7ues pour \u00eatre \u00e9l\u00e9gantes et modernes. Quels que soient votre style et vos pr\u00e9f\u00e9rences, nous avons des lunettes de soleil qui correspondent \u00e0 votre personnalit\u00e9 et vous donnent un look soign\u00e9 pendant l&#039;entra\u00eenement ou pendant votre temps libre.<\/li>\n<\/ol>\n<p><strong>Pourquoi choisir nos lunettes de soleil de sport ?<\/strong><\/p>\n<ul>\n<li><strong>Vision am\u00e9lior\u00e9e\u00a0:<\/strong> Optimisez vos performances avec une vision nette et un \u00e9blouissement r\u00e9duit.<\/li>\n<li><strong>Protection:<\/strong> La s\u00e9curit\u00e9 avant tout : prot\u00e9gez vos yeux des rayons nocifs du soleil et des \u00e9l\u00e9ments ext\u00e9rieurs.<\/li>\n<li><strong>Confort:<\/strong> La conception l\u00e9g\u00e8re et les fonctionnalit\u00e9s r\u00e9glables garantissent un ajustement confortable tout au long de la journ\u00e9e.<\/li>\n<li><strong>Style:<\/strong> Ayez l&#039;air cool avec nos lunettes de soleil de sport \u00e9l\u00e9gantes adapt\u00e9es \u00e0 votre style de vie actif.<\/li>\n<\/ul>\n<p>Faites passer votre entra\u00eenement et vos aventures en plein air au niveau sup\u00e9rieur avec nos lunettes de soleil de sport. D\u00e9couvrez la combinaison parfaite de style, de protection et de performance et pr\u00e9parez-vous \u00e0 voir le monde sous un tout nouveau jour !<\/p>\n<p>&nbsp;<\/p>\n<h4>Mat\u00e9riel: <strong>Verre en plastique et polycarbonate<\/strong><\/h4>\n<p>&nbsp;<\/p>\n<h3>Les lunettes de soleil sont super cool toute l&#039;ann\u00e9e et super tendance.<br \/>\nLunettes \u2013 Lunettes de soleil v\u00e9lo \u2013 Lunettes de voile \u2013 Lunettes de soleil moto<\/h3>\n<p>&nbsp;<\/p>\n<p>&nbsp;<\/p>\n<table style=\"width: 100%;border-collapse: collapse;border-style: dashed\" border=\"1\">\n<tbody>\n<tr>\n<td style=\"width: 100%\">\n<h2 style=\"text-align: center\"><strong>La taille des lunettes de soleil<\/strong><\/h2>\n<\/td>\n<\/tr>\n<\/tbody>\n<\/table>\n<table style=\"width: 100%;border-collapse: collapse;border-style: hidden;margin-left: auto;margin-right: auto\" border=\"1\" cellspacing=\"20\" cellpadding=\"20\">\n<tbody>\n<tr>\n<td style=\"width: 33.3333%;text-align: center\"><strong><img decoding=\"async\" src=\"https:\/\/bazarsalg.dk\/wp-content\/uploads\/bredde.png\" \/><\/strong><\/td>\n<td style=\"width: 33.3333%;text-align: center\"><strong>Largeur<\/strong><\/td>\n<td style=\"width: 33.3333%;text-align: center\"><strong>13,3 cm.<\/strong><\/td>\n<\/tr>\n<tr>\n<td style=\"width: 33.3333%;text-align: center\"><strong><img decoding=\"async\" src=\"https:\/\/bazarsalg.dk\/wp-content\/uploads\/hoejde.png\" \/><\/strong><\/td>\n<td style=\"width: 33.3333%;text-align: center\"><strong>Hauteur<\/strong><\/td>\n<td style=\"width: 33.3333%;text-align: center\"><strong>4,1 cm.<\/strong><\/td>\n<\/tr>\n<tr>\n<td style=\"width: 33.3333%;text-align: center\"><strong><img decoding=\"async\" src=\"https:\/\/bazarsalg.dk\/wp-content\/uploads\/stang.png\" \/><\/strong><\/td>\n<td style=\"width: 33.3333%;text-align: center\"><strong>Longueur de lentille<\/strong><\/td>\n<td style=\"width: 33.3333%;text-align: center\"><strong>13,5 cm.<\/strong><\/td>\n<\/tr>\n<tr>\n<td style=\"width: 33.3333%;text-align: center\"><strong><img decoding=\"async\" src=\"https:\/\/bazarsalg.dk\/wp-content\/uploads\/glas-bredde.png\" \/><\/strong><\/td>\n<td style=\"width: 33.3333%;text-align: center\"><strong>Largeur du verre<\/strong><\/td>\n<td style=\"width: 33.3333%;text-align: center\"><strong>6,2cm.<\/strong><\/td>\n<\/tr>\n<tr>\n<td style=\"width: 33.3333%;text-align: center\"><strong><img decoding=\"async\" src=\"https:\/\/bazarsalg.dk\/wp-content\/uploads\/bredde-naese.png\" \/><\/strong><\/td>\n<td style=\"width: 33.3333%;text-align: center\"><strong>Espace entre le verre<\/strong><\/td>\n<td style=\"width: 33.3333%;text-align: center\"><strong>1,6 cm.<\/strong><\/td>\n<\/tr>\n<\/tbody>\n<\/table>\n<p>&nbsp;<\/p>\n<p><strong>\u00a0<\/strong><\/p>\n<table style=\"width: 100%;border-collapse: collapse;border-style: hidden;margin-left: auto;margin-right: auto\" border=\"1\" cellspacing=\"50\" cellpadding=\"20\">\n<caption>\u00a0<\/caption>\n<caption>\u00a0<\/caption>\n<tbody>\n<tr>\n<td style=\"width: 25%;text-align: center\"><img decoding=\"async\" class=\"aligncenter\" src=\"https:\/\/bazarsalg.dk\/wp-content\/uploads\/UV.png\" \/><\/td>\n<td style=\"width: 25%;text-align: center\"><img decoding=\"async\" src=\"https:\/\/bazarsalg.dk\/wp-content\/uploads\/ce.png\" \/><\/td>\n<td style=\"width: 25%;text-align: center\"><img decoding=\"async\" src=\"https:\/\/bazarsalg.dk\/wp-content\/uploads\/box.png\" \/><\/td>\n<\/tr>\n<tr>\n<td style=\"width: 25%;text-align: center\"><strong>Les lunettes de soleil ont une protection UV400<\/strong><\/p>\n<p>Bloque 99 \u00e0 100 % de tous les rayons UVA et UVB et prot\u00e8ge vos yeux des rayons du soleil.<\/td>\n<td style=\"width: 25%;text-align: center\"><strong>Approuv\u00e9 CE <\/strong><\/p>\n<p>Les lunettes de soleil r\u00e9pondent \u00e0 toutes les exigences l\u00e9gales de l&#039;UE, ce qui garantit que vos lunettes de soleil sont test\u00e9es et approuv\u00e9es.<\/td>\n<td style=\"width: 25%;text-align: center\"><strong>Envoy\u00e9s dans une bo\u00eete en carton pour qu&#039;ils ne se cassent pas <\/strong><\/p>\n<p>Nous emballons toujours les lunettes de soleil en toute s\u00e9curit\u00e9 afin qu&#039;elles arrivent en bon \u00e9tat.<\/td>\n<\/tr>\n<\/tbody>\n<\/table>","protected":false},"excerpt":{"rendered":"<p><strong>Cadre brillant<\/strong><br \/>\n<strong>Nosegrip en caoutchouc - Pour un ajustement optimal<br \/>\nVerres miroir bleu-vert<\/strong><\/p>\n<p><em>Approuv\u00e9 CE<\/em><br \/>\n<em>Protection UV400<\/em><\/p>","protected":false},"featured_media":12345,"comment_status":"open","ping_status":"closed","template":"","meta":{"om_disable_all_campaigns":false,"_monsterinsights_skip_tracking":false,"_monsterinsights_sitenote_active":false,"_monsterinsights_sitenote_note":"","_monsterinsights_sitenote_category":0},"product_brand":[],"product_cat":[1026,1029,1025,1046,1546],"product_tag":[1547,1548,870],"class_list":{"0":"post-12346","1":"product","2":"type-product","3":"status-publish","4":"has-post-thumbnail","6":"product_cat-dame-solbriller","7":"product_cat-herre-solbriller","8":"product_cat-billige-solbriller","9":"product_cat-cykelbriller","10":"product_cat-hurtigbriller","11":"product_tag-cykelsolbriller","12":"product_tag-hurtigbriller","13":"product_tag-p693","15":"first","16":"instock","17":"shipping-taxable","18":"purchasable","19":"product-type-simple"},"yoast_head":"<!-- This site is optimized with the Yoast SEO plugin v27.2 - https:\/\/yoast.com\/product\/yoast-seo-wordpress\/ -->\n<title>Sorte sportssolbriller med bl\u00e5gr\u00f8nne spejlglas | Piacenza | K\u00f8b online her | LOCS<\/title>\n<meta name=\"description\" content=\"K\u00f8b Sorte sportssolbriller med bl\u00e5gr\u00f8nne spejlglas | Piacenza her | EU&#039;s st\u00f8rste udvalg af LOCS solbriller | Vi sender fra EU - Ingen ekstra import udgifter\" \/>\n<meta name=\"robots\" content=\"index, follow, max-snippet:-1, max-image-preview:large, max-video-preview:-1\" \/>\n<link rel=\"canonical\" href=\"https:\/\/locsshop.eu\/fr\/shop\/sorte-sportssolbriller-med-blaagroenne-spejlglas-piacenza\/\" \/>\n<meta property=\"og:locale\" content=\"fr_FR\" \/>\n<meta property=\"og:type\" content=\"article\" \/>\n<meta property=\"og:title\" content=\"Sorte sportssolbriller med bl\u00e5gr\u00f8nne spejlglas | Piacenza | K\u00f8b online her | LOCS\" \/>\n<meta property=\"og:description\" content=\"K\u00f8b Sorte sportssolbriller med bl\u00e5gr\u00f8nne spejlglas | Piacenza her | EU&#039;s st\u00f8rste udvalg af LOCS solbriller | Vi sender fra EU - Ingen ekstra import udgifter\" \/>\n<meta property=\"og:url\" content=\"https:\/\/locsshop.eu\/fr\/shop\/sorte-sportssolbriller-med-blaagroenne-spejlglas-piacenza\/\" \/>\n<meta property=\"og:site_name\" content=\"Locs Sunglasses - LOCS Supplier in EU\" \/>\n<meta property=\"article:modified_time\" content=\"2025-06-11T08:37:04+00:00\" \/>\n<meta property=\"og:image\" content=\"https:\/\/locsshop.eu\/wp-content\/uploads\/2024\/03\/BM3010-1-1.jpg\" \/>\n\t<meta property=\"og:image:width\" content=\"800\" \/>\n\t<meta property=\"og:image:height\" content=\"800\" \/>\n\t<meta property=\"og:image:type\" content=\"image\/jpeg\" \/>\n<meta name=\"twitter:card\" content=\"summary_large_image\" \/>\n<meta name=\"twitter:label1\" content=\"Dur\u00e9e de lecture estim\u00e9e\" \/>\n\t<meta name=\"twitter:data1\" content=\"2 minutes\" \/>\n<script type=\"application\/ld+json\" class=\"yoast-schema-graph\">{\"@context\":\"https:\/\/schema.org\",\"@graph\":[{\"@type\":\"WebPage\",\"@id\":\"https:\/\/locsshop.eu\/shop\/sorte-sportssolbriller-med-blaagroenne-spejlglas-piacenza\/\",\"url\":\"https:\/\/locsshop.eu\/shop\/sorte-sportssolbriller-med-blaagroenne-spejlglas-piacenza\/\",\"name\":\"Sorte sportssolbriller med bl\u00e5gr\u00f8nne spejlglas | Piacenza | K\u00f8b online her | LOCS\",\"isPartOf\":{\"@id\":\"https:\/\/locsshop.eu\/#website\"},\"primaryImageOfPage\":{\"@id\":\"https:\/\/locsshop.eu\/shop\/sorte-sportssolbriller-med-blaagroenne-spejlglas-piacenza\/#primaryimage\"},\"image\":{\"@id\":\"https:\/\/locsshop.eu\/shop\/sorte-sportssolbriller-med-blaagroenne-spejlglas-piacenza\/#primaryimage\"},\"thumbnailUrl\":\"https:\/\/locsshop.eu\/wp-content\/uploads\/2024\/03\/BM3010-1-1.jpg\",\"datePublished\":\"2024-03-21T21:04:36+00:00\",\"dateModified\":\"2025-06-11T08:37:04+00:00\",\"description\":\"K\u00f8b Sorte sportssolbriller med bl\u00e5gr\u00f8nne spejlglas | Piacenza her | EU's st\u00f8rste udvalg af LOCS solbriller | Vi sender fra EU - Ingen ekstra import udgifter\",\"breadcrumb\":{\"@id\":\"https:\/\/locsshop.eu\/shop\/sorte-sportssolbriller-med-blaagroenne-spejlglas-piacenza\/#breadcrumb\"},\"inLanguage\":\"fr-FR\",\"potentialAction\":[{\"@type\":\"ReadAction\",\"target\":[\"https:\/\/locsshop.eu\/shop\/sorte-sportssolbriller-med-blaagroenne-spejlglas-piacenza\/\"]}]},{\"@type\":\"ImageObject\",\"inLanguage\":\"fr-FR\",\"@id\":\"https:\/\/locsshop.eu\/shop\/sorte-sportssolbriller-med-blaagroenne-spejlglas-piacenza\/#primaryimage\",\"url\":\"https:\/\/locsshop.eu\/wp-content\/uploads\/2024\/03\/BM3010-1-1.jpg\",\"contentUrl\":\"https:\/\/locsshop.eu\/wp-content\/uploads\/2024\/03\/BM3010-1-1.jpg\",\"width\":800,\"height\":800},{\"@type\":\"BreadcrumbList\",\"@id\":\"https:\/\/locsshop.eu\/shop\/sorte-sportssolbriller-med-blaagroenne-spejlglas-piacenza\/#breadcrumb\",\"itemListElement\":[{\"@type\":\"ListItem\",\"position\":1,\"name\":\"Hjem\",\"item\":\"https:\/\/locsshop.eu\/\"},{\"@type\":\"ListItem\",\"position\":2,\"name\":\"Shop\",\"item\":\"https:\/\/locsshop.eu\/shop\/\"},{\"@type\":\"ListItem\",\"position\":3,\"name\":\"Sorte sportssolbriller med bl\u00e5gr\u00f8nne spejlglas | Piacenza\"}]},{\"@type\":\"WebSite\",\"@id\":\"https:\/\/locsshop.eu\/#website\",\"url\":\"https:\/\/locsshop.eu\/\",\"name\":\"Locs Sunglasses - LOCS Supplier in EU\",\"description\":\"We sell cheap LOCS Sunglasses\",\"publisher\":{\"@id\":\"https:\/\/locsshop.eu\/#organization\"},\"potentialAction\":[{\"@type\":\"SearchAction\",\"target\":{\"@type\":\"EntryPoint\",\"urlTemplate\":\"https:\/\/locsshop.eu\/?s={search_term_string}\"},\"query-input\":{\"@type\":\"PropertyValueSpecification\",\"valueRequired\":true,\"valueName\":\"search_term_string\"}}],\"inLanguage\":\"fr-FR\"},{\"@type\":\"Organization\",\"@id\":\"https:\/\/locsshop.eu\/#organization\",\"name\":\"Locsshop.eu\",\"url\":\"https:\/\/locsshop.eu\/\",\"logo\":{\"@type\":\"ImageObject\",\"inLanguage\":\"fr-FR\",\"@id\":\"https:\/\/locsshop.eu\/#\/schema\/logo\/image\/\",\"url\":\"https:\/\/locsshop.eu\/wp-content\/uploads\/2022\/02\/Locsshop-logo.png\",\"contentUrl\":\"https:\/\/locsshop.eu\/wp-content\/uploads\/2022\/02\/Locsshop-logo.png\",\"width\":930,\"height\":200,\"caption\":\"Locsshop.eu\"},\"image\":{\"@id\":\"https:\/\/locsshop.eu\/#\/schema\/logo\/image\/\"}}]}<\/script>\n<!-- \/ Yoast SEO plugin. -->","yoast_head_json":{"title":"Lunettes de soleil de sport noires avec verres miroir turquoise | Plaisance | Achetez en ligne ici | LOC","description":"Achetez des lunettes de soleil de sport noires avec verres miroir bleu sarcelle | Plaisance ici | Le plus grand choix de lunettes de soleil LOCS de l&#039;UE | Nous exp\u00e9dions depuis l&#039;UE - Pas de frais d&#039;importation suppl\u00e9mentaires","robots":{"index":"index","follow":"follow","max-snippet":"max-snippet:-1","max-image-preview":"max-image-preview:large","max-video-preview":"max-video-preview:-1"},"canonical":"https:\/\/locsshop.eu\/fr\/shop\/sorte-sportssolbriller-med-blaagroenne-spejlglas-piacenza\/","og_locale":"fr_FR","og_type":"article","og_title":"Sorte sportssolbriller med bl\u00e5gr\u00f8nne spejlglas | Piacenza | K\u00f8b online her | LOCS","og_description":"K\u00f8b Sorte sportssolbriller med bl\u00e5gr\u00f8nne spejlglas | Piacenza her | EU's st\u00f8rste udvalg af LOCS solbriller | Vi sender fra EU - Ingen ekstra import udgifter","og_url":"https:\/\/locsshop.eu\/fr\/shop\/sorte-sportssolbriller-med-blaagroenne-spejlglas-piacenza\/","og_site_name":"Locs Sunglasses - LOCS Supplier in EU","article_modified_time":"2025-06-11T08:37:04+00:00","og_image":[{"width":800,"height":800,"url":"https:\/\/locsshop.eu\/wp-content\/uploads\/2024\/03\/BM3010-1-1.jpg","type":"image\/jpeg"}],"twitter_card":"summary_large_image","twitter_misc":{"Dur\u00e9e de lecture estim\u00e9e":"2 minutes"},"schema":{"@context":"https:\/\/schema.org","@graph":[{"@type":"WebPage","@id":"https:\/\/locsshop.eu\/shop\/sorte-sportssolbriller-med-blaagroenne-spejlglas-piacenza\/","url":"https:\/\/locsshop.eu\/shop\/sorte-sportssolbriller-med-blaagroenne-spejlglas-piacenza\/","name":"Lunettes de soleil de sport noires avec verres miroir turquoise | Plaisance | Achetez en ligne ici | LOC","isPartOf":{"@id":"https:\/\/locsshop.eu\/#website"},"primaryImageOfPage":{"@id":"https:\/\/locsshop.eu\/shop\/sorte-sportssolbriller-med-blaagroenne-spejlglas-piacenza\/#primaryimage"},"image":{"@id":"https:\/\/locsshop.eu\/shop\/sorte-sportssolbriller-med-blaagroenne-spejlglas-piacenza\/#primaryimage"},"thumbnailUrl":"https:\/\/locsshop.eu\/wp-content\/uploads\/2024\/03\/BM3010-1-1.jpg","datePublished":"2024-03-21T21:04:36+00:00","dateModified":"2025-06-11T08:37:04+00:00","description":"Achetez des lunettes de soleil de sport noires avec verres miroir bleu sarcelle | Plaisance ici | Le plus grand choix de lunettes de soleil LOCS de l&#039;UE | Nous exp\u00e9dions depuis l&#039;UE - Pas de frais d&#039;importation suppl\u00e9mentaires","breadcrumb":{"@id":"https:\/\/locsshop.eu\/shop\/sorte-sportssolbriller-med-blaagroenne-spejlglas-piacenza\/#breadcrumb"},"inLanguage":"fr-FR","potentialAction":[{"@type":"ReadAction","target":["https:\/\/locsshop.eu\/shop\/sorte-sportssolbriller-med-blaagroenne-spejlglas-piacenza\/"]}]},{"@type":"ImageObject","inLanguage":"fr-FR","@id":"https:\/\/locsshop.eu\/shop\/sorte-sportssolbriller-med-blaagroenne-spejlglas-piacenza\/#primaryimage","url":"https:\/\/locsshop.eu\/wp-content\/uploads\/2024\/03\/BM3010-1-1.jpg","contentUrl":"https:\/\/locsshop.eu\/wp-content\/uploads\/2024\/03\/BM3010-1-1.jpg","width":800,"height":800},{"@type":"BreadcrumbList","@id":"https:\/\/locsshop.eu\/shop\/sorte-sportssolbriller-med-blaagroenne-spejlglas-piacenza\/#breadcrumb","itemListElement":[{"@type":"ListItem","position":1,"name":"Hjem","item":"https:\/\/locsshop.eu\/"},{"@type":"ListItem","position":2,"name":"Shop","item":"https:\/\/locsshop.eu\/shop\/"},{"@type":"ListItem","position":3,"name":"Sorte sportssolbriller med bl\u00e5gr\u00f8nne spejlglas | Piacenza"}]},{"@type":"WebSite","@id":"https:\/\/locsshop.eu\/#website","url":"https:\/\/locsshop.eu\/","name":"Lunettes de soleil Locs - Fournisseur LOCS dans l&#039;UE","description":"Nous vendons des lunettes de soleil LOCS bon march\u00e9","publisher":{"@id":"https:\/\/locsshop.eu\/#organization"},"potentialAction":[{"@type":"SearchAction","target":{"@type":"EntryPoint","urlTemplate":"https:\/\/locsshop.eu\/?s={search_term_string}"},"query-input":{"@type":"PropertyValueSpecification","valueRequired":true,"valueName":"search_term_string"}}],"inLanguage":"fr-FR"},{"@type":"Organization","@id":"https:\/\/locsshop.eu\/#organization","name":"Locsshop.eu","url":"https:\/\/locsshop.eu\/","logo":{"@type":"ImageObject","inLanguage":"fr-FR","@id":"https:\/\/locsshop.eu\/#\/schema\/logo\/image\/","url":"https:\/\/locsshop.eu\/wp-content\/uploads\/2022\/02\/Locsshop-logo.png","contentUrl":"https:\/\/locsshop.eu\/wp-content\/uploads\/2022\/02\/Locsshop-logo.png","width":930,"height":200,"caption":"Locsshop.eu"},"image":{"@id":"https:\/\/locsshop.eu\/#\/schema\/logo\/image\/"}}]}},"_links":{"self":[{"href":"https:\/\/locsshop.eu\/fr\/wp-json\/wp\/v2\/product\/12346","targetHints":{"allow":["GET"]}}],"collection":[{"href":"https:\/\/locsshop.eu\/fr\/wp-json\/wp\/v2\/product"}],"about":[{"href":"https:\/\/locsshop.eu\/fr\/wp-json\/wp\/v2\/types\/product"}],"replies":[{"embeddable":true,"href":"https:\/\/locsshop.eu\/fr\/wp-json\/wp\/v2\/comments?post=12346"}],"wp:featuredmedia":[{"embeddable":true,"href":"https:\/\/locsshop.eu\/fr\/wp-json\/wp\/v2\/media\/12345"}],"wp:attachment":[{"href":"https:\/\/locsshop.eu\/fr\/wp-json\/wp\/v2\/media?parent=12346"}],"wp:term":[{"taxonomy":"product_brand","embeddable":true,"href":"https:\/\/locsshop.eu\/fr\/wp-json\/wp\/v2\/product_brand?post=12346"},{"taxonomy":"product_cat","embeddable":true,"href":"https:\/\/locsshop.eu\/fr\/wp-json\/wp\/v2\/product_cat?post=12346"},{"taxonomy":"product_tag","embeddable":true,"href":"https:\/\/locsshop.eu\/fr\/wp-json\/wp\/v2\/product_tag?post=12346"}],"curies":[{"name":"wp","href":"https:\/\/api.w.org\/{rel}","templated":true}]}}