{"id":12426,"date":"2024-03-23T14:16:52","date_gmt":"2024-03-23T13:16:52","guid":{"rendered":"https:\/\/locsshop.eu\/da\/shop\/firkantede-y2k-solbriller-med-brune-fade-glas-og-guld-metal-stel-costa-brava\/"},"modified":"2025-06-17T23:33:22","modified_gmt":"2025-06-17T21:33:22","slug":"firkantede-y2k-solbriller-med-brune-fade-glas-og-guld-metal-stel-costa-brava","status":"publish","type":"product","link":"https:\/\/locsshop.eu\/fr\/shop\/firkantede-y2k-solbriller-med-brune-fade-glas-og-guld-metal-stel-costa-brava\/","title":{"rendered":"Lunettes de soleil carr\u00e9es Y2K avec lentilles plates brunes et monture en m\u00e9tal dor\u00e9 | Costa Brava"},"content":{"rendered":"<h3><strong>Soyez le plus grand patron avec ces populaires lunettes de soleil carr\u00e9es Y2K qui sont absolument \u00e0 la pointe de la mode.<br \/>\nAvec la belle monture dor\u00e9e et les beaux d\u00e9tails sur les lunettes et la monture, vous aurez l&#039;air la plus cool o\u00f9 que vous alliez.<br \/>\nAlors d\u00e9p\u00eachez-vous d&#039;en acheter une paire avant qu&#039;elles ne soient \u00e9puis\u00e9es<\/strong><\/h3>\n<p>&nbsp;<\/p>\n<p><strong>Vivez la nostalgie avec les lunettes de soleil Y2K<\/strong><br \/>\nRevenez au tournant embl\u00e9matique du mill\u00e9naire avec nos lunettes de soleil Y2K qui allient style r\u00e9tro et style moderne. Ces lunettes de soleil rendent hommage au design futuriste qui a d\u00e9fini l&#039;\u00e8re de la mode au d\u00e9but du 21e si\u00e8cle.<\/p>\n<p><strong>Avant-garde technologique\u00a0:<\/strong> Avec leur design unique, ces lunettes de soleil incarnent un style inspir\u00e9 de la technologie mill\u00e9naire. L&#039;esth\u00e9tique pointue et futuriste ajoute une touche d&#039;excitation \u00e0 n&#039;importe quelle tenue.<\/p>\n<p><strong>Protection et style\u00a0:<\/strong> En plus de leur look tendance, les lunettes de soleil Y2K offrent \u00e9galement une protection oculaire optimale avec leurs verres de protection UV400 qui prot\u00e8gent efficacement des rayons nocifs du soleil tout en assurant clart\u00e9 et clart\u00e9 de vision.<\/p>\n<p><strong>Ajustement universel\u00a0:<\/strong> Con\u00e7ues dans un souci de confort, ces lunettes de soleil s&#039;adaptent \u00e0 la plupart des formes et tailles de visage. Leur construction l\u00e9g\u00e8re garantit qu&#039;ils peuvent \u00eatre port\u00e9s toute la journ\u00e9e sans g\u00eane.<\/p>\n<p><strong>Ic\u00f4ne de style pour chaque occasion\u00a0:<\/strong> Que ce soit pour un festival, un city trip ou comme accessoire tendance, les lunettes de soleil Y2K ajoutent une touche unique \u00e0 toute occasion et mettent en valeur votre style personnel avec une touche de nostalgie cool.<\/p>\n<p><strong>Achetez vos lunettes de soleil Y2K aujourd&#039;hui et adoptez le look r\u00e9tro futuriste qui a toujours sa place dans la mode d&#039;aujourd&#039;hui !<\/strong><\/p>\n<p>&nbsp;<\/p>\n<h4>Mat\u00e9riel: <strong>M\u00e9tal et polycarbonate<\/strong><\/h4>\n<h3>Les lunettes de soleil sont super cool toute l&#039;ann\u00e9e et super tendance.<br \/>\nLunettes de soleil Y2K \u2013 Lunettes de soleil vintage \u2013 Lunettes de soleil r\u00e9tro<\/h3>\n<p>&nbsp;<\/p>\n<p>&nbsp;<\/p>\n<table style=\"width: 100%;border-collapse: collapse;border-style: dashed\" border=\"1\">\n<tbody>\n<tr>\n<td style=\"width: 100%\">\n<h2 style=\"text-align: center\"><strong>La taille des lunettes de soleil<\/strong><\/h2>\n<\/td>\n<\/tr>\n<\/tbody>\n<\/table>\n<table style=\"width: 100%;border-collapse: collapse;border-style: hidden;margin-left: auto;margin-right: auto\" border=\"1\" cellspacing=\"20\" cellpadding=\"20\">\n<tbody>\n<tr>\n<td style=\"width: 33.3333%;text-align: center\"><strong><img decoding=\"async\" src=\"https:\/\/bazarsalg.dk\/wp-content\/uploads\/bredde.png\" \/><\/strong><\/td>\n<td style=\"width: 33.3333%;text-align: center\"><strong>Largeur<\/strong><\/td>\n<td style=\"width: 33.3333%;text-align: center\"><strong>13,7 cm.<\/strong><\/td>\n<\/tr>\n<tr>\n<td style=\"width: 33.3333%;text-align: center\"><strong><img decoding=\"async\" src=\"https:\/\/bazarsalg.dk\/wp-content\/uploads\/hoejde.png\" \/><\/strong><\/td>\n<td style=\"width: 33.3333%;text-align: center\"><strong>Hauteur<\/strong><\/td>\n<td style=\"width: 33.3333%;text-align: center\"><strong>3,8 cm.<\/strong><\/td>\n<\/tr>\n<tr>\n<td style=\"width: 33.3333%;text-align: center\"><strong><img decoding=\"async\" src=\"https:\/\/bazarsalg.dk\/wp-content\/uploads\/stang.png\" \/><\/strong><\/td>\n<td style=\"width: 33.3333%;text-align: center\"><strong>Longueur de lentille<\/strong><\/td>\n<td style=\"width: 33.3333%;text-align: center\"><strong>15,5 cm.<\/strong><\/td>\n<\/tr>\n<tr>\n<td style=\"width: 33.3333%;text-align: center\"><strong><img decoding=\"async\" src=\"https:\/\/bazarsalg.dk\/wp-content\/uploads\/glas-bredde.png\" \/><\/strong><\/td>\n<td style=\"width: 33.3333%;text-align: center\"><strong>Largeur du verre<\/strong><\/td>\n<td style=\"width: 33.3333%;text-align: center\"><strong>5,9 cm.<\/strong><\/td>\n<\/tr>\n<tr>\n<td style=\"width: 33.3333%;text-align: center\"><strong><img decoding=\"async\" src=\"https:\/\/bazarsalg.dk\/wp-content\/uploads\/bredde-naese.png\" \/><\/strong><\/td>\n<td style=\"width: 33.3333%;text-align: center\"><strong>Espace entre le verre<\/strong><\/td>\n<td style=\"width: 33.3333%;text-align: center\"><strong>1,5 cm.<\/strong><\/td>\n<\/tr>\n<\/tbody>\n<\/table>\n<p>&nbsp;<\/p>\n<p><strong>\u00a0<\/strong><\/p>\n<table style=\"width: 100%;border-collapse: collapse;border-style: hidden;margin-left: auto;margin-right: auto\" border=\"1\" cellspacing=\"50\" cellpadding=\"20\">\n<caption>\u00a0<\/caption>\n<caption>\u00a0<\/caption>\n<tbody>\n<tr>\n<td style=\"width: 25%;text-align: center\"><img decoding=\"async\" class=\"aligncenter\" src=\"https:\/\/bazarsalg.dk\/wp-content\/uploads\/UV.png\" \/><\/td>\n<td style=\"width: 25%;text-align: center\"><img decoding=\"async\" src=\"https:\/\/bazarsalg.dk\/wp-content\/uploads\/ce.png\" \/><\/td>\n<td style=\"width: 25%;text-align: center\"><img decoding=\"async\" src=\"https:\/\/bazarsalg.dk\/wp-content\/uploads\/box.png\" \/><\/td>\n<\/tr>\n<tr>\n<td style=\"width: 25%;text-align: center\"><strong>Les lunettes de soleil ont une protection UV400<\/strong><\/p>\n<p>Bloque 99 \u00e0 100 % de tous les rayons UVA et UVB et prot\u00e8ge vos yeux des rayons du soleil.<\/td>\n<td style=\"width: 25%;text-align: center\"><strong>Approuv\u00e9 CE <\/strong><\/p>\n<p>Les lunettes de soleil r\u00e9pondent \u00e0 toutes les exigences l\u00e9gales de l&#039;UE, ce qui garantit que vos lunettes de soleil sont test\u00e9es et approuv\u00e9es.<\/td>\n<td style=\"width: 25%;text-align: center\"><strong>Envoy\u00e9s dans une bo\u00eete en carton pour qu&#039;ils ne se cassent pas <\/strong><\/p>\n<p>Nous emballons toujours les lunettes de soleil en toute s\u00e9curit\u00e9 afin qu&#039;elles arrivent en bon \u00e9tat.<\/td>\n<\/tr>\n<\/tbody>\n<\/table>","protected":false},"excerpt":{"rendered":"<p><strong>Verre plat<\/strong><br \/>\n<strong>Monture en m\u00e9tal couleur or<\/strong><br \/>\n<strong>Pour hommes et femmes<\/strong><\/p>\n<p><img loading=\"lazy\" decoding=\"async\" class=\"alignnone size-full wp-image-12899\" src=\"https:\/\/bazarsalg.dk\/wp-content\/uploads\/Y2K.jpg\" alt=\"\" width=\"200\" height=\"130\" \/><br \/>\nApprouv\u00e9 CE<br \/>\nProtection UV400<\/p>","protected":false},"featured_media":12419,"comment_status":"open","ping_status":"closed","template":"","meta":{"om_disable_all_campaigns":false,"_monsterinsights_skip_tracking":false,"_monsterinsights_sitenote_active":false,"_monsterinsights_sitenote_note":"","_monsterinsights_sitenote_category":0},"product_brand":[],"product_cat":[1026,1029,1025,1291,1292,1461],"product_tag":[870,1464],"class_list":{"0":"post-12426","1":"product","2":"type-product","3":"status-publish","4":"has-post-thumbnail","6":"product_cat-dame-solbriller","7":"product_cat-herre-solbriller","8":"product_cat-billige-solbriller","9":"product_cat-firkantede-dame-solbriller","10":"product_cat-firkantede-solbriller","11":"product_cat-y2k-retro-vintage-solbriller","12":"product_tag-p693","13":"product_tag-y2k","15":"first","16":"instock","17":"shipping-taxable","18":"purchasable","19":"product-type-simple"},"yoast_head":"<!-- This site is optimized with the Yoast SEO plugin v27.5 - https:\/\/yoast.com\/product\/yoast-seo-wordpress\/ -->\n<title>Firkantede Y2K Solbriller med brune fade glas og guld metal stel | Costa Brava | K\u00f8b online her | LOCS<\/title>\n<meta name=\"description\" content=\"K\u00f8b Firkantede Y2K Solbriller med brune fade glas og guld metal stel | Costa Brava her | EU&#039;s st\u00f8rste udvalg af LOCS solbriller | Vi sender fra EU - Ingen ekstra import udgifter\" \/>\n<meta name=\"robots\" content=\"index, follow, max-snippet:-1, max-image-preview:large, max-video-preview:-1\" \/>\n<link rel=\"canonical\" href=\"https:\/\/locsshop.eu\/fr\/shop\/firkantede-y2k-solbriller-med-brune-fade-glas-og-guld-metal-stel-costa-brava\/\" \/>\n<meta property=\"og:locale\" content=\"fr_FR\" \/>\n<meta property=\"og:type\" content=\"article\" \/>\n<meta property=\"og:title\" content=\"Firkantede Y2K Solbriller med brune fade glas og guld metal stel | Costa Brava | K\u00f8b online her | LOCS\" \/>\n<meta property=\"og:description\" content=\"K\u00f8b Firkantede Y2K Solbriller med brune fade glas og guld metal stel | Costa Brava her | EU&#039;s st\u00f8rste udvalg af LOCS solbriller | Vi sender fra EU - Ingen ekstra import udgifter\" \/>\n<meta property=\"og:url\" content=\"https:\/\/locsshop.eu\/fr\/shop\/firkantede-y2k-solbriller-med-brune-fade-glas-og-guld-metal-stel-costa-brava\/\" \/>\n<meta property=\"og:site_name\" content=\"Locs Sunglasses - LOCS Supplier in EU\" \/>\n<meta property=\"article:modified_time\" content=\"2025-06-17T21:33:22+00:00\" \/>\n<meta property=\"og:image\" content=\"https:\/\/locsshop.eu\/wp-content\/uploads\/2024\/03\/2390_2.jpg\" \/>\n\t<meta property=\"og:image:width\" content=\"800\" \/>\n\t<meta property=\"og:image:height\" content=\"800\" \/>\n\t<meta property=\"og:image:type\" content=\"image\/jpeg\" \/>\n<meta name=\"twitter:card\" content=\"summary_large_image\" \/>\n<meta name=\"twitter:label1\" content=\"Dur\u00e9e de lecture estim\u00e9e\" \/>\n\t<meta name=\"twitter:data1\" content=\"2 minutes\" \/>\n<script type=\"application\/ld+json\" class=\"yoast-schema-graph\">{\"@context\":\"https:\\\/\\\/schema.org\",\"@graph\":[{\"@type\":\"WebPage\",\"@id\":\"https:\\\/\\\/locsshop.eu\\\/shop\\\/firkantede-y2k-solbriller-med-brune-fade-glas-og-guld-metal-stel-costa-brava\\\/\",\"url\":\"https:\\\/\\\/locsshop.eu\\\/shop\\\/firkantede-y2k-solbriller-med-brune-fade-glas-og-guld-metal-stel-costa-brava\\\/\",\"name\":\"Firkantede Y2K Solbriller med brune fade glas og guld metal stel | Costa Brava | K\u00f8b online her | LOCS\",\"isPartOf\":{\"@id\":\"https:\\\/\\\/locsshop.eu\\\/#website\"},\"primaryImageOfPage\":{\"@id\":\"https:\\\/\\\/locsshop.eu\\\/shop\\\/firkantede-y2k-solbriller-med-brune-fade-glas-og-guld-metal-stel-costa-brava\\\/#primaryimage\"},\"image\":{\"@id\":\"https:\\\/\\\/locsshop.eu\\\/shop\\\/firkantede-y2k-solbriller-med-brune-fade-glas-og-guld-metal-stel-costa-brava\\\/#primaryimage\"},\"thumbnailUrl\":\"https:\\\/\\\/locsshop.eu\\\/wp-content\\\/uploads\\\/2024\\\/03\\\/2390_2.jpg\",\"datePublished\":\"2024-03-23T13:16:52+00:00\",\"dateModified\":\"2025-06-17T21:33:22+00:00\",\"description\":\"K\u00f8b Firkantede Y2K Solbriller med brune fade glas og guld metal stel | Costa Brava her | EU's st\u00f8rste udvalg af LOCS solbriller | Vi sender fra EU - Ingen ekstra import udgifter\",\"breadcrumb\":{\"@id\":\"https:\\\/\\\/locsshop.eu\\\/shop\\\/firkantede-y2k-solbriller-med-brune-fade-glas-og-guld-metal-stel-costa-brava\\\/#breadcrumb\"},\"inLanguage\":\"fr-FR\",\"potentialAction\":[{\"@type\":\"ReadAction\",\"target\":[\"https:\\\/\\\/locsshop.eu\\\/shop\\\/firkantede-y2k-solbriller-med-brune-fade-glas-og-guld-metal-stel-costa-brava\\\/\"]}]},{\"@type\":\"ImageObject\",\"inLanguage\":\"fr-FR\",\"@id\":\"https:\\\/\\\/locsshop.eu\\\/shop\\\/firkantede-y2k-solbriller-med-brune-fade-glas-og-guld-metal-stel-costa-brava\\\/#primaryimage\",\"url\":\"https:\\\/\\\/locsshop.eu\\\/wp-content\\\/uploads\\\/2024\\\/03\\\/2390_2.jpg\",\"contentUrl\":\"https:\\\/\\\/locsshop.eu\\\/wp-content\\\/uploads\\\/2024\\\/03\\\/2390_2.jpg\",\"width\":800,\"height\":800},{\"@type\":\"BreadcrumbList\",\"@id\":\"https:\\\/\\\/locsshop.eu\\\/shop\\\/firkantede-y2k-solbriller-med-brune-fade-glas-og-guld-metal-stel-costa-brava\\\/#breadcrumb\",\"itemListElement\":[{\"@type\":\"ListItem\",\"position\":1,\"name\":\"Hjem\",\"item\":\"https:\\\/\\\/locsshop.eu\\\/\"},{\"@type\":\"ListItem\",\"position\":2,\"name\":\"Shop\",\"item\":\"https:\\\/\\\/locsshop.eu\\\/shop\\\/\"},{\"@type\":\"ListItem\",\"position\":3,\"name\":\"Firkantede Y2K Solbriller med brune fade glas og guld metal stel | Costa Brava\"}]},{\"@type\":\"WebSite\",\"@id\":\"https:\\\/\\\/locsshop.eu\\\/#website\",\"url\":\"https:\\\/\\\/locsshop.eu\\\/\",\"name\":\"Locs Sunglasses - LOCS Supplier in EU\",\"description\":\"We sell cheap LOCS Sunglasses\",\"publisher\":{\"@id\":\"https:\\\/\\\/locsshop.eu\\\/#organization\"},\"potentialAction\":[{\"@type\":\"SearchAction\",\"target\":{\"@type\":\"EntryPoint\",\"urlTemplate\":\"https:\\\/\\\/locsshop.eu\\\/?s={search_term_string}\"},\"query-input\":{\"@type\":\"PropertyValueSpecification\",\"valueRequired\":true,\"valueName\":\"search_term_string\"}}],\"inLanguage\":\"fr-FR\"},{\"@type\":\"Organization\",\"@id\":\"https:\\\/\\\/locsshop.eu\\\/#organization\",\"name\":\"Locsshop.eu\",\"url\":\"https:\\\/\\\/locsshop.eu\\\/\",\"logo\":{\"@type\":\"ImageObject\",\"inLanguage\":\"fr-FR\",\"@id\":\"https:\\\/\\\/locsshop.eu\\\/#\\\/schema\\\/logo\\\/image\\\/\",\"url\":\"https:\\\/\\\/locsshop.eu\\\/wp-content\\\/uploads\\\/2022\\\/02\\\/Locsshop-logo.png\",\"contentUrl\":\"https:\\\/\\\/locsshop.eu\\\/wp-content\\\/uploads\\\/2022\\\/02\\\/Locsshop-logo.png\",\"width\":930,\"height\":200,\"caption\":\"Locsshop.eu\"},\"image\":{\"@id\":\"https:\\\/\\\/locsshop.eu\\\/#\\\/schema\\\/logo\\\/image\\\/\"}}]}<\/script>\n<!-- \/ Yoast SEO plugin. -->","yoast_head_json":{"title":"Lunettes de soleil carr\u00e9es Y2K avec lentilles plates brunes et monture en m\u00e9tal dor\u00e9 | Costa Brava | Achetez en ligne ici | LOC","description":"Achetez des lunettes de soleil carr\u00e9es Y2K avec verres plats fonc\u00e9s et monture en m\u00e9tal dor\u00e9 | Costa Brava ici | Le plus grand choix de lunettes de soleil LOCS de l&#039;UE | Nous exp\u00e9dions depuis l&#039;UE - Pas de frais d&#039;importation suppl\u00e9mentaires","robots":{"index":"index","follow":"follow","max-snippet":"max-snippet:-1","max-image-preview":"max-image-preview:large","max-video-preview":"max-video-preview:-1"},"canonical":"https:\/\/locsshop.eu\/fr\/shop\/firkantede-y2k-solbriller-med-brune-fade-glas-og-guld-metal-stel-costa-brava\/","og_locale":"fr_FR","og_type":"article","og_title":"Firkantede Y2K Solbriller med brune fade glas og guld metal stel | Costa Brava | K\u00f8b online her | LOCS","og_description":"K\u00f8b Firkantede Y2K Solbriller med brune fade glas og guld metal stel | Costa Brava her | EU's st\u00f8rste udvalg af LOCS solbriller | Vi sender fra EU - Ingen ekstra import udgifter","og_url":"https:\/\/locsshop.eu\/fr\/shop\/firkantede-y2k-solbriller-med-brune-fade-glas-og-guld-metal-stel-costa-brava\/","og_site_name":"Locs Sunglasses - LOCS Supplier in EU","article_modified_time":"2025-06-17T21:33:22+00:00","og_image":[{"width":800,"height":800,"url":"https:\/\/locsshop.eu\/wp-content\/uploads\/2024\/03\/2390_2.jpg","type":"image\/jpeg"}],"twitter_card":"summary_large_image","twitter_misc":{"Dur\u00e9e de lecture estim\u00e9e":"2 minutes"},"schema":{"@context":"https:\/\/schema.org","@graph":[{"@type":"WebPage","@id":"https:\/\/locsshop.eu\/shop\/firkantede-y2k-solbriller-med-brune-fade-glas-og-guld-metal-stel-costa-brava\/","url":"https:\/\/locsshop.eu\/shop\/firkantede-y2k-solbriller-med-brune-fade-glas-og-guld-metal-stel-costa-brava\/","name":"Lunettes de soleil carr\u00e9es Y2K avec lentilles plates brunes et monture en m\u00e9tal dor\u00e9 | Costa Brava | Achetez en ligne ici | LOC","isPartOf":{"@id":"https:\/\/locsshop.eu\/#website"},"primaryImageOfPage":{"@id":"https:\/\/locsshop.eu\/shop\/firkantede-y2k-solbriller-med-brune-fade-glas-og-guld-metal-stel-costa-brava\/#primaryimage"},"image":{"@id":"https:\/\/locsshop.eu\/shop\/firkantede-y2k-solbriller-med-brune-fade-glas-og-guld-metal-stel-costa-brava\/#primaryimage"},"thumbnailUrl":"https:\/\/locsshop.eu\/wp-content\/uploads\/2024\/03\/2390_2.jpg","datePublished":"2024-03-23T13:16:52+00:00","dateModified":"2025-06-17T21:33:22+00:00","description":"Achetez des lunettes de soleil carr\u00e9es Y2K avec verres plats fonc\u00e9s et monture en m\u00e9tal dor\u00e9 | Costa Brava ici | Le plus grand choix de lunettes de soleil LOCS de l&#039;UE | Nous exp\u00e9dions depuis l&#039;UE - Pas de frais d&#039;importation suppl\u00e9mentaires","breadcrumb":{"@id":"https:\/\/locsshop.eu\/shop\/firkantede-y2k-solbriller-med-brune-fade-glas-og-guld-metal-stel-costa-brava\/#breadcrumb"},"inLanguage":"fr-FR","potentialAction":[{"@type":"ReadAction","target":["https:\/\/locsshop.eu\/shop\/firkantede-y2k-solbriller-med-brune-fade-glas-og-guld-metal-stel-costa-brava\/"]}]},{"@type":"ImageObject","inLanguage":"fr-FR","@id":"https:\/\/locsshop.eu\/shop\/firkantede-y2k-solbriller-med-brune-fade-glas-og-guld-metal-stel-costa-brava\/#primaryimage","url":"https:\/\/locsshop.eu\/wp-content\/uploads\/2024\/03\/2390_2.jpg","contentUrl":"https:\/\/locsshop.eu\/wp-content\/uploads\/2024\/03\/2390_2.jpg","width":800,"height":800},{"@type":"BreadcrumbList","@id":"https:\/\/locsshop.eu\/shop\/firkantede-y2k-solbriller-med-brune-fade-glas-og-guld-metal-stel-costa-brava\/#breadcrumb","itemListElement":[{"@type":"ListItem","position":1,"name":"Hjem","item":"https:\/\/locsshop.eu\/"},{"@type":"ListItem","position":2,"name":"Shop","item":"https:\/\/locsshop.eu\/shop\/"},{"@type":"ListItem","position":3,"name":"Firkantede Y2K Solbriller med brune fade glas og guld metal stel | Costa Brava"}]},{"@type":"WebSite","@id":"https:\/\/locsshop.eu\/#website","url":"https:\/\/locsshop.eu\/","name":"Lunettes de soleil Locs - Fournisseur LOCS dans l&#039;UE","description":"Nous vendons des lunettes de soleil LOCS bon march\u00e9","publisher":{"@id":"https:\/\/locsshop.eu\/#organization"},"potentialAction":[{"@type":"SearchAction","target":{"@type":"EntryPoint","urlTemplate":"https:\/\/locsshop.eu\/?s={search_term_string}"},"query-input":{"@type":"PropertyValueSpecification","valueRequired":true,"valueName":"search_term_string"}}],"inLanguage":"fr-FR"},{"@type":"Organization","@id":"https:\/\/locsshop.eu\/#organization","name":"Locsshop.eu","url":"https:\/\/locsshop.eu\/","logo":{"@type":"ImageObject","inLanguage":"fr-FR","@id":"https:\/\/locsshop.eu\/#\/schema\/logo\/image\/","url":"https:\/\/locsshop.eu\/wp-content\/uploads\/2022\/02\/Locsshop-logo.png","contentUrl":"https:\/\/locsshop.eu\/wp-content\/uploads\/2022\/02\/Locsshop-logo.png","width":930,"height":200,"caption":"Locsshop.eu"},"image":{"@id":"https:\/\/locsshop.eu\/#\/schema\/logo\/image\/"}}]}},"_links":{"self":[{"href":"https:\/\/locsshop.eu\/fr\/wp-json\/wp\/v2\/product\/12426","targetHints":{"allow":["GET"]}}],"collection":[{"href":"https:\/\/locsshop.eu\/fr\/wp-json\/wp\/v2\/product"}],"about":[{"href":"https:\/\/locsshop.eu\/fr\/wp-json\/wp\/v2\/types\/product"}],"replies":[{"embeddable":true,"href":"https:\/\/locsshop.eu\/fr\/wp-json\/wp\/v2\/comments?post=12426"}],"wp:featuredmedia":[{"embeddable":true,"href":"https:\/\/locsshop.eu\/fr\/wp-json\/wp\/v2\/media\/12419"}],"wp:attachment":[{"href":"https:\/\/locsshop.eu\/fr\/wp-json\/wp\/v2\/media?parent=12426"}],"wp:term":[{"taxonomy":"product_brand","embeddable":true,"href":"https:\/\/locsshop.eu\/fr\/wp-json\/wp\/v2\/product_brand?post=12426"},{"taxonomy":"product_cat","embeddable":true,"href":"https:\/\/locsshop.eu\/fr\/wp-json\/wp\/v2\/product_cat?post=12426"},{"taxonomy":"product_tag","embeddable":true,"href":"https:\/\/locsshop.eu\/fr\/wp-json\/wp\/v2\/product_tag?post=12426"}],"curies":[{"name":"wp","href":"https:\/\/api.w.org\/{rel}","templated":true}]}}