{"id":13198,"date":"2024-07-16T14:14:04","date_gmt":"2024-07-16T12:14:04","guid":{"rendered":"https:\/\/locsshop.eu\/shop\/runde-aviator-solbriller-california-lyseroede-spejlglas\/"},"modified":"2025-04-03T15:23:25","modified_gmt":"2025-04-03T13:23:25","slug":"runde-aviator-solbriller-california-lyseroede-spejlglas","status":"publish","type":"product","link":"https:\/\/locsshop.eu\/fr\/shop\/runde-aviator-solbriller-california-lyseroede-spejlglas\/","title":{"rendered":"Lunettes de soleil aviateur rondes \u2013 Californie | Verres miroir roses"},"content":{"rendered":"<h2><b>Lunettes de soleil aviateur rondes et \u00e9l\u00e9gantes en plastique transparent qui conviennent \u00e0 toutes les occasions.<br \/>\nSi vous aimez les lunettes de soleil aviateur cool, ce sont celles qu&#039;il vous faut !<\/b><\/h2>\n<p>La jolie monture large en m\u00e9tal l\u00e9g\u00e8rement dor\u00e9e avec du plastique transparent \u00e0 l&#039;ext\u00e9rieur et les tr\u00e8s jolis verres miroir roses rendent ces lunettes de soleil uniques, tendance et exactement ce qu&#039;il vous manquait dans votre collection de lunettes de soleil.<br \/>\nUne pochette en microfibre est incluse pour que vous puissiez les ranger en toute s\u00e9curit\u00e9. De plus, le sac peut \u00eatre utilis\u00e9 pour nettoyer les lunettes de soleil en toute s\u00e9curit\u00e9 afin qu&#039;elles ne soient pas ray\u00e9es.<\/p>\n<p>Si vous aimez les lunettes de soleil qui se d\u00e9marquent et qui sont con\u00e7ues avec soin pour un look extravagant, alors vous avez trouv\u00e9 les lunettes de soleil qui conviennent \u00e0 vous ou \u00e0 un \u00eatre cher.<br \/>\nVous pouvez utiliser ces lunettes de soleil aussi bien au quotidien que pour des occasions festives et elles s&#039;adaptent \u00e0 toutes les tenues.<br \/>\nAssurez-vous donc de les ajouter \u00e0 votre panier avant qu&#039;ils ne soient \u00e9puis\u00e9s.<\/p>\n<p>&nbsp;<\/p>\n<h4>Mat\u00e9riel: <strong>Verre en plastique, m\u00e9tal et polycarbonate<\/strong><\/h4>\n<p>&nbsp;<\/p>\n<h3>Les lunettes de soleil sont super cool toute l&#039;ann\u00e9e et super tendance.<\/h3>\n<p>&nbsp;<\/p>\n<table style=\"width: 100%;border-collapse: collapse;border-style: dashed\" border=\"1\">\n<tbody>\n<tr>\n<td style=\"width: 100%\">\n<h2 style=\"text-align: center\"><strong>La taille des lunettes de soleil<\/strong><\/h2>\n<\/td>\n<\/tr>\n<\/tbody>\n<\/table>\n<table style=\"width: 100%;border-collapse: collapse;border-style: hidden;margin-left: auto;margin-right: auto\" border=\"1\" cellspacing=\"20\" cellpadding=\"20\">\n<tbody>\n<tr>\n<td style=\"width: 33.3333%;text-align: center\"><strong><img decoding=\"async\" src=\"https:\/\/bazarsalg.dk\/wp-content\/uploads\/bredde.png\" \/><\/strong><\/td>\n<td style=\"width: 33.3333%;text-align: center\"><strong>Largeur int\u00e9rieure<\/strong><\/td>\n<td style=\"width: 33.3333%;text-align: center\"><strong>14,5 cm.<\/strong><\/td>\n<\/tr>\n<tr>\n<td style=\"width: 33.3333%;text-align: center\"><strong><img decoding=\"async\" src=\"https:\/\/bazarsalg.dk\/wp-content\/uploads\/hoejde.png\" \/><\/strong><\/td>\n<td style=\"width: 33.3333%;text-align: center\"><strong>Hauteur<\/strong><\/td>\n<td style=\"width: 33.3333%;text-align: center\"><strong>5,6 cm.<\/strong><\/td>\n<\/tr>\n<tr>\n<td style=\"width: 33.3333%;text-align: center\"><strong><img decoding=\"async\" src=\"https:\/\/bazarsalg.dk\/wp-content\/uploads\/stang.png\" \/><\/strong><\/td>\n<td style=\"width: 33.3333%;text-align: center\"><strong>Longueur de lentille<\/strong><\/td>\n<td style=\"width: 33.3333%;text-align: center\"><strong>14,2 cm.<\/strong><\/td>\n<\/tr>\n<tr>\n<td style=\"width: 33.3333%;text-align: center\"><strong><img decoding=\"async\" src=\"https:\/\/bazarsalg.dk\/wp-content\/uploads\/glas-bredde.png\" \/><\/strong><\/td>\n<td style=\"width: 33.3333%;text-align: center\"><strong>Largeur du verre<\/strong><\/td>\n<td style=\"width: 33.3333%;text-align: center\"><strong>5,5 cm.<\/strong><\/td>\n<\/tr>\n<tr>\n<td style=\"width: 33.3333%;text-align: center\"><strong><img decoding=\"async\" src=\"https:\/\/bazarsalg.dk\/wp-content\/uploads\/bredde-naese.png\" \/><\/strong><\/td>\n<td style=\"width: 33.3333%;text-align: center\"><strong>Espace entre le verre<\/strong><\/td>\n<td style=\"width: 33.3333%;text-align: center\"><strong>2,2 cm.<\/strong><\/td>\n<\/tr>\n<\/tbody>\n<\/table>\n<p>&nbsp;<\/p>\n<p><strong>\u00a0<\/strong><\/p>\n<table style=\"width: 100%;border-collapse: collapse;border-style: hidden;margin-left: auto;margin-right: auto\" border=\"1\" cellspacing=\"50\" cellpadding=\"20\">\n<caption>\u00a0<\/caption>\n<caption>\u00a0<\/caption>\n<tbody>\n<tr>\n<td style=\"width: 25%;text-align: center\"><img decoding=\"async\" class=\"aligncenter\" src=\"https:\/\/bazarsalg.dk\/wp-content\/uploads\/UV.png\" \/><\/td>\n<td style=\"width: 25%;text-align: center\"><img decoding=\"async\" src=\"https:\/\/bazarsalg.dk\/wp-content\/uploads\/ce.png\" \/><\/td>\n<td style=\"width: 25%;text-align: center\"><img decoding=\"async\" src=\"https:\/\/bazarsalg.dk\/wp-content\/uploads\/box.png\" \/><\/td>\n<\/tr>\n<tr>\n<td style=\"width: 25%;text-align: center\"><strong>Les lunettes de soleil ont une protection UV400<\/strong><\/p>\n<p>Bloque 99 \u00e0 100 % de tous les rayons UVA et UVB et prot\u00e8ge vos yeux des rayons du soleil.<\/td>\n<td style=\"width: 25%;text-align: center\"><strong>Approuv\u00e9 CE <\/strong><\/p>\n<p>Les lunettes de soleil r\u00e9pondent \u00e0 toutes les exigences l\u00e9gales de l&#039;UE, ce qui garantit que vos lunettes de soleil sont test\u00e9es et approuv\u00e9es.<\/td>\n<td style=\"width: 25%;text-align: center\"><strong>Envoy\u00e9s dans une bo\u00eete en carton pour qu&#039;ils ne se cassent pas <\/strong><\/p>\n<p>Nous emballons toujours les lunettes de soleil en toute s\u00e9curit\u00e9 afin qu&#039;elles arrivent en bon \u00e9tat.<\/td>\n<\/tr>\n<\/tbody>\n<\/table>","protected":false},"excerpt":{"rendered":"<p><b>Lunettes miroir roses super cool<br \/>\nMagnifique monture en m\u00e9tal couleur or clair<br \/>\nParfait pour un usage quotidien, les festivals, dans le jardin et toutes les occasions<\/b><\/p>\n<p>Y COMPRIS le sac<br \/>\n<img loading=\"lazy\" decoding=\"async\" class=\"alignnone wp-image-14248\" src=\"https:\/\/bazarsalg.dk\/wp-content\/uploads\/Gil-Case.jpg\" alt=\"\" width=\"283\" height=\"151\" \/><\/p>\n<p><em>Approuv\u00e9 CE<\/em><br \/>\n<em>Protection UV400<\/em><\/p>","protected":false},"featured_media":13195,"comment_status":"open","ping_status":"closed","template":"","meta":{"om_disable_all_campaigns":false,"_monsterinsights_skip_tracking":false,"_monsterinsights_sitenote_active":false,"_monsterinsights_sitenote_note":"","_monsterinsights_sitenote_category":0},"product_brand":[],"product_cat":[1026,1029,1030,1025,1038,1039],"product_tag":[870],"class_list":{"0":"post-13198","1":"product","2":"type-product","3":"status-publish","4":"has-post-thumbnail","6":"product_cat-dame-solbriller","7":"product_cat-herre-solbriller","8":"product_cat-aviator","9":"product_cat-billige-solbriller","10":"product_cat-runde-dame-solbriller","11":"product_cat-runde-herre-solbriller","12":"product_tag-p693","14":"first","15":"instock","16":"shipping-taxable","17":"purchasable","18":"product-type-simple"},"yoast_head":"<!-- This site is optimized with the Yoast SEO plugin v27.5 - https:\/\/yoast.com\/product\/yoast-seo-wordpress\/ -->\n<title>Runde Aviator solbriller - California | Lyser\u00f8de spejlglas | K\u00f8b online her | LOCS<\/title>\n<meta name=\"description\" content=\"K\u00f8b Runde Aviator solbriller - California | Lyser\u00f8de spejlglas her | EU&#039;s st\u00f8rste udvalg af LOCS solbriller | Vi sender fra EU - Ingen ekstra import udgifter\" \/>\n<meta name=\"robots\" content=\"index, follow, max-snippet:-1, max-image-preview:large, max-video-preview:-1\" \/>\n<link rel=\"canonical\" href=\"https:\/\/locsshop.eu\/fr\/shop\/runde-aviator-solbriller-california-lyseroede-spejlglas\/\" \/>\n<meta property=\"og:locale\" content=\"fr_FR\" \/>\n<meta property=\"og:type\" content=\"article\" \/>\n<meta property=\"og:title\" content=\"Runde Aviator solbriller - California | Lyser\u00f8de spejlglas | K\u00f8b online her | LOCS\" \/>\n<meta property=\"og:description\" content=\"K\u00f8b Runde Aviator solbriller - California | Lyser\u00f8de spejlglas her | EU&#039;s st\u00f8rste udvalg af LOCS solbriller | Vi sender fra EU - Ingen ekstra import udgifter\" \/>\n<meta property=\"og:url\" content=\"https:\/\/locsshop.eu\/fr\/shop\/runde-aviator-solbriller-california-lyseroede-spejlglas\/\" \/>\n<meta property=\"og:site_name\" content=\"Locs Sunglasses - LOCS Supplier in EU\" \/>\n<meta property=\"article:modified_time\" content=\"2025-04-03T13:23:25+00:00\" \/>\n<meta property=\"og:image\" content=\"https:\/\/locsshop.eu\/wp-content\/uploads\/2024\/07\/b1103-g.jpg\" \/>\n\t<meta property=\"og:image:width\" content=\"800\" \/>\n\t<meta property=\"og:image:height\" content=\"800\" \/>\n\t<meta property=\"og:image:type\" content=\"image\/jpeg\" \/>\n<meta name=\"twitter:card\" content=\"summary_large_image\" \/>\n<meta name=\"twitter:label1\" content=\"Dur\u00e9e de lecture estim\u00e9e\" \/>\n\t<meta name=\"twitter:data1\" content=\"1 minute\" \/>\n<script type=\"application\/ld+json\" class=\"yoast-schema-graph\">{\"@context\":\"https:\\\/\\\/schema.org\",\"@graph\":[{\"@type\":\"WebPage\",\"@id\":\"https:\\\/\\\/locsshop.eu\\\/shop\\\/runde-aviator-solbriller-california-lyseroede-spejlglas\\\/\",\"url\":\"https:\\\/\\\/locsshop.eu\\\/shop\\\/runde-aviator-solbriller-california-lyseroede-spejlglas\\\/\",\"name\":\"Runde Aviator solbriller - California | Lyser\u00f8de spejlglas | K\u00f8b online her | LOCS\",\"isPartOf\":{\"@id\":\"https:\\\/\\\/locsshop.eu\\\/#website\"},\"primaryImageOfPage\":{\"@id\":\"https:\\\/\\\/locsshop.eu\\\/shop\\\/runde-aviator-solbriller-california-lyseroede-spejlglas\\\/#primaryimage\"},\"image\":{\"@id\":\"https:\\\/\\\/locsshop.eu\\\/shop\\\/runde-aviator-solbriller-california-lyseroede-spejlglas\\\/#primaryimage\"},\"thumbnailUrl\":\"https:\\\/\\\/locsshop.eu\\\/wp-content\\\/uploads\\\/2024\\\/07\\\/b1103-g.jpg\",\"datePublished\":\"2024-07-16T12:14:04+00:00\",\"dateModified\":\"2025-04-03T13:23:25+00:00\",\"description\":\"K\u00f8b Runde Aviator solbriller - California | Lyser\u00f8de spejlglas her | EU's st\u00f8rste udvalg af LOCS solbriller | Vi sender fra EU - Ingen ekstra import udgifter\",\"breadcrumb\":{\"@id\":\"https:\\\/\\\/locsshop.eu\\\/shop\\\/runde-aviator-solbriller-california-lyseroede-spejlglas\\\/#breadcrumb\"},\"inLanguage\":\"fr-FR\",\"potentialAction\":[{\"@type\":\"ReadAction\",\"target\":[\"https:\\\/\\\/locsshop.eu\\\/shop\\\/runde-aviator-solbriller-california-lyseroede-spejlglas\\\/\"]}]},{\"@type\":\"ImageObject\",\"inLanguage\":\"fr-FR\",\"@id\":\"https:\\\/\\\/locsshop.eu\\\/shop\\\/runde-aviator-solbriller-california-lyseroede-spejlglas\\\/#primaryimage\",\"url\":\"https:\\\/\\\/locsshop.eu\\\/wp-content\\\/uploads\\\/2024\\\/07\\\/b1103-g.jpg\",\"contentUrl\":\"https:\\\/\\\/locsshop.eu\\\/wp-content\\\/uploads\\\/2024\\\/07\\\/b1103-g.jpg\",\"width\":800,\"height\":800},{\"@type\":\"BreadcrumbList\",\"@id\":\"https:\\\/\\\/locsshop.eu\\\/shop\\\/runde-aviator-solbriller-california-lyseroede-spejlglas\\\/#breadcrumb\",\"itemListElement\":[{\"@type\":\"ListItem\",\"position\":1,\"name\":\"Hjem\",\"item\":\"https:\\\/\\\/locsshop.eu\\\/\"},{\"@type\":\"ListItem\",\"position\":2,\"name\":\"Shop\",\"item\":\"https:\\\/\\\/locsshop.eu\\\/shop\\\/\"},{\"@type\":\"ListItem\",\"position\":3,\"name\":\"Runde Aviator solbriller &#8211; California | Lyser\u00f8de spejlglas\"}]},{\"@type\":\"WebSite\",\"@id\":\"https:\\\/\\\/locsshop.eu\\\/#website\",\"url\":\"https:\\\/\\\/locsshop.eu\\\/\",\"name\":\"Locs Sunglasses - LOCS Supplier in EU\",\"description\":\"We sell cheap LOCS Sunglasses\",\"publisher\":{\"@id\":\"https:\\\/\\\/locsshop.eu\\\/#organization\"},\"potentialAction\":[{\"@type\":\"SearchAction\",\"target\":{\"@type\":\"EntryPoint\",\"urlTemplate\":\"https:\\\/\\\/locsshop.eu\\\/?s={search_term_string}\"},\"query-input\":{\"@type\":\"PropertyValueSpecification\",\"valueRequired\":true,\"valueName\":\"search_term_string\"}}],\"inLanguage\":\"fr-FR\"},{\"@type\":\"Organization\",\"@id\":\"https:\\\/\\\/locsshop.eu\\\/#organization\",\"name\":\"Locsshop.eu\",\"url\":\"https:\\\/\\\/locsshop.eu\\\/\",\"logo\":{\"@type\":\"ImageObject\",\"inLanguage\":\"fr-FR\",\"@id\":\"https:\\\/\\\/locsshop.eu\\\/#\\\/schema\\\/logo\\\/image\\\/\",\"url\":\"https:\\\/\\\/locsshop.eu\\\/wp-content\\\/uploads\\\/2022\\\/02\\\/Locsshop-logo.png\",\"contentUrl\":\"https:\\\/\\\/locsshop.eu\\\/wp-content\\\/uploads\\\/2022\\\/02\\\/Locsshop-logo.png\",\"width\":930,\"height\":200,\"caption\":\"Locsshop.eu\"},\"image\":{\"@id\":\"https:\\\/\\\/locsshop.eu\\\/#\\\/schema\\\/logo\\\/image\\\/\"}}]}<\/script>\n<!-- \/ Yoast SEO plugin. -->","yoast_head_json":{"title":"Lunettes de soleil aviateur rondes - Californie | Verre miroir rose | Achetez en ligne ici | LOCAUX","description":"Achetez des lunettes de soleil aviateur rondes - California | Verre miroir rose ici | Le plus grand choix de lunettes de soleil LOCS de l&#039;UE | Nous exp\u00e9dions depuis l&#039;UE - Pas de frais d&#039;importation suppl\u00e9mentaires","robots":{"index":"index","follow":"follow","max-snippet":"max-snippet:-1","max-image-preview":"max-image-preview:large","max-video-preview":"max-video-preview:-1"},"canonical":"https:\/\/locsshop.eu\/fr\/shop\/runde-aviator-solbriller-california-lyseroede-spejlglas\/","og_locale":"fr_FR","og_type":"article","og_title":"Runde Aviator solbriller - California | Lyser\u00f8de spejlglas | K\u00f8b online her | LOCS","og_description":"K\u00f8b Runde Aviator solbriller - California | Lyser\u00f8de spejlglas her | EU's st\u00f8rste udvalg af LOCS solbriller | Vi sender fra EU - Ingen ekstra import udgifter","og_url":"https:\/\/locsshop.eu\/fr\/shop\/runde-aviator-solbriller-california-lyseroede-spejlglas\/","og_site_name":"Locs Sunglasses - LOCS Supplier in EU","article_modified_time":"2025-04-03T13:23:25+00:00","og_image":[{"width":800,"height":800,"url":"https:\/\/locsshop.eu\/wp-content\/uploads\/2024\/07\/b1103-g.jpg","type":"image\/jpeg"}],"twitter_card":"summary_large_image","twitter_misc":{"Dur\u00e9e de lecture estim\u00e9e":"1 minute"},"schema":{"@context":"https:\/\/schema.org","@graph":[{"@type":"WebPage","@id":"https:\/\/locsshop.eu\/shop\/runde-aviator-solbriller-california-lyseroede-spejlglas\/","url":"https:\/\/locsshop.eu\/shop\/runde-aviator-solbriller-california-lyseroede-spejlglas\/","name":"Lunettes de soleil aviateur rondes - Californie | Verre miroir rose | Achetez en ligne ici | LOCAUX","isPartOf":{"@id":"https:\/\/locsshop.eu\/#website"},"primaryImageOfPage":{"@id":"https:\/\/locsshop.eu\/shop\/runde-aviator-solbriller-california-lyseroede-spejlglas\/#primaryimage"},"image":{"@id":"https:\/\/locsshop.eu\/shop\/runde-aviator-solbriller-california-lyseroede-spejlglas\/#primaryimage"},"thumbnailUrl":"https:\/\/locsshop.eu\/wp-content\/uploads\/2024\/07\/b1103-g.jpg","datePublished":"2024-07-16T12:14:04+00:00","dateModified":"2025-04-03T13:23:25+00:00","description":"Achetez des lunettes de soleil aviateur rondes - California | Verre miroir rose ici | Le plus grand choix de lunettes de soleil LOCS de l&#039;UE | Nous exp\u00e9dions depuis l&#039;UE - Pas de frais d&#039;importation suppl\u00e9mentaires","breadcrumb":{"@id":"https:\/\/locsshop.eu\/shop\/runde-aviator-solbriller-california-lyseroede-spejlglas\/#breadcrumb"},"inLanguage":"fr-FR","potentialAction":[{"@type":"ReadAction","target":["https:\/\/locsshop.eu\/shop\/runde-aviator-solbriller-california-lyseroede-spejlglas\/"]}]},{"@type":"ImageObject","inLanguage":"fr-FR","@id":"https:\/\/locsshop.eu\/shop\/runde-aviator-solbriller-california-lyseroede-spejlglas\/#primaryimage","url":"https:\/\/locsshop.eu\/wp-content\/uploads\/2024\/07\/b1103-g.jpg","contentUrl":"https:\/\/locsshop.eu\/wp-content\/uploads\/2024\/07\/b1103-g.jpg","width":800,"height":800},{"@type":"BreadcrumbList","@id":"https:\/\/locsshop.eu\/shop\/runde-aviator-solbriller-california-lyseroede-spejlglas\/#breadcrumb","itemListElement":[{"@type":"ListItem","position":1,"name":"Hjem","item":"https:\/\/locsshop.eu\/"},{"@type":"ListItem","position":2,"name":"Shop","item":"https:\/\/locsshop.eu\/shop\/"},{"@type":"ListItem","position":3,"name":"Runde Aviator solbriller &#8211; California | Lyser\u00f8de spejlglas"}]},{"@type":"WebSite","@id":"https:\/\/locsshop.eu\/#website","url":"https:\/\/locsshop.eu\/","name":"Lunettes de soleil Locs - Fournisseur LOCS dans l&#039;UE","description":"Nous vendons des lunettes de soleil LOCS bon march\u00e9","publisher":{"@id":"https:\/\/locsshop.eu\/#organization"},"potentialAction":[{"@type":"SearchAction","target":{"@type":"EntryPoint","urlTemplate":"https:\/\/locsshop.eu\/?s={search_term_string}"},"query-input":{"@type":"PropertyValueSpecification","valueRequired":true,"valueName":"search_term_string"}}],"inLanguage":"fr-FR"},{"@type":"Organization","@id":"https:\/\/locsshop.eu\/#organization","name":"Locsshop.eu","url":"https:\/\/locsshop.eu\/","logo":{"@type":"ImageObject","inLanguage":"fr-FR","@id":"https:\/\/locsshop.eu\/#\/schema\/logo\/image\/","url":"https:\/\/locsshop.eu\/wp-content\/uploads\/2022\/02\/Locsshop-logo.png","contentUrl":"https:\/\/locsshop.eu\/wp-content\/uploads\/2022\/02\/Locsshop-logo.png","width":930,"height":200,"caption":"Locsshop.eu"},"image":{"@id":"https:\/\/locsshop.eu\/#\/schema\/logo\/image\/"}}]}},"_links":{"self":[{"href":"https:\/\/locsshop.eu\/fr\/wp-json\/wp\/v2\/product\/13198","targetHints":{"allow":["GET"]}}],"collection":[{"href":"https:\/\/locsshop.eu\/fr\/wp-json\/wp\/v2\/product"}],"about":[{"href":"https:\/\/locsshop.eu\/fr\/wp-json\/wp\/v2\/types\/product"}],"replies":[{"embeddable":true,"href":"https:\/\/locsshop.eu\/fr\/wp-json\/wp\/v2\/comments?post=13198"}],"wp:featuredmedia":[{"embeddable":true,"href":"https:\/\/locsshop.eu\/fr\/wp-json\/wp\/v2\/media\/13195"}],"wp:attachment":[{"href":"https:\/\/locsshop.eu\/fr\/wp-json\/wp\/v2\/media?parent=13198"}],"wp:term":[{"taxonomy":"product_brand","embeddable":true,"href":"https:\/\/locsshop.eu\/fr\/wp-json\/wp\/v2\/product_brand?post=13198"},{"taxonomy":"product_cat","embeddable":true,"href":"https:\/\/locsshop.eu\/fr\/wp-json\/wp\/v2\/product_cat?post=13198"},{"taxonomy":"product_tag","embeddable":true,"href":"https:\/\/locsshop.eu\/fr\/wp-json\/wp\/v2\/product_tag?post=13198"}],"curies":[{"name":"wp","href":"https:\/\/api.w.org\/{rel}","templated":true}]}}