{"id":13604,"date":"2025-01-15T00:58:29","date_gmt":"2025-01-14T23:58:29","guid":{"rendered":"https:\/\/locsshop.eu\/shop\/adidas-sport-terrex-skibriller-sp0039-02s-00-bordeaux-roede-glas\/"},"modified":"2025-04-13T07:18:42","modified_gmt":"2025-04-13T05:18:42","slug":"adidas-sport-terrex-skibriller-sp0039-02s-00-bordeaux-roede-glas","status":"publish","type":"product","link":"https:\/\/locsshop.eu\/fr\/shop\/adidas-sport-terrex-skibriller-sp0039-02s-00-bordeaux-roede-glas\/","title":{"rendered":"Adidas Sport Terrex Lunettes de ski \u2013 SP0039 02S 00 | Verres rouges bordeaux"},"content":{"rendered":"<h2><strong>Masque de ski Adidas Sport Terrex \u2013 SP0039 02S 00 \u2013 Verres Rouge Bordeaux<br \/>\nIncl. Sacoche en microfibre<\/strong><\/h2>\n<p>&nbsp;<\/p>\n<h1><strong>D\u00e9tails des lunettes de ski<\/strong><\/h1>\n<ul>\n<li style=\"list-style-type: none\">\n<ul>\n<li>Lunettes de ski super cool d&#039;Adidas avec une lentille comme <strong>donne une lumi\u00e8re rose et fra\u00eeche sur les pistes.<\/strong><\/li>\n<li>Les lunettes de ski ont <strong>Verres Kolor UP\u2122<\/strong> qui offre une perception d\u00e9taill\u00e9e des couleurs et une pr\u00e9cision visuelle accrue en prot\u00e9geant et en filtrant les rayons UV et la lumi\u00e8re bleue gr\u00e2ce au contr\u00f4le de la lumi\u00e8re E-Sun\u2122 Solution Kolor Up.<\/li>\n<li><strong>\u00c9tui en microfibre inclus<\/strong> afin que vous puissiez ranger les lunettes de ski en douceur. Le sac de l&#039;\u00e9tui peut \u00e9galement \u00eatre utilis\u00e9 pour nettoyer d\u00e9licatement l&#039;objectif.<\/li>\n<li>Le syst\u00e8me de ventilation \u00e0 15 trous offre une respirabilit\u00e9 optimale.<\/li>\n<li>Mod\u00e8le unisexe qui convient aussi bien aux hommes qu&#039;aux femmes<\/li>\n<li><strong>Lentille antibu\u00e9e<\/strong> - R\u00e9duit la formation de condensation \u00e0 l&#039;int\u00e9rieur des lunettes lors du port.<\/li>\n<li><strong>Objectif de cat\u00e9gorie 2 \u2013 <\/strong>Si vous souhaitez un objectif adapt\u00e9 \u00e0 toutes les conditions m\u00e9t\u00e9orologiques, alors des objectifs polyvalents comme celui-ci sont la solution.<strong> Les lentilles de cat\u00e9gorie 2 filtrent entre 57 et 80% de la lumi\u00e8re incidente.<\/strong><\/li>\n<li>Nous garantissons que nos lunettes de ski sont <strong>100% authentique<\/strong>, achet\u00e9 aupr\u00e8s de notre fournisseur de confiance dans l&#039;UE.<\/li>\n<\/ul>\n<\/li>\n<\/ul>\n<h3>___________________________________________________________________________________________________________________________________________<\/h3>\n<p>&nbsp;<\/p>\n<h3>Pourquoi devriez-vous utiliser des lunettes de ski \u2013 et pourquoi nous sommes le meilleur endroit pour acheter<\/h3>\n<p>Lorsque vous d\u00e9valez les pistes, il est important de prot\u00e9ger vos yeux du vent, de la neige et des rayons UV intenses r\u00e9fl\u00e9chis par la neige. Les lunettes de ski ne sont pas seulement un accessoire \u00e9l\u00e9gant : elles sont une n\u00e9cessit\u00e9 pour tout skieur et snowboarder. Mais pourquoi les lunettes de ski sont-elles si importantes et pourquoi devriez-vous nous choisir pour votre prochain achat ?<\/p>\n<h3><\/h3>\n<p>&nbsp;<\/p>\n<h3>L&#039;importance des lunettes de ski<\/h3>\n<ol>\n<li><strong>Prot\u00e8ge contre les rayons UV nocifs\u00a0:<\/strong> La neige r\u00e9fl\u00e9chit jusqu&#039;\u00e0 80% des rayons UV du soleil, ce qui peut entra\u00eener la c\u00e9cit\u00e9 des neiges. Les lunettes de ski avec protection UV \u00e9vitent cela et prot\u00e8gent efficacement vos yeux.<\/li>\n<li><strong>Am\u00e9liore la visibilit\u00e9\u00a0:<\/strong> Avec le bon jeu de lunettes de ski, vous obtenez un meilleur contraste et une meilleure clart\u00e9, m\u00eame dans des conditions m\u00e9t\u00e9orologiques difficiles telles que le brouillard ou la neige abondante. Cela am\u00e9liore votre s\u00e9curit\u00e9 sur les pistes.<\/li>\n<li><strong>\u00c9crans contre le vent et la neige\u00a0:<\/strong> Sans lunettes de ski, l&#039;air froid et la neige peuvent irriter vos yeux et rendre la vision difficile. Les lunettes de ski gardent vos yeux au chaud et au sec.<\/li>\n<li><strong>R\u00e9duit les reflets de la neige : <\/strong>Quand le soleil brille, il coupe les yeux. Lorsqu&#039;il y a de la neige, cela devient encore plus probl\u00e9matique car le soleil intensifie l&#039;\u00e9blouissement et ici l&#039;importance des lunettes de ski est tr\u00e8s grande, car elles garantissent que vos yeux ont une vue agr\u00e9able et qu&#039;elles ne vous coupent pas les yeux.<\/li>\n<\/ol>\n<p>&nbsp;<\/p>\n<h3>Pourquoi nous choisir ?<\/h3>\n<p>Avec <strong>nous<\/strong> vous trouverez un large choix de lunettes de ski de haute qualit\u00e9 \u00e0 des prix qui ne casseront pas le budget. Nous proposons des masques de ski dot\u00e9s des derni\u00e8res technologies, notamment un rev\u00eatement anti-bu\u00e9e et des sangles r\u00e9glables pour un confort optimal.<\/p>\n<ul>\n<li><strong>Qualit\u00e9 \u00e0 des prix abordables\u00a0:<\/strong> Nous s\u00e9lectionnons soigneusement notre gamme pour garantir que vous obtenez la meilleure qualit\u00e9 au prix le plus bas.<\/li>\n<li><strong>Livraison rapide\u00a0:<\/strong> Lorsque vous commandez chez nous, vous pouvez vous attendre \u00e0 une livraison rapide, vous serez donc pr\u00eat pour les pistes en un rien de temps.<\/li>\n<li><strong>Excellent service client\u00a0:<\/strong> Notre \u00e9quipe d\u00e9vou\u00e9e est toujours pr\u00eate \u00e0 vous aider \u00e0 trouver les lunettes de ski parfaites.<\/li>\n<\/ul>\n<p>Que vous soyez un skieur exp\u00e9riment\u00e9 ou un nouveau venu sur les pistes, ayez <strong>nous<\/strong> la paire de lunettes de ski parfaite pour vous. Prot\u00e9gez vos yeux et profitez de l&#039;aventure hivernale avec vos nouvelles lunettes de ski.<\/p>","protected":false},"excerpt":{"rendered":"<ul>\n<li>Avec large sangle \u00e9lastique r\u00e9glable<\/li>\n<li>Pour le ski et le snowboard<\/li>\n<li>Lunettes rouge fonc\u00e9<\/li>\n<li>Incl. Pochette en microfibre<\/li>\n<\/ul>","protected":false},"featured_media":13598,"comment_status":"open","ping_status":"closed","template":"","meta":{"om_disable_all_campaigns":false,"_monsterinsights_skip_tracking":false,"_monsterinsights_sitenote_active":false,"_monsterinsights_sitenote_note":"","_monsterinsights_sitenote_category":0},"product_brand":[],"product_cat":[1560],"product_tag":[1572,1559,1573],"class_list":{"0":"post-13604","1":"product","2":"type-product","3":"status-publish","4":"has-post-thumbnail","6":"product_cat-skibriller","7":"product_tag-adidas","8":"product_tag-skibriller","9":"product_tag-terrex","11":"first","12":"instock","13":"sale","14":"purchasable","15":"product-type-simple"},"yoast_head":"<!-- This site is optimized with the Yoast SEO plugin v27.5 - https:\/\/yoast.com\/product\/yoast-seo-wordpress\/ -->\n<title>Adidas Sport Terrex skibriller - SP0039 02S 00 | Bordeaux r\u00f8de glas | K\u00f8b online her | LOCS<\/title>\n<meta name=\"description\" content=\"K\u00f8b Adidas Sport Terrex skibriller - SP0039 02S 00 | Bordeaux r\u00f8de glas her | EU&#039;s st\u00f8rste udvalg af LOCS solbriller | Vi sender fra EU - Ingen ekstra import udgifter\" \/>\n<meta name=\"robots\" content=\"index, follow, max-snippet:-1, max-image-preview:large, max-video-preview:-1\" \/>\n<link rel=\"canonical\" href=\"https:\/\/locsshop.eu\/fr\/shop\/adidas-sport-terrex-skibriller-sp0039-02s-00-bordeaux-roede-glas\/\" \/>\n<meta property=\"og:locale\" content=\"fr_FR\" \/>\n<meta property=\"og:type\" content=\"article\" \/>\n<meta property=\"og:title\" content=\"Adidas Sport Terrex skibriller - SP0039 02S 00 | Bordeaux r\u00f8de glas | K\u00f8b online her | LOCS\" \/>\n<meta property=\"og:description\" content=\"K\u00f8b Adidas Sport Terrex skibriller - SP0039 02S 00 | Bordeaux r\u00f8de glas her | EU&#039;s st\u00f8rste udvalg af LOCS solbriller | Vi sender fra EU - Ingen ekstra import udgifter\" \/>\n<meta property=\"og:url\" content=\"https:\/\/locsshop.eu\/fr\/shop\/adidas-sport-terrex-skibriller-sp0039-02s-00-bordeaux-roede-glas\/\" \/>\n<meta property=\"og:site_name\" content=\"Locs Sunglasses - LOCS Supplier in EU\" \/>\n<meta property=\"article:modified_time\" content=\"2025-04-13T05:18:42+00:00\" \/>\n<meta property=\"og:image\" content=\"https:\/\/locsshop.eu\/wp-content\/uploads\/2025\/01\/adidas-terrex-skibriller-moerke-glas.jpg\" \/>\n\t<meta property=\"og:image:width\" content=\"800\" \/>\n\t<meta property=\"og:image:height\" content=\"800\" \/>\n\t<meta property=\"og:image:type\" content=\"image\/jpeg\" \/>\n<meta name=\"twitter:card\" content=\"summary_large_image\" \/>\n<meta name=\"twitter:label1\" content=\"Dur\u00e9e de lecture estim\u00e9e\" \/>\n\t<meta name=\"twitter:data1\" content=\"3 minutes\" \/>\n<script type=\"application\/ld+json\" class=\"yoast-schema-graph\">{\"@context\":\"https:\\\/\\\/schema.org\",\"@graph\":[{\"@type\":\"WebPage\",\"@id\":\"https:\\\/\\\/locsshop.eu\\\/shop\\\/adidas-sport-terrex-skibriller-sp0039-02s-00-bordeaux-roede-glas\\\/\",\"url\":\"https:\\\/\\\/locsshop.eu\\\/shop\\\/adidas-sport-terrex-skibriller-sp0039-02s-00-bordeaux-roede-glas\\\/\",\"name\":\"Adidas Sport Terrex skibriller - SP0039 02S 00 | Bordeaux r\u00f8de glas | K\u00f8b online her | LOCS\",\"isPartOf\":{\"@id\":\"https:\\\/\\\/locsshop.eu\\\/#website\"},\"primaryImageOfPage\":{\"@id\":\"https:\\\/\\\/locsshop.eu\\\/shop\\\/adidas-sport-terrex-skibriller-sp0039-02s-00-bordeaux-roede-glas\\\/#primaryimage\"},\"image\":{\"@id\":\"https:\\\/\\\/locsshop.eu\\\/shop\\\/adidas-sport-terrex-skibriller-sp0039-02s-00-bordeaux-roede-glas\\\/#primaryimage\"},\"thumbnailUrl\":\"https:\\\/\\\/locsshop.eu\\\/wp-content\\\/uploads\\\/2025\\\/01\\\/adidas-terrex-skibriller-moerke-glas.jpg\",\"datePublished\":\"2025-01-14T23:58:29+00:00\",\"dateModified\":\"2025-04-13T05:18:42+00:00\",\"description\":\"K\u00f8b Adidas Sport Terrex skibriller - SP0039 02S 00 | Bordeaux r\u00f8de glas her | EU's st\u00f8rste udvalg af LOCS solbriller | Vi sender fra EU - Ingen ekstra import udgifter\",\"breadcrumb\":{\"@id\":\"https:\\\/\\\/locsshop.eu\\\/shop\\\/adidas-sport-terrex-skibriller-sp0039-02s-00-bordeaux-roede-glas\\\/#breadcrumb\"},\"inLanguage\":\"fr-FR\",\"potentialAction\":[{\"@type\":\"ReadAction\",\"target\":[\"https:\\\/\\\/locsshop.eu\\\/shop\\\/adidas-sport-terrex-skibriller-sp0039-02s-00-bordeaux-roede-glas\\\/\"]}]},{\"@type\":\"ImageObject\",\"inLanguage\":\"fr-FR\",\"@id\":\"https:\\\/\\\/locsshop.eu\\\/shop\\\/adidas-sport-terrex-skibriller-sp0039-02s-00-bordeaux-roede-glas\\\/#primaryimage\",\"url\":\"https:\\\/\\\/locsshop.eu\\\/wp-content\\\/uploads\\\/2025\\\/01\\\/adidas-terrex-skibriller-moerke-glas.jpg\",\"contentUrl\":\"https:\\\/\\\/locsshop.eu\\\/wp-content\\\/uploads\\\/2025\\\/01\\\/adidas-terrex-skibriller-moerke-glas.jpg\",\"width\":800,\"height\":800},{\"@type\":\"BreadcrumbList\",\"@id\":\"https:\\\/\\\/locsshop.eu\\\/shop\\\/adidas-sport-terrex-skibriller-sp0039-02s-00-bordeaux-roede-glas\\\/#breadcrumb\",\"itemListElement\":[{\"@type\":\"ListItem\",\"position\":1,\"name\":\"Hjem\",\"item\":\"https:\\\/\\\/locsshop.eu\\\/\"},{\"@type\":\"ListItem\",\"position\":2,\"name\":\"Shop\",\"item\":\"https:\\\/\\\/locsshop.eu\\\/shop\\\/\"},{\"@type\":\"ListItem\",\"position\":3,\"name\":\"Adidas Sport Terrex skibriller &#8211; SP0039 02S 00 | Bordeaux r\u00f8de glas\"}]},{\"@type\":\"WebSite\",\"@id\":\"https:\\\/\\\/locsshop.eu\\\/#website\",\"url\":\"https:\\\/\\\/locsshop.eu\\\/\",\"name\":\"Locs Sunglasses - LOCS Supplier in EU\",\"description\":\"We sell cheap LOCS Sunglasses\",\"publisher\":{\"@id\":\"https:\\\/\\\/locsshop.eu\\\/#organization\"},\"potentialAction\":[{\"@type\":\"SearchAction\",\"target\":{\"@type\":\"EntryPoint\",\"urlTemplate\":\"https:\\\/\\\/locsshop.eu\\\/?s={search_term_string}\"},\"query-input\":{\"@type\":\"PropertyValueSpecification\",\"valueRequired\":true,\"valueName\":\"search_term_string\"}}],\"inLanguage\":\"fr-FR\"},{\"@type\":\"Organization\",\"@id\":\"https:\\\/\\\/locsshop.eu\\\/#organization\",\"name\":\"Locsshop.eu\",\"url\":\"https:\\\/\\\/locsshop.eu\\\/\",\"logo\":{\"@type\":\"ImageObject\",\"inLanguage\":\"fr-FR\",\"@id\":\"https:\\\/\\\/locsshop.eu\\\/#\\\/schema\\\/logo\\\/image\\\/\",\"url\":\"https:\\\/\\\/locsshop.eu\\\/wp-content\\\/uploads\\\/2022\\\/02\\\/Locsshop-logo.png\",\"contentUrl\":\"https:\\\/\\\/locsshop.eu\\\/wp-content\\\/uploads\\\/2022\\\/02\\\/Locsshop-logo.png\",\"width\":930,\"height\":200,\"caption\":\"Locsshop.eu\"},\"image\":{\"@id\":\"https:\\\/\\\/locsshop.eu\\\/#\\\/schema\\\/logo\\\/image\\\/\"}}]}<\/script>\n<!-- \/ Yoast SEO plugin. -->","yoast_head_json":{"title":"Masque de ski Adidas Sport Terrex - SP0039 02S 00 | Verres rouge bordeaux | Achetez en ligne ici | LOC","description":"Achetez des lunettes de ski Adidas Sport Terrex - SP0039 02S 00 | Verres rouge bordeaux ici | La plus grande s\u00e9lection de lunettes de soleil LOCS de l&#039;UE | Nous exp\u00e9dions depuis l&#039;UE - Pas de frais d&#039;importation suppl\u00e9mentaires","robots":{"index":"index","follow":"follow","max-snippet":"max-snippet:-1","max-image-preview":"max-image-preview:large","max-video-preview":"max-video-preview:-1"},"canonical":"https:\/\/locsshop.eu\/fr\/shop\/adidas-sport-terrex-skibriller-sp0039-02s-00-bordeaux-roede-glas\/","og_locale":"fr_FR","og_type":"article","og_title":"Adidas Sport Terrex skibriller - SP0039 02S 00 | Bordeaux r\u00f8de glas | K\u00f8b online her | LOCS","og_description":"K\u00f8b Adidas Sport Terrex skibriller - SP0039 02S 00 | Bordeaux r\u00f8de glas her | EU's st\u00f8rste udvalg af LOCS solbriller | Vi sender fra EU - Ingen ekstra import udgifter","og_url":"https:\/\/locsshop.eu\/fr\/shop\/adidas-sport-terrex-skibriller-sp0039-02s-00-bordeaux-roede-glas\/","og_site_name":"Locs Sunglasses - LOCS Supplier in EU","article_modified_time":"2025-04-13T05:18:42+00:00","og_image":[{"width":800,"height":800,"url":"https:\/\/locsshop.eu\/wp-content\/uploads\/2025\/01\/adidas-terrex-skibriller-moerke-glas.jpg","type":"image\/jpeg"}],"twitter_card":"summary_large_image","twitter_misc":{"Dur\u00e9e de lecture estim\u00e9e":"3 minutes"},"schema":{"@context":"https:\/\/schema.org","@graph":[{"@type":"WebPage","@id":"https:\/\/locsshop.eu\/shop\/adidas-sport-terrex-skibriller-sp0039-02s-00-bordeaux-roede-glas\/","url":"https:\/\/locsshop.eu\/shop\/adidas-sport-terrex-skibriller-sp0039-02s-00-bordeaux-roede-glas\/","name":"Masque de ski Adidas Sport Terrex - SP0039 02S 00 | Verres rouge bordeaux | Achetez en ligne ici | LOC","isPartOf":{"@id":"https:\/\/locsshop.eu\/#website"},"primaryImageOfPage":{"@id":"https:\/\/locsshop.eu\/shop\/adidas-sport-terrex-skibriller-sp0039-02s-00-bordeaux-roede-glas\/#primaryimage"},"image":{"@id":"https:\/\/locsshop.eu\/shop\/adidas-sport-terrex-skibriller-sp0039-02s-00-bordeaux-roede-glas\/#primaryimage"},"thumbnailUrl":"https:\/\/locsshop.eu\/wp-content\/uploads\/2025\/01\/adidas-terrex-skibriller-moerke-glas.jpg","datePublished":"2025-01-14T23:58:29+00:00","dateModified":"2025-04-13T05:18:42+00:00","description":"Achetez des lunettes de ski Adidas Sport Terrex - SP0039 02S 00 | Verres rouge bordeaux ici | La plus grande s\u00e9lection de lunettes de soleil LOCS de l&#039;UE | Nous exp\u00e9dions depuis l&#039;UE - Pas de frais d&#039;importation suppl\u00e9mentaires","breadcrumb":{"@id":"https:\/\/locsshop.eu\/shop\/adidas-sport-terrex-skibriller-sp0039-02s-00-bordeaux-roede-glas\/#breadcrumb"},"inLanguage":"fr-FR","potentialAction":[{"@type":"ReadAction","target":["https:\/\/locsshop.eu\/shop\/adidas-sport-terrex-skibriller-sp0039-02s-00-bordeaux-roede-glas\/"]}]},{"@type":"ImageObject","inLanguage":"fr-FR","@id":"https:\/\/locsshop.eu\/shop\/adidas-sport-terrex-skibriller-sp0039-02s-00-bordeaux-roede-glas\/#primaryimage","url":"https:\/\/locsshop.eu\/wp-content\/uploads\/2025\/01\/adidas-terrex-skibriller-moerke-glas.jpg","contentUrl":"https:\/\/locsshop.eu\/wp-content\/uploads\/2025\/01\/adidas-terrex-skibriller-moerke-glas.jpg","width":800,"height":800},{"@type":"BreadcrumbList","@id":"https:\/\/locsshop.eu\/shop\/adidas-sport-terrex-skibriller-sp0039-02s-00-bordeaux-roede-glas\/#breadcrumb","itemListElement":[{"@type":"ListItem","position":1,"name":"Hjem","item":"https:\/\/locsshop.eu\/"},{"@type":"ListItem","position":2,"name":"Shop","item":"https:\/\/locsshop.eu\/shop\/"},{"@type":"ListItem","position":3,"name":"Adidas Sport Terrex skibriller &#8211; SP0039 02S 00 | Bordeaux r\u00f8de glas"}]},{"@type":"WebSite","@id":"https:\/\/locsshop.eu\/#website","url":"https:\/\/locsshop.eu\/","name":"Lunettes de soleil Locs - Fournisseur LOCS dans l&#039;UE","description":"Nous vendons des lunettes de soleil LOCS bon march\u00e9","publisher":{"@id":"https:\/\/locsshop.eu\/#organization"},"potentialAction":[{"@type":"SearchAction","target":{"@type":"EntryPoint","urlTemplate":"https:\/\/locsshop.eu\/?s={search_term_string}"},"query-input":{"@type":"PropertyValueSpecification","valueRequired":true,"valueName":"search_term_string"}}],"inLanguage":"fr-FR"},{"@type":"Organization","@id":"https:\/\/locsshop.eu\/#organization","name":"Locsshop.eu","url":"https:\/\/locsshop.eu\/","logo":{"@type":"ImageObject","inLanguage":"fr-FR","@id":"https:\/\/locsshop.eu\/#\/schema\/logo\/image\/","url":"https:\/\/locsshop.eu\/wp-content\/uploads\/2022\/02\/Locsshop-logo.png","contentUrl":"https:\/\/locsshop.eu\/wp-content\/uploads\/2022\/02\/Locsshop-logo.png","width":930,"height":200,"caption":"Locsshop.eu"},"image":{"@id":"https:\/\/locsshop.eu\/#\/schema\/logo\/image\/"}}]}},"_links":{"self":[{"href":"https:\/\/locsshop.eu\/fr\/wp-json\/wp\/v2\/product\/13604","targetHints":{"allow":["GET"]}}],"collection":[{"href":"https:\/\/locsshop.eu\/fr\/wp-json\/wp\/v2\/product"}],"about":[{"href":"https:\/\/locsshop.eu\/fr\/wp-json\/wp\/v2\/types\/product"}],"replies":[{"embeddable":true,"href":"https:\/\/locsshop.eu\/fr\/wp-json\/wp\/v2\/comments?post=13604"}],"wp:featuredmedia":[{"embeddable":true,"href":"https:\/\/locsshop.eu\/fr\/wp-json\/wp\/v2\/media\/13598"}],"wp:attachment":[{"href":"https:\/\/locsshop.eu\/fr\/wp-json\/wp\/v2\/media?parent=13604"}],"wp:term":[{"taxonomy":"product_brand","embeddable":true,"href":"https:\/\/locsshop.eu\/fr\/wp-json\/wp\/v2\/product_brand?post=13604"},{"taxonomy":"product_cat","embeddable":true,"href":"https:\/\/locsshop.eu\/fr\/wp-json\/wp\/v2\/product_cat?post=13604"},{"taxonomy":"product_tag","embeddable":true,"href":"https:\/\/locsshop.eu\/fr\/wp-json\/wp\/v2\/product_tag?post=13604"}],"curies":[{"name":"wp","href":"https:\/\/api.w.org\/{rel}","templated":true}]}}