{"id":13618,"date":"2025-01-16T21:25:46","date_gmt":"2025-01-16T20:25:46","guid":{"rendered":"https:\/\/locsshop.eu\/shop\/spy-marauder-skibriller-3100000000131-mat-lyseblaa-inkl-2-linser\/"},"modified":"2025-04-13T07:18:01","modified_gmt":"2025-04-13T05:18:01","slug":"spy-marauder-skibriller-3100000000131-mat-lyseblaa-inkl-2-linser","status":"publish","type":"product","link":"https:\/\/locsshop.eu\/fr\/shop\/spy-marauder-skibriller-3100000000131-mat-lyseblaa-inkl-2-linser\/","title":{"rendered":"Masque de ski Spy+ Marauder \u2013 3100000000131 | Bleu clair mat \u2013 Incl. 2 lentilles"},"content":{"rendered":"<h2><strong>Masque de ski Spy+ Marauder \u2013 3100000000131 | Bleu clair mat \u2013 Incl. 2 lentilles<br \/>\nIncl. Sacoche en microfibre pouvant contenir \u00e0 la fois des lunettes de ski et la lentille suppl\u00e9mentaire.<\/strong><\/h2>\n<p>Des lunettes de ski super intelligentes pour ceux qui veulent des lunettes de ski optimales dans toutes sortes de conditions m\u00e9t\u00e9orologiques.<\/p>\n<h1><strong>D\u00e9tails des lunettes de ski<\/strong><\/h1>\n<ul>\n<li style=\"list-style-type: none\">\n<ul>\n<li><strong>Lunettes de ski super cool de Spy+ avec 2 lentilles<\/strong>. L&#039;objectif reflex miroir bleu clair (Happy Blue) en est un <strong>objectif de cat\u00e9gorie 3<\/strong> qui est un<strong> lentille solaire qui fournit la meilleure lumi\u00e8re s&#039;il y a du soleil sur les pistes. <\/strong>Les lentilles de cat\u00e9gorie 3 filtrent 80-90% la lumi\u00e8re incidente.<strong><br \/>\n<\/strong>De plus, un presque transparent suit <strong>objectif de cat\u00e9gorie 1<\/strong> avec une surface r\u00e9fl\u00e9chissante l\u00e9g\u00e8rement rose, car lorsque la neige dure s&#039;installe et que le soleil dispara\u00eet, il vous faut ici un verre brillant qui laisse entrer autant de lumi\u00e8re que possible.<br \/>\nLes lentilles de cat\u00e9gorie 1 filtrent entre 20 et 57% de la lumi\u00e8re incidente.<\/li>\n<li>Un Spy+ est attach\u00e9 <strong>Miroir Happy Boost Bronze Happy Blue Spectra<\/strong> objectif et un est inclus <strong>Objectif Happy LL Rose<\/strong> qui filtre les rayons UV 100%.<\/li>\n<li><strong>\u00c9tui en microfibre inclus<\/strong> vous pourrez ainsi ranger les lunettes de ski et l&#039;\u00e9cran suppl\u00e9mentaire en douceur. L&#039;\u00e9tui peut \u00e9galement \u00eatre utilis\u00e9 pour nettoyer d\u00e9licatement l&#039;objectif.<\/li>\n<li><strong>Espion+ Mont\u00e9e<\/strong>\u00a0le syst\u00e8me de ventilation offre une respirabilit\u00e9 optimale.<\/li>\n<li><strong>Unisexe<\/strong> mod\u00e8le qui convient aussi bien aux hommes qu&#039;aux femmes<\/li>\n<li><strong>Lentille anti-bu\u00e9e<\/strong> - R\u00e9duit la formation de condensation \u00e0 l&#039;int\u00e9rieur des lunettes lors du port.<\/li>\n<li><strong>Verres interchangeables <\/strong>avec aimant et m\u00e9canisme de verrouillage \u00e0 p\u00eane dormant de Spy+.<\/li>\n<li><strong>OTG<\/strong> \u2013 Par-dessus les lunettes, lunettes de ski. (Con\u00e7u pour que vous puissiez porter des lunettes en dessous.)<\/li>\n<li><strong>Doubles lentilles<\/strong><\/li>\n<li><strong>Livr\u00e9 dans une jolie bo\u00eete<\/strong> avec autocollant SPY+ et manuels.<\/li>\n<li>Nous <strong>garanties<\/strong> que nos lunettes de ski sont <strong>100% authentique<\/strong>, achet\u00e9 aupr\u00e8s de notre fournisseur de confiance dans l&#039;UE.<\/li>\n<\/ul>\n<\/li>\n<\/ul>\n<h3><img loading=\"lazy\" decoding=\"async\" class=\"alignnone size-full wp-image-14880\" src=\"https:\/\/bazarsalg.dk\/wp-content\/uploads\/marauder4.jpg\" alt=\"\" width=\"943\" height=\"181\" \/><\/h3>\n<h3><img loading=\"lazy\" decoding=\"async\" class=\"alignnone size-full wp-image-14878\" src=\"https:\/\/bazarsalg.dk\/wp-content\/uploads\/marauder.jpg\" alt=\"\" width=\"1340\" height=\"389\" \/><\/h3>\n<h3><img loading=\"lazy\" decoding=\"async\" class=\"alignnone size-full wp-image-14877\" src=\"https:\/\/bazarsalg.dk\/wp-content\/uploads\/marauder2.jpg\" alt=\"\" width=\"1315\" height=\"547\" \/><\/h3>\n<p><img loading=\"lazy\" decoding=\"async\" class=\"alignnone size-full wp-image-14879\" src=\"https:\/\/bazarsalg.dk\/wp-content\/uploads\/marauder3.jpg\" alt=\"\" width=\"1430\" height=\"416\" \/><\/p>\n<h3>___________________________________________________________________________________________________________________________________________<\/h3>\n<p>&nbsp;<\/p>\n<h3>Pourquoi devriez-vous utiliser des lunettes de ski \u2013 et pourquoi nous sommes le meilleur endroit pour acheter<\/h3>\n<p>Lorsque vous d\u00e9valez les pistes, il est important de prot\u00e9ger vos yeux du vent, de la neige et des rayons UV intenses r\u00e9fl\u00e9chis par la neige. Les lunettes de ski ne sont pas seulement un accessoire \u00e9l\u00e9gant : elles sont une n\u00e9cessit\u00e9 pour tout skieur et snowboarder. Mais pourquoi les lunettes de ski sont-elles si importantes et pourquoi devriez-vous nous choisir pour votre prochain achat ?<\/p>\n<h3><\/h3>\n<p>&nbsp;<\/p>\n<h3>L&#039;importance des lunettes de ski<\/h3>\n<ol>\n<li><strong>Prot\u00e8ge contre les rayons UV nocifs\u00a0:<\/strong> La neige r\u00e9fl\u00e9chit jusqu&#039;\u00e0 80% des rayons UV du soleil, ce qui peut entra\u00eener la c\u00e9cit\u00e9 des neiges. Les lunettes de ski avec protection UV \u00e9vitent cela et prot\u00e8gent efficacement vos yeux.<\/li>\n<li><strong>Am\u00e9liore la visibilit\u00e9\u00a0:<\/strong> Avec le bon jeu de lunettes de ski, vous obtenez un meilleur contraste et une meilleure clart\u00e9, m\u00eame dans des conditions m\u00e9t\u00e9orologiques difficiles telles que le brouillard ou la neige abondante. Cela am\u00e9liore votre s\u00e9curit\u00e9 sur les pistes.<\/li>\n<li><strong>\u00c9crans contre le vent et la neige\u00a0:<\/strong> Sans lunettes de ski, l&#039;air froid et la neige peuvent irriter vos yeux et rendre la vision difficile. Les lunettes de ski gardent vos yeux au chaud et au sec.<\/li>\n<li><strong>R\u00e9duit les reflets de la neige : <\/strong>Quand le soleil brille, il coupe les yeux. Lorsqu&#039;il y a de la neige, cela devient encore plus probl\u00e9matique car le soleil intensifie l&#039;\u00e9blouissement et ici l&#039;importance des lunettes de ski est tr\u00e8s grande, car elles garantissent que vos yeux ont une vue agr\u00e9able et qu&#039;elles ne vous coupent pas les yeux.<\/li>\n<\/ol>\n<p>&nbsp;<\/p>\n<h3>Pourquoi nous choisir ?<\/h3>\n<p>Avec <strong>nous<\/strong> vous trouverez un large choix de lunettes de ski de haute qualit\u00e9 \u00e0 des prix qui ne casseront pas le budget. Nous proposons des masques de ski dot\u00e9s des derni\u00e8res technologies, notamment un rev\u00eatement anti-bu\u00e9e et des sangles r\u00e9glables pour un confort optimal.<\/p>\n<ul>\n<li><strong>Qualit\u00e9 \u00e0 des prix abordables\u00a0:<\/strong> Nous s\u00e9lectionnons soigneusement notre gamme pour garantir que vous obtenez la meilleure qualit\u00e9 au prix le plus bas.<\/li>\n<li><strong>Livraison rapide\u00a0:<\/strong> Lorsque vous commandez chez nous, vous pouvez vous attendre \u00e0 une livraison rapide, vous serez donc pr\u00eat pour les pistes en un rien de temps.<\/li>\n<li><strong>Excellent service client\u00a0:<\/strong> Notre \u00e9quipe d\u00e9vou\u00e9e est toujours pr\u00eate \u00e0 vous aider \u00e0 trouver les lunettes de ski parfaites.<\/li>\n<\/ul>\n<p>Que vous soyez un skieur exp\u00e9riment\u00e9 ou un nouveau venu sur les pistes, ayez <strong>nous<\/strong> la paire de lunettes de ski parfaite pour vous. Prot\u00e9gez vos yeux et profitez de l&#039;aventure hivernale avec vos nouvelles lunettes de ski.<\/p>","protected":false},"excerpt":{"rendered":"<ul>\n<li>Avec large sangle \u00e9lastique r\u00e9glable<\/li>\n<li>Pour le ski et le snowboard<\/li>\n<li>Verres reflex miroir<\/li>\n<li>Incl. Pochette en microfibre<\/li>\n<li>2 objectifs inclus (Cat.1 et Cat.3)<\/li>\n<\/ul>","protected":false},"featured_media":13614,"comment_status":"open","ping_status":"closed","template":"","meta":{"om_disable_all_campaigns":false,"_monsterinsights_skip_tracking":false,"_monsterinsights_sitenote_active":false,"_monsterinsights_sitenote_note":"","_monsterinsights_sitenote_category":0},"product_brand":[],"product_cat":[1560],"product_tag":[1577,1559,1578],"class_list":{"0":"post-13618","1":"product","2":"type-product","3":"status-publish","4":"has-post-thumbnail","6":"product_cat-skibriller","7":"product_tag-marauder","8":"product_tag-skibriller","9":"product_tag-spy","11":"first","12":"instock","13":"sale","14":"purchasable","15":"product-type-simple"},"yoast_head":"<!-- This site is optimized with the Yoast SEO plugin v27.5 - https:\/\/yoast.com\/product\/yoast-seo-wordpress\/ -->\n<title>Spy+ Marauder skibriller - 3100000000131 | Mat lysebl\u00e5 - Inkl. 2 linser | K\u00f8b online her | LOCS<\/title>\n<meta name=\"description\" content=\"K\u00f8b Spy+ Marauder skibriller - 3100000000131 | Mat lysebl\u00e5 - Inkl. 2 linser her | EU&#039;s st\u00f8rste udvalg af LOCS solbriller | Vi sender fra EU - Ingen ekstra import udgifter\" \/>\n<meta name=\"robots\" content=\"index, follow, max-snippet:-1, max-image-preview:large, max-video-preview:-1\" \/>\n<link rel=\"canonical\" href=\"https:\/\/locsshop.eu\/fr\/shop\/spy-marauder-skibriller-3100000000131-mat-lyseblaa-inkl-2-linser\/\" \/>\n<meta property=\"og:locale\" content=\"fr_FR\" \/>\n<meta property=\"og:type\" content=\"article\" \/>\n<meta property=\"og:title\" content=\"Spy+ Marauder skibriller - 3100000000131 | Mat lysebl\u00e5 - Inkl. 2 linser | K\u00f8b online her | LOCS\" \/>\n<meta property=\"og:description\" content=\"K\u00f8b Spy+ Marauder skibriller - 3100000000131 | Mat lysebl\u00e5 - Inkl. 2 linser her | EU&#039;s st\u00f8rste udvalg af LOCS solbriller | Vi sender fra EU - Ingen ekstra import udgifter\" \/>\n<meta property=\"og:url\" content=\"https:\/\/locsshop.eu\/fr\/shop\/spy-marauder-skibriller-3100000000131-mat-lyseblaa-inkl-2-linser\/\" \/>\n<meta property=\"og:site_name\" content=\"Locs Sunglasses - LOCS Supplier in EU\" \/>\n<meta property=\"article:modified_time\" content=\"2025-04-13T05:18:01+00:00\" \/>\n<meta property=\"og:image\" content=\"https:\/\/locsshop.eu\/wp-content\/uploads\/2025\/01\/Spy-Happy-blue.jpg\" \/>\n\t<meta property=\"og:image:width\" content=\"800\" \/>\n\t<meta property=\"og:image:height\" content=\"800\" \/>\n\t<meta property=\"og:image:type\" content=\"image\/jpeg\" \/>\n<meta name=\"twitter:card\" content=\"summary_large_image\" \/>\n<meta name=\"twitter:label1\" content=\"Dur\u00e9e de lecture estim\u00e9e\" \/>\n\t<meta name=\"twitter:data1\" content=\"3 minutes\" \/>\n<script type=\"application\/ld+json\" class=\"yoast-schema-graph\">{\"@context\":\"https:\\\/\\\/schema.org\",\"@graph\":[{\"@type\":\"WebPage\",\"@id\":\"https:\\\/\\\/locsshop.eu\\\/shop\\\/spy-marauder-skibriller-3100000000131-mat-lyseblaa-inkl-2-linser\\\/\",\"url\":\"https:\\\/\\\/locsshop.eu\\\/shop\\\/spy-marauder-skibriller-3100000000131-mat-lyseblaa-inkl-2-linser\\\/\",\"name\":\"Spy+ Marauder skibriller - 3100000000131 | Mat lysebl\u00e5 - Inkl. 2 linser | K\u00f8b online her | LOCS\",\"isPartOf\":{\"@id\":\"https:\\\/\\\/locsshop.eu\\\/#website\"},\"primaryImageOfPage\":{\"@id\":\"https:\\\/\\\/locsshop.eu\\\/shop\\\/spy-marauder-skibriller-3100000000131-mat-lyseblaa-inkl-2-linser\\\/#primaryimage\"},\"image\":{\"@id\":\"https:\\\/\\\/locsshop.eu\\\/shop\\\/spy-marauder-skibriller-3100000000131-mat-lyseblaa-inkl-2-linser\\\/#primaryimage\"},\"thumbnailUrl\":\"https:\\\/\\\/locsshop.eu\\\/wp-content\\\/uploads\\\/2025\\\/01\\\/Spy-Happy-blue.jpg\",\"datePublished\":\"2025-01-16T20:25:46+00:00\",\"dateModified\":\"2025-04-13T05:18:01+00:00\",\"description\":\"K\u00f8b Spy+ Marauder skibriller - 3100000000131 | Mat lysebl\u00e5 - Inkl. 2 linser her | EU's st\u00f8rste udvalg af LOCS solbriller | Vi sender fra EU - Ingen ekstra import udgifter\",\"breadcrumb\":{\"@id\":\"https:\\\/\\\/locsshop.eu\\\/shop\\\/spy-marauder-skibriller-3100000000131-mat-lyseblaa-inkl-2-linser\\\/#breadcrumb\"},\"inLanguage\":\"fr-FR\",\"potentialAction\":[{\"@type\":\"ReadAction\",\"target\":[\"https:\\\/\\\/locsshop.eu\\\/shop\\\/spy-marauder-skibriller-3100000000131-mat-lyseblaa-inkl-2-linser\\\/\"]}]},{\"@type\":\"ImageObject\",\"inLanguage\":\"fr-FR\",\"@id\":\"https:\\\/\\\/locsshop.eu\\\/shop\\\/spy-marauder-skibriller-3100000000131-mat-lyseblaa-inkl-2-linser\\\/#primaryimage\",\"url\":\"https:\\\/\\\/locsshop.eu\\\/wp-content\\\/uploads\\\/2025\\\/01\\\/Spy-Happy-blue.jpg\",\"contentUrl\":\"https:\\\/\\\/locsshop.eu\\\/wp-content\\\/uploads\\\/2025\\\/01\\\/Spy-Happy-blue.jpg\",\"width\":800,\"height\":800},{\"@type\":\"BreadcrumbList\",\"@id\":\"https:\\\/\\\/locsshop.eu\\\/shop\\\/spy-marauder-skibriller-3100000000131-mat-lyseblaa-inkl-2-linser\\\/#breadcrumb\",\"itemListElement\":[{\"@type\":\"ListItem\",\"position\":1,\"name\":\"Hjem\",\"item\":\"https:\\\/\\\/locsshop.eu\\\/\"},{\"@type\":\"ListItem\",\"position\":2,\"name\":\"Shop\",\"item\":\"https:\\\/\\\/locsshop.eu\\\/shop\\\/\"},{\"@type\":\"ListItem\",\"position\":3,\"name\":\"Spy+ Marauder skibriller &#8211; 3100000000131 | Mat lysebl\u00e5 &#8211; Inkl. 2 linser\"}]},{\"@type\":\"WebSite\",\"@id\":\"https:\\\/\\\/locsshop.eu\\\/#website\",\"url\":\"https:\\\/\\\/locsshop.eu\\\/\",\"name\":\"Locs Sunglasses - LOCS Supplier in EU\",\"description\":\"We sell cheap LOCS Sunglasses\",\"publisher\":{\"@id\":\"https:\\\/\\\/locsshop.eu\\\/#organization\"},\"potentialAction\":[{\"@type\":\"SearchAction\",\"target\":{\"@type\":\"EntryPoint\",\"urlTemplate\":\"https:\\\/\\\/locsshop.eu\\\/?s={search_term_string}\"},\"query-input\":{\"@type\":\"PropertyValueSpecification\",\"valueRequired\":true,\"valueName\":\"search_term_string\"}}],\"inLanguage\":\"fr-FR\"},{\"@type\":\"Organization\",\"@id\":\"https:\\\/\\\/locsshop.eu\\\/#organization\",\"name\":\"Locsshop.eu\",\"url\":\"https:\\\/\\\/locsshop.eu\\\/\",\"logo\":{\"@type\":\"ImageObject\",\"inLanguage\":\"fr-FR\",\"@id\":\"https:\\\/\\\/locsshop.eu\\\/#\\\/schema\\\/logo\\\/image\\\/\",\"url\":\"https:\\\/\\\/locsshop.eu\\\/wp-content\\\/uploads\\\/2022\\\/02\\\/Locsshop-logo.png\",\"contentUrl\":\"https:\\\/\\\/locsshop.eu\\\/wp-content\\\/uploads\\\/2022\\\/02\\\/Locsshop-logo.png\",\"width\":930,\"height\":200,\"caption\":\"Locsshop.eu\"},\"image\":{\"@id\":\"https:\\\/\\\/locsshop.eu\\\/#\\\/schema\\\/logo\\\/image\\\/\"}}]}<\/script>\n<!-- \/ Yoast SEO plugin. -->","yoast_head_json":{"title":"Masque de ski Spy+ Marauder - 3100000000131 | Bleu clair mat - Incl. 2 lentilles | Achetez en ligne ici | LOC","description":"Acheter masque de ski Spy+ Marauder - 3100000000131 | Bleu clair mat - Incl. 2 lentilles ici | La plus grande s\u00e9lection de lunettes de soleil LOCS de l&#039;UE | Nous exp\u00e9dions depuis l&#039;UE - Pas de frais d&#039;importation suppl\u00e9mentaires","robots":{"index":"index","follow":"follow","max-snippet":"max-snippet:-1","max-image-preview":"max-image-preview:large","max-video-preview":"max-video-preview:-1"},"canonical":"https:\/\/locsshop.eu\/fr\/shop\/spy-marauder-skibriller-3100000000131-mat-lyseblaa-inkl-2-linser\/","og_locale":"fr_FR","og_type":"article","og_title":"Spy+ Marauder skibriller - 3100000000131 | Mat lysebl\u00e5 - Inkl. 2 linser | K\u00f8b online her | LOCS","og_description":"K\u00f8b Spy+ Marauder skibriller - 3100000000131 | Mat lysebl\u00e5 - Inkl. 2 linser her | EU's st\u00f8rste udvalg af LOCS solbriller | Vi sender fra EU - Ingen ekstra import udgifter","og_url":"https:\/\/locsshop.eu\/fr\/shop\/spy-marauder-skibriller-3100000000131-mat-lyseblaa-inkl-2-linser\/","og_site_name":"Locs Sunglasses - LOCS Supplier in EU","article_modified_time":"2025-04-13T05:18:01+00:00","og_image":[{"width":800,"height":800,"url":"https:\/\/locsshop.eu\/wp-content\/uploads\/2025\/01\/Spy-Happy-blue.jpg","type":"image\/jpeg"}],"twitter_card":"summary_large_image","twitter_misc":{"Dur\u00e9e de lecture estim\u00e9e":"3 minutes"},"schema":{"@context":"https:\/\/schema.org","@graph":[{"@type":"WebPage","@id":"https:\/\/locsshop.eu\/shop\/spy-marauder-skibriller-3100000000131-mat-lyseblaa-inkl-2-linser\/","url":"https:\/\/locsshop.eu\/shop\/spy-marauder-skibriller-3100000000131-mat-lyseblaa-inkl-2-linser\/","name":"Masque de ski Spy+ Marauder - 3100000000131 | Bleu clair mat - Incl. 2 lentilles | Achetez en ligne ici | LOC","isPartOf":{"@id":"https:\/\/locsshop.eu\/#website"},"primaryImageOfPage":{"@id":"https:\/\/locsshop.eu\/shop\/spy-marauder-skibriller-3100000000131-mat-lyseblaa-inkl-2-linser\/#primaryimage"},"image":{"@id":"https:\/\/locsshop.eu\/shop\/spy-marauder-skibriller-3100000000131-mat-lyseblaa-inkl-2-linser\/#primaryimage"},"thumbnailUrl":"https:\/\/locsshop.eu\/wp-content\/uploads\/2025\/01\/Spy-Happy-blue.jpg","datePublished":"2025-01-16T20:25:46+00:00","dateModified":"2025-04-13T05:18:01+00:00","description":"Acheter masque de ski Spy+ Marauder - 3100000000131 | Bleu clair mat - Incl. 2 lentilles ici | La plus grande s\u00e9lection de lunettes de soleil LOCS de l&#039;UE | Nous exp\u00e9dions depuis l&#039;UE - Pas de frais d&#039;importation suppl\u00e9mentaires","breadcrumb":{"@id":"https:\/\/locsshop.eu\/shop\/spy-marauder-skibriller-3100000000131-mat-lyseblaa-inkl-2-linser\/#breadcrumb"},"inLanguage":"fr-FR","potentialAction":[{"@type":"ReadAction","target":["https:\/\/locsshop.eu\/shop\/spy-marauder-skibriller-3100000000131-mat-lyseblaa-inkl-2-linser\/"]}]},{"@type":"ImageObject","inLanguage":"fr-FR","@id":"https:\/\/locsshop.eu\/shop\/spy-marauder-skibriller-3100000000131-mat-lyseblaa-inkl-2-linser\/#primaryimage","url":"https:\/\/locsshop.eu\/wp-content\/uploads\/2025\/01\/Spy-Happy-blue.jpg","contentUrl":"https:\/\/locsshop.eu\/wp-content\/uploads\/2025\/01\/Spy-Happy-blue.jpg","width":800,"height":800},{"@type":"BreadcrumbList","@id":"https:\/\/locsshop.eu\/shop\/spy-marauder-skibriller-3100000000131-mat-lyseblaa-inkl-2-linser\/#breadcrumb","itemListElement":[{"@type":"ListItem","position":1,"name":"Hjem","item":"https:\/\/locsshop.eu\/"},{"@type":"ListItem","position":2,"name":"Shop","item":"https:\/\/locsshop.eu\/shop\/"},{"@type":"ListItem","position":3,"name":"Spy+ Marauder skibriller &#8211; 3100000000131 | Mat lysebl\u00e5 &#8211; Inkl. 2 linser"}]},{"@type":"WebSite","@id":"https:\/\/locsshop.eu\/#website","url":"https:\/\/locsshop.eu\/","name":"Lunettes de soleil Locs - Fournisseur LOCS dans l&#039;UE","description":"Nous vendons des lunettes de soleil LOCS bon march\u00e9","publisher":{"@id":"https:\/\/locsshop.eu\/#organization"},"potentialAction":[{"@type":"SearchAction","target":{"@type":"EntryPoint","urlTemplate":"https:\/\/locsshop.eu\/?s={search_term_string}"},"query-input":{"@type":"PropertyValueSpecification","valueRequired":true,"valueName":"search_term_string"}}],"inLanguage":"fr-FR"},{"@type":"Organization","@id":"https:\/\/locsshop.eu\/#organization","name":"Locsshop.eu","url":"https:\/\/locsshop.eu\/","logo":{"@type":"ImageObject","inLanguage":"fr-FR","@id":"https:\/\/locsshop.eu\/#\/schema\/logo\/image\/","url":"https:\/\/locsshop.eu\/wp-content\/uploads\/2022\/02\/Locsshop-logo.png","contentUrl":"https:\/\/locsshop.eu\/wp-content\/uploads\/2022\/02\/Locsshop-logo.png","width":930,"height":200,"caption":"Locsshop.eu"},"image":{"@id":"https:\/\/locsshop.eu\/#\/schema\/logo\/image\/"}}]}},"_links":{"self":[{"href":"https:\/\/locsshop.eu\/fr\/wp-json\/wp\/v2\/product\/13618","targetHints":{"allow":["GET"]}}],"collection":[{"href":"https:\/\/locsshop.eu\/fr\/wp-json\/wp\/v2\/product"}],"about":[{"href":"https:\/\/locsshop.eu\/fr\/wp-json\/wp\/v2\/types\/product"}],"replies":[{"embeddable":true,"href":"https:\/\/locsshop.eu\/fr\/wp-json\/wp\/v2\/comments?post=13618"}],"wp:featuredmedia":[{"embeddable":true,"href":"https:\/\/locsshop.eu\/fr\/wp-json\/wp\/v2\/media\/13614"}],"wp:attachment":[{"href":"https:\/\/locsshop.eu\/fr\/wp-json\/wp\/v2\/media?parent=13618"}],"wp:term":[{"taxonomy":"product_brand","embeddable":true,"href":"https:\/\/locsshop.eu\/fr\/wp-json\/wp\/v2\/product_brand?post=13618"},{"taxonomy":"product_cat","embeddable":true,"href":"https:\/\/locsshop.eu\/fr\/wp-json\/wp\/v2\/product_cat?post=13618"},{"taxonomy":"product_tag","embeddable":true,"href":"https:\/\/locsshop.eu\/fr\/wp-json\/wp\/v2\/product_tag?post=13618"}],"curies":[{"name":"wp","href":"https:\/\/api.w.org\/{rel}","templated":true}]}}