{"id":13636,"date":"2025-01-17T00:05:51","date_gmt":"2025-01-16T23:05:51","guid":{"rendered":"https:\/\/locsshop.eu\/shop\/moncler-skibriller-ml0130-91x-89-mat-moerkeblaaog-blank-roed\/"},"modified":"2025-04-13T07:13:29","modified_gmt":"2025-04-13T05:13:29","slug":"moncler-skibriller-ml0130-91x-89-mat-moerkeblaaog-blank-roed","status":"publish","type":"product","link":"https:\/\/locsshop.eu\/fr\/shop\/moncler-skibriller-ml0130-91x-89-mat-moerkeblaaog-blank-roed\/","title":{"rendered":"Lunettes de ski Moncler \u2013 ML0130 91X 89 | Bleu fonc\u00e9 mat et rouge brillant"},"content":{"rendered":"<h2><strong>Lunettes de ski Moncler \u2013 ML0130 91X 89 | Bleu fonc\u00e9 mat et rouge brillant avec reflet orange.<br \/>\nIncl. joli sac \u00e9tui Moncler.<\/strong><\/h2>\n<h1><strong><br \/>\nD\u00e9tails des lunettes de ski<\/strong><\/h1>\n<ul>\n<li style=\"list-style-type: none\">\n<ul>\n<li><strong>Des lunettes de ski super cool de Moncler<\/strong>. Les lentilles sont <strong>verres de cat\u00e9gorie 3.<\/strong> Les verres sombres garantissent que vous n&#039;\u00eates pas aveugl\u00e9 par une lumi\u00e8re forte. Les lentilles de cat\u00e9gorie 3 filtrent 80-90% la lumi\u00e8re incidente<\/li>\n<li>Les lunettes de ski offrent <strong>Protection UV 100%.<\/strong><\/li>\n<li><strong>Joli sac \u00e9tui Moncler inclus,<\/strong> afin que vous puissiez ranger les lunettes de ski en douceur.<\/li>\n<li><strong>Moncler<\/strong>\u00a0le syst\u00e8me de ventilation offre une respirabilit\u00e9 optimale.<\/li>\n<li><b>Anti-bu\u00e9e <\/b>ce qui r\u00e9duit la condensation pendant l&#039;utilisation.<\/li>\n<li><strong>Unisexe<\/strong> mod\u00e8le qui convient aussi bien aux hommes qu&#039;aux femmes.<\/li>\n<li><strong>Produit en Italie.<\/strong><\/li>\n<li>Nous <strong>garanties<\/strong> que nos lunettes de ski sont <strong>100% authentique<\/strong>, achet\u00e9 aupr\u00e8s de notre fournisseur de confiance dans l&#039;UE.<\/li>\n<\/ul>\n<\/li>\n<\/ul>\n<h3><img loading=\"lazy\" decoding=\"async\" class=\"size-full wp-image-14882 aligncenter\" src=\"https:\/\/bazarsalg.dk\/wp-content\/uploads\/mocler-logo.png\" alt=\"\" width=\"300\" height=\"168\" \/><\/h3>\n<h3>\n___________________________________________________________________________________________________________________________________________<\/h3>\n<p>&nbsp;<\/p>\n<h3>Pourquoi devriez-vous utiliser des lunettes de ski \u2013 et pourquoi nous sommes le meilleur endroit pour acheter<\/h3>\n<p>Lorsque vous d\u00e9valez les pistes, il est important de prot\u00e9ger vos yeux du vent, de la neige et des rayons UV intenses r\u00e9fl\u00e9chis par la neige. Les lunettes de ski ne sont pas seulement un accessoire \u00e9l\u00e9gant : elles sont une n\u00e9cessit\u00e9 pour tout skieur et snowboarder. Mais pourquoi les lunettes de ski sont-elles si importantes et pourquoi devriez-vous nous choisir pour votre prochain achat ?<\/p>\n<h3><\/h3>\n<p>&nbsp;<\/p>\n<h3>L&#039;importance des lunettes de ski<\/h3>\n<ol>\n<li><strong>Prot\u00e8ge contre les rayons UV nocifs\u00a0:<\/strong> La neige r\u00e9fl\u00e9chit jusqu&#039;\u00e0 80% des rayons UV du soleil, ce qui peut entra\u00eener la c\u00e9cit\u00e9 des neiges. Les lunettes de ski avec protection UV \u00e9vitent cela et prot\u00e8gent efficacement vos yeux.<\/li>\n<li><strong>Am\u00e9liore la visibilit\u00e9\u00a0:<\/strong> Avec le bon jeu de lunettes de ski, vous obtenez un meilleur contraste et une meilleure clart\u00e9, m\u00eame dans des conditions m\u00e9t\u00e9orologiques difficiles telles que le brouillard ou la neige abondante. Cela am\u00e9liore votre s\u00e9curit\u00e9 sur les pistes.<\/li>\n<li><strong>\u00c9crans contre le vent et la neige\u00a0:<\/strong> Sans lunettes de ski, l&#039;air froid et la neige peuvent irriter vos yeux et rendre la vision difficile. Les lunettes de ski gardent vos yeux au chaud et au sec.<\/li>\n<li><strong>R\u00e9duit les reflets de la neige : <\/strong>Quand le soleil brille, il coupe les yeux. Lorsqu&#039;il y a de la neige, cela devient encore plus probl\u00e9matique car le soleil intensifie l&#039;\u00e9blouissement et ici l&#039;importance des lunettes de ski est tr\u00e8s grande, car elles garantissent que vos yeux ont une vue agr\u00e9able et qu&#039;elles ne vous coupent pas les yeux.<\/li>\n<\/ol>\n<p>&nbsp;<\/p>\n<h3>Pourquoi nous choisir ?<\/h3>\n<p>Avec <strong>nous<\/strong> vous trouverez un large choix de lunettes de ski de haute qualit\u00e9 \u00e0 des prix qui ne casseront pas le budget. Nous proposons des masques de ski dot\u00e9s des derni\u00e8res technologies, notamment un rev\u00eatement anti-bu\u00e9e et des sangles r\u00e9glables pour un confort optimal.<\/p>\n<ul>\n<li><strong>Qualit\u00e9 \u00e0 des prix abordables\u00a0:<\/strong> Nous s\u00e9lectionnons soigneusement notre gamme pour garantir que vous obtenez la meilleure qualit\u00e9 au prix le plus bas.<\/li>\n<li><strong>Livraison rapide\u00a0:<\/strong> Lorsque vous commandez chez nous, vous pouvez vous attendre \u00e0 une livraison rapide, vous serez donc pr\u00eat pour les pistes en un rien de temps.<\/li>\n<li><strong>Excellent service client\u00a0:<\/strong> Notre \u00e9quipe d\u00e9vou\u00e9e est toujours pr\u00eate \u00e0 vous aider \u00e0 trouver les lunettes de ski parfaites.<\/li>\n<\/ul>\n<p>Que vous soyez un skieur exp\u00e9riment\u00e9 ou un nouveau venu sur les pistes, ayez <strong>nous<\/strong> la paire de lunettes de ski parfaite pour vous. Prot\u00e9gez vos yeux et profitez de l&#039;aventure hivernale avec vos nouvelles lunettes de ski.<\/p>","protected":false},"excerpt":{"rendered":"<ul>\n<li>Avec large sangle \u00e9lastique r\u00e9glable<\/li>\n<li>Pour le ski et le snowboard<\/li>\n<li>Incl. sac \u00e9tui Moncler<\/li>\n<li>Objectifs de cat\u00e9gorie 3<\/li>\n<li>Reflex orange<br \/>\n<img loading=\"lazy\" decoding=\"async\" class=\"alignnone wp-image-14882 size-thumbnail\" src=\"https:\/\/bazarsalg.dk\/wp-content\/uploads\/mocler-logo-280x168.png\" alt=\"\" width=\"280\" height=\"168\" \/><\/li>\n<\/ul>","protected":false},"featured_media":13626,"comment_status":"open","ping_status":"closed","template":"","meta":{"om_disable_all_campaigns":false,"_monsterinsights_skip_tracking":false,"_monsterinsights_sitenote_active":false,"_monsterinsights_sitenote_note":"","_monsterinsights_sitenote_category":0},"product_brand":[],"product_cat":[1560],"product_tag":[1582,1559],"class_list":{"0":"post-13636","1":"product","2":"type-product","3":"status-publish","4":"has-post-thumbnail","6":"product_cat-skibriller","7":"product_tag-moncler","8":"product_tag-skibriller","10":"first","11":"instock","12":"sale","13":"purchasable","14":"product-type-simple"},"yoast_head":"<!-- This site is optimized with the Yoast SEO plugin v27.5 - https:\/\/yoast.com\/product\/yoast-seo-wordpress\/ -->\n<title>Moncler skibriller - ML0130 91X 89 | Mat M\u00f8rkebl\u00e5 og blank r\u00f8d | K\u00f8b online her | LOCS<\/title>\n<meta name=\"description\" content=\"K\u00f8b Moncler skibriller - ML0130 91X 89 | Mat M\u00f8rkebl\u00e5 og blank r\u00f8d her | EU&#039;s st\u00f8rste udvalg af LOCS solbriller | Vi sender fra EU - Ingen ekstra import udgifter\" \/>\n<meta name=\"robots\" content=\"index, follow, max-snippet:-1, max-image-preview:large, max-video-preview:-1\" \/>\n<link rel=\"canonical\" href=\"https:\/\/locsshop.eu\/fr\/shop\/moncler-skibriller-ml0130-91x-89-mat-moerkeblaaog-blank-roed\/\" \/>\n<meta property=\"og:locale\" content=\"fr_FR\" \/>\n<meta property=\"og:type\" content=\"article\" \/>\n<meta property=\"og:title\" content=\"Moncler skibriller - ML0130 91X 89 | Mat M\u00f8rkebl\u00e5 og blank r\u00f8d | K\u00f8b online her | LOCS\" \/>\n<meta property=\"og:description\" content=\"K\u00f8b Moncler skibriller - ML0130 91X 89 | Mat M\u00f8rkebl\u00e5 og blank r\u00f8d her | EU&#039;s st\u00f8rste udvalg af LOCS solbriller | Vi sender fra EU - Ingen ekstra import udgifter\" \/>\n<meta property=\"og:url\" content=\"https:\/\/locsshop.eu\/fr\/shop\/moncler-skibriller-ml0130-91x-89-mat-moerkeblaaog-blank-roed\/\" \/>\n<meta property=\"og:site_name\" content=\"Locs Sunglasses - LOCS Supplier in EU\" \/>\n<meta property=\"article:modified_time\" content=\"2025-04-13T05:13:29+00:00\" \/>\n<meta property=\"og:image\" content=\"https:\/\/locsshop.eu\/wp-content\/uploads\/2025\/01\/logo-jacquard-strap-ski-goggles.jpg\" \/>\n\t<meta property=\"og:image:width\" content=\"800\" \/>\n\t<meta property=\"og:image:height\" content=\"800\" \/>\n\t<meta property=\"og:image:type\" content=\"image\/jpeg\" \/>\n<meta name=\"twitter:card\" content=\"summary_large_image\" \/>\n<meta name=\"twitter:label1\" content=\"Dur\u00e9e de lecture estim\u00e9e\" \/>\n\t<meta name=\"twitter:data1\" content=\"2 minutes\" \/>\n<script type=\"application\/ld+json\" class=\"yoast-schema-graph\">{\"@context\":\"https:\\\/\\\/schema.org\",\"@graph\":[{\"@type\":\"WebPage\",\"@id\":\"https:\\\/\\\/locsshop.eu\\\/shop\\\/moncler-skibriller-ml0130-91x-89-mat-moerkeblaaog-blank-roed\\\/\",\"url\":\"https:\\\/\\\/locsshop.eu\\\/shop\\\/moncler-skibriller-ml0130-91x-89-mat-moerkeblaaog-blank-roed\\\/\",\"name\":\"Moncler skibriller - ML0130 91X 89 | Mat M\u00f8rkebl\u00e5 og blank r\u00f8d | K\u00f8b online her | LOCS\",\"isPartOf\":{\"@id\":\"https:\\\/\\\/locsshop.eu\\\/#website\"},\"primaryImageOfPage\":{\"@id\":\"https:\\\/\\\/locsshop.eu\\\/shop\\\/moncler-skibriller-ml0130-91x-89-mat-moerkeblaaog-blank-roed\\\/#primaryimage\"},\"image\":{\"@id\":\"https:\\\/\\\/locsshop.eu\\\/shop\\\/moncler-skibriller-ml0130-91x-89-mat-moerkeblaaog-blank-roed\\\/#primaryimage\"},\"thumbnailUrl\":\"https:\\\/\\\/locsshop.eu\\\/wp-content\\\/uploads\\\/2025\\\/01\\\/logo-jacquard-strap-ski-goggles.jpg\",\"datePublished\":\"2025-01-16T23:05:51+00:00\",\"dateModified\":\"2025-04-13T05:13:29+00:00\",\"description\":\"K\u00f8b Moncler skibriller - ML0130 91X 89 | Mat M\u00f8rkebl\u00e5 og blank r\u00f8d her | EU's st\u00f8rste udvalg af LOCS solbriller | Vi sender fra EU - Ingen ekstra import udgifter\",\"breadcrumb\":{\"@id\":\"https:\\\/\\\/locsshop.eu\\\/shop\\\/moncler-skibriller-ml0130-91x-89-mat-moerkeblaaog-blank-roed\\\/#breadcrumb\"},\"inLanguage\":\"fr-FR\",\"potentialAction\":[{\"@type\":\"ReadAction\",\"target\":[\"https:\\\/\\\/locsshop.eu\\\/shop\\\/moncler-skibriller-ml0130-91x-89-mat-moerkeblaaog-blank-roed\\\/\"]}]},{\"@type\":\"ImageObject\",\"inLanguage\":\"fr-FR\",\"@id\":\"https:\\\/\\\/locsshop.eu\\\/shop\\\/moncler-skibriller-ml0130-91x-89-mat-moerkeblaaog-blank-roed\\\/#primaryimage\",\"url\":\"https:\\\/\\\/locsshop.eu\\\/wp-content\\\/uploads\\\/2025\\\/01\\\/logo-jacquard-strap-ski-goggles.jpg\",\"contentUrl\":\"https:\\\/\\\/locsshop.eu\\\/wp-content\\\/uploads\\\/2025\\\/01\\\/logo-jacquard-strap-ski-goggles.jpg\",\"width\":800,\"height\":800},{\"@type\":\"BreadcrumbList\",\"@id\":\"https:\\\/\\\/locsshop.eu\\\/shop\\\/moncler-skibriller-ml0130-91x-89-mat-moerkeblaaog-blank-roed\\\/#breadcrumb\",\"itemListElement\":[{\"@type\":\"ListItem\",\"position\":1,\"name\":\"Hjem\",\"item\":\"https:\\\/\\\/locsshop.eu\\\/\"},{\"@type\":\"ListItem\",\"position\":2,\"name\":\"Shop\",\"item\":\"https:\\\/\\\/locsshop.eu\\\/shop\\\/\"},{\"@type\":\"ListItem\",\"position\":3,\"name\":\"Moncler skibriller &#8211; ML0130 91X 89 | Mat M\u00f8rkebl\u00e5 og blank r\u00f8d\"}]},{\"@type\":\"WebSite\",\"@id\":\"https:\\\/\\\/locsshop.eu\\\/#website\",\"url\":\"https:\\\/\\\/locsshop.eu\\\/\",\"name\":\"Locs Sunglasses - LOCS Supplier in EU\",\"description\":\"We sell cheap LOCS Sunglasses\",\"publisher\":{\"@id\":\"https:\\\/\\\/locsshop.eu\\\/#organization\"},\"potentialAction\":[{\"@type\":\"SearchAction\",\"target\":{\"@type\":\"EntryPoint\",\"urlTemplate\":\"https:\\\/\\\/locsshop.eu\\\/?s={search_term_string}\"},\"query-input\":{\"@type\":\"PropertyValueSpecification\",\"valueRequired\":true,\"valueName\":\"search_term_string\"}}],\"inLanguage\":\"fr-FR\"},{\"@type\":\"Organization\",\"@id\":\"https:\\\/\\\/locsshop.eu\\\/#organization\",\"name\":\"Locsshop.eu\",\"url\":\"https:\\\/\\\/locsshop.eu\\\/\",\"logo\":{\"@type\":\"ImageObject\",\"inLanguage\":\"fr-FR\",\"@id\":\"https:\\\/\\\/locsshop.eu\\\/#\\\/schema\\\/logo\\\/image\\\/\",\"url\":\"https:\\\/\\\/locsshop.eu\\\/wp-content\\\/uploads\\\/2022\\\/02\\\/Locsshop-logo.png\",\"contentUrl\":\"https:\\\/\\\/locsshop.eu\\\/wp-content\\\/uploads\\\/2022\\\/02\\\/Locsshop-logo.png\",\"width\":930,\"height\":200,\"caption\":\"Locsshop.eu\"},\"image\":{\"@id\":\"https:\\\/\\\/locsshop.eu\\\/#\\\/schema\\\/logo\\\/image\\\/\"}}]}<\/script>\n<!-- \/ Yoast SEO plugin. -->","yoast_head_json":{"title":"Lunettes de ski Moncler - ML0130 91X 89 | Bleu fonc\u00e9 mat et rouge brillant | Achetez en ligne ici | LOC","description":"Acheter des lunettes de ski Moncler - ML0130 91X 89 | Bleu fonc\u00e9 mat et rouge brillant ici | La plus grande s\u00e9lection de lunettes de soleil LOCS de l&#039;UE | Nous exp\u00e9dions depuis l&#039;UE - Pas de frais d&#039;importation suppl\u00e9mentaires","robots":{"index":"index","follow":"follow","max-snippet":"max-snippet:-1","max-image-preview":"max-image-preview:large","max-video-preview":"max-video-preview:-1"},"canonical":"https:\/\/locsshop.eu\/fr\/shop\/moncler-skibriller-ml0130-91x-89-mat-moerkeblaaog-blank-roed\/","og_locale":"fr_FR","og_type":"article","og_title":"Moncler skibriller - ML0130 91X 89 | Mat M\u00f8rkebl\u00e5 og blank r\u00f8d | K\u00f8b online her | LOCS","og_description":"K\u00f8b Moncler skibriller - ML0130 91X 89 | Mat M\u00f8rkebl\u00e5 og blank r\u00f8d her | EU's st\u00f8rste udvalg af LOCS solbriller | Vi sender fra EU - Ingen ekstra import udgifter","og_url":"https:\/\/locsshop.eu\/fr\/shop\/moncler-skibriller-ml0130-91x-89-mat-moerkeblaaog-blank-roed\/","og_site_name":"Locs Sunglasses - LOCS Supplier in EU","article_modified_time":"2025-04-13T05:13:29+00:00","og_image":[{"width":800,"height":800,"url":"https:\/\/locsshop.eu\/wp-content\/uploads\/2025\/01\/logo-jacquard-strap-ski-goggles.jpg","type":"image\/jpeg"}],"twitter_card":"summary_large_image","twitter_misc":{"Dur\u00e9e de lecture estim\u00e9e":"2 minutes"},"schema":{"@context":"https:\/\/schema.org","@graph":[{"@type":"WebPage","@id":"https:\/\/locsshop.eu\/shop\/moncler-skibriller-ml0130-91x-89-mat-moerkeblaaog-blank-roed\/","url":"https:\/\/locsshop.eu\/shop\/moncler-skibriller-ml0130-91x-89-mat-moerkeblaaog-blank-roed\/","name":"Lunettes de ski Moncler - ML0130 91X 89 | Bleu fonc\u00e9 mat et rouge brillant | Achetez en ligne ici | LOC","isPartOf":{"@id":"https:\/\/locsshop.eu\/#website"},"primaryImageOfPage":{"@id":"https:\/\/locsshop.eu\/shop\/moncler-skibriller-ml0130-91x-89-mat-moerkeblaaog-blank-roed\/#primaryimage"},"image":{"@id":"https:\/\/locsshop.eu\/shop\/moncler-skibriller-ml0130-91x-89-mat-moerkeblaaog-blank-roed\/#primaryimage"},"thumbnailUrl":"https:\/\/locsshop.eu\/wp-content\/uploads\/2025\/01\/logo-jacquard-strap-ski-goggles.jpg","datePublished":"2025-01-16T23:05:51+00:00","dateModified":"2025-04-13T05:13:29+00:00","description":"Acheter des lunettes de ski Moncler - ML0130 91X 89 | Bleu fonc\u00e9 mat et rouge brillant ici | La plus grande s\u00e9lection de lunettes de soleil LOCS de l&#039;UE | Nous exp\u00e9dions depuis l&#039;UE - Pas de frais d&#039;importation suppl\u00e9mentaires","breadcrumb":{"@id":"https:\/\/locsshop.eu\/shop\/moncler-skibriller-ml0130-91x-89-mat-moerkeblaaog-blank-roed\/#breadcrumb"},"inLanguage":"fr-FR","potentialAction":[{"@type":"ReadAction","target":["https:\/\/locsshop.eu\/shop\/moncler-skibriller-ml0130-91x-89-mat-moerkeblaaog-blank-roed\/"]}]},{"@type":"ImageObject","inLanguage":"fr-FR","@id":"https:\/\/locsshop.eu\/shop\/moncler-skibriller-ml0130-91x-89-mat-moerkeblaaog-blank-roed\/#primaryimage","url":"https:\/\/locsshop.eu\/wp-content\/uploads\/2025\/01\/logo-jacquard-strap-ski-goggles.jpg","contentUrl":"https:\/\/locsshop.eu\/wp-content\/uploads\/2025\/01\/logo-jacquard-strap-ski-goggles.jpg","width":800,"height":800},{"@type":"BreadcrumbList","@id":"https:\/\/locsshop.eu\/shop\/moncler-skibriller-ml0130-91x-89-mat-moerkeblaaog-blank-roed\/#breadcrumb","itemListElement":[{"@type":"ListItem","position":1,"name":"Hjem","item":"https:\/\/locsshop.eu\/"},{"@type":"ListItem","position":2,"name":"Shop","item":"https:\/\/locsshop.eu\/shop\/"},{"@type":"ListItem","position":3,"name":"Moncler skibriller &#8211; ML0130 91X 89 | Mat M\u00f8rkebl\u00e5 og blank r\u00f8d"}]},{"@type":"WebSite","@id":"https:\/\/locsshop.eu\/#website","url":"https:\/\/locsshop.eu\/","name":"Lunettes de soleil Locs - Fournisseur LOCS dans l&#039;UE","description":"Nous vendons des lunettes de soleil LOCS bon march\u00e9","publisher":{"@id":"https:\/\/locsshop.eu\/#organization"},"potentialAction":[{"@type":"SearchAction","target":{"@type":"EntryPoint","urlTemplate":"https:\/\/locsshop.eu\/?s={search_term_string}"},"query-input":{"@type":"PropertyValueSpecification","valueRequired":true,"valueName":"search_term_string"}}],"inLanguage":"fr-FR"},{"@type":"Organization","@id":"https:\/\/locsshop.eu\/#organization","name":"Locsshop.eu","url":"https:\/\/locsshop.eu\/","logo":{"@type":"ImageObject","inLanguage":"fr-FR","@id":"https:\/\/locsshop.eu\/#\/schema\/logo\/image\/","url":"https:\/\/locsshop.eu\/wp-content\/uploads\/2022\/02\/Locsshop-logo.png","contentUrl":"https:\/\/locsshop.eu\/wp-content\/uploads\/2022\/02\/Locsshop-logo.png","width":930,"height":200,"caption":"Locsshop.eu"},"image":{"@id":"https:\/\/locsshop.eu\/#\/schema\/logo\/image\/"}}]}},"_links":{"self":[{"href":"https:\/\/locsshop.eu\/fr\/wp-json\/wp\/v2\/product\/13636","targetHints":{"allow":["GET"]}}],"collection":[{"href":"https:\/\/locsshop.eu\/fr\/wp-json\/wp\/v2\/product"}],"about":[{"href":"https:\/\/locsshop.eu\/fr\/wp-json\/wp\/v2\/types\/product"}],"replies":[{"embeddable":true,"href":"https:\/\/locsshop.eu\/fr\/wp-json\/wp\/v2\/comments?post=13636"}],"wp:featuredmedia":[{"embeddable":true,"href":"https:\/\/locsshop.eu\/fr\/wp-json\/wp\/v2\/media\/13626"}],"wp:attachment":[{"href":"https:\/\/locsshop.eu\/fr\/wp-json\/wp\/v2\/media?parent=13636"}],"wp:term":[{"taxonomy":"product_brand","embeddable":true,"href":"https:\/\/locsshop.eu\/fr\/wp-json\/wp\/v2\/product_brand?post=13636"},{"taxonomy":"product_cat","embeddable":true,"href":"https:\/\/locsshop.eu\/fr\/wp-json\/wp\/v2\/product_cat?post=13636"},{"taxonomy":"product_tag","embeddable":true,"href":"https:\/\/locsshop.eu\/fr\/wp-json\/wp\/v2\/product_tag?post=13636"}],"curies":[{"name":"wp","href":"https:\/\/api.w.org\/{rel}","templated":true}]}}