{"id":13692,"date":"2025-01-27T17:06:07","date_gmt":"2025-01-27T16:06:07","guid":{"rendered":"https:\/\/locsshop.eu\/shop\/upcycled-indiske-silkebukser-med-lommer-model-16\/"},"modified":"2025-05-08T08:03:45","modified_gmt":"2025-05-08T06:03:45","slug":"upcycled-indiske-silkebukser-med-lommer-model-16","status":"publish","type":"product","link":"https:\/\/locsshop.eu\/fr\/shop\/upcycled-indiske-silkebukser-med-lommer-model-16\/","title":{"rendered":"Pantalon en soie indienne upcycl\u00e9e avec poches \u2013 Mod\u00e8le 16"},"content":{"rendered":"<h2><strong>Sarouel en soie recycl\u00e9 \u2013 Des saris de mariage indiens aux cr\u00e9ations uniques<\/strong><\/h2>\n<p>Donnez \u00e0 votre garde-robe une touche d&#039;histoire, de durabilit\u00e9 et de luxe avec notre sarouel en soie recycl\u00e9e. Ce magnifique pantalon est cousu \u00e0 partir de saris de mariage indiens recycl\u00e9s qui faisaient autrefois partie des grandes c\u00e9l\u00e9brations. Chaque sari porte une histoire de tradition et de culture, rendant chaque pantalon vraiment unique.<\/p>\n<p>La soie douce et l\u00e9g\u00e8re drape magnifiquement et offre une coupe \u00e9l\u00e9gante mais d\u00e9contract\u00e9e. Le pantalon est con\u00e7u dans un souci de confort et poss\u00e8de des poches pratiques, il est donc \u00e0 la fois \u00e9l\u00e9gant et fonctionnel. Comme les mat\u00e9riaux sont recycl\u00e9s, il peut y avoir de petites imperfections ou variations dans le tissu \u2013 celles-ci t\u00e9moignent simplement de la vie ant\u00e9rieure des saris et contribuent \u00e0 leur charme particulier.<\/p>\n<p>En choisissant ce pantalon, vous investissez non seulement dans une beaut\u00e9 intemporelle, mais aussi dans un avenir plus durable, o\u00f9 les mat\u00e9riaux existants retrouveront une nouvelle vie au lieu d&#039;\u00eatre gaspill\u00e9s. Chaque paire est un hommage \u00e0 l&#039;artisanat indien, au recyclage et \u00e0 la slow fashion.<\/p>\n<p>Rendez votre tenue \u00e0 la fois unique et significative avec notre sarouel en soie upcycl\u00e9e \u2013 une combinaison d&#039;histoire, d&#039;\u00e9l\u00e9gance et de mode responsable.<\/p>\n<p>&nbsp;<\/p>\n<h3><strong>Taille:<\/strong><\/h3>\n<p><strong>TAILLE UNIQUE<\/strong> (Convient aux personnes qui utilisent la taille 36-44) car ils sont amples et l&#039;\u00e9lastique \u00e0 la taille peut \u00eatre consid\u00e9rablement \u00e9largi.<\/p>\n<p>&nbsp;<\/p>\n<h3><strong>Description du mat\u00e9riel :<\/strong><\/h3>\n<p>\u00c9tant donn\u00e9 que le pantalon est upcycl\u00e9 et fabriqu\u00e9 \u00e0 partir de textiles recycl\u00e9s, il peut y avoir de petits \u00ab points de beaut\u00e9\/d\u00e9fauts \u00bb dans le tissu. Ceux-ci t\u00e9moignent des vies pass\u00e9es des saris et contribuent \u00e0 leur singularit\u00e9. Nous ne les consid\u00e9rons pas comme des d\u00e9fauts, mais comme faisant partie de l&#039;histoire et du charme des v\u00eatements.<\/p>\n<p>Les saris \u00e0 partir desquels les pantalons sont fabriqu\u00e9s \u00e9tant recycl\u00e9s, nous ne pouvons garantir la composition exacte du mat\u00e9riau de chaque pantalon. La plupart contiennent de la soie et souvent du 100%, mais peuvent \u00e9galement contenir des fibres synth\u00e9tiques et \u00eatre un m\u00e9lange. Bien que nous pr\u00e9f\u00e9rions \u00e9viter les plastiques, nous pensons toujours que les saris recycl\u00e9s sont un choix durable car le tissu retrouve une nouvelle vie au lieu d&#039;\u00eatre gaspill\u00e9.<\/p>\n<p>Nous n\u2019avons pas la possibilit\u00e9 de faire une analyse mat\u00e9rielle compl\u00e8te de chaque pantalon. Les \u00e9tiquettes trouv\u00e9es \u00e0 l\u2019int\u00e9rieur des v\u00eatements ne sont pas toujours exactes. Il est donc important de comprendre cela et de l&#039;accepter lors de votre achat dans notre boutique en ligne.<\/p>\n<p><img loading=\"lazy\" decoding=\"async\" class=\"wp-image-14921 alignnone\" src=\"https:\/\/bazarsalg.dk\/wp-content\/uploads\/Tree-of-hands-Bagside-Hangtag.jpg\" alt=\"\" width=\"319\" height=\"478\" data-wp-editing=\"1\" \/> <img loading=\"lazy\" decoding=\"async\" class=\"wp-image-14922 alignnone\" src=\"https:\/\/bazarsalg.dk\/wp-content\/uploads\/Tree-of-hands-Forside-Hangtag.jpg\" alt=\"\" width=\"319\" height=\"478\" \/><\/p>\n<h3><strong>Que sont les v\u00eatements et sacs en soie recycl\u00e9e de TREE OF HANDS\u00a0?<\/strong><\/h3>\n<div>L&#039;upcycling consiste \u00e0 donner une nouvelle vie \u00e0 des mat\u00e9riaux qui autrement seraient jet\u00e9s, et \u00e0 cr\u00e9er quelque chose de pr\u00e9cieux et d&#039;intemporel. Notre collection de v\u00eatements en soie recycl\u00e9e utilise des saris qui \u00e9taient auparavant utilis\u00e9s pour les mariages indiens. Ces saris sont faits de soie luxueuse et souvent d\u00e9cor\u00e9s de broderies et de d\u00e9tails complexes qui refl\u00e8tent la culture et l&#039;artisanat indiens. En transformant ces saris en v\u00eatements modernes, nous pr\u00e9servons non seulement les beaux mat\u00e9riaux et le savoir-faire, mais nous leur donnons \u00e9galement une nouvelle fonction et un nouveau style de vie.<\/div>\n<div><\/div>\n<div><strong>Durabilit\u00e9 et tradition en un<\/strong><\/div>\n<div>Chaque sari a sa propre palette de couleurs, sa broderie et sa propre histoire. En recyclant ces saris, nous avons la possibilit\u00e9 de pr\u00e9server le savoir-faire d&#039;origine, tout en cr\u00e9ant des v\u00eatements \u00e0 la fois beaux et durables. Cela signifie que vous pouvez porter un morceau de tradition indienne tout en faisant votre part pour l&#039;environnement en soutenant la r\u00e9utilisation et le recyclage.<\/div>\n<div><\/div>\n<div><strong>\u00c0 quoi pouvez-vous vous attendre ?<\/strong><\/div>\n<div>Lorsque vous achetez des v\u00eatements et des sacs en soie recycl\u00e9e chez <strong>ARBRE DE MAINS<\/strong>, vous n&#039;obtenez pas seulement un v\u00eatement magnifique et exclusif, vous obtenez un morceau d&#039;histoire culturelle. Les v\u00eatements TREE OF HANDS sont cousus par des artisans qualifi\u00e9s qui s\u00e9lectionnent et transforment soigneusement de vieux saris de mariage en robes, pantalons et sacs \u00e9l\u00e9gants. Chaque v\u00eatement est unique et vous pouvez \u00eatre s\u00fbr d&#039;obtenir un v\u00eatement \u00e0 la fois beau et durable.<\/div>\n<div><\/div>\n<div><strong>Avantages des v\u00eatements en soie recycl\u00e9e\u00a0:<\/strong><\/div>\n<div>Designs uniques : Chaque cr\u00e9ation est unique et vous ne trouverez jamais la m\u00eame combinaison de couleurs et de motifs.<\/div>\n<div>Durabilit\u00e9 : En choisissant des v\u00eatements en soie recycl\u00e9e, vous contribuez \u00e0 r\u00e9duire les d\u00e9chets et \u00e0 soutenir des choix de mode respectueux de l&#039;environnement.<\/div>\n<div>Artisanat et tradition : d\u00e9couvrez le riche savoir-faire indien et les d\u00e9tails qui conf\u00e8rent \u00e0 chaque v\u00eatement un charme et une histoire particuliers.<\/div>\n<div>\n<p>Exclusivit\u00e9 : Comme chaque sari est unique, vous obtenez des v\u00eatements et des sacs que l&#039;on ne trouve nulle part ailleurs \u2013 parfaits pour ceux qui veulent se d\u00e9marquer avec quelque chose de sp\u00e9cial.<\/p>\n<p><strong>Cr\u00e9ez votre propre look unique<\/strong><\/p>\n<\/div>\n<div>Les v\u00eatements et sacs en soie recycl\u00e9e sont destin\u00e9s \u00e0 ceux qui veulent porter quelque chose \u00e0 la fois beau et significatif. Que vous recherchiez une robe spectaculaire pour une occasion sp\u00e9ciale ou une tenue \u00e9l\u00e9gante au quotidien, nos v\u00eatements en soie recycl\u00e9e vous offriront une solution belle, exclusive et durable. En choisissant une pi\u00e8ce de la collection TREE OF HANDS, vous obtenez non seulement un beau v\u00eatement ou un sac, mais aussi un morceau de culture et d&#039;histoire en cours de route.<\/div>\n<div><\/div>\n<h3><strong>L&#039;histoire du sari<\/strong><\/h3>\n<p>Un <strong>sari<\/strong> joue un r\u00f4le central dans un mariage indien et symbolise la tradition, l&#039;\u00e9l\u00e9gance et la culture. C&#039;est plus qu&#039;un simple v\u00eatement : il porte des significations historiques, sociales et rituelles, selon la r\u00e9gion et la famille.<\/p>\n<h3><strong>La mari\u00e9e et son Sari<\/strong><\/h3>\n<p>La mari\u00e9e porte souvent un somptueux sari, g\u00e9n\u00e9ralement de couleur rouge ou or fonc\u00e9, car le rouge symbolise l&#039;amour, la chance et la fertilit\u00e9. Le sari est souvent confectionn\u00e9 dans des mati\u00e8res luxueuses comme la soie et d\u00e9cor\u00e9 de broderies, de perles ou de fils d&#039;or. Dans de nombreuses r\u00e9gions, la mari\u00e9e re\u00e7oit le sari comme \u00e9l\u00e9ment du sien <em>trousseau<\/em> (dot) de sa famille et la porte lors des rituels de mariage les plus importants.<\/p>\n<h3><strong>Sari des invit\u00e9s<\/strong><\/h3>\n<p>Les femmes assistant au mariage portent des saris color\u00e9s et orn\u00e9s pour c\u00e9l\u00e9brer l&#039;\u00e9v\u00e9nement. Le choix de la couleur et du motif peut refl\u00e9ter la situation familiale, l&#039;affiliation ou les pr\u00e9f\u00e9rences personnelles. Les proches des mari\u00e9s peuvent coordonner leurs tenues pour montrer leur unit\u00e9.<\/p>\n<h3><strong>Le r\u00f4le du sari dans les rituels<\/strong><\/h3>\n<ul>\n<li>Lors de certains rituels de mariage tels que <em>Kanyadaan<\/em> (o\u00f9 les parents de la mari\u00e9e la donnent symboliquement), un sari peut \u00eatre utilis\u00e9 pour relier les v\u00eatements de la mari\u00e9e et du mari\u00e9, repr\u00e9sentant leur nouvelle vie ensemble.<\/li>\n<li>Dans certaines traditions, la mari\u00e9e re\u00e7oit un sari sp\u00e9cial de la famille du mari\u00e9 dans le cadre de la c\u00e9r\u00e9monie de mariage, marquant ainsi sa transition dans la nouvelle famille.<\/li>\n<li>Apr\u00e8s le mariage, de nombreuses mari\u00e9es gardent leur sari de mariage comme souvenir pr\u00e9cieux ou le r\u00e9utilisent pour des occasions sp\u00e9ciales.<\/li>\n<\/ul>\n<p>Le sari n&#039;est donc pas seulement un beau v\u00eatement, mais aussi un \u00e9l\u00e9ment important de la signification rituelle et \u00e9motionnelle d&#039;un mariage indien.<\/p>\n<p><img loading=\"lazy\" decoding=\"async\" class=\"size-full wp-image-14907 aligncenter\" src=\"https:\/\/bazarsalg.dk\/wp-content\/uploads\/wedding-7333870_640.png\" alt=\"\" width=\"640\" height=\"378\" \/><br \/>\n<strong>\u00a0<\/strong><\/p>\n<p>&nbsp;<\/p>\n<p><strong>\u00a0<\/strong><\/p>\n<table style=\"width: 100%;border-collapse: collapse;border-style: hidden;margin-left: auto;margin-right: auto\" border=\"1\" cellspacing=\"50\" cellpadding=\"20\">\n<caption>\u00a0<\/caption>\n<caption>\u00a0<\/caption>\n<tbody>\n<tr>\n<td style=\"width: 25%;text-align: center\"><img loading=\"lazy\" decoding=\"async\" class=\"alignnone size-full wp-image-14904\" src=\"https:\/\/bazarsalg.dk\/wp-content\/uploads\/india.png\" alt=\"\" width=\"80\" height=\"80\" \/><\/td>\n<td style=\"width: 25%;text-align: center\"><img loading=\"lazy\" decoding=\"async\" class=\"alignnone size-full wp-image-14903\" src=\"https:\/\/bazarsalg.dk\/wp-content\/uploads\/genbrug-logo-80x80-1.png\" alt=\"\" width=\"80\" height=\"80\" \/><\/td>\n<td style=\"width: 25%;text-align: center\"><img loading=\"lazy\" decoding=\"async\" class=\"alignnone size-full wp-image-14908\" src=\"https:\/\/bazarsalg.dk\/wp-content\/uploads\/quality.png\" alt=\"\" width=\"80\" height=\"80\" \/><\/td>\n<\/tr>\n<tr>\n<td style=\"width: 25%;text-align: center\"><strong><span style=\"color: #333333\"><span style=\"color: #333333\">Fabriqu\u00e9 en Inde<\/span><\/span><\/strong><\/p>\n<p>Nos v\u00eatements et sacs en soie sont produits en Inde.<\/td>\n<td style=\"width: 25%;text-align: center\"><strong><span style=\"color: #333333\"><span style=\"color: #333333\">Upcyclage<\/span><\/span><\/strong><\/p>\n<p><span style=\"color: #333333\">En achetant des v\u00eatements recycl\u00e9s, vous soutenez le recyclage et faites une diff\u00e9rence pour l&#039;environnement et notre plan\u00e8te.<\/span><\/td>\n<td style=\"width: 25%;text-align: center\"><strong><span style=\"color: #333333\"><span style=\"color: #333333\">Fabriqu\u00e9 \u00e0 partir de vraie soie<\/span><\/span><\/strong><\/p>\n<p><span style=\"color: #333333\">Il y a jusqu&#039;\u00e0 100% de vraie soie dans nos v\u00eatements et nos sacs. Cependant, le pourcentage ne peut \u00eatre d\u00e9termin\u00e9.<\/span><\/td>\n<\/tr>\n<\/tbody>\n<\/table>","protected":false},"excerpt":{"rendered":"<p><strong>PANTALON UNIQUE - SEULEMENT 1 PCS. EN STOCK<\/strong><\/p>\n<p>TAILLE UNIQUE \u2013 Convient \u00e0 la taille 36-44 environ.<\/p>\n<ul>\n<li><strong>100% textiles recycl\u00e9s.\ud83c\udf43<\/strong><\/li>\n<li><strong>2 poches sur le devant.<\/strong><\/li>\n<li><strong>\u00c9lastique aux chevilles et \u00e0 la taille.<\/strong><\/li>\n<li><strong>Pour hommes et femmes<\/strong><\/li>\n<\/ul>","protected":false},"featured_media":13690,"comment_status":"open","ping_status":"closed","template":"","meta":{"om_disable_all_campaigns":false,"_monsterinsights_skip_tracking":false,"_monsterinsights_sitenote_active":false,"_monsterinsights_sitenote_note":"","_monsterinsights_sitenote_category":0},"product_brand":[],"product_cat":[1584,1550,1583],"product_tag":[1585,1586,1587],"class_list":{"0":"post-13692","1":"product","2":"type-product","3":"status-publish","4":"has-post-thumbnail","6":"product_cat-silkebukser-med-lommer","7":"product_cat-toej-accessories","8":"product_cat-upcycled-silketoej","9":"product_tag-indien","10":"product_tag-lommer","11":"product_tag-silkebukser","13":"first","14":"outofstock","15":"sale","16":"shipping-taxable","17":"purchasable","18":"product-type-simple"},"yoast_head":"<!-- This site is optimized with the Yoast SEO plugin v27.5 - https:\/\/yoast.com\/product\/yoast-seo-wordpress\/ -->\n<title>Upcycled indiske Silkebukser med lommer - Model 16 | K\u00f8b online her | LOCS<\/title>\n<meta name=\"description\" content=\"K\u00f8b Upcycled indiske Silkebukser med lommer - Model 16 her | EU&#039;s st\u00f8rste udvalg af LOCS solbriller | Vi sender fra EU - Ingen ekstra import udgifter\" \/>\n<meta name=\"robots\" content=\"index, follow, max-snippet:-1, max-image-preview:large, max-video-preview:-1\" \/>\n<link rel=\"canonical\" href=\"https:\/\/locsshop.eu\/fr\/shop\/upcycled-indiske-silkebukser-med-lommer-model-16\/\" \/>\n<meta property=\"og:locale\" content=\"fr_FR\" \/>\n<meta property=\"og:type\" content=\"article\" \/>\n<meta property=\"og:title\" content=\"Upcycled indiske Silkebukser med lommer - Model 16 | K\u00f8b online her | LOCS\" \/>\n<meta property=\"og:description\" content=\"K\u00f8b Upcycled indiske Silkebukser med lommer - Model 16 her | EU&#039;s st\u00f8rste udvalg af LOCS solbriller | Vi sender fra EU - Ingen ekstra import udgifter\" \/>\n<meta property=\"og:url\" content=\"https:\/\/locsshop.eu\/fr\/shop\/upcycled-indiske-silkebukser-med-lommer-model-16\/\" \/>\n<meta property=\"og:site_name\" content=\"Locs Sunglasses - LOCS Supplier in EU\" \/>\n<meta property=\"article:modified_time\" content=\"2025-05-08T06:03:45+00:00\" \/>\n<meta property=\"og:image\" content=\"https:\/\/locsshop.eu\/wp-content\/uploads\/2025\/01\/16.jpg\" \/>\n\t<meta property=\"og:image:width\" content=\"800\" \/>\n\t<meta property=\"og:image:height\" content=\"800\" \/>\n\t<meta property=\"og:image:type\" content=\"image\/jpeg\" \/>\n<meta name=\"twitter:card\" content=\"summary_large_image\" \/>\n<meta name=\"twitter:label1\" content=\"Dur\u00e9e de lecture estim\u00e9e\" \/>\n\t<meta name=\"twitter:data1\" content=\"6 minutes\" \/>\n<script type=\"application\/ld+json\" class=\"yoast-schema-graph\">{\"@context\":\"https:\\\/\\\/schema.org\",\"@graph\":[{\"@type\":\"WebPage\",\"@id\":\"https:\\\/\\\/locsshop.eu\\\/shop\\\/upcycled-indiske-silkebukser-med-lommer-model-16\\\/\",\"url\":\"https:\\\/\\\/locsshop.eu\\\/shop\\\/upcycled-indiske-silkebukser-med-lommer-model-16\\\/\",\"name\":\"Upcycled indiske Silkebukser med lommer - Model 16 | K\u00f8b online her | LOCS\",\"isPartOf\":{\"@id\":\"https:\\\/\\\/locsshop.eu\\\/#website\"},\"primaryImageOfPage\":{\"@id\":\"https:\\\/\\\/locsshop.eu\\\/shop\\\/upcycled-indiske-silkebukser-med-lommer-model-16\\\/#primaryimage\"},\"image\":{\"@id\":\"https:\\\/\\\/locsshop.eu\\\/shop\\\/upcycled-indiske-silkebukser-med-lommer-model-16\\\/#primaryimage\"},\"thumbnailUrl\":\"https:\\\/\\\/locsshop.eu\\\/wp-content\\\/uploads\\\/2025\\\/01\\\/16.jpg\",\"datePublished\":\"2025-01-27T16:06:07+00:00\",\"dateModified\":\"2025-05-08T06:03:45+00:00\",\"description\":\"K\u00f8b Upcycled indiske Silkebukser med lommer - Model 16 her | EU's st\u00f8rste udvalg af LOCS solbriller | Vi sender fra EU - Ingen ekstra import udgifter\",\"breadcrumb\":{\"@id\":\"https:\\\/\\\/locsshop.eu\\\/shop\\\/upcycled-indiske-silkebukser-med-lommer-model-16\\\/#breadcrumb\"},\"inLanguage\":\"fr-FR\",\"potentialAction\":[{\"@type\":\"ReadAction\",\"target\":[\"https:\\\/\\\/locsshop.eu\\\/shop\\\/upcycled-indiske-silkebukser-med-lommer-model-16\\\/\"]}]},{\"@type\":\"ImageObject\",\"inLanguage\":\"fr-FR\",\"@id\":\"https:\\\/\\\/locsshop.eu\\\/shop\\\/upcycled-indiske-silkebukser-med-lommer-model-16\\\/#primaryimage\",\"url\":\"https:\\\/\\\/locsshop.eu\\\/wp-content\\\/uploads\\\/2025\\\/01\\\/16.jpg\",\"contentUrl\":\"https:\\\/\\\/locsshop.eu\\\/wp-content\\\/uploads\\\/2025\\\/01\\\/16.jpg\",\"width\":800,\"height\":800},{\"@type\":\"BreadcrumbList\",\"@id\":\"https:\\\/\\\/locsshop.eu\\\/shop\\\/upcycled-indiske-silkebukser-med-lommer-model-16\\\/#breadcrumb\",\"itemListElement\":[{\"@type\":\"ListItem\",\"position\":1,\"name\":\"Hjem\",\"item\":\"https:\\\/\\\/locsshop.eu\\\/\"},{\"@type\":\"ListItem\",\"position\":2,\"name\":\"Shop\",\"item\":\"https:\\\/\\\/locsshop.eu\\\/shop\\\/\"},{\"@type\":\"ListItem\",\"position\":3,\"name\":\"Upcycled indiske Silkebukser med lommer &#8211; Model 16\"}]},{\"@type\":\"WebSite\",\"@id\":\"https:\\\/\\\/locsshop.eu\\\/#website\",\"url\":\"https:\\\/\\\/locsshop.eu\\\/\",\"name\":\"Locs Sunglasses - LOCS Supplier in EU\",\"description\":\"We sell cheap LOCS Sunglasses\",\"publisher\":{\"@id\":\"https:\\\/\\\/locsshop.eu\\\/#organization\"},\"potentialAction\":[{\"@type\":\"SearchAction\",\"target\":{\"@type\":\"EntryPoint\",\"urlTemplate\":\"https:\\\/\\\/locsshop.eu\\\/?s={search_term_string}\"},\"query-input\":{\"@type\":\"PropertyValueSpecification\",\"valueRequired\":true,\"valueName\":\"search_term_string\"}}],\"inLanguage\":\"fr-FR\"},{\"@type\":\"Organization\",\"@id\":\"https:\\\/\\\/locsshop.eu\\\/#organization\",\"name\":\"Locsshop.eu\",\"url\":\"https:\\\/\\\/locsshop.eu\\\/\",\"logo\":{\"@type\":\"ImageObject\",\"inLanguage\":\"fr-FR\",\"@id\":\"https:\\\/\\\/locsshop.eu\\\/#\\\/schema\\\/logo\\\/image\\\/\",\"url\":\"https:\\\/\\\/locsshop.eu\\\/wp-content\\\/uploads\\\/2022\\\/02\\\/Locsshop-logo.png\",\"contentUrl\":\"https:\\\/\\\/locsshop.eu\\\/wp-content\\\/uploads\\\/2022\\\/02\\\/Locsshop-logo.png\",\"width\":930,\"height\":200,\"caption\":\"Locsshop.eu\"},\"image\":{\"@id\":\"https:\\\/\\\/locsshop.eu\\\/#\\\/schema\\\/logo\\\/image\\\/\"}}]}<\/script>\n<!-- \/ Yoast SEO plugin. -->","yoast_head_json":{"title":"Pantalon en soie indienne recycl\u00e9e avec poches - Mod\u00e8le 3 | Achetez en ligne ici | LOC","description":"Achetez ici un pantalon en soie indienne recycl\u00e9e avec poches - Mod\u00e8le 3 | La plus grande s\u00e9lection de lunettes de soleil LOCS de l&#039;UE | Nous exp\u00e9dions depuis l&#039;UE - Pas de frais d&#039;importation suppl\u00e9mentaires","robots":{"index":"index","follow":"follow","max-snippet":"max-snippet:-1","max-image-preview":"max-image-preview:large","max-video-preview":"max-video-preview:-1"},"canonical":"https:\/\/locsshop.eu\/fr\/shop\/upcycled-indiske-silkebukser-med-lommer-model-16\/","og_locale":"fr_FR","og_type":"article","og_title":"Upcycled indiske Silkebukser med lommer - Model 16 | K\u00f8b online her | LOCS","og_description":"K\u00f8b Upcycled indiske Silkebukser med lommer - Model 16 her | EU's st\u00f8rste udvalg af LOCS solbriller | Vi sender fra EU - Ingen ekstra import udgifter","og_url":"https:\/\/locsshop.eu\/fr\/shop\/upcycled-indiske-silkebukser-med-lommer-model-16\/","og_site_name":"Locs Sunglasses - LOCS Supplier in EU","article_modified_time":"2025-05-08T06:03:45+00:00","og_image":[{"width":800,"height":800,"url":"https:\/\/locsshop.eu\/wp-content\/uploads\/2025\/01\/16.jpg","type":"image\/jpeg"}],"twitter_card":"summary_large_image","twitter_misc":{"Dur\u00e9e de lecture estim\u00e9e":"6 minutes"},"schema":{"@context":"https:\/\/schema.org","@graph":[{"@type":"WebPage","@id":"https:\/\/locsshop.eu\/shop\/upcycled-indiske-silkebukser-med-lommer-model-16\/","url":"https:\/\/locsshop.eu\/shop\/upcycled-indiske-silkebukser-med-lommer-model-16\/","name":"Pantalon en soie indienne recycl\u00e9e avec poches - Mod\u00e8le 3 | Achetez en ligne ici | LOC","isPartOf":{"@id":"https:\/\/locsshop.eu\/#website"},"primaryImageOfPage":{"@id":"https:\/\/locsshop.eu\/shop\/upcycled-indiske-silkebukser-med-lommer-model-16\/#primaryimage"},"image":{"@id":"https:\/\/locsshop.eu\/shop\/upcycled-indiske-silkebukser-med-lommer-model-16\/#primaryimage"},"thumbnailUrl":"https:\/\/locsshop.eu\/wp-content\/uploads\/2025\/01\/16.jpg","datePublished":"2025-01-27T16:06:07+00:00","dateModified":"2025-05-08T06:03:45+00:00","description":"Achetez ici un pantalon en soie indienne recycl\u00e9e avec poches - Mod\u00e8le 3 | La plus grande s\u00e9lection de lunettes de soleil LOCS de l&#039;UE | Nous exp\u00e9dions depuis l&#039;UE - Pas de frais d&#039;importation suppl\u00e9mentaires","breadcrumb":{"@id":"https:\/\/locsshop.eu\/shop\/upcycled-indiske-silkebukser-med-lommer-model-16\/#breadcrumb"},"inLanguage":"fr-FR","potentialAction":[{"@type":"ReadAction","target":["https:\/\/locsshop.eu\/shop\/upcycled-indiske-silkebukser-med-lommer-model-16\/"]}]},{"@type":"ImageObject","inLanguage":"fr-FR","@id":"https:\/\/locsshop.eu\/shop\/upcycled-indiske-silkebukser-med-lommer-model-16\/#primaryimage","url":"https:\/\/locsshop.eu\/wp-content\/uploads\/2025\/01\/16.jpg","contentUrl":"https:\/\/locsshop.eu\/wp-content\/uploads\/2025\/01\/16.jpg","width":800,"height":800},{"@type":"BreadcrumbList","@id":"https:\/\/locsshop.eu\/shop\/upcycled-indiske-silkebukser-med-lommer-model-16\/#breadcrumb","itemListElement":[{"@type":"ListItem","position":1,"name":"Hjem","item":"https:\/\/locsshop.eu\/"},{"@type":"ListItem","position":2,"name":"Shop","item":"https:\/\/locsshop.eu\/shop\/"},{"@type":"ListItem","position":3,"name":"Upcycled indiske Silkebukser med lommer &#8211; Model 16"}]},{"@type":"WebSite","@id":"https:\/\/locsshop.eu\/#website","url":"https:\/\/locsshop.eu\/","name":"Lunettes de soleil Locs - Fournisseur LOCS dans l&#039;UE","description":"Nous vendons des lunettes de soleil LOCS bon march\u00e9","publisher":{"@id":"https:\/\/locsshop.eu\/#organization"},"potentialAction":[{"@type":"SearchAction","target":{"@type":"EntryPoint","urlTemplate":"https:\/\/locsshop.eu\/?s={search_term_string}"},"query-input":{"@type":"PropertyValueSpecification","valueRequired":true,"valueName":"search_term_string"}}],"inLanguage":"fr-FR"},{"@type":"Organization","@id":"https:\/\/locsshop.eu\/#organization","name":"Locsshop.eu","url":"https:\/\/locsshop.eu\/","logo":{"@type":"ImageObject","inLanguage":"fr-FR","@id":"https:\/\/locsshop.eu\/#\/schema\/logo\/image\/","url":"https:\/\/locsshop.eu\/wp-content\/uploads\/2022\/02\/Locsshop-logo.png","contentUrl":"https:\/\/locsshop.eu\/wp-content\/uploads\/2022\/02\/Locsshop-logo.png","width":930,"height":200,"caption":"Locsshop.eu"},"image":{"@id":"https:\/\/locsshop.eu\/#\/schema\/logo\/image\/"}}]}},"_links":{"self":[{"href":"https:\/\/locsshop.eu\/fr\/wp-json\/wp\/v2\/product\/13692","targetHints":{"allow":["GET"]}}],"collection":[{"href":"https:\/\/locsshop.eu\/fr\/wp-json\/wp\/v2\/product"}],"about":[{"href":"https:\/\/locsshop.eu\/fr\/wp-json\/wp\/v2\/types\/product"}],"replies":[{"embeddable":true,"href":"https:\/\/locsshop.eu\/fr\/wp-json\/wp\/v2\/comments?post=13692"}],"wp:featuredmedia":[{"embeddable":true,"href":"https:\/\/locsshop.eu\/fr\/wp-json\/wp\/v2\/media\/13690"}],"wp:attachment":[{"href":"https:\/\/locsshop.eu\/fr\/wp-json\/wp\/v2\/media?parent=13692"}],"wp:term":[{"taxonomy":"product_brand","embeddable":true,"href":"https:\/\/locsshop.eu\/fr\/wp-json\/wp\/v2\/product_brand?post=13692"},{"taxonomy":"product_cat","embeddable":true,"href":"https:\/\/locsshop.eu\/fr\/wp-json\/wp\/v2\/product_cat?post=13692"},{"taxonomy":"product_tag","embeddable":true,"href":"https:\/\/locsshop.eu\/fr\/wp-json\/wp\/v2\/product_tag?post=13692"}],"curies":[{"name":"wp","href":"https:\/\/api.w.org\/{rel}","templated":true}]}}