{"id":14206,"date":"2025-07-04T21:14:41","date_gmt":"2025-07-04T19:14:41","guid":{"rendered":"https:\/\/locsshop.eu\/shop\/guld-aviator-solbriller-med-sorte-staenger-arzaga-brune-glas\/"},"modified":"2025-07-04T22:29:29","modified_gmt":"2025-07-04T20:29:29","slug":"guld-aviator-solbriller-med-sorte-staenger-arzaga-brune-glas","status":"publish","type":"product","link":"https:\/\/locsshop.eu\/fr\/shop\/guld-aviator-solbriller-med-sorte-staenger-arzaga-brune-glas\/","title":{"rendered":"Lunettes de soleil aviateur dor\u00e9es \u00e0 branches noires \u2013 Arzaga | Verres marron"},"content":{"rendered":"<h2><b>Lunettes de soleil aviateur \u00e9l\u00e9gantes qui conviennent \u00e0 toutes les occasions.<br \/>\nLes branches noires et le logo argent\u00e9 donnent un look exclusif.<\/b><\/h2>\n<p>La belle monture en m\u00e9tal dor\u00e9 avec les branches noires rend ces lunettes de soleil uniques, tendance et tout simplement ce qui vous manquait dans votre collection de lunettes de soleil.<br \/>\nSi vous aimez les lunettes de soleil qui se d\u00e9marquent et qui sont con\u00e7ues avec soin pour un look extravagant, alors vous avez trouv\u00e9 les lunettes de soleil qui conviennent \u00e0 vous ou \u00e0 un \u00eatre cher.<br \/>\nVous pouvez utiliser ces lunettes de soleil aussi bien au quotidien que pour des occasions festives et elles s&#039;adaptent \u00e0 toutes les tenues.<br \/>\nAlors assurez-vous de les acheter avant qu&#039;ils ne soient \u00e9puis\u00e9s, ce sont ceux qui vous manquaient !<\/p>\n<p>&nbsp;<\/p>\n<h4>Mat\u00e9riel: <strong>Verre en m\u00e9tal et polycarbonate<\/strong><\/h4>\n<p>&nbsp;<\/p>\n<h3>Les lunettes de soleil sont super cool toute l&#039;ann\u00e9e et super tendance.<\/h3>\n<p>&nbsp;<\/p>\n<table style=\"width: 100%;border-collapse: collapse;border-style: dashed\" border=\"1\">\n<tbody>\n<tr>\n<td style=\"width: 100%\">\n<h2 style=\"text-align: center\"><strong>La taille des lunettes de soleil<\/strong><\/h2>\n<\/td>\n<\/tr>\n<\/tbody>\n<\/table>\n<table style=\"width: 100%;border-collapse: collapse;border-style: hidden;margin-left: auto;margin-right: auto\" border=\"1\" cellspacing=\"20\" cellpadding=\"20\">\n<tbody>\n<tr>\n<td style=\"width: 33.3333%;text-align: center\"><strong><img decoding=\"async\" src=\"https:\/\/bazarsalg.dk\/wp-content\/uploads\/bredde.png\" \/><\/strong><\/td>\n<td style=\"width: 33.3333%;text-align: center\"><strong>Largeur int\u00e9rieure<\/strong><\/td>\n<td style=\"width: 33.3333%;text-align: center\"><strong>13,5 cm.<\/strong><\/td>\n<\/tr>\n<tr>\n<td style=\"width: 33.3333%;text-align: center\"><strong><img decoding=\"async\" src=\"https:\/\/bazarsalg.dk\/wp-content\/uploads\/hoejde.png\" \/><\/strong><\/td>\n<td style=\"width: 33.3333%;text-align: center\"><strong>Hauteur<\/strong><\/td>\n<td style=\"width: 33.3333%;text-align: center\"><strong>5 cm.<\/strong><\/td>\n<\/tr>\n<tr>\n<td style=\"width: 33.3333%;text-align: center\"><strong><img decoding=\"async\" src=\"https:\/\/bazarsalg.dk\/wp-content\/uploads\/stang.png\" \/><\/strong><\/td>\n<td style=\"width: 33.3333%;text-align: center\"><strong>Longueur de la page<\/strong><\/td>\n<td style=\"width: 33.3333%;text-align: center\"><strong>14,4 cm.<\/strong><\/td>\n<\/tr>\n<tr>\n<td style=\"width: 33.3333%;text-align: center\"><strong><img decoding=\"async\" src=\"https:\/\/bazarsalg.dk\/wp-content\/uploads\/glas-bredde.png\" \/><\/strong><\/td>\n<td style=\"width: 33.3333%;text-align: center\"><strong>Largeur du verre<\/strong><\/td>\n<td style=\"width: 33.3333%;text-align: center\"><strong>5,8 cm.<\/strong><\/td>\n<\/tr>\n<tr>\n<td style=\"width: 33.3333%;text-align: center\"><strong><img decoding=\"async\" src=\"https:\/\/bazarsalg.dk\/wp-content\/uploads\/bredde-naese.png\" \/><\/strong><\/td>\n<td style=\"width: 33.3333%;text-align: center\"><strong>Espace entre le verre<\/strong><\/td>\n<td style=\"width: 33.3333%;text-align: center\"><strong>1,8 cm.<\/strong><\/td>\n<\/tr>\n<\/tbody>\n<\/table>\n<p>&nbsp;<\/p>\n<p><strong>\u00a0<\/strong><\/p>\n<table style=\"width: 100%;border-collapse: collapse;border-style: hidden;margin-left: auto;margin-right: auto\" border=\"1\" cellspacing=\"50\" cellpadding=\"20\">\n<caption>\u00a0<\/caption>\n<caption>\u00a0<\/caption>\n<tbody>\n<tr>\n<td style=\"width: 25%;text-align: center\"><img decoding=\"async\" class=\"aligncenter\" src=\"https:\/\/bazarsalg.dk\/wp-content\/uploads\/UV.png\" \/><\/td>\n<td style=\"width: 25%;text-align: center\"><img decoding=\"async\" src=\"https:\/\/bazarsalg.dk\/wp-content\/uploads\/ce.png\" \/><\/td>\n<td style=\"width: 25%;text-align: center\"><img decoding=\"async\" src=\"https:\/\/bazarsalg.dk\/wp-content\/uploads\/box.png\" \/><\/td>\n<\/tr>\n<tr>\n<td style=\"width: 25%;text-align: center\"><strong>Les lunettes de soleil ont une protection UV400<\/strong><\/p>\n<p>Bloque 99 \u00e0 100 % de tous les rayons UVA et UVB et prot\u00e8ge vos yeux des rayons du soleil.<\/td>\n<td style=\"width: 25%;text-align: center\"><strong>Approuv\u00e9 CE <\/strong><\/p>\n<p>Les lunettes de soleil r\u00e9pondent \u00e0 toutes les exigences l\u00e9gales de l&#039;UE, ce qui garantit que vos lunettes de soleil sont test\u00e9es et approuv\u00e9es.<\/td>\n<td style=\"width: 25%;text-align: center\"><strong>Envoy\u00e9s dans une bo\u00eete en carton pour qu&#039;ils ne se cassent pas <\/strong><\/p>\n<p>Nous emballons toujours les lunettes de soleil en toute s\u00e9curit\u00e9 afin qu&#039;elles arrivent en bon \u00e9tat.<\/td>\n<\/tr>\n<\/tbody>\n<\/table>","protected":false},"excerpt":{"rendered":"<p><b>Magnifique logo argent\u00e9 sur les branches<br \/>\nBelle monture en m\u00e9tal dor\u00e9<br \/>\nParfait pour la vie quotidienne, les festivals, dans le jardin et toutes les autres occasions<\/b><\/p>\n<p><em>Approuv\u00e9 CE<\/em><br \/>\n<em>Protection UV400<\/em><\/p>","protected":false},"featured_media":14205,"comment_status":"open","ping_status":"closed","template":"","meta":{"om_disable_all_campaigns":false,"_monsterinsights_skip_tracking":false,"_monsterinsights_sitenote_active":false,"_monsterinsights_sitenote_note":"","_monsterinsights_sitenote_category":0},"product_brand":[],"product_cat":[1026,1029,1030,1025],"product_tag":[777,870],"class_list":{"0":"post-14206","1":"product","2":"type-product","3":"status-publish","4":"has-post-thumbnail","6":"product_cat-dame-solbriller","7":"product_cat-herre-solbriller","8":"product_cat-aviator","9":"product_cat-billige-solbriller","10":"product_tag-dkny","11":"product_tag-p693","13":"first","14":"instock","15":"shipping-taxable","16":"purchasable","17":"product-type-simple"},"yoast_head":"<!-- This site is optimized with the Yoast SEO plugin v27.5 - https:\/\/yoast.com\/product\/yoast-seo-wordpress\/ -->\n<title>Guld Aviator solbriller med sorte st\u00e6nger - Arzaga | Brune glas | K\u00f8b online her | LOCS<\/title>\n<meta name=\"description\" content=\"K\u00f8b Guld Aviator solbriller med sorte st\u00e6nger - Arzaga | Brune glas her | EU&#039;s st\u00f8rste udvalg af LOCS solbriller | Vi sender fra EU - Ingen ekstra import udgifter\" \/>\n<meta name=\"robots\" content=\"index, follow, max-snippet:-1, max-image-preview:large, max-video-preview:-1\" \/>\n<link rel=\"canonical\" href=\"https:\/\/locsshop.eu\/fr\/shop\/guld-aviator-solbriller-med-sorte-staenger-arzaga-brune-glas\/\" \/>\n<meta property=\"og:locale\" content=\"fr_FR\" \/>\n<meta property=\"og:type\" content=\"article\" \/>\n<meta property=\"og:title\" content=\"Guld Aviator solbriller med sorte st\u00e6nger - Arzaga | Brune glas | K\u00f8b online her | LOCS\" \/>\n<meta property=\"og:description\" content=\"K\u00f8b Guld Aviator solbriller med sorte st\u00e6nger - Arzaga | Brune glas her | EU&#039;s st\u00f8rste udvalg af LOCS solbriller | Vi sender fra EU - Ingen ekstra import udgifter\" \/>\n<meta property=\"og:url\" content=\"https:\/\/locsshop.eu\/fr\/shop\/guld-aviator-solbriller-med-sorte-staenger-arzaga-brune-glas\/\" \/>\n<meta property=\"og:site_name\" content=\"Locs Sunglasses - LOCS Supplier in EU\" \/>\n<meta property=\"article:modified_time\" content=\"2025-07-04T20:29:29+00:00\" \/>\n<meta property=\"og:image\" content=\"https:\/\/locsshop.eu\/wp-content\/uploads\/2025\/07\/1389A-BN.jpg\" \/>\n\t<meta property=\"og:image:width\" content=\"800\" \/>\n\t<meta property=\"og:image:height\" content=\"800\" \/>\n\t<meta property=\"og:image:type\" content=\"image\/jpeg\" \/>\n<meta name=\"twitter:card\" content=\"summary_large_image\" \/>\n<meta name=\"twitter:label1\" content=\"Dur\u00e9e de lecture estim\u00e9e\" \/>\n\t<meta name=\"twitter:data1\" content=\"1 minute\" \/>\n<script type=\"application\/ld+json\" class=\"yoast-schema-graph\">{\"@context\":\"https:\\\/\\\/schema.org\",\"@graph\":[{\"@type\":\"WebPage\",\"@id\":\"https:\\\/\\\/locsshop.eu\\\/shop\\\/guld-aviator-solbriller-med-sorte-staenger-arzaga-brune-glas\\\/\",\"url\":\"https:\\\/\\\/locsshop.eu\\\/shop\\\/guld-aviator-solbriller-med-sorte-staenger-arzaga-brune-glas\\\/\",\"name\":\"Guld Aviator solbriller med sorte st\u00e6nger - Arzaga | Brune glas | K\u00f8b online her | LOCS\",\"isPartOf\":{\"@id\":\"https:\\\/\\\/locsshop.eu\\\/#website\"},\"primaryImageOfPage\":{\"@id\":\"https:\\\/\\\/locsshop.eu\\\/shop\\\/guld-aviator-solbriller-med-sorte-staenger-arzaga-brune-glas\\\/#primaryimage\"},\"image\":{\"@id\":\"https:\\\/\\\/locsshop.eu\\\/shop\\\/guld-aviator-solbriller-med-sorte-staenger-arzaga-brune-glas\\\/#primaryimage\"},\"thumbnailUrl\":\"https:\\\/\\\/locsshop.eu\\\/wp-content\\\/uploads\\\/2025\\\/07\\\/1389A-BN.jpg\",\"datePublished\":\"2025-07-04T19:14:41+00:00\",\"dateModified\":\"2025-07-04T20:29:29+00:00\",\"description\":\"K\u00f8b Guld Aviator solbriller med sorte st\u00e6nger - Arzaga | Brune glas her | EU's st\u00f8rste udvalg af LOCS solbriller | Vi sender fra EU - Ingen ekstra import udgifter\",\"breadcrumb\":{\"@id\":\"https:\\\/\\\/locsshop.eu\\\/shop\\\/guld-aviator-solbriller-med-sorte-staenger-arzaga-brune-glas\\\/#breadcrumb\"},\"inLanguage\":\"fr-FR\",\"potentialAction\":[{\"@type\":\"ReadAction\",\"target\":[\"https:\\\/\\\/locsshop.eu\\\/shop\\\/guld-aviator-solbriller-med-sorte-staenger-arzaga-brune-glas\\\/\"]}]},{\"@type\":\"ImageObject\",\"inLanguage\":\"fr-FR\",\"@id\":\"https:\\\/\\\/locsshop.eu\\\/shop\\\/guld-aviator-solbriller-med-sorte-staenger-arzaga-brune-glas\\\/#primaryimage\",\"url\":\"https:\\\/\\\/locsshop.eu\\\/wp-content\\\/uploads\\\/2025\\\/07\\\/1389A-BN.jpg\",\"contentUrl\":\"https:\\\/\\\/locsshop.eu\\\/wp-content\\\/uploads\\\/2025\\\/07\\\/1389A-BN.jpg\",\"width\":800,\"height\":800},{\"@type\":\"BreadcrumbList\",\"@id\":\"https:\\\/\\\/locsshop.eu\\\/shop\\\/guld-aviator-solbriller-med-sorte-staenger-arzaga-brune-glas\\\/#breadcrumb\",\"itemListElement\":[{\"@type\":\"ListItem\",\"position\":1,\"name\":\"Hjem\",\"item\":\"https:\\\/\\\/locsshop.eu\\\/\"},{\"@type\":\"ListItem\",\"position\":2,\"name\":\"Shop\",\"item\":\"https:\\\/\\\/locsshop.eu\\\/shop\\\/\"},{\"@type\":\"ListItem\",\"position\":3,\"name\":\"Guld Aviator solbriller med sorte st\u00e6nger &#8211; Arzaga | Brune glas\"}]},{\"@type\":\"WebSite\",\"@id\":\"https:\\\/\\\/locsshop.eu\\\/#website\",\"url\":\"https:\\\/\\\/locsshop.eu\\\/\",\"name\":\"Locs Sunglasses - LOCS Supplier in EU\",\"description\":\"We sell cheap LOCS Sunglasses\",\"publisher\":{\"@id\":\"https:\\\/\\\/locsshop.eu\\\/#organization\"},\"potentialAction\":[{\"@type\":\"SearchAction\",\"target\":{\"@type\":\"EntryPoint\",\"urlTemplate\":\"https:\\\/\\\/locsshop.eu\\\/?s={search_term_string}\"},\"query-input\":{\"@type\":\"PropertyValueSpecification\",\"valueRequired\":true,\"valueName\":\"search_term_string\"}}],\"inLanguage\":\"fr-FR\"},{\"@type\":\"Organization\",\"@id\":\"https:\\\/\\\/locsshop.eu\\\/#organization\",\"name\":\"Locsshop.eu\",\"url\":\"https:\\\/\\\/locsshop.eu\\\/\",\"logo\":{\"@type\":\"ImageObject\",\"inLanguage\":\"fr-FR\",\"@id\":\"https:\\\/\\\/locsshop.eu\\\/#\\\/schema\\\/logo\\\/image\\\/\",\"url\":\"https:\\\/\\\/locsshop.eu\\\/wp-content\\\/uploads\\\/2022\\\/02\\\/Locsshop-logo.png\",\"contentUrl\":\"https:\\\/\\\/locsshop.eu\\\/wp-content\\\/uploads\\\/2022\\\/02\\\/Locsshop-logo.png\",\"width\":930,\"height\":200,\"caption\":\"Locsshop.eu\"},\"image\":{\"@id\":\"https:\\\/\\\/locsshop.eu\\\/#\\\/schema\\\/logo\\\/image\\\/\"}}]}<\/script>\n<!-- \/ Yoast SEO plugin. -->","yoast_head_json":{"title":"Lunettes de soleil aviateur dor\u00e9es avec branches noires - Arzaga | Verres marron | Acheter en ligne ici | LOCS","description":"Achetez des lunettes de soleil aviateur dor\u00e9es avec branches noires \u2013 Arzaga | Verres marron ici | La plus grande s\u00e9lection de lunettes de soleil LOCS de l&#039;UE | Livraison depuis l&#039;UE \u2013 Sans frais d&#039;importation suppl\u00e9mentaires","robots":{"index":"index","follow":"follow","max-snippet":"max-snippet:-1","max-image-preview":"max-image-preview:large","max-video-preview":"max-video-preview:-1"},"canonical":"https:\/\/locsshop.eu\/fr\/shop\/guld-aviator-solbriller-med-sorte-staenger-arzaga-brune-glas\/","og_locale":"fr_FR","og_type":"article","og_title":"Guld Aviator solbriller med sorte st\u00e6nger - Arzaga | Brune glas | K\u00f8b online her | LOCS","og_description":"K\u00f8b Guld Aviator solbriller med sorte st\u00e6nger - Arzaga | Brune glas her | EU's st\u00f8rste udvalg af LOCS solbriller | Vi sender fra EU - Ingen ekstra import udgifter","og_url":"https:\/\/locsshop.eu\/fr\/shop\/guld-aviator-solbriller-med-sorte-staenger-arzaga-brune-glas\/","og_site_name":"Locs Sunglasses - LOCS Supplier in EU","article_modified_time":"2025-07-04T20:29:29+00:00","og_image":[{"width":800,"height":800,"url":"https:\/\/locsshop.eu\/wp-content\/uploads\/2025\/07\/1389A-BN.jpg","type":"image\/jpeg"}],"twitter_card":"summary_large_image","twitter_misc":{"Dur\u00e9e de lecture estim\u00e9e":"1 minute"},"schema":{"@context":"https:\/\/schema.org","@graph":[{"@type":"WebPage","@id":"https:\/\/locsshop.eu\/shop\/guld-aviator-solbriller-med-sorte-staenger-arzaga-brune-glas\/","url":"https:\/\/locsshop.eu\/shop\/guld-aviator-solbriller-med-sorte-staenger-arzaga-brune-glas\/","name":"Lunettes de soleil aviateur dor\u00e9es avec branches noires - Arzaga | Verres marron | Acheter en ligne ici | LOCS","isPartOf":{"@id":"https:\/\/locsshop.eu\/#website"},"primaryImageOfPage":{"@id":"https:\/\/locsshop.eu\/shop\/guld-aviator-solbriller-med-sorte-staenger-arzaga-brune-glas\/#primaryimage"},"image":{"@id":"https:\/\/locsshop.eu\/shop\/guld-aviator-solbriller-med-sorte-staenger-arzaga-brune-glas\/#primaryimage"},"thumbnailUrl":"https:\/\/locsshop.eu\/wp-content\/uploads\/2025\/07\/1389A-BN.jpg","datePublished":"2025-07-04T19:14:41+00:00","dateModified":"2025-07-04T20:29:29+00:00","description":"Achetez des lunettes de soleil aviateur dor\u00e9es avec branches noires \u2013 Arzaga | Verres marron ici | La plus grande s\u00e9lection de lunettes de soleil LOCS de l&#039;UE | Livraison depuis l&#039;UE \u2013 Sans frais d&#039;importation suppl\u00e9mentaires","breadcrumb":{"@id":"https:\/\/locsshop.eu\/shop\/guld-aviator-solbriller-med-sorte-staenger-arzaga-brune-glas\/#breadcrumb"},"inLanguage":"fr-FR","potentialAction":[{"@type":"ReadAction","target":["https:\/\/locsshop.eu\/shop\/guld-aviator-solbriller-med-sorte-staenger-arzaga-brune-glas\/"]}]},{"@type":"ImageObject","inLanguage":"fr-FR","@id":"https:\/\/locsshop.eu\/shop\/guld-aviator-solbriller-med-sorte-staenger-arzaga-brune-glas\/#primaryimage","url":"https:\/\/locsshop.eu\/wp-content\/uploads\/2025\/07\/1389A-BN.jpg","contentUrl":"https:\/\/locsshop.eu\/wp-content\/uploads\/2025\/07\/1389A-BN.jpg","width":800,"height":800},{"@type":"BreadcrumbList","@id":"https:\/\/locsshop.eu\/shop\/guld-aviator-solbriller-med-sorte-staenger-arzaga-brune-glas\/#breadcrumb","itemListElement":[{"@type":"ListItem","position":1,"name":"Hjem","item":"https:\/\/locsshop.eu\/"},{"@type":"ListItem","position":2,"name":"Shop","item":"https:\/\/locsshop.eu\/shop\/"},{"@type":"ListItem","position":3,"name":"Guld Aviator solbriller med sorte st\u00e6nger &#8211; Arzaga | Brune glas"}]},{"@type":"WebSite","@id":"https:\/\/locsshop.eu\/#website","url":"https:\/\/locsshop.eu\/","name":"Lunettes de soleil Locs - Fournisseur LOCS dans l&#039;UE","description":"Nous vendons des lunettes de soleil LOCS bon march\u00e9","publisher":{"@id":"https:\/\/locsshop.eu\/#organization"},"potentialAction":[{"@type":"SearchAction","target":{"@type":"EntryPoint","urlTemplate":"https:\/\/locsshop.eu\/?s={search_term_string}"},"query-input":{"@type":"PropertyValueSpecification","valueRequired":true,"valueName":"search_term_string"}}],"inLanguage":"fr-FR"},{"@type":"Organization","@id":"https:\/\/locsshop.eu\/#organization","name":"Locsshop.eu","url":"https:\/\/locsshop.eu\/","logo":{"@type":"ImageObject","inLanguage":"fr-FR","@id":"https:\/\/locsshop.eu\/#\/schema\/logo\/image\/","url":"https:\/\/locsshop.eu\/wp-content\/uploads\/2022\/02\/Locsshop-logo.png","contentUrl":"https:\/\/locsshop.eu\/wp-content\/uploads\/2022\/02\/Locsshop-logo.png","width":930,"height":200,"caption":"Locsshop.eu"},"image":{"@id":"https:\/\/locsshop.eu\/#\/schema\/logo\/image\/"}}]}},"_links":{"self":[{"href":"https:\/\/locsshop.eu\/fr\/wp-json\/wp\/v2\/product\/14206","targetHints":{"allow":["GET"]}}],"collection":[{"href":"https:\/\/locsshop.eu\/fr\/wp-json\/wp\/v2\/product"}],"about":[{"href":"https:\/\/locsshop.eu\/fr\/wp-json\/wp\/v2\/types\/product"}],"replies":[{"embeddable":true,"href":"https:\/\/locsshop.eu\/fr\/wp-json\/wp\/v2\/comments?post=14206"}],"wp:featuredmedia":[{"embeddable":true,"href":"https:\/\/locsshop.eu\/fr\/wp-json\/wp\/v2\/media\/14205"}],"wp:attachment":[{"href":"https:\/\/locsshop.eu\/fr\/wp-json\/wp\/v2\/media?parent=14206"}],"wp:term":[{"taxonomy":"product_brand","embeddable":true,"href":"https:\/\/locsshop.eu\/fr\/wp-json\/wp\/v2\/product_brand?post=14206"},{"taxonomy":"product_cat","embeddable":true,"href":"https:\/\/locsshop.eu\/fr\/wp-json\/wp\/v2\/product_cat?post=14206"},{"taxonomy":"product_tag","embeddable":true,"href":"https:\/\/locsshop.eu\/fr\/wp-json\/wp\/v2\/product_tag?post=14206"}],"curies":[{"name":"wp","href":"https:\/\/api.w.org\/{rel}","templated":true}]}}