{"id":14244,"date":"2025-07-05T01:29:49","date_gmt":"2025-07-04T23:29:49","guid":{"rendered":"https:\/\/locsshop.eu\/shop\/manhattan-millionaire-solbriller-gerard-guld-moerke-fade-glas\/"},"modified":"2026-02-15T20:12:54","modified_gmt":"2026-02-15T19:12:54","slug":"manhattan-millionaire-solbriller-gerard-guld-moerke-fade-glas","status":"publish","type":"product","link":"https:\/\/locsshop.eu\/fr\/shop\/manhattan-millionaire-solbriller-gerard-guld-moerke-fade-glas\/","title":{"rendered":"Lunettes de soleil Manhattan Millionaire \u2013 Gerard | Or \u2013 Verres marron fonc\u00e9"},"content":{"rendered":"<h2><strong>Lunettes de soleil Millionaire brillantes avec d\u00e9tails dor\u00e9s sur le devant, les c\u00f4t\u00e9s et les branches.<\/strong><\/h2>\n<h4>Lunettes de soleil Millionaire super cool qui vous feront ressembler \u00e0 un millionnaire partout o\u00f9 vous irez.<br \/>\nLes magnifiques d\u00e9tails m\u00e9talliques \u00e9l\u00e8vent les lunettes de soleil au plus haut niveau.<\/h4>\n<p>Les branches sont en m\u00e9tal et les extr\u00e9mit\u00e9s ont une large extr\u00e9mit\u00e9 en plastique qui garantit que les lunettes de soleil restent en place toute la journ\u00e9e.<\/p>\n<p>Des lunettes de soleil d&#039;un excellent rapport qualit\u00e9-prix. Vous trouverez ici une paire de lunettes de soleil optimale \u00e0 un prix vraiment avantageux, compar\u00e9 aux grandes marques du march\u00e9.<\/p>\n<p>Convient aussi bien aux hommes qu&#039;aux femmes. Achetez-les avant qu&#039;ils ne se vendent.<\/p>\n<h4><\/h4>\n<h4><img loading=\"lazy\" decoding=\"async\" class=\"alignnone wp-image-15438 size-full\" src=\"https:\/\/bazarsalg.dk\/wp-content\/uploads\/Mahattan-Logo-medium.jpg\" alt=\"\" width=\"403\" height=\"70\" \/><\/h4>\n<p>&nbsp;<\/p>\n<table style=\"width: 100%;border-collapse: collapse;border-style: dashed\" border=\"1\">\n<tbody>\n<tr>\n<td style=\"width: 100%\">\n<h2 style=\"text-align: center\"><strong>La taille des lunettes de soleil<\/strong><\/h2>\n<\/td>\n<\/tr>\n<\/tbody>\n<\/table>\n<table style=\"width: 100%;border-collapse: collapse;border-style: hidden;margin-left: auto;margin-right: auto\" border=\"1\" cellspacing=\"20\" cellpadding=\"20\">\n<tbody>\n<tr>\n<td style=\"width: 33.3333%;text-align: center\"><strong><img decoding=\"async\" src=\"https:\/\/bazarsalg.dk\/wp-content\/uploads\/bredde.png\" \/><\/strong><\/td>\n<td style=\"width: 33.3333%;text-align: center\"><strong>Largeur int\u00e9rieure<\/strong><\/td>\n<td style=\"width: 33.3333%;text-align: center\"><strong>13,5 cm.<\/strong><\/td>\n<\/tr>\n<tr>\n<td style=\"width: 33.3333%;text-align: center\"><strong><img decoding=\"async\" src=\"https:\/\/bazarsalg.dk\/wp-content\/uploads\/hoejde.png\" \/><\/strong><\/td>\n<td style=\"width: 33.3333%;text-align: center\"><strong>Hauteur<\/strong><\/td>\n<td style=\"width: 33.3333%;text-align: center\"><strong>5 cm.<\/strong><\/td>\n<\/tr>\n<tr>\n<td style=\"width: 33.3333%;text-align: center\"><strong><img decoding=\"async\" src=\"https:\/\/bazarsalg.dk\/wp-content\/uploads\/stang.png\" \/><\/strong><\/td>\n<td style=\"width: 33.3333%;text-align: center\"><strong>Longueur du c\u00f4t\u00e9<\/strong><\/td>\n<td style=\"width: 33.3333%;text-align: center\"><strong>14cm.<\/strong><\/td>\n<\/tr>\n<tr>\n<td style=\"width: 33.3333%;text-align: center\"><strong><img decoding=\"async\" src=\"https:\/\/bazarsalg.dk\/wp-content\/uploads\/glas-bredde.png\" \/><\/strong><\/td>\n<td style=\"width: 33.3333%;text-align: center\"><strong>Largeur du verre<\/strong><\/td>\n<td style=\"width: 33.3333%;text-align: center\"><strong>5,5 cm.<\/strong><\/td>\n<\/tr>\n<tr>\n<td style=\"width: 33.3333%;text-align: center\"><strong><img decoding=\"async\" src=\"https:\/\/bazarsalg.dk\/wp-content\/uploads\/bredde-naese.png\" \/><\/strong><\/td>\n<td style=\"width: 33.3333%;text-align: center\"><strong>Espace entre le verre<\/strong><\/td>\n<td style=\"width: 33.3333%;text-align: center\"><strong>1,6 cm.<\/strong><\/td>\n<\/tr>\n<\/tbody>\n<\/table>\n<p>&nbsp;<\/p>\n<h4><em>\u00c0 propos de Manhattan Sunglasses<\/em><\/h4>\n<p>La collection Manhattan Sunglasses s&#039;inspire de la sc\u00e8ne mode urbaine et m\u00e9tropolitaine que vous croiserez de New York \u00e0 Paris. Que vous portiez un costume trois-pi\u00e8ces ou une tenue d\u00e9contract\u00e9e pour une soir\u00e9e en ville, les lunettes de soleil Manhattan sont suffisamment sophistiqu\u00e9es et parfaites pour vous, l&#039;homme urbain qui recherche des lunettes de soleil \u00e9l\u00e9gantes et streetwear sans le prix d&#039;une marque.<br \/>\nManhattan, marque am\u00e9ricaine, incarne l&#039;\u00e9l\u00e9gance d\u00e9contract\u00e9e de la m\u00e9tropole avec des lignes \u00e9pur\u00e9es, des fonctionnalit\u00e9s pratiques et une attitude sans pr\u00e9tention. Que vous recherchiez un mod\u00e8le pour vous promener en ville ou un mod\u00e8le pour aller au caf\u00e9, la marque propose des lunettes de soleil de caract\u00e8re, con\u00e7ues pour ressembler \u00e0 un millionnaire au rythme de la ville.<\/p>\n<table style=\"width: 100%;border-collapse: collapse;border-style: hidden;margin-left: auto;margin-right: auto\" border=\"1\" cellspacing=\"50\" cellpadding=\"20\">\n<caption>\u00a0<\/caption>\n<caption>\u00a0<\/caption>\n<tbody>\n<tr>\n<td style=\"width: 25%;text-align: center\"><img decoding=\"async\" class=\"aligncenter\" src=\"https:\/\/bazarsalg.dk\/wp-content\/uploads\/UV.png\" \/><\/td>\n<td style=\"width: 25%;text-align: center\"><img decoding=\"async\" src=\"https:\/\/bazarsalg.dk\/wp-content\/uploads\/ce.png\" \/><\/td>\n<td style=\"width: 25%;text-align: center\"><img decoding=\"async\" src=\"https:\/\/bazarsalg.dk\/wp-content\/uploads\/box.png\" \/><\/td>\n<\/tr>\n<tr>\n<td style=\"width: 25%;text-align: center\"><strong>Les lunettes de soleil ont une protection UV400<\/strong><\/p>\n<p>Bloque 99 \u00e0 100 % de tous les rayons UVA et UVB et prot\u00e8ge vos yeux des rayons du soleil.<\/td>\n<td style=\"width: 25%;text-align: center\"><strong>Approuv\u00e9 CE <\/strong><\/p>\n<p>Les lunettes de soleil r\u00e9pondent \u00e0 toutes les exigences l\u00e9gales de l&#039;UE, ce qui garantit que vos lunettes de soleil sont test\u00e9es et approuv\u00e9es.<\/td>\n<td style=\"width: 25%;text-align: center\"><strong>Envoy\u00e9s dans une bo\u00eete en carton pour qu&#039;ils ne se cassent pas <\/strong><\/p>\n<p>Nous emballons toujours les lunettes de soleil en toute s\u00e9curit\u00e9 afin qu&#039;elles arrivent en bon \u00e9tat.<\/td>\n<\/tr>\n<\/tbody>\n<\/table>","protected":false},"excerpt":{"rendered":"<p><strong>Manhattan \u2013 8MH87072<\/strong><br \/>\n<img loading=\"lazy\" decoding=\"async\" class=\"alignnone wp-image-15439 size-full\" src=\"https:\/\/bazarsalg.dk\/wp-content\/uploads\/Mahattan-Logo-small.jpg\" alt=\"\" width=\"322\" height=\"56\" \/><\/p>\n<p>D\u00e9tails en m\u00e9tal dor\u00e9<br \/>\nTiges m\u00e9talliques<\/p>\n<p>UV400<br \/>\nApprouv\u00e9 CE<\/p>","protected":false},"featured_media":14243,"comment_status":"open","ping_status":"closed","template":"","meta":{"om_disable_all_campaigns":false,"_monsterinsights_skip_tracking":false,"_monsterinsights_sitenote_active":false,"_monsterinsights_sitenote_note":"","_monsterinsights_sitenote_category":0},"product_brand":[],"product_cat":[1026,1029,1025,1627,1036,1049],"product_tag":[1628,743,1629,870],"class_list":{"0":"post-14244","1":"product","2":"type-product","3":"status-publish","4":"has-post-thumbnail","6":"product_cat-dame-solbriller","7":"product_cat-herre-solbriller","8":"product_cat-billige-solbriller","9":"product_cat-manhattan-solbriller","10":"product_cat-millionaire","11":"product_cat-premium-solbriller","12":"product_tag-8mh87072","13":"product_tag-frosty","14":"product_tag-manhattan","15":"product_tag-p693","17":"first","18":"instock","19":"shipping-taxable","20":"purchasable","21":"product-type-simple"},"yoast_head":"<!-- This site is optimized with the Yoast SEO plugin v27.5 - https:\/\/yoast.com\/product\/yoast-seo-wordpress\/ -->\n<title>Manhattan Millionaire Solbriller - Gerard | Guld - M\u00f8rke fade glas | K\u00f8b online her | LOCS<\/title>\n<meta name=\"description\" content=\"K\u00f8b Manhattan Millionaire Solbriller - Gerard | Guld - M\u00f8rke fade glas her | EU&#039;s st\u00f8rste udvalg af LOCS solbriller | Vi sender fra EU - Ingen ekstra import udgifter\" \/>\n<meta name=\"robots\" content=\"index, follow, max-snippet:-1, max-image-preview:large, max-video-preview:-1\" \/>\n<link rel=\"canonical\" href=\"https:\/\/locsshop.eu\/fr\/shop\/manhattan-millionaire-solbriller-gerard-guld-moerke-fade-glas\/\" \/>\n<meta property=\"og:locale\" content=\"fr_FR\" \/>\n<meta property=\"og:type\" content=\"article\" \/>\n<meta property=\"og:title\" content=\"Manhattan Millionaire Solbriller - Gerard | Guld - M\u00f8rke fade glas | K\u00f8b online her | LOCS\" \/>\n<meta property=\"og:description\" content=\"K\u00f8b Manhattan Millionaire Solbriller - Gerard | Guld - M\u00f8rke fade glas her | EU&#039;s st\u00f8rste udvalg af LOCS solbriller | Vi sender fra EU - Ingen ekstra import udgifter\" \/>\n<meta property=\"og:url\" content=\"https:\/\/locsshop.eu\/fr\/shop\/manhattan-millionaire-solbriller-gerard-guld-moerke-fade-glas\/\" \/>\n<meta property=\"og:site_name\" content=\"Locs Sunglasses - LOCS Supplier in EU\" \/>\n<meta property=\"article:modified_time\" content=\"2026-02-15T19:12:54+00:00\" \/>\n<meta property=\"og:image\" content=\"https:\/\/locsshop.eu\/wp-content\/uploads\/2025\/07\/8MH87072-1.jpg\" \/>\n\t<meta property=\"og:image:width\" content=\"800\" \/>\n\t<meta property=\"og:image:height\" content=\"800\" \/>\n\t<meta property=\"og:image:type\" content=\"image\/jpeg\" \/>\n<meta name=\"twitter:card\" content=\"summary_large_image\" \/>\n<meta name=\"twitter:label1\" content=\"Dur\u00e9e de lecture estim\u00e9e\" \/>\n\t<meta name=\"twitter:data1\" content=\"2 minutes\" \/>\n<script type=\"application\/ld+json\" class=\"yoast-schema-graph\">{\"@context\":\"https:\\\/\\\/schema.org\",\"@graph\":[{\"@type\":\"WebPage\",\"@id\":\"https:\\\/\\\/locsshop.eu\\\/shop\\\/manhattan-millionaire-solbriller-gerard-guld-moerke-fade-glas\\\/\",\"url\":\"https:\\\/\\\/locsshop.eu\\\/shop\\\/manhattan-millionaire-solbriller-gerard-guld-moerke-fade-glas\\\/\",\"name\":\"Manhattan Millionaire Solbriller - Gerard | Guld - M\u00f8rke fade glas | K\u00f8b online her | LOCS\",\"isPartOf\":{\"@id\":\"https:\\\/\\\/locsshop.eu\\\/#website\"},\"primaryImageOfPage\":{\"@id\":\"https:\\\/\\\/locsshop.eu\\\/shop\\\/manhattan-millionaire-solbriller-gerard-guld-moerke-fade-glas\\\/#primaryimage\"},\"image\":{\"@id\":\"https:\\\/\\\/locsshop.eu\\\/shop\\\/manhattan-millionaire-solbriller-gerard-guld-moerke-fade-glas\\\/#primaryimage\"},\"thumbnailUrl\":\"https:\\\/\\\/locsshop.eu\\\/wp-content\\\/uploads\\\/2025\\\/07\\\/8MH87072-1.jpg\",\"datePublished\":\"2025-07-04T23:29:49+00:00\",\"dateModified\":\"2026-02-15T19:12:54+00:00\",\"description\":\"K\u00f8b Manhattan Millionaire Solbriller - Gerard | Guld - M\u00f8rke fade glas her | EU's st\u00f8rste udvalg af LOCS solbriller | Vi sender fra EU - Ingen ekstra import udgifter\",\"breadcrumb\":{\"@id\":\"https:\\\/\\\/locsshop.eu\\\/shop\\\/manhattan-millionaire-solbriller-gerard-guld-moerke-fade-glas\\\/#breadcrumb\"},\"inLanguage\":\"fr-FR\",\"potentialAction\":[{\"@type\":\"ReadAction\",\"target\":[\"https:\\\/\\\/locsshop.eu\\\/shop\\\/manhattan-millionaire-solbriller-gerard-guld-moerke-fade-glas\\\/\"]}]},{\"@type\":\"ImageObject\",\"inLanguage\":\"fr-FR\",\"@id\":\"https:\\\/\\\/locsshop.eu\\\/shop\\\/manhattan-millionaire-solbriller-gerard-guld-moerke-fade-glas\\\/#primaryimage\",\"url\":\"https:\\\/\\\/locsshop.eu\\\/wp-content\\\/uploads\\\/2025\\\/07\\\/8MH87072-1.jpg\",\"contentUrl\":\"https:\\\/\\\/locsshop.eu\\\/wp-content\\\/uploads\\\/2025\\\/07\\\/8MH87072-1.jpg\",\"width\":800,\"height\":800},{\"@type\":\"BreadcrumbList\",\"@id\":\"https:\\\/\\\/locsshop.eu\\\/shop\\\/manhattan-millionaire-solbriller-gerard-guld-moerke-fade-glas\\\/#breadcrumb\",\"itemListElement\":[{\"@type\":\"ListItem\",\"position\":1,\"name\":\"Hjem\",\"item\":\"https:\\\/\\\/locsshop.eu\\\/\"},{\"@type\":\"ListItem\",\"position\":2,\"name\":\"Shop\",\"item\":\"https:\\\/\\\/locsshop.eu\\\/shop\\\/\"},{\"@type\":\"ListItem\",\"position\":3,\"name\":\"Manhattan Millionaire Solbriller &#8211; Gerard | Guld &#8211; M\u00f8rke fade glas\"}]},{\"@type\":\"WebSite\",\"@id\":\"https:\\\/\\\/locsshop.eu\\\/#website\",\"url\":\"https:\\\/\\\/locsshop.eu\\\/\",\"name\":\"Locs Sunglasses - LOCS Supplier in EU\",\"description\":\"We sell cheap LOCS Sunglasses\",\"publisher\":{\"@id\":\"https:\\\/\\\/locsshop.eu\\\/#organization\"},\"potentialAction\":[{\"@type\":\"SearchAction\",\"target\":{\"@type\":\"EntryPoint\",\"urlTemplate\":\"https:\\\/\\\/locsshop.eu\\\/?s={search_term_string}\"},\"query-input\":{\"@type\":\"PropertyValueSpecification\",\"valueRequired\":true,\"valueName\":\"search_term_string\"}}],\"inLanguage\":\"fr-FR\"},{\"@type\":\"Organization\",\"@id\":\"https:\\\/\\\/locsshop.eu\\\/#organization\",\"name\":\"Locsshop.eu\",\"url\":\"https:\\\/\\\/locsshop.eu\\\/\",\"logo\":{\"@type\":\"ImageObject\",\"inLanguage\":\"fr-FR\",\"@id\":\"https:\\\/\\\/locsshop.eu\\\/#\\\/schema\\\/logo\\\/image\\\/\",\"url\":\"https:\\\/\\\/locsshop.eu\\\/wp-content\\\/uploads\\\/2022\\\/02\\\/Locsshop-logo.png\",\"contentUrl\":\"https:\\\/\\\/locsshop.eu\\\/wp-content\\\/uploads\\\/2022\\\/02\\\/Locsshop-logo.png\",\"width\":930,\"height\":200,\"caption\":\"Locsshop.eu\"},\"image\":{\"@id\":\"https:\\\/\\\/locsshop.eu\\\/#\\\/schema\\\/logo\\\/image\\\/\"}}]}<\/script>\n<!-- \/ Yoast SEO plugin. -->","yoast_head_json":{"title":"Manhattan Millionaire Solbriller - Gerard | Guld - M\u00f8rke fade glas | K\u00f8b online her | LOCS","description":"K\u00f8b Manhattan Millionaire Solbriller - Gerard | Guld - M\u00f8rke fade glas her | EU's st\u00f8rste udvalg af LOCS solbriller | Vi sender fra EU - Ingen ekstra import udgifter","robots":{"index":"index","follow":"follow","max-snippet":"max-snippet:-1","max-image-preview":"max-image-preview:large","max-video-preview":"max-video-preview:-1"},"canonical":"https:\/\/locsshop.eu\/fr\/shop\/manhattan-millionaire-solbriller-gerard-guld-moerke-fade-glas\/","og_locale":"fr_FR","og_type":"article","og_title":"Manhattan Millionaire Solbriller - Gerard | Guld - M\u00f8rke fade glas | K\u00f8b online her | LOCS","og_description":"K\u00f8b Manhattan Millionaire Solbriller - Gerard | Guld - M\u00f8rke fade glas her | EU's st\u00f8rste udvalg af LOCS solbriller | Vi sender fra EU - Ingen ekstra import udgifter","og_url":"https:\/\/locsshop.eu\/fr\/shop\/manhattan-millionaire-solbriller-gerard-guld-moerke-fade-glas\/","og_site_name":"Locs Sunglasses - LOCS Supplier in EU","article_modified_time":"2026-02-15T19:12:54+00:00","og_image":[{"width":800,"height":800,"url":"https:\/\/locsshop.eu\/wp-content\/uploads\/2025\/07\/8MH87072-1.jpg","type":"image\/jpeg"}],"twitter_card":"summary_large_image","twitter_misc":{"Dur\u00e9e de lecture estim\u00e9e":"2 minutes"},"schema":{"@context":"https:\/\/schema.org","@graph":[{"@type":"WebPage","@id":"https:\/\/locsshop.eu\/shop\/manhattan-millionaire-solbriller-gerard-guld-moerke-fade-glas\/","url":"https:\/\/locsshop.eu\/shop\/manhattan-millionaire-solbriller-gerard-guld-moerke-fade-glas\/","name":"Manhattan Millionaire Solbriller - Gerard | Guld - M\u00f8rke fade glas | K\u00f8b online her | LOCS","isPartOf":{"@id":"https:\/\/locsshop.eu\/#website"},"primaryImageOfPage":{"@id":"https:\/\/locsshop.eu\/shop\/manhattan-millionaire-solbriller-gerard-guld-moerke-fade-glas\/#primaryimage"},"image":{"@id":"https:\/\/locsshop.eu\/shop\/manhattan-millionaire-solbriller-gerard-guld-moerke-fade-glas\/#primaryimage"},"thumbnailUrl":"https:\/\/locsshop.eu\/wp-content\/uploads\/2025\/07\/8MH87072-1.jpg","datePublished":"2025-07-04T23:29:49+00:00","dateModified":"2026-02-15T19:12:54+00:00","description":"K\u00f8b Manhattan Millionaire Solbriller - Gerard | Guld - M\u00f8rke fade glas her | EU's st\u00f8rste udvalg af LOCS solbriller | Vi sender fra EU - Ingen ekstra import udgifter","breadcrumb":{"@id":"https:\/\/locsshop.eu\/shop\/manhattan-millionaire-solbriller-gerard-guld-moerke-fade-glas\/#breadcrumb"},"inLanguage":"fr-FR","potentialAction":[{"@type":"ReadAction","target":["https:\/\/locsshop.eu\/shop\/manhattan-millionaire-solbriller-gerard-guld-moerke-fade-glas\/"]}]},{"@type":"ImageObject","inLanguage":"fr-FR","@id":"https:\/\/locsshop.eu\/shop\/manhattan-millionaire-solbriller-gerard-guld-moerke-fade-glas\/#primaryimage","url":"https:\/\/locsshop.eu\/wp-content\/uploads\/2025\/07\/8MH87072-1.jpg","contentUrl":"https:\/\/locsshop.eu\/wp-content\/uploads\/2025\/07\/8MH87072-1.jpg","width":800,"height":800},{"@type":"BreadcrumbList","@id":"https:\/\/locsshop.eu\/shop\/manhattan-millionaire-solbriller-gerard-guld-moerke-fade-glas\/#breadcrumb","itemListElement":[{"@type":"ListItem","position":1,"name":"Hjem","item":"https:\/\/locsshop.eu\/"},{"@type":"ListItem","position":2,"name":"Shop","item":"https:\/\/locsshop.eu\/shop\/"},{"@type":"ListItem","position":3,"name":"Manhattan Millionaire Solbriller &#8211; Gerard | Guld &#8211; M\u00f8rke fade glas"}]},{"@type":"WebSite","@id":"https:\/\/locsshop.eu\/#website","url":"https:\/\/locsshop.eu\/","name":"Lunettes de soleil Locs - Fournisseur LOCS dans l&#039;UE","description":"Nous vendons des lunettes de soleil LOCS bon march\u00e9","publisher":{"@id":"https:\/\/locsshop.eu\/#organization"},"potentialAction":[{"@type":"SearchAction","target":{"@type":"EntryPoint","urlTemplate":"https:\/\/locsshop.eu\/?s={search_term_string}"},"query-input":{"@type":"PropertyValueSpecification","valueRequired":true,"valueName":"search_term_string"}}],"inLanguage":"fr-FR"},{"@type":"Organization","@id":"https:\/\/locsshop.eu\/#organization","name":"Locsshop.eu","url":"https:\/\/locsshop.eu\/","logo":{"@type":"ImageObject","inLanguage":"fr-FR","@id":"https:\/\/locsshop.eu\/#\/schema\/logo\/image\/","url":"https:\/\/locsshop.eu\/wp-content\/uploads\/2022\/02\/Locsshop-logo.png","contentUrl":"https:\/\/locsshop.eu\/wp-content\/uploads\/2022\/02\/Locsshop-logo.png","width":930,"height":200,"caption":"Locsshop.eu"},"image":{"@id":"https:\/\/locsshop.eu\/#\/schema\/logo\/image\/"}}]}},"_links":{"self":[{"href":"https:\/\/locsshop.eu\/fr\/wp-json\/wp\/v2\/product\/14244","targetHints":{"allow":["GET"]}}],"collection":[{"href":"https:\/\/locsshop.eu\/fr\/wp-json\/wp\/v2\/product"}],"about":[{"href":"https:\/\/locsshop.eu\/fr\/wp-json\/wp\/v2\/types\/product"}],"replies":[{"embeddable":true,"href":"https:\/\/locsshop.eu\/fr\/wp-json\/wp\/v2\/comments?post=14244"}],"wp:featuredmedia":[{"embeddable":true,"href":"https:\/\/locsshop.eu\/fr\/wp-json\/wp\/v2\/media\/14243"}],"wp:attachment":[{"href":"https:\/\/locsshop.eu\/fr\/wp-json\/wp\/v2\/media?parent=14244"}],"wp:term":[{"taxonomy":"product_brand","embeddable":true,"href":"https:\/\/locsshop.eu\/fr\/wp-json\/wp\/v2\/product_brand?post=14244"},{"taxonomy":"product_cat","embeddable":true,"href":"https:\/\/locsshop.eu\/fr\/wp-json\/wp\/v2\/product_cat?post=14244"},{"taxonomy":"product_tag","embeddable":true,"href":"https:\/\/locsshop.eu\/fr\/wp-json\/wp\/v2\/product_tag?post=14244"}],"curies":[{"name":"wp","href":"https:\/\/api.w.org\/{rel}","templated":true}]}}