{"id":5584,"date":"2022-02-17T14:26:15","date_gmt":"2022-02-17T13:26:15","guid":{"rendered":"https:\/\/locsshop.eu\/shop\/opbevaringskasse-til-10-ure\/"},"modified":"2024-07-13T20:19:07","modified_gmt":"2024-07-13T18:19:07","slug":"opbevaringskasse-til-10-ure-2","status":"publish","type":"product","link":"https:\/\/locsshop.eu\/fr\/shop\/opbevaringskasse-til-10-ure-2\/","title":{"rendered":"Bo\u00eete de rangement pour 10 montres"},"content":{"rendered":"<h2>Jolie bo\u00eete de rangement pour 6 montres et 3 lunettes de soleil<\/h2>\n<p>\u00c9l\u00e9gante bo\u00eete de rangement pour montres avec un espace pour 10 montres.<br \/>\nL&#039;\u00e9l\u00e9gante bo\u00eete pour montres dispose de 10 compartiments o\u00f9 vous pouvez placer non seulement des montres mais aussi d&#039;autres bijoux.<\/p>\n<p>La bo\u00eete a une \u00e9l\u00e9gante couleur noire et des coutures brillantes visibles, qui ajoutent \u00e9l\u00e9gance et style. Le couvercle du bo\u00eetier de la montre est transparent (verre acrylique), de sorte que le bo\u00eetier de la montre peut non seulement \u00eatre utilis\u00e9 pour le stockage, mais aussi pour l&#039;affichage \u00e9l\u00e9gant de vos belles montres. La bo\u00eete \u00e0 montres sera un vrai cadeau utile que tout le monde appr\u00e9ciera. Vous pouvez \u00e9galement ranger des bracelets et autres bijoux dans la bo\u00eete. Les cloisons ont des inserts sp\u00e9ciaux qui peuvent \u00eatre plac\u00e9s \u00e0 un angle choisi ou retir\u00e9s compl\u00e8tement. Gr\u00e2ce \u00e0 ces options, la bo\u00eete \u00e0 montres convient au stockage de nombreux types de bijoux et bien plus encore. Le bo\u00eetier de la montre a un int\u00e9rieur rembourr\u00e9 avec un mat\u00e9riau sp\u00e9cial extraordinairement doux. Ce mat\u00e9riau prot\u00e8ge le contenu des rayures. Les s\u00e9parateurs sont s\u00e9par\u00e9s les uns des autres par des parois plus hautes, ce qui prot\u00e8ge les accessoires rang\u00e9s des contacts ind\u00e9sirables qui pourraient entra\u00eener des dommages. Le bo\u00eetier est \u00e9galement dot\u00e9 d&#039;un bracelet sp\u00e9cial qui soutient le couvercle ouvert, tout en prot\u00e9geant l&#039;int\u00e9rieur et le contenu du bo\u00eetier de la montre. Avant de renverser accidentellement le contenu de la bo\u00eete.<\/p>\n<p>ESTH\u00c9TIQUE ET \u00c9L\u00c9GANT - La bo\u00eete est faite avec une attention aux d\u00e9tails, se pr\u00e9sente magnifiquement et affiche son contenu \u00e0 merveille.<\/p>\n<p>UNIVERSEL - Utilisez-le non seulement pour les montres, mais aussi pour les bracelets et autres bijoux, etc.<\/p>\n<p>REV\u00caTEMENT PROTECTEUR - L&#039;int\u00e9rieur de la bo\u00eete est rembourr\u00e9 avec un mat\u00e9riau doux afin que le contenu soit prot\u00e9g\u00e9 des rayures.<\/p>\n<p>SP\u00c9CIFICATION -<br \/>\nNombre de chambres : 10<br \/>\nCouleur Noir<br \/>\nDimensions (longueur x largeur x hauteur) : 20,3 x 25,3 x 8, cm,<br \/>\nDimensions de la cloison (longueur x largeur) : 9 x 4,5 cm.<\/p>\n<p>(N&#039;inclut pas les montres)<\/p>","protected":false},"excerpt":{"rendered":"<ul>\n<li><strong>Bo\u00eete de rangement pour montres.<\/strong><\/li>\n<li><strong>Peut contenir 10 montres.<\/strong><\/li>\n<li><strong>Parfait pour avoir \u00e0 la maison.<\/strong><\/li>\n<li><strong>\u00c9vitez les rayures et la poussi\u00e8re sur vos montres.<\/strong><\/li>\n<li><strong>Parfait pour votre walk-in<\/strong><\/li>\n<\/ul>","protected":false},"featured_media":7560,"comment_status":"open","ping_status":"closed","template":"","meta":{"om_disable_all_campaigns":false,"_monsterinsights_skip_tracking":false,"_monsterinsights_sitenote_active":false,"_monsterinsights_sitenote_note":"","_monsterinsights_sitenote_category":0},"product_brand":[],"product_cat":[1041],"product_tag":[504,505,506,507,837],"class_list":{"0":"post-5584","1":"product","2":"type-product","3":"status-publish","4":"has-post-thumbnail","6":"product_cat-etuier-tilbehoer","7":"product_tag-aeske","8":"product_tag-boks","9":"product_tag-kasse","10":"product_tag-opbevaring","11":"product_tag-s1363","13":"first","14":"outofstock","15":"shipping-taxable","16":"purchasable","17":"product-type-simple"},"yoast_head":"<!-- This site is optimized with the Yoast SEO plugin v27.5 - https:\/\/yoast.com\/product\/yoast-seo-wordpress\/ -->\n<title>Opbevaringskasse til 10 ure | K\u00f8b online her | LOCS<\/title>\n<meta name=\"description\" content=\"K\u00f8b Opbevaringskasse til 10 ure her | EU&#039;s st\u00f8rste udvalg af LOCS solbriller | Vi sender fra EU - Ingen ekstra import udgifter\" \/>\n<meta name=\"robots\" content=\"index, follow, max-snippet:-1, max-image-preview:large, max-video-preview:-1\" \/>\n<link rel=\"canonical\" href=\"https:\/\/locsshop.eu\/fr\/shop\/opbevaringskasse-til-10-ure-2\/\" \/>\n<meta property=\"og:locale\" content=\"fr_FR\" \/>\n<meta property=\"og:type\" content=\"article\" \/>\n<meta property=\"og:title\" content=\"Opbevaringskasse til 10 ure | K\u00f8b online her | LOCS\" \/>\n<meta property=\"og:description\" content=\"K\u00f8b Opbevaringskasse til 10 ure her | EU&#039;s st\u00f8rste udvalg af LOCS solbriller | Vi sender fra EU - Ingen ekstra import udgifter\" \/>\n<meta property=\"og:url\" content=\"https:\/\/locsshop.eu\/fr\/shop\/opbevaringskasse-til-10-ure-2\/\" \/>\n<meta property=\"og:site_name\" content=\"Locs Sunglasses - LOCS Supplier in EU\" \/>\n<meta property=\"article:modified_time\" content=\"2024-07-13T18:19:07+00:00\" \/>\n<meta property=\"og:image\" content=\"https:\/\/locsshop.eu\/wp-content\/uploads\/2022\/02\/10789_4-1.jpg\" \/>\n\t<meta property=\"og:image:width\" content=\"800\" \/>\n\t<meta property=\"og:image:height\" content=\"800\" \/>\n\t<meta property=\"og:image:type\" content=\"image\/jpeg\" \/>\n<meta name=\"twitter:card\" content=\"summary_large_image\" \/>\n<meta name=\"twitter:label1\" content=\"Dur\u00e9e de lecture estim\u00e9e\" \/>\n\t<meta name=\"twitter:data1\" content=\"2 minutes\" \/>\n<script type=\"application\/ld+json\" class=\"yoast-schema-graph\">{\"@context\":\"https:\\\/\\\/schema.org\",\"@graph\":[{\"@type\":\"WebPage\",\"@id\":\"https:\\\/\\\/locsshop.eu\\\/shop\\\/opbevaringskasse-til-10-ure-2\\\/\",\"url\":\"https:\\\/\\\/locsshop.eu\\\/shop\\\/opbevaringskasse-til-10-ure-2\\\/\",\"name\":\"Opbevaringskasse til 10 ure | K\u00f8b online her | LOCS\",\"isPartOf\":{\"@id\":\"https:\\\/\\\/locsshop.eu\\\/#website\"},\"primaryImageOfPage\":{\"@id\":\"https:\\\/\\\/locsshop.eu\\\/shop\\\/opbevaringskasse-til-10-ure-2\\\/#primaryimage\"},\"image\":{\"@id\":\"https:\\\/\\\/locsshop.eu\\\/shop\\\/opbevaringskasse-til-10-ure-2\\\/#primaryimage\"},\"thumbnailUrl\":\"https:\\\/\\\/locsshop.eu\\\/wp-content\\\/uploads\\\/2022\\\/02\\\/10789_4-1.jpg\",\"datePublished\":\"2022-02-17T13:26:15+00:00\",\"dateModified\":\"2024-07-13T18:19:07+00:00\",\"description\":\"K\u00f8b Opbevaringskasse til 10 ure her | EU's st\u00f8rste udvalg af LOCS solbriller | Vi sender fra EU - Ingen ekstra import udgifter\",\"breadcrumb\":{\"@id\":\"https:\\\/\\\/locsshop.eu\\\/shop\\\/opbevaringskasse-til-10-ure-2\\\/#breadcrumb\"},\"inLanguage\":\"fr-FR\",\"potentialAction\":[{\"@type\":\"ReadAction\",\"target\":[\"https:\\\/\\\/locsshop.eu\\\/shop\\\/opbevaringskasse-til-10-ure-2\\\/\"]}]},{\"@type\":\"ImageObject\",\"inLanguage\":\"fr-FR\",\"@id\":\"https:\\\/\\\/locsshop.eu\\\/shop\\\/opbevaringskasse-til-10-ure-2\\\/#primaryimage\",\"url\":\"https:\\\/\\\/locsshop.eu\\\/wp-content\\\/uploads\\\/2022\\\/02\\\/10789_4-1.jpg\",\"contentUrl\":\"https:\\\/\\\/locsshop.eu\\\/wp-content\\\/uploads\\\/2022\\\/02\\\/10789_4-1.jpg\",\"width\":800,\"height\":800},{\"@type\":\"BreadcrumbList\",\"@id\":\"https:\\\/\\\/locsshop.eu\\\/shop\\\/opbevaringskasse-til-10-ure-2\\\/#breadcrumb\",\"itemListElement\":[{\"@type\":\"ListItem\",\"position\":1,\"name\":\"Hjem\",\"item\":\"https:\\\/\\\/locsshop.eu\\\/\"},{\"@type\":\"ListItem\",\"position\":2,\"name\":\"Shop\",\"item\":\"https:\\\/\\\/locsshop.eu\\\/shop\\\/\"},{\"@type\":\"ListItem\",\"position\":3,\"name\":\"Opbevaringskasse til 10 ure\"}]},{\"@type\":\"WebSite\",\"@id\":\"https:\\\/\\\/locsshop.eu\\\/#website\",\"url\":\"https:\\\/\\\/locsshop.eu\\\/\",\"name\":\"Locs Sunglasses - LOCS Supplier in EU\",\"description\":\"We sell cheap LOCS Sunglasses\",\"publisher\":{\"@id\":\"https:\\\/\\\/locsshop.eu\\\/#organization\"},\"potentialAction\":[{\"@type\":\"SearchAction\",\"target\":{\"@type\":\"EntryPoint\",\"urlTemplate\":\"https:\\\/\\\/locsshop.eu\\\/?s={search_term_string}\"},\"query-input\":{\"@type\":\"PropertyValueSpecification\",\"valueRequired\":true,\"valueName\":\"search_term_string\"}}],\"inLanguage\":\"fr-FR\"},{\"@type\":\"Organization\",\"@id\":\"https:\\\/\\\/locsshop.eu\\\/#organization\",\"name\":\"Locsshop.eu\",\"url\":\"https:\\\/\\\/locsshop.eu\\\/\",\"logo\":{\"@type\":\"ImageObject\",\"inLanguage\":\"fr-FR\",\"@id\":\"https:\\\/\\\/locsshop.eu\\\/#\\\/schema\\\/logo\\\/image\\\/\",\"url\":\"https:\\\/\\\/locsshop.eu\\\/wp-content\\\/uploads\\\/2022\\\/02\\\/Locsshop-logo.png\",\"contentUrl\":\"https:\\\/\\\/locsshop.eu\\\/wp-content\\\/uploads\\\/2022\\\/02\\\/Locsshop-logo.png\",\"width\":930,\"height\":200,\"caption\":\"Locsshop.eu\"},\"image\":{\"@id\":\"https:\\\/\\\/locsshop.eu\\\/#\\\/schema\\\/logo\\\/image\\\/\"}}]}<\/script>\n<!-- \/ Yoast SEO plugin. -->","yoast_head_json":{"title":"Bo\u00eete de rangement pour 10 montres | Achetez en ligne ici | LOCS","description":"Acheter Coffret de rangement pour 10 montres ici | La plus grande s\u00e9lection de lunettes de soleil LOCS de l&#039;UE | Nous exp\u00e9dions depuis l&#039;UE - Pas de frais d&#039;importation suppl\u00e9mentaires","robots":{"index":"index","follow":"follow","max-snippet":"max-snippet:-1","max-image-preview":"max-image-preview:large","max-video-preview":"max-video-preview:-1"},"canonical":"https:\/\/locsshop.eu\/fr\/shop\/opbevaringskasse-til-10-ure-2\/","og_locale":"fr_FR","og_type":"article","og_title":"Opbevaringskasse til 10 ure | K\u00f8b online her | LOCS","og_description":"K\u00f8b Opbevaringskasse til 10 ure her | EU's st\u00f8rste udvalg af LOCS solbriller | Vi sender fra EU - Ingen ekstra import udgifter","og_url":"https:\/\/locsshop.eu\/fr\/shop\/opbevaringskasse-til-10-ure-2\/","og_site_name":"Locs Sunglasses - LOCS Supplier in EU","article_modified_time":"2024-07-13T18:19:07+00:00","og_image":[{"width":800,"height":800,"url":"https:\/\/locsshop.eu\/wp-content\/uploads\/2022\/02\/10789_4-1.jpg","type":"image\/jpeg"}],"twitter_card":"summary_large_image","twitter_misc":{"Dur\u00e9e de lecture estim\u00e9e":"2 minutes"},"schema":{"@context":"https:\/\/schema.org","@graph":[{"@type":"WebPage","@id":"https:\/\/locsshop.eu\/shop\/opbevaringskasse-til-10-ure-2\/","url":"https:\/\/locsshop.eu\/shop\/opbevaringskasse-til-10-ure-2\/","name":"Bo\u00eete de rangement pour 10 montres | Achetez en ligne ici | LOCS","isPartOf":{"@id":"https:\/\/locsshop.eu\/#website"},"primaryImageOfPage":{"@id":"https:\/\/locsshop.eu\/shop\/opbevaringskasse-til-10-ure-2\/#primaryimage"},"image":{"@id":"https:\/\/locsshop.eu\/shop\/opbevaringskasse-til-10-ure-2\/#primaryimage"},"thumbnailUrl":"https:\/\/locsshop.eu\/wp-content\/uploads\/2022\/02\/10789_4-1.jpg","datePublished":"2022-02-17T13:26:15+00:00","dateModified":"2024-07-13T18:19:07+00:00","description":"Acheter Coffret de rangement pour 10 montres ici | La plus grande s\u00e9lection de lunettes de soleil LOCS de l&#039;UE | Nous exp\u00e9dions depuis l&#039;UE - Pas de frais d&#039;importation suppl\u00e9mentaires","breadcrumb":{"@id":"https:\/\/locsshop.eu\/shop\/opbevaringskasse-til-10-ure-2\/#breadcrumb"},"inLanguage":"fr-FR","potentialAction":[{"@type":"ReadAction","target":["https:\/\/locsshop.eu\/shop\/opbevaringskasse-til-10-ure-2\/"]}]},{"@type":"ImageObject","inLanguage":"fr-FR","@id":"https:\/\/locsshop.eu\/shop\/opbevaringskasse-til-10-ure-2\/#primaryimage","url":"https:\/\/locsshop.eu\/wp-content\/uploads\/2022\/02\/10789_4-1.jpg","contentUrl":"https:\/\/locsshop.eu\/wp-content\/uploads\/2022\/02\/10789_4-1.jpg","width":800,"height":800},{"@type":"BreadcrumbList","@id":"https:\/\/locsshop.eu\/shop\/opbevaringskasse-til-10-ure-2\/#breadcrumb","itemListElement":[{"@type":"ListItem","position":1,"name":"Hjem","item":"https:\/\/locsshop.eu\/"},{"@type":"ListItem","position":2,"name":"Shop","item":"https:\/\/locsshop.eu\/shop\/"},{"@type":"ListItem","position":3,"name":"Opbevaringskasse til 10 ure"}]},{"@type":"WebSite","@id":"https:\/\/locsshop.eu\/#website","url":"https:\/\/locsshop.eu\/","name":"Lunettes de soleil Locs - Fournisseur LOCS dans l&#039;UE","description":"Nous vendons des lunettes de soleil LOCS bon march\u00e9","publisher":{"@id":"https:\/\/locsshop.eu\/#organization"},"potentialAction":[{"@type":"SearchAction","target":{"@type":"EntryPoint","urlTemplate":"https:\/\/locsshop.eu\/?s={search_term_string}"},"query-input":{"@type":"PropertyValueSpecification","valueRequired":true,"valueName":"search_term_string"}}],"inLanguage":"fr-FR"},{"@type":"Organization","@id":"https:\/\/locsshop.eu\/#organization","name":"Locsshop.eu","url":"https:\/\/locsshop.eu\/","logo":{"@type":"ImageObject","inLanguage":"fr-FR","@id":"https:\/\/locsshop.eu\/#\/schema\/logo\/image\/","url":"https:\/\/locsshop.eu\/wp-content\/uploads\/2022\/02\/Locsshop-logo.png","contentUrl":"https:\/\/locsshop.eu\/wp-content\/uploads\/2022\/02\/Locsshop-logo.png","width":930,"height":200,"caption":"Locsshop.eu"},"image":{"@id":"https:\/\/locsshop.eu\/#\/schema\/logo\/image\/"}}]}},"_links":{"self":[{"href":"https:\/\/locsshop.eu\/fr\/wp-json\/wp\/v2\/product\/5584","targetHints":{"allow":["GET"]}}],"collection":[{"href":"https:\/\/locsshop.eu\/fr\/wp-json\/wp\/v2\/product"}],"about":[{"href":"https:\/\/locsshop.eu\/fr\/wp-json\/wp\/v2\/types\/product"}],"replies":[{"embeddable":true,"href":"https:\/\/locsshop.eu\/fr\/wp-json\/wp\/v2\/comments?post=5584"}],"wp:featuredmedia":[{"embeddable":true,"href":"https:\/\/locsshop.eu\/fr\/wp-json\/wp\/v2\/media\/7560"}],"wp:attachment":[{"href":"https:\/\/locsshop.eu\/fr\/wp-json\/wp\/v2\/media?parent=5584"}],"wp:term":[{"taxonomy":"product_brand","embeddable":true,"href":"https:\/\/locsshop.eu\/fr\/wp-json\/wp\/v2\/product_brand?post=5584"},{"taxonomy":"product_cat","embeddable":true,"href":"https:\/\/locsshop.eu\/fr\/wp-json\/wp\/v2\/product_cat?post=5584"},{"taxonomy":"product_tag","embeddable":true,"href":"https:\/\/locsshop.eu\/fr\/wp-json\/wp\/v2\/product_tag?post=5584"}],"curies":[{"name":"wp","href":"https:\/\/api.w.org\/{rel}","templated":true}]}}