{"id":6462,"date":"2020-04-26T10:59:01","date_gmt":"2020-04-26T08:59:01","guid":{"rendered":"https:\/\/locsshop.eu\/?post_type=product&#038;p=6462"},"modified":"2025-07-20T12:09:08","modified_gmt":"2025-07-20T10:09:08","slug":"capraia-rovello-sort-stel-og-moerke-glas","status":"publish","type":"product","link":"https:\/\/locsshop.eu\/fr\/shop\/capraia-rovello-sort-stel-og-moerke-glas\/","title":{"rendered":"Capraia Rovello \u2013 Monture noire et verres fonc\u00e9s"},"content":{"rendered":"<h2><strong>Lunettes de soleil Wayfarer m\u00e9ga cool avec verres fonc\u00e9s<\/strong><\/h2>\n<p>&nbsp;<\/p>\n<h4>Le mod\u00e8le Rovello de Capraia est une paire de lunettes de soleil Wayfarer cool fabriqu\u00e9e en TR90, un mat\u00e9riau l\u00e9ger, durable et flexible.<br \/>\nRovello convient aux hommes et aux femmes et a l&#039;air super cool.<\/h4>\n<h4>Il s&#039;agit d&#039;un cadre noir tr\u00e8s brillant avec des verres polaris\u00e9s fonc\u00e9s. De plus, le logo dor\u00e9 de Capraia se retrouve sur un verre, ce qui donne aux lunettes de soleil une tr\u00e8s belle finition et un look exclusif.<\/h4>\n<h4>Les lunettes de soleil Capraia sont de bonnes lunettes de soleil dans des mat\u00e9riaux qui sont utilis\u00e9s dans les lunettes de cr\u00e9ateurs co\u00fbteuses. Les lunettes de soleil sont livr\u00e9es dans une jolie bo\u00eete contenant un \u00e9tui pliable, qui ne prend pas beaucoup de place lorsque les lunettes de soleil sont utilis\u00e9es. Un chiffon de nettoyage est \u00e9galement inclus. Vous pouvez ainsi entretenir correctement vos lunettes de soleil. Il augmente la dur\u00e9e de vie.<\/h4>\n<h4>Achetez des lunettes de soleil Capraia - Vous en avez vraiment pour votre argent.<\/h4>\n<h4><\/h4>\n<p>&nbsp;<\/p>\n<h4><strong><em>D\u00e9tails:<\/em><\/strong><\/h4>\n<p>Largeur : 13,6 cm.<br \/>\nHauteur : 4,9cm.<br \/>\nLongueur du bras : 15,6 cm.<br \/>\nMat\u00e9riel: TR90<br \/>\nVerres polaris\u00e9s<br \/>\nProtection UV400<br \/>\nHomologu\u00e9 CE<br \/>\n<img loading=\"lazy\" decoding=\"async\" class=\"alignnone size-full wp-image-4007\" src=\"https:\/\/billigsolbrille.dk\/wp-content\/uploads\/2020\/04\/capraia-logo.jpg\" alt=\"\" width=\"200\" height=\"200\" \/><\/p>","protected":false},"excerpt":{"rendered":"<p><strong>Capraia Rovello<\/strong><br \/>\nMonture noire \u2013 Verres fonc\u00e9s<br \/>\nTR90<br \/>\nVerres polaris\u00e9s<br \/>\nUV400<br \/>\nApprouv\u00e9 CE<br \/>\n<img loading=\"lazy\" decoding=\"async\" class=\"alignnone size-full wp-image-4017\" src=\"https:\/\/billigsolbrille.dk\/wp-content\/uploads\/2020\/04\/Capraia-logo-black.jpg\" alt=\"\" width=\"200\" height=\"98\" \/><\/p>","protected":false},"featured_media":8540,"comment_status":"closed","ping_status":"closed","template":"","meta":{"om_disable_all_campaigns":false,"_monsterinsights_skip_tracking":false,"_monsterinsights_sitenote_active":false,"_monsterinsights_sitenote_note":"","_monsterinsights_sitenote_category":0},"product_brand":[],"product_cat":[1206,1049],"product_tag":[769,807,635,634,461],"class_list":{"0":"post-6462","1":"product","2":"type-product","3":"status-publish","4":"has-post-thumbnail","6":"product_cat-capraia-solbriller","7":"product_cat-premium-solbriller","8":"product_tag-ph4131","9":"product_tag-rovello1","10":"product_tag-s2829","11":"product_tag-s2869","12":"product_tag-sort","14":"first","15":"instock","16":"shipping-taxable","17":"purchasable","18":"product-type-simple"},"yoast_head":"<!-- This site is optimized with the Yoast SEO plugin v27.5 - https:\/\/yoast.com\/product\/yoast-seo-wordpress\/ -->\n<title>Capraia Rovello - Sort stel og m\u00f8rke glas | K\u00f8b online her | LOCS<\/title>\n<meta name=\"description\" content=\"K\u00f8b Capraia Rovello - Sort stel og m\u00f8rke glas her | EU&#039;s st\u00f8rste udvalg af LOCS solbriller | Vi sender fra EU - Ingen ekstra import udgifter\" \/>\n<meta name=\"robots\" content=\"index, follow, max-snippet:-1, max-image-preview:large, max-video-preview:-1\" \/>\n<link rel=\"canonical\" href=\"https:\/\/locsshop.eu\/fr\/shop\/capraia-rovello-sort-stel-og-moerke-glas\/\" \/>\n<meta property=\"og:locale\" content=\"fr_FR\" \/>\n<meta property=\"og:type\" content=\"article\" \/>\n<meta property=\"og:title\" content=\"Capraia Rovello - Sort stel og m\u00f8rke glas | K\u00f8b online her | LOCS\" \/>\n<meta property=\"og:description\" content=\"K\u00f8b Capraia Rovello - Sort stel og m\u00f8rke glas her | EU&#039;s st\u00f8rste udvalg af LOCS solbriller | Vi sender fra EU - Ingen ekstra import udgifter\" \/>\n<meta property=\"og:url\" content=\"https:\/\/locsshop.eu\/fr\/shop\/capraia-rovello-sort-stel-og-moerke-glas\/\" \/>\n<meta property=\"og:site_name\" content=\"Locs Sunglasses - LOCS Supplier in EU\" \/>\n<meta property=\"article:modified_time\" content=\"2025-07-20T10:09:08+00:00\" \/>\n<meta property=\"og:image\" content=\"https:\/\/locsshop.eu\/wp-content\/uploads\/2020\/04\/Rovello1-2-1.jpg\" \/>\n\t<meta property=\"og:image:width\" content=\"1000\" \/>\n\t<meta property=\"og:image:height\" content=\"1000\" \/>\n\t<meta property=\"og:image:type\" content=\"image\/jpeg\" \/>\n<meta name=\"twitter:card\" content=\"summary_large_image\" \/>\n<meta name=\"twitter:label1\" content=\"Dur\u00e9e de lecture estim\u00e9e\" \/>\n\t<meta name=\"twitter:data1\" content=\"1 minute\" \/>\n<script type=\"application\/ld+json\" class=\"yoast-schema-graph\">{\"@context\":\"https:\\\/\\\/schema.org\",\"@graph\":[{\"@type\":\"WebPage\",\"@id\":\"https:\\\/\\\/locsshop.eu\\\/shop\\\/capraia-rovello-sort-stel-og-moerke-glas\\\/\",\"url\":\"https:\\\/\\\/locsshop.eu\\\/shop\\\/capraia-rovello-sort-stel-og-moerke-glas\\\/\",\"name\":\"Capraia Rovello - Sort stel og m\u00f8rke glas | K\u00f8b online her | LOCS\",\"isPartOf\":{\"@id\":\"https:\\\/\\\/locsshop.eu\\\/#website\"},\"primaryImageOfPage\":{\"@id\":\"https:\\\/\\\/locsshop.eu\\\/shop\\\/capraia-rovello-sort-stel-og-moerke-glas\\\/#primaryimage\"},\"image\":{\"@id\":\"https:\\\/\\\/locsshop.eu\\\/shop\\\/capraia-rovello-sort-stel-og-moerke-glas\\\/#primaryimage\"},\"thumbnailUrl\":\"https:\\\/\\\/locsshop.eu\\\/wp-content\\\/uploads\\\/2020\\\/04\\\/Rovello1-2-1.jpg\",\"datePublished\":\"2020-04-26T08:59:01+00:00\",\"dateModified\":\"2025-07-20T10:09:08+00:00\",\"description\":\"K\u00f8b Capraia Rovello - Sort stel og m\u00f8rke glas her | EU's st\u00f8rste udvalg af LOCS solbriller | Vi sender fra EU - Ingen ekstra import udgifter\",\"breadcrumb\":{\"@id\":\"https:\\\/\\\/locsshop.eu\\\/shop\\\/capraia-rovello-sort-stel-og-moerke-glas\\\/#breadcrumb\"},\"inLanguage\":\"fr-FR\",\"potentialAction\":[{\"@type\":\"ReadAction\",\"target\":[\"https:\\\/\\\/locsshop.eu\\\/shop\\\/capraia-rovello-sort-stel-og-moerke-glas\\\/\"]}]},{\"@type\":\"ImageObject\",\"inLanguage\":\"fr-FR\",\"@id\":\"https:\\\/\\\/locsshop.eu\\\/shop\\\/capraia-rovello-sort-stel-og-moerke-glas\\\/#primaryimage\",\"url\":\"https:\\\/\\\/locsshop.eu\\\/wp-content\\\/uploads\\\/2020\\\/04\\\/Rovello1-2-1.jpg\",\"contentUrl\":\"https:\\\/\\\/locsshop.eu\\\/wp-content\\\/uploads\\\/2020\\\/04\\\/Rovello1-2-1.jpg\",\"width\":1000,\"height\":1000},{\"@type\":\"BreadcrumbList\",\"@id\":\"https:\\\/\\\/locsshop.eu\\\/shop\\\/capraia-rovello-sort-stel-og-moerke-glas\\\/#breadcrumb\",\"itemListElement\":[{\"@type\":\"ListItem\",\"position\":1,\"name\":\"Hjem\",\"item\":\"https:\\\/\\\/locsshop.eu\\\/\"},{\"@type\":\"ListItem\",\"position\":2,\"name\":\"Shop\",\"item\":\"https:\\\/\\\/locsshop.eu\\\/shop\\\/\"},{\"@type\":\"ListItem\",\"position\":3,\"name\":\"Capraia Rovello &#8211; Sort stel og m\u00f8rke glas\"}]},{\"@type\":\"WebSite\",\"@id\":\"https:\\\/\\\/locsshop.eu\\\/#website\",\"url\":\"https:\\\/\\\/locsshop.eu\\\/\",\"name\":\"Locs Sunglasses - LOCS Supplier in EU\",\"description\":\"We sell cheap LOCS Sunglasses\",\"publisher\":{\"@id\":\"https:\\\/\\\/locsshop.eu\\\/#organization\"},\"potentialAction\":[{\"@type\":\"SearchAction\",\"target\":{\"@type\":\"EntryPoint\",\"urlTemplate\":\"https:\\\/\\\/locsshop.eu\\\/?s={search_term_string}\"},\"query-input\":{\"@type\":\"PropertyValueSpecification\",\"valueRequired\":true,\"valueName\":\"search_term_string\"}}],\"inLanguage\":\"fr-FR\"},{\"@type\":\"Organization\",\"@id\":\"https:\\\/\\\/locsshop.eu\\\/#organization\",\"name\":\"Locsshop.eu\",\"url\":\"https:\\\/\\\/locsshop.eu\\\/\",\"logo\":{\"@type\":\"ImageObject\",\"inLanguage\":\"fr-FR\",\"@id\":\"https:\\\/\\\/locsshop.eu\\\/#\\\/schema\\\/logo\\\/image\\\/\",\"url\":\"https:\\\/\\\/locsshop.eu\\\/wp-content\\\/uploads\\\/2022\\\/02\\\/Locsshop-logo.png\",\"contentUrl\":\"https:\\\/\\\/locsshop.eu\\\/wp-content\\\/uploads\\\/2022\\\/02\\\/Locsshop-logo.png\",\"width\":930,\"height\":200,\"caption\":\"Locsshop.eu\"},\"image\":{\"@id\":\"https:\\\/\\\/locsshop.eu\\\/#\\\/schema\\\/logo\\\/image\\\/\"}}]}<\/script>\n<!-- \/ Yoast SEO plugin. -->","yoast_head_json":{"title":"Capraia Rovello - Monture noire et verres fonc\u00e9s | Achetez en ligne ici | LOCS","description":"Achetez Capraia Rovello - Monture noire et verres fonc\u00e9s ici | La plus grande s\u00e9lection de lunettes de soleil LOCS de l&#039;UE | Nous exp\u00e9dions depuis l&#039;UE - Pas de frais d&#039;importation suppl\u00e9mentaires","robots":{"index":"index","follow":"follow","max-snippet":"max-snippet:-1","max-image-preview":"max-image-preview:large","max-video-preview":"max-video-preview:-1"},"canonical":"https:\/\/locsshop.eu\/fr\/shop\/capraia-rovello-sort-stel-og-moerke-glas\/","og_locale":"fr_FR","og_type":"article","og_title":"Capraia Rovello - Sort stel og m\u00f8rke glas | K\u00f8b online her | LOCS","og_description":"K\u00f8b Capraia Rovello - Sort stel og m\u00f8rke glas her | EU's st\u00f8rste udvalg af LOCS solbriller | Vi sender fra EU - Ingen ekstra import udgifter","og_url":"https:\/\/locsshop.eu\/fr\/shop\/capraia-rovello-sort-stel-og-moerke-glas\/","og_site_name":"Locs Sunglasses - LOCS Supplier in EU","article_modified_time":"2025-07-20T10:09:08+00:00","og_image":[{"width":1000,"height":1000,"url":"https:\/\/locsshop.eu\/wp-content\/uploads\/2020\/04\/Rovello1-2-1.jpg","type":"image\/jpeg"}],"twitter_card":"summary_large_image","twitter_misc":{"Dur\u00e9e de lecture estim\u00e9e":"1 minute"},"schema":{"@context":"https:\/\/schema.org","@graph":[{"@type":"WebPage","@id":"https:\/\/locsshop.eu\/shop\/capraia-rovello-sort-stel-og-moerke-glas\/","url":"https:\/\/locsshop.eu\/shop\/capraia-rovello-sort-stel-og-moerke-glas\/","name":"Capraia Rovello - Monture noire et verres fonc\u00e9s | Achetez en ligne ici | LOCS","isPartOf":{"@id":"https:\/\/locsshop.eu\/#website"},"primaryImageOfPage":{"@id":"https:\/\/locsshop.eu\/shop\/capraia-rovello-sort-stel-og-moerke-glas\/#primaryimage"},"image":{"@id":"https:\/\/locsshop.eu\/shop\/capraia-rovello-sort-stel-og-moerke-glas\/#primaryimage"},"thumbnailUrl":"https:\/\/locsshop.eu\/wp-content\/uploads\/2020\/04\/Rovello1-2-1.jpg","datePublished":"2020-04-26T08:59:01+00:00","dateModified":"2025-07-20T10:09:08+00:00","description":"Achetez Capraia Rovello - Monture noire et verres fonc\u00e9s ici | La plus grande s\u00e9lection de lunettes de soleil LOCS de l&#039;UE | Nous exp\u00e9dions depuis l&#039;UE - Pas de frais d&#039;importation suppl\u00e9mentaires","breadcrumb":{"@id":"https:\/\/locsshop.eu\/shop\/capraia-rovello-sort-stel-og-moerke-glas\/#breadcrumb"},"inLanguage":"fr-FR","potentialAction":[{"@type":"ReadAction","target":["https:\/\/locsshop.eu\/shop\/capraia-rovello-sort-stel-og-moerke-glas\/"]}]},{"@type":"ImageObject","inLanguage":"fr-FR","@id":"https:\/\/locsshop.eu\/shop\/capraia-rovello-sort-stel-og-moerke-glas\/#primaryimage","url":"https:\/\/locsshop.eu\/wp-content\/uploads\/2020\/04\/Rovello1-2-1.jpg","contentUrl":"https:\/\/locsshop.eu\/wp-content\/uploads\/2020\/04\/Rovello1-2-1.jpg","width":1000,"height":1000},{"@type":"BreadcrumbList","@id":"https:\/\/locsshop.eu\/shop\/capraia-rovello-sort-stel-og-moerke-glas\/#breadcrumb","itemListElement":[{"@type":"ListItem","position":1,"name":"Hjem","item":"https:\/\/locsshop.eu\/"},{"@type":"ListItem","position":2,"name":"Shop","item":"https:\/\/locsshop.eu\/shop\/"},{"@type":"ListItem","position":3,"name":"Capraia Rovello &#8211; Sort stel og m\u00f8rke glas"}]},{"@type":"WebSite","@id":"https:\/\/locsshop.eu\/#website","url":"https:\/\/locsshop.eu\/","name":"Lunettes de soleil Locs - Fournisseur LOCS dans l&#039;UE","description":"Nous vendons des lunettes de soleil LOCS bon march\u00e9","publisher":{"@id":"https:\/\/locsshop.eu\/#organization"},"potentialAction":[{"@type":"SearchAction","target":{"@type":"EntryPoint","urlTemplate":"https:\/\/locsshop.eu\/?s={search_term_string}"},"query-input":{"@type":"PropertyValueSpecification","valueRequired":true,"valueName":"search_term_string"}}],"inLanguage":"fr-FR"},{"@type":"Organization","@id":"https:\/\/locsshop.eu\/#organization","name":"Locsshop.eu","url":"https:\/\/locsshop.eu\/","logo":{"@type":"ImageObject","inLanguage":"fr-FR","@id":"https:\/\/locsshop.eu\/#\/schema\/logo\/image\/","url":"https:\/\/locsshop.eu\/wp-content\/uploads\/2022\/02\/Locsshop-logo.png","contentUrl":"https:\/\/locsshop.eu\/wp-content\/uploads\/2022\/02\/Locsshop-logo.png","width":930,"height":200,"caption":"Locsshop.eu"},"image":{"@id":"https:\/\/locsshop.eu\/#\/schema\/logo\/image\/"}}]}},"_links":{"self":[{"href":"https:\/\/locsshop.eu\/fr\/wp-json\/wp\/v2\/product\/6462","targetHints":{"allow":["GET"]}}],"collection":[{"href":"https:\/\/locsshop.eu\/fr\/wp-json\/wp\/v2\/product"}],"about":[{"href":"https:\/\/locsshop.eu\/fr\/wp-json\/wp\/v2\/types\/product"}],"replies":[{"embeddable":true,"href":"https:\/\/locsshop.eu\/fr\/wp-json\/wp\/v2\/comments?post=6462"}],"wp:featuredmedia":[{"embeddable":true,"href":"https:\/\/locsshop.eu\/fr\/wp-json\/wp\/v2\/media\/8540"}],"wp:attachment":[{"href":"https:\/\/locsshop.eu\/fr\/wp-json\/wp\/v2\/media?parent=6462"}],"wp:term":[{"taxonomy":"product_brand","embeddable":true,"href":"https:\/\/locsshop.eu\/fr\/wp-json\/wp\/v2\/product_brand?post=6462"},{"taxonomy":"product_cat","embeddable":true,"href":"https:\/\/locsshop.eu\/fr\/wp-json\/wp\/v2\/product_cat?post=6462"},{"taxonomy":"product_tag","embeddable":true,"href":"https:\/\/locsshop.eu\/fr\/wp-json\/wp\/v2\/product_tag?post=6462"}],"curies":[{"name":"wp","href":"https:\/\/api.w.org\/{rel}","templated":true}]}}