{"id":7035,"date":"2020-03-07T00:35:02","date_gmt":"2020-03-06T23:35:02","guid":{"rendered":"https:\/\/locsshop.eu\/shop\/lilla-og-sorte-wayfarer-boernesolbriller\/"},"modified":"2024-08-06T11:29:29","modified_gmt":"2024-08-06T09:29:29","slug":"lilla-og-sorte-wayfarer-boernesolbriller","status":"publish","type":"product","link":"https:\/\/locsshop.eu\/fr\/shop\/lilla-og-sorte-wayfarer-boernesolbriller\/","title":{"rendered":"Lunettes de soleil enfant Wayfarer violettes et noires"},"content":{"rendered":"<h2>Lunettes de soleil enfant Wayfarer violet et noir verres miroir<\/h2>\n<p>Super belles lunettes de soleil pour enfants dans le mod\u00e8le Wayfarer avec des verres miroir color\u00e9s et une surface mate qui rend les lunettes de soleil agr\u00e9ables au toucher et donne un look cool.<br \/>\nLes lunettes de soleil sont bicolores ce qui donne un look cool aux rayons du soleil.<br \/>\nDes lunettes de soleil vraiment cool qui offrent aux yeux de votre enfant une bonne protection contre le soleil d&#039;\u00e9t\u00e9.<\/p>\n<p>Mat\u00e9riel: Plastique<br \/>\nSurface : Mat<br \/>\nProtection UV400<br \/>\nHomologu\u00e9 CE<\/p>","protected":false},"excerpt":{"rendered":"<p>Lunettes de soleil Wayfarer miroir violet et noir pour enfants<\/p>\n<p>Protection UV400<\/p>\n<p>Marquage CE<\/p>","protected":false},"featured_media":8389,"comment_status":"open","ping_status":"closed","template":"","meta":{"om_disable_all_campaigns":false,"_monsterinsights_skip_tracking":false,"_monsterinsights_sitenote_active":false,"_monsterinsights_sitenote_note":"","_monsterinsights_sitenote_category":0},"product_brand":[],"product_cat":[1043,1025,1045],"product_tag":[776,1533,870,769,732,744,461],"class_list":{"0":"post-7035","1":"product","2":"type-product","3":"status-publish","4":"has-post-thumbnail","6":"product_cat-boerne-solbriller","7":"product_cat-billige-solbriller","8":"product_cat-wayfarer-boerne-solbriller","9":"product_tag-giorgio","10":"product_tag-k917","11":"product_tag-p693","12":"product_tag-ph4131","13":"product_tag-s1367","14":"product_tag-s489","15":"product_tag-sort","17":"first","18":"outofstock","19":"shipping-taxable","20":"purchasable","21":"product-type-simple"},"yoast_head":"<!-- This site is optimized with the Yoast SEO plugin v27.5 - https:\/\/yoast.com\/product\/yoast-seo-wordpress\/ -->\n<title>Lilla og sorte Wayfarer b\u00f8rnesolbriller | K\u00f8b online her | LOCS<\/title>\n<meta name=\"description\" content=\"K\u00f8b Lilla og sorte Wayfarer b\u00f8rnesolbriller her | EU&#039;s st\u00f8rste udvalg af LOCS solbriller | Vi sender fra EU - Ingen ekstra import udgifter\" \/>\n<meta name=\"robots\" content=\"index, follow, max-snippet:-1, max-image-preview:large, max-video-preview:-1\" \/>\n<link rel=\"canonical\" href=\"https:\/\/locsshop.eu\/fr\/shop\/lilla-og-sorte-wayfarer-boernesolbriller\/\" \/>\n<meta property=\"og:locale\" content=\"fr_FR\" \/>\n<meta property=\"og:type\" content=\"article\" \/>\n<meta property=\"og:title\" content=\"Lilla og sorte Wayfarer b\u00f8rnesolbriller | K\u00f8b online her | LOCS\" \/>\n<meta property=\"og:description\" content=\"K\u00f8b Lilla og sorte Wayfarer b\u00f8rnesolbriller her | EU&#039;s st\u00f8rste udvalg af LOCS solbriller | Vi sender fra EU - Ingen ekstra import udgifter\" \/>\n<meta property=\"og:url\" content=\"https:\/\/locsshop.eu\/fr\/shop\/lilla-og-sorte-wayfarer-boernesolbriller\/\" \/>\n<meta property=\"og:site_name\" content=\"Locs Sunglasses - LOCS Supplier in EU\" \/>\n<meta property=\"article:modified_time\" content=\"2024-08-06T09:29:29+00:00\" \/>\n<meta property=\"og:image\" content=\"https:\/\/locsshop.eu\/wp-content\/uploads\/2020\/03\/K917-PE-1.jpg\" \/>\n\t<meta property=\"og:image:width\" content=\"800\" \/>\n\t<meta property=\"og:image:height\" content=\"800\" \/>\n\t<meta property=\"og:image:type\" content=\"image\/jpeg\" \/>\n<meta name=\"twitter:card\" content=\"summary_large_image\" \/>\n<script type=\"application\/ld+json\" class=\"yoast-schema-graph\">{\"@context\":\"https:\\\/\\\/schema.org\",\"@graph\":[{\"@type\":\"WebPage\",\"@id\":\"https:\\\/\\\/locsshop.eu\\\/shop\\\/lilla-og-sorte-wayfarer-boernesolbriller\\\/\",\"url\":\"https:\\\/\\\/locsshop.eu\\\/shop\\\/lilla-og-sorte-wayfarer-boernesolbriller\\\/\",\"name\":\"Lilla og sorte Wayfarer b\u00f8rnesolbriller | K\u00f8b online her | LOCS\",\"isPartOf\":{\"@id\":\"https:\\\/\\\/locsshop.eu\\\/#website\"},\"primaryImageOfPage\":{\"@id\":\"https:\\\/\\\/locsshop.eu\\\/shop\\\/lilla-og-sorte-wayfarer-boernesolbriller\\\/#primaryimage\"},\"image\":{\"@id\":\"https:\\\/\\\/locsshop.eu\\\/shop\\\/lilla-og-sorte-wayfarer-boernesolbriller\\\/#primaryimage\"},\"thumbnailUrl\":\"https:\\\/\\\/locsshop.eu\\\/wp-content\\\/uploads\\\/2020\\\/03\\\/K917-PE-1.jpg\",\"datePublished\":\"2020-03-06T23:35:02+00:00\",\"dateModified\":\"2024-08-06T09:29:29+00:00\",\"description\":\"K\u00f8b Lilla og sorte Wayfarer b\u00f8rnesolbriller her | EU's st\u00f8rste udvalg af LOCS solbriller | Vi sender fra EU - Ingen ekstra import udgifter\",\"breadcrumb\":{\"@id\":\"https:\\\/\\\/locsshop.eu\\\/shop\\\/lilla-og-sorte-wayfarer-boernesolbriller\\\/#breadcrumb\"},\"inLanguage\":\"fr-FR\",\"potentialAction\":[{\"@type\":\"ReadAction\",\"target\":[\"https:\\\/\\\/locsshop.eu\\\/shop\\\/lilla-og-sorte-wayfarer-boernesolbriller\\\/\"]}]},{\"@type\":\"ImageObject\",\"inLanguage\":\"fr-FR\",\"@id\":\"https:\\\/\\\/locsshop.eu\\\/shop\\\/lilla-og-sorte-wayfarer-boernesolbriller\\\/#primaryimage\",\"url\":\"https:\\\/\\\/locsshop.eu\\\/wp-content\\\/uploads\\\/2020\\\/03\\\/K917-PE-1.jpg\",\"contentUrl\":\"https:\\\/\\\/locsshop.eu\\\/wp-content\\\/uploads\\\/2020\\\/03\\\/K917-PE-1.jpg\",\"width\":800,\"height\":800},{\"@type\":\"BreadcrumbList\",\"@id\":\"https:\\\/\\\/locsshop.eu\\\/shop\\\/lilla-og-sorte-wayfarer-boernesolbriller\\\/#breadcrumb\",\"itemListElement\":[{\"@type\":\"ListItem\",\"position\":1,\"name\":\"Hjem\",\"item\":\"https:\\\/\\\/locsshop.eu\\\/\"},{\"@type\":\"ListItem\",\"position\":2,\"name\":\"Shop\",\"item\":\"https:\\\/\\\/locsshop.eu\\\/shop\\\/\"},{\"@type\":\"ListItem\",\"position\":3,\"name\":\"Lilla og sorte Wayfarer b\u00f8rnesolbriller\"}]},{\"@type\":\"WebSite\",\"@id\":\"https:\\\/\\\/locsshop.eu\\\/#website\",\"url\":\"https:\\\/\\\/locsshop.eu\\\/\",\"name\":\"Locs Sunglasses - LOCS Supplier in EU\",\"description\":\"We sell cheap LOCS Sunglasses\",\"publisher\":{\"@id\":\"https:\\\/\\\/locsshop.eu\\\/#organization\"},\"potentialAction\":[{\"@type\":\"SearchAction\",\"target\":{\"@type\":\"EntryPoint\",\"urlTemplate\":\"https:\\\/\\\/locsshop.eu\\\/?s={search_term_string}\"},\"query-input\":{\"@type\":\"PropertyValueSpecification\",\"valueRequired\":true,\"valueName\":\"search_term_string\"}}],\"inLanguage\":\"fr-FR\"},{\"@type\":\"Organization\",\"@id\":\"https:\\\/\\\/locsshop.eu\\\/#organization\",\"name\":\"Locsshop.eu\",\"url\":\"https:\\\/\\\/locsshop.eu\\\/\",\"logo\":{\"@type\":\"ImageObject\",\"inLanguage\":\"fr-FR\",\"@id\":\"https:\\\/\\\/locsshop.eu\\\/#\\\/schema\\\/logo\\\/image\\\/\",\"url\":\"https:\\\/\\\/locsshop.eu\\\/wp-content\\\/uploads\\\/2022\\\/02\\\/Locsshop-logo.png\",\"contentUrl\":\"https:\\\/\\\/locsshop.eu\\\/wp-content\\\/uploads\\\/2022\\\/02\\\/Locsshop-logo.png\",\"width\":930,\"height\":200,\"caption\":\"Locsshop.eu\"},\"image\":{\"@id\":\"https:\\\/\\\/locsshop.eu\\\/#\\\/schema\\\/logo\\\/image\\\/\"}}]}<\/script>\n<!-- \/ Yoast SEO plugin. -->","yoast_head_json":{"title":"Lunettes de soleil pour enfants Wayfarer violettes et noires | Achetez en ligne ici | LOCS","description":"Achetez des lunettes de soleil pour enfants Wayfarer violettes et noires ici | La plus grande s\u00e9lection de lunettes de soleil LOCS de l&#039;UE | Nous exp\u00e9dions depuis l&#039;UE - Pas de frais d&#039;importation suppl\u00e9mentaires","robots":{"index":"index","follow":"follow","max-snippet":"max-snippet:-1","max-image-preview":"max-image-preview:large","max-video-preview":"max-video-preview:-1"},"canonical":"https:\/\/locsshop.eu\/fr\/shop\/lilla-og-sorte-wayfarer-boernesolbriller\/","og_locale":"fr_FR","og_type":"article","og_title":"Lilla og sorte Wayfarer b\u00f8rnesolbriller | K\u00f8b online her | LOCS","og_description":"K\u00f8b Lilla og sorte Wayfarer b\u00f8rnesolbriller her | EU's st\u00f8rste udvalg af LOCS solbriller | Vi sender fra EU - Ingen ekstra import udgifter","og_url":"https:\/\/locsshop.eu\/fr\/shop\/lilla-og-sorte-wayfarer-boernesolbriller\/","og_site_name":"Locs Sunglasses - LOCS Supplier in EU","article_modified_time":"2024-08-06T09:29:29+00:00","og_image":[{"width":800,"height":800,"url":"https:\/\/locsshop.eu\/wp-content\/uploads\/2020\/03\/K917-PE-1.jpg","type":"image\/jpeg"}],"twitter_card":"summary_large_image","schema":{"@context":"https:\/\/schema.org","@graph":[{"@type":"WebPage","@id":"https:\/\/locsshop.eu\/shop\/lilla-og-sorte-wayfarer-boernesolbriller\/","url":"https:\/\/locsshop.eu\/shop\/lilla-og-sorte-wayfarer-boernesolbriller\/","name":"Lunettes de soleil pour enfants Wayfarer violettes et noires | Achetez en ligne ici | LOCS","isPartOf":{"@id":"https:\/\/locsshop.eu\/#website"},"primaryImageOfPage":{"@id":"https:\/\/locsshop.eu\/shop\/lilla-og-sorte-wayfarer-boernesolbriller\/#primaryimage"},"image":{"@id":"https:\/\/locsshop.eu\/shop\/lilla-og-sorte-wayfarer-boernesolbriller\/#primaryimage"},"thumbnailUrl":"https:\/\/locsshop.eu\/wp-content\/uploads\/2020\/03\/K917-PE-1.jpg","datePublished":"2020-03-06T23:35:02+00:00","dateModified":"2024-08-06T09:29:29+00:00","description":"Achetez des lunettes de soleil pour enfants Wayfarer violettes et noires ici | La plus grande s\u00e9lection de lunettes de soleil LOCS de l&#039;UE | Nous exp\u00e9dions depuis l&#039;UE - Pas de frais d&#039;importation suppl\u00e9mentaires","breadcrumb":{"@id":"https:\/\/locsshop.eu\/shop\/lilla-og-sorte-wayfarer-boernesolbriller\/#breadcrumb"},"inLanguage":"fr-FR","potentialAction":[{"@type":"ReadAction","target":["https:\/\/locsshop.eu\/shop\/lilla-og-sorte-wayfarer-boernesolbriller\/"]}]},{"@type":"ImageObject","inLanguage":"fr-FR","@id":"https:\/\/locsshop.eu\/shop\/lilla-og-sorte-wayfarer-boernesolbriller\/#primaryimage","url":"https:\/\/locsshop.eu\/wp-content\/uploads\/2020\/03\/K917-PE-1.jpg","contentUrl":"https:\/\/locsshop.eu\/wp-content\/uploads\/2020\/03\/K917-PE-1.jpg","width":800,"height":800},{"@type":"BreadcrumbList","@id":"https:\/\/locsshop.eu\/shop\/lilla-og-sorte-wayfarer-boernesolbriller\/#breadcrumb","itemListElement":[{"@type":"ListItem","position":1,"name":"Hjem","item":"https:\/\/locsshop.eu\/"},{"@type":"ListItem","position":2,"name":"Shop","item":"https:\/\/locsshop.eu\/shop\/"},{"@type":"ListItem","position":3,"name":"Lilla og sorte Wayfarer b\u00f8rnesolbriller"}]},{"@type":"WebSite","@id":"https:\/\/locsshop.eu\/#website","url":"https:\/\/locsshop.eu\/","name":"Lunettes de soleil Locs - Fournisseur LOCS dans l&#039;UE","description":"Nous vendons des lunettes de soleil LOCS bon march\u00e9","publisher":{"@id":"https:\/\/locsshop.eu\/#organization"},"potentialAction":[{"@type":"SearchAction","target":{"@type":"EntryPoint","urlTemplate":"https:\/\/locsshop.eu\/?s={search_term_string}"},"query-input":{"@type":"PropertyValueSpecification","valueRequired":true,"valueName":"search_term_string"}}],"inLanguage":"fr-FR"},{"@type":"Organization","@id":"https:\/\/locsshop.eu\/#organization","name":"Locsshop.eu","url":"https:\/\/locsshop.eu\/","logo":{"@type":"ImageObject","inLanguage":"fr-FR","@id":"https:\/\/locsshop.eu\/#\/schema\/logo\/image\/","url":"https:\/\/locsshop.eu\/wp-content\/uploads\/2022\/02\/Locsshop-logo.png","contentUrl":"https:\/\/locsshop.eu\/wp-content\/uploads\/2022\/02\/Locsshop-logo.png","width":930,"height":200,"caption":"Locsshop.eu"},"image":{"@id":"https:\/\/locsshop.eu\/#\/schema\/logo\/image\/"}}]}},"_links":{"self":[{"href":"https:\/\/locsshop.eu\/fr\/wp-json\/wp\/v2\/product\/7035","targetHints":{"allow":["GET"]}}],"collection":[{"href":"https:\/\/locsshop.eu\/fr\/wp-json\/wp\/v2\/product"}],"about":[{"href":"https:\/\/locsshop.eu\/fr\/wp-json\/wp\/v2\/types\/product"}],"replies":[{"embeddable":true,"href":"https:\/\/locsshop.eu\/fr\/wp-json\/wp\/v2\/comments?post=7035"}],"wp:featuredmedia":[{"embeddable":true,"href":"https:\/\/locsshop.eu\/fr\/wp-json\/wp\/v2\/media\/8389"}],"wp:attachment":[{"href":"https:\/\/locsshop.eu\/fr\/wp-json\/wp\/v2\/media?parent=7035"}],"wp:term":[{"taxonomy":"product_brand","embeddable":true,"href":"https:\/\/locsshop.eu\/fr\/wp-json\/wp\/v2\/product_brand?post=7035"},{"taxonomy":"product_cat","embeddable":true,"href":"https:\/\/locsshop.eu\/fr\/wp-json\/wp\/v2\/product_cat?post=7035"},{"taxonomy":"product_tag","embeddable":true,"href":"https:\/\/locsshop.eu\/fr\/wp-json\/wp\/v2\/product_tag?post=7035"}],"curies":[{"name":"wp","href":"https:\/\/api.w.org\/{rel}","templated":true}]}}