{"id":7049,"date":"2019-10-10T23:16:27","date_gmt":"2019-10-10T21:16:27","guid":{"rendered":"https:\/\/locsshop.eu\/shop\/anti-blaa-lys-gaming-gamer-briller-combina-eyewear\/"},"modified":"2026-05-03T14:45:33","modified_gmt":"2026-05-03T12:45:33","slug":"anti-blaa-lys-briller-gaming-briller-combina-eyewear","status":"publish","type":"product","link":"https:\/\/locsshop.eu\/fr\/shop\/anti-blaa-lys-briller-gaming-briller-combina-eyewear\/","title":{"rendered":"Lunettes Anti Lumi\u00e8re Bleue \/ Lunettes Gaming \u2013 Combina Eyewear"},"content":{"rendered":"<p><strong>LES LUNETTES ANTI-LUMI\u00c8RE BLEUE COMBINA EYEWEAR SONT DES LUNETTES D&#039;\u00c9CRAN ET DE JEU PROFESSIONNELLES.<\/strong><\/p>\n<p>Les lunettes anti-lumi\u00e8re bleue aident \u00e0 garder vos yeux en bonne sant\u00e9 lorsque vous \u00eates devant un \u00e9cran qui \u00e9met de la lumi\u00e8re bleue.<br \/>\nIls bloquent les rayons lumineux bleus et prot\u00e8gent vos yeux lorsque vous jouez, travaillez devant l&#039;ordinateur, utilisez un t\u00e9l\u00e9phone, une tablette ou regardez la t\u00e9l\u00e9vision.<\/p>\n<p><strong>AVANTAGES D&#039;UTILISER LES LUNETTES ANTI LUMI\u00c8RE BLEUE COMBINA EYEWEAR<\/strong><br \/>\n* R\u00e9duit les migraines, les maux de t\u00eate, la fatigue oculaire, la s\u00e9cheresse oculaire et la fatigue oculaire.<br \/>\n* Vous permet de rester plus concentr\u00e9, plus rafra\u00eechi et de mieux dormir.<br \/>\n* Bloque la lumi\u00e8re bleue nocive et les rayons UV \u00e0 l&#039;int\u00e9rieur et \u00e0 l&#039;ext\u00e9rieur.<br \/>\n* Verres presque transparents et filtre antireflet avec une diff\u00e9rence de couleur minimale.<br \/>\n* Grand confort avec une monture l\u00e9g\u00e8re et des verres l\u00e9gers.<br \/>\n* Montures \u00e9l\u00e9gantes avec logos Combina Eyewear de chaque c\u00f4t\u00e9, con\u00e7ues pour les hommes et les femmes.<br \/>\n* Peut \u00eatre utilis\u00e9 par les personnes portant des lentilles de contact.<\/p>\n<p><strong>INCLUS DANS LE FORFAIT :<\/strong><br \/>\n\u2705 Coffret cadeau magnifique et \u00e9l\u00e9gant avec logo.<br \/>\n\u2705 Lunettes anti-lumi\u00e8re bleue pour les jeux, le travail et l&#039;usage personnel.<br \/>\n\u2705 Etui triangulaire pliable pour un rangement optimal. (Peut \u00eatre pli\u00e9 pour ne pas prendre de place inutile.)<br \/>\n\u2705 Chiffon de nettoyage en microfibre beau et \u00e9pais pour un nettoyage en toute s\u00e9curit\u00e9 des lunettes.<br \/>\n\u2705 Carte de test et lumi\u00e8re bleue pour tester la capacit\u00e9 des lunettes \u00e0 bloquer la lumi\u00e8re bleue.<\/p>\n<p><strong>LUNETTES COMBIN\u00c9ES\u00a0:<\/strong><br \/>\n\u2714\ufe0f Est certifi\u00e9 CE et FDA.<br \/>\n\u2714\ufe0f Dispose d&#039;un filtre UV400.<\/p>\n<p><strong>MAT\u00c9RIAUX:<\/strong><br \/>\nCadre en Polycarbonate de bonne qualit\u00e9.<br \/>\nCharni\u00e8res en m\u00e9tal.<\/p>\n<p><strong>PARFAIT POUR:<\/strong><br \/>\nDes gamers tr\u00e8s concentr\u00e9s qui passent de nombreuses heures devant un \u00e9cran d&#039;ordinateur.<br \/>\nLes personnes qui passent de nombreuses heures devant un ordinateur \u00e0 cause de leur travail ou de leur temps libre.<br \/>\nLes personnes qui regardent la t\u00e9l\u00e9vision regardent leur t\u00e9l\u00e9phone ou leur tablette pendant de nombreuses heures.<\/p>\n<p><em><strong>Prenez soin de vos yeux et achetez les lunettes anti-lumi\u00e8re bleue Combina Eyewear pour une protection optimale des yeux.<\/strong><\/em><\/p>","protected":false},"excerpt":{"rendered":"<p>Lunettes Anti Lumi\u00e8re Bleue \u2013 Combina Eyewear<br \/>\nFiltre la lumi\u00e8re bleue et prot\u00e8ge vos yeux.<br \/>\nUtilis\u00e9 par les joueurs et les personnes qui s&#039;assoient souvent devant l&#039;\u00e9cran.<\/p>","protected":false},"featured_media":8394,"comment_status":"closed","ping_status":"closed","template":"","meta":{"om_disable_all_campaigns":false,"_monsterinsights_skip_tracking":false,"_monsterinsights_sitenote_active":false,"_monsterinsights_sitenote_note":"","_monsterinsights_sitenote_category":0},"product_brand":[],"product_cat":[1051],"product_tag":[700,912,703,702,913,704],"class_list":{"0":"post-7049","1":"product","2":"type-product","3":"status-publish","4":"has-post-thumbnail","6":"product_cat-skaermbriller-gaming-briller","7":"product_tag-anti-blaa-lys-briller","8":"product_tag-art","9":"product_tag-gaming-briller","10":"product_tag-limewave","11":"product_tag-prikker","12":"product_tag-skaermbriller","14":"first","15":"instock","16":"sale","17":"shipping-taxable","18":"purchasable","19":"product-type-simple"},"yoast_head":"<!-- This site is optimized with the Yoast SEO plugin v27.5 - https:\/\/yoast.com\/product\/yoast-seo-wordpress\/ -->\n<title>Anti Bl\u00e5 Lys Briller \/ Gaming briller - Combina Eyewear | K\u00f8b online her | LOCS<\/title>\n<meta name=\"description\" content=\"K\u00f8b Anti Bl\u00e5 Lys Briller \/ Gaming briller - Combina Eyewear her | EU&#039;s st\u00f8rste udvalg af LOCS solbriller | Vi sender fra EU - Ingen ekstra import udgifter\" \/>\n<meta name=\"robots\" content=\"index, follow, max-snippet:-1, max-image-preview:large, max-video-preview:-1\" \/>\n<link rel=\"canonical\" href=\"https:\/\/locsshop.eu\/fr\/shop\/anti-blaa-lys-briller-gaming-briller-combina-eyewear\/\" \/>\n<meta property=\"og:locale\" content=\"fr_FR\" \/>\n<meta property=\"og:type\" content=\"article\" \/>\n<meta property=\"og:title\" content=\"Anti Bl\u00e5 Lys Briller \/ Gaming briller - Combina Eyewear | K\u00f8b online her | LOCS\" \/>\n<meta property=\"og:description\" content=\"K\u00f8b Anti Bl\u00e5 Lys Briller \/ Gaming briller - Combina Eyewear her | EU&#039;s st\u00f8rste udvalg af LOCS solbriller | Vi sender fra EU - Ingen ekstra import udgifter\" \/>\n<meta property=\"og:url\" content=\"https:\/\/locsshop.eu\/fr\/shop\/anti-blaa-lys-briller-gaming-briller-combina-eyewear\/\" \/>\n<meta property=\"og:site_name\" content=\"Locs Sunglasses - LOCS Supplier in EU\" \/>\n<meta property=\"article:modified_time\" content=\"2026-05-03T12:45:33+00:00\" \/>\n<meta property=\"og:image\" content=\"https:\/\/locsshop.eu\/wp-content\/uploads\/2019\/10\/Anti-blue-light-glasses-Combina-Eyewear-1.jpg\" \/>\n\t<meta property=\"og:image:width\" content=\"1000\" \/>\n\t<meta property=\"og:image:height\" content=\"1000\" \/>\n\t<meta property=\"og:image:type\" content=\"image\/jpeg\" \/>\n<meta name=\"twitter:card\" content=\"summary_large_image\" \/>\n<meta name=\"twitter:label1\" content=\"Dur\u00e9e de lecture estim\u00e9e\" \/>\n\t<meta name=\"twitter:data1\" content=\"1 minute\" \/>\n<script type=\"application\/ld+json\" class=\"yoast-schema-graph\">{\"@context\":\"https:\\\/\\\/schema.org\",\"@graph\":[{\"@type\":\"WebPage\",\"@id\":\"https:\\\/\\\/locsshop.eu\\\/shop\\\/anti-blaa-lys-briller-gaming-briller-combina-eyewear\\\/\",\"url\":\"https:\\\/\\\/locsshop.eu\\\/shop\\\/anti-blaa-lys-briller-gaming-briller-combina-eyewear\\\/\",\"name\":\"Anti Bl\u00e5 Lys Briller \\\/ Gaming briller - Combina Eyewear | K\u00f8b online her | LOCS\",\"isPartOf\":{\"@id\":\"https:\\\/\\\/locsshop.eu\\\/#website\"},\"primaryImageOfPage\":{\"@id\":\"https:\\\/\\\/locsshop.eu\\\/shop\\\/anti-blaa-lys-briller-gaming-briller-combina-eyewear\\\/#primaryimage\"},\"image\":{\"@id\":\"https:\\\/\\\/locsshop.eu\\\/shop\\\/anti-blaa-lys-briller-gaming-briller-combina-eyewear\\\/#primaryimage\"},\"thumbnailUrl\":\"https:\\\/\\\/locsshop.eu\\\/wp-content\\\/uploads\\\/2019\\\/10\\\/Anti-blue-light-glasses-Combina-Eyewear-1.jpg\",\"datePublished\":\"2019-10-10T21:16:27+00:00\",\"dateModified\":\"2026-05-03T12:45:33+00:00\",\"description\":\"K\u00f8b Anti Bl\u00e5 Lys Briller \\\/ Gaming briller - Combina Eyewear her | EU's st\u00f8rste udvalg af LOCS solbriller | Vi sender fra EU - Ingen ekstra import udgifter\",\"breadcrumb\":{\"@id\":\"https:\\\/\\\/locsshop.eu\\\/shop\\\/anti-blaa-lys-briller-gaming-briller-combina-eyewear\\\/#breadcrumb\"},\"inLanguage\":\"fr-FR\",\"potentialAction\":[{\"@type\":\"ReadAction\",\"target\":[\"https:\\\/\\\/locsshop.eu\\\/shop\\\/anti-blaa-lys-briller-gaming-briller-combina-eyewear\\\/\"]}]},{\"@type\":\"ImageObject\",\"inLanguage\":\"fr-FR\",\"@id\":\"https:\\\/\\\/locsshop.eu\\\/shop\\\/anti-blaa-lys-briller-gaming-briller-combina-eyewear\\\/#primaryimage\",\"url\":\"https:\\\/\\\/locsshop.eu\\\/wp-content\\\/uploads\\\/2019\\\/10\\\/Anti-blue-light-glasses-Combina-Eyewear-1.jpg\",\"contentUrl\":\"https:\\\/\\\/locsshop.eu\\\/wp-content\\\/uploads\\\/2019\\\/10\\\/Anti-blue-light-glasses-Combina-Eyewear-1.jpg\",\"width\":1000,\"height\":1000},{\"@type\":\"BreadcrumbList\",\"@id\":\"https:\\\/\\\/locsshop.eu\\\/shop\\\/anti-blaa-lys-briller-gaming-briller-combina-eyewear\\\/#breadcrumb\",\"itemListElement\":[{\"@type\":\"ListItem\",\"position\":1,\"name\":\"Hjem\",\"item\":\"https:\\\/\\\/locsshop.eu\\\/\"},{\"@type\":\"ListItem\",\"position\":2,\"name\":\"Shop\",\"item\":\"https:\\\/\\\/locsshop.eu\\\/shop\\\/\"},{\"@type\":\"ListItem\",\"position\":3,\"name\":\"Anti Bl\u00e5 Lys Briller \\\/ Gaming briller &#8211; Combina Eyewear\"}]},{\"@type\":\"WebSite\",\"@id\":\"https:\\\/\\\/locsshop.eu\\\/#website\",\"url\":\"https:\\\/\\\/locsshop.eu\\\/\",\"name\":\"Locs Sunglasses - LOCS Supplier in EU\",\"description\":\"We sell cheap LOCS Sunglasses\",\"publisher\":{\"@id\":\"https:\\\/\\\/locsshop.eu\\\/#organization\"},\"potentialAction\":[{\"@type\":\"SearchAction\",\"target\":{\"@type\":\"EntryPoint\",\"urlTemplate\":\"https:\\\/\\\/locsshop.eu\\\/?s={search_term_string}\"},\"query-input\":{\"@type\":\"PropertyValueSpecification\",\"valueRequired\":true,\"valueName\":\"search_term_string\"}}],\"inLanguage\":\"fr-FR\"},{\"@type\":\"Organization\",\"@id\":\"https:\\\/\\\/locsshop.eu\\\/#organization\",\"name\":\"Locsshop.eu\",\"url\":\"https:\\\/\\\/locsshop.eu\\\/\",\"logo\":{\"@type\":\"ImageObject\",\"inLanguage\":\"fr-FR\",\"@id\":\"https:\\\/\\\/locsshop.eu\\\/#\\\/schema\\\/logo\\\/image\\\/\",\"url\":\"https:\\\/\\\/locsshop.eu\\\/wp-content\\\/uploads\\\/2022\\\/02\\\/Locsshop-logo.png\",\"contentUrl\":\"https:\\\/\\\/locsshop.eu\\\/wp-content\\\/uploads\\\/2022\\\/02\\\/Locsshop-logo.png\",\"width\":930,\"height\":200,\"caption\":\"Locsshop.eu\"},\"image\":{\"@id\":\"https:\\\/\\\/locsshop.eu\\\/#\\\/schema\\\/logo\\\/image\\\/\"}}]}<\/script>\n<!-- \/ Yoast SEO plugin. -->","yoast_head_json":{"title":"Lunettes Anti Lumi\u00e8re Bleue \/ Lunettes Gaming - Combina Eyewear | Achetez en ligne ici | LOCS","description":"Achetez des lunettes anti-lumi\u00e8re bleue \/ lunettes de jeu - Combina Eyewear ici | La plus grande s\u00e9lection de lunettes de soleil LOCS de l&#039;UE | Nous exp\u00e9dions depuis l&#039;UE - Pas de frais d&#039;importation suppl\u00e9mentaires","robots":{"index":"index","follow":"follow","max-snippet":"max-snippet:-1","max-image-preview":"max-image-preview:large","max-video-preview":"max-video-preview:-1"},"canonical":"https:\/\/locsshop.eu\/fr\/shop\/anti-blaa-lys-briller-gaming-briller-combina-eyewear\/","og_locale":"fr_FR","og_type":"article","og_title":"Anti Bl\u00e5 Lys Briller \/ Gaming briller - Combina Eyewear | K\u00f8b online her | LOCS","og_description":"K\u00f8b Anti Bl\u00e5 Lys Briller \/ Gaming briller - Combina Eyewear her | EU's st\u00f8rste udvalg af LOCS solbriller | Vi sender fra EU - Ingen ekstra import udgifter","og_url":"https:\/\/locsshop.eu\/fr\/shop\/anti-blaa-lys-briller-gaming-briller-combina-eyewear\/","og_site_name":"Locs Sunglasses - LOCS Supplier in EU","article_modified_time":"2026-05-03T12:45:33+00:00","og_image":[{"width":1000,"height":1000,"url":"https:\/\/locsshop.eu\/wp-content\/uploads\/2019\/10\/Anti-blue-light-glasses-Combina-Eyewear-1.jpg","type":"image\/jpeg"}],"twitter_card":"summary_large_image","twitter_misc":{"Dur\u00e9e de lecture estim\u00e9e":"1 minute"},"schema":{"@context":"https:\/\/schema.org","@graph":[{"@type":"WebPage","@id":"https:\/\/locsshop.eu\/shop\/anti-blaa-lys-briller-gaming-briller-combina-eyewear\/","url":"https:\/\/locsshop.eu\/shop\/anti-blaa-lys-briller-gaming-briller-combina-eyewear\/","name":"Lunettes Anti Lumi\u00e8re Bleue \/ Lunettes Gaming - Combina Eyewear | Achetez en ligne ici | LOCS","isPartOf":{"@id":"https:\/\/locsshop.eu\/#website"},"primaryImageOfPage":{"@id":"https:\/\/locsshop.eu\/shop\/anti-blaa-lys-briller-gaming-briller-combina-eyewear\/#primaryimage"},"image":{"@id":"https:\/\/locsshop.eu\/shop\/anti-blaa-lys-briller-gaming-briller-combina-eyewear\/#primaryimage"},"thumbnailUrl":"https:\/\/locsshop.eu\/wp-content\/uploads\/2019\/10\/Anti-blue-light-glasses-Combina-Eyewear-1.jpg","datePublished":"2019-10-10T21:16:27+00:00","dateModified":"2026-05-03T12:45:33+00:00","description":"Achetez des lunettes anti-lumi\u00e8re bleue \/ lunettes de jeu - Combina Eyewear ici | La plus grande s\u00e9lection de lunettes de soleil LOCS de l&#039;UE | Nous exp\u00e9dions depuis l&#039;UE - Pas de frais d&#039;importation suppl\u00e9mentaires","breadcrumb":{"@id":"https:\/\/locsshop.eu\/shop\/anti-blaa-lys-briller-gaming-briller-combina-eyewear\/#breadcrumb"},"inLanguage":"fr-FR","potentialAction":[{"@type":"ReadAction","target":["https:\/\/locsshop.eu\/shop\/anti-blaa-lys-briller-gaming-briller-combina-eyewear\/"]}]},{"@type":"ImageObject","inLanguage":"fr-FR","@id":"https:\/\/locsshop.eu\/shop\/anti-blaa-lys-briller-gaming-briller-combina-eyewear\/#primaryimage","url":"https:\/\/locsshop.eu\/wp-content\/uploads\/2019\/10\/Anti-blue-light-glasses-Combina-Eyewear-1.jpg","contentUrl":"https:\/\/locsshop.eu\/wp-content\/uploads\/2019\/10\/Anti-blue-light-glasses-Combina-Eyewear-1.jpg","width":1000,"height":1000},{"@type":"BreadcrumbList","@id":"https:\/\/locsshop.eu\/shop\/anti-blaa-lys-briller-gaming-briller-combina-eyewear\/#breadcrumb","itemListElement":[{"@type":"ListItem","position":1,"name":"Hjem","item":"https:\/\/locsshop.eu\/"},{"@type":"ListItem","position":2,"name":"Shop","item":"https:\/\/locsshop.eu\/shop\/"},{"@type":"ListItem","position":3,"name":"Anti Bl\u00e5 Lys Briller \/ Gaming briller &#8211; Combina Eyewear"}]},{"@type":"WebSite","@id":"https:\/\/locsshop.eu\/#website","url":"https:\/\/locsshop.eu\/","name":"Lunettes de soleil Locs - Fournisseur LOCS dans l&#039;UE","description":"Nous vendons des lunettes de soleil LOCS bon march\u00e9","publisher":{"@id":"https:\/\/locsshop.eu\/#organization"},"potentialAction":[{"@type":"SearchAction","target":{"@type":"EntryPoint","urlTemplate":"https:\/\/locsshop.eu\/?s={search_term_string}"},"query-input":{"@type":"PropertyValueSpecification","valueRequired":true,"valueName":"search_term_string"}}],"inLanguage":"fr-FR"},{"@type":"Organization","@id":"https:\/\/locsshop.eu\/#organization","name":"Locsshop.eu","url":"https:\/\/locsshop.eu\/","logo":{"@type":"ImageObject","inLanguage":"fr-FR","@id":"https:\/\/locsshop.eu\/#\/schema\/logo\/image\/","url":"https:\/\/locsshop.eu\/wp-content\/uploads\/2022\/02\/Locsshop-logo.png","contentUrl":"https:\/\/locsshop.eu\/wp-content\/uploads\/2022\/02\/Locsshop-logo.png","width":930,"height":200,"caption":"Locsshop.eu"},"image":{"@id":"https:\/\/locsshop.eu\/#\/schema\/logo\/image\/"}}]}},"_links":{"self":[{"href":"https:\/\/locsshop.eu\/fr\/wp-json\/wp\/v2\/product\/7049","targetHints":{"allow":["GET"]}}],"collection":[{"href":"https:\/\/locsshop.eu\/fr\/wp-json\/wp\/v2\/product"}],"about":[{"href":"https:\/\/locsshop.eu\/fr\/wp-json\/wp\/v2\/types\/product"}],"replies":[{"embeddable":true,"href":"https:\/\/locsshop.eu\/fr\/wp-json\/wp\/v2\/comments?post=7049"}],"wp:featuredmedia":[{"embeddable":true,"href":"https:\/\/locsshop.eu\/fr\/wp-json\/wp\/v2\/media\/8394"}],"wp:attachment":[{"href":"https:\/\/locsshop.eu\/fr\/wp-json\/wp\/v2\/media?parent=7049"}],"wp:term":[{"taxonomy":"product_brand","embeddable":true,"href":"https:\/\/locsshop.eu\/fr\/wp-json\/wp\/v2\/product_brand?post=7049"},{"taxonomy":"product_cat","embeddable":true,"href":"https:\/\/locsshop.eu\/fr\/wp-json\/wp\/v2\/product_cat?post=7049"},{"taxonomy":"product_tag","embeddable":true,"href":"https:\/\/locsshop.eu\/fr\/wp-json\/wp\/v2\/product_tag?post=7049"}],"curies":[{"name":"wp","href":"https:\/\/api.w.org\/{rel}","templated":true}]}}