{"id":9316,"date":"2022-11-11T15:33:24","date_gmt":"2022-11-11T14:33:24","guid":{"rendered":"https:\/\/locsshop.eu\/shop\/locs-solbriller-colour-banger-soelv-spejlglas\/"},"modified":"2025-07-02T17:15:29","modified_gmt":"2025-07-02T15:15:29","slug":"locs-solbriller-colour-banger-soelv-spejlglas","status":"publish","type":"product","link":"https:\/\/locsshop.eu\/fr\/shop\/locs-solbriller-colour-banger-soelv-spejlglas\/","title":{"rendered":"Lunettes de soleil Locs \u2013 Colour Banger | Verre miroir argent\u00e9"},"content":{"rendered":"<h2><strong>Lunettes de soleil Locs \u00e9troites noires brillantes avec des logos argent\u00e9s cool sur les branches et des verres miroir argent\u00e9s<\/strong><\/h2>\n<h4>Lunettes de soleil noires brillantes vraiment cool avec les logos Locs sur les tempes et les extr\u00e9mit\u00e9s et les lentilles argent\u00e9es en miroir. Des lunettes de soleil avec beaucoup d&#039;attitude. Des lunettes de soleil super cool pour la balade \u00e0 moto ou lorsque vous sortez faire un tour dans votre voiture am\u00e9ricaine.<\/h4>\n<h4>Locs Sunglasses est une marque de lunettes de soleil am\u00e9ricaine populaire connue pour son attitude hardcore. En tant que l&#039;une des marques de lunettes de soleil les plus recherch\u00e9es aux \u00c9tats-Unis et dans le monde, Locs a conserv\u00e9 ses designs embl\u00e9matiques et son style f\u00e9roce au fil des ans.<br \/>\nLes lunettes de soleil Locs ont des logos sympas, de jolis d\u00e9tails et un style un peu plus dur que les autres. Parfait pour ceux d&#039;entre vous qui ont un peu d&#039;attitude.<\/h4>\n<p>&nbsp;<\/p>\n<h4><strong><em>D\u00e9tails:<br \/>\n<\/em><\/strong><br \/>\nLargeur int\u00e9rieure : 13 cm<br \/>\nHauteur : 3,8cm<br \/>\nLongueur de la tige : 13,5 cm<br \/>\nSurface : Brillante<\/h4>\n<h4>Mat\u00e9riel: Plastique<br \/>\nProtection UV400<br \/>\nHomologu\u00e9 CE<\/h4>\n<h4><img loading=\"lazy\" decoding=\"async\" class=\"alignnone wp-image-10637 size-thumbnail\" src=\"https:\/\/bazarsalg.dk\/wp-content\/uploads\/Locs-Logo-280x280.jpg\" alt=\"\" width=\"280\" height=\"280\" \/><\/h4>\n<h4><em>Historique du LOC<\/em><\/h4>\n<p><em>Dans les ann\u00e9es 70 et 80, les lunettes de soleil Locs \u00e9taient tr\u00e8s appr\u00e9ci\u00e9es des jeunes et d\u00e9finissent le look LA. Influenc\u00e9s par la culture latino-am\u00e9ricaine de Los Angeles et d\u00e9riv\u00e9s du mot espagnol &quot;loco&quot; (fou), ils \u00e9taient \u00e0 l&#039;origine port\u00e9s par les cholos et sont ensuite devenus populaires parmi tous les gangsters de la r\u00e9gion de LA. Les membres de gangs ont qualifi\u00e9 certains de leurs membres les plus sauvages et les plus actifs, voire mentalement perturb\u00e9s, de &quot;loco&quot;. Plus tard, le terme et le comportement associ\u00e9 sont devenus tr\u00e8s populaires chez les Crips en particulier et dans une moindre mesure chez les Bloods. C&#039;\u00e9tait si courant dans le langage Crip qu&#039;il a \u00e9t\u00e9 raccourci en Loc et utilis\u00e9 comme suffixe dans les noms de certains membres de gangs.<\/em><\/p>\n<p><em>dans les ann\u00e9es 1990, bon nombre des plus grands rappeurs portaient \u00e9galement des lunettes de soleil Locs, par exemple Eazy E, Snoop Dogg et de nombreux autres rappeurs bien connus. Ainsi, les lunettes de soleil sont devenues bien connues et port\u00e9es dans de nombreux films de gangsters am\u00e9ricains.<\/em><\/p>\n<p><em>Aujourd&#039;hui, les lunettes de soleil Locs ne sont pas seulement populaires en Californie, mais aussi aux \u00c9tats-Unis et dans le reste du monde. La marque a d\u00e9sormais un attrait plus large aupr\u00e8s de tous les groupes de consommateurs. L&#039;une des raisons de cette popularit\u00e9 est la glorification du profil LA Gangster \u00e0 travers la musique, les films et bien s\u00fbr les m\u00e9dias. Comme les rappeurs gangsters \u00e9taient constamment dans les m\u00e9dias pour la presse n\u00e9gative, ils ont \u00e9t\u00e9 vus portant ces lunettes hardcore et le style s&#039;est rapidement r\u00e9pandu dans les rues de Los Angeles ! Avec la popularit\u00e9 croissante, cela les a rapidement aid\u00e9s \u00e0 entrer dans le courant dominant et sont maintenant populaires parmi les artistes et acteurs c\u00e9l\u00e8bres.<\/em><\/p>","protected":false},"excerpt":{"rendered":"<p><strong>LOC \u2013 8LOC9035-BKCM<\/strong><br \/>\nCadre noir brillant - Verre miroir extra argent\u00e9<br \/>\nCh\u00e2ssis en plastique<br \/>\nD\u00e9tails en m\u00e9tal<br \/>\nUV400<br \/>\nApprouv\u00e9 CE<\/p>\n<p><img loading=\"lazy\" decoding=\"async\" class=\"alignnone wp-image-10637\" src=\"https:\/\/bazarsalg.dk\/wp-content\/uploads\/Locs-Logo.jpg\" alt=\"\" width=\"200\" height=\"200\" \/><\/p>","protected":false},"featured_media":9317,"comment_status":"open","ping_status":"closed","template":"","meta":{"om_disable_all_campaigns":false,"_monsterinsights_skip_tracking":false,"_monsterinsights_sitenote_active":false,"_monsterinsights_sitenote_note":"","_monsterinsights_sitenote_category":0},"product_brand":[],"product_cat":[1101,1049],"product_tag":[1183,1100,870],"class_list":{"0":"post-9316","1":"product","2":"type-product","3":"status-publish","4":"has-post-thumbnail","6":"product_cat-locs-solbriller","7":"product_cat-premium-solbriller","8":"product_tag-8loc9035-bkcm","9":"product_tag-locs","10":"product_tag-p693","12":"first","13":"instock","14":"shipping-taxable","15":"purchasable","16":"product-type-simple"},"yoast_head":"<!-- This site is optimized with the Yoast SEO plugin v27.2 - https:\/\/yoast.com\/product\/yoast-seo-wordpress\/ -->\n<title>Locs Solbriller \u2013 Colour Banger | S\u00f8lv Spejlglas | K\u00f8b online her | LOCS<\/title>\n<meta name=\"description\" content=\"K\u00f8b Locs Solbriller \u2013 Colour Banger | S\u00f8lv Spejlglas her | EU&#039;s st\u00f8rste udvalg af LOCS solbriller | Vi sender fra EU - Ingen ekstra import udgifter\" \/>\n<meta name=\"robots\" content=\"index, follow, max-snippet:-1, max-image-preview:large, max-video-preview:-1\" \/>\n<link rel=\"canonical\" href=\"https:\/\/locsshop.eu\/fr\/shop\/locs-solbriller-colour-banger-soelv-spejlglas\/\" \/>\n<meta property=\"og:locale\" content=\"fr_FR\" \/>\n<meta property=\"og:type\" content=\"article\" \/>\n<meta property=\"og:title\" content=\"Locs Solbriller \u2013 Colour Banger | S\u00f8lv Spejlglas | K\u00f8b online her | LOCS\" \/>\n<meta property=\"og:description\" content=\"K\u00f8b Locs Solbriller \u2013 Colour Banger | S\u00f8lv Spejlglas her | EU&#039;s st\u00f8rste udvalg af LOCS solbriller | Vi sender fra EU - Ingen ekstra import udgifter\" \/>\n<meta property=\"og:url\" content=\"https:\/\/locsshop.eu\/fr\/shop\/locs-solbriller-colour-banger-soelv-spejlglas\/\" \/>\n<meta property=\"og:site_name\" content=\"Locs Sunglasses - LOCS Supplier in EU\" \/>\n<meta property=\"article:modified_time\" content=\"2025-07-02T15:15:29+00:00\" \/>\n<meta property=\"og:image\" content=\"https:\/\/locsshop.eu\/wp-content\/uploads\/2022\/11\/8LOC9035BKCM5.jpg\" \/>\n\t<meta property=\"og:image:width\" content=\"800\" \/>\n\t<meta property=\"og:image:height\" content=\"800\" \/>\n\t<meta property=\"og:image:type\" content=\"image\/jpeg\" \/>\n<meta name=\"twitter:card\" content=\"summary_large_image\" \/>\n<meta name=\"twitter:label1\" content=\"Dur\u00e9e de lecture estim\u00e9e\" \/>\n\t<meta name=\"twitter:data1\" content=\"2 minutes\" \/>\n<script type=\"application\/ld+json\" class=\"yoast-schema-graph\">{\"@context\":\"https:\/\/schema.org\",\"@graph\":[{\"@type\":\"WebPage\",\"@id\":\"https:\/\/locsshop.eu\/shop\/locs-solbriller-colour-banger-soelv-spejlglas\/\",\"url\":\"https:\/\/locsshop.eu\/shop\/locs-solbriller-colour-banger-soelv-spejlglas\/\",\"name\":\"Locs Solbriller \u2013 Colour Banger | S\u00f8lv Spejlglas | K\u00f8b online her | LOCS\",\"isPartOf\":{\"@id\":\"https:\/\/locsshop.eu\/#website\"},\"primaryImageOfPage\":{\"@id\":\"https:\/\/locsshop.eu\/shop\/locs-solbriller-colour-banger-soelv-spejlglas\/#primaryimage\"},\"image\":{\"@id\":\"https:\/\/locsshop.eu\/shop\/locs-solbriller-colour-banger-soelv-spejlglas\/#primaryimage\"},\"thumbnailUrl\":\"https:\/\/locsshop.eu\/wp-content\/uploads\/2022\/11\/8LOC9035BKCM5.jpg\",\"datePublished\":\"2022-11-11T14:33:24+00:00\",\"dateModified\":\"2025-07-02T15:15:29+00:00\",\"description\":\"K\u00f8b Locs Solbriller \u2013 Colour Banger | S\u00f8lv Spejlglas her | EU's st\u00f8rste udvalg af LOCS solbriller | Vi sender fra EU - Ingen ekstra import udgifter\",\"breadcrumb\":{\"@id\":\"https:\/\/locsshop.eu\/shop\/locs-solbriller-colour-banger-soelv-spejlglas\/#breadcrumb\"},\"inLanguage\":\"fr-FR\",\"potentialAction\":[{\"@type\":\"ReadAction\",\"target\":[\"https:\/\/locsshop.eu\/shop\/locs-solbriller-colour-banger-soelv-spejlglas\/\"]}]},{\"@type\":\"ImageObject\",\"inLanguage\":\"fr-FR\",\"@id\":\"https:\/\/locsshop.eu\/shop\/locs-solbriller-colour-banger-soelv-spejlglas\/#primaryimage\",\"url\":\"https:\/\/locsshop.eu\/wp-content\/uploads\/2022\/11\/8LOC9035BKCM5.jpg\",\"contentUrl\":\"https:\/\/locsshop.eu\/wp-content\/uploads\/2022\/11\/8LOC9035BKCM5.jpg\",\"width\":800,\"height\":800},{\"@type\":\"BreadcrumbList\",\"@id\":\"https:\/\/locsshop.eu\/shop\/locs-solbriller-colour-banger-soelv-spejlglas\/#breadcrumb\",\"itemListElement\":[{\"@type\":\"ListItem\",\"position\":1,\"name\":\"Hjem\",\"item\":\"https:\/\/locsshop.eu\/\"},{\"@type\":\"ListItem\",\"position\":2,\"name\":\"Shop\",\"item\":\"https:\/\/locsshop.eu\/shop\/\"},{\"@type\":\"ListItem\",\"position\":3,\"name\":\"Locs Solbriller \u2013 Colour Banger | S\u00f8lv Spejlglas\"}]},{\"@type\":\"WebSite\",\"@id\":\"https:\/\/locsshop.eu\/#website\",\"url\":\"https:\/\/locsshop.eu\/\",\"name\":\"Locs Sunglasses - LOCS Supplier in EU\",\"description\":\"We sell cheap LOCS Sunglasses\",\"publisher\":{\"@id\":\"https:\/\/locsshop.eu\/#organization\"},\"potentialAction\":[{\"@type\":\"SearchAction\",\"target\":{\"@type\":\"EntryPoint\",\"urlTemplate\":\"https:\/\/locsshop.eu\/?s={search_term_string}\"},\"query-input\":{\"@type\":\"PropertyValueSpecification\",\"valueRequired\":true,\"valueName\":\"search_term_string\"}}],\"inLanguage\":\"fr-FR\"},{\"@type\":\"Organization\",\"@id\":\"https:\/\/locsshop.eu\/#organization\",\"name\":\"Locsshop.eu\",\"url\":\"https:\/\/locsshop.eu\/\",\"logo\":{\"@type\":\"ImageObject\",\"inLanguage\":\"fr-FR\",\"@id\":\"https:\/\/locsshop.eu\/#\/schema\/logo\/image\/\",\"url\":\"https:\/\/locsshop.eu\/wp-content\/uploads\/2022\/02\/Locsshop-logo.png\",\"contentUrl\":\"https:\/\/locsshop.eu\/wp-content\/uploads\/2022\/02\/Locsshop-logo.png\",\"width\":930,\"height\":200,\"caption\":\"Locsshop.eu\"},\"image\":{\"@id\":\"https:\/\/locsshop.eu\/#\/schema\/logo\/image\/\"}}]}<\/script>\n<!-- \/ Yoast SEO plugin. -->","yoast_head_json":{"title":"Lunettes de soleil Locs \u2013 Colour Banger | Verre miroir argent\u00e9 | Achetez en ligne ici | LOCS","description":"Acheter des lunettes de soleil Locs \u2013 Color Banger | Verre miroir argent\u00e9 ici | La plus grande s\u00e9lection de lunettes de soleil LOCS de l&#039;UE | Nous exp\u00e9dions depuis l&#039;UE - Pas de frais d&#039;importation suppl\u00e9mentaires","robots":{"index":"index","follow":"follow","max-snippet":"max-snippet:-1","max-image-preview":"max-image-preview:large","max-video-preview":"max-video-preview:-1"},"canonical":"https:\/\/locsshop.eu\/fr\/shop\/locs-solbriller-colour-banger-soelv-spejlglas\/","og_locale":"fr_FR","og_type":"article","og_title":"Locs Solbriller \u2013 Colour Banger | S\u00f8lv Spejlglas | K\u00f8b online her | LOCS","og_description":"K\u00f8b Locs Solbriller \u2013 Colour Banger | S\u00f8lv Spejlglas her | EU's st\u00f8rste udvalg af LOCS solbriller | Vi sender fra EU - Ingen ekstra import udgifter","og_url":"https:\/\/locsshop.eu\/fr\/shop\/locs-solbriller-colour-banger-soelv-spejlglas\/","og_site_name":"Locs Sunglasses - LOCS Supplier in EU","article_modified_time":"2025-07-02T15:15:29+00:00","og_image":[{"width":800,"height":800,"url":"https:\/\/locsshop.eu\/wp-content\/uploads\/2022\/11\/8LOC9035BKCM5.jpg","type":"image\/jpeg"}],"twitter_card":"summary_large_image","twitter_misc":{"Dur\u00e9e de lecture estim\u00e9e":"2 minutes"},"schema":{"@context":"https:\/\/schema.org","@graph":[{"@type":"WebPage","@id":"https:\/\/locsshop.eu\/shop\/locs-solbriller-colour-banger-soelv-spejlglas\/","url":"https:\/\/locsshop.eu\/shop\/locs-solbriller-colour-banger-soelv-spejlglas\/","name":"Lunettes de soleil Locs \u2013 Colour Banger | Verre miroir argent\u00e9 | Achetez en ligne ici | LOCS","isPartOf":{"@id":"https:\/\/locsshop.eu\/#website"},"primaryImageOfPage":{"@id":"https:\/\/locsshop.eu\/shop\/locs-solbriller-colour-banger-soelv-spejlglas\/#primaryimage"},"image":{"@id":"https:\/\/locsshop.eu\/shop\/locs-solbriller-colour-banger-soelv-spejlglas\/#primaryimage"},"thumbnailUrl":"https:\/\/locsshop.eu\/wp-content\/uploads\/2022\/11\/8LOC9035BKCM5.jpg","datePublished":"2022-11-11T14:33:24+00:00","dateModified":"2025-07-02T15:15:29+00:00","description":"Acheter des lunettes de soleil Locs \u2013 Color Banger | Verre miroir argent\u00e9 ici | La plus grande s\u00e9lection de lunettes de soleil LOCS de l&#039;UE | Nous exp\u00e9dions depuis l&#039;UE - Pas de frais d&#039;importation suppl\u00e9mentaires","breadcrumb":{"@id":"https:\/\/locsshop.eu\/shop\/locs-solbriller-colour-banger-soelv-spejlglas\/#breadcrumb"},"inLanguage":"fr-FR","potentialAction":[{"@type":"ReadAction","target":["https:\/\/locsshop.eu\/shop\/locs-solbriller-colour-banger-soelv-spejlglas\/"]}]},{"@type":"ImageObject","inLanguage":"fr-FR","@id":"https:\/\/locsshop.eu\/shop\/locs-solbriller-colour-banger-soelv-spejlglas\/#primaryimage","url":"https:\/\/locsshop.eu\/wp-content\/uploads\/2022\/11\/8LOC9035BKCM5.jpg","contentUrl":"https:\/\/locsshop.eu\/wp-content\/uploads\/2022\/11\/8LOC9035BKCM5.jpg","width":800,"height":800},{"@type":"BreadcrumbList","@id":"https:\/\/locsshop.eu\/shop\/locs-solbriller-colour-banger-soelv-spejlglas\/#breadcrumb","itemListElement":[{"@type":"ListItem","position":1,"name":"Hjem","item":"https:\/\/locsshop.eu\/"},{"@type":"ListItem","position":2,"name":"Shop","item":"https:\/\/locsshop.eu\/shop\/"},{"@type":"ListItem","position":3,"name":"Locs Solbriller \u2013 Colour Banger | S\u00f8lv Spejlglas"}]},{"@type":"WebSite","@id":"https:\/\/locsshop.eu\/#website","url":"https:\/\/locsshop.eu\/","name":"Lunettes de soleil Locs - Fournisseur LOCS dans l&#039;UE","description":"Nous vendons des lunettes de soleil LOCS bon march\u00e9","publisher":{"@id":"https:\/\/locsshop.eu\/#organization"},"potentialAction":[{"@type":"SearchAction","target":{"@type":"EntryPoint","urlTemplate":"https:\/\/locsshop.eu\/?s={search_term_string}"},"query-input":{"@type":"PropertyValueSpecification","valueRequired":true,"valueName":"search_term_string"}}],"inLanguage":"fr-FR"},{"@type":"Organization","@id":"https:\/\/locsshop.eu\/#organization","name":"Locsshop.eu","url":"https:\/\/locsshop.eu\/","logo":{"@type":"ImageObject","inLanguage":"fr-FR","@id":"https:\/\/locsshop.eu\/#\/schema\/logo\/image\/","url":"https:\/\/locsshop.eu\/wp-content\/uploads\/2022\/02\/Locsshop-logo.png","contentUrl":"https:\/\/locsshop.eu\/wp-content\/uploads\/2022\/02\/Locsshop-logo.png","width":930,"height":200,"caption":"Locsshop.eu"},"image":{"@id":"https:\/\/locsshop.eu\/#\/schema\/logo\/image\/"}}]}},"_links":{"self":[{"href":"https:\/\/locsshop.eu\/fr\/wp-json\/wp\/v2\/product\/9316","targetHints":{"allow":["GET"]}}],"collection":[{"href":"https:\/\/locsshop.eu\/fr\/wp-json\/wp\/v2\/product"}],"about":[{"href":"https:\/\/locsshop.eu\/fr\/wp-json\/wp\/v2\/types\/product"}],"replies":[{"embeddable":true,"href":"https:\/\/locsshop.eu\/fr\/wp-json\/wp\/v2\/comments?post=9316"}],"wp:featuredmedia":[{"embeddable":true,"href":"https:\/\/locsshop.eu\/fr\/wp-json\/wp\/v2\/media\/9317"}],"wp:attachment":[{"href":"https:\/\/locsshop.eu\/fr\/wp-json\/wp\/v2\/media?parent=9316"}],"wp:term":[{"taxonomy":"product_brand","embeddable":true,"href":"https:\/\/locsshop.eu\/fr\/wp-json\/wp\/v2\/product_brand?post=9316"},{"taxonomy":"product_cat","embeddable":true,"href":"https:\/\/locsshop.eu\/fr\/wp-json\/wp\/v2\/product_cat?post=9316"},{"taxonomy":"product_tag","embeddable":true,"href":"https:\/\/locsshop.eu\/fr\/wp-json\/wp\/v2\/product_tag?post=9316"}],"curies":[{"name":"wp","href":"https:\/\/api.w.org\/{rel}","templated":true}]}}