{"id":9499,"date":"2023-02-06T11:53:38","date_gmt":"2023-02-06T10:53:38","guid":{"rendered":"https:\/\/locsshop.eu\/shop\/choppers-briller-boston-blank-sort-soelv\/"},"modified":"2024-05-07T21:40:18","modified_gmt":"2024-05-07T19:40:18","slug":"choppers-briller-boston-blank-sort-soelv","status":"publish","type":"product","link":"https:\/\/locsshop.eu\/fr\/shop\/choppers-briller-boston-blank-sort-soelv\/","title":{"rendered":"Verres Choppers \u2013 Boston | Noir brillant \u2013 Argent"},"content":{"rendered":"<h2><strong>Lunettes Choppers noir brillant avec d\u00e9tails argent\u00e9s - Verres transparents<\/strong><\/h2>\n<h4>Des lunettes super brutes qui d\u00e9gagent beaucoup d&#039;attitude. Ils sont noirs brillants avec des lentilles transparentes et ont de jolis embl\u00e8mes sp\u00e9ciaux de choppers de moto sur les barres.<br \/>\nLes logos et les barres sympas, o\u00f9 la partie arri\u00e8re de la barre est dans une belle couleur argent mat, rendent ces lunettes ultra cool et sont tout simplement indispensables pour les voyages d&#039;\u00e9t\u00e9 sur votre moto, pour ne pas avoir d&#039;insectes dans les yeux , et en m\u00eame temps avoir l&#039;air cool.<\/h4>\n<h4>Choppers Sunglasses est une marque de lunettes de soleil am\u00e9ricaine populaire qui s&#039;adresse principalement aux motards et \u00e0 ceux qui aiment la culture motard.<br \/>\nLes lunettes de soleil de Chopper ont des logos et des embl\u00e8mes sympas, de jolis d\u00e9tails et un style qui correspond parfaitement \u00e0 votre Harley 100%. Parfait pour vous qui avez un peu d&#039;attitude et qui voulez avoir l&#039;air ultra cool.<\/h4>\n<p>&nbsp;<\/p>\n<h4><strong><em>D\u00e9tails:<br \/>\n<\/em><\/strong><br \/>\nLargeur int\u00e9rieure : 13,6 cm<br \/>\nHauteur : 4,5cm<br \/>\nLongueur de la tige : 13,5 cm<br \/>\nSurface : brillante et mate<\/h4>\n<h4>Mati\u00e8re : Plastique et m\u00e9tal<br \/>\nProtection UV400<br \/>\nHomologu\u00e9 CE<\/h4>\n<h4><img loading=\"lazy\" decoding=\"async\" class=\"alignnone wp-image-11154 size-full\" src=\"https:\/\/bazarsalg.dk\/wp-content\/uploads\/Stor-choppers-logo-280x280-1.jpg\" alt=\"\" width=\"280\" height=\"280\" \/><\/h4>\n<h4><em>\u00c0 propos des lunettes de soleil de Chopper<\/em><\/h4>\n<p><strong><em>Lunettes de soleil style motard<\/em><\/strong><br \/>\n<em>Les lunettes de soleil Choppers sont devenues tr\u00e8s populaires parmi les motards et les passionn\u00e9s de moto du monde entier et en particulier aux \u00c9tats-Unis. Il est facile de voir pourquoi avec leurs designs bruts uniques et leurs styles originaux ainsi que leur ajustement confortable pour correspondre \u00e0 votre Harley. Les lunettes de soleil Choppers sont disponibles dans de nombreux mod\u00e8les populaires qui ne manqueront pas d&#039;attirer l&#039;attention de tous. Ces lunettes de soleil Chopper sont garanties d&#039;\u00eatre un succ\u00e8s avec le style agressif parmi vos amis et connaissances qui aiment aussi ce style.<br \/>\nIls s&#039;accorderont tr\u00e8s bien avec votre moto, votre voiture am\u00e9ricaine ou votre gilet en cuir. Achetez une paire avant qu&#039;elle ne se vende.<\/em><\/p>","protected":false},"excerpt":{"rendered":"<p><strong>Hachoir \u2013 8CP6681<\/strong><br \/>\nMonture noire brillante avec logos argent\u00e9s - Verres transparents<br \/>\nLa moiti\u00e9 de la tige est en argent mat \u00e0 l&#039;ext\u00e9rieur<br \/>\nCh\u00e2ssis en plastique<br \/>\nUV400<br \/>\nApprouv\u00e9 CE<\/p>\n<p><img loading=\"lazy\" decoding=\"async\" class=\"alignnone wp-image-11155 size-full\" src=\"https:\/\/bazarsalg.dk\/wp-content\/uploads\/Lille-choppers-logo-200x200-1.jpg\" alt=\"\" width=\"200\" height=\"200\" \/><\/p>","protected":false},"featured_media":9500,"comment_status":"open","ping_status":"closed","template":"","meta":{"om_disable_all_campaigns":false,"_monsterinsights_skip_tracking":false,"_monsterinsights_sitenote_active":false,"_monsterinsights_sitenote_note":"","_monsterinsights_sitenote_category":0},"product_brand":[],"product_cat":[1042,1209,1049],"product_tag":[1214,1208,716],"class_list":{"0":"post-9499","1":"product","2":"type-product","3":"status-publish","4":"has-post-thumbnail","6":"product_cat-briller-uden-styrke","7":"product_cat-choppers-solbriller","8":"product_cat-premium-solbriller","9":"product_tag-8cp6681","10":"product_tag-choppers","11":"product_tag-rund","13":"first","14":"outofstock","15":"sale","16":"shipping-taxable","17":"purchasable","18":"product-type-simple"},"yoast_head":"<!-- This site is optimized with the Yoast SEO plugin v27.5 - https:\/\/yoast.com\/product\/yoast-seo-wordpress\/ -->\n<title>Choppers Briller - Boston | Blank Sort - S\u00f8lv | K\u00f8b online her | LOCS<\/title>\n<meta name=\"description\" content=\"K\u00f8b Choppers Briller - Boston | Blank Sort - S\u00f8lv her | EU&#039;s st\u00f8rste udvalg af LOCS solbriller | Vi sender fra EU - Ingen ekstra import udgifter\" \/>\n<meta name=\"robots\" content=\"index, follow, max-snippet:-1, max-image-preview:large, max-video-preview:-1\" \/>\n<link rel=\"canonical\" href=\"https:\/\/locsshop.eu\/fr\/shop\/choppers-briller-boston-blank-sort-soelv\/\" \/>\n<meta property=\"og:locale\" content=\"fr_FR\" \/>\n<meta property=\"og:type\" content=\"article\" \/>\n<meta property=\"og:title\" content=\"Choppers Briller - Boston | Blank Sort - S\u00f8lv | K\u00f8b online her | LOCS\" \/>\n<meta property=\"og:description\" content=\"K\u00f8b Choppers Briller - Boston | Blank Sort - S\u00f8lv her | EU&#039;s st\u00f8rste udvalg af LOCS solbriller | Vi sender fra EU - Ingen ekstra import udgifter\" \/>\n<meta property=\"og:url\" content=\"https:\/\/locsshop.eu\/fr\/shop\/choppers-briller-boston-blank-sort-soelv\/\" \/>\n<meta property=\"og:site_name\" content=\"Locs Sunglasses - LOCS Supplier in EU\" \/>\n<meta property=\"article:modified_time\" content=\"2024-05-07T19:40:18+00:00\" \/>\n<meta property=\"og:image\" content=\"https:\/\/locsshop.eu\/wp-content\/uploads\/2023\/02\/8CP66811.jpg\" \/>\n\t<meta property=\"og:image:width\" content=\"800\" \/>\n\t<meta property=\"og:image:height\" content=\"800\" \/>\n\t<meta property=\"og:image:type\" content=\"image\/jpeg\" \/>\n<meta name=\"twitter:card\" content=\"summary_large_image\" \/>\n<meta name=\"twitter:label1\" content=\"Dur\u00e9e de lecture estim\u00e9e\" \/>\n\t<meta name=\"twitter:data1\" content=\"1 minute\" \/>\n<script type=\"application\/ld+json\" class=\"yoast-schema-graph\">{\"@context\":\"https:\\\/\\\/schema.org\",\"@graph\":[{\"@type\":\"WebPage\",\"@id\":\"https:\\\/\\\/locsshop.eu\\\/shop\\\/choppers-briller-boston-blank-sort-soelv\\\/\",\"url\":\"https:\\\/\\\/locsshop.eu\\\/shop\\\/choppers-briller-boston-blank-sort-soelv\\\/\",\"name\":\"Choppers Briller - Boston | Blank Sort - S\u00f8lv | K\u00f8b online her | LOCS\",\"isPartOf\":{\"@id\":\"https:\\\/\\\/locsshop.eu\\\/#website\"},\"primaryImageOfPage\":{\"@id\":\"https:\\\/\\\/locsshop.eu\\\/shop\\\/choppers-briller-boston-blank-sort-soelv\\\/#primaryimage\"},\"image\":{\"@id\":\"https:\\\/\\\/locsshop.eu\\\/shop\\\/choppers-briller-boston-blank-sort-soelv\\\/#primaryimage\"},\"thumbnailUrl\":\"https:\\\/\\\/locsshop.eu\\\/wp-content\\\/uploads\\\/2023\\\/02\\\/8CP66811.jpg\",\"datePublished\":\"2023-02-06T10:53:38+00:00\",\"dateModified\":\"2024-05-07T19:40:18+00:00\",\"description\":\"K\u00f8b Choppers Briller - Boston | Blank Sort - S\u00f8lv her | EU's st\u00f8rste udvalg af LOCS solbriller | Vi sender fra EU - Ingen ekstra import udgifter\",\"breadcrumb\":{\"@id\":\"https:\\\/\\\/locsshop.eu\\\/shop\\\/choppers-briller-boston-blank-sort-soelv\\\/#breadcrumb\"},\"inLanguage\":\"fr-FR\",\"potentialAction\":[{\"@type\":\"ReadAction\",\"target\":[\"https:\\\/\\\/locsshop.eu\\\/shop\\\/choppers-briller-boston-blank-sort-soelv\\\/\"]}]},{\"@type\":\"ImageObject\",\"inLanguage\":\"fr-FR\",\"@id\":\"https:\\\/\\\/locsshop.eu\\\/shop\\\/choppers-briller-boston-blank-sort-soelv\\\/#primaryimage\",\"url\":\"https:\\\/\\\/locsshop.eu\\\/wp-content\\\/uploads\\\/2023\\\/02\\\/8CP66811.jpg\",\"contentUrl\":\"https:\\\/\\\/locsshop.eu\\\/wp-content\\\/uploads\\\/2023\\\/02\\\/8CP66811.jpg\",\"width\":800,\"height\":800},{\"@type\":\"BreadcrumbList\",\"@id\":\"https:\\\/\\\/locsshop.eu\\\/shop\\\/choppers-briller-boston-blank-sort-soelv\\\/#breadcrumb\",\"itemListElement\":[{\"@type\":\"ListItem\",\"position\":1,\"name\":\"Hjem\",\"item\":\"https:\\\/\\\/locsshop.eu\\\/\"},{\"@type\":\"ListItem\",\"position\":2,\"name\":\"Shop\",\"item\":\"https:\\\/\\\/locsshop.eu\\\/shop\\\/\"},{\"@type\":\"ListItem\",\"position\":3,\"name\":\"Choppers Briller &#8211; Boston | Blank Sort &#8211; S\u00f8lv\"}]},{\"@type\":\"WebSite\",\"@id\":\"https:\\\/\\\/locsshop.eu\\\/#website\",\"url\":\"https:\\\/\\\/locsshop.eu\\\/\",\"name\":\"Locs Sunglasses - LOCS Supplier in EU\",\"description\":\"We sell cheap LOCS Sunglasses\",\"publisher\":{\"@id\":\"https:\\\/\\\/locsshop.eu\\\/#organization\"},\"potentialAction\":[{\"@type\":\"SearchAction\",\"target\":{\"@type\":\"EntryPoint\",\"urlTemplate\":\"https:\\\/\\\/locsshop.eu\\\/?s={search_term_string}\"},\"query-input\":{\"@type\":\"PropertyValueSpecification\",\"valueRequired\":true,\"valueName\":\"search_term_string\"}}],\"inLanguage\":\"fr-FR\"},{\"@type\":\"Organization\",\"@id\":\"https:\\\/\\\/locsshop.eu\\\/#organization\",\"name\":\"Locsshop.eu\",\"url\":\"https:\\\/\\\/locsshop.eu\\\/\",\"logo\":{\"@type\":\"ImageObject\",\"inLanguage\":\"fr-FR\",\"@id\":\"https:\\\/\\\/locsshop.eu\\\/#\\\/schema\\\/logo\\\/image\\\/\",\"url\":\"https:\\\/\\\/locsshop.eu\\\/wp-content\\\/uploads\\\/2022\\\/02\\\/Locsshop-logo.png\",\"contentUrl\":\"https:\\\/\\\/locsshop.eu\\\/wp-content\\\/uploads\\\/2022\\\/02\\\/Locsshop-logo.png\",\"width\":930,\"height\":200,\"caption\":\"Locsshop.eu\"},\"image\":{\"@id\":\"https:\\\/\\\/locsshop.eu\\\/#\\\/schema\\\/logo\\\/image\\\/\"}}]}<\/script>\n<!-- \/ Yoast SEO plugin. -->","yoast_head_json":{"title":"Verres Choppers - Boston | Noir Brillant - Argent | Achetez en ligne ici | LOCS","description":"Acheter Verres Choppers - Boston | Noir brillant - Argent ici | La plus grande s\u00e9lection de lunettes de soleil LOCS de l&#039;UE | Nous exp\u00e9dions depuis l&#039;UE - Pas de frais d&#039;importation suppl\u00e9mentaires","robots":{"index":"index","follow":"follow","max-snippet":"max-snippet:-1","max-image-preview":"max-image-preview:large","max-video-preview":"max-video-preview:-1"},"canonical":"https:\/\/locsshop.eu\/fr\/shop\/choppers-briller-boston-blank-sort-soelv\/","og_locale":"fr_FR","og_type":"article","og_title":"Choppers Briller - Boston | Blank Sort - S\u00f8lv | K\u00f8b online her | LOCS","og_description":"K\u00f8b Choppers Briller - Boston | Blank Sort - S\u00f8lv her | EU's st\u00f8rste udvalg af LOCS solbriller | Vi sender fra EU - Ingen ekstra import udgifter","og_url":"https:\/\/locsshop.eu\/fr\/shop\/choppers-briller-boston-blank-sort-soelv\/","og_site_name":"Locs Sunglasses - LOCS Supplier in EU","article_modified_time":"2024-05-07T19:40:18+00:00","og_image":[{"width":800,"height":800,"url":"https:\/\/locsshop.eu\/wp-content\/uploads\/2023\/02\/8CP66811.jpg","type":"image\/jpeg"}],"twitter_card":"summary_large_image","twitter_misc":{"Dur\u00e9e de lecture estim\u00e9e":"1 minute"},"schema":{"@context":"https:\/\/schema.org","@graph":[{"@type":"WebPage","@id":"https:\/\/locsshop.eu\/shop\/choppers-briller-boston-blank-sort-soelv\/","url":"https:\/\/locsshop.eu\/shop\/choppers-briller-boston-blank-sort-soelv\/","name":"Verres Choppers - Boston | Noir Brillant - Argent | Achetez en ligne ici | LOCS","isPartOf":{"@id":"https:\/\/locsshop.eu\/#website"},"primaryImageOfPage":{"@id":"https:\/\/locsshop.eu\/shop\/choppers-briller-boston-blank-sort-soelv\/#primaryimage"},"image":{"@id":"https:\/\/locsshop.eu\/shop\/choppers-briller-boston-blank-sort-soelv\/#primaryimage"},"thumbnailUrl":"https:\/\/locsshop.eu\/wp-content\/uploads\/2023\/02\/8CP66811.jpg","datePublished":"2023-02-06T10:53:38+00:00","dateModified":"2024-05-07T19:40:18+00:00","description":"Acheter Verres Choppers - Boston | Noir brillant - Argent ici | La plus grande s\u00e9lection de lunettes de soleil LOCS de l&#039;UE | Nous exp\u00e9dions depuis l&#039;UE - Pas de frais d&#039;importation suppl\u00e9mentaires","breadcrumb":{"@id":"https:\/\/locsshop.eu\/shop\/choppers-briller-boston-blank-sort-soelv\/#breadcrumb"},"inLanguage":"fr-FR","potentialAction":[{"@type":"ReadAction","target":["https:\/\/locsshop.eu\/shop\/choppers-briller-boston-blank-sort-soelv\/"]}]},{"@type":"ImageObject","inLanguage":"fr-FR","@id":"https:\/\/locsshop.eu\/shop\/choppers-briller-boston-blank-sort-soelv\/#primaryimage","url":"https:\/\/locsshop.eu\/wp-content\/uploads\/2023\/02\/8CP66811.jpg","contentUrl":"https:\/\/locsshop.eu\/wp-content\/uploads\/2023\/02\/8CP66811.jpg","width":800,"height":800},{"@type":"BreadcrumbList","@id":"https:\/\/locsshop.eu\/shop\/choppers-briller-boston-blank-sort-soelv\/#breadcrumb","itemListElement":[{"@type":"ListItem","position":1,"name":"Hjem","item":"https:\/\/locsshop.eu\/"},{"@type":"ListItem","position":2,"name":"Shop","item":"https:\/\/locsshop.eu\/shop\/"},{"@type":"ListItem","position":3,"name":"Choppers Briller &#8211; Boston | Blank Sort &#8211; S\u00f8lv"}]},{"@type":"WebSite","@id":"https:\/\/locsshop.eu\/#website","url":"https:\/\/locsshop.eu\/","name":"Lunettes de soleil Locs - Fournisseur LOCS dans l&#039;UE","description":"Nous vendons des lunettes de soleil LOCS bon march\u00e9","publisher":{"@id":"https:\/\/locsshop.eu\/#organization"},"potentialAction":[{"@type":"SearchAction","target":{"@type":"EntryPoint","urlTemplate":"https:\/\/locsshop.eu\/?s={search_term_string}"},"query-input":{"@type":"PropertyValueSpecification","valueRequired":true,"valueName":"search_term_string"}}],"inLanguage":"fr-FR"},{"@type":"Organization","@id":"https:\/\/locsshop.eu\/#organization","name":"Locsshop.eu","url":"https:\/\/locsshop.eu\/","logo":{"@type":"ImageObject","inLanguage":"fr-FR","@id":"https:\/\/locsshop.eu\/#\/schema\/logo\/image\/","url":"https:\/\/locsshop.eu\/wp-content\/uploads\/2022\/02\/Locsshop-logo.png","contentUrl":"https:\/\/locsshop.eu\/wp-content\/uploads\/2022\/02\/Locsshop-logo.png","width":930,"height":200,"caption":"Locsshop.eu"},"image":{"@id":"https:\/\/locsshop.eu\/#\/schema\/logo\/image\/"}}]}},"_links":{"self":[{"href":"https:\/\/locsshop.eu\/fr\/wp-json\/wp\/v2\/product\/9499","targetHints":{"allow":["GET"]}}],"collection":[{"href":"https:\/\/locsshop.eu\/fr\/wp-json\/wp\/v2\/product"}],"about":[{"href":"https:\/\/locsshop.eu\/fr\/wp-json\/wp\/v2\/types\/product"}],"replies":[{"embeddable":true,"href":"https:\/\/locsshop.eu\/fr\/wp-json\/wp\/v2\/comments?post=9499"}],"wp:featuredmedia":[{"embeddable":true,"href":"https:\/\/locsshop.eu\/fr\/wp-json\/wp\/v2\/media\/9500"}],"wp:attachment":[{"href":"https:\/\/locsshop.eu\/fr\/wp-json\/wp\/v2\/media?parent=9499"}],"wp:term":[{"taxonomy":"product_brand","embeddable":true,"href":"https:\/\/locsshop.eu\/fr\/wp-json\/wp\/v2\/product_brand?post=9499"},{"taxonomy":"product_cat","embeddable":true,"href":"https:\/\/locsshop.eu\/fr\/wp-json\/wp\/v2\/product_cat?post=9499"},{"taxonomy":"product_tag","embeddable":true,"href":"https:\/\/locsshop.eu\/fr\/wp-json\/wp\/v2\/product_tag?post=9499"}],"curies":[{"name":"wp","href":"https:\/\/api.w.org\/{rel}","templated":true}]}}