{"id":9540,"date":"2023-03-02T19:15:32","date_gmt":"2023-03-02T18:15:32","guid":{"rendered":"https:\/\/locsshop.eu\/shop\/handout-apparel-bambus-solbriller-sort-og-neutral-wayfarer\/"},"modified":"2025-07-05T01:57:04","modified_gmt":"2025-07-04T23:57:04","slug":"handout-apparel-bambus-solbriller-sort-og-neutral-wayfarer","status":"publish","type":"product","link":"https:\/\/locsshop.eu\/fr\/shop\/handout-apparel-bambus-solbriller-sort-og-neutral-wayfarer\/","title":{"rendered":"Lunettes de soleil en bambou Handout Apparel | Wayfarer noir et neutre"},"content":{"rendered":"<h2><strong>Lunettes de soleil Wayfarer en bambou noir brut et neutre avec verres marron - Incl. Etui en bambou<\/strong><\/h2>\n<h4>Ces lunettes de soleil Wayfarer en bambou ont une \u00e9l\u00e9gante monture noire et neutre et des verres marron. Parfaites pour toutes les occasions, ces lunettes de soleil \u00e9l\u00e9gantes sont con\u00e7ues dans un souci de confort et de durabilit\u00e9.<br \/>\nLeur poids l\u00e9ger les rend faciles \u00e0 transporter et leur forme intemporelle ajoute une touche cool et \u00e9l\u00e9gante \u00e0 votre look. Avec une protection UV 100 %, ces lunettes de soleil vous prot\u00e8gent des rayons nocifs du soleil.<br \/>\nLes lunettes de soleil ont des tiges flexibles pour un confort optimal et un ajustement parfait.<br \/>\nLes logos Handout Apparel grav\u00e9s sur les p\u00f4les donnent aux lunettes de soleil un aspect exclusif et avec le logo en forme de c\u0153ur, vous signalez que vous aimez notre nature et que vous avez fait le choix conscient d&#039;en prendre soin le mieux possible, m\u00eame si vous portez de belles lunettes de soleil.<\/h4>\n<h4>Un bel \u00e9tui en bambou est inclus avec vos nouvelles lunettes de soleil en bambou Handout Apparel, vous pouvez donc emporter vos lunettes de soleil en bambou partout avec vous sans qu&#039;elles ne s&#039;ab\u00eement.<\/p>\n<p><span data-text-color=\"secondary\"><strong>Veuillez noter que les lunettes de soleil sont uniques et taill\u00e9es dans diff\u00e9rents bois et ne correspondent donc pas aux photos 100% car la texture du bois est diff\u00e9rente.<\/strong><\/span><br \/>\n<strong><br \/>\nNous vous recommandons d&#039;acheter un \u00e9tui suppl\u00e9mentaire afin que vos nouvelles lunettes de soleil cool ne soient pas ray\u00e9es lorsqu&#039;elles sont dans l&#039;\u00e9tui en bambou.<\/strong><br \/>\n<strong>Trouvez nos \u00e9tuis dans la cat\u00e9gorie accessoires et achetez tout autre \u00e9galement un chiffon de nettoyage pour un nettoyage optimal des verres.<\/strong><\/h4>\n<h4><\/h4>\n<p>&nbsp;<\/p>\n<h4><strong><em>D\u00e9tails:<br \/>\n<\/em><\/strong><br \/>\nLargeur int\u00e9rieure : 13,3 cm<br \/>\nHauteur : 4,3 cm<br \/>\nLongueur de la tige : 14,2 cm<\/h4>\n<p>Mat\u00e9riel: Bambou<br \/>\nProtection UV400<\/p>\n<h4><img loading=\"lazy\" decoding=\"async\" class=\"alignnone wp-image-11258 size-full\" src=\"https:\/\/bazarsalg.dk\/wp-content\/uploads\/handout-apparel-logo-lille.jpg\" alt=\"\" width=\"320\" height=\"218\" \/><\/h4>\n<h4><em>A propos des lunettes de soleil en bambou Handout Apparel<\/em><\/h4>\n<p><strong><em>Lunettes de soleil en mat\u00e9riaux durables<\/em><\/strong><br \/>\nLes lunettes de soleil en bambou sont une alternative durable, \u00e9quitable et abordable aux lunettes de soleil en plastique.<br \/>\nLes lunettes de soleil en bambou sont de plus en plus populaires. Ils sont \u00e9l\u00e9gants et l\u00e9gers, ce qui les rend confortables \u00e0 porter pendant de longues p\u00e9riodes. Ils sont naturellement respectueux de l&#039;environnement car le bambou est une ressource renouvelable. Ils offrent \u00e9galement une bonne protection solaire et sont \u00e9tonnamment durables. Les lunettes de soleil en bambou sont vraiment uniques et sont disponibles dans de nombreuses formes, tailles et couleurs diff\u00e9rentes. Ils sont parfaits pour toute activit\u00e9 de plein air, d&#039;une journ\u00e9e \u00e0 la plage \u00e0 une promenade l&#039;apr\u00e8s-midi. Les cadres robustes et \u00e0 la mode en font l&#039;accessoire parfait pour compl\u00e9ter n&#039;importe quelle tenue. Si vous recherchez une paire de lunettes de soleil \u00e9l\u00e9gantes et respectueuses de l&#039;environnement, le bambou est la bonne solution pour vous.<\/p>","protected":false},"excerpt":{"rendered":"<p><strong>V\u00caTEMENTS \u00c0 DOCUMENT \u2013 HA-2<\/strong><br \/>\nMonture en bambou noir et neutre avec logos grav\u00e9s - Verres marron<br \/>\nBarres flexibles \u2013 Pour un ajustement optimal<br \/>\nMat\u00e9riau l\u00e9ger<br \/>\n\u00c9tui en bambou inclus<br \/>\nProtection UV400<\/p>\n<p><img loading=\"lazy\" decoding=\"async\" class=\"alignnone wp-image-11257 size-full\" src=\"https:\/\/bazarsalg.dk\/wp-content\/uploads\/Earth-Friendly.png\" alt=\"\" width=\"113\" height=\"148\" \/><\/p>","protected":false},"featured_media":9541,"comment_status":"open","ping_status":"closed","template":"","meta":{"om_disable_all_campaigns":false,"_monsterinsights_skip_tracking":false,"_monsterinsights_sitenote_active":false,"_monsterinsights_sitenote_note":"","_monsterinsights_sitenote_category":0},"product_brand":[],"product_cat":[1026,1029,1025,1227,1049,1037],"product_tag":[1224,503,1228,1226,769],"class_list":{"0":"post-9540","1":"product","2":"type-product","3":"status-publish","4":"has-post-thumbnail","6":"product_cat-dame-solbriller","7":"product_cat-herre-solbriller","8":"product_cat-billige-solbriller","9":"product_cat-handout-apparel","10":"product_cat-premium-solbriller","11":"product_cat-wayfarer","12":"product_tag-apparel","13":"product_tag-bambus","14":"product_tag-ha-2","15":"product_tag-handout","16":"product_tag-ph4131","18":"first","19":"instock","20":"shipping-taxable","21":"purchasable","22":"product-type-simple"},"yoast_head":"<!-- This site is optimized with the Yoast SEO plugin v27.5 - https:\/\/yoast.com\/product\/yoast-seo-wordpress\/ -->\n<title>Handout Apparel Bambus Solbriller | Sort og neutral Wayfarer | K\u00f8b online her | LOCS<\/title>\n<meta name=\"description\" content=\"K\u00f8b Handout Apparel Bambus Solbriller | Sort og neutral Wayfarer her | EU&#039;s st\u00f8rste udvalg af LOCS solbriller | Vi sender fra EU - Ingen ekstra import udgifter\" \/>\n<meta name=\"robots\" content=\"index, follow, max-snippet:-1, max-image-preview:large, max-video-preview:-1\" \/>\n<link rel=\"canonical\" href=\"https:\/\/locsshop.eu\/fr\/shop\/handout-apparel-bambus-solbriller-sort-og-neutral-wayfarer\/\" \/>\n<meta property=\"og:locale\" content=\"fr_FR\" \/>\n<meta property=\"og:type\" content=\"article\" \/>\n<meta property=\"og:title\" content=\"Handout Apparel Bambus Solbriller | Sort og neutral Wayfarer | K\u00f8b online her | LOCS\" \/>\n<meta property=\"og:description\" content=\"K\u00f8b Handout Apparel Bambus Solbriller | Sort og neutral Wayfarer her | EU&#039;s st\u00f8rste udvalg af LOCS solbriller | Vi sender fra EU - Ingen ekstra import udgifter\" \/>\n<meta property=\"og:url\" content=\"https:\/\/locsshop.eu\/fr\/shop\/handout-apparel-bambus-solbriller-sort-og-neutral-wayfarer\/\" \/>\n<meta property=\"og:site_name\" content=\"Locs Sunglasses - LOCS Supplier in EU\" \/>\n<meta property=\"article:modified_time\" content=\"2025-07-04T23:57:04+00:00\" \/>\n<meta property=\"og:image\" content=\"https:\/\/locsshop.eu\/wp-content\/uploads\/2023\/03\/HA-2-Handout-Apparal-Black5.png\" \/>\n\t<meta property=\"og:image:width\" content=\"800\" \/>\n\t<meta property=\"og:image:height\" content=\"800\" \/>\n\t<meta property=\"og:image:type\" content=\"image\/png\" \/>\n<meta name=\"twitter:card\" content=\"summary_large_image\" \/>\n<meta name=\"twitter:label1\" content=\"Dur\u00e9e de lecture estim\u00e9e\" \/>\n\t<meta name=\"twitter:data1\" content=\"2 minutes\" \/>\n<script type=\"application\/ld+json\" class=\"yoast-schema-graph\">{\"@context\":\"https:\\\/\\\/schema.org\",\"@graph\":[{\"@type\":\"WebPage\",\"@id\":\"https:\\\/\\\/locsshop.eu\\\/shop\\\/handout-apparel-bambus-solbriller-sort-og-neutral-wayfarer\\\/\",\"url\":\"https:\\\/\\\/locsshop.eu\\\/shop\\\/handout-apparel-bambus-solbriller-sort-og-neutral-wayfarer\\\/\",\"name\":\"Handout Apparel Bambus Solbriller | Sort og neutral Wayfarer | K\u00f8b online her | LOCS\",\"isPartOf\":{\"@id\":\"https:\\\/\\\/locsshop.eu\\\/#website\"},\"primaryImageOfPage\":{\"@id\":\"https:\\\/\\\/locsshop.eu\\\/shop\\\/handout-apparel-bambus-solbriller-sort-og-neutral-wayfarer\\\/#primaryimage\"},\"image\":{\"@id\":\"https:\\\/\\\/locsshop.eu\\\/shop\\\/handout-apparel-bambus-solbriller-sort-og-neutral-wayfarer\\\/#primaryimage\"},\"thumbnailUrl\":\"https:\\\/\\\/locsshop.eu\\\/wp-content\\\/uploads\\\/2023\\\/03\\\/HA-2-Handout-Apparal-Black5.png\",\"datePublished\":\"2023-03-02T18:15:32+00:00\",\"dateModified\":\"2025-07-04T23:57:04+00:00\",\"description\":\"K\u00f8b Handout Apparel Bambus Solbriller | Sort og neutral Wayfarer her | EU's st\u00f8rste udvalg af LOCS solbriller | Vi sender fra EU - Ingen ekstra import udgifter\",\"breadcrumb\":{\"@id\":\"https:\\\/\\\/locsshop.eu\\\/shop\\\/handout-apparel-bambus-solbriller-sort-og-neutral-wayfarer\\\/#breadcrumb\"},\"inLanguage\":\"fr-FR\",\"potentialAction\":[{\"@type\":\"ReadAction\",\"target\":[\"https:\\\/\\\/locsshop.eu\\\/shop\\\/handout-apparel-bambus-solbriller-sort-og-neutral-wayfarer\\\/\"]}]},{\"@type\":\"ImageObject\",\"inLanguage\":\"fr-FR\",\"@id\":\"https:\\\/\\\/locsshop.eu\\\/shop\\\/handout-apparel-bambus-solbriller-sort-og-neutral-wayfarer\\\/#primaryimage\",\"url\":\"https:\\\/\\\/locsshop.eu\\\/wp-content\\\/uploads\\\/2023\\\/03\\\/HA-2-Handout-Apparal-Black5.png\",\"contentUrl\":\"https:\\\/\\\/locsshop.eu\\\/wp-content\\\/uploads\\\/2023\\\/03\\\/HA-2-Handout-Apparal-Black5.png\",\"width\":800,\"height\":800},{\"@type\":\"BreadcrumbList\",\"@id\":\"https:\\\/\\\/locsshop.eu\\\/shop\\\/handout-apparel-bambus-solbriller-sort-og-neutral-wayfarer\\\/#breadcrumb\",\"itemListElement\":[{\"@type\":\"ListItem\",\"position\":1,\"name\":\"Hjem\",\"item\":\"https:\\\/\\\/locsshop.eu\\\/\"},{\"@type\":\"ListItem\",\"position\":2,\"name\":\"Shop\",\"item\":\"https:\\\/\\\/locsshop.eu\\\/shop\\\/\"},{\"@type\":\"ListItem\",\"position\":3,\"name\":\"Handout Apparel Bambus Solbriller | Sort og neutral Wayfarer\"}]},{\"@type\":\"WebSite\",\"@id\":\"https:\\\/\\\/locsshop.eu\\\/#website\",\"url\":\"https:\\\/\\\/locsshop.eu\\\/\",\"name\":\"Locs Sunglasses - LOCS Supplier in EU\",\"description\":\"We sell cheap LOCS Sunglasses\",\"publisher\":{\"@id\":\"https:\\\/\\\/locsshop.eu\\\/#organization\"},\"potentialAction\":[{\"@type\":\"SearchAction\",\"target\":{\"@type\":\"EntryPoint\",\"urlTemplate\":\"https:\\\/\\\/locsshop.eu\\\/?s={search_term_string}\"},\"query-input\":{\"@type\":\"PropertyValueSpecification\",\"valueRequired\":true,\"valueName\":\"search_term_string\"}}],\"inLanguage\":\"fr-FR\"},{\"@type\":\"Organization\",\"@id\":\"https:\\\/\\\/locsshop.eu\\\/#organization\",\"name\":\"Locsshop.eu\",\"url\":\"https:\\\/\\\/locsshop.eu\\\/\",\"logo\":{\"@type\":\"ImageObject\",\"inLanguage\":\"fr-FR\",\"@id\":\"https:\\\/\\\/locsshop.eu\\\/#\\\/schema\\\/logo\\\/image\\\/\",\"url\":\"https:\\\/\\\/locsshop.eu\\\/wp-content\\\/uploads\\\/2022\\\/02\\\/Locsshop-logo.png\",\"contentUrl\":\"https:\\\/\\\/locsshop.eu\\\/wp-content\\\/uploads\\\/2022\\\/02\\\/Locsshop-logo.png\",\"width\":930,\"height\":200,\"caption\":\"Locsshop.eu\"},\"image\":{\"@id\":\"https:\\\/\\\/locsshop.eu\\\/#\\\/schema\\\/logo\\\/image\\\/\"}}]}<\/script>\n<!-- \/ Yoast SEO plugin. -->","yoast_head_json":{"title":"Lunettes de soleil en bambou Handout Apparel | Wayfarer noir et neutre | Achetez en ligne ici | LOCS","description":"Acheter des lunettes de soleil en bambou Handout Apparel | Wayfarer noir et neutre ici | La plus grande s\u00e9lection de lunettes de soleil LOCS de l&#039;UE | Nous exp\u00e9dions depuis l&#039;UE - Pas de frais d&#039;importation suppl\u00e9mentaires","robots":{"index":"index","follow":"follow","max-snippet":"max-snippet:-1","max-image-preview":"max-image-preview:large","max-video-preview":"max-video-preview:-1"},"canonical":"https:\/\/locsshop.eu\/fr\/shop\/handout-apparel-bambus-solbriller-sort-og-neutral-wayfarer\/","og_locale":"fr_FR","og_type":"article","og_title":"Handout Apparel Bambus Solbriller | Sort og neutral Wayfarer | K\u00f8b online her | LOCS","og_description":"K\u00f8b Handout Apparel Bambus Solbriller | Sort og neutral Wayfarer her | EU's st\u00f8rste udvalg af LOCS solbriller | Vi sender fra EU - Ingen ekstra import udgifter","og_url":"https:\/\/locsshop.eu\/fr\/shop\/handout-apparel-bambus-solbriller-sort-og-neutral-wayfarer\/","og_site_name":"Locs Sunglasses - LOCS Supplier in EU","article_modified_time":"2025-07-04T23:57:04+00:00","og_image":[{"width":800,"height":800,"url":"https:\/\/locsshop.eu\/wp-content\/uploads\/2023\/03\/HA-2-Handout-Apparal-Black5.png","type":"image\/png"}],"twitter_card":"summary_large_image","twitter_misc":{"Dur\u00e9e de lecture estim\u00e9e":"2 minutes"},"schema":{"@context":"https:\/\/schema.org","@graph":[{"@type":"WebPage","@id":"https:\/\/locsshop.eu\/shop\/handout-apparel-bambus-solbriller-sort-og-neutral-wayfarer\/","url":"https:\/\/locsshop.eu\/shop\/handout-apparel-bambus-solbriller-sort-og-neutral-wayfarer\/","name":"Lunettes de soleil en bambou Handout Apparel | Wayfarer noir et neutre | Achetez en ligne ici | LOCS","isPartOf":{"@id":"https:\/\/locsshop.eu\/#website"},"primaryImageOfPage":{"@id":"https:\/\/locsshop.eu\/shop\/handout-apparel-bambus-solbriller-sort-og-neutral-wayfarer\/#primaryimage"},"image":{"@id":"https:\/\/locsshop.eu\/shop\/handout-apparel-bambus-solbriller-sort-og-neutral-wayfarer\/#primaryimage"},"thumbnailUrl":"https:\/\/locsshop.eu\/wp-content\/uploads\/2023\/03\/HA-2-Handout-Apparal-Black5.png","datePublished":"2023-03-02T18:15:32+00:00","dateModified":"2025-07-04T23:57:04+00:00","description":"Acheter des lunettes de soleil en bambou Handout Apparel | Wayfarer noir et neutre ici | La plus grande s\u00e9lection de lunettes de soleil LOCS de l&#039;UE | Nous exp\u00e9dions depuis l&#039;UE - Pas de frais d&#039;importation suppl\u00e9mentaires","breadcrumb":{"@id":"https:\/\/locsshop.eu\/shop\/handout-apparel-bambus-solbriller-sort-og-neutral-wayfarer\/#breadcrumb"},"inLanguage":"fr-FR","potentialAction":[{"@type":"ReadAction","target":["https:\/\/locsshop.eu\/shop\/handout-apparel-bambus-solbriller-sort-og-neutral-wayfarer\/"]}]},{"@type":"ImageObject","inLanguage":"fr-FR","@id":"https:\/\/locsshop.eu\/shop\/handout-apparel-bambus-solbriller-sort-og-neutral-wayfarer\/#primaryimage","url":"https:\/\/locsshop.eu\/wp-content\/uploads\/2023\/03\/HA-2-Handout-Apparal-Black5.png","contentUrl":"https:\/\/locsshop.eu\/wp-content\/uploads\/2023\/03\/HA-2-Handout-Apparal-Black5.png","width":800,"height":800},{"@type":"BreadcrumbList","@id":"https:\/\/locsshop.eu\/shop\/handout-apparel-bambus-solbriller-sort-og-neutral-wayfarer\/#breadcrumb","itemListElement":[{"@type":"ListItem","position":1,"name":"Hjem","item":"https:\/\/locsshop.eu\/"},{"@type":"ListItem","position":2,"name":"Shop","item":"https:\/\/locsshop.eu\/shop\/"},{"@type":"ListItem","position":3,"name":"Handout Apparel Bambus Solbriller | Sort og neutral Wayfarer"}]},{"@type":"WebSite","@id":"https:\/\/locsshop.eu\/#website","url":"https:\/\/locsshop.eu\/","name":"Lunettes de soleil Locs - Fournisseur LOCS dans l&#039;UE","description":"Nous vendons des lunettes de soleil LOCS bon march\u00e9","publisher":{"@id":"https:\/\/locsshop.eu\/#organization"},"potentialAction":[{"@type":"SearchAction","target":{"@type":"EntryPoint","urlTemplate":"https:\/\/locsshop.eu\/?s={search_term_string}"},"query-input":{"@type":"PropertyValueSpecification","valueRequired":true,"valueName":"search_term_string"}}],"inLanguage":"fr-FR"},{"@type":"Organization","@id":"https:\/\/locsshop.eu\/#organization","name":"Locsshop.eu","url":"https:\/\/locsshop.eu\/","logo":{"@type":"ImageObject","inLanguage":"fr-FR","@id":"https:\/\/locsshop.eu\/#\/schema\/logo\/image\/","url":"https:\/\/locsshop.eu\/wp-content\/uploads\/2022\/02\/Locsshop-logo.png","contentUrl":"https:\/\/locsshop.eu\/wp-content\/uploads\/2022\/02\/Locsshop-logo.png","width":930,"height":200,"caption":"Locsshop.eu"},"image":{"@id":"https:\/\/locsshop.eu\/#\/schema\/logo\/image\/"}}]}},"_links":{"self":[{"href":"https:\/\/locsshop.eu\/fr\/wp-json\/wp\/v2\/product\/9540","targetHints":{"allow":["GET"]}}],"collection":[{"href":"https:\/\/locsshop.eu\/fr\/wp-json\/wp\/v2\/product"}],"about":[{"href":"https:\/\/locsshop.eu\/fr\/wp-json\/wp\/v2\/types\/product"}],"replies":[{"embeddable":true,"href":"https:\/\/locsshop.eu\/fr\/wp-json\/wp\/v2\/comments?post=9540"}],"wp:featuredmedia":[{"embeddable":true,"href":"https:\/\/locsshop.eu\/fr\/wp-json\/wp\/v2\/media\/9541"}],"wp:attachment":[{"href":"https:\/\/locsshop.eu\/fr\/wp-json\/wp\/v2\/media?parent=9540"}],"wp:term":[{"taxonomy":"product_brand","embeddable":true,"href":"https:\/\/locsshop.eu\/fr\/wp-json\/wp\/v2\/product_brand?post=9540"},{"taxonomy":"product_cat","embeddable":true,"href":"https:\/\/locsshop.eu\/fr\/wp-json\/wp\/v2\/product_cat?post=9540"},{"taxonomy":"product_tag","embeddable":true,"href":"https:\/\/locsshop.eu\/fr\/wp-json\/wp\/v2\/product_tag?post=9540"}],"curies":[{"name":"wp","href":"https:\/\/api.w.org\/{rel}","templated":true}]}}