{"id":9632,"date":"2023-03-09T15:12:58","date_gmt":"2023-03-09T14:12:58","guid":{"rendered":"https:\/\/locsshop.eu\/shop\/giselle-solbriller-lyon-sort-stel-moerke-plate-glas\/"},"modified":"2023-08-31T15:55:02","modified_gmt":"2023-08-31T13:55:02","slug":"giselle-solbriller-lyon-sort-stel-moerke-plate-glas","status":"publish","type":"product","link":"https:\/\/locsshop.eu\/fr\/shop\/giselle-solbriller-lyon-sort-stel-moerke-plate-glas\/","title":{"rendered":"Lunettes de soleil Giselle \u2013 Lyon | Cadre noir - Verre plat fonc\u00e9"},"content":{"rendered":"<h2><strong>Lunettes de soleil Giselle noir brillant avec de superbes d\u00e9tails | Lunettes noires<\/strong><\/h2>\n<h4>Belles lunettes de soleil noires pour femmes avec une agr\u00e9able lentille sombre. Ils ont le joli d\u00e9tail que c&#039;est 1 verre qui couvre tout le devant et non 2 comme la plupart des lunettes de soleil.<br \/>\nCela donne un look vraiment sympa et cool.<br \/>\nLes lunettes de soleil sont d\u00e9cor\u00e9es d&#039;un joli motif et d&#039;une ligne en m\u00e9tal dor\u00e9 sur chaque p\u00f4le qui donne \u00e0 ces lunettes de soleil un look exclusif<\/h4>\n<h4>Giselle Sunglasses est une marque exclusive de lunettes de soleil design des \u00c9tats-Unis. Les lunettes de soleil Giselle sont devenues tr\u00e8s populaires dans l&#039;industrie des lunettes de soleil en raison de leur haute qualit\u00e9, de leurs beaux designs et de leurs variations populaires.<br \/>\nCes belles lunettes de soleil sont parfaites pour la femme soucieuse de la mode qui veut avoir l&#039;air exclusive, sans payer trop cher pour une marque de cr\u00e9ateur ch\u00e8re.<\/h4>\n<p>&nbsp;<\/p>\n<h4><strong><em>D\u00e9tails:<br \/>\n<\/em><\/strong><br \/>\nLargeur int\u00e9rieure : 13,5 cm<br \/>\nHauteur : 5,9cm<br \/>\nLongueur de la tige : 14,7 cm<br \/>\nSurface : Brillante<\/h4>\n<h4>Mati\u00e8re : Plastique et m\u00e9tal<br \/>\nProtection UV400<br \/>\nHomologu\u00e9 CE<\/h4>\n<h4><img loading=\"lazy\" decoding=\"async\" class=\"alignnone wp-image-11361 size-full\" src=\"https:\/\/bazarsalg.dk\/wp-content\/uploads\/Giselle-Logo-stor.jpg\" alt=\"\" width=\"295\" height=\"130\" \/><\/h4>\n<h4><em>\u00c0 propos des lunettes de soleil Giselle<\/em><\/h4>\n<p><strong>Lunettes de soleil mode \u2013 Principalement pour les femmes<\/strong><br \/>\n<em>Les lunettes de soleil Giselle sont devenues tr\u00e8s populaires au fil des ans en raison de leurs styles et couleurs uniques. La marque de mode f\u00e9minine s\u00e9duit les femmes de tous \u00e2ges. Ils sont fabriqu\u00e9s \u00e0 partir de mat\u00e9riaux de haute qualit\u00e9 \u00e0 un prix avantageux, allant du aviatorer classique aux styles populaires modernes. Qu&#039;une femme recherche un style Cat-Eye, un style aviateur ou un style classique, elle trouvera exactement ce qu&#039;elle recherche avec les lunettes de soleil Giselle.<br \/>\nDonc, si vous voulez une paire de lunettes de soleil qui crie style et exclusivit\u00e9 sans trop payer, achetez une paire de lunettes de soleil Giselle avant qu&#039;elles ne se vendent.<\/em><\/p>","protected":false},"excerpt":{"rendered":"<p><strong>GISELLE \u2013 8GSL22404<\/strong><br \/>\nCadre noir brillant<br \/>\nVerre fonc\u00e9<br \/>\nJoli motif et d\u00e9tail dor\u00e9 sur les barres<br \/>\nCh\u00e2ssis en plastique<br \/>\nUV400<br \/>\nApprouv\u00e9 CE<\/p>\n<p><img loading=\"lazy\" decoding=\"async\" class=\"alignnone wp-image-11362 size-full\" src=\"https:\/\/bazarsalg.dk\/wp-content\/uploads\/Giselle-Logo-lille.jpg\" alt=\"\" width=\"207\" height=\"91\" \/><\/p>","protected":false},"featured_media":9633,"comment_status":"open","ping_status":"closed","template":"","meta":{"om_disable_all_campaigns":false,"_monsterinsights_skip_tracking":false,"_monsterinsights_sitenote_active":false,"_monsterinsights_sitenote_note":"","_monsterinsights_sitenote_category":0},"product_brand":[],"product_cat":[1239,1049],"product_tag":[1240,436,1238,870],"class_list":{"0":"post-9632","1":"product","2":"type-product","3":"status-publish","4":"has-post-thumbnail","6":"product_cat-giselle-solbriller","7":"product_cat-premium-solbriller","8":"product_tag-8gsl22404","9":"product_tag-dame","10":"product_tag-giselle","11":"product_tag-p693","13":"first","14":"outofstock","15":"shipping-taxable","16":"purchasable","17":"product-type-simple"},"yoast_head":"<!-- This site is optimized with the Yoast SEO plugin v27.5 - https:\/\/yoast.com\/product\/yoast-seo-wordpress\/ -->\n<title>Giselle Solbriller - Lyon | Sort stel - M\u00f8rke plate glas | K\u00f8b online her | LOCS<\/title>\n<meta name=\"description\" content=\"K\u00f8b Giselle Solbriller - Lyon | Sort stel - M\u00f8rke plate glas her | EU&#039;s st\u00f8rste udvalg af LOCS solbriller | Vi sender fra EU - Ingen ekstra import udgifter\" \/>\n<meta name=\"robots\" content=\"index, follow, max-snippet:-1, max-image-preview:large, max-video-preview:-1\" \/>\n<link rel=\"canonical\" href=\"https:\/\/locsshop.eu\/fr\/shop\/giselle-solbriller-lyon-sort-stel-moerke-plate-glas\/\" \/>\n<meta property=\"og:locale\" content=\"fr_FR\" \/>\n<meta property=\"og:type\" content=\"article\" \/>\n<meta property=\"og:title\" content=\"Giselle Solbriller - Lyon | Sort stel - M\u00f8rke plate glas | K\u00f8b online her | LOCS\" \/>\n<meta property=\"og:description\" content=\"K\u00f8b Giselle Solbriller - Lyon | Sort stel - M\u00f8rke plate glas her | EU&#039;s st\u00f8rste udvalg af LOCS solbriller | Vi sender fra EU - Ingen ekstra import udgifter\" \/>\n<meta property=\"og:url\" content=\"https:\/\/locsshop.eu\/fr\/shop\/giselle-solbriller-lyon-sort-stel-moerke-plate-glas\/\" \/>\n<meta property=\"og:site_name\" content=\"Locs Sunglasses - LOCS Supplier in EU\" \/>\n<meta property=\"article:modified_time\" content=\"2023-08-31T13:55:02+00:00\" \/>\n<meta property=\"og:image\" content=\"https:\/\/locsshop.eu\/wp-content\/uploads\/2023\/03\/8GSL22404-1-Giselle.jpg\" \/>\n\t<meta property=\"og:image:width\" content=\"800\" \/>\n\t<meta property=\"og:image:height\" content=\"800\" \/>\n\t<meta property=\"og:image:type\" content=\"image\/jpeg\" \/>\n<meta name=\"twitter:card\" content=\"summary_large_image\" \/>\n<meta name=\"twitter:label1\" content=\"Dur\u00e9e de lecture estim\u00e9e\" \/>\n\t<meta name=\"twitter:data1\" content=\"1 minute\" \/>\n<script type=\"application\/ld+json\" class=\"yoast-schema-graph\">{\"@context\":\"https:\\\/\\\/schema.org\",\"@graph\":[{\"@type\":\"WebPage\",\"@id\":\"https:\\\/\\\/locsshop.eu\\\/shop\\\/giselle-solbriller-lyon-sort-stel-moerke-plate-glas\\\/\",\"url\":\"https:\\\/\\\/locsshop.eu\\\/shop\\\/giselle-solbriller-lyon-sort-stel-moerke-plate-glas\\\/\",\"name\":\"Giselle Solbriller - Lyon | Sort stel - M\u00f8rke plate glas | K\u00f8b online her | LOCS\",\"isPartOf\":{\"@id\":\"https:\\\/\\\/locsshop.eu\\\/#website\"},\"primaryImageOfPage\":{\"@id\":\"https:\\\/\\\/locsshop.eu\\\/shop\\\/giselle-solbriller-lyon-sort-stel-moerke-plate-glas\\\/#primaryimage\"},\"image\":{\"@id\":\"https:\\\/\\\/locsshop.eu\\\/shop\\\/giselle-solbriller-lyon-sort-stel-moerke-plate-glas\\\/#primaryimage\"},\"thumbnailUrl\":\"https:\\\/\\\/locsshop.eu\\\/wp-content\\\/uploads\\\/2023\\\/03\\\/8GSL22404-1-Giselle.jpg\",\"datePublished\":\"2023-03-09T14:12:58+00:00\",\"dateModified\":\"2023-08-31T13:55:02+00:00\",\"description\":\"K\u00f8b Giselle Solbriller - Lyon | Sort stel - M\u00f8rke plate glas her | EU's st\u00f8rste udvalg af LOCS solbriller | Vi sender fra EU - Ingen ekstra import udgifter\",\"breadcrumb\":{\"@id\":\"https:\\\/\\\/locsshop.eu\\\/shop\\\/giselle-solbriller-lyon-sort-stel-moerke-plate-glas\\\/#breadcrumb\"},\"inLanguage\":\"fr-FR\",\"potentialAction\":[{\"@type\":\"ReadAction\",\"target\":[\"https:\\\/\\\/locsshop.eu\\\/shop\\\/giselle-solbriller-lyon-sort-stel-moerke-plate-glas\\\/\"]}]},{\"@type\":\"ImageObject\",\"inLanguage\":\"fr-FR\",\"@id\":\"https:\\\/\\\/locsshop.eu\\\/shop\\\/giselle-solbriller-lyon-sort-stel-moerke-plate-glas\\\/#primaryimage\",\"url\":\"https:\\\/\\\/locsshop.eu\\\/wp-content\\\/uploads\\\/2023\\\/03\\\/8GSL22404-1-Giselle.jpg\",\"contentUrl\":\"https:\\\/\\\/locsshop.eu\\\/wp-content\\\/uploads\\\/2023\\\/03\\\/8GSL22404-1-Giselle.jpg\",\"width\":800,\"height\":800},{\"@type\":\"BreadcrumbList\",\"@id\":\"https:\\\/\\\/locsshop.eu\\\/shop\\\/giselle-solbriller-lyon-sort-stel-moerke-plate-glas\\\/#breadcrumb\",\"itemListElement\":[{\"@type\":\"ListItem\",\"position\":1,\"name\":\"Hjem\",\"item\":\"https:\\\/\\\/locsshop.eu\\\/\"},{\"@type\":\"ListItem\",\"position\":2,\"name\":\"Shop\",\"item\":\"https:\\\/\\\/locsshop.eu\\\/shop\\\/\"},{\"@type\":\"ListItem\",\"position\":3,\"name\":\"Giselle Solbriller &#8211; Lyon | Sort stel &#8211; M\u00f8rke plate glas\"}]},{\"@type\":\"WebSite\",\"@id\":\"https:\\\/\\\/locsshop.eu\\\/#website\",\"url\":\"https:\\\/\\\/locsshop.eu\\\/\",\"name\":\"Locs Sunglasses - LOCS Supplier in EU\",\"description\":\"We sell cheap LOCS Sunglasses\",\"publisher\":{\"@id\":\"https:\\\/\\\/locsshop.eu\\\/#organization\"},\"potentialAction\":[{\"@type\":\"SearchAction\",\"target\":{\"@type\":\"EntryPoint\",\"urlTemplate\":\"https:\\\/\\\/locsshop.eu\\\/?s={search_term_string}\"},\"query-input\":{\"@type\":\"PropertyValueSpecification\",\"valueRequired\":true,\"valueName\":\"search_term_string\"}}],\"inLanguage\":\"fr-FR\"},{\"@type\":\"Organization\",\"@id\":\"https:\\\/\\\/locsshop.eu\\\/#organization\",\"name\":\"Locsshop.eu\",\"url\":\"https:\\\/\\\/locsshop.eu\\\/\",\"logo\":{\"@type\":\"ImageObject\",\"inLanguage\":\"fr-FR\",\"@id\":\"https:\\\/\\\/locsshop.eu\\\/#\\\/schema\\\/logo\\\/image\\\/\",\"url\":\"https:\\\/\\\/locsshop.eu\\\/wp-content\\\/uploads\\\/2022\\\/02\\\/Locsshop-logo.png\",\"contentUrl\":\"https:\\\/\\\/locsshop.eu\\\/wp-content\\\/uploads\\\/2022\\\/02\\\/Locsshop-logo.png\",\"width\":930,\"height\":200,\"caption\":\"Locsshop.eu\"},\"image\":{\"@id\":\"https:\\\/\\\/locsshop.eu\\\/#\\\/schema\\\/logo\\\/image\\\/\"}}]}<\/script>\n<!-- \/ Yoast SEO plugin. -->","yoast_head_json":{"title":"Lunettes de soleil Giselle - Lyon | Cadre noir - Verre plat fonc\u00e9 | Achetez en ligne ici | LOCS","description":"Acheter Lunettes de soleil Giselle - Lyon | Cadre noir - Verre fonc\u00e9 ici | La plus grande s\u00e9lection de lunettes de soleil LOCS de l&#039;UE | Nous exp\u00e9dions depuis l&#039;UE - Pas de frais d&#039;importation suppl\u00e9mentaires","robots":{"index":"index","follow":"follow","max-snippet":"max-snippet:-1","max-image-preview":"max-image-preview:large","max-video-preview":"max-video-preview:-1"},"canonical":"https:\/\/locsshop.eu\/fr\/shop\/giselle-solbriller-lyon-sort-stel-moerke-plate-glas\/","og_locale":"fr_FR","og_type":"article","og_title":"Giselle Solbriller - Lyon | Sort stel - M\u00f8rke plate glas | K\u00f8b online her | LOCS","og_description":"K\u00f8b Giselle Solbriller - Lyon | Sort stel - M\u00f8rke plate glas her | EU's st\u00f8rste udvalg af LOCS solbriller | Vi sender fra EU - Ingen ekstra import udgifter","og_url":"https:\/\/locsshop.eu\/fr\/shop\/giselle-solbriller-lyon-sort-stel-moerke-plate-glas\/","og_site_name":"Locs Sunglasses - LOCS Supplier in EU","article_modified_time":"2023-08-31T13:55:02+00:00","og_image":[{"width":800,"height":800,"url":"https:\/\/locsshop.eu\/wp-content\/uploads\/2023\/03\/8GSL22404-1-Giselle.jpg","type":"image\/jpeg"}],"twitter_card":"summary_large_image","twitter_misc":{"Dur\u00e9e de lecture estim\u00e9e":"1 minute"},"schema":{"@context":"https:\/\/schema.org","@graph":[{"@type":"WebPage","@id":"https:\/\/locsshop.eu\/shop\/giselle-solbriller-lyon-sort-stel-moerke-plate-glas\/","url":"https:\/\/locsshop.eu\/shop\/giselle-solbriller-lyon-sort-stel-moerke-plate-glas\/","name":"Lunettes de soleil Giselle - Lyon | Cadre noir - Verre plat fonc\u00e9 | Achetez en ligne ici | LOCS","isPartOf":{"@id":"https:\/\/locsshop.eu\/#website"},"primaryImageOfPage":{"@id":"https:\/\/locsshop.eu\/shop\/giselle-solbriller-lyon-sort-stel-moerke-plate-glas\/#primaryimage"},"image":{"@id":"https:\/\/locsshop.eu\/shop\/giselle-solbriller-lyon-sort-stel-moerke-plate-glas\/#primaryimage"},"thumbnailUrl":"https:\/\/locsshop.eu\/wp-content\/uploads\/2023\/03\/8GSL22404-1-Giselle.jpg","datePublished":"2023-03-09T14:12:58+00:00","dateModified":"2023-08-31T13:55:02+00:00","description":"Acheter Lunettes de soleil Giselle - Lyon | Cadre noir - Verre fonc\u00e9 ici | La plus grande s\u00e9lection de lunettes de soleil LOCS de l&#039;UE | Nous exp\u00e9dions depuis l&#039;UE - Pas de frais d&#039;importation suppl\u00e9mentaires","breadcrumb":{"@id":"https:\/\/locsshop.eu\/shop\/giselle-solbriller-lyon-sort-stel-moerke-plate-glas\/#breadcrumb"},"inLanguage":"fr-FR","potentialAction":[{"@type":"ReadAction","target":["https:\/\/locsshop.eu\/shop\/giselle-solbriller-lyon-sort-stel-moerke-plate-glas\/"]}]},{"@type":"ImageObject","inLanguage":"fr-FR","@id":"https:\/\/locsshop.eu\/shop\/giselle-solbriller-lyon-sort-stel-moerke-plate-glas\/#primaryimage","url":"https:\/\/locsshop.eu\/wp-content\/uploads\/2023\/03\/8GSL22404-1-Giselle.jpg","contentUrl":"https:\/\/locsshop.eu\/wp-content\/uploads\/2023\/03\/8GSL22404-1-Giselle.jpg","width":800,"height":800},{"@type":"BreadcrumbList","@id":"https:\/\/locsshop.eu\/shop\/giselle-solbriller-lyon-sort-stel-moerke-plate-glas\/#breadcrumb","itemListElement":[{"@type":"ListItem","position":1,"name":"Hjem","item":"https:\/\/locsshop.eu\/"},{"@type":"ListItem","position":2,"name":"Shop","item":"https:\/\/locsshop.eu\/shop\/"},{"@type":"ListItem","position":3,"name":"Giselle Solbriller &#8211; Lyon | Sort stel &#8211; M\u00f8rke plate glas"}]},{"@type":"WebSite","@id":"https:\/\/locsshop.eu\/#website","url":"https:\/\/locsshop.eu\/","name":"Lunettes de soleil Locs - Fournisseur LOCS dans l&#039;UE","description":"Nous vendons des lunettes de soleil LOCS bon march\u00e9","publisher":{"@id":"https:\/\/locsshop.eu\/#organization"},"potentialAction":[{"@type":"SearchAction","target":{"@type":"EntryPoint","urlTemplate":"https:\/\/locsshop.eu\/?s={search_term_string}"},"query-input":{"@type":"PropertyValueSpecification","valueRequired":true,"valueName":"search_term_string"}}],"inLanguage":"fr-FR"},{"@type":"Organization","@id":"https:\/\/locsshop.eu\/#organization","name":"Locsshop.eu","url":"https:\/\/locsshop.eu\/","logo":{"@type":"ImageObject","inLanguage":"fr-FR","@id":"https:\/\/locsshop.eu\/#\/schema\/logo\/image\/","url":"https:\/\/locsshop.eu\/wp-content\/uploads\/2022\/02\/Locsshop-logo.png","contentUrl":"https:\/\/locsshop.eu\/wp-content\/uploads\/2022\/02\/Locsshop-logo.png","width":930,"height":200,"caption":"Locsshop.eu"},"image":{"@id":"https:\/\/locsshop.eu\/#\/schema\/logo\/image\/"}}]}},"_links":{"self":[{"href":"https:\/\/locsshop.eu\/fr\/wp-json\/wp\/v2\/product\/9632","targetHints":{"allow":["GET"]}}],"collection":[{"href":"https:\/\/locsshop.eu\/fr\/wp-json\/wp\/v2\/product"}],"about":[{"href":"https:\/\/locsshop.eu\/fr\/wp-json\/wp\/v2\/types\/product"}],"replies":[{"embeddable":true,"href":"https:\/\/locsshop.eu\/fr\/wp-json\/wp\/v2\/comments?post=9632"}],"wp:featuredmedia":[{"embeddable":true,"href":"https:\/\/locsshop.eu\/fr\/wp-json\/wp\/v2\/media\/9633"}],"wp:attachment":[{"href":"https:\/\/locsshop.eu\/fr\/wp-json\/wp\/v2\/media?parent=9632"}],"wp:term":[{"taxonomy":"product_brand","embeddable":true,"href":"https:\/\/locsshop.eu\/fr\/wp-json\/wp\/v2\/product_brand?post=9632"},{"taxonomy":"product_cat","embeddable":true,"href":"https:\/\/locsshop.eu\/fr\/wp-json\/wp\/v2\/product_cat?post=9632"},{"taxonomy":"product_tag","embeddable":true,"href":"https:\/\/locsshop.eu\/fr\/wp-json\/wp\/v2\/product_tag?post=9632"}],"curies":[{"name":"wp","href":"https:\/\/api.w.org\/{rel}","templated":true}]}}