{"id":9670,"date":"2023-03-14T10:52:34","date_gmt":"2023-03-14T09:52:34","guid":{"rendered":"https:\/\/locsshop.eu\/shop\/aviator-koerebriller-solbriller-emilio\/"},"modified":"2026-01-14T15:44:39","modified_gmt":"2026-01-14T14:44:39","slug":"aviator-koerebriller-solbriller-emilio","status":"publish","type":"product","link":"https:\/\/locsshop.eu\/fr\/shop\/aviator-koerebriller-solbriller-emilio\/","title":{"rendered":"Lunettes de conduite aviateur | Lunettes de soleil \u2013 Emilio"},"content":{"rendered":"<h2>Lunettes de soleil Cool Aviator - Lunettes de conduite ambre avec filtre anti-lumi\u00e8re bleue<\/h2>\n<p>Ces lunettes de conduite Aviator en m\u00e9tal noir sont dot\u00e9es de verres brun ambr\u00e9 qui bloquent la lumi\u00e8re bleue, vous offrant une vision optimale lors de la conduite.<br \/>\nLe cadre noir brillant avec l&#039;inscription dor\u00e9e : SPORTS donne le bon look r\u00e9tro et est tout simplement super cool.<\/p>\n<p>Super lunettes de conduite de bonne qualit\u00e9 qui peuvent \u00e9galement \u00eatre utilis\u00e9es devant l&#039;\u00e9cran car ce sont aussi des lunettes anti-lumi\u00e8re bleue.<br \/>\nCes belles lunettes de soleil vintage peuvent bien s\u00fbr \u00e9galement \u00eatre utilis\u00e9es comme lunettes de soleil ordinaires car elles disposent \u00e9galement d&#039;un filtre UV. Les lentilles de couleur marron ambre donnent une tr\u00e8s belle lumi\u00e8re et sont agr\u00e9ables \u00e0 vos yeux, vous pouvez donc rester frais toute la journ\u00e9e.<\/p>\n<p>Longueur de la tige : 13,8 cm.<br \/>\nLargeur int\u00e9rieure : 13,5 cm.<br \/>\nHauteur : 5,2 cm.<\/p>\n<p>Mat\u00e9riau du cadre : M\u00e9tal<br \/>\nProtection UV400<\/p>","protected":false},"excerpt":{"rendered":"<ul>\n<li>R\u00e9duit l&#039;\u00e9blouissement<\/li>\n<li>Optimise la visibilit\u00e9 lors de la conduite<\/li>\n<li>Filtre anti-lumi\u00e8re bleue<\/li>\n<li>Armature en m\u00e9tal<\/li>\n<li>Protection UV<\/li>\n<\/ul>","protected":false},"featured_media":9671,"comment_status":"open","ping_status":"closed","template":"","meta":{"om_disable_all_campaigns":false,"_monsterinsights_skip_tracking":false,"_monsterinsights_sitenote_active":false,"_monsterinsights_sitenote_note":"","_monsterinsights_sitenote_category":0},"product_brand":[],"product_cat":[1026,1029,1051,1030,1025,1034],"product_tag":[700,777,1246,1247,1248,1249,1250,1251],"class_list":{"0":"post-9670","1":"product","2":"type-product","3":"status-publish","4":"has-post-thumbnail","6":"product_cat-dame-solbriller","7":"product_cat-herre-solbriller","8":"product_cat-skaermbriller-gaming-briller","9":"product_cat-aviator","10":"product_cat-billige-solbriller","11":"product_cat-natkoerebriller","12":"product_tag-anti-blaa-lys-briller","13":"product_tag-dkny","14":"product_tag-jb-8511","15":"product_tag-koerebriller","16":"product_tag-rav","17":"product_tag-retro","18":"product_tag-sports","19":"product_tag-vintage","21":"first","22":"instock","23":"shipping-taxable","24":"purchasable","25":"product-type-simple"},"yoast_head":"<!-- This site is optimized with the Yoast SEO plugin v27.5 - https:\/\/yoast.com\/product\/yoast-seo-wordpress\/ -->\n<title>Aviator K\u00f8rebriller | Solbriller - Emilio | K\u00f8b online her | LOCS<\/title>\n<meta name=\"description\" content=\"K\u00f8b Aviator K\u00f8rebriller | Solbriller - Emilio her | EU&#039;s st\u00f8rste udvalg af LOCS solbriller | Vi sender fra EU - Ingen ekstra import udgifter\" \/>\n<meta name=\"robots\" content=\"index, follow, max-snippet:-1, max-image-preview:large, max-video-preview:-1\" \/>\n<link rel=\"canonical\" href=\"https:\/\/locsshop.eu\/fr\/shop\/aviator-koerebriller-solbriller-emilio\/\" \/>\n<meta property=\"og:locale\" content=\"fr_FR\" \/>\n<meta property=\"og:type\" content=\"article\" \/>\n<meta property=\"og:title\" content=\"Aviator K\u00f8rebriller | Solbriller - Emilio | K\u00f8b online her | LOCS\" \/>\n<meta property=\"og:description\" content=\"K\u00f8b Aviator K\u00f8rebriller | Solbriller - Emilio her | EU&#039;s st\u00f8rste udvalg af LOCS solbriller | Vi sender fra EU - Ingen ekstra import udgifter\" \/>\n<meta property=\"og:url\" content=\"https:\/\/locsshop.eu\/fr\/shop\/aviator-koerebriller-solbriller-emilio\/\" \/>\n<meta property=\"og:site_name\" content=\"Locs Sunglasses - LOCS Supplier in EU\" \/>\n<meta property=\"article:modified_time\" content=\"2026-01-14T14:44:39+00:00\" \/>\n<meta property=\"og:image\" content=\"https:\/\/locsshop.eu\/wp-content\/uploads\/2023\/03\/8511-Aviator-brune-glas3.jpg\" \/>\n\t<meta property=\"og:image:width\" content=\"800\" \/>\n\t<meta property=\"og:image:height\" content=\"800\" \/>\n\t<meta property=\"og:image:type\" content=\"image\/jpeg\" \/>\n<meta name=\"twitter:card\" content=\"summary_large_image\" \/>\n<meta name=\"twitter:label1\" content=\"Dur\u00e9e de lecture estim\u00e9e\" \/>\n\t<meta name=\"twitter:data1\" content=\"1 minute\" \/>\n<script type=\"application\/ld+json\" class=\"yoast-schema-graph\">{\"@context\":\"https:\\\/\\\/schema.org\",\"@graph\":[{\"@type\":\"WebPage\",\"@id\":\"https:\\\/\\\/locsshop.eu\\\/shop\\\/aviator-koerebriller-solbriller-emilio\\\/\",\"url\":\"https:\\\/\\\/locsshop.eu\\\/shop\\\/aviator-koerebriller-solbriller-emilio\\\/\",\"name\":\"Aviator K\u00f8rebriller | Solbriller - Emilio | K\u00f8b online her | LOCS\",\"isPartOf\":{\"@id\":\"https:\\\/\\\/locsshop.eu\\\/#website\"},\"primaryImageOfPage\":{\"@id\":\"https:\\\/\\\/locsshop.eu\\\/shop\\\/aviator-koerebriller-solbriller-emilio\\\/#primaryimage\"},\"image\":{\"@id\":\"https:\\\/\\\/locsshop.eu\\\/shop\\\/aviator-koerebriller-solbriller-emilio\\\/#primaryimage\"},\"thumbnailUrl\":\"https:\\\/\\\/locsshop.eu\\\/wp-content\\\/uploads\\\/2023\\\/03\\\/8511-Aviator-brune-glas3.jpg\",\"datePublished\":\"2023-03-14T09:52:34+00:00\",\"dateModified\":\"2026-01-14T14:44:39+00:00\",\"description\":\"K\u00f8b Aviator K\u00f8rebriller | Solbriller - Emilio her | EU's st\u00f8rste udvalg af LOCS solbriller | Vi sender fra EU - Ingen ekstra import udgifter\",\"breadcrumb\":{\"@id\":\"https:\\\/\\\/locsshop.eu\\\/shop\\\/aviator-koerebriller-solbriller-emilio\\\/#breadcrumb\"},\"inLanguage\":\"fr-FR\",\"potentialAction\":[{\"@type\":\"ReadAction\",\"target\":[\"https:\\\/\\\/locsshop.eu\\\/shop\\\/aviator-koerebriller-solbriller-emilio\\\/\"]}]},{\"@type\":\"ImageObject\",\"inLanguage\":\"fr-FR\",\"@id\":\"https:\\\/\\\/locsshop.eu\\\/shop\\\/aviator-koerebriller-solbriller-emilio\\\/#primaryimage\",\"url\":\"https:\\\/\\\/locsshop.eu\\\/wp-content\\\/uploads\\\/2023\\\/03\\\/8511-Aviator-brune-glas3.jpg\",\"contentUrl\":\"https:\\\/\\\/locsshop.eu\\\/wp-content\\\/uploads\\\/2023\\\/03\\\/8511-Aviator-brune-glas3.jpg\",\"width\":800,\"height\":800},{\"@type\":\"BreadcrumbList\",\"@id\":\"https:\\\/\\\/locsshop.eu\\\/shop\\\/aviator-koerebriller-solbriller-emilio\\\/#breadcrumb\",\"itemListElement\":[{\"@type\":\"ListItem\",\"position\":1,\"name\":\"Hjem\",\"item\":\"https:\\\/\\\/locsshop.eu\\\/\"},{\"@type\":\"ListItem\",\"position\":2,\"name\":\"Shop\",\"item\":\"https:\\\/\\\/locsshop.eu\\\/shop\\\/\"},{\"@type\":\"ListItem\",\"position\":3,\"name\":\"Aviator K\u00f8rebriller | Solbriller &#8211; Emilio\"}]},{\"@type\":\"WebSite\",\"@id\":\"https:\\\/\\\/locsshop.eu\\\/#website\",\"url\":\"https:\\\/\\\/locsshop.eu\\\/\",\"name\":\"Locs Sunglasses - LOCS Supplier in EU\",\"description\":\"We sell cheap LOCS Sunglasses\",\"publisher\":{\"@id\":\"https:\\\/\\\/locsshop.eu\\\/#organization\"},\"potentialAction\":[{\"@type\":\"SearchAction\",\"target\":{\"@type\":\"EntryPoint\",\"urlTemplate\":\"https:\\\/\\\/locsshop.eu\\\/?s={search_term_string}\"},\"query-input\":{\"@type\":\"PropertyValueSpecification\",\"valueRequired\":true,\"valueName\":\"search_term_string\"}}],\"inLanguage\":\"fr-FR\"},{\"@type\":\"Organization\",\"@id\":\"https:\\\/\\\/locsshop.eu\\\/#organization\",\"name\":\"Locsshop.eu\",\"url\":\"https:\\\/\\\/locsshop.eu\\\/\",\"logo\":{\"@type\":\"ImageObject\",\"inLanguage\":\"fr-FR\",\"@id\":\"https:\\\/\\\/locsshop.eu\\\/#\\\/schema\\\/logo\\\/image\\\/\",\"url\":\"https:\\\/\\\/locsshop.eu\\\/wp-content\\\/uploads\\\/2022\\\/02\\\/Locsshop-logo.png\",\"contentUrl\":\"https:\\\/\\\/locsshop.eu\\\/wp-content\\\/uploads\\\/2022\\\/02\\\/Locsshop-logo.png\",\"width\":930,\"height\":200,\"caption\":\"Locsshop.eu\"},\"image\":{\"@id\":\"https:\\\/\\\/locsshop.eu\\\/#\\\/schema\\\/logo\\\/image\\\/\"}}]}<\/script>\n<!-- \/ Yoast SEO plugin. -->","yoast_head_json":{"title":"Lunettes de conduite aviateur | Lunettes de soleil - Emilio | Achetez en ligne ici | LOCS","description":"Acheter des lunettes de conduite aviateur | Lunettes de soleil - Emilio ici | La plus grande s\u00e9lection de lunettes de soleil LOCS de l&#039;UE | Nous exp\u00e9dions depuis l&#039;UE - Pas de frais d&#039;importation suppl\u00e9mentaires","robots":{"index":"index","follow":"follow","max-snippet":"max-snippet:-1","max-image-preview":"max-image-preview:large","max-video-preview":"max-video-preview:-1"},"canonical":"https:\/\/locsshop.eu\/fr\/shop\/aviator-koerebriller-solbriller-emilio\/","og_locale":"fr_FR","og_type":"article","og_title":"Aviator K\u00f8rebriller | Solbriller - Emilio | K\u00f8b online her | LOCS","og_description":"K\u00f8b Aviator K\u00f8rebriller | Solbriller - Emilio her | EU's st\u00f8rste udvalg af LOCS solbriller | Vi sender fra EU - Ingen ekstra import udgifter","og_url":"https:\/\/locsshop.eu\/fr\/shop\/aviator-koerebriller-solbriller-emilio\/","og_site_name":"Locs Sunglasses - LOCS Supplier in EU","article_modified_time":"2026-01-14T14:44:39+00:00","og_image":[{"width":800,"height":800,"url":"https:\/\/locsshop.eu\/wp-content\/uploads\/2023\/03\/8511-Aviator-brune-glas3.jpg","type":"image\/jpeg"}],"twitter_card":"summary_large_image","twitter_misc":{"Dur\u00e9e de lecture estim\u00e9e":"1 minute"},"schema":{"@context":"https:\/\/schema.org","@graph":[{"@type":"WebPage","@id":"https:\/\/locsshop.eu\/shop\/aviator-koerebriller-solbriller-emilio\/","url":"https:\/\/locsshop.eu\/shop\/aviator-koerebriller-solbriller-emilio\/","name":"Lunettes de conduite aviateur | Lunettes de soleil - Emilio | Achetez en ligne ici | LOCS","isPartOf":{"@id":"https:\/\/locsshop.eu\/#website"},"primaryImageOfPage":{"@id":"https:\/\/locsshop.eu\/shop\/aviator-koerebriller-solbriller-emilio\/#primaryimage"},"image":{"@id":"https:\/\/locsshop.eu\/shop\/aviator-koerebriller-solbriller-emilio\/#primaryimage"},"thumbnailUrl":"https:\/\/locsshop.eu\/wp-content\/uploads\/2023\/03\/8511-Aviator-brune-glas3.jpg","datePublished":"2023-03-14T09:52:34+00:00","dateModified":"2026-01-14T14:44:39+00:00","description":"Acheter des lunettes de conduite aviateur | Lunettes de soleil - Emilio ici | La plus grande s\u00e9lection de lunettes de soleil LOCS de l&#039;UE | Nous exp\u00e9dions depuis l&#039;UE - Pas de frais d&#039;importation suppl\u00e9mentaires","breadcrumb":{"@id":"https:\/\/locsshop.eu\/shop\/aviator-koerebriller-solbriller-emilio\/#breadcrumb"},"inLanguage":"fr-FR","potentialAction":[{"@type":"ReadAction","target":["https:\/\/locsshop.eu\/shop\/aviator-koerebriller-solbriller-emilio\/"]}]},{"@type":"ImageObject","inLanguage":"fr-FR","@id":"https:\/\/locsshop.eu\/shop\/aviator-koerebriller-solbriller-emilio\/#primaryimage","url":"https:\/\/locsshop.eu\/wp-content\/uploads\/2023\/03\/8511-Aviator-brune-glas3.jpg","contentUrl":"https:\/\/locsshop.eu\/wp-content\/uploads\/2023\/03\/8511-Aviator-brune-glas3.jpg","width":800,"height":800},{"@type":"BreadcrumbList","@id":"https:\/\/locsshop.eu\/shop\/aviator-koerebriller-solbriller-emilio\/#breadcrumb","itemListElement":[{"@type":"ListItem","position":1,"name":"Hjem","item":"https:\/\/locsshop.eu\/"},{"@type":"ListItem","position":2,"name":"Shop","item":"https:\/\/locsshop.eu\/shop\/"},{"@type":"ListItem","position":3,"name":"Aviator K\u00f8rebriller | Solbriller &#8211; Emilio"}]},{"@type":"WebSite","@id":"https:\/\/locsshop.eu\/#website","url":"https:\/\/locsshop.eu\/","name":"Lunettes de soleil Locs - Fournisseur LOCS dans l&#039;UE","description":"Nous vendons des lunettes de soleil LOCS bon march\u00e9","publisher":{"@id":"https:\/\/locsshop.eu\/#organization"},"potentialAction":[{"@type":"SearchAction","target":{"@type":"EntryPoint","urlTemplate":"https:\/\/locsshop.eu\/?s={search_term_string}"},"query-input":{"@type":"PropertyValueSpecification","valueRequired":true,"valueName":"search_term_string"}}],"inLanguage":"fr-FR"},{"@type":"Organization","@id":"https:\/\/locsshop.eu\/#organization","name":"Locsshop.eu","url":"https:\/\/locsshop.eu\/","logo":{"@type":"ImageObject","inLanguage":"fr-FR","@id":"https:\/\/locsshop.eu\/#\/schema\/logo\/image\/","url":"https:\/\/locsshop.eu\/wp-content\/uploads\/2022\/02\/Locsshop-logo.png","contentUrl":"https:\/\/locsshop.eu\/wp-content\/uploads\/2022\/02\/Locsshop-logo.png","width":930,"height":200,"caption":"Locsshop.eu"},"image":{"@id":"https:\/\/locsshop.eu\/#\/schema\/logo\/image\/"}}]}},"_links":{"self":[{"href":"https:\/\/locsshop.eu\/fr\/wp-json\/wp\/v2\/product\/9670","targetHints":{"allow":["GET"]}}],"collection":[{"href":"https:\/\/locsshop.eu\/fr\/wp-json\/wp\/v2\/product"}],"about":[{"href":"https:\/\/locsshop.eu\/fr\/wp-json\/wp\/v2\/types\/product"}],"replies":[{"embeddable":true,"href":"https:\/\/locsshop.eu\/fr\/wp-json\/wp\/v2\/comments?post=9670"}],"wp:featuredmedia":[{"embeddable":true,"href":"https:\/\/locsshop.eu\/fr\/wp-json\/wp\/v2\/media\/9671"}],"wp:attachment":[{"href":"https:\/\/locsshop.eu\/fr\/wp-json\/wp\/v2\/media?parent=9670"}],"wp:term":[{"taxonomy":"product_brand","embeddable":true,"href":"https:\/\/locsshop.eu\/fr\/wp-json\/wp\/v2\/product_brand?post=9670"},{"taxonomy":"product_cat","embeddable":true,"href":"https:\/\/locsshop.eu\/fr\/wp-json\/wp\/v2\/product_cat?post=9670"},{"taxonomy":"product_tag","embeddable":true,"href":"https:\/\/locsshop.eu\/fr\/wp-json\/wp\/v2\/product_tag?post=9670"}],"curies":[{"name":"wp","href":"https:\/\/api.w.org\/{rel}","templated":true}]}}