{"id":9994,"date":"2023-05-06T16:43:33","date_gmt":"2023-05-06T14:43:33","guid":{"rendered":"https:\/\/locsshop.eu\/shop\/sikkerhedsbriller-med-justerbare-arme-gule-glas\/"},"modified":"2025-05-25T12:16:47","modified_gmt":"2025-05-25T10:16:47","slug":"sikkerhedsbriller-med-justerbare-arme-gule-glas","status":"publish","type":"product","link":"https:\/\/locsshop.eu\/fr\/shop\/sikkerhedsbriller-med-justerbare-arme-gule-glas\/","title":{"rendered":"Lunettes de s\u00e9curit\u00e9 \u00e0 branches r\u00e9glables | Lunettes jaunes"},"content":{"rendered":"<h2>Lunettes de s\u00e9curit\u00e9 \u00e0 branches r\u00e9glables | Lunettes jaunes<\/h2>\n<p>Ces lunettes de s\u00e9curit\u00e9 sont id\u00e9ales pour une utilisation lors du tournage, du fraisage, du meulage, du montage, etc.<br \/>\nLes lunettes de s\u00e9curit\u00e9 ont des branches lat\u00e9rales r\u00e9glables - Champ de vision optimal - protection lat\u00e9rale int\u00e9gr\u00e9e et prot\u00e8ge-sourcils - lentille avec rev\u00eatement dur sp\u00e9cial.<\/p>\n<p>Il y a de petits trous \u00e0 l&#039;extr\u00e9mit\u00e9 des tiges, o\u00f9 vous pouvez par ex. peut attacher une ficelle afin que vous puissiez accrocher les lunettes autour de votre cou.<br \/>\nIls sont destin\u00e9s \u00e0 prot\u00e9ger les yeux des \u00e9claboussures de substances solides provenant du traitement manuel et m\u00e9canique des m\u00e9taux, du bois, des plastiques, de la c\u00e9ramique, de l&#039;exploitation mini\u00e8re, etc.<br \/>\nr\u00e9pond aux exigences de <strong>EN166<\/p>\n<p><\/strong>Hauteur : 5,1 cm.<br \/>\nLargeur int\u00e9rieure : 13,4 cm.<br \/>\nLongueur c\u00f4t\u00e9 : 11 cm. \u2013 13,15cm.<strong><br \/>\n<\/strong><\/p>\n<p><em>Les lunettes de s\u00e9curit\u00e9 sont un type de lunettes de protection utilis\u00e9es pour prot\u00e9ger les yeux des mati\u00e8res ou des activit\u00e9s dangereuses. Ils sont faits de mat\u00e9riaux absorbant les chocs et ont des lentilles qui r\u00e9sistent aux chocs, aux rayures et aux produits chimiques. Les lunettes de s\u00e9curit\u00e9 peuvent \u00eatre utilis\u00e9es dans de nombreuses situations diff\u00e9rentes, y compris dans les environnements industriels et de laboratoire, les chantiers de construction, les activit\u00e9s sportives, les feux d&#039;artifice et m\u00eame \u00e0 la maison. <\/em><br \/>\n<em>Ils sont essentiels pour prot\u00e9ger la vision et pr\u00e9venir les l\u00e9sions oculaires graves.<\/em><\/p>","protected":false},"excerpt":{"rendered":"<p><strong>Lunettes de s\u00e9curit\u00e9 \u00e0 verres jaunes<br \/>\n<\/strong>Protection lat\u00e9rale<br \/>\nBarres r\u00e9glables<br \/>\nr\u00e9pond aux exigences de la norme EN166<br \/>\nApprouv\u00e9 CE<\/p>","protected":false},"featured_media":9995,"comment_status":"open","ping_status":"closed","template":"","meta":{"om_disable_all_campaigns":false,"_monsterinsights_skip_tracking":false,"_monsterinsights_sitenote_active":false,"_monsterinsights_sitenote_note":"","_monsterinsights_sitenote_category":0},"product_brand":[],"product_cat":[1033,1050],"product_tag":[1302,653],"class_list":{"0":"post-9994","1":"product","2":"type-product","3":"status-publish","4":"has-post-thumbnail","6":"product_cat-briller","7":"product_cat-sikkerhedsbriller","8":"product_tag-1302","9":"product_tag-sikkerhedsbriller","11":"first","12":"instock","13":"sale","14":"shipping-taxable","15":"purchasable","16":"product-type-simple"},"yoast_head":"<!-- This site is optimized with the Yoast SEO plugin v27.5 - https:\/\/yoast.com\/product\/yoast-seo-wordpress\/ -->\n<title>Sikkerhedsbriller med justerbare arme | Gule glas | K\u00f8b online her | LOCS<\/title>\n<meta name=\"description\" content=\"K\u00f8b Sikkerhedsbriller med justerbare arme | Gule glas her | EU&#039;s st\u00f8rste udvalg af LOCS solbriller | Vi sender fra EU - Ingen ekstra import udgifter\" \/>\n<meta name=\"robots\" content=\"index, follow, max-snippet:-1, max-image-preview:large, max-video-preview:-1\" \/>\n<link rel=\"canonical\" href=\"https:\/\/locsshop.eu\/fr\/shop\/sikkerhedsbriller-med-justerbare-arme-gule-glas\/\" \/>\n<meta property=\"og:locale\" content=\"fr_FR\" \/>\n<meta property=\"og:type\" content=\"article\" \/>\n<meta property=\"og:title\" content=\"Sikkerhedsbriller med justerbare arme | Gule glas | K\u00f8b online her | LOCS\" \/>\n<meta property=\"og:description\" content=\"K\u00f8b Sikkerhedsbriller med justerbare arme | Gule glas her | EU&#039;s st\u00f8rste udvalg af LOCS solbriller | Vi sender fra EU - Ingen ekstra import udgifter\" \/>\n<meta property=\"og:url\" content=\"https:\/\/locsshop.eu\/fr\/shop\/sikkerhedsbriller-med-justerbare-arme-gule-glas\/\" \/>\n<meta property=\"og:site_name\" content=\"Locs Sunglasses - LOCS Supplier in EU\" \/>\n<meta property=\"article:modified_time\" content=\"2025-05-25T10:16:47+00:00\" \/>\n<meta property=\"og:image\" content=\"https:\/\/locsshop.eu\/wp-content\/uploads\/2023\/05\/004928_6.jpg\" \/>\n\t<meta property=\"og:image:width\" content=\"800\" \/>\n\t<meta property=\"og:image:height\" content=\"800\" \/>\n\t<meta property=\"og:image:type\" content=\"image\/jpeg\" \/>\n<meta name=\"twitter:card\" content=\"summary_large_image\" \/>\n<meta name=\"twitter:label1\" content=\"Dur\u00e9e de lecture estim\u00e9e\" \/>\n\t<meta name=\"twitter:data1\" content=\"1 minute\" \/>\n<script type=\"application\/ld+json\" class=\"yoast-schema-graph\">{\"@context\":\"https:\\\/\\\/schema.org\",\"@graph\":[{\"@type\":\"WebPage\",\"@id\":\"https:\\\/\\\/locsshop.eu\\\/shop\\\/sikkerhedsbriller-med-justerbare-arme-gule-glas\\\/\",\"url\":\"https:\\\/\\\/locsshop.eu\\\/shop\\\/sikkerhedsbriller-med-justerbare-arme-gule-glas\\\/\",\"name\":\"Sikkerhedsbriller med justerbare arme | Gule glas | K\u00f8b online her | LOCS\",\"isPartOf\":{\"@id\":\"https:\\\/\\\/locsshop.eu\\\/#website\"},\"primaryImageOfPage\":{\"@id\":\"https:\\\/\\\/locsshop.eu\\\/shop\\\/sikkerhedsbriller-med-justerbare-arme-gule-glas\\\/#primaryimage\"},\"image\":{\"@id\":\"https:\\\/\\\/locsshop.eu\\\/shop\\\/sikkerhedsbriller-med-justerbare-arme-gule-glas\\\/#primaryimage\"},\"thumbnailUrl\":\"https:\\\/\\\/locsshop.eu\\\/wp-content\\\/uploads\\\/2023\\\/05\\\/004928_6.jpg\",\"datePublished\":\"2023-05-06T14:43:33+00:00\",\"dateModified\":\"2025-05-25T10:16:47+00:00\",\"description\":\"K\u00f8b Sikkerhedsbriller med justerbare arme | Gule glas her | EU's st\u00f8rste udvalg af LOCS solbriller | Vi sender fra EU - Ingen ekstra import udgifter\",\"breadcrumb\":{\"@id\":\"https:\\\/\\\/locsshop.eu\\\/shop\\\/sikkerhedsbriller-med-justerbare-arme-gule-glas\\\/#breadcrumb\"},\"inLanguage\":\"fr-FR\",\"potentialAction\":[{\"@type\":\"ReadAction\",\"target\":[\"https:\\\/\\\/locsshop.eu\\\/shop\\\/sikkerhedsbriller-med-justerbare-arme-gule-glas\\\/\"]}]},{\"@type\":\"ImageObject\",\"inLanguage\":\"fr-FR\",\"@id\":\"https:\\\/\\\/locsshop.eu\\\/shop\\\/sikkerhedsbriller-med-justerbare-arme-gule-glas\\\/#primaryimage\",\"url\":\"https:\\\/\\\/locsshop.eu\\\/wp-content\\\/uploads\\\/2023\\\/05\\\/004928_6.jpg\",\"contentUrl\":\"https:\\\/\\\/locsshop.eu\\\/wp-content\\\/uploads\\\/2023\\\/05\\\/004928_6.jpg\",\"width\":800,\"height\":800},{\"@type\":\"BreadcrumbList\",\"@id\":\"https:\\\/\\\/locsshop.eu\\\/shop\\\/sikkerhedsbriller-med-justerbare-arme-gule-glas\\\/#breadcrumb\",\"itemListElement\":[{\"@type\":\"ListItem\",\"position\":1,\"name\":\"Hjem\",\"item\":\"https:\\\/\\\/locsshop.eu\\\/\"},{\"@type\":\"ListItem\",\"position\":2,\"name\":\"Shop\",\"item\":\"https:\\\/\\\/locsshop.eu\\\/shop\\\/\"},{\"@type\":\"ListItem\",\"position\":3,\"name\":\"Sikkerhedsbriller med justerbare arme | Gule glas\"}]},{\"@type\":\"WebSite\",\"@id\":\"https:\\\/\\\/locsshop.eu\\\/#website\",\"url\":\"https:\\\/\\\/locsshop.eu\\\/\",\"name\":\"Locs Sunglasses - LOCS Supplier in EU\",\"description\":\"We sell cheap LOCS Sunglasses\",\"publisher\":{\"@id\":\"https:\\\/\\\/locsshop.eu\\\/#organization\"},\"potentialAction\":[{\"@type\":\"SearchAction\",\"target\":{\"@type\":\"EntryPoint\",\"urlTemplate\":\"https:\\\/\\\/locsshop.eu\\\/?s={search_term_string}\"},\"query-input\":{\"@type\":\"PropertyValueSpecification\",\"valueRequired\":true,\"valueName\":\"search_term_string\"}}],\"inLanguage\":\"fr-FR\"},{\"@type\":\"Organization\",\"@id\":\"https:\\\/\\\/locsshop.eu\\\/#organization\",\"name\":\"Locsshop.eu\",\"url\":\"https:\\\/\\\/locsshop.eu\\\/\",\"logo\":{\"@type\":\"ImageObject\",\"inLanguage\":\"fr-FR\",\"@id\":\"https:\\\/\\\/locsshop.eu\\\/#\\\/schema\\\/logo\\\/image\\\/\",\"url\":\"https:\\\/\\\/locsshop.eu\\\/wp-content\\\/uploads\\\/2022\\\/02\\\/Locsshop-logo.png\",\"contentUrl\":\"https:\\\/\\\/locsshop.eu\\\/wp-content\\\/uploads\\\/2022\\\/02\\\/Locsshop-logo.png\",\"width\":930,\"height\":200,\"caption\":\"Locsshop.eu\"},\"image\":{\"@id\":\"https:\\\/\\\/locsshop.eu\\\/#\\\/schema\\\/logo\\\/image\\\/\"}}]}<\/script>\n<!-- \/ Yoast SEO plugin. -->","yoast_head_json":{"title":"Lunettes de s\u00e9curit\u00e9 \u00e0 branches r\u00e9glables | Lunettes jaunes | Achetez en ligne ici | LOCS","description":"Acheter Lunettes de s\u00e9curit\u00e9 \u00e0 branches r\u00e9glables | Lunettes jaunes ici | La plus grande s\u00e9lection de lunettes de soleil LOCS de l&#039;UE | Nous exp\u00e9dions depuis l&#039;UE - Pas de frais d&#039;importation suppl\u00e9mentaires","robots":{"index":"index","follow":"follow","max-snippet":"max-snippet:-1","max-image-preview":"max-image-preview:large","max-video-preview":"max-video-preview:-1"},"canonical":"https:\/\/locsshop.eu\/fr\/shop\/sikkerhedsbriller-med-justerbare-arme-gule-glas\/","og_locale":"fr_FR","og_type":"article","og_title":"Sikkerhedsbriller med justerbare arme | Gule glas | K\u00f8b online her | LOCS","og_description":"K\u00f8b Sikkerhedsbriller med justerbare arme | Gule glas her | EU's st\u00f8rste udvalg af LOCS solbriller | Vi sender fra EU - Ingen ekstra import udgifter","og_url":"https:\/\/locsshop.eu\/fr\/shop\/sikkerhedsbriller-med-justerbare-arme-gule-glas\/","og_site_name":"Locs Sunglasses - LOCS Supplier in EU","article_modified_time":"2025-05-25T10:16:47+00:00","og_image":[{"width":800,"height":800,"url":"https:\/\/locsshop.eu\/wp-content\/uploads\/2023\/05\/004928_6.jpg","type":"image\/jpeg"}],"twitter_card":"summary_large_image","twitter_misc":{"Dur\u00e9e de lecture estim\u00e9e":"1 minute"},"schema":{"@context":"https:\/\/schema.org","@graph":[{"@type":"WebPage","@id":"https:\/\/locsshop.eu\/shop\/sikkerhedsbriller-med-justerbare-arme-gule-glas\/","url":"https:\/\/locsshop.eu\/shop\/sikkerhedsbriller-med-justerbare-arme-gule-glas\/","name":"Lunettes de s\u00e9curit\u00e9 \u00e0 branches r\u00e9glables | Lunettes jaunes | Achetez en ligne ici | LOCS","isPartOf":{"@id":"https:\/\/locsshop.eu\/#website"},"primaryImageOfPage":{"@id":"https:\/\/locsshop.eu\/shop\/sikkerhedsbriller-med-justerbare-arme-gule-glas\/#primaryimage"},"image":{"@id":"https:\/\/locsshop.eu\/shop\/sikkerhedsbriller-med-justerbare-arme-gule-glas\/#primaryimage"},"thumbnailUrl":"https:\/\/locsshop.eu\/wp-content\/uploads\/2023\/05\/004928_6.jpg","datePublished":"2023-05-06T14:43:33+00:00","dateModified":"2025-05-25T10:16:47+00:00","description":"Acheter Lunettes de s\u00e9curit\u00e9 \u00e0 branches r\u00e9glables | Lunettes jaunes ici | La plus grande s\u00e9lection de lunettes de soleil LOCS de l&#039;UE | Nous exp\u00e9dions depuis l&#039;UE - Pas de frais d&#039;importation suppl\u00e9mentaires","breadcrumb":{"@id":"https:\/\/locsshop.eu\/shop\/sikkerhedsbriller-med-justerbare-arme-gule-glas\/#breadcrumb"},"inLanguage":"fr-FR","potentialAction":[{"@type":"ReadAction","target":["https:\/\/locsshop.eu\/shop\/sikkerhedsbriller-med-justerbare-arme-gule-glas\/"]}]},{"@type":"ImageObject","inLanguage":"fr-FR","@id":"https:\/\/locsshop.eu\/shop\/sikkerhedsbriller-med-justerbare-arme-gule-glas\/#primaryimage","url":"https:\/\/locsshop.eu\/wp-content\/uploads\/2023\/05\/004928_6.jpg","contentUrl":"https:\/\/locsshop.eu\/wp-content\/uploads\/2023\/05\/004928_6.jpg","width":800,"height":800},{"@type":"BreadcrumbList","@id":"https:\/\/locsshop.eu\/shop\/sikkerhedsbriller-med-justerbare-arme-gule-glas\/#breadcrumb","itemListElement":[{"@type":"ListItem","position":1,"name":"Hjem","item":"https:\/\/locsshop.eu\/"},{"@type":"ListItem","position":2,"name":"Shop","item":"https:\/\/locsshop.eu\/shop\/"},{"@type":"ListItem","position":3,"name":"Sikkerhedsbriller med justerbare arme | Gule glas"}]},{"@type":"WebSite","@id":"https:\/\/locsshop.eu\/#website","url":"https:\/\/locsshop.eu\/","name":"Lunettes de soleil Locs - Fournisseur LOCS dans l&#039;UE","description":"Nous vendons des lunettes de soleil LOCS bon march\u00e9","publisher":{"@id":"https:\/\/locsshop.eu\/#organization"},"potentialAction":[{"@type":"SearchAction","target":{"@type":"EntryPoint","urlTemplate":"https:\/\/locsshop.eu\/?s={search_term_string}"},"query-input":{"@type":"PropertyValueSpecification","valueRequired":true,"valueName":"search_term_string"}}],"inLanguage":"fr-FR"},{"@type":"Organization","@id":"https:\/\/locsshop.eu\/#organization","name":"Locsshop.eu","url":"https:\/\/locsshop.eu\/","logo":{"@type":"ImageObject","inLanguage":"fr-FR","@id":"https:\/\/locsshop.eu\/#\/schema\/logo\/image\/","url":"https:\/\/locsshop.eu\/wp-content\/uploads\/2022\/02\/Locsshop-logo.png","contentUrl":"https:\/\/locsshop.eu\/wp-content\/uploads\/2022\/02\/Locsshop-logo.png","width":930,"height":200,"caption":"Locsshop.eu"},"image":{"@id":"https:\/\/locsshop.eu\/#\/schema\/logo\/image\/"}}]}},"_links":{"self":[{"href":"https:\/\/locsshop.eu\/fr\/wp-json\/wp\/v2\/product\/9994","targetHints":{"allow":["GET"]}}],"collection":[{"href":"https:\/\/locsshop.eu\/fr\/wp-json\/wp\/v2\/product"}],"about":[{"href":"https:\/\/locsshop.eu\/fr\/wp-json\/wp\/v2\/types\/product"}],"replies":[{"embeddable":true,"href":"https:\/\/locsshop.eu\/fr\/wp-json\/wp\/v2\/comments?post=9994"}],"wp:featuredmedia":[{"embeddable":true,"href":"https:\/\/locsshop.eu\/fr\/wp-json\/wp\/v2\/media\/9995"}],"wp:attachment":[{"href":"https:\/\/locsshop.eu\/fr\/wp-json\/wp\/v2\/media?parent=9994"}],"wp:term":[{"taxonomy":"product_brand","embeddable":true,"href":"https:\/\/locsshop.eu\/fr\/wp-json\/wp\/v2\/product_brand?post=9994"},{"taxonomy":"product_cat","embeddable":true,"href":"https:\/\/locsshop.eu\/fr\/wp-json\/wp\/v2\/product_cat?post=9994"},{"taxonomy":"product_tag","embeddable":true,"href":"https:\/\/locsshop.eu\/fr\/wp-json\/wp\/v2\/product_tag?post=9994"}],"curies":[{"name":"wp","href":"https:\/\/api.w.org\/{rel}","templated":true}]}}