{"id":10264,"date":"2023-05-09T14:20:27","date_gmt":"2023-05-09T12:20:27","guid":{"rendered":"https:\/\/locsshop.eu\/shop\/mindre-sorte-aviator-solbriller-moerke-fade-glas\/"},"modified":"2025-08-25T15:16:51","modified_gmt":"2025-08-25T13:16:51","slug":"mindre-sorte-aviator-solbriller-moerke-fade-glas","status":"publish","type":"product","link":"https:\/\/locsshop.eu\/it\/shop\/mindre-sorte-aviator-solbriller-moerke-fade-glas\/","title":{"rendered":"Occhiali da sole Aviator neri pi\u00f9 piccoli con aste flessibili - Lenti sfumate scure"},"content":{"rendered":"<h2>Occhiali da sole da aviatore con lenti scure opache che sono pi\u00f9 piccole degli occhiali da sole da aviatore standard.<\/h2>\n<p>Occhiali da sole super cool nel classico stile Aviator\/Pilot che non passa mai di moda, ma in un modello pi\u00f9 piccolo rispetto ai normali occhiali da sole Aviator.<br \/>\nSe pensi che gli occhiali da sole Aviator siano solitamente troppo grandi, questi sono una buona scelta, poich\u00e9 hanno la stessa forma ma con lenti pi\u00f9 piccole.<br \/>\nQuesti occhiali da sole nitidi hanno comode lenti piatte scure e aste flessibili in modo che si espandano.<br \/>\nSicuramente una scelta deliziosa per uomini, donne e bambini pi\u00f9 grandi.<\/p>\n<p>Questi sono una buona scelta per i bambini leggermente pi\u00f9 grandi in quanto sono in termini di dimensioni qualcosa tra l&#039;aviatore per bambini e l&#039;aviatore normale per adulti.<br \/>\nPossono essere utilizzati anche da adulti che pensano che i normali occhiali da sole Aviator siano troppo grandi, poich\u00e9 le barre flessibili garantiscono una vestibilit\u00e0 ottimale.<\/p>\n<p>Larghezza interna: 12,9 cm<br \/>\nAltezza: 4,5 cm.<br \/>\nLunghezza stelo occhiali: 12,7 cm.<\/p>\n<p>Cornice metallica<br \/>\nProtezione UV400<br \/>\nOmologato CE<\/p>","protected":false},"excerpt":{"rendered":"<p><strong>Occhiali da sole Aviator neri pi\u00f9 piccoli con lenti piatte scure.<\/strong><\/p>\n<p><strong>Nota:<\/strong> Questi sono pi\u00f9 piccoli dei normali occhiali da sole Aviator<br \/>\nVedi gli obiettivi di seguito.<\/p>\n<p>Cornice metallica<br \/>\nAste flessibili<br \/>\nProtezione UV400<br \/>\nOmologato CE<\/p>","protected":false},"featured_media":10265,"comment_status":"open","ping_status":"closed","template":"","meta":{"om_disable_all_campaigns":false,"_monsterinsights_skip_tracking":false,"_monsterinsights_sitenote_active":false,"_monsterinsights_sitenote_note":"","_monsterinsights_sitenote_category":0},"product_brand":[],"product_cat":[1043,1026,1029,1052,1030,1025],"product_tag":[1299,777,605,564,870],"class_list":{"0":"post-10264","1":"product","2":"type-product","3":"status-publish","4":"has-post-thumbnail","6":"product_cat-boerne-solbriller","7":"product_cat-dame-solbriller","8":"product_cat-herre-solbriller","9":"product_cat-aviator-boernesolbriller","10":"product_cat-aviator","11":"product_cat-billige-solbriller","12":"product_tag-23-168","13":"product_tag-dkny","14":"product_tag-get","15":"product_tag-k916","16":"product_tag-p693","18":"first","19":"instock","20":"shipping-taxable","21":"purchasable","22":"product-type-simple"},"yoast_head":"<!-- This site is optimized with the Yoast SEO plugin v27.5 - https:\/\/yoast.com\/product\/yoast-seo-wordpress\/ -->\n<title>Mindre sorte Aviator solbriller med flex st\u00e6nger - M\u00f8rke fade glas | K\u00f8b online her | LOCS<\/title>\n<meta name=\"description\" content=\"K\u00f8b Mindre sorte Aviator solbriller med flex st\u00e6nger - M\u00f8rke fade glas her | EU&#039;s st\u00f8rste udvalg af LOCS solbriller | Vi sender fra EU - Ingen ekstra import udgifter\" \/>\n<meta name=\"robots\" content=\"index, follow, max-snippet:-1, max-image-preview:large, max-video-preview:-1\" \/>\n<link rel=\"canonical\" href=\"https:\/\/locsshop.eu\/it\/shop\/mindre-sorte-aviator-solbriller-moerke-fade-glas\/\" \/>\n<meta property=\"og:locale\" content=\"it_IT\" \/>\n<meta property=\"og:type\" content=\"article\" \/>\n<meta property=\"og:title\" content=\"Mindre sorte Aviator solbriller med flex st\u00e6nger - M\u00f8rke fade glas | K\u00f8b online her | LOCS\" \/>\n<meta property=\"og:description\" content=\"K\u00f8b Mindre sorte Aviator solbriller med flex st\u00e6nger - M\u00f8rke fade glas her | EU&#039;s st\u00f8rste udvalg af LOCS solbriller | Vi sender fra EU - Ingen ekstra import udgifter\" \/>\n<meta property=\"og:url\" content=\"https:\/\/locsshop.eu\/it\/shop\/mindre-sorte-aviator-solbriller-moerke-fade-glas\/\" \/>\n<meta property=\"og:site_name\" content=\"Locs Sunglasses - LOCS Supplier in EU\" \/>\n<meta property=\"article:modified_time\" content=\"2025-08-25T13:16:51+00:00\" \/>\n<meta property=\"og:image\" content=\"https:\/\/locsshop.eu\/wp-content\/uploads\/2023\/05\/23-168BK.jpg\" \/>\n\t<meta property=\"og:image:width\" content=\"800\" \/>\n\t<meta property=\"og:image:height\" content=\"800\" \/>\n\t<meta property=\"og:image:type\" content=\"image\/jpeg\" \/>\n<meta name=\"twitter:card\" content=\"summary_large_image\" \/>\n<meta name=\"twitter:label1\" content=\"Tempo di lettura stimato\" \/>\n\t<meta name=\"twitter:data1\" content=\"1 minuto\" \/>\n<script type=\"application\/ld+json\" class=\"yoast-schema-graph\">{\"@context\":\"https:\\\/\\\/schema.org\",\"@graph\":[{\"@type\":\"WebPage\",\"@id\":\"https:\\\/\\\/locsshop.eu\\\/shop\\\/mindre-sorte-aviator-solbriller-moerke-fade-glas\\\/\",\"url\":\"https:\\\/\\\/locsshop.eu\\\/shop\\\/mindre-sorte-aviator-solbriller-moerke-fade-glas\\\/\",\"name\":\"Mindre sorte Aviator solbriller med flex st\u00e6nger - M\u00f8rke fade glas | K\u00f8b online her | LOCS\",\"isPartOf\":{\"@id\":\"https:\\\/\\\/locsshop.eu\\\/#website\"},\"primaryImageOfPage\":{\"@id\":\"https:\\\/\\\/locsshop.eu\\\/shop\\\/mindre-sorte-aviator-solbriller-moerke-fade-glas\\\/#primaryimage\"},\"image\":{\"@id\":\"https:\\\/\\\/locsshop.eu\\\/shop\\\/mindre-sorte-aviator-solbriller-moerke-fade-glas\\\/#primaryimage\"},\"thumbnailUrl\":\"https:\\\/\\\/locsshop.eu\\\/wp-content\\\/uploads\\\/2023\\\/05\\\/23-168BK.jpg\",\"datePublished\":\"2023-05-09T12:20:27+00:00\",\"dateModified\":\"2025-08-25T13:16:51+00:00\",\"description\":\"K\u00f8b Mindre sorte Aviator solbriller med flex st\u00e6nger - M\u00f8rke fade glas her | EU's st\u00f8rste udvalg af LOCS solbriller | Vi sender fra EU - Ingen ekstra import udgifter\",\"breadcrumb\":{\"@id\":\"https:\\\/\\\/locsshop.eu\\\/shop\\\/mindre-sorte-aviator-solbriller-moerke-fade-glas\\\/#breadcrumb\"},\"inLanguage\":\"it-IT\",\"potentialAction\":[{\"@type\":\"ReadAction\",\"target\":[\"https:\\\/\\\/locsshop.eu\\\/shop\\\/mindre-sorte-aviator-solbriller-moerke-fade-glas\\\/\"]}]},{\"@type\":\"ImageObject\",\"inLanguage\":\"it-IT\",\"@id\":\"https:\\\/\\\/locsshop.eu\\\/shop\\\/mindre-sorte-aviator-solbriller-moerke-fade-glas\\\/#primaryimage\",\"url\":\"https:\\\/\\\/locsshop.eu\\\/wp-content\\\/uploads\\\/2023\\\/05\\\/23-168BK.jpg\",\"contentUrl\":\"https:\\\/\\\/locsshop.eu\\\/wp-content\\\/uploads\\\/2023\\\/05\\\/23-168BK.jpg\",\"width\":800,\"height\":800},{\"@type\":\"BreadcrumbList\",\"@id\":\"https:\\\/\\\/locsshop.eu\\\/shop\\\/mindre-sorte-aviator-solbriller-moerke-fade-glas\\\/#breadcrumb\",\"itemListElement\":[{\"@type\":\"ListItem\",\"position\":1,\"name\":\"Hjem\",\"item\":\"https:\\\/\\\/locsshop.eu\\\/\"},{\"@type\":\"ListItem\",\"position\":2,\"name\":\"Shop\",\"item\":\"https:\\\/\\\/locsshop.eu\\\/shop\\\/\"},{\"@type\":\"ListItem\",\"position\":3,\"name\":\"Mindre sorte Aviator solbriller med flex st\u00e6nger &#8211; M\u00f8rke fade glas\"}]},{\"@type\":\"WebSite\",\"@id\":\"https:\\\/\\\/locsshop.eu\\\/#website\",\"url\":\"https:\\\/\\\/locsshop.eu\\\/\",\"name\":\"Locs Sunglasses - LOCS Supplier in EU\",\"description\":\"We sell cheap LOCS Sunglasses\",\"publisher\":{\"@id\":\"https:\\\/\\\/locsshop.eu\\\/#organization\"},\"potentialAction\":[{\"@type\":\"SearchAction\",\"target\":{\"@type\":\"EntryPoint\",\"urlTemplate\":\"https:\\\/\\\/locsshop.eu\\\/?s={search_term_string}\"},\"query-input\":{\"@type\":\"PropertyValueSpecification\",\"valueRequired\":true,\"valueName\":\"search_term_string\"}}],\"inLanguage\":\"it-IT\"},{\"@type\":\"Organization\",\"@id\":\"https:\\\/\\\/locsshop.eu\\\/#organization\",\"name\":\"Locsshop.eu\",\"url\":\"https:\\\/\\\/locsshop.eu\\\/\",\"logo\":{\"@type\":\"ImageObject\",\"inLanguage\":\"it-IT\",\"@id\":\"https:\\\/\\\/locsshop.eu\\\/#\\\/schema\\\/logo\\\/image\\\/\",\"url\":\"https:\\\/\\\/locsshop.eu\\\/wp-content\\\/uploads\\\/2022\\\/02\\\/Locsshop-logo.png\",\"contentUrl\":\"https:\\\/\\\/locsshop.eu\\\/wp-content\\\/uploads\\\/2022\\\/02\\\/Locsshop-logo.png\",\"width\":930,\"height\":200,\"caption\":\"Locsshop.eu\"},\"image\":{\"@id\":\"https:\\\/\\\/locsshop.eu\\\/#\\\/schema\\\/logo\\\/image\\\/\"}}]}<\/script>\n<!-- \/ Yoast SEO plugin. -->","yoast_head_json":{"title":"Occhiali da sole da aviatore neri pi\u00f9 piccoli con aste flessibili - Lenti sfumate scure | Acquista online qui | LOC","description":"Acquista occhiali da sole Aviator neri pi\u00f9 piccoli con aste flessibili - Lenti scure qui | La pi\u00f9 vasta selezione di occhiali da sole LOCS dell&#039;UE | Spediamo dall&#039;UE - Nessun costo di importazione aggiuntivo","robots":{"index":"index","follow":"follow","max-snippet":"max-snippet:-1","max-image-preview":"max-image-preview:large","max-video-preview":"max-video-preview:-1"},"canonical":"https:\/\/locsshop.eu\/it\/shop\/mindre-sorte-aviator-solbriller-moerke-fade-glas\/","og_locale":"it_IT","og_type":"article","og_title":"Mindre sorte Aviator solbriller med flex st\u00e6nger - M\u00f8rke fade glas | K\u00f8b online her | LOCS","og_description":"K\u00f8b Mindre sorte Aviator solbriller med flex st\u00e6nger - M\u00f8rke fade glas her | EU's st\u00f8rste udvalg af LOCS solbriller | Vi sender fra EU - Ingen ekstra import udgifter","og_url":"https:\/\/locsshop.eu\/it\/shop\/mindre-sorte-aviator-solbriller-moerke-fade-glas\/","og_site_name":"Locs Sunglasses - LOCS Supplier in EU","article_modified_time":"2025-08-25T13:16:51+00:00","og_image":[{"width":800,"height":800,"url":"https:\/\/locsshop.eu\/wp-content\/uploads\/2023\/05\/23-168BK.jpg","type":"image\/jpeg"}],"twitter_card":"summary_large_image","twitter_misc":{"Tempo di lettura stimato":"1 minuto"},"schema":{"@context":"https:\/\/schema.org","@graph":[{"@type":"WebPage","@id":"https:\/\/locsshop.eu\/shop\/mindre-sorte-aviator-solbriller-moerke-fade-glas\/","url":"https:\/\/locsshop.eu\/shop\/mindre-sorte-aviator-solbriller-moerke-fade-glas\/","name":"Occhiali da sole da aviatore neri pi\u00f9 piccoli con aste flessibili - Lenti sfumate scure | Acquista online qui | LOC","isPartOf":{"@id":"https:\/\/locsshop.eu\/#website"},"primaryImageOfPage":{"@id":"https:\/\/locsshop.eu\/shop\/mindre-sorte-aviator-solbriller-moerke-fade-glas\/#primaryimage"},"image":{"@id":"https:\/\/locsshop.eu\/shop\/mindre-sorte-aviator-solbriller-moerke-fade-glas\/#primaryimage"},"thumbnailUrl":"https:\/\/locsshop.eu\/wp-content\/uploads\/2023\/05\/23-168BK.jpg","datePublished":"2023-05-09T12:20:27+00:00","dateModified":"2025-08-25T13:16:51+00:00","description":"Acquista occhiali da sole Aviator neri pi\u00f9 piccoli con aste flessibili - Lenti scure qui | La pi\u00f9 vasta selezione di occhiali da sole LOCS dell&#039;UE | Spediamo dall&#039;UE - Nessun costo di importazione aggiuntivo","breadcrumb":{"@id":"https:\/\/locsshop.eu\/shop\/mindre-sorte-aviator-solbriller-moerke-fade-glas\/#breadcrumb"},"inLanguage":"it-IT","potentialAction":[{"@type":"ReadAction","target":["https:\/\/locsshop.eu\/shop\/mindre-sorte-aviator-solbriller-moerke-fade-glas\/"]}]},{"@type":"ImageObject","inLanguage":"it-IT","@id":"https:\/\/locsshop.eu\/shop\/mindre-sorte-aviator-solbriller-moerke-fade-glas\/#primaryimage","url":"https:\/\/locsshop.eu\/wp-content\/uploads\/2023\/05\/23-168BK.jpg","contentUrl":"https:\/\/locsshop.eu\/wp-content\/uploads\/2023\/05\/23-168BK.jpg","width":800,"height":800},{"@type":"BreadcrumbList","@id":"https:\/\/locsshop.eu\/shop\/mindre-sorte-aviator-solbriller-moerke-fade-glas\/#breadcrumb","itemListElement":[{"@type":"ListItem","position":1,"name":"Hjem","item":"https:\/\/locsshop.eu\/"},{"@type":"ListItem","position":2,"name":"Shop","item":"https:\/\/locsshop.eu\/shop\/"},{"@type":"ListItem","position":3,"name":"Mindre sorte Aviator solbriller med flex st\u00e6nger &#8211; M\u00f8rke fade glas"}]},{"@type":"WebSite","@id":"https:\/\/locsshop.eu\/#website","url":"https:\/\/locsshop.eu\/","name":"Occhiali da sole Locs - Fornitore LOCS nell&#039;UE","description":"Vendiamo occhiali da sole LOCS economici","publisher":{"@id":"https:\/\/locsshop.eu\/#organization"},"potentialAction":[{"@type":"SearchAction","target":{"@type":"EntryPoint","urlTemplate":"https:\/\/locsshop.eu\/?s={search_term_string}"},"query-input":{"@type":"PropertyValueSpecification","valueRequired":true,"valueName":"search_term_string"}}],"inLanguage":"it-IT"},{"@type":"Organization","@id":"https:\/\/locsshop.eu\/#organization","name":"Locsshop.eu","url":"https:\/\/locsshop.eu\/","logo":{"@type":"ImageObject","inLanguage":"it-IT","@id":"https:\/\/locsshop.eu\/#\/schema\/logo\/image\/","url":"https:\/\/locsshop.eu\/wp-content\/uploads\/2022\/02\/Locsshop-logo.png","contentUrl":"https:\/\/locsshop.eu\/wp-content\/uploads\/2022\/02\/Locsshop-logo.png","width":930,"height":200,"caption":"Locsshop.eu"},"image":{"@id":"https:\/\/locsshop.eu\/#\/schema\/logo\/image\/"}}]}},"_links":{"self":[{"href":"https:\/\/locsshop.eu\/it\/wp-json\/wp\/v2\/product\/10264","targetHints":{"allow":["GET"]}}],"collection":[{"href":"https:\/\/locsshop.eu\/it\/wp-json\/wp\/v2\/product"}],"about":[{"href":"https:\/\/locsshop.eu\/it\/wp-json\/wp\/v2\/types\/product"}],"replies":[{"embeddable":true,"href":"https:\/\/locsshop.eu\/it\/wp-json\/wp\/v2\/comments?post=10264"}],"wp:featuredmedia":[{"embeddable":true,"href":"https:\/\/locsshop.eu\/it\/wp-json\/wp\/v2\/media\/10265"}],"wp:attachment":[{"href":"https:\/\/locsshop.eu\/it\/wp-json\/wp\/v2\/media?parent=10264"}],"wp:term":[{"taxonomy":"product_brand","embeddable":true,"href":"https:\/\/locsshop.eu\/it\/wp-json\/wp\/v2\/product_brand?post=10264"},{"taxonomy":"product_cat","embeddable":true,"href":"https:\/\/locsshop.eu\/it\/wp-json\/wp\/v2\/product_cat?post=10264"},{"taxonomy":"product_tag","embeddable":true,"href":"https:\/\/locsshop.eu\/it\/wp-json\/wp\/v2\/product_tag?post=10264"}],"curies":[{"name":"parola chiave","href":"https:\/\/api.w.org\/{rel}","templated":true}]}}