{"id":10487,"date":"2023-05-27T11:44:14","date_gmt":"2023-05-27T09:44:14","guid":{"rendered":"https:\/\/locsshop.eu\/shop\/helt-sorte-aviator-solbriller-moerke-fade-glas\/"},"modified":"2023-10-06T15:55:32","modified_gmt":"2023-10-06T13:55:32","slug":"helt-sorte-aviator-solbriller-moerke-fade-glas","status":"publish","type":"product","link":"https:\/\/locsshop.eu\/it\/shop\/helt-sorte-aviator-solbriller-moerke-fade-glas\/","title":{"rendered":"Occhiali da sole Aviator tutti neri - Lenti scure"},"content":{"rendered":"<h2>Occhiali da sole Aviator tutti neri - Lenti scure<\/h2>\n<p>Occhiali da sole super cool nel classico stile Aviator \/ Pilot che non passano mai di moda.<br \/>\nQuesti occhiali da sole nitidi hanno comode lenti scure.<br \/>\nSicuramente una scelta deliziosa sia per uomini che per donne.<\/p>\n<p>Taglia standard da aviatore<\/p>\n<p>Cornice metallica<br \/>\nProtezione UV400<br \/>\nOmologato CE<\/p>","protected":false},"excerpt":{"rendered":"<p><strong>Occhiale da sole Aviator argento lucido completamente nero con lenti piatte scure.<\/strong><\/p>\n<p>Cornice metallica<br \/>\nProtezione UV400<br \/>\nOmologato CE<\/p>","protected":false},"featured_media":10488,"comment_status":"open","ping_status":"closed","template":"","meta":{"om_disable_all_campaigns":false,"_monsterinsights_skip_tracking":false,"_monsterinsights_sitenote_active":false,"_monsterinsights_sitenote_note":"","_monsterinsights_sitenote_category":0},"product_brand":[],"product_cat":[1026,1029,1030,1025],"product_tag":[777,870,1350],"class_list":{"0":"post-10487","1":"product","2":"type-product","3":"status-publish","4":"has-post-thumbnail","6":"product_cat-dame-solbriller","7":"product_cat-herre-solbriller","8":"product_cat-aviator","9":"product_cat-billige-solbriller","10":"product_tag-dkny","11":"product_tag-p693","12":"product_tag-p906","14":"first","15":"outofstock","16":"shipping-taxable","17":"purchasable","18":"product-type-simple"},"yoast_head":"<!-- This site is optimized with the Yoast SEO plugin v27.2 - https:\/\/yoast.com\/product\/yoast-seo-wordpress\/ -->\n<title>Helt sorte Aviator solbriller - M\u00f8rke fade glas | K\u00f8b online her | LOCS<\/title>\n<meta name=\"description\" content=\"K\u00f8b Helt sorte Aviator solbriller - M\u00f8rke fade glas her | EU&#039;s st\u00f8rste udvalg af LOCS solbriller | Vi sender fra EU - Ingen ekstra import udgifter\" \/>\n<meta name=\"robots\" content=\"index, follow, max-snippet:-1, max-image-preview:large, max-video-preview:-1\" \/>\n<link rel=\"canonical\" href=\"https:\/\/locsshop.eu\/it\/shop\/helt-sorte-aviator-solbriller-moerke-fade-glas\/\" \/>\n<meta property=\"og:locale\" content=\"it_IT\" \/>\n<meta property=\"og:type\" content=\"article\" \/>\n<meta property=\"og:title\" content=\"Helt sorte Aviator solbriller - M\u00f8rke fade glas | K\u00f8b online her | LOCS\" \/>\n<meta property=\"og:description\" content=\"K\u00f8b Helt sorte Aviator solbriller - M\u00f8rke fade glas her | EU&#039;s st\u00f8rste udvalg af LOCS solbriller | Vi sender fra EU - Ingen ekstra import udgifter\" \/>\n<meta property=\"og:url\" content=\"https:\/\/locsshop.eu\/it\/shop\/helt-sorte-aviator-solbriller-moerke-fade-glas\/\" \/>\n<meta property=\"og:site_name\" content=\"Locs Sunglasses - LOCS Supplier in EU\" \/>\n<meta property=\"article:modified_time\" content=\"2023-10-06T13:55:32+00:00\" \/>\n<meta property=\"og:image\" content=\"https:\/\/locsshop.eu\/wp-content\/uploads\/2023\/05\/P906BKFADE.jpg\" \/>\n\t<meta property=\"og:image:width\" content=\"800\" \/>\n\t<meta property=\"og:image:height\" content=\"800\" \/>\n\t<meta property=\"og:image:type\" content=\"image\/jpeg\" \/>\n<meta name=\"twitter:card\" content=\"summary_large_image\" \/>\n<script type=\"application\/ld+json\" class=\"yoast-schema-graph\">{\"@context\":\"https:\/\/schema.org\",\"@graph\":[{\"@type\":\"WebPage\",\"@id\":\"https:\/\/locsshop.eu\/shop\/helt-sorte-aviator-solbriller-moerke-fade-glas\/\",\"url\":\"https:\/\/locsshop.eu\/shop\/helt-sorte-aviator-solbriller-moerke-fade-glas\/\",\"name\":\"Helt sorte Aviator solbriller - M\u00f8rke fade glas | K\u00f8b online her | LOCS\",\"isPartOf\":{\"@id\":\"https:\/\/locsshop.eu\/#website\"},\"primaryImageOfPage\":{\"@id\":\"https:\/\/locsshop.eu\/shop\/helt-sorte-aviator-solbriller-moerke-fade-glas\/#primaryimage\"},\"image\":{\"@id\":\"https:\/\/locsshop.eu\/shop\/helt-sorte-aviator-solbriller-moerke-fade-glas\/#primaryimage\"},\"thumbnailUrl\":\"https:\/\/locsshop.eu\/wp-content\/uploads\/2023\/05\/P906BKFADE.jpg\",\"datePublished\":\"2023-05-27T09:44:14+00:00\",\"dateModified\":\"2023-10-06T13:55:32+00:00\",\"description\":\"K\u00f8b Helt sorte Aviator solbriller - M\u00f8rke fade glas her | EU's st\u00f8rste udvalg af LOCS solbriller | Vi sender fra EU - Ingen ekstra import udgifter\",\"breadcrumb\":{\"@id\":\"https:\/\/locsshop.eu\/shop\/helt-sorte-aviator-solbriller-moerke-fade-glas\/#breadcrumb\"},\"inLanguage\":\"it-IT\",\"potentialAction\":[{\"@type\":\"ReadAction\",\"target\":[\"https:\/\/locsshop.eu\/shop\/helt-sorte-aviator-solbriller-moerke-fade-glas\/\"]}]},{\"@type\":\"ImageObject\",\"inLanguage\":\"it-IT\",\"@id\":\"https:\/\/locsshop.eu\/shop\/helt-sorte-aviator-solbriller-moerke-fade-glas\/#primaryimage\",\"url\":\"https:\/\/locsshop.eu\/wp-content\/uploads\/2023\/05\/P906BKFADE.jpg\",\"contentUrl\":\"https:\/\/locsshop.eu\/wp-content\/uploads\/2023\/05\/P906BKFADE.jpg\",\"width\":800,\"height\":800},{\"@type\":\"BreadcrumbList\",\"@id\":\"https:\/\/locsshop.eu\/shop\/helt-sorte-aviator-solbriller-moerke-fade-glas\/#breadcrumb\",\"itemListElement\":[{\"@type\":\"ListItem\",\"position\":1,\"name\":\"Hjem\",\"item\":\"https:\/\/locsshop.eu\/\"},{\"@type\":\"ListItem\",\"position\":2,\"name\":\"Shop\",\"item\":\"https:\/\/locsshop.eu\/shop\/\"},{\"@type\":\"ListItem\",\"position\":3,\"name\":\"Helt sorte Aviator solbriller &#8211; M\u00f8rke fade glas\"}]},{\"@type\":\"WebSite\",\"@id\":\"https:\/\/locsshop.eu\/#website\",\"url\":\"https:\/\/locsshop.eu\/\",\"name\":\"Locs Sunglasses - LOCS Supplier in EU\",\"description\":\"We sell cheap LOCS Sunglasses\",\"publisher\":{\"@id\":\"https:\/\/locsshop.eu\/#organization\"},\"potentialAction\":[{\"@type\":\"SearchAction\",\"target\":{\"@type\":\"EntryPoint\",\"urlTemplate\":\"https:\/\/locsshop.eu\/?s={search_term_string}\"},\"query-input\":{\"@type\":\"PropertyValueSpecification\",\"valueRequired\":true,\"valueName\":\"search_term_string\"}}],\"inLanguage\":\"it-IT\"},{\"@type\":\"Organization\",\"@id\":\"https:\/\/locsshop.eu\/#organization\",\"name\":\"Locsshop.eu\",\"url\":\"https:\/\/locsshop.eu\/\",\"logo\":{\"@type\":\"ImageObject\",\"inLanguage\":\"it-IT\",\"@id\":\"https:\/\/locsshop.eu\/#\/schema\/logo\/image\/\",\"url\":\"https:\/\/locsshop.eu\/wp-content\/uploads\/2022\/02\/Locsshop-logo.png\",\"contentUrl\":\"https:\/\/locsshop.eu\/wp-content\/uploads\/2022\/02\/Locsshop-logo.png\",\"width\":930,\"height\":200,\"caption\":\"Locsshop.eu\"},\"image\":{\"@id\":\"https:\/\/locsshop.eu\/#\/schema\/logo\/image\/\"}}]}<\/script>\n<!-- \/ Yoast SEO plugin. -->","yoast_head_json":{"title":"Occhiali da Sole Aviator Tutto Nero - Lenti Sfumate Scure | Acquista online qui | LOC","description":"Acquista occhiali da sole Aviator completamente neri - Lenti piatte scure qui | La pi\u00f9 vasta selezione di occhiali da sole LOCS dell&#039;UE | Spediamo dall&#039;UE - Nessun costo di importazione aggiuntivo","robots":{"index":"index","follow":"follow","max-snippet":"max-snippet:-1","max-image-preview":"max-image-preview:large","max-video-preview":"max-video-preview:-1"},"canonical":"https:\/\/locsshop.eu\/it\/shop\/helt-sorte-aviator-solbriller-moerke-fade-glas\/","og_locale":"it_IT","og_type":"article","og_title":"Helt sorte Aviator solbriller - M\u00f8rke fade glas | K\u00f8b online her | LOCS","og_description":"K\u00f8b Helt sorte Aviator solbriller - M\u00f8rke fade glas her | EU's st\u00f8rste udvalg af LOCS solbriller | Vi sender fra EU - Ingen ekstra import udgifter","og_url":"https:\/\/locsshop.eu\/it\/shop\/helt-sorte-aviator-solbriller-moerke-fade-glas\/","og_site_name":"Locs Sunglasses - LOCS Supplier in EU","article_modified_time":"2023-10-06T13:55:32+00:00","og_image":[{"width":800,"height":800,"url":"https:\/\/locsshop.eu\/wp-content\/uploads\/2023\/05\/P906BKFADE.jpg","type":"image\/jpeg"}],"twitter_card":"summary_large_image","schema":{"@context":"https:\/\/schema.org","@graph":[{"@type":"WebPage","@id":"https:\/\/locsshop.eu\/shop\/helt-sorte-aviator-solbriller-moerke-fade-glas\/","url":"https:\/\/locsshop.eu\/shop\/helt-sorte-aviator-solbriller-moerke-fade-glas\/","name":"Occhiali da Sole Aviator Tutto Nero - Lenti Sfumate Scure | Acquista online qui | LOC","isPartOf":{"@id":"https:\/\/locsshop.eu\/#website"},"primaryImageOfPage":{"@id":"https:\/\/locsshop.eu\/shop\/helt-sorte-aviator-solbriller-moerke-fade-glas\/#primaryimage"},"image":{"@id":"https:\/\/locsshop.eu\/shop\/helt-sorte-aviator-solbriller-moerke-fade-glas\/#primaryimage"},"thumbnailUrl":"https:\/\/locsshop.eu\/wp-content\/uploads\/2023\/05\/P906BKFADE.jpg","datePublished":"2023-05-27T09:44:14+00:00","dateModified":"2023-10-06T13:55:32+00:00","description":"Acquista occhiali da sole Aviator completamente neri - Lenti piatte scure qui | La pi\u00f9 vasta selezione di occhiali da sole LOCS dell&#039;UE | Spediamo dall&#039;UE - Nessun costo di importazione aggiuntivo","breadcrumb":{"@id":"https:\/\/locsshop.eu\/shop\/helt-sorte-aviator-solbriller-moerke-fade-glas\/#breadcrumb"},"inLanguage":"it-IT","potentialAction":[{"@type":"ReadAction","target":["https:\/\/locsshop.eu\/shop\/helt-sorte-aviator-solbriller-moerke-fade-glas\/"]}]},{"@type":"ImageObject","inLanguage":"it-IT","@id":"https:\/\/locsshop.eu\/shop\/helt-sorte-aviator-solbriller-moerke-fade-glas\/#primaryimage","url":"https:\/\/locsshop.eu\/wp-content\/uploads\/2023\/05\/P906BKFADE.jpg","contentUrl":"https:\/\/locsshop.eu\/wp-content\/uploads\/2023\/05\/P906BKFADE.jpg","width":800,"height":800},{"@type":"BreadcrumbList","@id":"https:\/\/locsshop.eu\/shop\/helt-sorte-aviator-solbriller-moerke-fade-glas\/#breadcrumb","itemListElement":[{"@type":"ListItem","position":1,"name":"Hjem","item":"https:\/\/locsshop.eu\/"},{"@type":"ListItem","position":2,"name":"Shop","item":"https:\/\/locsshop.eu\/shop\/"},{"@type":"ListItem","position":3,"name":"Helt sorte Aviator solbriller &#8211; M\u00f8rke fade glas"}]},{"@type":"WebSite","@id":"https:\/\/locsshop.eu\/#website","url":"https:\/\/locsshop.eu\/","name":"Occhiali da sole Locs - Fornitore LOCS nell&#039;UE","description":"Vendiamo occhiali da sole LOCS economici","publisher":{"@id":"https:\/\/locsshop.eu\/#organization"},"potentialAction":[{"@type":"SearchAction","target":{"@type":"EntryPoint","urlTemplate":"https:\/\/locsshop.eu\/?s={search_term_string}"},"query-input":{"@type":"PropertyValueSpecification","valueRequired":true,"valueName":"search_term_string"}}],"inLanguage":"it-IT"},{"@type":"Organization","@id":"https:\/\/locsshop.eu\/#organization","name":"Locsshop.eu","url":"https:\/\/locsshop.eu\/","logo":{"@type":"ImageObject","inLanguage":"it-IT","@id":"https:\/\/locsshop.eu\/#\/schema\/logo\/image\/","url":"https:\/\/locsshop.eu\/wp-content\/uploads\/2022\/02\/Locsshop-logo.png","contentUrl":"https:\/\/locsshop.eu\/wp-content\/uploads\/2022\/02\/Locsshop-logo.png","width":930,"height":200,"caption":"Locsshop.eu"},"image":{"@id":"https:\/\/locsshop.eu\/#\/schema\/logo\/image\/"}}]}},"_links":{"self":[{"href":"https:\/\/locsshop.eu\/it\/wp-json\/wp\/v2\/product\/10487","targetHints":{"allow":["GET"]}}],"collection":[{"href":"https:\/\/locsshop.eu\/it\/wp-json\/wp\/v2\/product"}],"about":[{"href":"https:\/\/locsshop.eu\/it\/wp-json\/wp\/v2\/types\/product"}],"replies":[{"embeddable":true,"href":"https:\/\/locsshop.eu\/it\/wp-json\/wp\/v2\/comments?post=10487"}],"wp:featuredmedia":[{"embeddable":true,"href":"https:\/\/locsshop.eu\/it\/wp-json\/wp\/v2\/media\/10488"}],"wp:attachment":[{"href":"https:\/\/locsshop.eu\/it\/wp-json\/wp\/v2\/media?parent=10487"}],"wp:term":[{"taxonomy":"product_brand","embeddable":true,"href":"https:\/\/locsshop.eu\/it\/wp-json\/wp\/v2\/product_brand?post=10487"},{"taxonomy":"product_cat","embeddable":true,"href":"https:\/\/locsshop.eu\/it\/wp-json\/wp\/v2\/product_cat?post=10487"},{"taxonomy":"product_tag","embeddable":true,"href":"https:\/\/locsshop.eu\/it\/wp-json\/wp\/v2\/product_tag?post=10487"}],"curies":[{"name":"parola chiave","href":"https:\/\/api.w.org\/{rel}","templated":true}]}}