{"id":10881,"date":"2023-07-06T18:20:27","date_gmt":"2023-07-06T16:20:27","guid":{"rendered":"https:\/\/locsshop.eu\/da\/shop\/vaerktoejssaet-til-ure-bigstren\/"},"modified":"2025-09-11T15:04:43","modified_gmt":"2025-09-11T13:04:43","slug":"vaerktoejssaet-til-ure-bigstren","status":"publish","type":"product","link":"https:\/\/locsshop.eu\/it\/shop\/vaerktoejssaet-til-ure-bigstren\/","title":{"rendered":"Set attrezzi per orologi - Bigstern"},"content":{"rendered":"<h2>Kit di riparazione per orologi da polso<\/h2>\n<p>KIT ATTREZZI PER LA RIPARAZIONE DELL&#039;OROLOGIO E LA SOSTITUZIONE DELLA BATTERIA<\/p>\n<p>13 ELEMENTI: un set di strumenti speciali funzioner\u00e0 bene sia per riparazioni minori che pi\u00f9 complesse.<br \/>\nBELLISSIMA CUSTODIA - ogni strumento ha il suo posto nella custodia inclusa, cos\u00ec puoi facilmente tenere tutto in ordine.<br \/>\nPER AMATORI E PROFESSIONISTI - il kit \u00e8 assemblato in modo tale da essere perfetto sia per le riparazioni amatoriali a casa che per le riparazioni professionali nell&#039;officina di un orologiaio.<br \/>\nDIMENSIONI COMPATTE - il tutto pu\u00f2 essere facilmente riposto in un armadio\/cassetto e facilmente trasportato.<br \/>\nSPECIFICHE - dimensioni (lunghezza\/larghezza\/profondit\u00e0): 20\/10\/5 cm, peso: 510 g, nel set: chiave regolabile\/apriporta rotante regolabile per basi a vite, set di 18 punte per apriscatole\/cacciavite rotante, morsetto regolabile ( supporto) per fissare orologi, 3x punzone per bracciali 0.70mm \/ 0.80mm \/ 1.00mm, pinzette di precisione con punta appuntita, set di 3x cacciaviti piatti con lama intercambiabile, estrattore telescopico, accorciabracciali, coltello spezza fondi casse orologi.<\/p>","protected":false},"excerpt":{"rendered":"<ul>\n<li><strong>Tool kit per riparare e sostituire le batterie degli orologi da polso.<\/strong><\/li>\n<li><strong>Strumento per accorciare il cinturino dell&#039;orologio.<\/strong><\/li>\n<li><strong>Risparmia un sacco di soldi sulla sostituzione della batteria.<\/strong><\/li>\n<\/ul>","protected":false},"featured_media":10882,"comment_status":"open","ping_status":"closed","template":"","meta":{"om_disable_all_campaigns":false,"_monsterinsights_skip_tracking":false,"_monsterinsights_sitenote_active":false,"_monsterinsights_sitenote_note":"","_monsterinsights_sitenote_category":0},"product_brand":[],"product_cat":[1041],"product_tag":[837,940,1102],"class_list":{"0":"post-10881","1":"product","2":"type-product","3":"status-publish","4":"has-post-thumbnail","6":"product_cat-etuier-tilbehoer","7":"product_tag-s1363","8":"product_tag-saet","9":"product_tag-vaerktoej","11":"first","12":"instock","13":"shipping-taxable","14":"purchasable","15":"product-type-simple"},"yoast_head":"<!-- This site is optimized with the Yoast SEO plugin v27.5 - https:\/\/yoast.com\/product\/yoast-seo-wordpress\/ -->\n<title>V\u00e6rkt\u00f8jss\u00e6t til ure - Bigstren | K\u00f8b online her | LOCS<\/title>\n<meta name=\"description\" content=\"K\u00f8b V\u00e6rkt\u00f8jss\u00e6t til ure - Bigstren her | EU&#039;s st\u00f8rste udvalg af LOCS solbriller | Vi sender fra EU - Ingen ekstra import udgifter\" \/>\n<meta name=\"robots\" content=\"index, follow, max-snippet:-1, max-image-preview:large, max-video-preview:-1\" \/>\n<link rel=\"canonical\" href=\"https:\/\/locsshop.eu\/it\/shop\/vaerktoejssaet-til-ure-bigstren\/\" \/>\n<meta property=\"og:locale\" content=\"it_IT\" \/>\n<meta property=\"og:type\" content=\"article\" \/>\n<meta property=\"og:title\" content=\"V\u00e6rkt\u00f8jss\u00e6t til ure - Bigstren | K\u00f8b online her | LOCS\" \/>\n<meta property=\"og:description\" content=\"K\u00f8b V\u00e6rkt\u00f8jss\u00e6t til ure - Bigstren her | EU&#039;s st\u00f8rste udvalg af LOCS solbriller | Vi sender fra EU - Ingen ekstra import udgifter\" \/>\n<meta property=\"og:url\" content=\"https:\/\/locsshop.eu\/it\/shop\/vaerktoejssaet-til-ure-bigstren\/\" \/>\n<meta property=\"og:site_name\" content=\"Locs Sunglasses - LOCS Supplier in EU\" \/>\n<meta property=\"article:modified_time\" content=\"2025-09-11T13:04:43+00:00\" \/>\n<meta property=\"og:image\" content=\"https:\/\/locsshop.eu\/wp-content\/uploads\/2023\/07\/11401_1.jpg\" \/>\n\t<meta property=\"og:image:width\" content=\"800\" \/>\n\t<meta property=\"og:image:height\" content=\"800\" \/>\n\t<meta property=\"og:image:type\" content=\"image\/jpeg\" \/>\n<meta name=\"twitter:card\" content=\"summary_large_image\" \/>\n<meta name=\"twitter:label1\" content=\"Tempo di lettura stimato\" \/>\n\t<meta name=\"twitter:data1\" content=\"1 minuto\" \/>\n<script type=\"application\/ld+json\" class=\"yoast-schema-graph\">{\"@context\":\"https:\\\/\\\/schema.org\",\"@graph\":[{\"@type\":\"WebPage\",\"@id\":\"https:\\\/\\\/locsshop.eu\\\/shop\\\/vaerktoejssaet-til-ure-bigstren\\\/\",\"url\":\"https:\\\/\\\/locsshop.eu\\\/shop\\\/vaerktoejssaet-til-ure-bigstren\\\/\",\"name\":\"V\u00e6rkt\u00f8jss\u00e6t til ure - Bigstren | K\u00f8b online her | LOCS\",\"isPartOf\":{\"@id\":\"https:\\\/\\\/locsshop.eu\\\/#website\"},\"primaryImageOfPage\":{\"@id\":\"https:\\\/\\\/locsshop.eu\\\/shop\\\/vaerktoejssaet-til-ure-bigstren\\\/#primaryimage\"},\"image\":{\"@id\":\"https:\\\/\\\/locsshop.eu\\\/shop\\\/vaerktoejssaet-til-ure-bigstren\\\/#primaryimage\"},\"thumbnailUrl\":\"https:\\\/\\\/locsshop.eu\\\/wp-content\\\/uploads\\\/2023\\\/07\\\/11401_1.jpg\",\"datePublished\":\"2023-07-06T16:20:27+00:00\",\"dateModified\":\"2025-09-11T13:04:43+00:00\",\"description\":\"K\u00f8b V\u00e6rkt\u00f8jss\u00e6t til ure - Bigstren her | EU's st\u00f8rste udvalg af LOCS solbriller | Vi sender fra EU - Ingen ekstra import udgifter\",\"breadcrumb\":{\"@id\":\"https:\\\/\\\/locsshop.eu\\\/shop\\\/vaerktoejssaet-til-ure-bigstren\\\/#breadcrumb\"},\"inLanguage\":\"it-IT\",\"potentialAction\":[{\"@type\":\"ReadAction\",\"target\":[\"https:\\\/\\\/locsshop.eu\\\/shop\\\/vaerktoejssaet-til-ure-bigstren\\\/\"]}]},{\"@type\":\"ImageObject\",\"inLanguage\":\"it-IT\",\"@id\":\"https:\\\/\\\/locsshop.eu\\\/shop\\\/vaerktoejssaet-til-ure-bigstren\\\/#primaryimage\",\"url\":\"https:\\\/\\\/locsshop.eu\\\/wp-content\\\/uploads\\\/2023\\\/07\\\/11401_1.jpg\",\"contentUrl\":\"https:\\\/\\\/locsshop.eu\\\/wp-content\\\/uploads\\\/2023\\\/07\\\/11401_1.jpg\",\"width\":800,\"height\":800},{\"@type\":\"BreadcrumbList\",\"@id\":\"https:\\\/\\\/locsshop.eu\\\/shop\\\/vaerktoejssaet-til-ure-bigstren\\\/#breadcrumb\",\"itemListElement\":[{\"@type\":\"ListItem\",\"position\":1,\"name\":\"Hjem\",\"item\":\"https:\\\/\\\/locsshop.eu\\\/\"},{\"@type\":\"ListItem\",\"position\":2,\"name\":\"Shop\",\"item\":\"https:\\\/\\\/locsshop.eu\\\/shop\\\/\"},{\"@type\":\"ListItem\",\"position\":3,\"name\":\"V\u00e6rkt\u00f8jss\u00e6t til ure &#8211; Bigstren\"}]},{\"@type\":\"WebSite\",\"@id\":\"https:\\\/\\\/locsshop.eu\\\/#website\",\"url\":\"https:\\\/\\\/locsshop.eu\\\/\",\"name\":\"Locs Sunglasses - LOCS Supplier in EU\",\"description\":\"We sell cheap LOCS Sunglasses\",\"publisher\":{\"@id\":\"https:\\\/\\\/locsshop.eu\\\/#organization\"},\"potentialAction\":[{\"@type\":\"SearchAction\",\"target\":{\"@type\":\"EntryPoint\",\"urlTemplate\":\"https:\\\/\\\/locsshop.eu\\\/?s={search_term_string}\"},\"query-input\":{\"@type\":\"PropertyValueSpecification\",\"valueRequired\":true,\"valueName\":\"search_term_string\"}}],\"inLanguage\":\"it-IT\"},{\"@type\":\"Organization\",\"@id\":\"https:\\\/\\\/locsshop.eu\\\/#organization\",\"name\":\"Locsshop.eu\",\"url\":\"https:\\\/\\\/locsshop.eu\\\/\",\"logo\":{\"@type\":\"ImageObject\",\"inLanguage\":\"it-IT\",\"@id\":\"https:\\\/\\\/locsshop.eu\\\/#\\\/schema\\\/logo\\\/image\\\/\",\"url\":\"https:\\\/\\\/locsshop.eu\\\/wp-content\\\/uploads\\\/2022\\\/02\\\/Locsshop-logo.png\",\"contentUrl\":\"https:\\\/\\\/locsshop.eu\\\/wp-content\\\/uploads\\\/2022\\\/02\\\/Locsshop-logo.png\",\"width\":930,\"height\":200,\"caption\":\"Locsshop.eu\"},\"image\":{\"@id\":\"https:\\\/\\\/locsshop.eu\\\/#\\\/schema\\\/logo\\\/image\\\/\"}}]}<\/script>\n<!-- \/ Yoast SEO plugin. -->","yoast_head_json":{"title":"Set attrezzi per orologi - Bigstren | Acquista online qui | LOC","description":"Acquista Set di strumenti per orologi - Bigstern qui | La pi\u00f9 vasta selezione di occhiali da sole LOCS dell&#039;UE | Spediamo dall&#039;UE - Nessun costo di importazione aggiuntivo","robots":{"index":"index","follow":"follow","max-snippet":"max-snippet:-1","max-image-preview":"max-image-preview:large","max-video-preview":"max-video-preview:-1"},"canonical":"https:\/\/locsshop.eu\/it\/shop\/vaerktoejssaet-til-ure-bigstren\/","og_locale":"it_IT","og_type":"article","og_title":"V\u00e6rkt\u00f8jss\u00e6t til ure - Bigstren | K\u00f8b online her | LOCS","og_description":"K\u00f8b V\u00e6rkt\u00f8jss\u00e6t til ure - Bigstren her | EU's st\u00f8rste udvalg af LOCS solbriller | Vi sender fra EU - Ingen ekstra import udgifter","og_url":"https:\/\/locsshop.eu\/it\/shop\/vaerktoejssaet-til-ure-bigstren\/","og_site_name":"Locs Sunglasses - LOCS Supplier in EU","article_modified_time":"2025-09-11T13:04:43+00:00","og_image":[{"width":800,"height":800,"url":"https:\/\/locsshop.eu\/wp-content\/uploads\/2023\/07\/11401_1.jpg","type":"image\/jpeg"}],"twitter_card":"summary_large_image","twitter_misc":{"Tempo di lettura stimato":"1 minuto"},"schema":{"@context":"https:\/\/schema.org","@graph":[{"@type":"WebPage","@id":"https:\/\/locsshop.eu\/shop\/vaerktoejssaet-til-ure-bigstren\/","url":"https:\/\/locsshop.eu\/shop\/vaerktoejssaet-til-ure-bigstren\/","name":"Set attrezzi per orologi - Bigstren | Acquista online qui | LOC","isPartOf":{"@id":"https:\/\/locsshop.eu\/#website"},"primaryImageOfPage":{"@id":"https:\/\/locsshop.eu\/shop\/vaerktoejssaet-til-ure-bigstren\/#primaryimage"},"image":{"@id":"https:\/\/locsshop.eu\/shop\/vaerktoejssaet-til-ure-bigstren\/#primaryimage"},"thumbnailUrl":"https:\/\/locsshop.eu\/wp-content\/uploads\/2023\/07\/11401_1.jpg","datePublished":"2023-07-06T16:20:27+00:00","dateModified":"2025-09-11T13:04:43+00:00","description":"Acquista Set di strumenti per orologi - Bigstern qui | La pi\u00f9 vasta selezione di occhiali da sole LOCS dell&#039;UE | Spediamo dall&#039;UE - Nessun costo di importazione aggiuntivo","breadcrumb":{"@id":"https:\/\/locsshop.eu\/shop\/vaerktoejssaet-til-ure-bigstren\/#breadcrumb"},"inLanguage":"it-IT","potentialAction":[{"@type":"ReadAction","target":["https:\/\/locsshop.eu\/shop\/vaerktoejssaet-til-ure-bigstren\/"]}]},{"@type":"ImageObject","inLanguage":"it-IT","@id":"https:\/\/locsshop.eu\/shop\/vaerktoejssaet-til-ure-bigstren\/#primaryimage","url":"https:\/\/locsshop.eu\/wp-content\/uploads\/2023\/07\/11401_1.jpg","contentUrl":"https:\/\/locsshop.eu\/wp-content\/uploads\/2023\/07\/11401_1.jpg","width":800,"height":800},{"@type":"BreadcrumbList","@id":"https:\/\/locsshop.eu\/shop\/vaerktoejssaet-til-ure-bigstren\/#breadcrumb","itemListElement":[{"@type":"ListItem","position":1,"name":"Hjem","item":"https:\/\/locsshop.eu\/"},{"@type":"ListItem","position":2,"name":"Shop","item":"https:\/\/locsshop.eu\/shop\/"},{"@type":"ListItem","position":3,"name":"V\u00e6rkt\u00f8jss\u00e6t til ure &#8211; Bigstren"}]},{"@type":"WebSite","@id":"https:\/\/locsshop.eu\/#website","url":"https:\/\/locsshop.eu\/","name":"Occhiali da sole Locs - Fornitore LOCS nell&#039;UE","description":"Vendiamo occhiali da sole LOCS economici","publisher":{"@id":"https:\/\/locsshop.eu\/#organization"},"potentialAction":[{"@type":"SearchAction","target":{"@type":"EntryPoint","urlTemplate":"https:\/\/locsshop.eu\/?s={search_term_string}"},"query-input":{"@type":"PropertyValueSpecification","valueRequired":true,"valueName":"search_term_string"}}],"inLanguage":"it-IT"},{"@type":"Organization","@id":"https:\/\/locsshop.eu\/#organization","name":"Locsshop.eu","url":"https:\/\/locsshop.eu\/","logo":{"@type":"ImageObject","inLanguage":"it-IT","@id":"https:\/\/locsshop.eu\/#\/schema\/logo\/image\/","url":"https:\/\/locsshop.eu\/wp-content\/uploads\/2022\/02\/Locsshop-logo.png","contentUrl":"https:\/\/locsshop.eu\/wp-content\/uploads\/2022\/02\/Locsshop-logo.png","width":930,"height":200,"caption":"Locsshop.eu"},"image":{"@id":"https:\/\/locsshop.eu\/#\/schema\/logo\/image\/"}}]}},"_links":{"self":[{"href":"https:\/\/locsshop.eu\/it\/wp-json\/wp\/v2\/product\/10881","targetHints":{"allow":["GET"]}}],"collection":[{"href":"https:\/\/locsshop.eu\/it\/wp-json\/wp\/v2\/product"}],"about":[{"href":"https:\/\/locsshop.eu\/it\/wp-json\/wp\/v2\/types\/product"}],"replies":[{"embeddable":true,"href":"https:\/\/locsshop.eu\/it\/wp-json\/wp\/v2\/comments?post=10881"}],"wp:featuredmedia":[{"embeddable":true,"href":"https:\/\/locsshop.eu\/it\/wp-json\/wp\/v2\/media\/10882"}],"wp:attachment":[{"href":"https:\/\/locsshop.eu\/it\/wp-json\/wp\/v2\/media?parent=10881"}],"wp:term":[{"taxonomy":"product_brand","embeddable":true,"href":"https:\/\/locsshop.eu\/it\/wp-json\/wp\/v2\/product_brand?post=10881"},{"taxonomy":"product_cat","embeddable":true,"href":"https:\/\/locsshop.eu\/it\/wp-json\/wp\/v2\/product_cat?post=10881"},{"taxonomy":"product_tag","embeddable":true,"href":"https:\/\/locsshop.eu\/it\/wp-json\/wp\/v2\/product_tag?post=10881"}],"curies":[{"name":"parola chiave","href":"https:\/\/api.w.org\/{rel}","templated":true}]}}