{"id":12211,"date":"2024-03-03T14:21:09","date_gmt":"2024-03-03T13:21:09","guid":{"rendered":"https:\/\/locsshop.eu\/da\/shop\/soelv-grene-oereringe-sterling-soelv-925\/"},"modified":"2026-05-11T22:43:39","modified_gmt":"2026-05-11T20:43:39","slug":"soelv-grene-oereringe-sterling-soelv-925","status":"publish","type":"product","link":"https:\/\/locsshop.eu\/it\/shop\/soelv-grene-oereringe-sterling-soelv-925\/","title":{"rendered":"Orecchini ramo d&#039;argento | Argento sterling 925"},"content":{"rendered":"<h1><strong>ORECCHINI ALLA MODA IN ARGENTO STERLING<\/strong><\/h1>\n<p>Sono perfetti sia per gli stili eleganti che per quelli quotidiani<\/p>\n<p>Un bellissimo set per ogni occasione.<\/p>\n<p><b>Dimensioni: 1,5 x 0,8 cm<\/b><\/p>\n<h4><strong>Gli orecchini sono in argento sterling (925)<\/strong><\/h4>\n<p>I nostri anelli da dito sono progettati per essere versatili, rendendoli l&#039;accessorio ideale sia per l&#039;uso quotidiano che per i momenti speciali. Sono realizzati con materiali durevoli che garantiscono lucentezza e qualit\u00e0 durature. Indossato da solo o in abbinamento ad altri gioielli, questo anello aggiunge un tocco di eleganza a qualsiasi outfit.<\/p>\n<p>Metti in risalto la tua individualit\u00e0 e crea uno stile senza tempo con questi bellissimi orecchini, che non sono solo un gioiello, ma anche un&#039;espressione della tua eleganza personale<\/p>\n<p><strong>I nostri gioielli<\/strong><\/p>\n<p><em>Benvenuti nel nostro esclusivo universo di gioielli, dove la bellezza incontra lo scopo. La nostra selezione di gioielli \u00e8 uno scrigno di gioielli unici e incantevoli, creati con passione e competenza. Con una vasta gamma di gioielli realizzati a mano, offriamo un&#039;esperienza che unisce estetica e qualit\u00e0 in modo unico.<\/em><\/p>\n<p><em>Le nostre collezioni sono accuratamente selezionate per offrire qualcosa per ogni gusto e occasione. Dai classici senza tempo ai design trendy e contemporanei, la nostra selezione di gioielli riflette una bellezza che resiste alle mutevoli tendenze del tempo. Comprendiamo che un gioiello non \u00e8 solo un accessorio, ma una storia di stile, emozione e significato.<\/em><\/p>\n<p><em>La nostra dedizione alla qualit\u00e0 si estende oltre l&#039;aspetto visivo. Ci concentriamo su lavorazione e materiali di alto livello, garantendo che ogni gioiello sia un investimento sia in bellezza che in durata.<\/em><\/p>\n<p><em>Esplora i nostri gioielli e immergiti in un mondo di eleganza, dove ogni articolo \u00e8 accuratamente selezionato per aggiungere splendore e bellezza al tuo stile personale<\/em><\/p>\n<p>&nbsp;<\/p>\n<p>&nbsp;<\/p>\n<p><strong>\u00a0<\/strong><\/p>\n<table style=\"width: 100%;border-collapse: collapse;border-style: hidden;margin-left: auto;margin-right: auto\" border=\"1\" cellspacing=\"50\" cellpadding=\"20\">\n<caption>\u00a0<\/caption>\n<caption>\u00a0<\/caption>\n<tbody>\n<tr>\n<td style=\"width: 25%;text-align: center\"><img loading=\"lazy\" decoding=\"async\" class=\"alignnone size-full wp-image-13135\" src=\"https:\/\/bazarsalg.dk\/wp-content\/uploads\/gave-80x80-1.png\" alt=\"\" width=\"80\" height=\"80\" \/><\/td>\n<td style=\"width: 25%;text-align: center\"><img decoding=\"async\" src=\"https:\/\/bazarsalg.dk\/wp-content\/uploads\/ce.png\" \/><\/td>\n<td style=\"width: 25%;text-align: center\"><img decoding=\"async\" src=\"https:\/\/bazarsalg.dk\/wp-content\/uploads\/box.png\" \/><\/td>\n<\/tr>\n<tr>\n<td style=\"width: 25%;text-align: center\"><strong><span style=\"color: #333333\">Fornito in una scatola per gioielli o in un sacchetto per gioielli<\/span><\/strong><\/p>\n<p><span style=\"color: #333333\">Quando acquisti gioielli da noi, sono pronti per essere regalati a qualcuno a cui tieni, i nostri gioielli vengono consegnati in un bel sacchetto per gioielli o in un portagioielli.<\/span><\/td>\n<td style=\"width: 25%;text-align: center\"><strong><span style=\"color: #333333\">Omologato CE <\/span><\/strong><\/p>\n<p><span style=\"color: #333333\">I nostri gioielli soddisfano tutti i requisiti legali dell&#039;UE, il che garantisce che i tuoi gioielli siano testati e approvati.<\/span><\/td>\n<td style=\"width: 25%;text-align: center\"><strong><span style=\"color: #333333\">Spedito in una scatola di cartone in modo che i tuoi gioielli non si rompano <\/span><\/strong><\/p>\n<p><span style=\"color: #333333\">Imballiamo sempre il tuo ordine in modo sicuro in modo che arrivi in modo sicuro.<\/span><\/td>\n<\/tr>\n<\/tbody>\n<\/table>","protected":false},"excerpt":{"rendered":"<p><strong>Orecchini ramo d&#039;argento | Argento sterling 925<\/strong><\/p>","protected":false},"featured_media":12208,"comment_status":"open","ping_status":"closed","template":"","meta":{"om_disable_all_campaigns":false,"_monsterinsights_skip_tracking":false,"_monsterinsights_sitenote_active":false,"_monsterinsights_sitenote_note":"","_monsterinsights_sitenote_category":0},"product_brand":[],"product_cat":[1530,1497],"product_tag":[652,654],"class_list":{"0":"post-12211","1":"product","2":"type-product","3":"status-publish","4":"has-post-thumbnail","6":"product_cat-oereringe","7":"product_cat-smykker","8":"product_tag-oereringe","9":"product_tag-smykker","11":"first","12":"instock","13":"shipping-taxable","14":"purchasable","15":"product-type-simple"},"yoast_head":"<!-- This site is optimized with the Yoast SEO plugin v27.5 - https:\/\/yoast.com\/product\/yoast-seo-wordpress\/ -->\n<title>S\u00f8lv grene \u00f8reringe | Sterling s\u00f8lv 925 | K\u00f8b online her | LOCS<\/title>\n<meta name=\"description\" content=\"K\u00f8b S\u00f8lv grene \u00f8reringe | Sterling s\u00f8lv 925 her | EU&#039;s st\u00f8rste udvalg af LOCS solbriller | Vi sender fra EU - Ingen ekstra import udgifter\" \/>\n<meta name=\"robots\" content=\"index, follow, max-snippet:-1, max-image-preview:large, max-video-preview:-1\" \/>\n<link rel=\"canonical\" href=\"https:\/\/locsshop.eu\/it\/shop\/soelv-grene-oereringe-sterling-soelv-925\/\" \/>\n<meta property=\"og:locale\" content=\"it_IT\" \/>\n<meta property=\"og:type\" content=\"article\" \/>\n<meta property=\"og:title\" content=\"S\u00f8lv grene \u00f8reringe | Sterling s\u00f8lv 925 | K\u00f8b online her | LOCS\" \/>\n<meta property=\"og:description\" content=\"K\u00f8b S\u00f8lv grene \u00f8reringe | Sterling s\u00f8lv 925 her | EU&#039;s st\u00f8rste udvalg af LOCS solbriller | Vi sender fra EU - Ingen ekstra import udgifter\" \/>\n<meta property=\"og:url\" content=\"https:\/\/locsshop.eu\/it\/shop\/soelv-grene-oereringe-sterling-soelv-925\/\" \/>\n<meta property=\"og:site_name\" content=\"Locs Sunglasses - LOCS Supplier in EU\" \/>\n<meta property=\"article:modified_time\" content=\"2026-05-11T20:43:39+00:00\" \/>\n<meta property=\"og:image\" content=\"https:\/\/locsshop.eu\/wp-content\/uploads\/2024\/03\/KST1834-1.jpg\" \/>\n\t<meta property=\"og:image:width\" content=\"800\" \/>\n\t<meta property=\"og:image:height\" content=\"800\" \/>\n\t<meta property=\"og:image:type\" content=\"image\/jpeg\" \/>\n<meta name=\"twitter:card\" content=\"summary_large_image\" \/>\n<meta name=\"twitter:label1\" content=\"Tempo di lettura stimato\" \/>\n\t<meta name=\"twitter:data1\" content=\"3 minuti\" \/>\n<script type=\"application\/ld+json\" class=\"yoast-schema-graph\">{\"@context\":\"https:\\\/\\\/schema.org\",\"@graph\":[{\"@type\":\"WebPage\",\"@id\":\"https:\\\/\\\/locsshop.eu\\\/shop\\\/soelv-grene-oereringe-sterling-soelv-925\\\/\",\"url\":\"https:\\\/\\\/locsshop.eu\\\/shop\\\/soelv-grene-oereringe-sterling-soelv-925\\\/\",\"name\":\"S\u00f8lv grene \u00f8reringe | Sterling s\u00f8lv 925 | K\u00f8b online her | LOCS\",\"isPartOf\":{\"@id\":\"https:\\\/\\\/locsshop.eu\\\/#website\"},\"primaryImageOfPage\":{\"@id\":\"https:\\\/\\\/locsshop.eu\\\/shop\\\/soelv-grene-oereringe-sterling-soelv-925\\\/#primaryimage\"},\"image\":{\"@id\":\"https:\\\/\\\/locsshop.eu\\\/shop\\\/soelv-grene-oereringe-sterling-soelv-925\\\/#primaryimage\"},\"thumbnailUrl\":\"https:\\\/\\\/locsshop.eu\\\/wp-content\\\/uploads\\\/2024\\\/03\\\/KST1834-1.jpg\",\"datePublished\":\"2024-03-03T13:21:09+00:00\",\"dateModified\":\"2026-05-11T20:43:39+00:00\",\"description\":\"K\u00f8b S\u00f8lv grene \u00f8reringe | Sterling s\u00f8lv 925 her | EU's st\u00f8rste udvalg af LOCS solbriller | Vi sender fra EU - Ingen ekstra import udgifter\",\"breadcrumb\":{\"@id\":\"https:\\\/\\\/locsshop.eu\\\/shop\\\/soelv-grene-oereringe-sterling-soelv-925\\\/#breadcrumb\"},\"inLanguage\":\"it-IT\",\"potentialAction\":[{\"@type\":\"ReadAction\",\"target\":[\"https:\\\/\\\/locsshop.eu\\\/shop\\\/soelv-grene-oereringe-sterling-soelv-925\\\/\"]}]},{\"@type\":\"ImageObject\",\"inLanguage\":\"it-IT\",\"@id\":\"https:\\\/\\\/locsshop.eu\\\/shop\\\/soelv-grene-oereringe-sterling-soelv-925\\\/#primaryimage\",\"url\":\"https:\\\/\\\/locsshop.eu\\\/wp-content\\\/uploads\\\/2024\\\/03\\\/KST1834-1.jpg\",\"contentUrl\":\"https:\\\/\\\/locsshop.eu\\\/wp-content\\\/uploads\\\/2024\\\/03\\\/KST1834-1.jpg\",\"width\":800,\"height\":800},{\"@type\":\"BreadcrumbList\",\"@id\":\"https:\\\/\\\/locsshop.eu\\\/shop\\\/soelv-grene-oereringe-sterling-soelv-925\\\/#breadcrumb\",\"itemListElement\":[{\"@type\":\"ListItem\",\"position\":1,\"name\":\"Hjem\",\"item\":\"https:\\\/\\\/locsshop.eu\\\/\"},{\"@type\":\"ListItem\",\"position\":2,\"name\":\"Shop\",\"item\":\"https:\\\/\\\/locsshop.eu\\\/shop\\\/\"},{\"@type\":\"ListItem\",\"position\":3,\"name\":\"S\u00f8lv grene \u00f8reringe | Sterling s\u00f8lv 925\"}]},{\"@type\":\"WebSite\",\"@id\":\"https:\\\/\\\/locsshop.eu\\\/#website\",\"url\":\"https:\\\/\\\/locsshop.eu\\\/\",\"name\":\"Locs Sunglasses - LOCS Supplier in EU\",\"description\":\"We sell cheap LOCS Sunglasses\",\"publisher\":{\"@id\":\"https:\\\/\\\/locsshop.eu\\\/#organization\"},\"potentialAction\":[{\"@type\":\"SearchAction\",\"target\":{\"@type\":\"EntryPoint\",\"urlTemplate\":\"https:\\\/\\\/locsshop.eu\\\/?s={search_term_string}\"},\"query-input\":{\"@type\":\"PropertyValueSpecification\",\"valueRequired\":true,\"valueName\":\"search_term_string\"}}],\"inLanguage\":\"it-IT\"},{\"@type\":\"Organization\",\"@id\":\"https:\\\/\\\/locsshop.eu\\\/#organization\",\"name\":\"Locsshop.eu\",\"url\":\"https:\\\/\\\/locsshop.eu\\\/\",\"logo\":{\"@type\":\"ImageObject\",\"inLanguage\":\"it-IT\",\"@id\":\"https:\\\/\\\/locsshop.eu\\\/#\\\/schema\\\/logo\\\/image\\\/\",\"url\":\"https:\\\/\\\/locsshop.eu\\\/wp-content\\\/uploads\\\/2022\\\/02\\\/Locsshop-logo.png\",\"contentUrl\":\"https:\\\/\\\/locsshop.eu\\\/wp-content\\\/uploads\\\/2022\\\/02\\\/Locsshop-logo.png\",\"width\":930,\"height\":200,\"caption\":\"Locsshop.eu\"},\"image\":{\"@id\":\"https:\\\/\\\/locsshop.eu\\\/#\\\/schema\\\/logo\\\/image\\\/\"}}]}<\/script>\n<!-- \/ Yoast SEO plugin. -->","yoast_head_json":{"title":"Orecchini ramo d&#039;argento | Argento sterling 925 | Acquista online qui | LOC","description":"Acquista Orecchini a ramo d&#039;argento | Argento sterling 925 qui | La pi\u00f9 vasta selezione di occhiali da sole LOCS nell&#039;UE | Spediamo dall&#039;UE - Nessun costo di importazione aggiuntivo","robots":{"index":"index","follow":"follow","max-snippet":"max-snippet:-1","max-image-preview":"max-image-preview:large","max-video-preview":"max-video-preview:-1"},"canonical":"https:\/\/locsshop.eu\/it\/shop\/soelv-grene-oereringe-sterling-soelv-925\/","og_locale":"it_IT","og_type":"article","og_title":"S\u00f8lv grene \u00f8reringe | Sterling s\u00f8lv 925 | K\u00f8b online her | LOCS","og_description":"K\u00f8b S\u00f8lv grene \u00f8reringe | Sterling s\u00f8lv 925 her | EU's st\u00f8rste udvalg af LOCS solbriller | Vi sender fra EU - Ingen ekstra import udgifter","og_url":"https:\/\/locsshop.eu\/it\/shop\/soelv-grene-oereringe-sterling-soelv-925\/","og_site_name":"Locs Sunglasses - LOCS Supplier in EU","article_modified_time":"2026-05-11T20:43:39+00:00","og_image":[{"width":800,"height":800,"url":"https:\/\/locsshop.eu\/wp-content\/uploads\/2024\/03\/KST1834-1.jpg","type":"image\/jpeg"}],"twitter_card":"summary_large_image","twitter_misc":{"Tempo di lettura stimato":"3 minuti"},"schema":{"@context":"https:\/\/schema.org","@graph":[{"@type":"WebPage","@id":"https:\/\/locsshop.eu\/shop\/soelv-grene-oereringe-sterling-soelv-925\/","url":"https:\/\/locsshop.eu\/shop\/soelv-grene-oereringe-sterling-soelv-925\/","name":"Orecchini ramo d&#039;argento | Argento sterling 925 | Acquista online qui | LOC","isPartOf":{"@id":"https:\/\/locsshop.eu\/#website"},"primaryImageOfPage":{"@id":"https:\/\/locsshop.eu\/shop\/soelv-grene-oereringe-sterling-soelv-925\/#primaryimage"},"image":{"@id":"https:\/\/locsshop.eu\/shop\/soelv-grene-oereringe-sterling-soelv-925\/#primaryimage"},"thumbnailUrl":"https:\/\/locsshop.eu\/wp-content\/uploads\/2024\/03\/KST1834-1.jpg","datePublished":"2024-03-03T13:21:09+00:00","dateModified":"2026-05-11T20:43:39+00:00","description":"Acquista Orecchini a ramo d&#039;argento | Argento sterling 925 qui | La pi\u00f9 vasta selezione di occhiali da sole LOCS nell&#039;UE | Spediamo dall&#039;UE - Nessun costo di importazione aggiuntivo","breadcrumb":{"@id":"https:\/\/locsshop.eu\/shop\/soelv-grene-oereringe-sterling-soelv-925\/#breadcrumb"},"inLanguage":"it-IT","potentialAction":[{"@type":"ReadAction","target":["https:\/\/locsshop.eu\/shop\/soelv-grene-oereringe-sterling-soelv-925\/"]}]},{"@type":"ImageObject","inLanguage":"it-IT","@id":"https:\/\/locsshop.eu\/shop\/soelv-grene-oereringe-sterling-soelv-925\/#primaryimage","url":"https:\/\/locsshop.eu\/wp-content\/uploads\/2024\/03\/KST1834-1.jpg","contentUrl":"https:\/\/locsshop.eu\/wp-content\/uploads\/2024\/03\/KST1834-1.jpg","width":800,"height":800},{"@type":"BreadcrumbList","@id":"https:\/\/locsshop.eu\/shop\/soelv-grene-oereringe-sterling-soelv-925\/#breadcrumb","itemListElement":[{"@type":"ListItem","position":1,"name":"Hjem","item":"https:\/\/locsshop.eu\/"},{"@type":"ListItem","position":2,"name":"Shop","item":"https:\/\/locsshop.eu\/shop\/"},{"@type":"ListItem","position":3,"name":"S\u00f8lv grene \u00f8reringe | Sterling s\u00f8lv 925"}]},{"@type":"WebSite","@id":"https:\/\/locsshop.eu\/#website","url":"https:\/\/locsshop.eu\/","name":"Occhiali da sole Locs - Fornitore LOCS nell&#039;UE","description":"Vendiamo occhiali da sole LOCS economici","publisher":{"@id":"https:\/\/locsshop.eu\/#organization"},"potentialAction":[{"@type":"SearchAction","target":{"@type":"EntryPoint","urlTemplate":"https:\/\/locsshop.eu\/?s={search_term_string}"},"query-input":{"@type":"PropertyValueSpecification","valueRequired":true,"valueName":"search_term_string"}}],"inLanguage":"it-IT"},{"@type":"Organization","@id":"https:\/\/locsshop.eu\/#organization","name":"Locsshop.eu","url":"https:\/\/locsshop.eu\/","logo":{"@type":"ImageObject","inLanguage":"it-IT","@id":"https:\/\/locsshop.eu\/#\/schema\/logo\/image\/","url":"https:\/\/locsshop.eu\/wp-content\/uploads\/2022\/02\/Locsshop-logo.png","contentUrl":"https:\/\/locsshop.eu\/wp-content\/uploads\/2022\/02\/Locsshop-logo.png","width":930,"height":200,"caption":"Locsshop.eu"},"image":{"@id":"https:\/\/locsshop.eu\/#\/schema\/logo\/image\/"}}]}},"_links":{"self":[{"href":"https:\/\/locsshop.eu\/it\/wp-json\/wp\/v2\/product\/12211","targetHints":{"allow":["GET"]}}],"collection":[{"href":"https:\/\/locsshop.eu\/it\/wp-json\/wp\/v2\/product"}],"about":[{"href":"https:\/\/locsshop.eu\/it\/wp-json\/wp\/v2\/types\/product"}],"replies":[{"embeddable":true,"href":"https:\/\/locsshop.eu\/it\/wp-json\/wp\/v2\/comments?post=12211"}],"wp:featuredmedia":[{"embeddable":true,"href":"https:\/\/locsshop.eu\/it\/wp-json\/wp\/v2\/media\/12208"}],"wp:attachment":[{"href":"https:\/\/locsshop.eu\/it\/wp-json\/wp\/v2\/media?parent=12211"}],"wp:term":[{"taxonomy":"product_brand","embeddable":true,"href":"https:\/\/locsshop.eu\/it\/wp-json\/wp\/v2\/product_brand?post=12211"},{"taxonomy":"product_cat","embeddable":true,"href":"https:\/\/locsshop.eu\/it\/wp-json\/wp\/v2\/product_cat?post=12211"},{"taxonomy":"product_tag","embeddable":true,"href":"https:\/\/locsshop.eu\/it\/wp-json\/wp\/v2\/product_tag?post=12211"}],"curies":[{"name":"parola chiave","href":"https:\/\/api.w.org\/{rel}","templated":true}]}}