{"id":12259,"date":"2024-03-20T22:59:18","date_gmt":"2024-03-20T21:59:18","guid":{"rendered":"https:\/\/locsshop.eu\/da\/shop\/matsorte-hurtigbriller-sportssolbriller-med-blaa-spejlglas-lombardia\/"},"modified":"2024-04-07T16:55:35","modified_gmt":"2024-04-07T14:55:35","slug":"matsorte-hurtigbriller-sportssolbriller-med-blaa-spejlglas-lombardia","status":"publish","type":"product","link":"https:\/\/locsshop.eu\/it\/shop\/matsorte-hurtigbriller-sportssolbriller-med-blaa-spejlglas-lombardia\/","title":{"rendered":"Occhiali da velocit\u00e0 \/ occhiali da sole sportivi neri opachi con lenti a specchio blu | Lombardia"},"content":{"rendered":"<p><strong>Prestazioni ottimali con i nostri occhiali da sole sportivi: visione perfetta, ovunque tu vada!<\/strong><\/p>\n<p>Preparati a portare le tue prestazioni a nuovi livelli con i nostri occhiali da sole sportivi di alta qualit\u00e0. Che tu sia un atleta professionista, un appassionato sportivo o semplicemente ami le attivit\u00e0 all&#039;aria aperta, i nostri occhiali da sole sono progettati per offrire la combinazione definitiva di stile, protezione e prestazioni.<\/p>\n<p><strong>Perch\u00e9 i nostri occhiali da sole sportivi si distinguono:<\/strong><\/p>\n<ol>\n<li><strong>Protezione avanzata:<\/strong> Proteggi i tuoi occhi dai dannosi raggi UV, dal vento, dalla polvere e dagli insetti con i nostri occhiali da sole sportivi avanzati. Diamo priorit\u00e0 alla sicurezza e alla salute dei tuoi occhi, cos\u00ec potrai concentrarti indisturbato sulle tue prestazioni.<\/li>\n<li><strong>Costruzione durevole:<\/strong> Comprendiamo l&#039;importanza della durabilit\u00e0 quando si tratta di attrezzature sportive. I nostri occhiali da sole sono realizzati con materiali durevoli e un design leggero che ti offre comfort e affidabilit\u00e0 per tutto il giorno.<\/li>\n<li><strong>Design elegante:<\/strong> Oltre a offrire prestazioni al top, i nostri occhiali da sole sportivi sono anche progettati per essere eleganti e moderni. Indipendentemente dal tuo stile e dalle tue preferenze, abbiamo occhiali da sole che si adattano alla tua personalit\u00e0 e ti regalano un look raffinato durante l&#039;allenamento o nel tempo libero.<\/li>\n<\/ol>\n<p><strong>Perch\u00e9 scegliere i nostri occhiali da sole sportivi?<\/strong><\/p>\n<ul>\n<li><strong>Visione migliorata:<\/strong> Ottimizza le tue prestazioni con una visione nitida e un abbagliamento ridotto.<\/li>\n<li><strong>Protezione:<\/strong> La sicurezza prima di tutto: proteggi i tuoi occhi dai raggi nocivi del sole e dagli elementi esterni.<\/li>\n<li><strong>Comfort:<\/strong> Il design leggero e le caratteristiche regolabili garantiscono una vestibilit\u00e0 comoda per tutto il giorno.<\/li>\n<li><strong>Stile:<\/strong> Fai una dichiarazione di moda con i nostri eleganti occhiali da sole sportivi adatti al tuo stile di vita attivo.<\/li>\n<\/ul>\n<p>Porta i tuoi allenamenti e le tue avventure all&#039;aria aperta a un livello superiore con i nostri occhiali da sole sportivi. Sperimenta la perfetta combinazione di stile, protezione e prestazioni e preparati a vedere il mondo sotto una luce completamente nuova!<\/p>\n<p>&nbsp;<\/p>\n<h4>Materiale: <strong>Vetro in plastica e policarbonato<\/strong><\/h4>\n<p>&nbsp;<\/p>\n<h3><strong>Gli occhiali da sole sono polarizzati<br \/>\n<img loading=\"lazy\" decoding=\"async\" class=\"alignnone size-full wp-image-11712\" src=\"https:\/\/bazarsalg.dk\/wp-content\/uploads\/polarized-logo.jpg\" alt=\"\" width=\"200\" height=\"108\" \/><br \/>\n<\/strong><\/h3>\n<p><em>Gli occhiali da sole polarizzati sono un tipo popolare di occhiali da sole progettati per ridurre l&#039;abbagliamento da superfici riflettenti come acqua, neve o superfici stradali. Ci\u00f2 si ottiene utilizzando una pellicola polarizzante che blocca le onde luminose che viaggiano su un asse specifico. Ci\u00f2 riduce i riflessi e fornisce una visione pi\u00f9 chiara e dettagliata, soprattutto in pieno sole. \u00c8 una buona idea scegliere occhiali da sole polarizzati se trascorri molto tempo all&#039;aria aperta, soprattutto vicino all&#039;acqua o in attivit\u00e0 come lo sci o il ciclismo.<br \/>\nPertanto, questi occhiali da sole sono ottimi anche per la pesca poich\u00e9 puoi vedere l&#039;acqua in modo pi\u00f9 chiaro e perfetto quando remi in kayak o altre attivit\u00e0 di vela.<\/em><\/p>\n<p>&nbsp;<\/p>\n<h3>Gli occhiali da sole sono super cool tutto l&#039;anno e super trendy.<br \/>\nOcchiali da sole Speed \u2013 Occhiali da sole da bici \u2013 Occhiali da sole da pesca \u2013 Occhiali da sole da festival \u2013 Occhiali da sole sportivi, s\u00ec caro bambino ha molti nomi\u2026<\/h3>\n<p>&nbsp;<\/p>\n<p>&nbsp;<\/p>\n<table style=\"width: 100%;border-collapse: collapse;border-style: dashed\" border=\"1\">\n<tbody>\n<tr>\n<td style=\"width: 100%\">\n<h2 style=\"text-align: center\"><strong>La dimensione degli occhiali da sole<\/strong><\/h2>\n<\/td>\n<\/tr>\n<\/tbody>\n<\/table>\n<table style=\"width: 100%;border-collapse: collapse;border-style: hidden;margin-left: auto;margin-right: auto\" border=\"1\" cellspacing=\"20\" cellpadding=\"20\">\n<tbody>\n<tr>\n<td style=\"width: 33.3333%;text-align: center\"><strong><img decoding=\"async\" src=\"https:\/\/bazarsalg.dk\/wp-content\/uploads\/bredde.png\" \/><\/strong><\/td>\n<td style=\"width: 33.3333%;text-align: center\"><strong>Larghezza<\/strong><\/td>\n<td style=\"width: 33.3333%;text-align: center\"><strong>13,2 cm.<\/strong><\/td>\n<\/tr>\n<tr>\n<td style=\"width: 33.3333%;text-align: center\"><strong><img decoding=\"async\" src=\"https:\/\/bazarsalg.dk\/wp-content\/uploads\/hoejde.png\" \/><\/strong><\/td>\n<td style=\"width: 33.3333%;text-align: center\"><strong>Altezza<\/strong><\/td>\n<td style=\"width: 33.3333%;text-align: center\"><strong>4,2 cm.<\/strong><\/td>\n<\/tr>\n<tr>\n<td style=\"width: 33.3333%;text-align: center\"><strong><img decoding=\"async\" src=\"https:\/\/bazarsalg.dk\/wp-content\/uploads\/stang.png\" \/><\/strong><\/td>\n<td style=\"width: 33.3333%;text-align: center\"><strong>Lunghezza lente<\/strong><\/td>\n<td style=\"width: 33.3333%;text-align: center\"><strong>12,9 cm.<\/strong><\/td>\n<\/tr>\n<tr>\n<td style=\"width: 33.3333%;text-align: center\"><strong><img decoding=\"async\" src=\"https:\/\/bazarsalg.dk\/wp-content\/uploads\/glas-bredde.png\" \/><\/strong><\/td>\n<td style=\"width: 33.3333%;text-align: center\"><strong>Larghezza vetro<\/strong><\/td>\n<td style=\"width: 33.3333%;text-align: center\"><strong>7 cm.<\/strong><\/td>\n<\/tr>\n<tr>\n<td style=\"width: 33.3333%;text-align: center\"><strong><img decoding=\"async\" src=\"https:\/\/bazarsalg.dk\/wp-content\/uploads\/bredde-naese.png\" \/><\/strong><\/td>\n<td style=\"width: 33.3333%;text-align: center\"><strong>Spazio tra i vetri<\/strong><\/td>\n<td style=\"width: 33.3333%;text-align: center\"><strong>2 cm.<\/strong><\/td>\n<\/tr>\n<\/tbody>\n<\/table>\n<p>&nbsp;<\/p>\n<p><strong>\u00a0<\/strong><\/p>\n<table style=\"width: 100%;border-collapse: collapse;border-style: hidden;margin-left: auto;margin-right: auto\" border=\"1\" cellspacing=\"50\" cellpadding=\"20\">\n<caption>\u00a0<\/caption>\n<caption>\u00a0<\/caption>\n<tbody>\n<tr>\n<td style=\"width: 25%;text-align: center\"><img decoding=\"async\" class=\"aligncenter\" src=\"https:\/\/bazarsalg.dk\/wp-content\/uploads\/UV.png\" \/><\/td>\n<td style=\"width: 25%;text-align: center\"><img decoding=\"async\" src=\"https:\/\/bazarsalg.dk\/wp-content\/uploads\/ce.png\" \/><\/td>\n<td style=\"width: 25%;text-align: center\"><img decoding=\"async\" src=\"https:\/\/bazarsalg.dk\/wp-content\/uploads\/box.png\" \/><\/td>\n<\/tr>\n<tr>\n<td style=\"width: 25%;text-align: center\"><strong>Gli occhiali da sole hanno una protezione UV400<\/strong><\/p>\n<p>Blocca dal 99 al 100 percento di tutti i raggi UVA e UVB e protegge gli occhi dai raggi del sole.<\/td>\n<td style=\"width: 25%;text-align: center\"><strong>Omologato CE <\/strong><\/p>\n<p>Gli occhiali da sole soddisfano tutti i requisiti legali nell&#039;UE, il che garantisce che i tuoi occhiali da sole siano testati e approvati.<\/td>\n<td style=\"width: 25%;text-align: center\"><strong>Inviato in una scatola di cartone in modo che non si rompano <\/strong><\/p>\n<p>Imballiamo sempre gli occhiali da sole in modo sicuro in modo che arrivino in buone condizioni.<\/td>\n<\/tr>\n<\/tbody>\n<\/table>","protected":false},"excerpt":{"rendered":"<p><strong>Cornice nera opaca<\/strong><br \/>\n<strong>Gomma sulla barra per una migliore aderenza<br \/>\nVetro polarizzato per una visibilit\u00e0 ottimale<br \/>\nVetro a specchio blu<\/strong><\/p>\n<p><em>Omologato CE<\/em><br \/>\n<em>Protezione UV400<\/em><\/p>","protected":false},"featured_media":12258,"comment_status":"open","ping_status":"closed","template":"","meta":{"om_disable_all_campaigns":false,"_monsterinsights_skip_tracking":false,"_monsterinsights_sitenote_active":false,"_monsterinsights_sitenote_note":"","_monsterinsights_sitenote_category":0},"product_brand":[],"product_cat":[1026,1029,1025,1046,1546],"product_tag":[1547,1548,870],"class_list":{"0":"post-12259","1":"product","2":"type-product","3":"status-publish","4":"has-post-thumbnail","6":"product_cat-dame-solbriller","7":"product_cat-herre-solbriller","8":"product_cat-billige-solbriller","9":"product_cat-cykelbriller","10":"product_cat-hurtigbriller","11":"product_tag-cykelsolbriller","12":"product_tag-hurtigbriller","13":"product_tag-p693","15":"first","16":"instock","17":"shipping-taxable","18":"purchasable","19":"product-type-simple"},"yoast_head":"<!-- This site is optimized with the Yoast SEO plugin v27.5 - https:\/\/yoast.com\/product\/yoast-seo-wordpress\/ -->\n<title>Matsorte hurtigbriller \/ sportssolbriller med bl\u00e5 spejlglas | Lombardia | K\u00f8b online her | LOCS<\/title>\n<meta name=\"description\" content=\"K\u00f8b Matsorte hurtigbriller \/ sportssolbriller med bl\u00e5 spejlglas | Lombardia her | EU&#039;s st\u00f8rste udvalg af LOCS solbriller | Vi sender fra EU - Ingen ekstra import udgifter\" \/>\n<meta name=\"robots\" content=\"index, follow, max-snippet:-1, max-image-preview:large, max-video-preview:-1\" \/>\n<link rel=\"canonical\" href=\"https:\/\/locsshop.eu\/it\/shop\/matsorte-hurtigbriller-sportssolbriller-med-blaa-spejlglas-lombardia\/\" \/>\n<meta property=\"og:locale\" content=\"it_IT\" \/>\n<meta property=\"og:type\" content=\"article\" \/>\n<meta property=\"og:title\" content=\"Matsorte hurtigbriller \/ sportssolbriller med bl\u00e5 spejlglas | Lombardia | K\u00f8b online her | LOCS\" \/>\n<meta property=\"og:description\" content=\"K\u00f8b Matsorte hurtigbriller \/ sportssolbriller med bl\u00e5 spejlglas | Lombardia her | EU&#039;s st\u00f8rste udvalg af LOCS solbriller | Vi sender fra EU - Ingen ekstra import udgifter\" \/>\n<meta property=\"og:url\" content=\"https:\/\/locsshop.eu\/it\/shop\/matsorte-hurtigbriller-sportssolbriller-med-blaa-spejlglas-lombardia\/\" \/>\n<meta property=\"og:site_name\" content=\"Locs Sunglasses - LOCS Supplier in EU\" \/>\n<meta property=\"article:modified_time\" content=\"2024-04-07T14:55:35+00:00\" \/>\n<meta property=\"og:image\" content=\"https:\/\/locsshop.eu\/wp-content\/uploads\/2024\/03\/BM6037A-BE.jpg\" \/>\n\t<meta property=\"og:image:width\" content=\"800\" \/>\n\t<meta property=\"og:image:height\" content=\"800\" \/>\n\t<meta property=\"og:image:type\" content=\"image\/jpeg\" \/>\n<meta name=\"twitter:card\" content=\"summary_large_image\" \/>\n<meta name=\"twitter:label1\" content=\"Tempo di lettura stimato\" \/>\n\t<meta name=\"twitter:data1\" content=\"3 minuti\" \/>\n<script type=\"application\/ld+json\" class=\"yoast-schema-graph\">{\"@context\":\"https:\\\/\\\/schema.org\",\"@graph\":[{\"@type\":\"WebPage\",\"@id\":\"https:\\\/\\\/locsshop.eu\\\/shop\\\/matsorte-hurtigbriller-sportssolbriller-med-blaa-spejlglas-lombardia\\\/\",\"url\":\"https:\\\/\\\/locsshop.eu\\\/shop\\\/matsorte-hurtigbriller-sportssolbriller-med-blaa-spejlglas-lombardia\\\/\",\"name\":\"Matsorte hurtigbriller \\\/ sportssolbriller med bl\u00e5 spejlglas | Lombardia | K\u00f8b online her | LOCS\",\"isPartOf\":{\"@id\":\"https:\\\/\\\/locsshop.eu\\\/#website\"},\"primaryImageOfPage\":{\"@id\":\"https:\\\/\\\/locsshop.eu\\\/shop\\\/matsorte-hurtigbriller-sportssolbriller-med-blaa-spejlglas-lombardia\\\/#primaryimage\"},\"image\":{\"@id\":\"https:\\\/\\\/locsshop.eu\\\/shop\\\/matsorte-hurtigbriller-sportssolbriller-med-blaa-spejlglas-lombardia\\\/#primaryimage\"},\"thumbnailUrl\":\"https:\\\/\\\/locsshop.eu\\\/wp-content\\\/uploads\\\/2024\\\/03\\\/BM6037A-BE.jpg\",\"datePublished\":\"2024-03-20T21:59:18+00:00\",\"dateModified\":\"2024-04-07T14:55:35+00:00\",\"description\":\"K\u00f8b Matsorte hurtigbriller \\\/ sportssolbriller med bl\u00e5 spejlglas | Lombardia her | EU's st\u00f8rste udvalg af LOCS solbriller | Vi sender fra EU - Ingen ekstra import udgifter\",\"breadcrumb\":{\"@id\":\"https:\\\/\\\/locsshop.eu\\\/shop\\\/matsorte-hurtigbriller-sportssolbriller-med-blaa-spejlglas-lombardia\\\/#breadcrumb\"},\"inLanguage\":\"it-IT\",\"potentialAction\":[{\"@type\":\"ReadAction\",\"target\":[\"https:\\\/\\\/locsshop.eu\\\/shop\\\/matsorte-hurtigbriller-sportssolbriller-med-blaa-spejlglas-lombardia\\\/\"]}]},{\"@type\":\"ImageObject\",\"inLanguage\":\"it-IT\",\"@id\":\"https:\\\/\\\/locsshop.eu\\\/shop\\\/matsorte-hurtigbriller-sportssolbriller-med-blaa-spejlglas-lombardia\\\/#primaryimage\",\"url\":\"https:\\\/\\\/locsshop.eu\\\/wp-content\\\/uploads\\\/2024\\\/03\\\/BM6037A-BE.jpg\",\"contentUrl\":\"https:\\\/\\\/locsshop.eu\\\/wp-content\\\/uploads\\\/2024\\\/03\\\/BM6037A-BE.jpg\",\"width\":800,\"height\":800},{\"@type\":\"BreadcrumbList\",\"@id\":\"https:\\\/\\\/locsshop.eu\\\/shop\\\/matsorte-hurtigbriller-sportssolbriller-med-blaa-spejlglas-lombardia\\\/#breadcrumb\",\"itemListElement\":[{\"@type\":\"ListItem\",\"position\":1,\"name\":\"Hjem\",\"item\":\"https:\\\/\\\/locsshop.eu\\\/\"},{\"@type\":\"ListItem\",\"position\":2,\"name\":\"Shop\",\"item\":\"https:\\\/\\\/locsshop.eu\\\/shop\\\/\"},{\"@type\":\"ListItem\",\"position\":3,\"name\":\"Matsorte hurtigbriller \\\/ sportssolbriller med bl\u00e5 spejlglas | Lombardia\"}]},{\"@type\":\"WebSite\",\"@id\":\"https:\\\/\\\/locsshop.eu\\\/#website\",\"url\":\"https:\\\/\\\/locsshop.eu\\\/\",\"name\":\"Locs Sunglasses - LOCS Supplier in EU\",\"description\":\"We sell cheap LOCS Sunglasses\",\"publisher\":{\"@id\":\"https:\\\/\\\/locsshop.eu\\\/#organization\"},\"potentialAction\":[{\"@type\":\"SearchAction\",\"target\":{\"@type\":\"EntryPoint\",\"urlTemplate\":\"https:\\\/\\\/locsshop.eu\\\/?s={search_term_string}\"},\"query-input\":{\"@type\":\"PropertyValueSpecification\",\"valueRequired\":true,\"valueName\":\"search_term_string\"}}],\"inLanguage\":\"it-IT\"},{\"@type\":\"Organization\",\"@id\":\"https:\\\/\\\/locsshop.eu\\\/#organization\",\"name\":\"Locsshop.eu\",\"url\":\"https:\\\/\\\/locsshop.eu\\\/\",\"logo\":{\"@type\":\"ImageObject\",\"inLanguage\":\"it-IT\",\"@id\":\"https:\\\/\\\/locsshop.eu\\\/#\\\/schema\\\/logo\\\/image\\\/\",\"url\":\"https:\\\/\\\/locsshop.eu\\\/wp-content\\\/uploads\\\/2022\\\/02\\\/Locsshop-logo.png\",\"contentUrl\":\"https:\\\/\\\/locsshop.eu\\\/wp-content\\\/uploads\\\/2022\\\/02\\\/Locsshop-logo.png\",\"width\":930,\"height\":200,\"caption\":\"Locsshop.eu\"},\"image\":{\"@id\":\"https:\\\/\\\/locsshop.eu\\\/#\\\/schema\\\/logo\\\/image\\\/\"}}]}<\/script>\n<!-- \/ Yoast SEO plugin. -->","yoast_head_json":{"title":"Occhiali da velocit\u00e0 \/ occhiali da sole sportivi neri opachi con lenti a specchio blu | Lombardia | Acquista online qui | LOC","description":"Acquista Occhiali da velocit\u00e0 \/ occhiali da sole sportivi neri opachi con lenti a specchio blu | Lombardia qui | La pi\u00f9 vasta selezione di occhiali da sole LOCS nell&#039;UE | Spediamo dall&#039;UE - Nessun costo di importazione aggiuntivo","robots":{"index":"index","follow":"follow","max-snippet":"max-snippet:-1","max-image-preview":"max-image-preview:large","max-video-preview":"max-video-preview:-1"},"canonical":"https:\/\/locsshop.eu\/it\/shop\/matsorte-hurtigbriller-sportssolbriller-med-blaa-spejlglas-lombardia\/","og_locale":"it_IT","og_type":"article","og_title":"Matsorte hurtigbriller \/ sportssolbriller med bl\u00e5 spejlglas | Lombardia | K\u00f8b online her | LOCS","og_description":"K\u00f8b Matsorte hurtigbriller \/ sportssolbriller med bl\u00e5 spejlglas | Lombardia her | EU's st\u00f8rste udvalg af LOCS solbriller | Vi sender fra EU - Ingen ekstra import udgifter","og_url":"https:\/\/locsshop.eu\/it\/shop\/matsorte-hurtigbriller-sportssolbriller-med-blaa-spejlglas-lombardia\/","og_site_name":"Locs Sunglasses - LOCS Supplier in EU","article_modified_time":"2024-04-07T14:55:35+00:00","og_image":[{"width":800,"height":800,"url":"https:\/\/locsshop.eu\/wp-content\/uploads\/2024\/03\/BM6037A-BE.jpg","type":"image\/jpeg"}],"twitter_card":"summary_large_image","twitter_misc":{"Tempo di lettura stimato":"3 minuti"},"schema":{"@context":"https:\/\/schema.org","@graph":[{"@type":"WebPage","@id":"https:\/\/locsshop.eu\/shop\/matsorte-hurtigbriller-sportssolbriller-med-blaa-spejlglas-lombardia\/","url":"https:\/\/locsshop.eu\/shop\/matsorte-hurtigbriller-sportssolbriller-med-blaa-spejlglas-lombardia\/","name":"Occhiali da velocit\u00e0 \/ occhiali da sole sportivi neri opachi con lenti a specchio blu | Lombardia | Acquista online qui | LOC","isPartOf":{"@id":"https:\/\/locsshop.eu\/#website"},"primaryImageOfPage":{"@id":"https:\/\/locsshop.eu\/shop\/matsorte-hurtigbriller-sportssolbriller-med-blaa-spejlglas-lombardia\/#primaryimage"},"image":{"@id":"https:\/\/locsshop.eu\/shop\/matsorte-hurtigbriller-sportssolbriller-med-blaa-spejlglas-lombardia\/#primaryimage"},"thumbnailUrl":"https:\/\/locsshop.eu\/wp-content\/uploads\/2024\/03\/BM6037A-BE.jpg","datePublished":"2024-03-20T21:59:18+00:00","dateModified":"2024-04-07T14:55:35+00:00","description":"Acquista Occhiali da velocit\u00e0 \/ occhiali da sole sportivi neri opachi con lenti a specchio blu | Lombardia qui | La pi\u00f9 vasta selezione di occhiali da sole LOCS nell&#039;UE | Spediamo dall&#039;UE - Nessun costo di importazione aggiuntivo","breadcrumb":{"@id":"https:\/\/locsshop.eu\/shop\/matsorte-hurtigbriller-sportssolbriller-med-blaa-spejlglas-lombardia\/#breadcrumb"},"inLanguage":"it-IT","potentialAction":[{"@type":"ReadAction","target":["https:\/\/locsshop.eu\/shop\/matsorte-hurtigbriller-sportssolbriller-med-blaa-spejlglas-lombardia\/"]}]},{"@type":"ImageObject","inLanguage":"it-IT","@id":"https:\/\/locsshop.eu\/shop\/matsorte-hurtigbriller-sportssolbriller-med-blaa-spejlglas-lombardia\/#primaryimage","url":"https:\/\/locsshop.eu\/wp-content\/uploads\/2024\/03\/BM6037A-BE.jpg","contentUrl":"https:\/\/locsshop.eu\/wp-content\/uploads\/2024\/03\/BM6037A-BE.jpg","width":800,"height":800},{"@type":"BreadcrumbList","@id":"https:\/\/locsshop.eu\/shop\/matsorte-hurtigbriller-sportssolbriller-med-blaa-spejlglas-lombardia\/#breadcrumb","itemListElement":[{"@type":"ListItem","position":1,"name":"Hjem","item":"https:\/\/locsshop.eu\/"},{"@type":"ListItem","position":2,"name":"Shop","item":"https:\/\/locsshop.eu\/shop\/"},{"@type":"ListItem","position":3,"name":"Matsorte hurtigbriller \/ sportssolbriller med bl\u00e5 spejlglas | Lombardia"}]},{"@type":"WebSite","@id":"https:\/\/locsshop.eu\/#website","url":"https:\/\/locsshop.eu\/","name":"Occhiali da sole Locs - Fornitore LOCS nell&#039;UE","description":"Vendiamo occhiali da sole LOCS economici","publisher":{"@id":"https:\/\/locsshop.eu\/#organization"},"potentialAction":[{"@type":"SearchAction","target":{"@type":"EntryPoint","urlTemplate":"https:\/\/locsshop.eu\/?s={search_term_string}"},"query-input":{"@type":"PropertyValueSpecification","valueRequired":true,"valueName":"search_term_string"}}],"inLanguage":"it-IT"},{"@type":"Organization","@id":"https:\/\/locsshop.eu\/#organization","name":"Locsshop.eu","url":"https:\/\/locsshop.eu\/","logo":{"@type":"ImageObject","inLanguage":"it-IT","@id":"https:\/\/locsshop.eu\/#\/schema\/logo\/image\/","url":"https:\/\/locsshop.eu\/wp-content\/uploads\/2022\/02\/Locsshop-logo.png","contentUrl":"https:\/\/locsshop.eu\/wp-content\/uploads\/2022\/02\/Locsshop-logo.png","width":930,"height":200,"caption":"Locsshop.eu"},"image":{"@id":"https:\/\/locsshop.eu\/#\/schema\/logo\/image\/"}}]}},"_links":{"self":[{"href":"https:\/\/locsshop.eu\/it\/wp-json\/wp\/v2\/product\/12259","targetHints":{"allow":["GET"]}}],"collection":[{"href":"https:\/\/locsshop.eu\/it\/wp-json\/wp\/v2\/product"}],"about":[{"href":"https:\/\/locsshop.eu\/it\/wp-json\/wp\/v2\/types\/product"}],"replies":[{"embeddable":true,"href":"https:\/\/locsshop.eu\/it\/wp-json\/wp\/v2\/comments?post=12259"}],"wp:featuredmedia":[{"embeddable":true,"href":"https:\/\/locsshop.eu\/it\/wp-json\/wp\/v2\/media\/12258"}],"wp:attachment":[{"href":"https:\/\/locsshop.eu\/it\/wp-json\/wp\/v2\/media?parent=12259"}],"wp:term":[{"taxonomy":"product_brand","embeddable":true,"href":"https:\/\/locsshop.eu\/it\/wp-json\/wp\/v2\/product_brand?post=12259"},{"taxonomy":"product_cat","embeddable":true,"href":"https:\/\/locsshop.eu\/it\/wp-json\/wp\/v2\/product_cat?post=12259"},{"taxonomy":"product_tag","embeddable":true,"href":"https:\/\/locsshop.eu\/it\/wp-json\/wp\/v2\/product_tag?post=12259"}],"curies":[{"name":"parola chiave","href":"https:\/\/api.w.org\/{rel}","templated":true}]}}